{"id":44004,"date":"2021-09-20T20:17:55","date_gmt":"2021-09-20T20:17:55","guid":{"rendered":"https:\/\/aaknives.eu\/product\/nuga-kinkekarp\/"},"modified":"2024-09-24T10:49:06","modified_gmt":"2024-09-24T10:49:06","slug":"nuga-kinkekarp","status":"publish","type":"product","link":"https:\/\/aaknives.eu\/et\/product\/nuga-kinkekarp\/","title":{"rendered":"Nuga \u2013 kinkekarp!"},"content":{"rendered":"<p>Nuga \u2013 kinkekarp!<br \/>\nMaterjal: puit<br \/>\nPikkus (mm): 330 \/ 12,90 tolli<br \/>\nLaius (mm): 93 \/ 3,66 tolli<br \/>\nK\u00f5rgus (mm): 80 \/ 3,14 tolli<\/p>\n<p>Nuga ei kuulu komplekti!<\/p>\n<p>Nuga on suurep\u00e4rane ja eksklusiivne kingitus, sest see on p\u00fcsiv ja j\u00e4\u00e4b igaveseks. Kasutaja m\u00e4letab ja m\u00f5tleb teile iga kord, kui ta v\u00f5tab noa k\u00e4tte!<\/p>\n<p>Pea meeles &#8211; kui kingid noa, k\u00fcsi vastutasuks m\u00fcndi, see on oluline! Nii et te ei l\u00e4heks inimesega t\u00fclli. Nii \u00fctleb \u00fcks vana uskumus!<\/p>\n","protected":false},"excerpt":{"rendered":"<p>Nuga \u2013 kinkekarp! Materjal: puit Pikkus (mm): 330 \/ 12,90 tolli Laius (mm): 93 \/ 3,66 tolli K\u00f5rgus (mm): 80 \/ 3,14 tolli Nuga ei kuulu komplekti! Nuga on suurep\u00e4rane ja eksklusiivne kingitus, sest see on p\u00fcsiv ja j\u00e4\u00e4b igaveseks. Kasutaja m\u00e4letab ja m\u00f5tleb teile iga kord, kui ta v\u00f5tab noa k\u00e4tte! Pea meeles &#8211; kui kingid noa, k\u00fcsi vastutasuks m\u00fcndi, see on oluline! Nii et te ei l\u00e4heks inimesega t\u00fclli. Nii \u00fctleb \u00fcks vana uskumus!<\/p>\n","protected":false},"featured_media":44005,"template":"","meta":{"_themeisle_gutenberg_block_has_review":false},"product_brand":[],"product_cat":[345,343,342,347,350,348,352,346,341,353,349,344],"product_tag":[],"class_list":{"0":"post-44004","1":"product","2":"type-product","3":"status-publish","4":"has-post-thumbnail","6":"product_cat-jahinoad","7":"product_cat-kalapuugi-noad","8":"product_cat-kastid","9":"product_cat-kinkekaardid","10":"product_cat-kokkupandavad-noad","11":"product_cat-kooginoad","12":"product_cat-lati-jounoad","13":"product_cat-matkanoad","14":"product_cat-premium-ja-eksklusiivsed-noad","15":"product_cat-seenekorjamise-noad","16":"product_cat-taismetallist-noad","17":"product_cat-terad","19":"first","20":"instock","21":"shipping-taxable","22":"purchasable","23":"product-type-simple"},"yoast_head":"<!-- This site is optimized with the Yoast SEO plugin v27.5 - https:\/\/yoast.com\/product\/yoast-seo-wordpress\/ -->\n<title>Nuga \u2013 kinkekarp! - AAKnives<\/title>\n<meta name=\"robots\" content=\"index, follow, max-snippet:-1, max-image-preview:large, max-video-preview:-1\" \/>\n<link rel=\"canonical\" href=\"https:\/\/aaknives.eu\/et\/product\/nuga-kinkekarp\/\" \/>\n<meta property=\"og:locale\" content=\"et_EE\" \/>\n<meta property=\"og:type\" content=\"article\" \/>\n<meta property=\"og:title\" content=\"Nuga \u2013 kinkekarp! - AAKnives\" \/>\n<meta property=\"og:description\" content=\"Nuga \u2013 kinkekarp! Materjal: puit Pikkus (mm): 330 \/ 12,90 tolli Laius (mm): 93 \/ 3,66 tolli K\u00f5rgus (mm): 80 \/ 3,14 tolli Nuga ei kuulu komplekti! Nuga on suurep\u00e4rane ja eksklusiivne kingitus, sest see on p\u00fcsiv ja j\u00e4\u00e4b igaveseks. Kasutaja m\u00e4letab ja m\u00f5tleb teile iga kord, kui ta v\u00f5tab noa k\u00e4tte! Pea meeles &#8211; kui kingid noa, k\u00fcsi vastutasuks m\u00fcndi, see on oluline! Nii et te ei l\u00e4heks inimesega t\u00fclli. Nii \u00fctleb \u00fcks vana uskumus!\" \/>\n<meta property=\"og:url\" content=\"https:\/\/aaknives.eu\/et\/product\/nuga-kinkekarp\/\" \/>\n<meta property=\"og:site_name\" content=\"AAKnives\" \/>\n<meta property=\"article:publisher\" content=\"https:\/\/www.facebook.com\/aaknives.eu\/\" \/>\n<meta property=\"article:modified_time\" content=\"2024-09-24T10:49:06+00:00\" \/>\n<meta property=\"og:image\" content=\"https:\/\/aaknives.eu\/wp-content\/uploads\/2021\/09\/aaknives-hand-forged-dabascus-steel-blade-knife-handmade-custom-made-knife-handcrafted-knives-autinetools-northmen-2-6-9.jpg\" \/>\n\t<meta property=\"og:image:width\" content=\"1020\" \/>\n\t<meta property=\"og:image:height\" content=\"880\" \/>\n\t<meta property=\"og:image:type\" content=\"image\/jpeg\" \/>\n<meta name=\"twitter:card\" content=\"summary_large_image\" \/>\n<script type=\"application\/ld+json\" class=\"yoast-schema-graph\">{\"@context\":\"https:\\\/\\\/schema.org\",\"@graph\":[{\"@type\":\"WebPage\",\"@id\":\"https:\\\/\\\/aaknives.eu\\\/et\\\/product\\\/nuga-kinkekarp\\\/\",\"url\":\"https:\\\/\\\/aaknives.eu\\\/et\\\/product\\\/nuga-kinkekarp\\\/\",\"name\":\"Nuga \u2013 kinkekarp! - AAKnives\",\"isPartOf\":{\"@id\":\"https:\\\/\\\/aaknives.eu\\\/et\\\/#website\"},\"primaryImageOfPage\":{\"@id\":\"https:\\\/\\\/aaknives.eu\\\/et\\\/product\\\/nuga-kinkekarp\\\/#primaryimage\"},\"image\":{\"@id\":\"https:\\\/\\\/aaknives.eu\\\/et\\\/product\\\/nuga-kinkekarp\\\/#primaryimage\"},\"thumbnailUrl\":\"https:\\\/\\\/aaknives.eu\\\/wp-content\\\/uploads\\\/2021\\\/09\\\/aaknives-hand-forged-dabascus-steel-blade-knife-handmade-custom-made-knife-handcrafted-knives-autinetools-northmen-2-6-9.jpg\",\"datePublished\":\"2021-09-20T20:17:55+00:00\",\"dateModified\":\"2024-09-24T10:49:06+00:00\",\"breadcrumb\":{\"@id\":\"https:\\\/\\\/aaknives.eu\\\/et\\\/product\\\/nuga-kinkekarp\\\/#breadcrumb\"},\"inLanguage\":\"et\",\"potentialAction\":[{\"@type\":\"ReadAction\",\"target\":[\"https:\\\/\\\/aaknives.eu\\\/et\\\/product\\\/nuga-kinkekarp\\\/\"]}]},{\"@type\":\"ImageObject\",\"inLanguage\":\"et\",\"@id\":\"https:\\\/\\\/aaknives.eu\\\/et\\\/product\\\/nuga-kinkekarp\\\/#primaryimage\",\"url\":\"https:\\\/\\\/aaknives.eu\\\/wp-content\\\/uploads\\\/2021\\\/09\\\/aaknives-hand-forged-dabascus-steel-blade-knife-handmade-custom-made-knife-handcrafted-knives-autinetools-northmen-2-6-9.jpg\",\"contentUrl\":\"https:\\\/\\\/aaknives.eu\\\/wp-content\\\/uploads\\\/2021\\\/09\\\/aaknives-hand-forged-dabascus-steel-blade-knife-handmade-custom-made-knife-handcrafted-knives-autinetools-northmen-2-6-9.jpg\",\"width\":1020,\"height\":880,\"caption\":\"aaknives hand forged dabascus steel blade knife handmade custom made knife handcrafted knives autinetools northmen 2 6 9\"},{\"@type\":\"BreadcrumbList\",\"@id\":\"https:\\\/\\\/aaknives.eu\\\/et\\\/product\\\/nuga-kinkekarp\\\/#breadcrumb\",\"itemListElement\":[{\"@type\":\"ListItem\",\"position\":1,\"name\":\"Home\",\"item\":\"https:\\\/\\\/aaknives.eu\\\/et\\\/kodu\\\/\"},{\"@type\":\"ListItem\",\"position\":2,\"name\":\"Kauplus\",\"item\":\"https:\\\/\\\/aaknives.eu\\\/et\\\/kauplus\\\/\"},{\"@type\":\"ListItem\",\"position\":3,\"name\":\"Nuga \u2013 kinkekarp!\"}]},{\"@type\":\"WebSite\",\"@id\":\"https:\\\/\\\/aaknives.eu\\\/et\\\/#website\",\"url\":\"https:\\\/\\\/aaknives.eu\\\/et\\\/\",\"name\":\"AAKnives\",\"description\":\"Handmade knives\",\"publisher\":{\"@id\":\"https:\\\/\\\/aaknives.eu\\\/et\\\/#organization\"},\"potentialAction\":[{\"@type\":\"SearchAction\",\"target\":{\"@type\":\"EntryPoint\",\"urlTemplate\":\"https:\\\/\\\/aaknives.eu\\\/et\\\/?s={search_term_string}\"},\"query-input\":{\"@type\":\"PropertyValueSpecification\",\"valueRequired\":true,\"valueName\":\"search_term_string\"}}],\"inLanguage\":\"et\"},{\"@type\":\"Organization\",\"@id\":\"https:\\\/\\\/aaknives.eu\\\/et\\\/#organization\",\"name\":\"AAKnives\",\"url\":\"https:\\\/\\\/aaknives.eu\\\/et\\\/\",\"logo\":{\"@type\":\"ImageObject\",\"inLanguage\":\"et\",\"@id\":\"https:\\\/\\\/aaknives.eu\\\/et\\\/#\\\/schema\\\/logo\\\/image\\\/\",\"url\":\"https:\\\/\\\/aaknives.eu\\\/wp-content\\\/uploads\\\/2021\\\/10\\\/AAknives_Logo_Green.png\",\"contentUrl\":\"https:\\\/\\\/aaknives.eu\\\/wp-content\\\/uploads\\\/2021\\\/10\\\/AAknives_Logo_Green.png\",\"width\":1768,\"height\":1768,\"caption\":\"AAKnives\"},\"image\":{\"@id\":\"https:\\\/\\\/aaknives.eu\\\/et\\\/#\\\/schema\\\/logo\\\/image\\\/\"},\"sameAs\":[\"https:\\\/\\\/www.facebook.com\\\/aaknives.eu\\\/\",\"https:\\\/\\\/www.instagram.com\\\/aaknives\\\/\",\"https:\\\/\\\/www.pinterest.com\\\/aa_knives\\\/\",\"https:\\\/\\\/www.youtube.com\\\/channel\\\/UCHOQFjrOkgT6s4FIw9LDKyw\\\/featured\"]}]}<\/script>\n<!-- \/ Yoast SEO plugin. -->","yoast_head_json":{"title":"Nuga \u2013 kinkekarp! - AAKnives","robots":{"index":"index","follow":"follow","max-snippet":"max-snippet:-1","max-image-preview":"max-image-preview:large","max-video-preview":"max-video-preview:-1"},"canonical":"https:\/\/aaknives.eu\/et\/product\/nuga-kinkekarp\/","og_locale":"et_EE","og_type":"article","og_title":"Nuga \u2013 kinkekarp! - AAKnives","og_description":"Nuga \u2013 kinkekarp! Materjal: puit Pikkus (mm): 330 \/ 12,90 tolli Laius (mm): 93 \/ 3,66 tolli K\u00f5rgus (mm): 80 \/ 3,14 tolli Nuga ei kuulu komplekti! Nuga on suurep\u00e4rane ja eksklusiivne kingitus, sest see on p\u00fcsiv ja j\u00e4\u00e4b igaveseks. Kasutaja m\u00e4letab ja m\u00f5tleb teile iga kord, kui ta v\u00f5tab noa k\u00e4tte! Pea meeles &#8211; kui kingid noa, k\u00fcsi vastutasuks m\u00fcndi, see on oluline! Nii et te ei l\u00e4heks inimesega t\u00fclli. Nii \u00fctleb \u00fcks vana uskumus!","og_url":"https:\/\/aaknives.eu\/et\/product\/nuga-kinkekarp\/","og_site_name":"AAKnives","article_publisher":"https:\/\/www.facebook.com\/aaknives.eu\/","article_modified_time":"2024-09-24T10:49:06+00:00","og_image":[{"width":1020,"height":880,"url":"https:\/\/aaknives.eu\/wp-content\/uploads\/2021\/09\/aaknives-hand-forged-dabascus-steel-blade-knife-handmade-custom-made-knife-handcrafted-knives-autinetools-northmen-2-6-9.jpg","type":"image\/jpeg"}],"twitter_card":"summary_large_image","schema":{"@context":"https:\/\/schema.org","@graph":[{"@type":"WebPage","@id":"https:\/\/aaknives.eu\/et\/product\/nuga-kinkekarp\/","url":"https:\/\/aaknives.eu\/et\/product\/nuga-kinkekarp\/","name":"Nuga \u2013 kinkekarp! - AAKnives","isPartOf":{"@id":"https:\/\/aaknives.eu\/et\/#website"},"primaryImageOfPage":{"@id":"https:\/\/aaknives.eu\/et\/product\/nuga-kinkekarp\/#primaryimage"},"image":{"@id":"https:\/\/aaknives.eu\/et\/product\/nuga-kinkekarp\/#primaryimage"},"thumbnailUrl":"https:\/\/aaknives.eu\/wp-content\/uploads\/2021\/09\/aaknives-hand-forged-dabascus-steel-blade-knife-handmade-custom-made-knife-handcrafted-knives-autinetools-northmen-2-6-9.jpg","datePublished":"2021-09-20T20:17:55+00:00","dateModified":"2024-09-24T10:49:06+00:00","breadcrumb":{"@id":"https:\/\/aaknives.eu\/et\/product\/nuga-kinkekarp\/#breadcrumb"},"inLanguage":"et","potentialAction":[{"@type":"ReadAction","target":["https:\/\/aaknives.eu\/et\/product\/nuga-kinkekarp\/"]}]},{"@type":"ImageObject","inLanguage":"et","@id":"https:\/\/aaknives.eu\/et\/product\/nuga-kinkekarp\/#primaryimage","url":"https:\/\/aaknives.eu\/wp-content\/uploads\/2021\/09\/aaknives-hand-forged-dabascus-steel-blade-knife-handmade-custom-made-knife-handcrafted-knives-autinetools-northmen-2-6-9.jpg","contentUrl":"https:\/\/aaknives.eu\/wp-content\/uploads\/2021\/09\/aaknives-hand-forged-dabascus-steel-blade-knife-handmade-custom-made-knife-handcrafted-knives-autinetools-northmen-2-6-9.jpg","width":1020,"height":880,"caption":"aaknives hand forged dabascus steel blade knife handmade custom made knife handcrafted knives autinetools northmen 2 6 9"},{"@type":"BreadcrumbList","@id":"https:\/\/aaknives.eu\/et\/product\/nuga-kinkekarp\/#breadcrumb","itemListElement":[{"@type":"ListItem","position":1,"name":"Home","item":"https:\/\/aaknives.eu\/et\/kodu\/"},{"@type":"ListItem","position":2,"name":"Kauplus","item":"https:\/\/aaknives.eu\/et\/kauplus\/"},{"@type":"ListItem","position":3,"name":"Nuga \u2013 kinkekarp!"}]},{"@type":"WebSite","@id":"https:\/\/aaknives.eu\/et\/#website","url":"https:\/\/aaknives.eu\/et\/","name":"AAKnives","description":"Handmade knives","publisher":{"@id":"https:\/\/aaknives.eu\/et\/#organization"},"potentialAction":[{"@type":"SearchAction","target":{"@type":"EntryPoint","urlTemplate":"https:\/\/aaknives.eu\/et\/?s={search_term_string}"},"query-input":{"@type":"PropertyValueSpecification","valueRequired":true,"valueName":"search_term_string"}}],"inLanguage":"et"},{"@type":"Organization","@id":"https:\/\/aaknives.eu\/et\/#organization","name":"AAKnives","url":"https:\/\/aaknives.eu\/et\/","logo":{"@type":"ImageObject","inLanguage":"et","@id":"https:\/\/aaknives.eu\/et\/#\/schema\/logo\/image\/","url":"https:\/\/aaknives.eu\/wp-content\/uploads\/2021\/10\/AAknives_Logo_Green.png","contentUrl":"https:\/\/aaknives.eu\/wp-content\/uploads\/2021\/10\/AAknives_Logo_Green.png","width":1768,"height":1768,"caption":"AAKnives"},"image":{"@id":"https:\/\/aaknives.eu\/et\/#\/schema\/logo\/image\/"},"sameAs":["https:\/\/www.facebook.com\/aaknives.eu\/","https:\/\/www.instagram.com\/aaknives\/","https:\/\/www.pinterest.com\/aa_knives\/","https:\/\/www.youtube.com\/channel\/UCHOQFjrOkgT6s4FIw9LDKyw\/featured"]}]}},"_links":{"self":[{"href":"https:\/\/aaknives.eu\/et\/wp-json\/wp\/v2\/product\/44004","targetHints":{"allow":["GET"]}}],"collection":[{"href":"https:\/\/aaknives.eu\/et\/wp-json\/wp\/v2\/product"}],"about":[{"href":"https:\/\/aaknives.eu\/et\/wp-json\/wp\/v2\/types\/product"}],"wp:featuredmedia":[{"embeddable":true,"href":"https:\/\/aaknives.eu\/et\/wp-json\/wp\/v2\/media\/44005"}],"wp:attachment":[{"href":"https:\/\/aaknives.eu\/et\/wp-json\/wp\/v2\/media?parent=44004"}],"wp:term":[{"taxonomy":"product_brand","embeddable":true,"href":"https:\/\/aaknives.eu\/et\/wp-json\/wp\/v2\/product_brand?post=44004"},{"taxonomy":"product_cat","embeddable":true,"href":"https:\/\/aaknives.eu\/et\/wp-json\/wp\/v2\/product_cat?post=44004"},{"taxonomy":"product_tag","embeddable":true,"href":"https:\/\/aaknives.eu\/et\/wp-json\/wp\/v2\/product_tag?post=44004"}],"curies":[{"name":"wp","href":"https:\/\/api.w.org\/{rel}","templated":true}]}}