{"id":44059,"date":"2021-09-20T20:17:32","date_gmt":"2021-09-20T20:17:32","guid":{"rendered":"https:\/\/aaknives.eu\/product\/nuga-wolf-damaskuse-teras-karjala-kase-kaepide\/"},"modified":"2021-09-20T20:17:32","modified_gmt":"2021-09-20T20:17:32","slug":"nuga-wolf-damaskuse-teras-karjala-kase-kaepide","status":"publish","type":"product","link":"https:\/\/aaknives.eu\/et\/product\/nuga-wolf-damaskuse-teras-karjala-kase-kaepide\/","title":{"rendered":"Nuga &#8221;WOLF&#8221; (Damaskuse teras), karjala kase k\u00e4epide"},"content":{"rendered":"<p>Noa spetsifikatsioonid: &#8221;WOLF&#8221;<br \/>\nTeras: Damaskus, (HVG, U10, ShH15), 700 kihti<br \/>\nK\u00f5vadus: 60-62 HRC<br \/>\nTera pikkus (mm): tera pikkus: 112 \/ 4,40 tolli<br \/>\nTera paksus (mm): 3,5 \/ 1,37 tolli<br \/>\nTera laius (mm): 31 \/ 1,22 tolli<br \/>\nK\u00e4epide: Karjala kask<br \/>\nKogupikkus (mm): Pikkus: 206 \/ 8,11 tolli<\/p>\n<p>K\u00e4sitsi sepistatud Damaskuse teras, mis on loodud erineva k\u00f5vaduse ja viskoossusega terase paketist, mis on kokku pandud plaadiks kindlas j\u00e4rjekorras. Seej\u00e4rel sepistatakse plaat korduvalt uuesti, t\u00e4nu millele tekivad kihid ja ainulaadne muster.<br \/>\nKeeruline tehnoloogiline protsess toimub k\u00e4sitsi. Sellisel viisil saadud terasele on iseloomulikud suurenenud tugevus, suur k\u00f5vadus, suurep\u00e4rased l\u00f5ikamisomadused ja ilu.<br \/>\nDamaskuse terasest \u00fcle 700-1000 kihi.<br \/>\nPakett damastterasest ShH15 + HVG + U10A, termiline v\u00e4ljendus 860 \u00b0 C<\/p>\n<p>Damaskuse terase eelised:<br \/>\nSuurenenud tugevus<br \/>\nSuur k\u00f5vadus<br \/>\nSuurep\u00e4rased l\u00f5ikamisomadused<br \/>\nIlus disain<br \/>\nPikaajaline teravus<\/p>\n<p>Tera k\u00f5vadus 60-62 HRC.<br \/>\nK\u00e4sitsi valmistatud<\/p>\n","protected":false},"excerpt":{"rendered":"<p>Noa spetsifikatsioonid: &#8221;WOLF&#8221; Teras: Damaskus, (HVG, U10, ShH15), 700 kihti K\u00f5vadus: 60-62 HRC Tera pikkus (mm): tera pikkus: 112 \/ 4,40 tolli Tera paksus (mm): 3,5 \/ 1,37 tolli Tera laius (mm): 31 \/ 1,22 tolli K\u00e4epide: Karjala kask Kogupikkus (mm): Pikkus: 206 \/ 8,11 tolli K\u00e4sitsi sepistatud Damaskuse teras, mis on loodud erineva k\u00f5vaduse ja viskoossusega terase paketist, mis on kokku pandud plaadiks kindlas j\u00e4rjekorras. Seej\u00e4rel sepistatakse plaat korduvalt uuesti, t\u00e4nu millele tekivad kihid ja ainulaadne muster. Keeruline tehnoloogiline protsess toimub k\u00e4sitsi. Sellisel viisil saadud terasele on iseloomulikud suurenenud tugevus, suur k\u00f5vadus, suurep\u00e4rased l\u00f5ikamisomadused ja ilu. Damaskuse terasest \u00fcle&hellip;<\/p>\n","protected":false},"featured_media":44060,"template":"","meta":{"_themeisle_gutenberg_block_has_review":false},"product_brand":[],"product_cat":[345,346,349],"product_tag":[],"class_list":{"0":"post-44059","1":"product","2":"type-product","3":"status-publish","4":"has-post-thumbnail","6":"product_cat-jahinoad","7":"product_cat-matkanoad","8":"product_cat-taismetallist-noad","10":"first","11":"instock","12":"shipping-taxable","13":"purchasable","14":"product-type-simple"},"yoast_head":"<!-- This site is optimized with the Yoast SEO plugin v27.3 - https:\/\/yoast.com\/product\/yoast-seo-wordpress\/ -->\n<title>Nuga &#039;&#039;WOLF&#039;&#039; (Damaskuse teras), karjala kase k\u00e4epide - AAKnives<\/title>\n<meta name=\"description\" content=\"Nuga &#039;&#039;WOLF&#039;&#039; (Damaskuse teras), k\u00e4epide Karjala kask\" \/>\n<meta name=\"robots\" content=\"index, follow, max-snippet:-1, max-image-preview:large, max-video-preview:-1\" \/>\n<link rel=\"canonical\" href=\"https:\/\/aaknives.eu\/et\/product\/nuga-wolf-damaskuse-teras-karjala-kase-kaepide\/\" \/>\n<meta property=\"og:locale\" content=\"et_EE\" \/>\n<meta property=\"og:type\" content=\"article\" \/>\n<meta property=\"og:title\" content=\"Nuga &#039;&#039;WOLF&#039;&#039; (Damaskuse teras), karjala kase k\u00e4epide - AAKnives\" \/>\n<meta property=\"og:description\" content=\"Nuga &#039;&#039;WOLF&#039;&#039; (Damaskuse teras), k\u00e4epide Karjala kask\" \/>\n<meta property=\"og:url\" content=\"https:\/\/aaknives.eu\/et\/product\/nuga-wolf-damaskuse-teras-karjala-kase-kaepide\/\" \/>\n<meta property=\"og:site_name\" content=\"AAKnives\" \/>\n<meta property=\"article:publisher\" content=\"https:\/\/www.facebook.com\/aaknives.eu\/\" \/>\n<meta property=\"og:image\" content=\"https:\/\/aaknives.eu\/wp-content\/uploads\/2021\/09\/aaknives-hand-forged-dabascus-steel-blade-knife-handmade-custom-made-knife-handcrafted-knives-autinetools-northmen-6-2-29.jpg\" \/>\n\t<meta property=\"og:image:width\" content=\"1020\" \/>\n\t<meta property=\"og:image:height\" content=\"880\" \/>\n\t<meta property=\"og:image:type\" content=\"image\/jpeg\" \/>\n<meta name=\"twitter:card\" content=\"summary_large_image\" \/>\n<meta name=\"twitter:label1\" content=\"Est. reading time\" \/>\n\t<meta name=\"twitter:data1\" content=\"1 minut\" \/>\n<script type=\"application\/ld+json\" class=\"yoast-schema-graph\">{\"@context\":\"https:\\\/\\\/schema.org\",\"@graph\":[{\"@type\":\"WebPage\",\"@id\":\"https:\\\/\\\/aaknives.eu\\\/et\\\/product\\\/nuga-wolf-damaskuse-teras-karjala-kase-kaepide\\\/\",\"url\":\"https:\\\/\\\/aaknives.eu\\\/et\\\/product\\\/nuga-wolf-damaskuse-teras-karjala-kase-kaepide\\\/\",\"name\":\"Nuga ''WOLF'' (Damaskuse teras), karjala kase k\u00e4epide - AAKnives\",\"isPartOf\":{\"@id\":\"https:\\\/\\\/aaknives.eu\\\/et\\\/#website\"},\"primaryImageOfPage\":{\"@id\":\"https:\\\/\\\/aaknives.eu\\\/et\\\/product\\\/nuga-wolf-damaskuse-teras-karjala-kase-kaepide\\\/#primaryimage\"},\"image\":{\"@id\":\"https:\\\/\\\/aaknives.eu\\\/et\\\/product\\\/nuga-wolf-damaskuse-teras-karjala-kase-kaepide\\\/#primaryimage\"},\"thumbnailUrl\":\"https:\\\/\\\/aaknives.eu\\\/wp-content\\\/uploads\\\/2021\\\/09\\\/aaknives-hand-forged-dabascus-steel-blade-knife-handmade-custom-made-knife-handcrafted-knives-autinetools-northmen-6-2-29.jpg\",\"datePublished\":\"2021-09-20T20:17:32+00:00\",\"description\":\"Nuga ''WOLF'' (Damaskuse teras), k\u00e4epide Karjala kask\",\"breadcrumb\":{\"@id\":\"https:\\\/\\\/aaknives.eu\\\/et\\\/product\\\/nuga-wolf-damaskuse-teras-karjala-kase-kaepide\\\/#breadcrumb\"},\"inLanguage\":\"et\",\"potentialAction\":[{\"@type\":\"ReadAction\",\"target\":[\"https:\\\/\\\/aaknives.eu\\\/et\\\/product\\\/nuga-wolf-damaskuse-teras-karjala-kase-kaepide\\\/\"]}]},{\"@type\":\"ImageObject\",\"inLanguage\":\"et\",\"@id\":\"https:\\\/\\\/aaknives.eu\\\/et\\\/product\\\/nuga-wolf-damaskuse-teras-karjala-kase-kaepide\\\/#primaryimage\",\"url\":\"https:\\\/\\\/aaknives.eu\\\/wp-content\\\/uploads\\\/2021\\\/09\\\/aaknives-hand-forged-dabascus-steel-blade-knife-handmade-custom-made-knife-handcrafted-knives-autinetools-northmen-6-2-29.jpg\",\"contentUrl\":\"https:\\\/\\\/aaknives.eu\\\/wp-content\\\/uploads\\\/2021\\\/09\\\/aaknives-hand-forged-dabascus-steel-blade-knife-handmade-custom-made-knife-handcrafted-knives-autinetools-northmen-6-2-29.jpg\",\"width\":1020,\"height\":880,\"caption\":\"aaknives hand forged dabascus steel blade knife handmade custom made knife handcrafted knives autinetools northmen 6 2 29\"},{\"@type\":\"BreadcrumbList\",\"@id\":\"https:\\\/\\\/aaknives.eu\\\/et\\\/product\\\/nuga-wolf-damaskuse-teras-karjala-kase-kaepide\\\/#breadcrumb\",\"itemListElement\":[{\"@type\":\"ListItem\",\"position\":1,\"name\":\"Home\",\"item\":\"https:\\\/\\\/aaknives.eu\\\/et\\\/kodu\\\/\"},{\"@type\":\"ListItem\",\"position\":2,\"name\":\"Kauplus\",\"item\":\"https:\\\/\\\/aaknives.eu\\\/et\\\/kauplus\\\/\"},{\"@type\":\"ListItem\",\"position\":3,\"name\":\"Nuga &#8221;WOLF&#8221; (Damaskuse teras), karjala kase k\u00e4epide\"}]},{\"@type\":\"WebSite\",\"@id\":\"https:\\\/\\\/aaknives.eu\\\/et\\\/#website\",\"url\":\"https:\\\/\\\/aaknives.eu\\\/et\\\/\",\"name\":\"AAKnives\",\"description\":\"Handmade knives\",\"publisher\":{\"@id\":\"https:\\\/\\\/aaknives.eu\\\/et\\\/#organization\"},\"potentialAction\":[{\"@type\":\"SearchAction\",\"target\":{\"@type\":\"EntryPoint\",\"urlTemplate\":\"https:\\\/\\\/aaknives.eu\\\/et\\\/?s={search_term_string}\"},\"query-input\":{\"@type\":\"PropertyValueSpecification\",\"valueRequired\":true,\"valueName\":\"search_term_string\"}}],\"inLanguage\":\"et\"},{\"@type\":\"Organization\",\"@id\":\"https:\\\/\\\/aaknives.eu\\\/et\\\/#organization\",\"name\":\"AAKnives\",\"url\":\"https:\\\/\\\/aaknives.eu\\\/et\\\/\",\"logo\":{\"@type\":\"ImageObject\",\"inLanguage\":\"et\",\"@id\":\"https:\\\/\\\/aaknives.eu\\\/et\\\/#\\\/schema\\\/logo\\\/image\\\/\",\"url\":\"https:\\\/\\\/aaknives.eu\\\/wp-content\\\/uploads\\\/2021\\\/10\\\/AAknives_Logo_Green.png\",\"contentUrl\":\"https:\\\/\\\/aaknives.eu\\\/wp-content\\\/uploads\\\/2021\\\/10\\\/AAknives_Logo_Green.png\",\"width\":1768,\"height\":1768,\"caption\":\"AAKnives\"},\"image\":{\"@id\":\"https:\\\/\\\/aaknives.eu\\\/et\\\/#\\\/schema\\\/logo\\\/image\\\/\"},\"sameAs\":[\"https:\\\/\\\/www.facebook.com\\\/aaknives.eu\\\/\",\"https:\\\/\\\/www.instagram.com\\\/aaknives\\\/\",\"https:\\\/\\\/www.pinterest.com\\\/aa_knives\\\/\",\"https:\\\/\\\/www.youtube.com\\\/channel\\\/UCHOQFjrOkgT6s4FIw9LDKyw\\\/featured\"]}]}<\/script>\n<!-- \/ Yoast SEO plugin. -->","yoast_head_json":{"title":"Nuga ''WOLF'' (Damaskuse teras), karjala kase k\u00e4epide - AAKnives","description":"Nuga ''WOLF'' (Damaskuse teras), k\u00e4epide Karjala kask","robots":{"index":"index","follow":"follow","max-snippet":"max-snippet:-1","max-image-preview":"max-image-preview:large","max-video-preview":"max-video-preview:-1"},"canonical":"https:\/\/aaknives.eu\/et\/product\/nuga-wolf-damaskuse-teras-karjala-kase-kaepide\/","og_locale":"et_EE","og_type":"article","og_title":"Nuga ''WOLF'' (Damaskuse teras), karjala kase k\u00e4epide - AAKnives","og_description":"Nuga ''WOLF'' (Damaskuse teras), k\u00e4epide Karjala kask","og_url":"https:\/\/aaknives.eu\/et\/product\/nuga-wolf-damaskuse-teras-karjala-kase-kaepide\/","og_site_name":"AAKnives","article_publisher":"https:\/\/www.facebook.com\/aaknives.eu\/","og_image":[{"width":1020,"height":880,"url":"https:\/\/aaknives.eu\/wp-content\/uploads\/2021\/09\/aaknives-hand-forged-dabascus-steel-blade-knife-handmade-custom-made-knife-handcrafted-knives-autinetools-northmen-6-2-29.jpg","type":"image\/jpeg"}],"twitter_card":"summary_large_image","twitter_misc":{"Est. reading time":"1 minut"},"schema":{"@context":"https:\/\/schema.org","@graph":[{"@type":"WebPage","@id":"https:\/\/aaknives.eu\/et\/product\/nuga-wolf-damaskuse-teras-karjala-kase-kaepide\/","url":"https:\/\/aaknives.eu\/et\/product\/nuga-wolf-damaskuse-teras-karjala-kase-kaepide\/","name":"Nuga ''WOLF'' (Damaskuse teras), karjala kase k\u00e4epide - AAKnives","isPartOf":{"@id":"https:\/\/aaknives.eu\/et\/#website"},"primaryImageOfPage":{"@id":"https:\/\/aaknives.eu\/et\/product\/nuga-wolf-damaskuse-teras-karjala-kase-kaepide\/#primaryimage"},"image":{"@id":"https:\/\/aaknives.eu\/et\/product\/nuga-wolf-damaskuse-teras-karjala-kase-kaepide\/#primaryimage"},"thumbnailUrl":"https:\/\/aaknives.eu\/wp-content\/uploads\/2021\/09\/aaknives-hand-forged-dabascus-steel-blade-knife-handmade-custom-made-knife-handcrafted-knives-autinetools-northmen-6-2-29.jpg","datePublished":"2021-09-20T20:17:32+00:00","description":"Nuga ''WOLF'' (Damaskuse teras), k\u00e4epide Karjala kask","breadcrumb":{"@id":"https:\/\/aaknives.eu\/et\/product\/nuga-wolf-damaskuse-teras-karjala-kase-kaepide\/#breadcrumb"},"inLanguage":"et","potentialAction":[{"@type":"ReadAction","target":["https:\/\/aaknives.eu\/et\/product\/nuga-wolf-damaskuse-teras-karjala-kase-kaepide\/"]}]},{"@type":"ImageObject","inLanguage":"et","@id":"https:\/\/aaknives.eu\/et\/product\/nuga-wolf-damaskuse-teras-karjala-kase-kaepide\/#primaryimage","url":"https:\/\/aaknives.eu\/wp-content\/uploads\/2021\/09\/aaknives-hand-forged-dabascus-steel-blade-knife-handmade-custom-made-knife-handcrafted-knives-autinetools-northmen-6-2-29.jpg","contentUrl":"https:\/\/aaknives.eu\/wp-content\/uploads\/2021\/09\/aaknives-hand-forged-dabascus-steel-blade-knife-handmade-custom-made-knife-handcrafted-knives-autinetools-northmen-6-2-29.jpg","width":1020,"height":880,"caption":"aaknives hand forged dabascus steel blade knife handmade custom made knife handcrafted knives autinetools northmen 6 2 29"},{"@type":"BreadcrumbList","@id":"https:\/\/aaknives.eu\/et\/product\/nuga-wolf-damaskuse-teras-karjala-kase-kaepide\/#breadcrumb","itemListElement":[{"@type":"ListItem","position":1,"name":"Home","item":"https:\/\/aaknives.eu\/et\/kodu\/"},{"@type":"ListItem","position":2,"name":"Kauplus","item":"https:\/\/aaknives.eu\/et\/kauplus\/"},{"@type":"ListItem","position":3,"name":"Nuga &#8221;WOLF&#8221; (Damaskuse teras), karjala kase k\u00e4epide"}]},{"@type":"WebSite","@id":"https:\/\/aaknives.eu\/et\/#website","url":"https:\/\/aaknives.eu\/et\/","name":"AAKnives","description":"Handmade knives","publisher":{"@id":"https:\/\/aaknives.eu\/et\/#organization"},"potentialAction":[{"@type":"SearchAction","target":{"@type":"EntryPoint","urlTemplate":"https:\/\/aaknives.eu\/et\/?s={search_term_string}"},"query-input":{"@type":"PropertyValueSpecification","valueRequired":true,"valueName":"search_term_string"}}],"inLanguage":"et"},{"@type":"Organization","@id":"https:\/\/aaknives.eu\/et\/#organization","name":"AAKnives","url":"https:\/\/aaknives.eu\/et\/","logo":{"@type":"ImageObject","inLanguage":"et","@id":"https:\/\/aaknives.eu\/et\/#\/schema\/logo\/image\/","url":"https:\/\/aaknives.eu\/wp-content\/uploads\/2021\/10\/AAknives_Logo_Green.png","contentUrl":"https:\/\/aaknives.eu\/wp-content\/uploads\/2021\/10\/AAknives_Logo_Green.png","width":1768,"height":1768,"caption":"AAKnives"},"image":{"@id":"https:\/\/aaknives.eu\/et\/#\/schema\/logo\/image\/"},"sameAs":["https:\/\/www.facebook.com\/aaknives.eu\/","https:\/\/www.instagram.com\/aaknives\/","https:\/\/www.pinterest.com\/aa_knives\/","https:\/\/www.youtube.com\/channel\/UCHOQFjrOkgT6s4FIw9LDKyw\/featured"]}]}},"_links":{"self":[{"href":"https:\/\/aaknives.eu\/et\/wp-json\/wp\/v2\/product\/44059","targetHints":{"allow":["GET"]}}],"collection":[{"href":"https:\/\/aaknives.eu\/et\/wp-json\/wp\/v2\/product"}],"about":[{"href":"https:\/\/aaknives.eu\/et\/wp-json\/wp\/v2\/types\/product"}],"wp:featuredmedia":[{"embeddable":true,"href":"https:\/\/aaknives.eu\/et\/wp-json\/wp\/v2\/media\/44060"}],"wp:attachment":[{"href":"https:\/\/aaknives.eu\/et\/wp-json\/wp\/v2\/media?parent=44059"}],"wp:term":[{"taxonomy":"product_brand","embeddable":true,"href":"https:\/\/aaknives.eu\/et\/wp-json\/wp\/v2\/product_brand?post=44059"},{"taxonomy":"product_cat","embeddable":true,"href":"https:\/\/aaknives.eu\/et\/wp-json\/wp\/v2\/product_cat?post=44059"},{"taxonomy":"product_tag","embeddable":true,"href":"https:\/\/aaknives.eu\/et\/wp-json\/wp\/v2\/product_tag?post=44059"}],"curies":[{"name":"wp","href":"https:\/\/api.w.org\/{rel}","templated":true}]}}