{"id":44181,"date":"2021-09-20T20:27:17","date_gmt":"2021-09-20T20:27:17","guid":{"rendered":"https:\/\/aaknives.eu\/product\/mehaaniline-pendli-nurga-mootmine\/"},"modified":"2021-09-20T20:27:17","modified_gmt":"2021-09-20T20:27:17","slug":"mehaaniline-pendli-nurga-mootmine","status":"publish","type":"product","link":"https:\/\/aaknives.eu\/et\/product\/mehaaniline-pendli-nurga-mootmine\/","title":{"rendered":"Mehaaniline pendli nurga m\u00f5\u00f5tmine"},"content":{"rendered":"<p>Mehaaniline pendli nurga m\u00f5\u00f5tmine<\/p>\n<p>Ilma magnetiteta. Seda kasutatakse nugade m\u00f5\u00f5tmiseks, nihke teritusnurkade m\u00f5\u00f5tmiseks, samuti saagimiseks, t\u00f6\u00f6kodadeks, ehituseks.<\/p>\n<p>M\u00f5eldud kaldenurkade m\u00f5\u00f5tmiseks horisontaal- ja vertikaaltasandil. Seda kasutatakse laialdaselt m\u00f5\u00f5tevahendina ehituses ja igap\u00e4evaelus. Vajalik l\u00f5ikeriista teritamiseks.<\/p>\n<p>Numbriskaala on jagatud neljaks osaks vahemikus 0 \u00b0 kuni 90 \u00b0 sammuga 1 \u00b0;<\/p>\n<p>L\u00e4bim\u00f5\u00f5t: 80 mm;<\/p>\n<p>Korpuse materjal: plastik.<\/p>\n<p>M\u00f5\u00f5dud &#8211; 100 * 100 * 10 mm.<\/p>\n<p>&nbsp;<\/p>\n<p>&nbsp;<\/p>\n","protected":false},"excerpt":{"rendered":"<p>Mehaaniline pendli nurga m\u00f5\u00f5tmine Ilma magnetiteta. Seda kasutatakse nugade m\u00f5\u00f5tmiseks, nihke teritusnurkade m\u00f5\u00f5tmiseks, samuti saagimiseks, t\u00f6\u00f6kodadeks, ehituseks. M\u00f5eldud kaldenurkade m\u00f5\u00f5tmiseks horisontaal- ja vertikaaltasandil. Seda kasutatakse laialdaselt m\u00f5\u00f5tevahendina ehituses ja igap\u00e4evaelus. Vajalik l\u00f5ikeriista teritamiseks. Numbriskaala on jagatud neljaks osaks vahemikus 0 \u00b0 kuni 90 \u00b0 sammuga 1 \u00b0; L\u00e4bim\u00f5\u00f5t: 80 mm; Korpuse materjal: plastik. M\u00f5\u00f5dud &#8211; 100 * 100 * 10 mm. &nbsp; &nbsp;<\/p>\n","protected":false},"featured_media":44182,"template":"","meta":{"_themeisle_gutenberg_block_has_review":false},"product_brand":[],"product_cat":[340,351],"product_tag":[],"class_list":{"0":"post-44181","1":"product","2":"type-product","3":"status-publish","4":"has-post-thumbnail","6":"product_cat-muugil","7":"product_cat-nugade-teritamine-noateritajad","9":"first","10":"instock","11":"sale","12":"shipping-taxable","13":"purchasable","14":"product-type-simple"},"yoast_head":"<!-- This site is optimized with the Yoast SEO plugin v27.3 - https:\/\/yoast.com\/product\/yoast-seo-wordpress\/ -->\n<title>Mehaaniline pendli nurga m\u00f5\u00f5tmine - AAKnives<\/title>\n<meta name=\"description\" content=\"Mehaaniline pendli nurga m\u00f5\u00f5tmine\" \/>\n<meta name=\"robots\" content=\"index, follow, max-snippet:-1, max-image-preview:large, max-video-preview:-1\" \/>\n<link rel=\"canonical\" href=\"https:\/\/aaknives.eu\/et\/product\/mehaaniline-pendli-nurga-mootmine\/\" \/>\n<meta property=\"og:locale\" content=\"et_EE\" \/>\n<meta property=\"og:type\" content=\"article\" \/>\n<meta property=\"og:title\" content=\"Mehaaniline pendli nurga m\u00f5\u00f5tmine - AAKnives\" \/>\n<meta property=\"og:description\" content=\"Mehaaniline pendli nurga m\u00f5\u00f5tmine\" \/>\n<meta property=\"og:url\" content=\"https:\/\/aaknives.eu\/et\/product\/mehaaniline-pendli-nurga-mootmine\/\" \/>\n<meta property=\"og:site_name\" content=\"AAKnives\" \/>\n<meta property=\"article:publisher\" content=\"https:\/\/www.facebook.com\/aaknives.eu\/\" \/>\n<meta property=\"og:image\" content=\"https:\/\/aaknives.eu\/wp-content\/uploads\/2021\/09\/aaknives-hand-forged-dabascus-steel-blade-knife-handmade-custom-made-knife-handcrafted-knives-autinetools-northmen-8-1-28.jpg\" \/>\n\t<meta property=\"og:image:width\" content=\"1020\" \/>\n\t<meta property=\"og:image:height\" content=\"880\" \/>\n\t<meta property=\"og:image:type\" content=\"image\/jpeg\" \/>\n<meta name=\"twitter:card\" content=\"summary_large_image\" \/>\n<script type=\"application\/ld+json\" class=\"yoast-schema-graph\">{\"@context\":\"https:\\\/\\\/schema.org\",\"@graph\":[{\"@type\":\"WebPage\",\"@id\":\"https:\\\/\\\/aaknives.eu\\\/et\\\/product\\\/mehaaniline-pendli-nurga-mootmine\\\/\",\"url\":\"https:\\\/\\\/aaknives.eu\\\/et\\\/product\\\/mehaaniline-pendli-nurga-mootmine\\\/\",\"name\":\"Mehaaniline pendli nurga m\u00f5\u00f5tmine - AAKnives\",\"isPartOf\":{\"@id\":\"https:\\\/\\\/aaknives.eu\\\/et\\\/#website\"},\"primaryImageOfPage\":{\"@id\":\"https:\\\/\\\/aaknives.eu\\\/et\\\/product\\\/mehaaniline-pendli-nurga-mootmine\\\/#primaryimage\"},\"image\":{\"@id\":\"https:\\\/\\\/aaknives.eu\\\/et\\\/product\\\/mehaaniline-pendli-nurga-mootmine\\\/#primaryimage\"},\"thumbnailUrl\":\"https:\\\/\\\/aaknives.eu\\\/wp-content\\\/uploads\\\/2021\\\/09\\\/aaknives-hand-forged-dabascus-steel-blade-knife-handmade-custom-made-knife-handcrafted-knives-autinetools-northmen-8-1-28.jpg\",\"datePublished\":\"2021-09-20T20:27:17+00:00\",\"description\":\"Mehaaniline pendli nurga m\u00f5\u00f5tmine\",\"breadcrumb\":{\"@id\":\"https:\\\/\\\/aaknives.eu\\\/et\\\/product\\\/mehaaniline-pendli-nurga-mootmine\\\/#breadcrumb\"},\"inLanguage\":\"et\",\"potentialAction\":[{\"@type\":\"ReadAction\",\"target\":[\"https:\\\/\\\/aaknives.eu\\\/et\\\/product\\\/mehaaniline-pendli-nurga-mootmine\\\/\"]}]},{\"@type\":\"ImageObject\",\"inLanguage\":\"et\",\"@id\":\"https:\\\/\\\/aaknives.eu\\\/et\\\/product\\\/mehaaniline-pendli-nurga-mootmine\\\/#primaryimage\",\"url\":\"https:\\\/\\\/aaknives.eu\\\/wp-content\\\/uploads\\\/2021\\\/09\\\/aaknives-hand-forged-dabascus-steel-blade-knife-handmade-custom-made-knife-handcrafted-knives-autinetools-northmen-8-1-28.jpg\",\"contentUrl\":\"https:\\\/\\\/aaknives.eu\\\/wp-content\\\/uploads\\\/2021\\\/09\\\/aaknives-hand-forged-dabascus-steel-blade-knife-handmade-custom-made-knife-handcrafted-knives-autinetools-northmen-8-1-28.jpg\",\"width\":1020,\"height\":880,\"caption\":\"aaknives hand forged dabascus steel blade knife handmade custom made knife handcrafted knives autinetools northmen 8 1 28\"},{\"@type\":\"BreadcrumbList\",\"@id\":\"https:\\\/\\\/aaknives.eu\\\/et\\\/product\\\/mehaaniline-pendli-nurga-mootmine\\\/#breadcrumb\",\"itemListElement\":[{\"@type\":\"ListItem\",\"position\":1,\"name\":\"Home\",\"item\":\"https:\\\/\\\/aaknives.eu\\\/et\\\/kodu\\\/\"},{\"@type\":\"ListItem\",\"position\":2,\"name\":\"Kauplus\",\"item\":\"https:\\\/\\\/aaknives.eu\\\/et\\\/kauplus\\\/\"},{\"@type\":\"ListItem\",\"position\":3,\"name\":\"Mehaaniline pendli nurga m\u00f5\u00f5tmine\"}]},{\"@type\":\"WebSite\",\"@id\":\"https:\\\/\\\/aaknives.eu\\\/et\\\/#website\",\"url\":\"https:\\\/\\\/aaknives.eu\\\/et\\\/\",\"name\":\"AAKnives\",\"description\":\"Handmade knives\",\"publisher\":{\"@id\":\"https:\\\/\\\/aaknives.eu\\\/et\\\/#organization\"},\"potentialAction\":[{\"@type\":\"SearchAction\",\"target\":{\"@type\":\"EntryPoint\",\"urlTemplate\":\"https:\\\/\\\/aaknives.eu\\\/et\\\/?s={search_term_string}\"},\"query-input\":{\"@type\":\"PropertyValueSpecification\",\"valueRequired\":true,\"valueName\":\"search_term_string\"}}],\"inLanguage\":\"et\"},{\"@type\":\"Organization\",\"@id\":\"https:\\\/\\\/aaknives.eu\\\/et\\\/#organization\",\"name\":\"AAKnives\",\"url\":\"https:\\\/\\\/aaknives.eu\\\/et\\\/\",\"logo\":{\"@type\":\"ImageObject\",\"inLanguage\":\"et\",\"@id\":\"https:\\\/\\\/aaknives.eu\\\/et\\\/#\\\/schema\\\/logo\\\/image\\\/\",\"url\":\"https:\\\/\\\/aaknives.eu\\\/wp-content\\\/uploads\\\/2021\\\/10\\\/AAknives_Logo_Green.png\",\"contentUrl\":\"https:\\\/\\\/aaknives.eu\\\/wp-content\\\/uploads\\\/2021\\\/10\\\/AAknives_Logo_Green.png\",\"width\":1768,\"height\":1768,\"caption\":\"AAKnives\"},\"image\":{\"@id\":\"https:\\\/\\\/aaknives.eu\\\/et\\\/#\\\/schema\\\/logo\\\/image\\\/\"},\"sameAs\":[\"https:\\\/\\\/www.facebook.com\\\/aaknives.eu\\\/\",\"https:\\\/\\\/www.instagram.com\\\/aaknives\\\/\",\"https:\\\/\\\/www.pinterest.com\\\/aa_knives\\\/\",\"https:\\\/\\\/www.youtube.com\\\/channel\\\/UCHOQFjrOkgT6s4FIw9LDKyw\\\/featured\"]}]}<\/script>\n<!-- \/ Yoast SEO plugin. -->","yoast_head_json":{"title":"Mehaaniline pendli nurga m\u00f5\u00f5tmine - AAKnives","description":"Mehaaniline pendli nurga m\u00f5\u00f5tmine","robots":{"index":"index","follow":"follow","max-snippet":"max-snippet:-1","max-image-preview":"max-image-preview:large","max-video-preview":"max-video-preview:-1"},"canonical":"https:\/\/aaknives.eu\/et\/product\/mehaaniline-pendli-nurga-mootmine\/","og_locale":"et_EE","og_type":"article","og_title":"Mehaaniline pendli nurga m\u00f5\u00f5tmine - AAKnives","og_description":"Mehaaniline pendli nurga m\u00f5\u00f5tmine","og_url":"https:\/\/aaknives.eu\/et\/product\/mehaaniline-pendli-nurga-mootmine\/","og_site_name":"AAKnives","article_publisher":"https:\/\/www.facebook.com\/aaknives.eu\/","og_image":[{"width":1020,"height":880,"url":"https:\/\/aaknives.eu\/wp-content\/uploads\/2021\/09\/aaknives-hand-forged-dabascus-steel-blade-knife-handmade-custom-made-knife-handcrafted-knives-autinetools-northmen-8-1-28.jpg","type":"image\/jpeg"}],"twitter_card":"summary_large_image","schema":{"@context":"https:\/\/schema.org","@graph":[{"@type":"WebPage","@id":"https:\/\/aaknives.eu\/et\/product\/mehaaniline-pendli-nurga-mootmine\/","url":"https:\/\/aaknives.eu\/et\/product\/mehaaniline-pendli-nurga-mootmine\/","name":"Mehaaniline pendli nurga m\u00f5\u00f5tmine - AAKnives","isPartOf":{"@id":"https:\/\/aaknives.eu\/et\/#website"},"primaryImageOfPage":{"@id":"https:\/\/aaknives.eu\/et\/product\/mehaaniline-pendli-nurga-mootmine\/#primaryimage"},"image":{"@id":"https:\/\/aaknives.eu\/et\/product\/mehaaniline-pendli-nurga-mootmine\/#primaryimage"},"thumbnailUrl":"https:\/\/aaknives.eu\/wp-content\/uploads\/2021\/09\/aaknives-hand-forged-dabascus-steel-blade-knife-handmade-custom-made-knife-handcrafted-knives-autinetools-northmen-8-1-28.jpg","datePublished":"2021-09-20T20:27:17+00:00","description":"Mehaaniline pendli nurga m\u00f5\u00f5tmine","breadcrumb":{"@id":"https:\/\/aaknives.eu\/et\/product\/mehaaniline-pendli-nurga-mootmine\/#breadcrumb"},"inLanguage":"et","potentialAction":[{"@type":"ReadAction","target":["https:\/\/aaknives.eu\/et\/product\/mehaaniline-pendli-nurga-mootmine\/"]}]},{"@type":"ImageObject","inLanguage":"et","@id":"https:\/\/aaknives.eu\/et\/product\/mehaaniline-pendli-nurga-mootmine\/#primaryimage","url":"https:\/\/aaknives.eu\/wp-content\/uploads\/2021\/09\/aaknives-hand-forged-dabascus-steel-blade-knife-handmade-custom-made-knife-handcrafted-knives-autinetools-northmen-8-1-28.jpg","contentUrl":"https:\/\/aaknives.eu\/wp-content\/uploads\/2021\/09\/aaknives-hand-forged-dabascus-steel-blade-knife-handmade-custom-made-knife-handcrafted-knives-autinetools-northmen-8-1-28.jpg","width":1020,"height":880,"caption":"aaknives hand forged dabascus steel blade knife handmade custom made knife handcrafted knives autinetools northmen 8 1 28"},{"@type":"BreadcrumbList","@id":"https:\/\/aaknives.eu\/et\/product\/mehaaniline-pendli-nurga-mootmine\/#breadcrumb","itemListElement":[{"@type":"ListItem","position":1,"name":"Home","item":"https:\/\/aaknives.eu\/et\/kodu\/"},{"@type":"ListItem","position":2,"name":"Kauplus","item":"https:\/\/aaknives.eu\/et\/kauplus\/"},{"@type":"ListItem","position":3,"name":"Mehaaniline pendli nurga m\u00f5\u00f5tmine"}]},{"@type":"WebSite","@id":"https:\/\/aaknives.eu\/et\/#website","url":"https:\/\/aaknives.eu\/et\/","name":"AAKnives","description":"Handmade knives","publisher":{"@id":"https:\/\/aaknives.eu\/et\/#organization"},"potentialAction":[{"@type":"SearchAction","target":{"@type":"EntryPoint","urlTemplate":"https:\/\/aaknives.eu\/et\/?s={search_term_string}"},"query-input":{"@type":"PropertyValueSpecification","valueRequired":true,"valueName":"search_term_string"}}],"inLanguage":"et"},{"@type":"Organization","@id":"https:\/\/aaknives.eu\/et\/#organization","name":"AAKnives","url":"https:\/\/aaknives.eu\/et\/","logo":{"@type":"ImageObject","inLanguage":"et","@id":"https:\/\/aaknives.eu\/et\/#\/schema\/logo\/image\/","url":"https:\/\/aaknives.eu\/wp-content\/uploads\/2021\/10\/AAknives_Logo_Green.png","contentUrl":"https:\/\/aaknives.eu\/wp-content\/uploads\/2021\/10\/AAknives_Logo_Green.png","width":1768,"height":1768,"caption":"AAKnives"},"image":{"@id":"https:\/\/aaknives.eu\/et\/#\/schema\/logo\/image\/"},"sameAs":["https:\/\/www.facebook.com\/aaknives.eu\/","https:\/\/www.instagram.com\/aaknives\/","https:\/\/www.pinterest.com\/aa_knives\/","https:\/\/www.youtube.com\/channel\/UCHOQFjrOkgT6s4FIw9LDKyw\/featured"]}]}},"_links":{"self":[{"href":"https:\/\/aaknives.eu\/et\/wp-json\/wp\/v2\/product\/44181","targetHints":{"allow":["GET"]}}],"collection":[{"href":"https:\/\/aaknives.eu\/et\/wp-json\/wp\/v2\/product"}],"about":[{"href":"https:\/\/aaknives.eu\/et\/wp-json\/wp\/v2\/types\/product"}],"wp:featuredmedia":[{"embeddable":true,"href":"https:\/\/aaknives.eu\/et\/wp-json\/wp\/v2\/media\/44182"}],"wp:attachment":[{"href":"https:\/\/aaknives.eu\/et\/wp-json\/wp\/v2\/media?parent=44181"}],"wp:term":[{"taxonomy":"product_brand","embeddable":true,"href":"https:\/\/aaknives.eu\/et\/wp-json\/wp\/v2\/product_brand?post=44181"},{"taxonomy":"product_cat","embeddable":true,"href":"https:\/\/aaknives.eu\/et\/wp-json\/wp\/v2\/product_cat?post=44181"},{"taxonomy":"product_tag","embeddable":true,"href":"https:\/\/aaknives.eu\/et\/wp-json\/wp\/v2\/product_tag?post=44181"}],"curies":[{"name":"wp","href":"https:\/\/api.w.org\/{rel}","templated":true}]}}