{"id":44358,"date":"2021-09-20T20:25:11","date_gmt":"2021-09-20T20:25:11","guid":{"rendered":"https:\/\/aaknives.eu\/product\/nuga-full-tang-d2-kasitsi-sepistatud-nuga\/"},"modified":"2025-02-25T18:25:23","modified_gmt":"2025-02-25T18:25:23","slug":"nuga-full-tang-d2-kasitsi-sepistatud-nuga","status":"publish","type":"product","link":"https:\/\/aaknives.eu\/et\/product\/nuga-full-tang-d2-kasitsi-sepistatud-nuga\/","title":{"rendered":"Nuga &#8220;DAGGER&#8221; &#8211; D2 k\u00e4sitsi sepistatud nuga"},"content":{"rendered":"<p>Nugade tehnilised andmed: DAGGER<br \/>\nTeras: k\u00e4sitsi sepistatud D2 terasest tera<br \/>\nK\u00f5vadus: 61 HRC<br \/>\nTera pikkus (mm): 93 \/ 3,66 tolli<br \/>\nTera paksus (mm): 3,5 \/ 0,13 tolli<br \/>\nTera laius (mm): 29 \/ 1,14 tolli<br \/>\nK\u00e4epide: Aafrika Wenge puit<br \/>\nKogupikkus (mm): 180 \/ 7,08 tolli<\/p>\n<p>D2 teras on \u00fcks parimaid ja kuulsamaid teraterasid maailmas.<\/p>\n<p>USA ja Jaapani tuntud ettev\u00f5tted valmistavad noad D2 terasest.<\/p>\n<p>Sellest terasest valmistatud noad hoiavad suurep\u00e4raselt l\u00f5iketera ja on k\u00f5rge korrosioonikindlusega.<\/p>\n<p>P\u00e4rast kuumt\u00f6\u00f6tlemist on D2-terasest tera k\u00f5vadus vahemikus 60-62 HRC.<\/p>\n<p>D2-st valmistatud nugade terad praktiliselt ei roosteta, kuid kuna teras on veidi v\u00e4hem kui roostevaba teras (13% kroomist), on soovitatav terasid p\u00fchkida ja mitte j\u00e4tta neid pikaks ajaks niiskesse kohta.<\/p>\n","protected":false},"excerpt":{"rendered":"<p>Nugade tehnilised andmed: DAGGER Teras: k\u00e4sitsi sepistatud D2 terasest tera K\u00f5vadus: 61 HRC Tera pikkus (mm): 93 \/ 3,66 tolli Tera paksus (mm): 3,5 \/ 0,13 tolli Tera laius (mm): 29 \/ 1,14 tolli K\u00e4epide: Aafrika Wenge puit Kogupikkus (mm): 180 \/ 7,08 tolli D2 teras on \u00fcks parimaid ja kuulsamaid teraterasid maailmas. USA ja Jaapani tuntud ettev\u00f5tted valmistavad noad D2 terasest. Sellest terasest valmistatud noad hoiavad suurep\u00e4raselt l\u00f5iketera ja on k\u00f5rge korrosioonikindlusega. P\u00e4rast kuumt\u00f6\u00f6tlemist on D2-terasest tera k\u00f5vadus vahemikus 60-62 HRC. D2-st valmistatud nugade terad praktiliselt ei roosteta, kuid kuna teras on veidi v\u00e4hem kui roostevaba teras (13% kroomist),&hellip;<\/p>\n","protected":false},"featured_media":97428,"template":"","meta":{"_themeisle_gutenberg_block_has_review":false},"product_brand":[],"product_cat":[343,346,341,353,349],"product_tag":[],"class_list":{"0":"post-44358","1":"product","2":"type-product","3":"status-publish","4":"has-post-thumbnail","6":"product_cat-kalapuugi-noad","7":"product_cat-matkanoad","8":"product_cat-premium-ja-eksklusiivsed-noad","9":"product_cat-seenekorjamise-noad","10":"product_cat-taismetallist-noad","12":"first","13":"instock","14":"shipping-taxable","15":"purchasable","16":"product-type-simple"},"yoast_head":"<!-- This site is optimized with the Yoast SEO plugin v27.3 - https:\/\/yoast.com\/product\/yoast-seo-wordpress\/ -->\n<title>Nuga &quot;DAGGER&quot; - D2 k\u00e4sitsi sepistatud nuga - AAKnives<\/title>\n<meta name=\"description\" content=\"Nuga DAGGER Full-Tang - D2 k\u00e4sitsi sepistatud nuga\" \/>\n<meta name=\"robots\" content=\"index, follow, max-snippet:-1, max-image-preview:large, max-video-preview:-1\" \/>\n<link rel=\"canonical\" href=\"https:\/\/aaknives.eu\/et\/product\/nuga-full-tang-d2-kasitsi-sepistatud-nuga\/\" \/>\n<meta property=\"og:locale\" content=\"et_EE\" \/>\n<meta property=\"og:type\" content=\"article\" \/>\n<meta property=\"og:title\" content=\"Nuga &quot;DAGGER&quot; - D2 k\u00e4sitsi sepistatud nuga - AAKnives\" \/>\n<meta property=\"og:description\" content=\"Nuga DAGGER Full-Tang - D2 k\u00e4sitsi sepistatud nuga\" \/>\n<meta property=\"og:url\" content=\"https:\/\/aaknives.eu\/et\/product\/nuga-full-tang-d2-kasitsi-sepistatud-nuga\/\" \/>\n<meta property=\"og:site_name\" content=\"AAKnives\" \/>\n<meta property=\"article:publisher\" content=\"https:\/\/www.facebook.com\/aaknives.eu\/\" \/>\n<meta property=\"article:modified_time\" content=\"2025-02-25T18:25:23+00:00\" \/>\n<meta property=\"og:image\" content=\"https:\/\/aaknives.eu\/wp-content\/uploads\/2021\/09\/aaknives-hand-forged-damascus-steel-blade-knife-handmade-custom-made-knife-handcrafted-knives-autinetools-northmen-4.2.jpg\" \/>\n\t<meta property=\"og:image:width\" content=\"1020\" \/>\n\t<meta property=\"og:image:height\" content=\"880\" \/>\n\t<meta property=\"og:image:type\" content=\"image\/jpeg\" \/>\n<meta name=\"twitter:card\" content=\"summary_large_image\" \/>\n<meta name=\"twitter:label1\" content=\"Est. reading time\" \/>\n\t<meta name=\"twitter:data1\" content=\"1 minut\" \/>\n<script type=\"application\/ld+json\" class=\"yoast-schema-graph\">{\"@context\":\"https:\\\/\\\/schema.org\",\"@graph\":[{\"@type\":\"WebPage\",\"@id\":\"https:\\\/\\\/aaknives.eu\\\/et\\\/product\\\/nuga-full-tang-d2-kasitsi-sepistatud-nuga\\\/\",\"url\":\"https:\\\/\\\/aaknives.eu\\\/et\\\/product\\\/nuga-full-tang-d2-kasitsi-sepistatud-nuga\\\/\",\"name\":\"Nuga \\\"DAGGER\\\" - D2 k\u00e4sitsi sepistatud nuga - AAKnives\",\"isPartOf\":{\"@id\":\"https:\\\/\\\/aaknives.eu\\\/et\\\/#website\"},\"primaryImageOfPage\":{\"@id\":\"https:\\\/\\\/aaknives.eu\\\/et\\\/product\\\/nuga-full-tang-d2-kasitsi-sepistatud-nuga\\\/#primaryimage\"},\"image\":{\"@id\":\"https:\\\/\\\/aaknives.eu\\\/et\\\/product\\\/nuga-full-tang-d2-kasitsi-sepistatud-nuga\\\/#primaryimage\"},\"thumbnailUrl\":\"https:\\\/\\\/aaknives.eu\\\/wp-content\\\/uploads\\\/2021\\\/09\\\/aaknives-hand-forged-damascus-steel-blade-knife-handmade-custom-made-knife-handcrafted-knives-autinetools-northmen-4.2.jpg\",\"datePublished\":\"2021-09-20T20:25:11+00:00\",\"dateModified\":\"2025-02-25T18:25:23+00:00\",\"description\":\"Nuga DAGGER Full-Tang - D2 k\u00e4sitsi sepistatud nuga\",\"breadcrumb\":{\"@id\":\"https:\\\/\\\/aaknives.eu\\\/et\\\/product\\\/nuga-full-tang-d2-kasitsi-sepistatud-nuga\\\/#breadcrumb\"},\"inLanguage\":\"et\",\"potentialAction\":[{\"@type\":\"ReadAction\",\"target\":[\"https:\\\/\\\/aaknives.eu\\\/et\\\/product\\\/nuga-full-tang-d2-kasitsi-sepistatud-nuga\\\/\"]}]},{\"@type\":\"ImageObject\",\"inLanguage\":\"et\",\"@id\":\"https:\\\/\\\/aaknives.eu\\\/et\\\/product\\\/nuga-full-tang-d2-kasitsi-sepistatud-nuga\\\/#primaryimage\",\"url\":\"https:\\\/\\\/aaknives.eu\\\/wp-content\\\/uploads\\\/2021\\\/09\\\/aaknives-hand-forged-damascus-steel-blade-knife-handmade-custom-made-knife-handcrafted-knives-autinetools-northmen-4.2.jpg\",\"contentUrl\":\"https:\\\/\\\/aaknives.eu\\\/wp-content\\\/uploads\\\/2021\\\/09\\\/aaknives-hand-forged-damascus-steel-blade-knife-handmade-custom-made-knife-handcrafted-knives-autinetools-northmen-4.2.jpg\",\"width\":1020,\"height\":880},{\"@type\":\"BreadcrumbList\",\"@id\":\"https:\\\/\\\/aaknives.eu\\\/et\\\/product\\\/nuga-full-tang-d2-kasitsi-sepistatud-nuga\\\/#breadcrumb\",\"itemListElement\":[{\"@type\":\"ListItem\",\"position\":1,\"name\":\"Home\",\"item\":\"https:\\\/\\\/aaknives.eu\\\/et\\\/kodu\\\/\"},{\"@type\":\"ListItem\",\"position\":2,\"name\":\"Kauplus\",\"item\":\"https:\\\/\\\/aaknives.eu\\\/et\\\/kauplus\\\/\"},{\"@type\":\"ListItem\",\"position\":3,\"name\":\"Private: Nuga &#8220;DAGGER&#8221; &#8211; D2 k\u00e4sitsi sepistatud nuga\"}]},{\"@type\":\"WebSite\",\"@id\":\"https:\\\/\\\/aaknives.eu\\\/et\\\/#website\",\"url\":\"https:\\\/\\\/aaknives.eu\\\/et\\\/\",\"name\":\"AAKnives\",\"description\":\"Handmade knives\",\"publisher\":{\"@id\":\"https:\\\/\\\/aaknives.eu\\\/et\\\/#organization\"},\"potentialAction\":[{\"@type\":\"SearchAction\",\"target\":{\"@type\":\"EntryPoint\",\"urlTemplate\":\"https:\\\/\\\/aaknives.eu\\\/et\\\/?s={search_term_string}\"},\"query-input\":{\"@type\":\"PropertyValueSpecification\",\"valueRequired\":true,\"valueName\":\"search_term_string\"}}],\"inLanguage\":\"et\"},{\"@type\":\"Organization\",\"@id\":\"https:\\\/\\\/aaknives.eu\\\/et\\\/#organization\",\"name\":\"AAKnives\",\"url\":\"https:\\\/\\\/aaknives.eu\\\/et\\\/\",\"logo\":{\"@type\":\"ImageObject\",\"inLanguage\":\"et\",\"@id\":\"https:\\\/\\\/aaknives.eu\\\/et\\\/#\\\/schema\\\/logo\\\/image\\\/\",\"url\":\"https:\\\/\\\/aaknives.eu\\\/wp-content\\\/uploads\\\/2021\\\/10\\\/AAknives_Logo_Green.png\",\"contentUrl\":\"https:\\\/\\\/aaknives.eu\\\/wp-content\\\/uploads\\\/2021\\\/10\\\/AAknives_Logo_Green.png\",\"width\":1768,\"height\":1768,\"caption\":\"AAKnives\"},\"image\":{\"@id\":\"https:\\\/\\\/aaknives.eu\\\/et\\\/#\\\/schema\\\/logo\\\/image\\\/\"},\"sameAs\":[\"https:\\\/\\\/www.facebook.com\\\/aaknives.eu\\\/\",\"https:\\\/\\\/www.instagram.com\\\/aaknives\\\/\",\"https:\\\/\\\/www.pinterest.com\\\/aa_knives\\\/\",\"https:\\\/\\\/www.youtube.com\\\/channel\\\/UCHOQFjrOkgT6s4FIw9LDKyw\\\/featured\"]}]}<\/script>\n<!-- \/ Yoast SEO plugin. -->","yoast_head_json":{"title":"Nuga \"DAGGER\" - D2 k\u00e4sitsi sepistatud nuga - AAKnives","description":"Nuga DAGGER Full-Tang - D2 k\u00e4sitsi sepistatud nuga","robots":{"index":"index","follow":"follow","max-snippet":"max-snippet:-1","max-image-preview":"max-image-preview:large","max-video-preview":"max-video-preview:-1"},"canonical":"https:\/\/aaknives.eu\/et\/product\/nuga-full-tang-d2-kasitsi-sepistatud-nuga\/","og_locale":"et_EE","og_type":"article","og_title":"Nuga \"DAGGER\" - D2 k\u00e4sitsi sepistatud nuga - AAKnives","og_description":"Nuga DAGGER Full-Tang - D2 k\u00e4sitsi sepistatud nuga","og_url":"https:\/\/aaknives.eu\/et\/product\/nuga-full-tang-d2-kasitsi-sepistatud-nuga\/","og_site_name":"AAKnives","article_publisher":"https:\/\/www.facebook.com\/aaknives.eu\/","article_modified_time":"2025-02-25T18:25:23+00:00","og_image":[{"width":1020,"height":880,"url":"https:\/\/aaknives.eu\/wp-content\/uploads\/2021\/09\/aaknives-hand-forged-damascus-steel-blade-knife-handmade-custom-made-knife-handcrafted-knives-autinetools-northmen-4.2.jpg","type":"image\/jpeg"}],"twitter_card":"summary_large_image","twitter_misc":{"Est. reading time":"1 minut"},"schema":{"@context":"https:\/\/schema.org","@graph":[{"@type":"WebPage","@id":"https:\/\/aaknives.eu\/et\/product\/nuga-full-tang-d2-kasitsi-sepistatud-nuga\/","url":"https:\/\/aaknives.eu\/et\/product\/nuga-full-tang-d2-kasitsi-sepistatud-nuga\/","name":"Nuga \"DAGGER\" - D2 k\u00e4sitsi sepistatud nuga - AAKnives","isPartOf":{"@id":"https:\/\/aaknives.eu\/et\/#website"},"primaryImageOfPage":{"@id":"https:\/\/aaknives.eu\/et\/product\/nuga-full-tang-d2-kasitsi-sepistatud-nuga\/#primaryimage"},"image":{"@id":"https:\/\/aaknives.eu\/et\/product\/nuga-full-tang-d2-kasitsi-sepistatud-nuga\/#primaryimage"},"thumbnailUrl":"https:\/\/aaknives.eu\/wp-content\/uploads\/2021\/09\/aaknives-hand-forged-damascus-steel-blade-knife-handmade-custom-made-knife-handcrafted-knives-autinetools-northmen-4.2.jpg","datePublished":"2021-09-20T20:25:11+00:00","dateModified":"2025-02-25T18:25:23+00:00","description":"Nuga DAGGER Full-Tang - D2 k\u00e4sitsi sepistatud nuga","breadcrumb":{"@id":"https:\/\/aaknives.eu\/et\/product\/nuga-full-tang-d2-kasitsi-sepistatud-nuga\/#breadcrumb"},"inLanguage":"et","potentialAction":[{"@type":"ReadAction","target":["https:\/\/aaknives.eu\/et\/product\/nuga-full-tang-d2-kasitsi-sepistatud-nuga\/"]}]},{"@type":"ImageObject","inLanguage":"et","@id":"https:\/\/aaknives.eu\/et\/product\/nuga-full-tang-d2-kasitsi-sepistatud-nuga\/#primaryimage","url":"https:\/\/aaknives.eu\/wp-content\/uploads\/2021\/09\/aaknives-hand-forged-damascus-steel-blade-knife-handmade-custom-made-knife-handcrafted-knives-autinetools-northmen-4.2.jpg","contentUrl":"https:\/\/aaknives.eu\/wp-content\/uploads\/2021\/09\/aaknives-hand-forged-damascus-steel-blade-knife-handmade-custom-made-knife-handcrafted-knives-autinetools-northmen-4.2.jpg","width":1020,"height":880},{"@type":"BreadcrumbList","@id":"https:\/\/aaknives.eu\/et\/product\/nuga-full-tang-d2-kasitsi-sepistatud-nuga\/#breadcrumb","itemListElement":[{"@type":"ListItem","position":1,"name":"Home","item":"https:\/\/aaknives.eu\/et\/kodu\/"},{"@type":"ListItem","position":2,"name":"Kauplus","item":"https:\/\/aaknives.eu\/et\/kauplus\/"},{"@type":"ListItem","position":3,"name":"Private: Nuga &#8220;DAGGER&#8221; &#8211; D2 k\u00e4sitsi sepistatud nuga"}]},{"@type":"WebSite","@id":"https:\/\/aaknives.eu\/et\/#website","url":"https:\/\/aaknives.eu\/et\/","name":"AAKnives","description":"Handmade knives","publisher":{"@id":"https:\/\/aaknives.eu\/et\/#organization"},"potentialAction":[{"@type":"SearchAction","target":{"@type":"EntryPoint","urlTemplate":"https:\/\/aaknives.eu\/et\/?s={search_term_string}"},"query-input":{"@type":"PropertyValueSpecification","valueRequired":true,"valueName":"search_term_string"}}],"inLanguage":"et"},{"@type":"Organization","@id":"https:\/\/aaknives.eu\/et\/#organization","name":"AAKnives","url":"https:\/\/aaknives.eu\/et\/","logo":{"@type":"ImageObject","inLanguage":"et","@id":"https:\/\/aaknives.eu\/et\/#\/schema\/logo\/image\/","url":"https:\/\/aaknives.eu\/wp-content\/uploads\/2021\/10\/AAknives_Logo_Green.png","contentUrl":"https:\/\/aaknives.eu\/wp-content\/uploads\/2021\/10\/AAknives_Logo_Green.png","width":1768,"height":1768,"caption":"AAKnives"},"image":{"@id":"https:\/\/aaknives.eu\/et\/#\/schema\/logo\/image\/"},"sameAs":["https:\/\/www.facebook.com\/aaknives.eu\/","https:\/\/www.instagram.com\/aaknives\/","https:\/\/www.pinterest.com\/aa_knives\/","https:\/\/www.youtube.com\/channel\/UCHOQFjrOkgT6s4FIw9LDKyw\/featured"]}]}},"_links":{"self":[{"href":"https:\/\/aaknives.eu\/et\/wp-json\/wp\/v2\/product\/44358","targetHints":{"allow":["GET"]}}],"collection":[{"href":"https:\/\/aaknives.eu\/et\/wp-json\/wp\/v2\/product"}],"about":[{"href":"https:\/\/aaknives.eu\/et\/wp-json\/wp\/v2\/types\/product"}],"wp:featuredmedia":[{"embeddable":true,"href":"https:\/\/aaknives.eu\/et\/wp-json\/wp\/v2\/media\/97428"}],"wp:attachment":[{"href":"https:\/\/aaknives.eu\/et\/wp-json\/wp\/v2\/media?parent=44358"}],"wp:term":[{"taxonomy":"product_brand","embeddable":true,"href":"https:\/\/aaknives.eu\/et\/wp-json\/wp\/v2\/product_brand?post=44358"},{"taxonomy":"product_cat","embeddable":true,"href":"https:\/\/aaknives.eu\/et\/wp-json\/wp\/v2\/product_cat?post=44358"},{"taxonomy":"product_tag","embeddable":true,"href":"https:\/\/aaknives.eu\/et\/wp-json\/wp\/v2\/product_tag?post=44358"}],"curies":[{"name":"wp","href":"https:\/\/api.w.org\/{rel}","templated":true}]}}