{"id":44384,"date":"2021-09-20T20:24:47","date_gmt":"2021-09-20T20:24:47","guid":{"rendered":"https:\/\/aaknives.eu\/product\/lati-jounuga-lachplesis-3-sepistatud-roostevaba-teras\/"},"modified":"2025-03-07T12:15:58","modified_gmt":"2025-03-07T12:15:58","slug":"lati-jounuga-lachplesis-3-sepistatud-roostevaba-teras","status":"publish","type":"product","link":"https:\/\/aaknives.eu\/et\/product\/lati-jounuga-lachplesis-3-sepistatud-roostevaba-teras\/","title":{"rendered":"L\u00e4ti j\u00f5unuga &#8221;LACHPLESIS-3&#8221;, sepistatud roostevaba teras"},"content":{"rendered":"<p>JUMIS &#8211; KAEVU M\u00c4RK &#8211; USINSH &#8211; MARA RIST &#8211; \u00c4IKESERIST &#8211; AUSTRA PUU &#8211; AUSEKLIS &#8211; ADDER<\/p>\n<p>Noa tehnilised andmed: &#8221;LACHPLESIS-3&#8221; (Karutapja)<br \/>\nTeras: sepistatud roostevabast terasest 12C27<br \/>\nK\u00f5vadus: 57-58 HRC<br \/>\nTera pikkus (mm): 5 tolli pikkusega: 127 \/ 5 tolli<br \/>\nTera paksus (mm): 3 \/0,12 tolli<br \/>\nTera laius (mm): 32 \/1,26 tolli<br \/>\nK\u00e4epide: Bubinga puit: Aafrika bubinga<br \/>\nKogupikkus (mm): 250 \/ 9,84<\/p>\n<p>&nbsp;<\/p>\n<div class=\"_1i6a\">\n<div class=\"_4po3 _4poa\">\n<div class=\"_4po5\">\n<div class=\"_4po8\">\n<div class=\"_4po9\">\n<div>\n<div>\n<div class=\"_4tdt _ua1\">\n<div class=\"_ua2\">\n<div class=\"_4tdv\">\n<div class=\"_5wd4 _1nc7\">\n<div class=\"._1dlq _h8t\">\n<div class=\"_5wd9 direction_ltr clearfix\">\n<div class=\"_1e-x _n4o\">\n<div class=\"_3_bl\">\n<div class=\"_5w1r _3_om _5wdf\">\n<div class=\"_4gx_\">\n<div class=\"_1aa6\">\n<div class=\"\"><span class=\"_5yl5\">Kuigi L\u00e4ti 101. aastap\u00e4ev on m\u00f6\u00f6das, tasub siiski m\u00f5elda tunnetele, mida iga\u00fcks meist m\u00e4letab, sest esimene 100. aastap\u00e4ev on eriline ja ka v\u00f5imalus elada selle ajastul, kuid meie rahva juured ulatuvad kaugemale minevikku. Ajad muutuvad, inimesed muutuvad, kuid on asju, mis on aja jooksul muutunud peaaegu iseenesestm\u00f5istetavaks, sest need on osa meie identiteedist. L\u00e4ti m\u00e4rgid. Kootud v\u00f6\u00f6desse, kootud kinnastesse, graveeritud kividesse ja relvadesse, nii et nende olemasolu kaitseb eba\u00f5nne eest, toob \u00f5nne, edu, tervist ja j\u00f5ukust. Iga jahimees valmistub jahiks ja v\u00f5tab kaasa oma parimad jahivahendid, kuid loodus tekitab m\u00f5nikord olukordi, kus isegi suurep\u00e4rased teadmised ja aastatepikkune kogemus kaalub \u00fcles tavaline \u00f5nn, mis kellelegi juhtub sagedamini, kuid teistele harvemini, mist\u00f5ttu tasub ehk m\u00f5elda v\u00e4\u00e4rtustele, mida meie esivanemad pidasid \u00f5nnelikuks. AAKnives pakub v\u00e4ga erilist nugade seeriat -&#8221; L\u00e4ti 100&#8221;. Kombineerides kvaliteetsed k\u00e4sitsi valmistatud noad ja dekoratiivsed L\u00e4ti v\u00f5imsuse m\u00e4rgid k\u00e4epidemel, saab selle omanik mitte ainult visuaalselt kauni noa, mis on suurep\u00e4rane t\u00e4iendus kollektsioonile, vaid ka suurep\u00e4rane t\u00f6\u00f6vahend. Kaunilt tasakaalustatud vormid, naturaalsetes toonides puun\u00f5elad ja erinevad l\u00e4ti j\u00f5um\u00e4rgid igale maitsele. <\/span><\/div>\n<div class=\"\"><span class=\"_5yl5\">Nugade k\u00e4epidemetel on palju erinevaid l\u00e4ti m\u00e4rke, n\u00e4iteks &#8211;<\/span><\/div>\n<div class=\"\"><span class=\"_5yl5\"> JUMIS, mis s\u00fcmboliseerivad elu, rikkust, kahekordset \u00f5nne, viljakust ja j\u00f5ukust. <\/span><\/div>\n<div class=\"\"><span class=\"_5yl5\">AKA &#8211; Kaevu m\u00e4rk. P\u00e4ikese ja maa s\u00fcmbol, mis kaitseb oma omanikku eba\u00f5nnestumise eest, kaitseb perekonda ja kodu, s\u00fcmboliseerib teatud korda ja uut algust. <\/span><\/div>\n<div class=\"\"><span class=\"_5yl5\">ZALKTIS &#8211; (madu) on tarkuse, teadmiste ja kodu kaitse s\u00fcmbol. Elu ja uuenemise energia. <\/span><\/div>\n<div class=\"\"><span class=\"_5yl5\">AUSEKLIS &#8211; Inimeste kaitsja. Valguse v\u00f5it pimeduse \u00fcle. Kaitseb kurja eest. <\/span><\/div>\n<div class=\"\"><span class=\"_5yl5\">MARA Rist, mida oma positiivse energia t\u00f5ttu kujutatakse sageli leival, toob \u00f5nne ja head tervist, kaitseb eba\u00f5nne eest. Mara on emaduse k\u00f5rgeim jumalikkus. Lahendus ja t\u00e4ielikkus. <\/span><\/div>\n<div class=\"\"><span class=\"_5yl5\">Nuga sobib ka suurep\u00e4raseks ja l\u00e4bim\u00f5eldud kingituseks s\u00f5brale v\u00f5i l\u00e4hedasele, kuid pidage meeles, et kingituse saaja peab andma vastutasuks m\u00fcndi &#8211; see on vana l\u00e4ti \u00fctlus! <\/span><\/div>\n<\/div>\n<\/div>\n<\/div>\n<\/div>\n<p>&nbsp;<\/p>\n<\/div>\n<\/div>\n<\/div>\n<div class=\"_40qi\"><\/div>\n<\/div>\n<\/div>\n<\/div>\n<\/div>\n<\/div>\n<\/div>\n<div class=\"_4gd0\">\n<div><\/div>\n<\/div>\n<div class=\"_4gd0\">\n<div class=\"_510g\"><\/div>\n<\/div>\n<\/div>\n<\/div>\n<\/div>\n<\/div>\n<\/div>\n<div class=\"fbNubFlyoutFooter\" data-testid=\"composer_root\">\n<div class=\"_1d4_\" role=\"presentation\">\n<div class=\"_552h\">\n<div class=\"\">\n<div tabindex=\"-1\">\n<div class=\"_5rp7 _5rp8\">\n<div class=\"_5rpb\">\n<div class=\"notranslate _5rpu\" role=\"combobox\" contenteditable=\"true\" spellcheck=\"true\" aria-autocomplete=\"list\" aria-controls=\"js_46\" aria-describedby=\"placeholder-fb8dt\" aria-expanded=\"false\">\n<div data-contents=\"true\">\n<div data-block=\"true\" data-editor=\"fb8dt\" data-offset-key=\"9l77l-0-0\"><\/div>\n<\/div>\n<\/div>\n<\/div>\n<\/div>\n<\/div>\n<\/div>\n<\/div>\n<\/div>\n<\/div>\n","protected":false},"excerpt":{"rendered":"<p>JUMIS &#8211; KAEVU M\u00c4RK &#8211; USINSH &#8211; MARA RIST &#8211; \u00c4IKESERIST &#8211; AUSTRA PUU &#8211; AUSEKLIS &#8211; ADDER Noa tehnilised andmed: &#8221;LACHPLESIS-3&#8221; (Karutapja) Teras: sepistatud roostevabast terasest 12C27 K\u00f5vadus: 57-58 HRC Tera pikkus (mm): 5 tolli pikkusega: 127 \/ 5 tolli Tera paksus (mm): 3 \/0,12 tolli Tera laius (mm): 32 \/1,26 tolli K\u00e4epide: Bubinga puit: Aafrika bubinga Kogupikkus (mm): 250 \/ 9,84 &nbsp; Kuigi L\u00e4ti 101. aastap\u00e4ev on m\u00f6\u00f6das, tasub siiski m\u00f5elda tunnetele, mida iga\u00fcks meist m\u00e4letab, sest esimene 100. aastap\u00e4ev on eriline ja ka v\u00f5imalus elada selle ajastul, kuid meie rahva juured ulatuvad kaugemale minevikku. Ajad muutuvad, inimesed&hellip;<\/p>\n","protected":false},"featured_media":67957,"template":"","meta":{"_themeisle_gutenberg_block_has_review":false},"product_brand":[],"product_cat":[345,343,352,346],"product_tag":[],"class_list":{"0":"post-44384","1":"product","2":"type-product","3":"status-publish","4":"has-post-thumbnail","6":"product_cat-jahinoad","7":"product_cat-kalapuugi-noad","8":"product_cat-lati-jounoad","9":"product_cat-matkanoad","11":"first","12":"instock","13":"shipping-taxable","14":"purchasable","15":"product-type-simple"},"yoast_head":"<!-- This site is optimized with the Yoast SEO plugin v27.5 - https:\/\/yoast.com\/product\/yoast-seo-wordpress\/ -->\n<title>L\u00e4ti j\u00f5unuga &#039;&#039;LACHPLESIS-3&#039;&#039;, sepistatud roostevaba teras - AAKnives<\/title>\n<meta name=\"robots\" content=\"index, follow, max-snippet:-1, max-image-preview:large, max-video-preview:-1\" \/>\n<link rel=\"canonical\" href=\"https:\/\/aaknives.eu\/et\/product\/lati-jounuga-lachplesis-3-sepistatud-roostevaba-teras\/\" \/>\n<meta property=\"og:locale\" content=\"et_EE\" \/>\n<meta property=\"og:type\" content=\"article\" \/>\n<meta property=\"og:title\" content=\"L\u00e4ti j\u00f5unuga &#039;&#039;LACHPLESIS-3&#039;&#039;, sepistatud roostevaba teras - AAKnives\" \/>\n<meta property=\"og:description\" content=\"JUMIS &#8211; KAEVU M\u00c4RK &#8211; USINSH &#8211; MARA RIST &#8211; \u00c4IKESERIST &#8211; AUSTRA PUU &#8211; AUSEKLIS &#8211; ADDER Noa tehnilised andmed: &#8221;LACHPLESIS-3&#8221; (Karutapja) Teras: sepistatud roostevabast terasest 12C27 K\u00f5vadus: 57-58 HRC Tera pikkus (mm): 5 tolli pikkusega: 127 \/ 5 tolli Tera paksus (mm): 3 \/0,12 tolli Tera laius (mm): 32 \/1,26 tolli K\u00e4epide: Bubinga puit: Aafrika bubinga Kogupikkus (mm): 250 \/ 9,84 &nbsp; Kuigi L\u00e4ti 101. aastap\u00e4ev on m\u00f6\u00f6das, tasub siiski m\u00f5elda tunnetele, mida iga\u00fcks meist m\u00e4letab, sest esimene 100. aastap\u00e4ev on eriline ja ka v\u00f5imalus elada selle ajastul, kuid meie rahva juured ulatuvad kaugemale minevikku. Ajad muutuvad, inimesed&hellip;\" \/>\n<meta property=\"og:url\" content=\"https:\/\/aaknives.eu\/et\/product\/lati-jounuga-lachplesis-3-sepistatud-roostevaba-teras\/\" \/>\n<meta property=\"og:site_name\" content=\"AAKnives\" \/>\n<meta property=\"article:publisher\" content=\"https:\/\/www.facebook.com\/aaknives.eu\/\" \/>\n<meta property=\"article:modified_time\" content=\"2025-03-07T12:15:58+00:00\" \/>\n<meta property=\"og:image\" content=\"https:\/\/aaknives.eu\/wp-content\/uploads\/2021\/09\/aaknives-hand-forged-dabascus-steel-blade-knife-handmade-custom-made-knife-handcrafted-knives-autinetools-northmen-26.2-3.jpg\" \/>\n\t<meta property=\"og:image:width\" content=\"1020\" \/>\n\t<meta property=\"og:image:height\" content=\"880\" \/>\n\t<meta property=\"og:image:type\" content=\"image\/jpeg\" \/>\n<meta name=\"twitter:card\" content=\"summary_large_image\" \/>\n<meta name=\"twitter:label1\" content=\"Est. reading time\" \/>\n\t<meta name=\"twitter:data1\" content=\"2 minutit\" \/>\n<script type=\"application\/ld+json\" class=\"yoast-schema-graph\">{\"@context\":\"https:\\\/\\\/schema.org\",\"@graph\":[{\"@type\":\"WebPage\",\"@id\":\"https:\\\/\\\/aaknives.eu\\\/et\\\/product\\\/lati-jounuga-lachplesis-3-sepistatud-roostevaba-teras\\\/\",\"url\":\"https:\\\/\\\/aaknives.eu\\\/et\\\/product\\\/lati-jounuga-lachplesis-3-sepistatud-roostevaba-teras\\\/\",\"name\":\"L\u00e4ti j\u00f5unuga ''LACHPLESIS-3'', sepistatud roostevaba teras - AAKnives\",\"isPartOf\":{\"@id\":\"https:\\\/\\\/aaknives.eu\\\/et\\\/#website\"},\"primaryImageOfPage\":{\"@id\":\"https:\\\/\\\/aaknives.eu\\\/et\\\/product\\\/lati-jounuga-lachplesis-3-sepistatud-roostevaba-teras\\\/#primaryimage\"},\"image\":{\"@id\":\"https:\\\/\\\/aaknives.eu\\\/et\\\/product\\\/lati-jounuga-lachplesis-3-sepistatud-roostevaba-teras\\\/#primaryimage\"},\"thumbnailUrl\":\"https:\\\/\\\/aaknives.eu\\\/wp-content\\\/uploads\\\/2021\\\/09\\\/aaknives-hand-forged-dabascus-steel-blade-knife-handmade-custom-made-knife-handcrafted-knives-autinetools-northmen-26.2-3.jpg\",\"datePublished\":\"2021-09-20T20:24:47+00:00\",\"dateModified\":\"2025-03-07T12:15:58+00:00\",\"breadcrumb\":{\"@id\":\"https:\\\/\\\/aaknives.eu\\\/et\\\/product\\\/lati-jounuga-lachplesis-3-sepistatud-roostevaba-teras\\\/#breadcrumb\"},\"inLanguage\":\"et\",\"potentialAction\":[{\"@type\":\"ReadAction\",\"target\":[\"https:\\\/\\\/aaknives.eu\\\/et\\\/product\\\/lati-jounuga-lachplesis-3-sepistatud-roostevaba-teras\\\/\"]}]},{\"@type\":\"ImageObject\",\"inLanguage\":\"et\",\"@id\":\"https:\\\/\\\/aaknives.eu\\\/et\\\/product\\\/lati-jounuga-lachplesis-3-sepistatud-roostevaba-teras\\\/#primaryimage\",\"url\":\"https:\\\/\\\/aaknives.eu\\\/wp-content\\\/uploads\\\/2021\\\/09\\\/aaknives-hand-forged-dabascus-steel-blade-knife-handmade-custom-made-knife-handcrafted-knives-autinetools-northmen-26.2-3.jpg\",\"contentUrl\":\"https:\\\/\\\/aaknives.eu\\\/wp-content\\\/uploads\\\/2021\\\/09\\\/aaknives-hand-forged-dabascus-steel-blade-knife-handmade-custom-made-knife-handcrafted-knives-autinetools-northmen-26.2-3.jpg\",\"width\":1020,\"height\":880},{\"@type\":\"BreadcrumbList\",\"@id\":\"https:\\\/\\\/aaknives.eu\\\/et\\\/product\\\/lati-jounuga-lachplesis-3-sepistatud-roostevaba-teras\\\/#breadcrumb\",\"itemListElement\":[{\"@type\":\"ListItem\",\"position\":1,\"name\":\"Home\",\"item\":\"https:\\\/\\\/aaknives.eu\\\/et\\\/kodu\\\/\"},{\"@type\":\"ListItem\",\"position\":2,\"name\":\"Kauplus\",\"item\":\"https:\\\/\\\/aaknives.eu\\\/et\\\/kauplus\\\/\"},{\"@type\":\"ListItem\",\"position\":3,\"name\":\"L\u00e4ti j\u00f5unuga &#8221;LACHPLESIS-3&#8221;, sepistatud roostevaba teras\"}]},{\"@type\":\"WebSite\",\"@id\":\"https:\\\/\\\/aaknives.eu\\\/et\\\/#website\",\"url\":\"https:\\\/\\\/aaknives.eu\\\/et\\\/\",\"name\":\"AAKnives\",\"description\":\"Handmade knives\",\"publisher\":{\"@id\":\"https:\\\/\\\/aaknives.eu\\\/et\\\/#organization\"},\"potentialAction\":[{\"@type\":\"SearchAction\",\"target\":{\"@type\":\"EntryPoint\",\"urlTemplate\":\"https:\\\/\\\/aaknives.eu\\\/et\\\/?s={search_term_string}\"},\"query-input\":{\"@type\":\"PropertyValueSpecification\",\"valueRequired\":true,\"valueName\":\"search_term_string\"}}],\"inLanguage\":\"et\"},{\"@type\":\"Organization\",\"@id\":\"https:\\\/\\\/aaknives.eu\\\/et\\\/#organization\",\"name\":\"AAKnives\",\"url\":\"https:\\\/\\\/aaknives.eu\\\/et\\\/\",\"logo\":{\"@type\":\"ImageObject\",\"inLanguage\":\"et\",\"@id\":\"https:\\\/\\\/aaknives.eu\\\/et\\\/#\\\/schema\\\/logo\\\/image\\\/\",\"url\":\"https:\\\/\\\/aaknives.eu\\\/wp-content\\\/uploads\\\/2021\\\/10\\\/AAknives_Logo_Green.png\",\"contentUrl\":\"https:\\\/\\\/aaknives.eu\\\/wp-content\\\/uploads\\\/2021\\\/10\\\/AAknives_Logo_Green.png\",\"width\":1768,\"height\":1768,\"caption\":\"AAKnives\"},\"image\":{\"@id\":\"https:\\\/\\\/aaknives.eu\\\/et\\\/#\\\/schema\\\/logo\\\/image\\\/\"},\"sameAs\":[\"https:\\\/\\\/www.facebook.com\\\/aaknives.eu\\\/\",\"https:\\\/\\\/www.instagram.com\\\/aaknives\\\/\",\"https:\\\/\\\/www.pinterest.com\\\/aa_knives\\\/\",\"https:\\\/\\\/www.youtube.com\\\/channel\\\/UCHOQFjrOkgT6s4FIw9LDKyw\\\/featured\"]}]}<\/script>\n<!-- \/ Yoast SEO plugin. -->","yoast_head_json":{"title":"L\u00e4ti j\u00f5unuga ''LACHPLESIS-3'', sepistatud roostevaba teras - AAKnives","robots":{"index":"index","follow":"follow","max-snippet":"max-snippet:-1","max-image-preview":"max-image-preview:large","max-video-preview":"max-video-preview:-1"},"canonical":"https:\/\/aaknives.eu\/et\/product\/lati-jounuga-lachplesis-3-sepistatud-roostevaba-teras\/","og_locale":"et_EE","og_type":"article","og_title":"L\u00e4ti j\u00f5unuga ''LACHPLESIS-3'', sepistatud roostevaba teras - AAKnives","og_description":"JUMIS &#8211; KAEVU M\u00c4RK &#8211; USINSH &#8211; MARA RIST &#8211; \u00c4IKESERIST &#8211; AUSTRA PUU &#8211; AUSEKLIS &#8211; ADDER Noa tehnilised andmed: &#8221;LACHPLESIS-3&#8221; (Karutapja) Teras: sepistatud roostevabast terasest 12C27 K\u00f5vadus: 57-58 HRC Tera pikkus (mm): 5 tolli pikkusega: 127 \/ 5 tolli Tera paksus (mm): 3 \/0,12 tolli Tera laius (mm): 32 \/1,26 tolli K\u00e4epide: Bubinga puit: Aafrika bubinga Kogupikkus (mm): 250 \/ 9,84 &nbsp; Kuigi L\u00e4ti 101. aastap\u00e4ev on m\u00f6\u00f6das, tasub siiski m\u00f5elda tunnetele, mida iga\u00fcks meist m\u00e4letab, sest esimene 100. aastap\u00e4ev on eriline ja ka v\u00f5imalus elada selle ajastul, kuid meie rahva juured ulatuvad kaugemale minevikku. Ajad muutuvad, inimesed&hellip;","og_url":"https:\/\/aaknives.eu\/et\/product\/lati-jounuga-lachplesis-3-sepistatud-roostevaba-teras\/","og_site_name":"AAKnives","article_publisher":"https:\/\/www.facebook.com\/aaknives.eu\/","article_modified_time":"2025-03-07T12:15:58+00:00","og_image":[{"width":1020,"height":880,"url":"https:\/\/aaknives.eu\/wp-content\/uploads\/2021\/09\/aaknives-hand-forged-dabascus-steel-blade-knife-handmade-custom-made-knife-handcrafted-knives-autinetools-northmen-26.2-3.jpg","type":"image\/jpeg"}],"twitter_card":"summary_large_image","twitter_misc":{"Est. reading time":"2 minutit"},"schema":{"@context":"https:\/\/schema.org","@graph":[{"@type":"WebPage","@id":"https:\/\/aaknives.eu\/et\/product\/lati-jounuga-lachplesis-3-sepistatud-roostevaba-teras\/","url":"https:\/\/aaknives.eu\/et\/product\/lati-jounuga-lachplesis-3-sepistatud-roostevaba-teras\/","name":"L\u00e4ti j\u00f5unuga ''LACHPLESIS-3'', sepistatud roostevaba teras - AAKnives","isPartOf":{"@id":"https:\/\/aaknives.eu\/et\/#website"},"primaryImageOfPage":{"@id":"https:\/\/aaknives.eu\/et\/product\/lati-jounuga-lachplesis-3-sepistatud-roostevaba-teras\/#primaryimage"},"image":{"@id":"https:\/\/aaknives.eu\/et\/product\/lati-jounuga-lachplesis-3-sepistatud-roostevaba-teras\/#primaryimage"},"thumbnailUrl":"https:\/\/aaknives.eu\/wp-content\/uploads\/2021\/09\/aaknives-hand-forged-dabascus-steel-blade-knife-handmade-custom-made-knife-handcrafted-knives-autinetools-northmen-26.2-3.jpg","datePublished":"2021-09-20T20:24:47+00:00","dateModified":"2025-03-07T12:15:58+00:00","breadcrumb":{"@id":"https:\/\/aaknives.eu\/et\/product\/lati-jounuga-lachplesis-3-sepistatud-roostevaba-teras\/#breadcrumb"},"inLanguage":"et","potentialAction":[{"@type":"ReadAction","target":["https:\/\/aaknives.eu\/et\/product\/lati-jounuga-lachplesis-3-sepistatud-roostevaba-teras\/"]}]},{"@type":"ImageObject","inLanguage":"et","@id":"https:\/\/aaknives.eu\/et\/product\/lati-jounuga-lachplesis-3-sepistatud-roostevaba-teras\/#primaryimage","url":"https:\/\/aaknives.eu\/wp-content\/uploads\/2021\/09\/aaknives-hand-forged-dabascus-steel-blade-knife-handmade-custom-made-knife-handcrafted-knives-autinetools-northmen-26.2-3.jpg","contentUrl":"https:\/\/aaknives.eu\/wp-content\/uploads\/2021\/09\/aaknives-hand-forged-dabascus-steel-blade-knife-handmade-custom-made-knife-handcrafted-knives-autinetools-northmen-26.2-3.jpg","width":1020,"height":880},{"@type":"BreadcrumbList","@id":"https:\/\/aaknives.eu\/et\/product\/lati-jounuga-lachplesis-3-sepistatud-roostevaba-teras\/#breadcrumb","itemListElement":[{"@type":"ListItem","position":1,"name":"Home","item":"https:\/\/aaknives.eu\/et\/kodu\/"},{"@type":"ListItem","position":2,"name":"Kauplus","item":"https:\/\/aaknives.eu\/et\/kauplus\/"},{"@type":"ListItem","position":3,"name":"L\u00e4ti j\u00f5unuga &#8221;LACHPLESIS-3&#8221;, sepistatud roostevaba teras"}]},{"@type":"WebSite","@id":"https:\/\/aaknives.eu\/et\/#website","url":"https:\/\/aaknives.eu\/et\/","name":"AAKnives","description":"Handmade knives","publisher":{"@id":"https:\/\/aaknives.eu\/et\/#organization"},"potentialAction":[{"@type":"SearchAction","target":{"@type":"EntryPoint","urlTemplate":"https:\/\/aaknives.eu\/et\/?s={search_term_string}"},"query-input":{"@type":"PropertyValueSpecification","valueRequired":true,"valueName":"search_term_string"}}],"inLanguage":"et"},{"@type":"Organization","@id":"https:\/\/aaknives.eu\/et\/#organization","name":"AAKnives","url":"https:\/\/aaknives.eu\/et\/","logo":{"@type":"ImageObject","inLanguage":"et","@id":"https:\/\/aaknives.eu\/et\/#\/schema\/logo\/image\/","url":"https:\/\/aaknives.eu\/wp-content\/uploads\/2021\/10\/AAknives_Logo_Green.png","contentUrl":"https:\/\/aaknives.eu\/wp-content\/uploads\/2021\/10\/AAknives_Logo_Green.png","width":1768,"height":1768,"caption":"AAKnives"},"image":{"@id":"https:\/\/aaknives.eu\/et\/#\/schema\/logo\/image\/"},"sameAs":["https:\/\/www.facebook.com\/aaknives.eu\/","https:\/\/www.instagram.com\/aaknives\/","https:\/\/www.pinterest.com\/aa_knives\/","https:\/\/www.youtube.com\/channel\/UCHOQFjrOkgT6s4FIw9LDKyw\/featured"]}]}},"_links":{"self":[{"href":"https:\/\/aaknives.eu\/et\/wp-json\/wp\/v2\/product\/44384","targetHints":{"allow":["GET"]}}],"collection":[{"href":"https:\/\/aaknives.eu\/et\/wp-json\/wp\/v2\/product"}],"about":[{"href":"https:\/\/aaknives.eu\/et\/wp-json\/wp\/v2\/types\/product"}],"wp:featuredmedia":[{"embeddable":true,"href":"https:\/\/aaknives.eu\/et\/wp-json\/wp\/v2\/media\/67957"}],"wp:attachment":[{"href":"https:\/\/aaknives.eu\/et\/wp-json\/wp\/v2\/media?parent=44384"}],"wp:term":[{"taxonomy":"product_brand","embeddable":true,"href":"https:\/\/aaknives.eu\/et\/wp-json\/wp\/v2\/product_brand?post=44384"},{"taxonomy":"product_cat","embeddable":true,"href":"https:\/\/aaknives.eu\/et\/wp-json\/wp\/v2\/product_cat?post=44384"},{"taxonomy":"product_tag","embeddable":true,"href":"https:\/\/aaknives.eu\/et\/wp-json\/wp\/v2\/product_tag?post=44384"}],"curies":[{"name":"wp","href":"https:\/\/api.w.org\/{rel}","templated":true}]}}