{"id":44402,"date":"2021-09-20T20:24:24","date_gmt":"2021-09-20T20:24:24","guid":{"rendered":"https:\/\/aaknives.eu\/product\/nuga-puukko-3-steel-bohler-m390-microclean\/"},"modified":"2021-09-20T20:24:24","modified_gmt":"2021-09-20T20:24:24","slug":"nuga-puukko-3-steel-bohler-m390-microclean","status":"publish","type":"product","link":"https:\/\/aaknives.eu\/et\/product\/nuga-puukko-3-steel-bohler-m390-microclean\/","title":{"rendered":"Nuga &#8221;PUUKKO-3&#8243;, Steel B\u00d6HLER&#8221; M390&#8243; MicroClean"},"content":{"rendered":"<p>Noa tehnilised andmed: &#8221;PUUKKO-3&#8221;<br \/>\nTeras: B\u00d6HLER&#8221; M390&#8243; MicroClean: teras B\u00d6HLER&#8221; M390&#8243; MicroClean<br \/>\nK\u00f5vadus: 62-63 HRC<br \/>\nTera pikkus (mm): 100 \/ 3,93 tolli<br \/>\nTera paksus (mm): 2 \/ 0,07 tolli<br \/>\nTera laius (mm): 27 \/ 1,06 tolli<br \/>\nK\u00e4epide: stabiliseeritud karelian birche<br \/>\nKogupikkus (mm): 220 \/ 8,66 tolli<br \/>\nNugade t\u00fc\u00fcp: jahindus, v\u00e4ljas<br \/>\nPakend: nuga, nahast \u00fcmbris<\/p>\n<p>B\u00f6hler M390 on praegu \u00fcks populaarsemaid teraset\u00fc\u00fcpe. Seda kiidetakse selle suurep\u00e4rase teravuse s\u00e4ilitamise eest.<\/p>\n<p>Miks on B\u00f6hler M390 nii populaarne &#8211; teravuse s\u00e4ilitamine. M390 on nii kulumiskindel, et see s\u00e4ilitab korralikult ka serva kuju. Seega s\u00e4ilitab M390 terasest valmistatud nuga oma teravuse v\u00e4ga kaua. See t\u00e4hendab, et te ei pea nuga nii tihti teritama. See ei ole suurep\u00e4rane mitte ainult sellep\u00e4rast, et noa teritamine v\u00f5tab aega, vaid ka sellep\u00e4rast, et see t\u00e4hendab, et teie nuga kestab kauem.<\/p>\n<p>Lisaks teravuse s\u00e4ilitamisele on M390-l veel m\u00f5ned muud head omadused. Seda saab karastada suhteliselt suure k\u00f5vaduseni, ilma et see kiiresti puruneks. See aga ei t\u00e4henda, et M390 oleks v\u00e4ga k\u00f5va. See t\u00e4hendab, et M390 terast saab v\u00f5rreldes teiste teraset\u00fc\u00fcpidega teritada veidi \u00f5hemaks.<\/p>\n<p>M390 on samuti suhteliselt roostevaba. Suure hulga kroomi t\u00f5ttu ei ole roostel mingit v\u00f5imalust. Eriti kui v\u00f5rrelda seda teiste k\u00f5vade teraset\u00fc\u00fcpidega, mis on tuntud oma teravuse s\u00e4ilitamise poolest, kuid mida v\u00f5ib siiski m\u00f5jutada rooste.<\/p>\n<p>&nbsp;<\/p>\n<p>&nbsp;<\/p>\n<p>&nbsp;<\/p>\n<p>&nbsp;<\/p>\n","protected":false},"excerpt":{"rendered":"<p>Noa tehnilised andmed: &#8221;PUUKKO-3&#8221; Teras: B\u00d6HLER&#8221; M390&#8243; MicroClean: teras B\u00d6HLER&#8221; M390&#8243; MicroClean K\u00f5vadus: 62-63 HRC Tera pikkus (mm): 100 \/ 3,93 tolli Tera paksus (mm): 2 \/ 0,07 tolli Tera laius (mm): 27 \/ 1,06 tolli K\u00e4epide: stabiliseeritud karelian birche Kogupikkus (mm): 220 \/ 8,66 tolli Nugade t\u00fc\u00fcp: jahindus, v\u00e4ljas Pakend: nuga, nahast \u00fcmbris B\u00f6hler M390 on praegu \u00fcks populaarsemaid teraset\u00fc\u00fcpe. Seda kiidetakse selle suurep\u00e4rase teravuse s\u00e4ilitamise eest. Miks on B\u00f6hler M390 nii populaarne &#8211; teravuse s\u00e4ilitamine. M390 on nii kulumiskindel, et see s\u00e4ilitab korralikult ka serva kuju. Seega s\u00e4ilitab M390 terasest valmistatud nuga oma teravuse v\u00e4ga kaua. See t\u00e4hendab,&hellip;<\/p>\n","protected":false},"featured_media":44403,"template":"","meta":{"_themeisle_gutenberg_block_has_review":false},"product_brand":[],"product_cat":[345,343,346],"product_tag":[],"class_list":{"0":"post-44402","1":"product","2":"type-product","3":"status-publish","4":"has-post-thumbnail","6":"product_cat-jahinoad","7":"product_cat-kalapuugi-noad","8":"product_cat-matkanoad","10":"first","11":"instock","12":"shipping-taxable","13":"purchasable","14":"product-type-simple"},"yoast_head":"<!-- This site is optimized with the Yoast SEO plugin v27.3 - https:\/\/yoast.com\/product\/yoast-seo-wordpress\/ -->\n<title>Nuga &#039;&#039;PUUKKO-3&quot;, Steel B\u00d6HLER&quot; M390&quot; MicroClean - AAKnives<\/title>\n<meta name=\"description\" content=\"Nuga &quot;PUUKKO-3&quot;, terasest B\u00d6HLER M390 MicroClean, Rootsi teras, M390 nuga, jahinuga, matkanuga, v\u00e4linuga, kalastusnuga\" \/>\n<meta name=\"robots\" content=\"index, follow, max-snippet:-1, max-image-preview:large, max-video-preview:-1\" \/>\n<link rel=\"canonical\" href=\"https:\/\/aaknives.eu\/et\/product\/nuga-puukko-3-steel-bohler-m390-microclean\/\" \/>\n<meta property=\"og:locale\" content=\"et_EE\" \/>\n<meta property=\"og:type\" content=\"article\" \/>\n<meta property=\"og:title\" content=\"Nuga &#039;&#039;PUUKKO-3&quot;, Steel B\u00d6HLER&quot; M390&quot; MicroClean - AAKnives\" \/>\n<meta property=\"og:description\" content=\"Nuga &quot;PUUKKO-3&quot;, terasest B\u00d6HLER M390 MicroClean, Rootsi teras, M390 nuga, jahinuga, matkanuga, v\u00e4linuga, kalastusnuga\" \/>\n<meta property=\"og:url\" content=\"https:\/\/aaknives.eu\/et\/product\/nuga-puukko-3-steel-bohler-m390-microclean\/\" \/>\n<meta property=\"og:site_name\" content=\"AAKnives\" \/>\n<meta property=\"article:publisher\" content=\"https:\/\/www.facebook.com\/aaknives.eu\/\" \/>\n<meta property=\"og:image\" content=\"https:\/\/aaknives.eu\/wp-content\/uploads\/2021\/09\/aaknives-hand-forged-dabascus-steel-blade-knife-handmade-custom-made-knife-handcrafted-knives-autinetools-northmen-17-1-12.jpg\" \/>\n\t<meta property=\"og:image:width\" content=\"800\" \/>\n\t<meta property=\"og:image:height\" content=\"600\" \/>\n\t<meta property=\"og:image:type\" content=\"image\/jpeg\" \/>\n<meta name=\"twitter:card\" content=\"summary_large_image\" \/>\n<meta name=\"twitter:label1\" content=\"Est. reading time\" \/>\n\t<meta name=\"twitter:data1\" content=\"1 minut\" \/>\n<script type=\"application\/ld+json\" class=\"yoast-schema-graph\">{\"@context\":\"https:\\\/\\\/schema.org\",\"@graph\":[{\"@type\":\"WebPage\",\"@id\":\"https:\\\/\\\/aaknives.eu\\\/et\\\/product\\\/nuga-puukko-3-steel-bohler-m390-microclean\\\/\",\"url\":\"https:\\\/\\\/aaknives.eu\\\/et\\\/product\\\/nuga-puukko-3-steel-bohler-m390-microclean\\\/\",\"name\":\"Nuga ''PUUKKO-3\\\", Steel B\u00d6HLER\\\" M390\\\" MicroClean - AAKnives\",\"isPartOf\":{\"@id\":\"https:\\\/\\\/aaknives.eu\\\/et\\\/#website\"},\"primaryImageOfPage\":{\"@id\":\"https:\\\/\\\/aaknives.eu\\\/et\\\/product\\\/nuga-puukko-3-steel-bohler-m390-microclean\\\/#primaryimage\"},\"image\":{\"@id\":\"https:\\\/\\\/aaknives.eu\\\/et\\\/product\\\/nuga-puukko-3-steel-bohler-m390-microclean\\\/#primaryimage\"},\"thumbnailUrl\":\"https:\\\/\\\/aaknives.eu\\\/wp-content\\\/uploads\\\/2021\\\/09\\\/aaknives-hand-forged-dabascus-steel-blade-knife-handmade-custom-made-knife-handcrafted-knives-autinetools-northmen-17-1-12.jpg\",\"datePublished\":\"2021-09-20T20:24:24+00:00\",\"description\":\"Nuga \\\"PUUKKO-3\\\", terasest B\u00d6HLER M390 MicroClean, Rootsi teras, M390 nuga, jahinuga, matkanuga, v\u00e4linuga, kalastusnuga\",\"breadcrumb\":{\"@id\":\"https:\\\/\\\/aaknives.eu\\\/et\\\/product\\\/nuga-puukko-3-steel-bohler-m390-microclean\\\/#breadcrumb\"},\"inLanguage\":\"et\",\"potentialAction\":[{\"@type\":\"ReadAction\",\"target\":[\"https:\\\/\\\/aaknives.eu\\\/et\\\/product\\\/nuga-puukko-3-steel-bohler-m390-microclean\\\/\"]}]},{\"@type\":\"ImageObject\",\"inLanguage\":\"et\",\"@id\":\"https:\\\/\\\/aaknives.eu\\\/et\\\/product\\\/nuga-puukko-3-steel-bohler-m390-microclean\\\/#primaryimage\",\"url\":\"https:\\\/\\\/aaknives.eu\\\/wp-content\\\/uploads\\\/2021\\\/09\\\/aaknives-hand-forged-dabascus-steel-blade-knife-handmade-custom-made-knife-handcrafted-knives-autinetools-northmen-17-1-12.jpg\",\"contentUrl\":\"https:\\\/\\\/aaknives.eu\\\/wp-content\\\/uploads\\\/2021\\\/09\\\/aaknives-hand-forged-dabascus-steel-blade-knife-handmade-custom-made-knife-handcrafted-knives-autinetools-northmen-17-1-12.jpg\",\"width\":800,\"height\":600,\"caption\":\"aaknives-hand-forged-dabascus-steel-blade-knife-handmade-custom-made-knife-handcrafted-knives-autinetools-northmen-17-1-12\"},{\"@type\":\"BreadcrumbList\",\"@id\":\"https:\\\/\\\/aaknives.eu\\\/et\\\/product\\\/nuga-puukko-3-steel-bohler-m390-microclean\\\/#breadcrumb\",\"itemListElement\":[{\"@type\":\"ListItem\",\"position\":1,\"name\":\"Home\",\"item\":\"https:\\\/\\\/aaknives.eu\\\/et\\\/kodu\\\/\"},{\"@type\":\"ListItem\",\"position\":2,\"name\":\"Kauplus\",\"item\":\"https:\\\/\\\/aaknives.eu\\\/et\\\/kauplus\\\/\"},{\"@type\":\"ListItem\",\"position\":3,\"name\":\"Nuga &#8221;PUUKKO-3&#8243;, Steel B\u00d6HLER&#8221; M390&#8243; MicroClean\"}]},{\"@type\":\"WebSite\",\"@id\":\"https:\\\/\\\/aaknives.eu\\\/et\\\/#website\",\"url\":\"https:\\\/\\\/aaknives.eu\\\/et\\\/\",\"name\":\"AAKnives\",\"description\":\"Handmade knives\",\"publisher\":{\"@id\":\"https:\\\/\\\/aaknives.eu\\\/et\\\/#organization\"},\"potentialAction\":[{\"@type\":\"SearchAction\",\"target\":{\"@type\":\"EntryPoint\",\"urlTemplate\":\"https:\\\/\\\/aaknives.eu\\\/et\\\/?s={search_term_string}\"},\"query-input\":{\"@type\":\"PropertyValueSpecification\",\"valueRequired\":true,\"valueName\":\"search_term_string\"}}],\"inLanguage\":\"et\"},{\"@type\":\"Organization\",\"@id\":\"https:\\\/\\\/aaknives.eu\\\/et\\\/#organization\",\"name\":\"AAKnives\",\"url\":\"https:\\\/\\\/aaknives.eu\\\/et\\\/\",\"logo\":{\"@type\":\"ImageObject\",\"inLanguage\":\"et\",\"@id\":\"https:\\\/\\\/aaknives.eu\\\/et\\\/#\\\/schema\\\/logo\\\/image\\\/\",\"url\":\"https:\\\/\\\/aaknives.eu\\\/wp-content\\\/uploads\\\/2021\\\/10\\\/AAknives_Logo_Green.png\",\"contentUrl\":\"https:\\\/\\\/aaknives.eu\\\/wp-content\\\/uploads\\\/2021\\\/10\\\/AAknives_Logo_Green.png\",\"width\":1768,\"height\":1768,\"caption\":\"AAKnives\"},\"image\":{\"@id\":\"https:\\\/\\\/aaknives.eu\\\/et\\\/#\\\/schema\\\/logo\\\/image\\\/\"},\"sameAs\":[\"https:\\\/\\\/www.facebook.com\\\/aaknives.eu\\\/\",\"https:\\\/\\\/www.instagram.com\\\/aaknives\\\/\",\"https:\\\/\\\/www.pinterest.com\\\/aa_knives\\\/\",\"https:\\\/\\\/www.youtube.com\\\/channel\\\/UCHOQFjrOkgT6s4FIw9LDKyw\\\/featured\"]}]}<\/script>\n<!-- \/ Yoast SEO plugin. -->","yoast_head_json":{"title":"Nuga ''PUUKKO-3\", Steel B\u00d6HLER\" M390\" MicroClean - AAKnives","description":"Nuga \"PUUKKO-3\", terasest B\u00d6HLER M390 MicroClean, Rootsi teras, M390 nuga, jahinuga, matkanuga, v\u00e4linuga, kalastusnuga","robots":{"index":"index","follow":"follow","max-snippet":"max-snippet:-1","max-image-preview":"max-image-preview:large","max-video-preview":"max-video-preview:-1"},"canonical":"https:\/\/aaknives.eu\/et\/product\/nuga-puukko-3-steel-bohler-m390-microclean\/","og_locale":"et_EE","og_type":"article","og_title":"Nuga ''PUUKKO-3\", Steel B\u00d6HLER\" M390\" MicroClean - AAKnives","og_description":"Nuga \"PUUKKO-3\", terasest B\u00d6HLER M390 MicroClean, Rootsi teras, M390 nuga, jahinuga, matkanuga, v\u00e4linuga, kalastusnuga","og_url":"https:\/\/aaknives.eu\/et\/product\/nuga-puukko-3-steel-bohler-m390-microclean\/","og_site_name":"AAKnives","article_publisher":"https:\/\/www.facebook.com\/aaknives.eu\/","og_image":[{"width":800,"height":600,"url":"https:\/\/aaknives.eu\/wp-content\/uploads\/2021\/09\/aaknives-hand-forged-dabascus-steel-blade-knife-handmade-custom-made-knife-handcrafted-knives-autinetools-northmen-17-1-12.jpg","type":"image\/jpeg"}],"twitter_card":"summary_large_image","twitter_misc":{"Est. reading time":"1 minut"},"schema":{"@context":"https:\/\/schema.org","@graph":[{"@type":"WebPage","@id":"https:\/\/aaknives.eu\/et\/product\/nuga-puukko-3-steel-bohler-m390-microclean\/","url":"https:\/\/aaknives.eu\/et\/product\/nuga-puukko-3-steel-bohler-m390-microclean\/","name":"Nuga ''PUUKKO-3\", Steel B\u00d6HLER\" M390\" MicroClean - AAKnives","isPartOf":{"@id":"https:\/\/aaknives.eu\/et\/#website"},"primaryImageOfPage":{"@id":"https:\/\/aaknives.eu\/et\/product\/nuga-puukko-3-steel-bohler-m390-microclean\/#primaryimage"},"image":{"@id":"https:\/\/aaknives.eu\/et\/product\/nuga-puukko-3-steel-bohler-m390-microclean\/#primaryimage"},"thumbnailUrl":"https:\/\/aaknives.eu\/wp-content\/uploads\/2021\/09\/aaknives-hand-forged-dabascus-steel-blade-knife-handmade-custom-made-knife-handcrafted-knives-autinetools-northmen-17-1-12.jpg","datePublished":"2021-09-20T20:24:24+00:00","description":"Nuga \"PUUKKO-3\", terasest B\u00d6HLER M390 MicroClean, Rootsi teras, M390 nuga, jahinuga, matkanuga, v\u00e4linuga, kalastusnuga","breadcrumb":{"@id":"https:\/\/aaknives.eu\/et\/product\/nuga-puukko-3-steel-bohler-m390-microclean\/#breadcrumb"},"inLanguage":"et","potentialAction":[{"@type":"ReadAction","target":["https:\/\/aaknives.eu\/et\/product\/nuga-puukko-3-steel-bohler-m390-microclean\/"]}]},{"@type":"ImageObject","inLanguage":"et","@id":"https:\/\/aaknives.eu\/et\/product\/nuga-puukko-3-steel-bohler-m390-microclean\/#primaryimage","url":"https:\/\/aaknives.eu\/wp-content\/uploads\/2021\/09\/aaknives-hand-forged-dabascus-steel-blade-knife-handmade-custom-made-knife-handcrafted-knives-autinetools-northmen-17-1-12.jpg","contentUrl":"https:\/\/aaknives.eu\/wp-content\/uploads\/2021\/09\/aaknives-hand-forged-dabascus-steel-blade-knife-handmade-custom-made-knife-handcrafted-knives-autinetools-northmen-17-1-12.jpg","width":800,"height":600,"caption":"aaknives-hand-forged-dabascus-steel-blade-knife-handmade-custom-made-knife-handcrafted-knives-autinetools-northmen-17-1-12"},{"@type":"BreadcrumbList","@id":"https:\/\/aaknives.eu\/et\/product\/nuga-puukko-3-steel-bohler-m390-microclean\/#breadcrumb","itemListElement":[{"@type":"ListItem","position":1,"name":"Home","item":"https:\/\/aaknives.eu\/et\/kodu\/"},{"@type":"ListItem","position":2,"name":"Kauplus","item":"https:\/\/aaknives.eu\/et\/kauplus\/"},{"@type":"ListItem","position":3,"name":"Nuga &#8221;PUUKKO-3&#8243;, Steel B\u00d6HLER&#8221; M390&#8243; MicroClean"}]},{"@type":"WebSite","@id":"https:\/\/aaknives.eu\/et\/#website","url":"https:\/\/aaknives.eu\/et\/","name":"AAKnives","description":"Handmade knives","publisher":{"@id":"https:\/\/aaknives.eu\/et\/#organization"},"potentialAction":[{"@type":"SearchAction","target":{"@type":"EntryPoint","urlTemplate":"https:\/\/aaknives.eu\/et\/?s={search_term_string}"},"query-input":{"@type":"PropertyValueSpecification","valueRequired":true,"valueName":"search_term_string"}}],"inLanguage":"et"},{"@type":"Organization","@id":"https:\/\/aaknives.eu\/et\/#organization","name":"AAKnives","url":"https:\/\/aaknives.eu\/et\/","logo":{"@type":"ImageObject","inLanguage":"et","@id":"https:\/\/aaknives.eu\/et\/#\/schema\/logo\/image\/","url":"https:\/\/aaknives.eu\/wp-content\/uploads\/2021\/10\/AAknives_Logo_Green.png","contentUrl":"https:\/\/aaknives.eu\/wp-content\/uploads\/2021\/10\/AAknives_Logo_Green.png","width":1768,"height":1768,"caption":"AAKnives"},"image":{"@id":"https:\/\/aaknives.eu\/et\/#\/schema\/logo\/image\/"},"sameAs":["https:\/\/www.facebook.com\/aaknives.eu\/","https:\/\/www.instagram.com\/aaknives\/","https:\/\/www.pinterest.com\/aa_knives\/","https:\/\/www.youtube.com\/channel\/UCHOQFjrOkgT6s4FIw9LDKyw\/featured"]}]}},"_links":{"self":[{"href":"https:\/\/aaknives.eu\/et\/wp-json\/wp\/v2\/product\/44402","targetHints":{"allow":["GET"]}}],"collection":[{"href":"https:\/\/aaknives.eu\/et\/wp-json\/wp\/v2\/product"}],"about":[{"href":"https:\/\/aaknives.eu\/et\/wp-json\/wp\/v2\/types\/product"}],"wp:featuredmedia":[{"embeddable":true,"href":"https:\/\/aaknives.eu\/et\/wp-json\/wp\/v2\/media\/44403"}],"wp:attachment":[{"href":"https:\/\/aaknives.eu\/et\/wp-json\/wp\/v2\/media?parent=44402"}],"wp:term":[{"taxonomy":"product_brand","embeddable":true,"href":"https:\/\/aaknives.eu\/et\/wp-json\/wp\/v2\/product_brand?post=44402"},{"taxonomy":"product_cat","embeddable":true,"href":"https:\/\/aaknives.eu\/et\/wp-json\/wp\/v2\/product_cat?post=44402"},{"taxonomy":"product_tag","embeddable":true,"href":"https:\/\/aaknives.eu\/et\/wp-json\/wp\/v2\/product_tag?post=44402"}],"curies":[{"name":"wp","href":"https:\/\/api.w.org\/{rel}","templated":true}]}}