{"id":44479,"date":"2021-09-20T20:21:36","date_gmt":"2021-09-20T20:21:36","guid":{"rendered":"https:\/\/aaknives.eu\/product\/nuga-graf-kasitsi-valmistatud-nuga-sepistatud-bulat-wootzi-terasest-teraga-nuga\/"},"modified":"2024-02-06T19:03:14","modified_gmt":"2024-02-06T19:03:14","slug":"nuga-graf-kasitsi-valmistatud-nuga-sepistatud-bulat-wootzi-terasest-teraga-nuga","status":"publish","type":"product","link":"https:\/\/aaknives.eu\/et\/product\/nuga-graf-kasitsi-valmistatud-nuga-sepistatud-bulat-wootzi-terasest-teraga-nuga\/","title":{"rendered":"Nuga HIGHLANDER- k\u00e4sitsi valmistatud nuga, sepistatud Bulat-Wootz terasest tera nuga"},"content":{"rendered":"<p>Nugade tehnilised andmed: HIGHLANDER<br \/>\nTeras: k\u00e4sitsi sepistatud Bulat teras<br \/>\nK\u00f5vadus: 62 HRC<br \/>\nTera pikkus (mm): 120 \/ 4,72 tolli<br \/>\nTera paksus (mm): 3 \/ 0,12 tolli<br \/>\nTera laius (mm): 31 \/ 1,22 tolli<br \/>\nK\u00e4epide: stabiliseeritud karjalane kask<br \/>\nKogupikkus (mm): 250 \/ 9,84 tolli<\/p>\n<p>Bulat &#8211; Wootz Steel<br \/>\nValatud s\u00fcsinikusisaldusega k\u00e4sitsi sepistatud teras<br \/>\nerilise tera konstruktsiooniga, suure k\u00f5vadusega, suurema vastupidavuse ja elastsusega.<br \/>\nIgal Bulat-terasest teral on eriline individuaalne muster.<br \/>\n&#8221;AA noad&#8221; toodab noad, mis on valmistatud legeeritud Bulat terasest, mis p\u00f5hineb metallil H12MF ja ShH15.<\/p>\n<p>Bulat terasnugade eelised:<\/p>\n<p>Suur k\u00f5vadus<br \/>\nSuurem vastupidavus<br \/>\nElastsus<br \/>\nPikaajaline teravus<br \/>\nTera k\u00f5vadus 62-64 HRC.<br \/>\nK\u00e4sitsi valmistatud<\/p>\n","protected":false},"excerpt":{"rendered":"<p>Nugade tehnilised andmed: HIGHLANDER Teras: k\u00e4sitsi sepistatud Bulat teras K\u00f5vadus: 62 HRC Tera pikkus (mm): 120 \/ 4,72 tolli Tera paksus (mm): 3 \/ 0,12 tolli Tera laius (mm): 31 \/ 1,22 tolli K\u00e4epide: stabiliseeritud karjalane kask Kogupikkus (mm): 250 \/ 9,84 tolli Bulat &#8211; Wootz Steel Valatud s\u00fcsinikusisaldusega k\u00e4sitsi sepistatud teras erilise tera konstruktsiooniga, suure k\u00f5vadusega, suurema vastupidavuse ja elastsusega. Igal Bulat-terasest teral on eriline individuaalne muster. &#8221;AA noad&#8221; toodab noad, mis on valmistatud legeeritud Bulat terasest, mis p\u00f5hineb metallil H12MF ja ShH15. Bulat terasnugade eelised: Suur k\u00f5vadus Suurem vastupidavus Elastsus Pikaajaline teravus Tera k\u00f5vadus 62-64 HRC. K\u00e4sitsi valmistatud<\/p>\n","protected":false},"featured_media":46545,"template":"","meta":{"_themeisle_gutenberg_block_has_review":false},"product_brand":[],"product_cat":[345,343,346],"product_tag":[],"class_list":{"0":"post-44479","1":"product","2":"type-product","3":"status-publish","4":"has-post-thumbnail","6":"product_cat-jahinoad","7":"product_cat-kalapuugi-noad","8":"product_cat-matkanoad","10":"first","11":"instock","12":"shipping-taxable","13":"purchasable","14":"product-type-simple"},"yoast_head":"<!-- This site is optimized with the Yoast SEO plugin v27.3 - https:\/\/yoast.com\/product\/yoast-seo-wordpress\/ -->\n<title>Nuga HIGHLANDER- k\u00e4sitsi valmistatud nuga, sepistatud Bulat-Wootz terasest tera nuga - AAKnives<\/title>\n<meta name=\"description\" content=\"Nuga HIGHLANDER- k\u00e4sitsi valmistatud nuga, sepistatud Bulat-Wootz terasest tera nuga\" \/>\n<meta name=\"robots\" content=\"index, follow, max-snippet:-1, max-image-preview:large, max-video-preview:-1\" \/>\n<link rel=\"canonical\" href=\"https:\/\/aaknives.eu\/et\/product\/nuga-graf-kasitsi-valmistatud-nuga-sepistatud-bulat-wootzi-terasest-teraga-nuga\/\" \/>\n<meta property=\"og:locale\" content=\"et_EE\" \/>\n<meta property=\"og:type\" content=\"article\" \/>\n<meta property=\"og:title\" content=\"Nuga HIGHLANDER- k\u00e4sitsi valmistatud nuga, sepistatud Bulat-Wootz terasest tera nuga - AAKnives\" \/>\n<meta property=\"og:description\" content=\"Nuga HIGHLANDER- k\u00e4sitsi valmistatud nuga, sepistatud Bulat-Wootz terasest tera nuga\" \/>\n<meta property=\"og:url\" content=\"https:\/\/aaknives.eu\/et\/product\/nuga-graf-kasitsi-valmistatud-nuga-sepistatud-bulat-wootzi-terasest-teraga-nuga\/\" \/>\n<meta property=\"og:site_name\" content=\"AAKnives\" \/>\n<meta property=\"article:publisher\" content=\"https:\/\/www.facebook.com\/aaknives.eu\/\" \/>\n<meta property=\"article:modified_time\" content=\"2024-02-06T19:03:14+00:00\" \/>\n<meta property=\"og:image\" content=\"https:\/\/aaknives.eu\/wp-content\/uploads\/2021\/09\/aaknives-hand-forged-dabascus-steel-blade-knife-handmade-custom-made-knife-handcrafted-knives-autinetools-northmen-20-2-21.jpg\" \/>\n\t<meta property=\"og:image:width\" content=\"1020\" \/>\n\t<meta property=\"og:image:height\" content=\"880\" \/>\n\t<meta property=\"og:image:type\" content=\"image\/jpeg\" \/>\n<meta name=\"twitter:card\" content=\"summary_large_image\" \/>\n<script type=\"application\/ld+json\" class=\"yoast-schema-graph\">{\"@context\":\"https:\\\/\\\/schema.org\",\"@graph\":[{\"@type\":\"WebPage\",\"@id\":\"https:\\\/\\\/aaknives.eu\\\/et\\\/product\\\/nuga-graf-kasitsi-valmistatud-nuga-sepistatud-bulat-wootzi-terasest-teraga-nuga\\\/\",\"url\":\"https:\\\/\\\/aaknives.eu\\\/et\\\/product\\\/nuga-graf-kasitsi-valmistatud-nuga-sepistatud-bulat-wootzi-terasest-teraga-nuga\\\/\",\"name\":\"Nuga HIGHLANDER- k\u00e4sitsi valmistatud nuga, sepistatud Bulat-Wootz terasest tera nuga - AAKnives\",\"isPartOf\":{\"@id\":\"https:\\\/\\\/aaknives.eu\\\/et\\\/#website\"},\"primaryImageOfPage\":{\"@id\":\"https:\\\/\\\/aaknives.eu\\\/et\\\/product\\\/nuga-graf-kasitsi-valmistatud-nuga-sepistatud-bulat-wootzi-terasest-teraga-nuga\\\/#primaryimage\"},\"image\":{\"@id\":\"https:\\\/\\\/aaknives.eu\\\/et\\\/product\\\/nuga-graf-kasitsi-valmistatud-nuga-sepistatud-bulat-wootzi-terasest-teraga-nuga\\\/#primaryimage\"},\"thumbnailUrl\":\"https:\\\/\\\/aaknives.eu\\\/wp-content\\\/uploads\\\/2021\\\/09\\\/aaknives-hand-forged-dabascus-steel-blade-knife-handmade-custom-made-knife-handcrafted-knives-autinetools-northmen-20-2-21.jpg\",\"datePublished\":\"2021-09-20T20:21:36+00:00\",\"dateModified\":\"2024-02-06T19:03:14+00:00\",\"description\":\"Nuga HIGHLANDER- k\u00e4sitsi valmistatud nuga, sepistatud Bulat-Wootz terasest tera nuga\",\"breadcrumb\":{\"@id\":\"https:\\\/\\\/aaknives.eu\\\/et\\\/product\\\/nuga-graf-kasitsi-valmistatud-nuga-sepistatud-bulat-wootzi-terasest-teraga-nuga\\\/#breadcrumb\"},\"inLanguage\":\"et\",\"potentialAction\":[{\"@type\":\"ReadAction\",\"target\":[\"https:\\\/\\\/aaknives.eu\\\/et\\\/product\\\/nuga-graf-kasitsi-valmistatud-nuga-sepistatud-bulat-wootzi-terasest-teraga-nuga\\\/\"]}]},{\"@type\":\"ImageObject\",\"inLanguage\":\"et\",\"@id\":\"https:\\\/\\\/aaknives.eu\\\/et\\\/product\\\/nuga-graf-kasitsi-valmistatud-nuga-sepistatud-bulat-wootzi-terasest-teraga-nuga\\\/#primaryimage\",\"url\":\"https:\\\/\\\/aaknives.eu\\\/wp-content\\\/uploads\\\/2021\\\/09\\\/aaknives-hand-forged-dabascus-steel-blade-knife-handmade-custom-made-knife-handcrafted-knives-autinetools-northmen-20-2-21.jpg\",\"contentUrl\":\"https:\\\/\\\/aaknives.eu\\\/wp-content\\\/uploads\\\/2021\\\/09\\\/aaknives-hand-forged-dabascus-steel-blade-knife-handmade-custom-made-knife-handcrafted-knives-autinetools-northmen-20-2-21.jpg\",\"width\":1020,\"height\":880,\"caption\":\"aaknives k\u00e4sitsi sepistatud dabascuse teras nuga k\u00e4sitsi valmistatud custom made nuga k\u00e4sit\u00f6\u00f6noad autinetools northmen 20 2 21\"},{\"@type\":\"BreadcrumbList\",\"@id\":\"https:\\\/\\\/aaknives.eu\\\/et\\\/product\\\/nuga-graf-kasitsi-valmistatud-nuga-sepistatud-bulat-wootzi-terasest-teraga-nuga\\\/#breadcrumb\",\"itemListElement\":[{\"@type\":\"ListItem\",\"position\":1,\"name\":\"Home\",\"item\":\"https:\\\/\\\/aaknives.eu\\\/et\\\/kodu\\\/\"},{\"@type\":\"ListItem\",\"position\":2,\"name\":\"Kauplus\",\"item\":\"https:\\\/\\\/aaknives.eu\\\/et\\\/kauplus\\\/\"},{\"@type\":\"ListItem\",\"position\":3,\"name\":\"Nuga HIGHLANDER- k\u00e4sitsi valmistatud nuga, sepistatud Bulat-Wootz terasest tera nuga\"}]},{\"@type\":\"WebSite\",\"@id\":\"https:\\\/\\\/aaknives.eu\\\/et\\\/#website\",\"url\":\"https:\\\/\\\/aaknives.eu\\\/et\\\/\",\"name\":\"AAKnives\",\"description\":\"Handmade knives\",\"publisher\":{\"@id\":\"https:\\\/\\\/aaknives.eu\\\/et\\\/#organization\"},\"potentialAction\":[{\"@type\":\"SearchAction\",\"target\":{\"@type\":\"EntryPoint\",\"urlTemplate\":\"https:\\\/\\\/aaknives.eu\\\/et\\\/?s={search_term_string}\"},\"query-input\":{\"@type\":\"PropertyValueSpecification\",\"valueRequired\":true,\"valueName\":\"search_term_string\"}}],\"inLanguage\":\"et\"},{\"@type\":\"Organization\",\"@id\":\"https:\\\/\\\/aaknives.eu\\\/et\\\/#organization\",\"name\":\"AAKnives\",\"url\":\"https:\\\/\\\/aaknives.eu\\\/et\\\/\",\"logo\":{\"@type\":\"ImageObject\",\"inLanguage\":\"et\",\"@id\":\"https:\\\/\\\/aaknives.eu\\\/et\\\/#\\\/schema\\\/logo\\\/image\\\/\",\"url\":\"https:\\\/\\\/aaknives.eu\\\/wp-content\\\/uploads\\\/2021\\\/10\\\/AAknives_Logo_Green.png\",\"contentUrl\":\"https:\\\/\\\/aaknives.eu\\\/wp-content\\\/uploads\\\/2021\\\/10\\\/AAknives_Logo_Green.png\",\"width\":1768,\"height\":1768,\"caption\":\"AAKnives\"},\"image\":{\"@id\":\"https:\\\/\\\/aaknives.eu\\\/et\\\/#\\\/schema\\\/logo\\\/image\\\/\"},\"sameAs\":[\"https:\\\/\\\/www.facebook.com\\\/aaknives.eu\\\/\",\"https:\\\/\\\/www.instagram.com\\\/aaknives\\\/\",\"https:\\\/\\\/www.pinterest.com\\\/aa_knives\\\/\",\"https:\\\/\\\/www.youtube.com\\\/channel\\\/UCHOQFjrOkgT6s4FIw9LDKyw\\\/featured\"]}]}<\/script>\n<!-- \/ Yoast SEO plugin. -->","yoast_head_json":{"title":"Nuga HIGHLANDER- k\u00e4sitsi valmistatud nuga, sepistatud Bulat-Wootz terasest tera nuga - AAKnives","description":"Nuga HIGHLANDER- k\u00e4sitsi valmistatud nuga, sepistatud Bulat-Wootz terasest tera nuga","robots":{"index":"index","follow":"follow","max-snippet":"max-snippet:-1","max-image-preview":"max-image-preview:large","max-video-preview":"max-video-preview:-1"},"canonical":"https:\/\/aaknives.eu\/et\/product\/nuga-graf-kasitsi-valmistatud-nuga-sepistatud-bulat-wootzi-terasest-teraga-nuga\/","og_locale":"et_EE","og_type":"article","og_title":"Nuga HIGHLANDER- k\u00e4sitsi valmistatud nuga, sepistatud Bulat-Wootz terasest tera nuga - AAKnives","og_description":"Nuga HIGHLANDER- k\u00e4sitsi valmistatud nuga, sepistatud Bulat-Wootz terasest tera nuga","og_url":"https:\/\/aaknives.eu\/et\/product\/nuga-graf-kasitsi-valmistatud-nuga-sepistatud-bulat-wootzi-terasest-teraga-nuga\/","og_site_name":"AAKnives","article_publisher":"https:\/\/www.facebook.com\/aaknives.eu\/","article_modified_time":"2024-02-06T19:03:14+00:00","og_image":[{"width":1020,"height":880,"url":"https:\/\/aaknives.eu\/wp-content\/uploads\/2021\/09\/aaknives-hand-forged-dabascus-steel-blade-knife-handmade-custom-made-knife-handcrafted-knives-autinetools-northmen-20-2-21.jpg","type":"image\/jpeg"}],"twitter_card":"summary_large_image","schema":{"@context":"https:\/\/schema.org","@graph":[{"@type":"WebPage","@id":"https:\/\/aaknives.eu\/et\/product\/nuga-graf-kasitsi-valmistatud-nuga-sepistatud-bulat-wootzi-terasest-teraga-nuga\/","url":"https:\/\/aaknives.eu\/et\/product\/nuga-graf-kasitsi-valmistatud-nuga-sepistatud-bulat-wootzi-terasest-teraga-nuga\/","name":"Nuga HIGHLANDER- k\u00e4sitsi valmistatud nuga, sepistatud Bulat-Wootz terasest tera nuga - AAKnives","isPartOf":{"@id":"https:\/\/aaknives.eu\/et\/#website"},"primaryImageOfPage":{"@id":"https:\/\/aaknives.eu\/et\/product\/nuga-graf-kasitsi-valmistatud-nuga-sepistatud-bulat-wootzi-terasest-teraga-nuga\/#primaryimage"},"image":{"@id":"https:\/\/aaknives.eu\/et\/product\/nuga-graf-kasitsi-valmistatud-nuga-sepistatud-bulat-wootzi-terasest-teraga-nuga\/#primaryimage"},"thumbnailUrl":"https:\/\/aaknives.eu\/wp-content\/uploads\/2021\/09\/aaknives-hand-forged-dabascus-steel-blade-knife-handmade-custom-made-knife-handcrafted-knives-autinetools-northmen-20-2-21.jpg","datePublished":"2021-09-20T20:21:36+00:00","dateModified":"2024-02-06T19:03:14+00:00","description":"Nuga HIGHLANDER- k\u00e4sitsi valmistatud nuga, sepistatud Bulat-Wootz terasest tera nuga","breadcrumb":{"@id":"https:\/\/aaknives.eu\/et\/product\/nuga-graf-kasitsi-valmistatud-nuga-sepistatud-bulat-wootzi-terasest-teraga-nuga\/#breadcrumb"},"inLanguage":"et","potentialAction":[{"@type":"ReadAction","target":["https:\/\/aaknives.eu\/et\/product\/nuga-graf-kasitsi-valmistatud-nuga-sepistatud-bulat-wootzi-terasest-teraga-nuga\/"]}]},{"@type":"ImageObject","inLanguage":"et","@id":"https:\/\/aaknives.eu\/et\/product\/nuga-graf-kasitsi-valmistatud-nuga-sepistatud-bulat-wootzi-terasest-teraga-nuga\/#primaryimage","url":"https:\/\/aaknives.eu\/wp-content\/uploads\/2021\/09\/aaknives-hand-forged-dabascus-steel-blade-knife-handmade-custom-made-knife-handcrafted-knives-autinetools-northmen-20-2-21.jpg","contentUrl":"https:\/\/aaknives.eu\/wp-content\/uploads\/2021\/09\/aaknives-hand-forged-dabascus-steel-blade-knife-handmade-custom-made-knife-handcrafted-knives-autinetools-northmen-20-2-21.jpg","width":1020,"height":880,"caption":"aaknives k\u00e4sitsi sepistatud dabascuse teras nuga k\u00e4sitsi valmistatud custom made nuga k\u00e4sit\u00f6\u00f6noad autinetools northmen 20 2 21"},{"@type":"BreadcrumbList","@id":"https:\/\/aaknives.eu\/et\/product\/nuga-graf-kasitsi-valmistatud-nuga-sepistatud-bulat-wootzi-terasest-teraga-nuga\/#breadcrumb","itemListElement":[{"@type":"ListItem","position":1,"name":"Home","item":"https:\/\/aaknives.eu\/et\/kodu\/"},{"@type":"ListItem","position":2,"name":"Kauplus","item":"https:\/\/aaknives.eu\/et\/kauplus\/"},{"@type":"ListItem","position":3,"name":"Nuga HIGHLANDER- k\u00e4sitsi valmistatud nuga, sepistatud Bulat-Wootz terasest tera nuga"}]},{"@type":"WebSite","@id":"https:\/\/aaknives.eu\/et\/#website","url":"https:\/\/aaknives.eu\/et\/","name":"AAKnives","description":"Handmade knives","publisher":{"@id":"https:\/\/aaknives.eu\/et\/#organization"},"potentialAction":[{"@type":"SearchAction","target":{"@type":"EntryPoint","urlTemplate":"https:\/\/aaknives.eu\/et\/?s={search_term_string}"},"query-input":{"@type":"PropertyValueSpecification","valueRequired":true,"valueName":"search_term_string"}}],"inLanguage":"et"},{"@type":"Organization","@id":"https:\/\/aaknives.eu\/et\/#organization","name":"AAKnives","url":"https:\/\/aaknives.eu\/et\/","logo":{"@type":"ImageObject","inLanguage":"et","@id":"https:\/\/aaknives.eu\/et\/#\/schema\/logo\/image\/","url":"https:\/\/aaknives.eu\/wp-content\/uploads\/2021\/10\/AAknives_Logo_Green.png","contentUrl":"https:\/\/aaknives.eu\/wp-content\/uploads\/2021\/10\/AAknives_Logo_Green.png","width":1768,"height":1768,"caption":"AAKnives"},"image":{"@id":"https:\/\/aaknives.eu\/et\/#\/schema\/logo\/image\/"},"sameAs":["https:\/\/www.facebook.com\/aaknives.eu\/","https:\/\/www.instagram.com\/aaknives\/","https:\/\/www.pinterest.com\/aa_knives\/","https:\/\/www.youtube.com\/channel\/UCHOQFjrOkgT6s4FIw9LDKyw\/featured"]}]}},"_links":{"self":[{"href":"https:\/\/aaknives.eu\/et\/wp-json\/wp\/v2\/product\/44479","targetHints":{"allow":["GET"]}}],"collection":[{"href":"https:\/\/aaknives.eu\/et\/wp-json\/wp\/v2\/product"}],"about":[{"href":"https:\/\/aaknives.eu\/et\/wp-json\/wp\/v2\/types\/product"}],"wp:featuredmedia":[{"embeddable":true,"href":"https:\/\/aaknives.eu\/et\/wp-json\/wp\/v2\/media\/46545"}],"wp:attachment":[{"href":"https:\/\/aaknives.eu\/et\/wp-json\/wp\/v2\/media?parent=44479"}],"wp:term":[{"taxonomy":"product_brand","embeddable":true,"href":"https:\/\/aaknives.eu\/et\/wp-json\/wp\/v2\/product_brand?post=44479"},{"taxonomy":"product_cat","embeddable":true,"href":"https:\/\/aaknives.eu\/et\/wp-json\/wp\/v2\/product_cat?post=44479"},{"taxonomy":"product_tag","embeddable":true,"href":"https:\/\/aaknives.eu\/et\/wp-json\/wp\/v2\/product_tag?post=44479"}],"curies":[{"name":"wp","href":"https:\/\/api.w.org\/{rel}","templated":true}]}}