{"id":44558,"date":"2021-09-20T20:24:00","date_gmt":"2021-09-20T20:24:00","guid":{"rendered":"https:\/\/aaknives.eu\/product\/heast-sepistatud-roostevabast-terasest-nuga-fisherman\/"},"modified":"2024-02-06T16:50:40","modified_gmt":"2024-02-06T16:50:40","slug":"heast-sepistatud-roostevabast-terasest-nuga-fisherman-2","status":"publish","type":"product","link":"https:\/\/aaknives.eu\/et\/product\/heast-sepistatud-roostevabast-terasest-nuga-fisherman-2\/","title":{"rendered":"Heast sepistatud roostevabast terasest nuga &#8221;FISHERMAN&#8221;"},"content":{"rendered":"<p>Nugade andmed: &#8221;FISHERMAN&#8221;.<br \/>\nTeras: sepistatud roostevaba teras 65H13 (65X13)<br \/>\nK\u00f5vadus: 56-58 HRC.<br \/>\nTera pikkus (mm): 140 \/ 5,74 tolli<br \/>\nTera paksus (mm): 3,5 \/ 0,13 tolli<br \/>\nTera laius (mm): 22 \/ 0,86 tolli<br \/>\nK\u00e4epide: Bubingopuit: Aafrika Bubingopuit<br \/>\nKogupikkus (mm): 255 \/ 11,1 tolli<\/p>\n","protected":false},"excerpt":{"rendered":"<p>Nugade andmed: &#8221;FISHERMAN&#8221;. Teras: sepistatud roostevaba teras 65H13 (65X13) K\u00f5vadus: 56-58 HRC. Tera pikkus (mm): 140 \/ 5,74 tolli Tera paksus (mm): 3,5 \/ 0,13 tolli Tera laius (mm): 22 \/ 0,86 tolli K\u00e4epide: Bubingopuit: Aafrika Bubingopuit Kogupikkus (mm): 255 \/ 11,1 tolli<\/p>\n","protected":false},"featured_media":46059,"template":"","meta":{"_themeisle_gutenberg_block_has_review":false},"product_brand":[],"product_cat":[343,346],"product_tag":[],"class_list":{"0":"post-44558","1":"product","2":"type-product","3":"status-publish","4":"has-post-thumbnail","6":"product_cat-kalapuugi-noad","7":"product_cat-matkanoad","9":"first","10":"instock","11":"shipping-taxable","12":"purchasable","13":"product-type-simple"},"yoast_head":"<!-- This site is optimized with the Yoast SEO plugin v27.5 - https:\/\/yoast.com\/product\/yoast-seo-wordpress\/ -->\n<title>Heast sepistatud roostevabast terasest nuga &#039;&#039;FISHERMAN&#039;&#039; - AAKnives<\/title>\n<meta name=\"description\" content=\"Heast sepistatud roostevabast terasest nuga. aaknives jahinuga, k\u00e4sitsi valmistatud noad, k\u00e4sitsi valmistatud sepistatud nuga, sepistatud nuga, sepistatud nuga L\u00e4tis,\" \/>\n<meta name=\"robots\" content=\"index, follow, max-snippet:-1, max-image-preview:large, max-video-preview:-1\" \/>\n<link rel=\"canonical\" href=\"https:\/\/aaknives.eu\/et\/product\/heast-sepistatud-roostevabast-terasest-nuga-fisherman-2\/\" \/>\n<meta property=\"og:locale\" content=\"et_EE\" \/>\n<meta property=\"og:type\" content=\"article\" \/>\n<meta property=\"og:title\" content=\"Heast sepistatud roostevabast terasest nuga &#039;&#039;FISHERMAN&#039;&#039; - AAKnives\" \/>\n<meta property=\"og:description\" content=\"Heast sepistatud roostevabast terasest nuga. aaknives jahinuga, k\u00e4sitsi valmistatud noad, k\u00e4sitsi valmistatud sepistatud nuga, sepistatud nuga, sepistatud nuga L\u00e4tis,\" \/>\n<meta property=\"og:url\" content=\"https:\/\/aaknives.eu\/et\/product\/heast-sepistatud-roostevabast-terasest-nuga-fisherman-2\/\" \/>\n<meta property=\"og:site_name\" content=\"AAKnives\" \/>\n<meta property=\"article:publisher\" content=\"https:\/\/www.facebook.com\/aaknives.eu\/\" \/>\n<meta property=\"article:modified_time\" content=\"2024-02-06T16:50:40+00:00\" \/>\n<meta property=\"og:image\" content=\"https:\/\/aaknives.eu\/wp-content\/uploads\/2021\/09\/aaknives-hand-forged-dabascus-steel-blade-knife-handmade-custom-made-knife-handcrafted-knives-autinetools-northmen-23-2-17.jpg\" \/>\n\t<meta property=\"og:image:width\" content=\"1020\" \/>\n\t<meta property=\"og:image:height\" content=\"880\" \/>\n\t<meta property=\"og:image:type\" content=\"image\/jpeg\" \/>\n<meta name=\"twitter:card\" content=\"summary_large_image\" \/>\n<script type=\"application\/ld+json\" class=\"yoast-schema-graph\">{\"@context\":\"https:\\\/\\\/schema.org\",\"@graph\":[{\"@type\":\"WebPage\",\"@id\":\"https:\\\/\\\/aaknives.eu\\\/et\\\/product\\\/heast-sepistatud-roostevabast-terasest-nuga-fisherman-2\\\/\",\"url\":\"https:\\\/\\\/aaknives.eu\\\/et\\\/product\\\/heast-sepistatud-roostevabast-terasest-nuga-fisherman-2\\\/\",\"name\":\"Heast sepistatud roostevabast terasest nuga ''FISHERMAN'' - AAKnives\",\"isPartOf\":{\"@id\":\"https:\\\/\\\/aaknives.eu\\\/et\\\/#website\"},\"primaryImageOfPage\":{\"@id\":\"https:\\\/\\\/aaknives.eu\\\/et\\\/product\\\/heast-sepistatud-roostevabast-terasest-nuga-fisherman-2\\\/#primaryimage\"},\"image\":{\"@id\":\"https:\\\/\\\/aaknives.eu\\\/et\\\/product\\\/heast-sepistatud-roostevabast-terasest-nuga-fisherman-2\\\/#primaryimage\"},\"thumbnailUrl\":\"https:\\\/\\\/aaknives.eu\\\/wp-content\\\/uploads\\\/2021\\\/09\\\/aaknives-hand-forged-dabascus-steel-blade-knife-handmade-custom-made-knife-handcrafted-knives-autinetools-northmen-23-2-17.jpg\",\"datePublished\":\"2021-09-20T20:24:00+00:00\",\"dateModified\":\"2024-02-06T16:50:40+00:00\",\"description\":\"Heast sepistatud roostevabast terasest nuga. aaknives jahinuga, k\u00e4sitsi valmistatud noad, k\u00e4sitsi valmistatud sepistatud nuga, sepistatud nuga, sepistatud nuga L\u00e4tis,\",\"breadcrumb\":{\"@id\":\"https:\\\/\\\/aaknives.eu\\\/et\\\/product\\\/heast-sepistatud-roostevabast-terasest-nuga-fisherman-2\\\/#breadcrumb\"},\"inLanguage\":\"et\",\"potentialAction\":[{\"@type\":\"ReadAction\",\"target\":[\"https:\\\/\\\/aaknives.eu\\\/et\\\/product\\\/heast-sepistatud-roostevabast-terasest-nuga-fisherman-2\\\/\"]}]},{\"@type\":\"ImageObject\",\"inLanguage\":\"et\",\"@id\":\"https:\\\/\\\/aaknives.eu\\\/et\\\/product\\\/heast-sepistatud-roostevabast-terasest-nuga-fisherman-2\\\/#primaryimage\",\"url\":\"https:\\\/\\\/aaknives.eu\\\/wp-content\\\/uploads\\\/2021\\\/09\\\/aaknives-hand-forged-dabascus-steel-blade-knife-handmade-custom-made-knife-handcrafted-knives-autinetools-northmen-23-2-17.jpg\",\"contentUrl\":\"https:\\\/\\\/aaknives.eu\\\/wp-content\\\/uploads\\\/2021\\\/09\\\/aaknives-hand-forged-dabascus-steel-blade-knife-handmade-custom-made-knife-handcrafted-knives-autinetools-northmen-23-2-17.jpg\",\"width\":1020,\"height\":880,\"caption\":\"aaknives k\u00e4sitsi sepistatud dabascuse teras nuga k\u00e4sitsi valmistatud custom made nuga k\u00e4sit\u00f6\u00f6noad autinetools northmen 23 2 17\"},{\"@type\":\"BreadcrumbList\",\"@id\":\"https:\\\/\\\/aaknives.eu\\\/et\\\/product\\\/heast-sepistatud-roostevabast-terasest-nuga-fisherman-2\\\/#breadcrumb\",\"itemListElement\":[{\"@type\":\"ListItem\",\"position\":1,\"name\":\"Home\",\"item\":\"https:\\\/\\\/aaknives.eu\\\/et\\\/kodu\\\/\"},{\"@type\":\"ListItem\",\"position\":2,\"name\":\"Kauplus\",\"item\":\"https:\\\/\\\/aaknives.eu\\\/et\\\/kauplus\\\/\"},{\"@type\":\"ListItem\",\"position\":3,\"name\":\"Heast sepistatud roostevabast terasest nuga &#8221;FISHERMAN&#8221;\"}]},{\"@type\":\"WebSite\",\"@id\":\"https:\\\/\\\/aaknives.eu\\\/et\\\/#website\",\"url\":\"https:\\\/\\\/aaknives.eu\\\/et\\\/\",\"name\":\"AAKnives\",\"description\":\"Handmade knives\",\"publisher\":{\"@id\":\"https:\\\/\\\/aaknives.eu\\\/et\\\/#organization\"},\"potentialAction\":[{\"@type\":\"SearchAction\",\"target\":{\"@type\":\"EntryPoint\",\"urlTemplate\":\"https:\\\/\\\/aaknives.eu\\\/et\\\/?s={search_term_string}\"},\"query-input\":{\"@type\":\"PropertyValueSpecification\",\"valueRequired\":true,\"valueName\":\"search_term_string\"}}],\"inLanguage\":\"et\"},{\"@type\":\"Organization\",\"@id\":\"https:\\\/\\\/aaknives.eu\\\/et\\\/#organization\",\"name\":\"AAKnives\",\"url\":\"https:\\\/\\\/aaknives.eu\\\/et\\\/\",\"logo\":{\"@type\":\"ImageObject\",\"inLanguage\":\"et\",\"@id\":\"https:\\\/\\\/aaknives.eu\\\/et\\\/#\\\/schema\\\/logo\\\/image\\\/\",\"url\":\"https:\\\/\\\/aaknives.eu\\\/wp-content\\\/uploads\\\/2021\\\/10\\\/AAknives_Logo_Green.png\",\"contentUrl\":\"https:\\\/\\\/aaknives.eu\\\/wp-content\\\/uploads\\\/2021\\\/10\\\/AAknives_Logo_Green.png\",\"width\":1768,\"height\":1768,\"caption\":\"AAKnives\"},\"image\":{\"@id\":\"https:\\\/\\\/aaknives.eu\\\/et\\\/#\\\/schema\\\/logo\\\/image\\\/\"},\"sameAs\":[\"https:\\\/\\\/www.facebook.com\\\/aaknives.eu\\\/\",\"https:\\\/\\\/www.instagram.com\\\/aaknives\\\/\",\"https:\\\/\\\/www.pinterest.com\\\/aa_knives\\\/\",\"https:\\\/\\\/www.youtube.com\\\/channel\\\/UCHOQFjrOkgT6s4FIw9LDKyw\\\/featured\"]}]}<\/script>\n<!-- \/ Yoast SEO plugin. -->","yoast_head_json":{"title":"Heast sepistatud roostevabast terasest nuga ''FISHERMAN'' - AAKnives","description":"Heast sepistatud roostevabast terasest nuga. aaknives jahinuga, k\u00e4sitsi valmistatud noad, k\u00e4sitsi valmistatud sepistatud nuga, sepistatud nuga, sepistatud nuga L\u00e4tis,","robots":{"index":"index","follow":"follow","max-snippet":"max-snippet:-1","max-image-preview":"max-image-preview:large","max-video-preview":"max-video-preview:-1"},"canonical":"https:\/\/aaknives.eu\/et\/product\/heast-sepistatud-roostevabast-terasest-nuga-fisherman-2\/","og_locale":"et_EE","og_type":"article","og_title":"Heast sepistatud roostevabast terasest nuga ''FISHERMAN'' - AAKnives","og_description":"Heast sepistatud roostevabast terasest nuga. aaknives jahinuga, k\u00e4sitsi valmistatud noad, k\u00e4sitsi valmistatud sepistatud nuga, sepistatud nuga, sepistatud nuga L\u00e4tis,","og_url":"https:\/\/aaknives.eu\/et\/product\/heast-sepistatud-roostevabast-terasest-nuga-fisherman-2\/","og_site_name":"AAKnives","article_publisher":"https:\/\/www.facebook.com\/aaknives.eu\/","article_modified_time":"2024-02-06T16:50:40+00:00","og_image":[{"width":1020,"height":880,"url":"https:\/\/aaknives.eu\/wp-content\/uploads\/2021\/09\/aaknives-hand-forged-dabascus-steel-blade-knife-handmade-custom-made-knife-handcrafted-knives-autinetools-northmen-23-2-17.jpg","type":"image\/jpeg"}],"twitter_card":"summary_large_image","schema":{"@context":"https:\/\/schema.org","@graph":[{"@type":"WebPage","@id":"https:\/\/aaknives.eu\/et\/product\/heast-sepistatud-roostevabast-terasest-nuga-fisherman-2\/","url":"https:\/\/aaknives.eu\/et\/product\/heast-sepistatud-roostevabast-terasest-nuga-fisherman-2\/","name":"Heast sepistatud roostevabast terasest nuga ''FISHERMAN'' - AAKnives","isPartOf":{"@id":"https:\/\/aaknives.eu\/et\/#website"},"primaryImageOfPage":{"@id":"https:\/\/aaknives.eu\/et\/product\/heast-sepistatud-roostevabast-terasest-nuga-fisherman-2\/#primaryimage"},"image":{"@id":"https:\/\/aaknives.eu\/et\/product\/heast-sepistatud-roostevabast-terasest-nuga-fisherman-2\/#primaryimage"},"thumbnailUrl":"https:\/\/aaknives.eu\/wp-content\/uploads\/2021\/09\/aaknives-hand-forged-dabascus-steel-blade-knife-handmade-custom-made-knife-handcrafted-knives-autinetools-northmen-23-2-17.jpg","datePublished":"2021-09-20T20:24:00+00:00","dateModified":"2024-02-06T16:50:40+00:00","description":"Heast sepistatud roostevabast terasest nuga. aaknives jahinuga, k\u00e4sitsi valmistatud noad, k\u00e4sitsi valmistatud sepistatud nuga, sepistatud nuga, sepistatud nuga L\u00e4tis,","breadcrumb":{"@id":"https:\/\/aaknives.eu\/et\/product\/heast-sepistatud-roostevabast-terasest-nuga-fisherman-2\/#breadcrumb"},"inLanguage":"et","potentialAction":[{"@type":"ReadAction","target":["https:\/\/aaknives.eu\/et\/product\/heast-sepistatud-roostevabast-terasest-nuga-fisherman-2\/"]}]},{"@type":"ImageObject","inLanguage":"et","@id":"https:\/\/aaknives.eu\/et\/product\/heast-sepistatud-roostevabast-terasest-nuga-fisherman-2\/#primaryimage","url":"https:\/\/aaknives.eu\/wp-content\/uploads\/2021\/09\/aaknives-hand-forged-dabascus-steel-blade-knife-handmade-custom-made-knife-handcrafted-knives-autinetools-northmen-23-2-17.jpg","contentUrl":"https:\/\/aaknives.eu\/wp-content\/uploads\/2021\/09\/aaknives-hand-forged-dabascus-steel-blade-knife-handmade-custom-made-knife-handcrafted-knives-autinetools-northmen-23-2-17.jpg","width":1020,"height":880,"caption":"aaknives k\u00e4sitsi sepistatud dabascuse teras nuga k\u00e4sitsi valmistatud custom made nuga k\u00e4sit\u00f6\u00f6noad autinetools northmen 23 2 17"},{"@type":"BreadcrumbList","@id":"https:\/\/aaknives.eu\/et\/product\/heast-sepistatud-roostevabast-terasest-nuga-fisherman-2\/#breadcrumb","itemListElement":[{"@type":"ListItem","position":1,"name":"Home","item":"https:\/\/aaknives.eu\/et\/kodu\/"},{"@type":"ListItem","position":2,"name":"Kauplus","item":"https:\/\/aaknives.eu\/et\/kauplus\/"},{"@type":"ListItem","position":3,"name":"Heast sepistatud roostevabast terasest nuga &#8221;FISHERMAN&#8221;"}]},{"@type":"WebSite","@id":"https:\/\/aaknives.eu\/et\/#website","url":"https:\/\/aaknives.eu\/et\/","name":"AAKnives","description":"Handmade knives","publisher":{"@id":"https:\/\/aaknives.eu\/et\/#organization"},"potentialAction":[{"@type":"SearchAction","target":{"@type":"EntryPoint","urlTemplate":"https:\/\/aaknives.eu\/et\/?s={search_term_string}"},"query-input":{"@type":"PropertyValueSpecification","valueRequired":true,"valueName":"search_term_string"}}],"inLanguage":"et"},{"@type":"Organization","@id":"https:\/\/aaknives.eu\/et\/#organization","name":"AAKnives","url":"https:\/\/aaknives.eu\/et\/","logo":{"@type":"ImageObject","inLanguage":"et","@id":"https:\/\/aaknives.eu\/et\/#\/schema\/logo\/image\/","url":"https:\/\/aaknives.eu\/wp-content\/uploads\/2021\/10\/AAknives_Logo_Green.png","contentUrl":"https:\/\/aaknives.eu\/wp-content\/uploads\/2021\/10\/AAknives_Logo_Green.png","width":1768,"height":1768,"caption":"AAKnives"},"image":{"@id":"https:\/\/aaknives.eu\/et\/#\/schema\/logo\/image\/"},"sameAs":["https:\/\/www.facebook.com\/aaknives.eu\/","https:\/\/www.instagram.com\/aaknives\/","https:\/\/www.pinterest.com\/aa_knives\/","https:\/\/www.youtube.com\/channel\/UCHOQFjrOkgT6s4FIw9LDKyw\/featured"]}]}},"_links":{"self":[{"href":"https:\/\/aaknives.eu\/et\/wp-json\/wp\/v2\/product\/44558","targetHints":{"allow":["GET"]}}],"collection":[{"href":"https:\/\/aaknives.eu\/et\/wp-json\/wp\/v2\/product"}],"about":[{"href":"https:\/\/aaknives.eu\/et\/wp-json\/wp\/v2\/types\/product"}],"wp:featuredmedia":[{"embeddable":true,"href":"https:\/\/aaknives.eu\/et\/wp-json\/wp\/v2\/media\/46059"}],"wp:attachment":[{"href":"https:\/\/aaknives.eu\/et\/wp-json\/wp\/v2\/media?parent=44558"}],"wp:term":[{"taxonomy":"product_brand","embeddable":true,"href":"https:\/\/aaknives.eu\/et\/wp-json\/wp\/v2\/product_brand?post=44558"},{"taxonomy":"product_cat","embeddable":true,"href":"https:\/\/aaknives.eu\/et\/wp-json\/wp\/v2\/product_cat?post=44558"},{"taxonomy":"product_tag","embeddable":true,"href":"https:\/\/aaknives.eu\/et\/wp-json\/wp\/v2\/product_tag?post=44558"}],"curies":[{"name":"wp","href":"https:\/\/api.w.org\/{rel}","templated":true}]}}