{"id":44627,"date":"2022-02-08T13:37:50","date_gmt":"2022-02-08T13:37:50","guid":{"rendered":"https:\/\/aaknives.eu\/product\/nuga-scandinavian-bohler-uddeholm-s390-noateras\/"},"modified":"2024-05-22T16:52:29","modified_gmt":"2024-05-22T16:52:29","slug":"nuga-scandinavian-bohler-uddeholm-s390-noateras","status":"publish","type":"product","link":"https:\/\/aaknives.eu\/et\/product\/nuga-scandinavian-bohler-uddeholm-s390-noateras\/","title":{"rendered":"Nuga &#8221;FALCON&#8221;, Bohler-Uddeholm S390 nugateras"},"content":{"rendered":"<p>Noa spetsifikatsioonid: &#8221;FALCON&#8221;<br \/>\nTeras: Bohler-Uddeholm S390 noateras<br \/>\nK\u00f5vadus: 65-68 HRC<br \/>\nTera pikkus (mm): Pikkus: 118 \/ 4,64 tolli<br \/>\nTera paksus (mm): 3<br \/>\nTera laius (mm): 30 \/ 1,18 tolli<br \/>\nK\u00e4epide: Stabiliseeritud karjalane kask<br \/>\nKogupikkus (mm): 245 \/ 9,64 tolli<br \/>\nNugade t\u00fc\u00fcp: jahindus, v\u00e4ljas<br \/>\nPakend: nuga, nahast \u00fcmbris<\/p>\n<p>S390 (Bohler-Uddeholm) &#8211; Bohler-Uddeholm PM teras. Kiire, punase kuumusega t\u00f6\u00f6riistateras. Hea vastupidavus ja kulumiskindlus. Umbes samav\u00e4\u00e4rne AISI T15 kiirl\u00f5iketerasega. Ma liigutan selle sulami varsti omaette gruppi, sest S390 Microclean ei ole nii l\u00e4hedane ei AISI T15 terasele ega AISI M3:1Co, et see oleks \u00f5igustatud samas grupis.<\/p>\n<p>Vahepeal postitas \u0160veits just video(23.09.19) S390 Microclean testimise tulemustega, kus \u00f5hukese teraga nuga, mille serva paksus on 0,02&#8243; taga, suutis l\u00e4bi l\u00f5igata terasnaela ja messingist toru, ilma servakahjustusteta. Testnuga oli v\u00e4ga muljetavaldav 68 HRC. \u00dcldiselt v\u00f5ib avaldatud andmete ja testide p\u00f5hjal n\u00e4ha, et S390 Microclean teras v\u00f5ib olla v\u00e4ga hea tulemuslikkus ja ma oletan, et kasutatud kuumt\u00f6\u00f6tlusprotokolli alusel v\u00f5ib see v\u00e4ga h\u00e4sti toimida nii suure j\u00f5udlusega l\u00f5iketerade kui ka suuremate, raskema kasutusega nugade puhul. Samuti v\u00e4\u00e4rib m\u00e4rkimist, et karbiidi suurus on vahemikus 3 \u00b5m-5 \u00b5m, mis on \u00fcsna peen v\u00f5rreldes paljude teiste k\u00f5rglegeeritud terastega.<\/p>\n","protected":false},"excerpt":{"rendered":"<p>Noa spetsifikatsioonid: &#8221;FALCON&#8221; Teras: Bohler-Uddeholm S390 noateras K\u00f5vadus: 65-68 HRC Tera pikkus (mm): Pikkus: 118 \/ 4,64 tolli Tera paksus (mm): 3 Tera laius (mm): 30 \/ 1,18 tolli K\u00e4epide: Stabiliseeritud karjalane kask Kogupikkus (mm): 245 \/ 9,64 tolli Nugade t\u00fc\u00fcp: jahindus, v\u00e4ljas Pakend: nuga, nahast \u00fcmbris S390 (Bohler-Uddeholm) &#8211; Bohler-Uddeholm PM teras. Kiire, punase kuumusega t\u00f6\u00f6riistateras. Hea vastupidavus ja kulumiskindlus. Umbes samav\u00e4\u00e4rne AISI T15 kiirl\u00f5iketerasega. Ma liigutan selle sulami varsti omaette gruppi, sest S390 Microclean ei ole nii l\u00e4hedane ei AISI T15 terasele ega AISI M3:1Co, et see oleks \u00f5igustatud samas grupis. Vahepeal postitas \u0160veits just video(23.09.19) S390 Microclean&hellip;<\/p>\n","protected":false},"featured_media":64204,"template":"","meta":{"_themeisle_gutenberg_block_has_review":false},"product_brand":[],"product_cat":[345,343,346,341],"product_tag":[],"class_list":{"0":"post-44627","1":"product","2":"type-product","3":"status-publish","4":"has-post-thumbnail","6":"product_cat-jahinoad","7":"product_cat-kalapuugi-noad","8":"product_cat-matkanoad","9":"product_cat-premium-ja-eksklusiivsed-noad","11":"first","12":"instock","13":"shipping-taxable","14":"purchasable","15":"product-type-simple"},"yoast_head":"<!-- This site is optimized with the Yoast SEO plugin v27.3 - https:\/\/yoast.com\/product\/yoast-seo-wordpress\/ -->\n<title>Nuga &#039;&#039;FALCON&#039;&#039;, Bohler-Uddeholm S390 nugateras - AAKnives<\/title>\n<meta name=\"description\" content=\"Nuga &#039;&#039;SCANDINAVIAN&#039;&#039;, Bohler-Uddeholm S390 Knife Steel, Rootsi noaterasest, k\u00e4sitsi valmistatud nuga, klassikaline nuga,\" \/>\n<meta name=\"robots\" content=\"index, follow, max-snippet:-1, max-image-preview:large, max-video-preview:-1\" \/>\n<link rel=\"canonical\" href=\"https:\/\/aaknives.eu\/et\/product\/nuga-scandinavian-bohler-uddeholm-s390-noateras\/\" \/>\n<meta property=\"og:locale\" content=\"et_EE\" \/>\n<meta property=\"og:type\" content=\"article\" \/>\n<meta property=\"og:title\" content=\"Nuga &#039;&#039;FALCON&#039;&#039;, Bohler-Uddeholm S390 nugateras - AAKnives\" \/>\n<meta property=\"og:description\" content=\"Nuga &#039;&#039;SCANDINAVIAN&#039;&#039;, Bohler-Uddeholm S390 Knife Steel, Rootsi noaterasest, k\u00e4sitsi valmistatud nuga, klassikaline nuga,\" \/>\n<meta property=\"og:url\" content=\"https:\/\/aaknives.eu\/et\/product\/nuga-scandinavian-bohler-uddeholm-s390-noateras\/\" \/>\n<meta property=\"og:site_name\" content=\"AAKnives\" \/>\n<meta property=\"article:publisher\" content=\"https:\/\/www.facebook.com\/aaknives.eu\/\" \/>\n<meta property=\"article:modified_time\" content=\"2024-05-22T16:52:29+00:00\" \/>\n<meta property=\"og:image\" content=\"https:\/\/aaknives.eu\/wp-content\/uploads\/2022\/02\/aaknives-hand-forged-dabascus-steel-blade-knife-handmade-custom-made-knife-handcrafted-knives-autinetools-northmen-11.2.jpg\" \/>\n\t<meta property=\"og:image:width\" content=\"1020\" \/>\n\t<meta property=\"og:image:height\" content=\"880\" \/>\n\t<meta property=\"og:image:type\" content=\"image\/jpeg\" \/>\n<meta name=\"twitter:card\" content=\"summary_large_image\" \/>\n<meta name=\"twitter:label1\" content=\"Est. reading time\" \/>\n\t<meta name=\"twitter:data1\" content=\"1 minut\" \/>\n<script type=\"application\/ld+json\" class=\"yoast-schema-graph\">{\"@context\":\"https:\\\/\\\/schema.org\",\"@graph\":[{\"@type\":\"WebPage\",\"@id\":\"https:\\\/\\\/aaknives.eu\\\/et\\\/product\\\/nuga-scandinavian-bohler-uddeholm-s390-noateras\\\/\",\"url\":\"https:\\\/\\\/aaknives.eu\\\/et\\\/product\\\/nuga-scandinavian-bohler-uddeholm-s390-noateras\\\/\",\"name\":\"Nuga ''FALCON'', Bohler-Uddeholm S390 nugateras - AAKnives\",\"isPartOf\":{\"@id\":\"https:\\\/\\\/aaknives.eu\\\/et\\\/#website\"},\"primaryImageOfPage\":{\"@id\":\"https:\\\/\\\/aaknives.eu\\\/et\\\/product\\\/nuga-scandinavian-bohler-uddeholm-s390-noateras\\\/#primaryimage\"},\"image\":{\"@id\":\"https:\\\/\\\/aaknives.eu\\\/et\\\/product\\\/nuga-scandinavian-bohler-uddeholm-s390-noateras\\\/#primaryimage\"},\"thumbnailUrl\":\"https:\\\/\\\/aaknives.eu\\\/wp-content\\\/uploads\\\/2022\\\/02\\\/aaknives-hand-forged-dabascus-steel-blade-knife-handmade-custom-made-knife-handcrafted-knives-autinetools-northmen-11.2.jpg\",\"datePublished\":\"2022-02-08T13:37:50+00:00\",\"dateModified\":\"2024-05-22T16:52:29+00:00\",\"description\":\"Nuga ''SCANDINAVIAN'', Bohler-Uddeholm S390 Knife Steel, Rootsi noaterasest, k\u00e4sitsi valmistatud nuga, klassikaline nuga,\",\"breadcrumb\":{\"@id\":\"https:\\\/\\\/aaknives.eu\\\/et\\\/product\\\/nuga-scandinavian-bohler-uddeholm-s390-noateras\\\/#breadcrumb\"},\"inLanguage\":\"et\",\"potentialAction\":[{\"@type\":\"ReadAction\",\"target\":[\"https:\\\/\\\/aaknives.eu\\\/et\\\/product\\\/nuga-scandinavian-bohler-uddeholm-s390-noateras\\\/\"]}]},{\"@type\":\"ImageObject\",\"inLanguage\":\"et\",\"@id\":\"https:\\\/\\\/aaknives.eu\\\/et\\\/product\\\/nuga-scandinavian-bohler-uddeholm-s390-noateras\\\/#primaryimage\",\"url\":\"https:\\\/\\\/aaknives.eu\\\/wp-content\\\/uploads\\\/2022\\\/02\\\/aaknives-hand-forged-dabascus-steel-blade-knife-handmade-custom-made-knife-handcrafted-knives-autinetools-northmen-11.2.jpg\",\"contentUrl\":\"https:\\\/\\\/aaknives.eu\\\/wp-content\\\/uploads\\\/2022\\\/02\\\/aaknives-hand-forged-dabascus-steel-blade-knife-handmade-custom-made-knife-handcrafted-knives-autinetools-northmen-11.2.jpg\",\"width\":1020,\"height\":880},{\"@type\":\"BreadcrumbList\",\"@id\":\"https:\\\/\\\/aaknives.eu\\\/et\\\/product\\\/nuga-scandinavian-bohler-uddeholm-s390-noateras\\\/#breadcrumb\",\"itemListElement\":[{\"@type\":\"ListItem\",\"position\":1,\"name\":\"Home\",\"item\":\"https:\\\/\\\/aaknives.eu\\\/et\\\/kodu\\\/\"},{\"@type\":\"ListItem\",\"position\":2,\"name\":\"Kauplus\",\"item\":\"https:\\\/\\\/aaknives.eu\\\/et\\\/kauplus\\\/\"},{\"@type\":\"ListItem\",\"position\":3,\"name\":\"Nuga &#8221;FALCON&#8221;, Bohler-Uddeholm S390 nugateras\"}]},{\"@type\":\"WebSite\",\"@id\":\"https:\\\/\\\/aaknives.eu\\\/et\\\/#website\",\"url\":\"https:\\\/\\\/aaknives.eu\\\/et\\\/\",\"name\":\"AAKnives\",\"description\":\"Handmade knives\",\"publisher\":{\"@id\":\"https:\\\/\\\/aaknives.eu\\\/et\\\/#organization\"},\"potentialAction\":[{\"@type\":\"SearchAction\",\"target\":{\"@type\":\"EntryPoint\",\"urlTemplate\":\"https:\\\/\\\/aaknives.eu\\\/et\\\/?s={search_term_string}\"},\"query-input\":{\"@type\":\"PropertyValueSpecification\",\"valueRequired\":true,\"valueName\":\"search_term_string\"}}],\"inLanguage\":\"et\"},{\"@type\":\"Organization\",\"@id\":\"https:\\\/\\\/aaknives.eu\\\/et\\\/#organization\",\"name\":\"AAKnives\",\"url\":\"https:\\\/\\\/aaknives.eu\\\/et\\\/\",\"logo\":{\"@type\":\"ImageObject\",\"inLanguage\":\"et\",\"@id\":\"https:\\\/\\\/aaknives.eu\\\/et\\\/#\\\/schema\\\/logo\\\/image\\\/\",\"url\":\"https:\\\/\\\/aaknives.eu\\\/wp-content\\\/uploads\\\/2021\\\/10\\\/AAknives_Logo_Green.png\",\"contentUrl\":\"https:\\\/\\\/aaknives.eu\\\/wp-content\\\/uploads\\\/2021\\\/10\\\/AAknives_Logo_Green.png\",\"width\":1768,\"height\":1768,\"caption\":\"AAKnives\"},\"image\":{\"@id\":\"https:\\\/\\\/aaknives.eu\\\/et\\\/#\\\/schema\\\/logo\\\/image\\\/\"},\"sameAs\":[\"https:\\\/\\\/www.facebook.com\\\/aaknives.eu\\\/\",\"https:\\\/\\\/www.instagram.com\\\/aaknives\\\/\",\"https:\\\/\\\/www.pinterest.com\\\/aa_knives\\\/\",\"https:\\\/\\\/www.youtube.com\\\/channel\\\/UCHOQFjrOkgT6s4FIw9LDKyw\\\/featured\"]}]}<\/script>\n<!-- \/ Yoast SEO plugin. -->","yoast_head_json":{"title":"Nuga ''FALCON'', Bohler-Uddeholm S390 nugateras - AAKnives","description":"Nuga ''SCANDINAVIAN'', Bohler-Uddeholm S390 Knife Steel, Rootsi noaterasest, k\u00e4sitsi valmistatud nuga, klassikaline nuga,","robots":{"index":"index","follow":"follow","max-snippet":"max-snippet:-1","max-image-preview":"max-image-preview:large","max-video-preview":"max-video-preview:-1"},"canonical":"https:\/\/aaknives.eu\/et\/product\/nuga-scandinavian-bohler-uddeholm-s390-noateras\/","og_locale":"et_EE","og_type":"article","og_title":"Nuga ''FALCON'', Bohler-Uddeholm S390 nugateras - AAKnives","og_description":"Nuga ''SCANDINAVIAN'', Bohler-Uddeholm S390 Knife Steel, Rootsi noaterasest, k\u00e4sitsi valmistatud nuga, klassikaline nuga,","og_url":"https:\/\/aaknives.eu\/et\/product\/nuga-scandinavian-bohler-uddeholm-s390-noateras\/","og_site_name":"AAKnives","article_publisher":"https:\/\/www.facebook.com\/aaknives.eu\/","article_modified_time":"2024-05-22T16:52:29+00:00","og_image":[{"width":1020,"height":880,"url":"https:\/\/aaknives.eu\/wp-content\/uploads\/2022\/02\/aaknives-hand-forged-dabascus-steel-blade-knife-handmade-custom-made-knife-handcrafted-knives-autinetools-northmen-11.2.jpg","type":"image\/jpeg"}],"twitter_card":"summary_large_image","twitter_misc":{"Est. reading time":"1 minut"},"schema":{"@context":"https:\/\/schema.org","@graph":[{"@type":"WebPage","@id":"https:\/\/aaknives.eu\/et\/product\/nuga-scandinavian-bohler-uddeholm-s390-noateras\/","url":"https:\/\/aaknives.eu\/et\/product\/nuga-scandinavian-bohler-uddeholm-s390-noateras\/","name":"Nuga ''FALCON'', Bohler-Uddeholm S390 nugateras - AAKnives","isPartOf":{"@id":"https:\/\/aaknives.eu\/et\/#website"},"primaryImageOfPage":{"@id":"https:\/\/aaknives.eu\/et\/product\/nuga-scandinavian-bohler-uddeholm-s390-noateras\/#primaryimage"},"image":{"@id":"https:\/\/aaknives.eu\/et\/product\/nuga-scandinavian-bohler-uddeholm-s390-noateras\/#primaryimage"},"thumbnailUrl":"https:\/\/aaknives.eu\/wp-content\/uploads\/2022\/02\/aaknives-hand-forged-dabascus-steel-blade-knife-handmade-custom-made-knife-handcrafted-knives-autinetools-northmen-11.2.jpg","datePublished":"2022-02-08T13:37:50+00:00","dateModified":"2024-05-22T16:52:29+00:00","description":"Nuga ''SCANDINAVIAN'', Bohler-Uddeholm S390 Knife Steel, Rootsi noaterasest, k\u00e4sitsi valmistatud nuga, klassikaline nuga,","breadcrumb":{"@id":"https:\/\/aaknives.eu\/et\/product\/nuga-scandinavian-bohler-uddeholm-s390-noateras\/#breadcrumb"},"inLanguage":"et","potentialAction":[{"@type":"ReadAction","target":["https:\/\/aaknives.eu\/et\/product\/nuga-scandinavian-bohler-uddeholm-s390-noateras\/"]}]},{"@type":"ImageObject","inLanguage":"et","@id":"https:\/\/aaknives.eu\/et\/product\/nuga-scandinavian-bohler-uddeholm-s390-noateras\/#primaryimage","url":"https:\/\/aaknives.eu\/wp-content\/uploads\/2022\/02\/aaknives-hand-forged-dabascus-steel-blade-knife-handmade-custom-made-knife-handcrafted-knives-autinetools-northmen-11.2.jpg","contentUrl":"https:\/\/aaknives.eu\/wp-content\/uploads\/2022\/02\/aaknives-hand-forged-dabascus-steel-blade-knife-handmade-custom-made-knife-handcrafted-knives-autinetools-northmen-11.2.jpg","width":1020,"height":880},{"@type":"BreadcrumbList","@id":"https:\/\/aaknives.eu\/et\/product\/nuga-scandinavian-bohler-uddeholm-s390-noateras\/#breadcrumb","itemListElement":[{"@type":"ListItem","position":1,"name":"Home","item":"https:\/\/aaknives.eu\/et\/kodu\/"},{"@type":"ListItem","position":2,"name":"Kauplus","item":"https:\/\/aaknives.eu\/et\/kauplus\/"},{"@type":"ListItem","position":3,"name":"Nuga &#8221;FALCON&#8221;, Bohler-Uddeholm S390 nugateras"}]},{"@type":"WebSite","@id":"https:\/\/aaknives.eu\/et\/#website","url":"https:\/\/aaknives.eu\/et\/","name":"AAKnives","description":"Handmade knives","publisher":{"@id":"https:\/\/aaknives.eu\/et\/#organization"},"potentialAction":[{"@type":"SearchAction","target":{"@type":"EntryPoint","urlTemplate":"https:\/\/aaknives.eu\/et\/?s={search_term_string}"},"query-input":{"@type":"PropertyValueSpecification","valueRequired":true,"valueName":"search_term_string"}}],"inLanguage":"et"},{"@type":"Organization","@id":"https:\/\/aaknives.eu\/et\/#organization","name":"AAKnives","url":"https:\/\/aaknives.eu\/et\/","logo":{"@type":"ImageObject","inLanguage":"et","@id":"https:\/\/aaknives.eu\/et\/#\/schema\/logo\/image\/","url":"https:\/\/aaknives.eu\/wp-content\/uploads\/2021\/10\/AAknives_Logo_Green.png","contentUrl":"https:\/\/aaknives.eu\/wp-content\/uploads\/2021\/10\/AAknives_Logo_Green.png","width":1768,"height":1768,"caption":"AAKnives"},"image":{"@id":"https:\/\/aaknives.eu\/et\/#\/schema\/logo\/image\/"},"sameAs":["https:\/\/www.facebook.com\/aaknives.eu\/","https:\/\/www.instagram.com\/aaknives\/","https:\/\/www.pinterest.com\/aa_knives\/","https:\/\/www.youtube.com\/channel\/UCHOQFjrOkgT6s4FIw9LDKyw\/featured"]}]}},"_links":{"self":[{"href":"https:\/\/aaknives.eu\/et\/wp-json\/wp\/v2\/product\/44627","targetHints":{"allow":["GET"]}}],"collection":[{"href":"https:\/\/aaknives.eu\/et\/wp-json\/wp\/v2\/product"}],"about":[{"href":"https:\/\/aaknives.eu\/et\/wp-json\/wp\/v2\/types\/product"}],"wp:featuredmedia":[{"embeddable":true,"href":"https:\/\/aaknives.eu\/et\/wp-json\/wp\/v2\/media\/64204"}],"wp:attachment":[{"href":"https:\/\/aaknives.eu\/et\/wp-json\/wp\/v2\/media?parent=44627"}],"wp:term":[{"taxonomy":"product_brand","embeddable":true,"href":"https:\/\/aaknives.eu\/et\/wp-json\/wp\/v2\/product_brand?post=44627"},{"taxonomy":"product_cat","embeddable":true,"href":"https:\/\/aaknives.eu\/et\/wp-json\/wp\/v2\/product_cat?post=44627"},{"taxonomy":"product_tag","embeddable":true,"href":"https:\/\/aaknives.eu\/et\/wp-json\/wp\/v2\/product_tag?post=44627"}],"curies":[{"name":"wp","href":"https:\/\/api.w.org\/{rel}","templated":true}]}}