{"id":45441,"date":"2024-01-17T18:25:10","date_gmt":"2024-01-17T18:25:10","guid":{"rendered":"https:\/\/aaknives.eu\/?post_type=product&#038;p=45441"},"modified":"2025-10-26T13:50:04","modified_gmt":"2025-10-26T13:50:04","slug":"jahindusnuga-mini-yakut-kasitsi-sepistatud-d2-terasest-teraga-nuga-paremakaeliseks-2","status":"publish","type":"product","link":"https:\/\/aaknives.eu\/et\/product\/jahindusnuga-mini-yakut-kasitsi-sepistatud-d2-terasest-teraga-nuga-paremakaeliseks-2\/","title":{"rendered":"Jahindusnuga &#8211; MINI YAKUT &#8211; k\u00e4sitsi sepistatud D2 terasest teraga nuga paremak\u00e4eliseks"},"content":{"rendered":"<p>Noa spetsifikatsioonid: MINI YAKUT<br \/>\nTeras: k\u00e4sitsi sepistatud D2 teras<br \/>\nK\u00f5vadus: 61-63 HRC, testitud k\u00f5vaduse j\u00e4rgi<br \/>\nTera pikkus (mm): 86 \/ 3,38 tolli<br \/>\nTera paksus (mm): 3 \/ 0,11 tolli<br \/>\nTera laius (mm): 34 \/ 1,33 tolli<br \/>\nK\u00e4epide: stabiliseeritud Karjala kask<br \/>\nKogupikkus (mm): 201 \/ 7,91 tolli<br \/>\nUSA ja Jaapani tuntud ettev\u00f5tted valmistavad noad D2 terasest. Sellest terasest valmistatud noad hoiavad suurep\u00e4raselt l\u00f5iketera ja on k\u00f5rge korrosioonikindlusega. P\u00e4rast kuumt\u00f6\u00f6tlemist on D2-terasest tera k\u00f5vadus vahemikus 60-62 HRC. D2-st valmistatud nugade terad praktiliselt ei roosteta, kuid kuna teras on veidi v\u00e4hem kui roostevaba teras (13% kroomist), on soovitatav terasid p\u00fchkida ja mitte j\u00e4tta neid pikaks ajaks niiskesse kohta. <\/p>\n","protected":false},"excerpt":{"rendered":"<p>D2 teras on \u00fcks parimaid ja kuulsamaid teraterasid maailmas. USA ja Jaapani tuntud ettev\u00f5tted valmistavad noad D2 terasest. Sellest terasest valmistatud noad hoiavad suurep\u00e4raselt l\u00f5iketera ja on k\u00f5rge korrosioonikindlusega. P\u00e4rast kuumt\u00f6\u00f6tlemist on D2-terasest tera k\u00f5vadus vahemikus 60-62 HRC. D2-st valmistatud nugade terad praktiliselt ei roosteta, kuid kuna teras on veidi v\u00e4hem kui roostevaba teras (13% kroomist), on soovitatav terasid p\u00fchkida ja mitte j\u00e4tta neid pikaks ajaks niiskesse kohta. <\/p>\n","protected":false},"featured_media":102940,"template":"","meta":{"_themeisle_gutenberg_block_has_review":false},"product_brand":[],"product_cat":[345,346],"product_tag":[],"class_list":{"0":"post-45441","1":"product","2":"type-product","3":"status-publish","4":"has-post-thumbnail","6":"product_cat-jahinoad","7":"product_cat-matkanoad","9":"first","10":"instock","11":"shipping-taxable","12":"purchasable","13":"product-type-simple"},"yoast_head":"<!-- This site is optimized with the Yoast SEO plugin v27.5 - https:\/\/yoast.com\/product\/yoast-seo-wordpress\/ -->\n<title>Jahindusnuga - MINI YAKUT - k\u00e4sitsi sepistatud D2 terasest teraga nuga paremak\u00e4eliseks - AAKnives<\/title>\n<meta name=\"description\" content=\"D2 teras on \u00fcks parimaid ja kuulsamaid terateraseid maailmas. Tuntud ettev\u00f5tted USA-st ja Jaapanist valmistavad noasid D2 terasest.\" \/>\n<meta name=\"robots\" content=\"index, follow, max-snippet:-1, max-image-preview:large, max-video-preview:-1\" \/>\n<link rel=\"canonical\" href=\"https:\/\/aaknives.eu\/et\/product\/jahindusnuga-mini-yakut-kasitsi-sepistatud-d2-terasest-teraga-nuga-paremakaeliseks-2\/\" \/>\n<meta property=\"og:locale\" content=\"et_EE\" \/>\n<meta property=\"og:type\" content=\"article\" \/>\n<meta property=\"og:title\" content=\"Jahindusnuga - MINI YAKUT - k\u00e4sitsi sepistatud D2 terasest teraga nuga paremak\u00e4eliseks - AAKnives\" \/>\n<meta property=\"og:description\" content=\"D2 teras on \u00fcks parimaid ja kuulsamaid terateraseid maailmas. Tuntud ettev\u00f5tted USA-st ja Jaapanist valmistavad noasid D2 terasest.\" \/>\n<meta property=\"og:url\" content=\"https:\/\/aaknives.eu\/et\/product\/jahindusnuga-mini-yakut-kasitsi-sepistatud-d2-terasest-teraga-nuga-paremakaeliseks-2\/\" \/>\n<meta property=\"og:site_name\" content=\"AAKnives\" \/>\n<meta property=\"article:publisher\" content=\"https:\/\/www.facebook.com\/aaknives.eu\/\" \/>\n<meta property=\"article:modified_time\" content=\"2025-10-26T13:50:04+00:00\" \/>\n<meta property=\"og:image\" content=\"https:\/\/aaknives.eu\/wp-content\/uploads\/2024\/01\/aaknives-hand-forged-damascus-steel-blade-knife-handmade-custom-made-knife-handcrafted-knives-autinetools-northmen-1-58.jpg\" \/>\n\t<meta property=\"og:image:width\" content=\"1020\" \/>\n\t<meta property=\"og:image:height\" content=\"880\" \/>\n\t<meta property=\"og:image:type\" content=\"image\/jpeg\" \/>\n<meta name=\"twitter:card\" content=\"summary_large_image\" \/>\n<meta name=\"twitter:label1\" content=\"Est. reading time\" \/>\n\t<meta name=\"twitter:data1\" content=\"1 minut\" \/>\n<script type=\"application\/ld+json\" class=\"yoast-schema-graph\">{\"@context\":\"https:\\\/\\\/schema.org\",\"@graph\":[{\"@type\":\"WebPage\",\"@id\":\"https:\\\/\\\/aaknives.eu\\\/et\\\/product\\\/jahindusnuga-mini-yakut-kasitsi-sepistatud-d2-terasest-teraga-nuga-paremakaeliseks-2\\\/\",\"url\":\"https:\\\/\\\/aaknives.eu\\\/et\\\/product\\\/jahindusnuga-mini-yakut-kasitsi-sepistatud-d2-terasest-teraga-nuga-paremakaeliseks-2\\\/\",\"name\":\"Jahindusnuga - MINI YAKUT - k\u00e4sitsi sepistatud D2 terasest teraga nuga paremak\u00e4eliseks - AAKnives\",\"isPartOf\":{\"@id\":\"https:\\\/\\\/aaknives.eu\\\/et\\\/#website\"},\"primaryImageOfPage\":{\"@id\":\"https:\\\/\\\/aaknives.eu\\\/et\\\/product\\\/jahindusnuga-mini-yakut-kasitsi-sepistatud-d2-terasest-teraga-nuga-paremakaeliseks-2\\\/#primaryimage\"},\"image\":{\"@id\":\"https:\\\/\\\/aaknives.eu\\\/et\\\/product\\\/jahindusnuga-mini-yakut-kasitsi-sepistatud-d2-terasest-teraga-nuga-paremakaeliseks-2\\\/#primaryimage\"},\"thumbnailUrl\":\"https:\\\/\\\/aaknives.eu\\\/wp-content\\\/uploads\\\/2024\\\/01\\\/aaknives-hand-forged-damascus-steel-blade-knife-handmade-custom-made-knife-handcrafted-knives-autinetools-northmen-1-58.jpg\",\"datePublished\":\"2024-01-17T18:25:10+00:00\",\"dateModified\":\"2025-10-26T13:50:04+00:00\",\"description\":\"D2 teras on \u00fcks parimaid ja kuulsamaid terateraseid maailmas. Tuntud ettev\u00f5tted USA-st ja Jaapanist valmistavad noasid D2 terasest.\",\"breadcrumb\":{\"@id\":\"https:\\\/\\\/aaknives.eu\\\/et\\\/product\\\/jahindusnuga-mini-yakut-kasitsi-sepistatud-d2-terasest-teraga-nuga-paremakaeliseks-2\\\/#breadcrumb\"},\"inLanguage\":\"et\",\"potentialAction\":[{\"@type\":\"ReadAction\",\"target\":[\"https:\\\/\\\/aaknives.eu\\\/et\\\/product\\\/jahindusnuga-mini-yakut-kasitsi-sepistatud-d2-terasest-teraga-nuga-paremakaeliseks-2\\\/\"]}]},{\"@type\":\"ImageObject\",\"inLanguage\":\"et\",\"@id\":\"https:\\\/\\\/aaknives.eu\\\/et\\\/product\\\/jahindusnuga-mini-yakut-kasitsi-sepistatud-d2-terasest-teraga-nuga-paremakaeliseks-2\\\/#primaryimage\",\"url\":\"https:\\\/\\\/aaknives.eu\\\/wp-content\\\/uploads\\\/2024\\\/01\\\/aaknives-hand-forged-damascus-steel-blade-knife-handmade-custom-made-knife-handcrafted-knives-autinetools-northmen-1-58.jpg\",\"contentUrl\":\"https:\\\/\\\/aaknives.eu\\\/wp-content\\\/uploads\\\/2024\\\/01\\\/aaknives-hand-forged-damascus-steel-blade-knife-handmade-custom-made-knife-handcrafted-knives-autinetools-northmen-1-58.jpg\",\"width\":1020,\"height\":880},{\"@type\":\"BreadcrumbList\",\"@id\":\"https:\\\/\\\/aaknives.eu\\\/et\\\/product\\\/jahindusnuga-mini-yakut-kasitsi-sepistatud-d2-terasest-teraga-nuga-paremakaeliseks-2\\\/#breadcrumb\",\"itemListElement\":[{\"@type\":\"ListItem\",\"position\":1,\"name\":\"Home\",\"item\":\"https:\\\/\\\/aaknives.eu\\\/et\\\/kodu\\\/\"},{\"@type\":\"ListItem\",\"position\":2,\"name\":\"Kauplus\",\"item\":\"https:\\\/\\\/aaknives.eu\\\/et\\\/kauplus\\\/\"},{\"@type\":\"ListItem\",\"position\":3,\"name\":\"Jahindusnuga &#8211; MINI YAKUT &#8211; k\u00e4sitsi sepistatud D2 terasest teraga nuga paremak\u00e4eliseks\"}]},{\"@type\":\"WebSite\",\"@id\":\"https:\\\/\\\/aaknives.eu\\\/et\\\/#website\",\"url\":\"https:\\\/\\\/aaknives.eu\\\/et\\\/\",\"name\":\"AAKnives\",\"description\":\"Handmade knives\",\"publisher\":{\"@id\":\"https:\\\/\\\/aaknives.eu\\\/et\\\/#organization\"},\"potentialAction\":[{\"@type\":\"SearchAction\",\"target\":{\"@type\":\"EntryPoint\",\"urlTemplate\":\"https:\\\/\\\/aaknives.eu\\\/et\\\/?s={search_term_string}\"},\"query-input\":{\"@type\":\"PropertyValueSpecification\",\"valueRequired\":true,\"valueName\":\"search_term_string\"}}],\"inLanguage\":\"et\"},{\"@type\":\"Organization\",\"@id\":\"https:\\\/\\\/aaknives.eu\\\/et\\\/#organization\",\"name\":\"AAKnives\",\"url\":\"https:\\\/\\\/aaknives.eu\\\/et\\\/\",\"logo\":{\"@type\":\"ImageObject\",\"inLanguage\":\"et\",\"@id\":\"https:\\\/\\\/aaknives.eu\\\/et\\\/#\\\/schema\\\/logo\\\/image\\\/\",\"url\":\"https:\\\/\\\/aaknives.eu\\\/wp-content\\\/uploads\\\/2021\\\/10\\\/AAknives_Logo_Green.png\",\"contentUrl\":\"https:\\\/\\\/aaknives.eu\\\/wp-content\\\/uploads\\\/2021\\\/10\\\/AAknives_Logo_Green.png\",\"width\":1768,\"height\":1768,\"caption\":\"AAKnives\"},\"image\":{\"@id\":\"https:\\\/\\\/aaknives.eu\\\/et\\\/#\\\/schema\\\/logo\\\/image\\\/\"},\"sameAs\":[\"https:\\\/\\\/www.facebook.com\\\/aaknives.eu\\\/\",\"https:\\\/\\\/www.instagram.com\\\/aaknives\\\/\",\"https:\\\/\\\/www.pinterest.com\\\/aa_knives\\\/\",\"https:\\\/\\\/www.youtube.com\\\/channel\\\/UCHOQFjrOkgT6s4FIw9LDKyw\\\/featured\"]}]}<\/script>\n<!-- \/ Yoast SEO plugin. -->","yoast_head_json":{"title":"Jahindusnuga - MINI YAKUT - k\u00e4sitsi sepistatud D2 terasest teraga nuga paremak\u00e4eliseks - AAKnives","description":"D2 teras on \u00fcks parimaid ja kuulsamaid terateraseid maailmas. Tuntud ettev\u00f5tted USA-st ja Jaapanist valmistavad noasid D2 terasest.","robots":{"index":"index","follow":"follow","max-snippet":"max-snippet:-1","max-image-preview":"max-image-preview:large","max-video-preview":"max-video-preview:-1"},"canonical":"https:\/\/aaknives.eu\/et\/product\/jahindusnuga-mini-yakut-kasitsi-sepistatud-d2-terasest-teraga-nuga-paremakaeliseks-2\/","og_locale":"et_EE","og_type":"article","og_title":"Jahindusnuga - MINI YAKUT - k\u00e4sitsi sepistatud D2 terasest teraga nuga paremak\u00e4eliseks - AAKnives","og_description":"D2 teras on \u00fcks parimaid ja kuulsamaid terateraseid maailmas. Tuntud ettev\u00f5tted USA-st ja Jaapanist valmistavad noasid D2 terasest.","og_url":"https:\/\/aaknives.eu\/et\/product\/jahindusnuga-mini-yakut-kasitsi-sepistatud-d2-terasest-teraga-nuga-paremakaeliseks-2\/","og_site_name":"AAKnives","article_publisher":"https:\/\/www.facebook.com\/aaknives.eu\/","article_modified_time":"2025-10-26T13:50:04+00:00","og_image":[{"width":1020,"height":880,"url":"https:\/\/aaknives.eu\/wp-content\/uploads\/2024\/01\/aaknives-hand-forged-damascus-steel-blade-knife-handmade-custom-made-knife-handcrafted-knives-autinetools-northmen-1-58.jpg","type":"image\/jpeg"}],"twitter_card":"summary_large_image","twitter_misc":{"Est. reading time":"1 minut"},"schema":{"@context":"https:\/\/schema.org","@graph":[{"@type":"WebPage","@id":"https:\/\/aaknives.eu\/et\/product\/jahindusnuga-mini-yakut-kasitsi-sepistatud-d2-terasest-teraga-nuga-paremakaeliseks-2\/","url":"https:\/\/aaknives.eu\/et\/product\/jahindusnuga-mini-yakut-kasitsi-sepistatud-d2-terasest-teraga-nuga-paremakaeliseks-2\/","name":"Jahindusnuga - MINI YAKUT - k\u00e4sitsi sepistatud D2 terasest teraga nuga paremak\u00e4eliseks - AAKnives","isPartOf":{"@id":"https:\/\/aaknives.eu\/et\/#website"},"primaryImageOfPage":{"@id":"https:\/\/aaknives.eu\/et\/product\/jahindusnuga-mini-yakut-kasitsi-sepistatud-d2-terasest-teraga-nuga-paremakaeliseks-2\/#primaryimage"},"image":{"@id":"https:\/\/aaknives.eu\/et\/product\/jahindusnuga-mini-yakut-kasitsi-sepistatud-d2-terasest-teraga-nuga-paremakaeliseks-2\/#primaryimage"},"thumbnailUrl":"https:\/\/aaknives.eu\/wp-content\/uploads\/2024\/01\/aaknives-hand-forged-damascus-steel-blade-knife-handmade-custom-made-knife-handcrafted-knives-autinetools-northmen-1-58.jpg","datePublished":"2024-01-17T18:25:10+00:00","dateModified":"2025-10-26T13:50:04+00:00","description":"D2 teras on \u00fcks parimaid ja kuulsamaid terateraseid maailmas. Tuntud ettev\u00f5tted USA-st ja Jaapanist valmistavad noasid D2 terasest.","breadcrumb":{"@id":"https:\/\/aaknives.eu\/et\/product\/jahindusnuga-mini-yakut-kasitsi-sepistatud-d2-terasest-teraga-nuga-paremakaeliseks-2\/#breadcrumb"},"inLanguage":"et","potentialAction":[{"@type":"ReadAction","target":["https:\/\/aaknives.eu\/et\/product\/jahindusnuga-mini-yakut-kasitsi-sepistatud-d2-terasest-teraga-nuga-paremakaeliseks-2\/"]}]},{"@type":"ImageObject","inLanguage":"et","@id":"https:\/\/aaknives.eu\/et\/product\/jahindusnuga-mini-yakut-kasitsi-sepistatud-d2-terasest-teraga-nuga-paremakaeliseks-2\/#primaryimage","url":"https:\/\/aaknives.eu\/wp-content\/uploads\/2024\/01\/aaknives-hand-forged-damascus-steel-blade-knife-handmade-custom-made-knife-handcrafted-knives-autinetools-northmen-1-58.jpg","contentUrl":"https:\/\/aaknives.eu\/wp-content\/uploads\/2024\/01\/aaknives-hand-forged-damascus-steel-blade-knife-handmade-custom-made-knife-handcrafted-knives-autinetools-northmen-1-58.jpg","width":1020,"height":880},{"@type":"BreadcrumbList","@id":"https:\/\/aaknives.eu\/et\/product\/jahindusnuga-mini-yakut-kasitsi-sepistatud-d2-terasest-teraga-nuga-paremakaeliseks-2\/#breadcrumb","itemListElement":[{"@type":"ListItem","position":1,"name":"Home","item":"https:\/\/aaknives.eu\/et\/kodu\/"},{"@type":"ListItem","position":2,"name":"Kauplus","item":"https:\/\/aaknives.eu\/et\/kauplus\/"},{"@type":"ListItem","position":3,"name":"Jahindusnuga &#8211; MINI YAKUT &#8211; k\u00e4sitsi sepistatud D2 terasest teraga nuga paremak\u00e4eliseks"}]},{"@type":"WebSite","@id":"https:\/\/aaknives.eu\/et\/#website","url":"https:\/\/aaknives.eu\/et\/","name":"AAKnives","description":"Handmade knives","publisher":{"@id":"https:\/\/aaknives.eu\/et\/#organization"},"potentialAction":[{"@type":"SearchAction","target":{"@type":"EntryPoint","urlTemplate":"https:\/\/aaknives.eu\/et\/?s={search_term_string}"},"query-input":{"@type":"PropertyValueSpecification","valueRequired":true,"valueName":"search_term_string"}}],"inLanguage":"et"},{"@type":"Organization","@id":"https:\/\/aaknives.eu\/et\/#organization","name":"AAKnives","url":"https:\/\/aaknives.eu\/et\/","logo":{"@type":"ImageObject","inLanguage":"et","@id":"https:\/\/aaknives.eu\/et\/#\/schema\/logo\/image\/","url":"https:\/\/aaknives.eu\/wp-content\/uploads\/2021\/10\/AAknives_Logo_Green.png","contentUrl":"https:\/\/aaknives.eu\/wp-content\/uploads\/2021\/10\/AAknives_Logo_Green.png","width":1768,"height":1768,"caption":"AAKnives"},"image":{"@id":"https:\/\/aaknives.eu\/et\/#\/schema\/logo\/image\/"},"sameAs":["https:\/\/www.facebook.com\/aaknives.eu\/","https:\/\/www.instagram.com\/aaknives\/","https:\/\/www.pinterest.com\/aa_knives\/","https:\/\/www.youtube.com\/channel\/UCHOQFjrOkgT6s4FIw9LDKyw\/featured"]}]}},"_links":{"self":[{"href":"https:\/\/aaknives.eu\/et\/wp-json\/wp\/v2\/product\/45441","targetHints":{"allow":["GET"]}}],"collection":[{"href":"https:\/\/aaknives.eu\/et\/wp-json\/wp\/v2\/product"}],"about":[{"href":"https:\/\/aaknives.eu\/et\/wp-json\/wp\/v2\/types\/product"}],"wp:featuredmedia":[{"embeddable":true,"href":"https:\/\/aaknives.eu\/et\/wp-json\/wp\/v2\/media\/102940"}],"wp:attachment":[{"href":"https:\/\/aaknives.eu\/et\/wp-json\/wp\/v2\/media?parent=45441"}],"wp:term":[{"taxonomy":"product_brand","embeddable":true,"href":"https:\/\/aaknives.eu\/et\/wp-json\/wp\/v2\/product_brand?post=45441"},{"taxonomy":"product_cat","embeddable":true,"href":"https:\/\/aaknives.eu\/et\/wp-json\/wp\/v2\/product_cat?post=45441"},{"taxonomy":"product_tag","embeddable":true,"href":"https:\/\/aaknives.eu\/et\/wp-json\/wp\/v2\/product_tag?post=45441"}],"curies":[{"name":"wp","href":"https:\/\/api.w.org\/{rel}","templated":true}]}}