{"id":46696,"date":"2024-02-06T19:38:42","date_gmt":"2024-02-06T19:38:42","guid":{"rendered":"https:\/\/aaknives.eu\/?post_type=product&#038;p=46696"},"modified":"2024-03-08T16:08:36","modified_gmt":"2024-03-08T16:08:36","slug":"nuga-thor-on-valmistatud-heast-sepistatud-roostevabast-terasest-2","status":"publish","type":"product","link":"https:\/\/aaknives.eu\/et\/product\/nuga-thor-on-valmistatud-heast-sepistatud-roostevabast-terasest-2\/","title":{"rendered":"Nuga &#8221;THOR&#8221; on valmistatud heast sepistatud roostevabast terasest"},"content":{"rendered":"<p>Noa spetsifikatsioonid: &#8221;THOR&#8221;<br \/>\nTeras: sepistatud roostevaba teras Sandvik 12C27<br \/>\nK\u00f5vadus: 56-58 HRC.<br \/>\nTera pikkus (mm): 150 \/ 5,90 tolli<br \/>\nTera paksus (mm): 4 \/ 0,15 tolli<br \/>\nTera laius (mm): 30 \/ 1,18 tolli<br \/>\nK\u00e4epide: Aafrika Zebrano puit<br \/>\nKogupikkus (mm): 273 \/ 10,74 tolli<\/p>\n<p>12C27 teras on osa Sandviki terase perekonnast. See on madalatasemeline k\u00f5rgkroomteras, mis on noat\u00f6\u00f6stuses v\u00e4ga populaarne, sest see pakub silmapaistvat kulumiskindlust, korrosioonikindlust ja suurt k\u00f5vadust &#8211; p\u00f5hilisi omadusi, mis loovad ideaalse noaterase.<\/p>\n<p>Lisaks omandab 12C27 teras teravuse suhteliselt kiiresti, erinevalt teistest k\u00f5rge kroomisisaldusega terastest, mille teravdamine v\u00f5tab karmide kroomkarbiidide t\u00f5ttu kaua aega. Sandvik 12C27 terast kasutatakse tavaliselt jahinugade, taskunugade, kalanugade, matkanugade, taktikaliste nugade, uisutera ja j\u00e4\u00e4puuride valmistamisel.<\/p>\n<p>T\u00e4nu k\u00f5rgele kroomisisaldusele on 12C27 teras korrosiooni- ja roostekindel. Kuna see on valmistatud roostevabast terasest, on see ka plekikindel.<\/p>\n<p>Kuid te ei saa oodata, et see terasest valmistatud nuga j\u00e4\u00e4b vees p\u00e4evade jooksul roosteta. Kui soovite, et sellest terasest terad s\u00e4iliksid aastak\u00fcmneid, peate need p\u00e4rast iga kasutamist v\u00f5i kui kavatsete neid pikema aja jooksul ladustada, kuivatama ja \u00f5litama.<\/p>\n<p>&nbsp;<\/p>\n","protected":false},"excerpt":{"rendered":"<p>Noa spetsifikatsioonid: &#8221;THOR&#8221; Teras: sepistatud roostevaba teras Sandvik 12C27 K\u00f5vadus: 56-58 HRC. Tera pikkus (mm): 150 \/ 5,90 tolli Tera paksus (mm): 4 \/ 0,15 tolli Tera laius (mm): 30 \/ 1,18 tolli K\u00e4epide: Aafrika Zebrano puit Kogupikkus (mm): 273 \/ 10,74 tolli 12C27 teras on osa Sandviki terase perekonnast. See on madalatasemeline k\u00f5rgkroomteras, mis on noat\u00f6\u00f6stuses v\u00e4ga populaarne, sest see pakub silmapaistvat kulumiskindlust, korrosioonikindlust ja suurt k\u00f5vadust &#8211; p\u00f5hilisi omadusi, mis loovad ideaalse noaterase. Lisaks omandab 12C27 teras teravuse suhteliselt kiiresti, erinevalt teistest k\u00f5rge kroomisisaldusega terastest, mille teravdamine v\u00f5tab karmide kroomkarbiidide t\u00f5ttu kaua aega. Sandvik 12C27 terast kasutatakse tavaliselt&hellip;<\/p>\n","protected":false},"featured_media":46700,"template":"","meta":{"_themeisle_gutenberg_block_has_review":false},"product_brand":[],"product_cat":[345,343,346],"product_tag":[],"class_list":{"0":"post-46696","1":"product","2":"type-product","3":"status-publish","4":"has-post-thumbnail","6":"product_cat-jahinoad","7":"product_cat-kalapuugi-noad","8":"product_cat-matkanoad","10":"first","11":"instock","12":"shipping-taxable","13":"purchasable","14":"product-type-simple"},"yoast_head":"<!-- This site is optimized with the Yoast SEO plugin v27.3 - https:\/\/yoast.com\/product\/yoast-seo-wordpress\/ -->\n<title>Nuga &#039;&#039;THOR&#039;&#039; on valmistatud heast sepistatud roostevabast terasest - AAKnives<\/title>\n<meta name=\"description\" content=\"Nuga &#039;&#039;THOR&#039;&#039; on valmistatud heast sepistatud roostevabast terasest.\" \/>\n<meta name=\"robots\" content=\"index, follow, max-snippet:-1, max-image-preview:large, max-video-preview:-1\" \/>\n<link rel=\"canonical\" href=\"https:\/\/aaknives.eu\/et\/product\/nuga-thor-on-valmistatud-heast-sepistatud-roostevabast-terasest-2\/\" \/>\n<meta property=\"og:locale\" content=\"et_EE\" \/>\n<meta property=\"og:type\" content=\"article\" \/>\n<meta property=\"og:title\" content=\"Nuga &#039;&#039;THOR&#039;&#039; on valmistatud heast sepistatud roostevabast terasest - AAKnives\" \/>\n<meta property=\"og:description\" content=\"Nuga &#039;&#039;THOR&#039;&#039; on valmistatud heast sepistatud roostevabast terasest.\" \/>\n<meta property=\"og:url\" content=\"https:\/\/aaknives.eu\/et\/product\/nuga-thor-on-valmistatud-heast-sepistatud-roostevabast-terasest-2\/\" \/>\n<meta property=\"og:site_name\" content=\"AAKnives\" \/>\n<meta property=\"article:publisher\" content=\"https:\/\/www.facebook.com\/aaknives.eu\/\" \/>\n<meta property=\"article:modified_time\" content=\"2024-03-08T16:08:36+00:00\" \/>\n<meta property=\"og:image\" content=\"https:\/\/aaknives.eu\/wp-content\/uploads\/2024\/02\/aaknives-hand-forged-dabascus-steel-blade-knife-handmade-custom-made-knife-handcrafted-knives-autinetools-northmen-29-2.jpg\" \/>\n\t<meta property=\"og:image:width\" content=\"1020\" \/>\n\t<meta property=\"og:image:height\" content=\"880\" \/>\n\t<meta property=\"og:image:type\" content=\"image\/jpeg\" \/>\n<meta name=\"twitter:card\" content=\"summary_large_image\" \/>\n<meta name=\"twitter:label1\" content=\"Est. reading time\" \/>\n\t<meta name=\"twitter:data1\" content=\"1 minut\" \/>\n<script type=\"application\/ld+json\" class=\"yoast-schema-graph\">{\"@context\":\"https:\\\/\\\/schema.org\",\"@graph\":[{\"@type\":\"WebPage\",\"@id\":\"https:\\\/\\\/aaknives.eu\\\/et\\\/product\\\/nuga-thor-on-valmistatud-heast-sepistatud-roostevabast-terasest-2\\\/\",\"url\":\"https:\\\/\\\/aaknives.eu\\\/et\\\/product\\\/nuga-thor-on-valmistatud-heast-sepistatud-roostevabast-terasest-2\\\/\",\"name\":\"Nuga ''THOR'' on valmistatud heast sepistatud roostevabast terasest - AAKnives\",\"isPartOf\":{\"@id\":\"https:\\\/\\\/aaknives.eu\\\/et\\\/#website\"},\"primaryImageOfPage\":{\"@id\":\"https:\\\/\\\/aaknives.eu\\\/et\\\/product\\\/nuga-thor-on-valmistatud-heast-sepistatud-roostevabast-terasest-2\\\/#primaryimage\"},\"image\":{\"@id\":\"https:\\\/\\\/aaknives.eu\\\/et\\\/product\\\/nuga-thor-on-valmistatud-heast-sepistatud-roostevabast-terasest-2\\\/#primaryimage\"},\"thumbnailUrl\":\"https:\\\/\\\/aaknives.eu\\\/wp-content\\\/uploads\\\/2024\\\/02\\\/aaknives-hand-forged-dabascus-steel-blade-knife-handmade-custom-made-knife-handcrafted-knives-autinetools-northmen-29-2.jpg\",\"datePublished\":\"2024-02-06T19:38:42+00:00\",\"dateModified\":\"2024-03-08T16:08:36+00:00\",\"description\":\"Nuga ''THOR'' on valmistatud heast sepistatud roostevabast terasest.\",\"breadcrumb\":{\"@id\":\"https:\\\/\\\/aaknives.eu\\\/et\\\/product\\\/nuga-thor-on-valmistatud-heast-sepistatud-roostevabast-terasest-2\\\/#breadcrumb\"},\"inLanguage\":\"et\",\"potentialAction\":[{\"@type\":\"ReadAction\",\"target\":[\"https:\\\/\\\/aaknives.eu\\\/et\\\/product\\\/nuga-thor-on-valmistatud-heast-sepistatud-roostevabast-terasest-2\\\/\"]}]},{\"@type\":\"ImageObject\",\"inLanguage\":\"et\",\"@id\":\"https:\\\/\\\/aaknives.eu\\\/et\\\/product\\\/nuga-thor-on-valmistatud-heast-sepistatud-roostevabast-terasest-2\\\/#primaryimage\",\"url\":\"https:\\\/\\\/aaknives.eu\\\/wp-content\\\/uploads\\\/2024\\\/02\\\/aaknives-hand-forged-dabascus-steel-blade-knife-handmade-custom-made-knife-handcrafted-knives-autinetools-northmen-29-2.jpg\",\"contentUrl\":\"https:\\\/\\\/aaknives.eu\\\/wp-content\\\/uploads\\\/2024\\\/02\\\/aaknives-hand-forged-dabascus-steel-blade-knife-handmade-custom-made-knife-handcrafted-knives-autinetools-northmen-29-2.jpg\",\"width\":1020,\"height\":880},{\"@type\":\"BreadcrumbList\",\"@id\":\"https:\\\/\\\/aaknives.eu\\\/et\\\/product\\\/nuga-thor-on-valmistatud-heast-sepistatud-roostevabast-terasest-2\\\/#breadcrumb\",\"itemListElement\":[{\"@type\":\"ListItem\",\"position\":1,\"name\":\"Home\",\"item\":\"https:\\\/\\\/aaknives.eu\\\/et\\\/kodu\\\/\"},{\"@type\":\"ListItem\",\"position\":2,\"name\":\"Kauplus\",\"item\":\"https:\\\/\\\/aaknives.eu\\\/et\\\/kauplus\\\/\"},{\"@type\":\"ListItem\",\"position\":3,\"name\":\"Nuga &#8221;THOR&#8221; on valmistatud heast sepistatud roostevabast terasest\"}]},{\"@type\":\"WebSite\",\"@id\":\"https:\\\/\\\/aaknives.eu\\\/et\\\/#website\",\"url\":\"https:\\\/\\\/aaknives.eu\\\/et\\\/\",\"name\":\"AAKnives\",\"description\":\"Handmade knives\",\"publisher\":{\"@id\":\"https:\\\/\\\/aaknives.eu\\\/et\\\/#organization\"},\"potentialAction\":[{\"@type\":\"SearchAction\",\"target\":{\"@type\":\"EntryPoint\",\"urlTemplate\":\"https:\\\/\\\/aaknives.eu\\\/et\\\/?s={search_term_string}\"},\"query-input\":{\"@type\":\"PropertyValueSpecification\",\"valueRequired\":true,\"valueName\":\"search_term_string\"}}],\"inLanguage\":\"et\"},{\"@type\":\"Organization\",\"@id\":\"https:\\\/\\\/aaknives.eu\\\/et\\\/#organization\",\"name\":\"AAKnives\",\"url\":\"https:\\\/\\\/aaknives.eu\\\/et\\\/\",\"logo\":{\"@type\":\"ImageObject\",\"inLanguage\":\"et\",\"@id\":\"https:\\\/\\\/aaknives.eu\\\/et\\\/#\\\/schema\\\/logo\\\/image\\\/\",\"url\":\"https:\\\/\\\/aaknives.eu\\\/wp-content\\\/uploads\\\/2021\\\/10\\\/AAknives_Logo_Green.png\",\"contentUrl\":\"https:\\\/\\\/aaknives.eu\\\/wp-content\\\/uploads\\\/2021\\\/10\\\/AAknives_Logo_Green.png\",\"width\":1768,\"height\":1768,\"caption\":\"AAKnives\"},\"image\":{\"@id\":\"https:\\\/\\\/aaknives.eu\\\/et\\\/#\\\/schema\\\/logo\\\/image\\\/\"},\"sameAs\":[\"https:\\\/\\\/www.facebook.com\\\/aaknives.eu\\\/\",\"https:\\\/\\\/www.instagram.com\\\/aaknives\\\/\",\"https:\\\/\\\/www.pinterest.com\\\/aa_knives\\\/\",\"https:\\\/\\\/www.youtube.com\\\/channel\\\/UCHOQFjrOkgT6s4FIw9LDKyw\\\/featured\"]}]}<\/script>\n<!-- \/ Yoast SEO plugin. -->","yoast_head_json":{"title":"Nuga ''THOR'' on valmistatud heast sepistatud roostevabast terasest - AAKnives","description":"Nuga ''THOR'' on valmistatud heast sepistatud roostevabast terasest.","robots":{"index":"index","follow":"follow","max-snippet":"max-snippet:-1","max-image-preview":"max-image-preview:large","max-video-preview":"max-video-preview:-1"},"canonical":"https:\/\/aaknives.eu\/et\/product\/nuga-thor-on-valmistatud-heast-sepistatud-roostevabast-terasest-2\/","og_locale":"et_EE","og_type":"article","og_title":"Nuga ''THOR'' on valmistatud heast sepistatud roostevabast terasest - AAKnives","og_description":"Nuga ''THOR'' on valmistatud heast sepistatud roostevabast terasest.","og_url":"https:\/\/aaknives.eu\/et\/product\/nuga-thor-on-valmistatud-heast-sepistatud-roostevabast-terasest-2\/","og_site_name":"AAKnives","article_publisher":"https:\/\/www.facebook.com\/aaknives.eu\/","article_modified_time":"2024-03-08T16:08:36+00:00","og_image":[{"width":1020,"height":880,"url":"https:\/\/aaknives.eu\/wp-content\/uploads\/2024\/02\/aaknives-hand-forged-dabascus-steel-blade-knife-handmade-custom-made-knife-handcrafted-knives-autinetools-northmen-29-2.jpg","type":"image\/jpeg"}],"twitter_card":"summary_large_image","twitter_misc":{"Est. reading time":"1 minut"},"schema":{"@context":"https:\/\/schema.org","@graph":[{"@type":"WebPage","@id":"https:\/\/aaknives.eu\/et\/product\/nuga-thor-on-valmistatud-heast-sepistatud-roostevabast-terasest-2\/","url":"https:\/\/aaknives.eu\/et\/product\/nuga-thor-on-valmistatud-heast-sepistatud-roostevabast-terasest-2\/","name":"Nuga ''THOR'' on valmistatud heast sepistatud roostevabast terasest - AAKnives","isPartOf":{"@id":"https:\/\/aaknives.eu\/et\/#website"},"primaryImageOfPage":{"@id":"https:\/\/aaknives.eu\/et\/product\/nuga-thor-on-valmistatud-heast-sepistatud-roostevabast-terasest-2\/#primaryimage"},"image":{"@id":"https:\/\/aaknives.eu\/et\/product\/nuga-thor-on-valmistatud-heast-sepistatud-roostevabast-terasest-2\/#primaryimage"},"thumbnailUrl":"https:\/\/aaknives.eu\/wp-content\/uploads\/2024\/02\/aaknives-hand-forged-dabascus-steel-blade-knife-handmade-custom-made-knife-handcrafted-knives-autinetools-northmen-29-2.jpg","datePublished":"2024-02-06T19:38:42+00:00","dateModified":"2024-03-08T16:08:36+00:00","description":"Nuga ''THOR'' on valmistatud heast sepistatud roostevabast terasest.","breadcrumb":{"@id":"https:\/\/aaknives.eu\/et\/product\/nuga-thor-on-valmistatud-heast-sepistatud-roostevabast-terasest-2\/#breadcrumb"},"inLanguage":"et","potentialAction":[{"@type":"ReadAction","target":["https:\/\/aaknives.eu\/et\/product\/nuga-thor-on-valmistatud-heast-sepistatud-roostevabast-terasest-2\/"]}]},{"@type":"ImageObject","inLanguage":"et","@id":"https:\/\/aaknives.eu\/et\/product\/nuga-thor-on-valmistatud-heast-sepistatud-roostevabast-terasest-2\/#primaryimage","url":"https:\/\/aaknives.eu\/wp-content\/uploads\/2024\/02\/aaknives-hand-forged-dabascus-steel-blade-knife-handmade-custom-made-knife-handcrafted-knives-autinetools-northmen-29-2.jpg","contentUrl":"https:\/\/aaknives.eu\/wp-content\/uploads\/2024\/02\/aaknives-hand-forged-dabascus-steel-blade-knife-handmade-custom-made-knife-handcrafted-knives-autinetools-northmen-29-2.jpg","width":1020,"height":880},{"@type":"BreadcrumbList","@id":"https:\/\/aaknives.eu\/et\/product\/nuga-thor-on-valmistatud-heast-sepistatud-roostevabast-terasest-2\/#breadcrumb","itemListElement":[{"@type":"ListItem","position":1,"name":"Home","item":"https:\/\/aaknives.eu\/et\/kodu\/"},{"@type":"ListItem","position":2,"name":"Kauplus","item":"https:\/\/aaknives.eu\/et\/kauplus\/"},{"@type":"ListItem","position":3,"name":"Nuga &#8221;THOR&#8221; on valmistatud heast sepistatud roostevabast terasest"}]},{"@type":"WebSite","@id":"https:\/\/aaknives.eu\/et\/#website","url":"https:\/\/aaknives.eu\/et\/","name":"AAKnives","description":"Handmade knives","publisher":{"@id":"https:\/\/aaknives.eu\/et\/#organization"},"potentialAction":[{"@type":"SearchAction","target":{"@type":"EntryPoint","urlTemplate":"https:\/\/aaknives.eu\/et\/?s={search_term_string}"},"query-input":{"@type":"PropertyValueSpecification","valueRequired":true,"valueName":"search_term_string"}}],"inLanguage":"et"},{"@type":"Organization","@id":"https:\/\/aaknives.eu\/et\/#organization","name":"AAKnives","url":"https:\/\/aaknives.eu\/et\/","logo":{"@type":"ImageObject","inLanguage":"et","@id":"https:\/\/aaknives.eu\/et\/#\/schema\/logo\/image\/","url":"https:\/\/aaknives.eu\/wp-content\/uploads\/2021\/10\/AAknives_Logo_Green.png","contentUrl":"https:\/\/aaknives.eu\/wp-content\/uploads\/2021\/10\/AAknives_Logo_Green.png","width":1768,"height":1768,"caption":"AAKnives"},"image":{"@id":"https:\/\/aaknives.eu\/et\/#\/schema\/logo\/image\/"},"sameAs":["https:\/\/www.facebook.com\/aaknives.eu\/","https:\/\/www.instagram.com\/aaknives\/","https:\/\/www.pinterest.com\/aa_knives\/","https:\/\/www.youtube.com\/channel\/UCHOQFjrOkgT6s4FIw9LDKyw\/featured"]}]}},"_links":{"self":[{"href":"https:\/\/aaknives.eu\/et\/wp-json\/wp\/v2\/product\/46696","targetHints":{"allow":["GET"]}}],"collection":[{"href":"https:\/\/aaknives.eu\/et\/wp-json\/wp\/v2\/product"}],"about":[{"href":"https:\/\/aaknives.eu\/et\/wp-json\/wp\/v2\/types\/product"}],"wp:featuredmedia":[{"embeddable":true,"href":"https:\/\/aaknives.eu\/et\/wp-json\/wp\/v2\/media\/46700"}],"wp:attachment":[{"href":"https:\/\/aaknives.eu\/et\/wp-json\/wp\/v2\/media?parent=46696"}],"wp:term":[{"taxonomy":"product_brand","embeddable":true,"href":"https:\/\/aaknives.eu\/et\/wp-json\/wp\/v2\/product_brand?post=46696"},{"taxonomy":"product_cat","embeddable":true,"href":"https:\/\/aaknives.eu\/et\/wp-json\/wp\/v2\/product_cat?post=46696"},{"taxonomy":"product_tag","embeddable":true,"href":"https:\/\/aaknives.eu\/et\/wp-json\/wp\/v2\/product_tag?post=46696"}],"curies":[{"name":"wp","href":"https:\/\/api.w.org\/{rel}","templated":true}]}}