{"id":65346,"date":"2024-07-03T15:23:38","date_gmt":"2024-07-03T15:23:38","guid":{"rendered":"https:\/\/aaknives.eu\/?post_type=product&#038;p=65346"},"modified":"2025-10-22T17:26:00","modified_gmt":"2025-10-22T17:26:00","slug":"nuga-shark-kasitsi-sepistatud-rootsi-terasest-uddeholm-elmax-superclean-2","status":"publish","type":"product","link":"https:\/\/aaknives.eu\/et\/product\/nuga-shark-kasitsi-sepistatud-rootsi-terasest-uddeholm-elmax-superclean-2\/","title":{"rendered":"Nuga &#8221;SHARK&#8221;, k\u00e4sitsi sepistatud Rootsi terasest Uddeholm \u201dElmax\u201d SuperClean"},"content":{"rendered":"<p>Noa spetsifikatsioonid: SHARK<br \/>\nTeras: Rootsi teras Uddeholm \u201dElmax\u201d SuperClean<br \/>\nK\u00f5vadus: 60 HRC<br \/>\nTera pikkus (mm): 110 \/ 4,33 tolli<br \/>\nTera paksus (mm): 4 \/ 0,15 tolli<br \/>\nTera laius (mm): 32 \/ 1,25 tolli<br \/>\nK\u00e4epide: stabiliseeritud Karjala kask<br \/>\nKogupikkus (mm): 240 \/ 9,44 tolli<\/p>\n<p>Elmax on \u00fcks levinumaid pulberteraseid. Seet\u00f5ttu piisab Elmaxi terase omaduste uurimisest, et umbkaudselt m\u00f5ista, millisteks imedeks on &#8220;pulbriline&#8221; nuga v\u00f5imeline. Peamine tegur, mis m\u00f5jutab iga terase ja seega ka sellest valmistatud noa omadusi, on ligatuur. Terase koostises olevad keemilised elemendid annavad sellele teatud omadused, olgu selleks siis tugevus, korrosioonikindlus, l\u00f6\u00f6gitugevus, l\u00f5ikekindlus jne. Elmaxi terast iseloomustab j\u00e4rgmine koostis: See v\u00f5imaldab liigitada terase k\u00f5rge s\u00fcsinikusisaldusega teraseks ning annab sellele suurema k\u00f5vaduse ja tugevuse. 18% kroomi, mis annab erakordse korrosioonikindluse ja suurendab terase tugevust, samuti vastupidavust koos elastsusega. 3% vanaadium, mis parandab terase struktuuri, muudab selle tihedamaks ning annab sellele k\u00f5vaduse ja tugevuse. 1% mol\u00fcbdeeni, mis suurendab veidi korrosioonikindlust, samuti tugevusomadusi, sealhulgas elastsust. 0,3% mangaani, mis samuti m\u00f5jutab positiivselt terase tugevust, kulumiskindlust ja k\u00f5vadust, kuid ei v\u00e4henda samal ajal plastilisust.<\/p>\n<p>Elmaxi noad ei ole korrosioonile altid ja peaaegu t\u00e4ielikult. Selle terase tera on v\u00e4ga vastupidav k\u00fclgkoormusele ja paindumisele. Pulberteras on peaaegu t\u00e4iusliku sisemise struktuuriga. Absoluutne puhastamine kahjulikest lisanditest. Suurep\u00e4rane serva s\u00e4ilimine ja suhteliselt lihtne teritamine heade terituskividega. Teras on h\u00e4sti lihvitud ja \u00fchtlaselt poleeritud, ilma et muster oleks n\u00e4htav. On v\u00f5imalik saavutada t\u00e4iesti peegelpind.<\/p>\n<p>Kokkuv\u00f5ttes v\u00f5ime j\u00e4reldada, et Elmaxi teras on \u00f5igustatult tunnustatud kui \u00fcks parimaid noaterasid t\u00e4nap\u00e4eval. Kui te olete juba ammu m\u00f5elnud, et v\u00f5tate sellest materjalist noa, siis on aeg otsustada. See teenib teid kaua ja ustavalt.<\/p>\n","protected":false},"excerpt":{"rendered":"<p>ELMAXi roostevabast pulbrilisest t\u00f6\u00f6riistaterasest sulamterasest on valmistatud Rootsis. Tootja on UDDEHOLM. Elmax terasest noad on populaarsed kogu maailmas. Elmax teras on v\u00e4ga kulumiskindel, k\u00f5rge kroomi-, vanaadiumi- ja mol\u00fcbdeenisisalduse t\u00f5ttu korrosioonikindel. \u00dclimalt k\u00f5va l\u00f5iketera. K\u00f5vadus 62 \u00fchikut Rockwelli skaalal. Parem plastilisus (purunemiskindlus). ELMAX terasest valmistatud tera sobib h\u00e4sti poleerimiseks, mille tulemusena muutub pind peegelpildiks.<\/p>\n","protected":false},"featured_media":102625,"template":"","meta":{"_themeisle_gutenberg_block_has_review":false},"product_brand":[],"product_cat":[345,343,346],"product_tag":[],"class_list":{"0":"post-65346","1":"product","2":"type-product","3":"status-publish","4":"has-post-thumbnail","6":"product_cat-jahinoad","7":"product_cat-kalapuugi-noad","8":"product_cat-matkanoad","10":"first","11":"instock","12":"shipping-taxable","13":"purchasable","14":"product-type-simple"},"yoast_head":"<!-- This site is optimized with the Yoast SEO plugin v27.3 - https:\/\/yoast.com\/product\/yoast-seo-wordpress\/ -->\n<title>Nuga &#039;&#039;SHARK&#039;&#039;, k\u00e4sitsi sepistatud Rootsi terasest Uddeholm \u201dElmax\u201d SuperClean - AAKnives<\/title>\n<meta name=\"description\" content=\"Nuga &#039;&#039;SHARK&#039;&#039;, k\u00e4sitsi sepistatud Rootsi terasest Uddeholm \u201dElmax\u201d SuperClean, jahinuga, matkanuga, k\u00e4sit\u00f6\u00f6nuga\" \/>\n<meta name=\"robots\" content=\"index, follow, max-snippet:-1, max-image-preview:large, max-video-preview:-1\" \/>\n<link rel=\"canonical\" href=\"https:\/\/aaknives.eu\/et\/product\/nuga-shark-kasitsi-sepistatud-rootsi-terasest-uddeholm-elmax-superclean-2\/\" \/>\n<meta property=\"og:locale\" content=\"et_EE\" \/>\n<meta property=\"og:type\" content=\"article\" \/>\n<meta property=\"og:title\" content=\"Nuga &#039;&#039;SHARK&#039;&#039;, k\u00e4sitsi sepistatud Rootsi terasest Uddeholm \u201dElmax\u201d SuperClean - AAKnives\" \/>\n<meta property=\"og:description\" content=\"Nuga &#039;&#039;SHARK&#039;&#039;, k\u00e4sitsi sepistatud Rootsi terasest Uddeholm \u201dElmax\u201d SuperClean, jahinuga, matkanuga, k\u00e4sit\u00f6\u00f6nuga\" \/>\n<meta property=\"og:url\" content=\"https:\/\/aaknives.eu\/et\/product\/nuga-shark-kasitsi-sepistatud-rootsi-terasest-uddeholm-elmax-superclean-2\/\" \/>\n<meta property=\"og:site_name\" content=\"AAKnives\" \/>\n<meta property=\"article:publisher\" content=\"https:\/\/www.facebook.com\/aaknives.eu\/\" \/>\n<meta property=\"article:modified_time\" content=\"2025-10-22T17:26:00+00:00\" \/>\n<meta property=\"og:image\" content=\"https:\/\/aaknives.eu\/wp-content\/uploads\/2024\/07\/aaknives-hand-forged-damascus-steel-blade-knife-handmade-custom-made-knife-handcrafted-knives-autinetools-northmen-1-67.jpg\" \/>\n\t<meta property=\"og:image:width\" content=\"1020\" \/>\n\t<meta property=\"og:image:height\" content=\"880\" \/>\n\t<meta property=\"og:image:type\" content=\"image\/jpeg\" \/>\n<meta name=\"twitter:card\" content=\"summary_large_image\" \/>\n<meta name=\"twitter:label1\" content=\"Est. reading time\" \/>\n\t<meta name=\"twitter:data1\" content=\"1 minut\" \/>\n<script type=\"application\/ld+json\" class=\"yoast-schema-graph\">{\"@context\":\"https:\\\/\\\/schema.org\",\"@graph\":[{\"@type\":\"WebPage\",\"@id\":\"https:\\\/\\\/aaknives.eu\\\/et\\\/product\\\/nuga-shark-kasitsi-sepistatud-rootsi-terasest-uddeholm-elmax-superclean-2\\\/\",\"url\":\"https:\\\/\\\/aaknives.eu\\\/et\\\/product\\\/nuga-shark-kasitsi-sepistatud-rootsi-terasest-uddeholm-elmax-superclean-2\\\/\",\"name\":\"Nuga ''SHARK'', k\u00e4sitsi sepistatud Rootsi terasest Uddeholm \u201dElmax\u201d SuperClean - AAKnives\",\"isPartOf\":{\"@id\":\"https:\\\/\\\/aaknives.eu\\\/et\\\/#website\"},\"primaryImageOfPage\":{\"@id\":\"https:\\\/\\\/aaknives.eu\\\/et\\\/product\\\/nuga-shark-kasitsi-sepistatud-rootsi-terasest-uddeholm-elmax-superclean-2\\\/#primaryimage\"},\"image\":{\"@id\":\"https:\\\/\\\/aaknives.eu\\\/et\\\/product\\\/nuga-shark-kasitsi-sepistatud-rootsi-terasest-uddeholm-elmax-superclean-2\\\/#primaryimage\"},\"thumbnailUrl\":\"https:\\\/\\\/aaknives.eu\\\/wp-content\\\/uploads\\\/2024\\\/07\\\/aaknives-hand-forged-damascus-steel-blade-knife-handmade-custom-made-knife-handcrafted-knives-autinetools-northmen-1-67.jpg\",\"datePublished\":\"2024-07-03T15:23:38+00:00\",\"dateModified\":\"2025-10-22T17:26:00+00:00\",\"description\":\"Nuga ''SHARK'', k\u00e4sitsi sepistatud Rootsi terasest Uddeholm \u201dElmax\u201d SuperClean, jahinuga, matkanuga, k\u00e4sit\u00f6\u00f6nuga\",\"breadcrumb\":{\"@id\":\"https:\\\/\\\/aaknives.eu\\\/et\\\/product\\\/nuga-shark-kasitsi-sepistatud-rootsi-terasest-uddeholm-elmax-superclean-2\\\/#breadcrumb\"},\"inLanguage\":\"et\",\"potentialAction\":[{\"@type\":\"ReadAction\",\"target\":[\"https:\\\/\\\/aaknives.eu\\\/et\\\/product\\\/nuga-shark-kasitsi-sepistatud-rootsi-terasest-uddeholm-elmax-superclean-2\\\/\"]}]},{\"@type\":\"ImageObject\",\"inLanguage\":\"et\",\"@id\":\"https:\\\/\\\/aaknives.eu\\\/et\\\/product\\\/nuga-shark-kasitsi-sepistatud-rootsi-terasest-uddeholm-elmax-superclean-2\\\/#primaryimage\",\"url\":\"https:\\\/\\\/aaknives.eu\\\/wp-content\\\/uploads\\\/2024\\\/07\\\/aaknives-hand-forged-damascus-steel-blade-knife-handmade-custom-made-knife-handcrafted-knives-autinetools-northmen-1-67.jpg\",\"contentUrl\":\"https:\\\/\\\/aaknives.eu\\\/wp-content\\\/uploads\\\/2024\\\/07\\\/aaknives-hand-forged-damascus-steel-blade-knife-handmade-custom-made-knife-handcrafted-knives-autinetools-northmen-1-67.jpg\",\"width\":1020,\"height\":880},{\"@type\":\"BreadcrumbList\",\"@id\":\"https:\\\/\\\/aaknives.eu\\\/et\\\/product\\\/nuga-shark-kasitsi-sepistatud-rootsi-terasest-uddeholm-elmax-superclean-2\\\/#breadcrumb\",\"itemListElement\":[{\"@type\":\"ListItem\",\"position\":1,\"name\":\"Home\",\"item\":\"https:\\\/\\\/aaknives.eu\\\/et\\\/kodu\\\/\"},{\"@type\":\"ListItem\",\"position\":2,\"name\":\"Kauplus\",\"item\":\"https:\\\/\\\/aaknives.eu\\\/et\\\/kauplus\\\/\"},{\"@type\":\"ListItem\",\"position\":3,\"name\":\"Nuga &#8221;SHARK&#8221;, k\u00e4sitsi sepistatud Rootsi terasest Uddeholm \u201dElmax\u201d SuperClean\"}]},{\"@type\":\"WebSite\",\"@id\":\"https:\\\/\\\/aaknives.eu\\\/et\\\/#website\",\"url\":\"https:\\\/\\\/aaknives.eu\\\/et\\\/\",\"name\":\"AAKnives\",\"description\":\"Handmade knives\",\"publisher\":{\"@id\":\"https:\\\/\\\/aaknives.eu\\\/et\\\/#organization\"},\"potentialAction\":[{\"@type\":\"SearchAction\",\"target\":{\"@type\":\"EntryPoint\",\"urlTemplate\":\"https:\\\/\\\/aaknives.eu\\\/et\\\/?s={search_term_string}\"},\"query-input\":{\"@type\":\"PropertyValueSpecification\",\"valueRequired\":true,\"valueName\":\"search_term_string\"}}],\"inLanguage\":\"et\"},{\"@type\":\"Organization\",\"@id\":\"https:\\\/\\\/aaknives.eu\\\/et\\\/#organization\",\"name\":\"AAKnives\",\"url\":\"https:\\\/\\\/aaknives.eu\\\/et\\\/\",\"logo\":{\"@type\":\"ImageObject\",\"inLanguage\":\"et\",\"@id\":\"https:\\\/\\\/aaknives.eu\\\/et\\\/#\\\/schema\\\/logo\\\/image\\\/\",\"url\":\"https:\\\/\\\/aaknives.eu\\\/wp-content\\\/uploads\\\/2021\\\/10\\\/AAknives_Logo_Green.png\",\"contentUrl\":\"https:\\\/\\\/aaknives.eu\\\/wp-content\\\/uploads\\\/2021\\\/10\\\/AAknives_Logo_Green.png\",\"width\":1768,\"height\":1768,\"caption\":\"AAKnives\"},\"image\":{\"@id\":\"https:\\\/\\\/aaknives.eu\\\/et\\\/#\\\/schema\\\/logo\\\/image\\\/\"},\"sameAs\":[\"https:\\\/\\\/www.facebook.com\\\/aaknives.eu\\\/\",\"https:\\\/\\\/www.instagram.com\\\/aaknives\\\/\",\"https:\\\/\\\/www.pinterest.com\\\/aa_knives\\\/\",\"https:\\\/\\\/www.youtube.com\\\/channel\\\/UCHOQFjrOkgT6s4FIw9LDKyw\\\/featured\"]}]}<\/script>\n<!-- \/ Yoast SEO plugin. -->","yoast_head_json":{"title":"Nuga ''SHARK'', k\u00e4sitsi sepistatud Rootsi terasest Uddeholm \u201dElmax\u201d SuperClean - AAKnives","description":"Nuga ''SHARK'', k\u00e4sitsi sepistatud Rootsi terasest Uddeholm \u201dElmax\u201d SuperClean, jahinuga, matkanuga, k\u00e4sit\u00f6\u00f6nuga","robots":{"index":"index","follow":"follow","max-snippet":"max-snippet:-1","max-image-preview":"max-image-preview:large","max-video-preview":"max-video-preview:-1"},"canonical":"https:\/\/aaknives.eu\/et\/product\/nuga-shark-kasitsi-sepistatud-rootsi-terasest-uddeholm-elmax-superclean-2\/","og_locale":"et_EE","og_type":"article","og_title":"Nuga ''SHARK'', k\u00e4sitsi sepistatud Rootsi terasest Uddeholm \u201dElmax\u201d SuperClean - AAKnives","og_description":"Nuga ''SHARK'', k\u00e4sitsi sepistatud Rootsi terasest Uddeholm \u201dElmax\u201d SuperClean, jahinuga, matkanuga, k\u00e4sit\u00f6\u00f6nuga","og_url":"https:\/\/aaknives.eu\/et\/product\/nuga-shark-kasitsi-sepistatud-rootsi-terasest-uddeholm-elmax-superclean-2\/","og_site_name":"AAKnives","article_publisher":"https:\/\/www.facebook.com\/aaknives.eu\/","article_modified_time":"2025-10-22T17:26:00+00:00","og_image":[{"width":1020,"height":880,"url":"https:\/\/aaknives.eu\/wp-content\/uploads\/2024\/07\/aaknives-hand-forged-damascus-steel-blade-knife-handmade-custom-made-knife-handcrafted-knives-autinetools-northmen-1-67.jpg","type":"image\/jpeg"}],"twitter_card":"summary_large_image","twitter_misc":{"Est. reading time":"1 minut"},"schema":{"@context":"https:\/\/schema.org","@graph":[{"@type":"WebPage","@id":"https:\/\/aaknives.eu\/et\/product\/nuga-shark-kasitsi-sepistatud-rootsi-terasest-uddeholm-elmax-superclean-2\/","url":"https:\/\/aaknives.eu\/et\/product\/nuga-shark-kasitsi-sepistatud-rootsi-terasest-uddeholm-elmax-superclean-2\/","name":"Nuga ''SHARK'', k\u00e4sitsi sepistatud Rootsi terasest Uddeholm \u201dElmax\u201d SuperClean - AAKnives","isPartOf":{"@id":"https:\/\/aaknives.eu\/et\/#website"},"primaryImageOfPage":{"@id":"https:\/\/aaknives.eu\/et\/product\/nuga-shark-kasitsi-sepistatud-rootsi-terasest-uddeholm-elmax-superclean-2\/#primaryimage"},"image":{"@id":"https:\/\/aaknives.eu\/et\/product\/nuga-shark-kasitsi-sepistatud-rootsi-terasest-uddeholm-elmax-superclean-2\/#primaryimage"},"thumbnailUrl":"https:\/\/aaknives.eu\/wp-content\/uploads\/2024\/07\/aaknives-hand-forged-damascus-steel-blade-knife-handmade-custom-made-knife-handcrafted-knives-autinetools-northmen-1-67.jpg","datePublished":"2024-07-03T15:23:38+00:00","dateModified":"2025-10-22T17:26:00+00:00","description":"Nuga ''SHARK'', k\u00e4sitsi sepistatud Rootsi terasest Uddeholm \u201dElmax\u201d SuperClean, jahinuga, matkanuga, k\u00e4sit\u00f6\u00f6nuga","breadcrumb":{"@id":"https:\/\/aaknives.eu\/et\/product\/nuga-shark-kasitsi-sepistatud-rootsi-terasest-uddeholm-elmax-superclean-2\/#breadcrumb"},"inLanguage":"et","potentialAction":[{"@type":"ReadAction","target":["https:\/\/aaknives.eu\/et\/product\/nuga-shark-kasitsi-sepistatud-rootsi-terasest-uddeholm-elmax-superclean-2\/"]}]},{"@type":"ImageObject","inLanguage":"et","@id":"https:\/\/aaknives.eu\/et\/product\/nuga-shark-kasitsi-sepistatud-rootsi-terasest-uddeholm-elmax-superclean-2\/#primaryimage","url":"https:\/\/aaknives.eu\/wp-content\/uploads\/2024\/07\/aaknives-hand-forged-damascus-steel-blade-knife-handmade-custom-made-knife-handcrafted-knives-autinetools-northmen-1-67.jpg","contentUrl":"https:\/\/aaknives.eu\/wp-content\/uploads\/2024\/07\/aaknives-hand-forged-damascus-steel-blade-knife-handmade-custom-made-knife-handcrafted-knives-autinetools-northmen-1-67.jpg","width":1020,"height":880},{"@type":"BreadcrumbList","@id":"https:\/\/aaknives.eu\/et\/product\/nuga-shark-kasitsi-sepistatud-rootsi-terasest-uddeholm-elmax-superclean-2\/#breadcrumb","itemListElement":[{"@type":"ListItem","position":1,"name":"Home","item":"https:\/\/aaknives.eu\/et\/kodu\/"},{"@type":"ListItem","position":2,"name":"Kauplus","item":"https:\/\/aaknives.eu\/et\/kauplus\/"},{"@type":"ListItem","position":3,"name":"Nuga &#8221;SHARK&#8221;, k\u00e4sitsi sepistatud Rootsi terasest Uddeholm \u201dElmax\u201d SuperClean"}]},{"@type":"WebSite","@id":"https:\/\/aaknives.eu\/et\/#website","url":"https:\/\/aaknives.eu\/et\/","name":"AAKnives","description":"Handmade knives","publisher":{"@id":"https:\/\/aaknives.eu\/et\/#organization"},"potentialAction":[{"@type":"SearchAction","target":{"@type":"EntryPoint","urlTemplate":"https:\/\/aaknives.eu\/et\/?s={search_term_string}"},"query-input":{"@type":"PropertyValueSpecification","valueRequired":true,"valueName":"search_term_string"}}],"inLanguage":"et"},{"@type":"Organization","@id":"https:\/\/aaknives.eu\/et\/#organization","name":"AAKnives","url":"https:\/\/aaknives.eu\/et\/","logo":{"@type":"ImageObject","inLanguage":"et","@id":"https:\/\/aaknives.eu\/et\/#\/schema\/logo\/image\/","url":"https:\/\/aaknives.eu\/wp-content\/uploads\/2021\/10\/AAknives_Logo_Green.png","contentUrl":"https:\/\/aaknives.eu\/wp-content\/uploads\/2021\/10\/AAknives_Logo_Green.png","width":1768,"height":1768,"caption":"AAKnives"},"image":{"@id":"https:\/\/aaknives.eu\/et\/#\/schema\/logo\/image\/"},"sameAs":["https:\/\/www.facebook.com\/aaknives.eu\/","https:\/\/www.instagram.com\/aaknives\/","https:\/\/www.pinterest.com\/aa_knives\/","https:\/\/www.youtube.com\/channel\/UCHOQFjrOkgT6s4FIw9LDKyw\/featured"]}]}},"_links":{"self":[{"href":"https:\/\/aaknives.eu\/et\/wp-json\/wp\/v2\/product\/65346","targetHints":{"allow":["GET"]}}],"collection":[{"href":"https:\/\/aaknives.eu\/et\/wp-json\/wp\/v2\/product"}],"about":[{"href":"https:\/\/aaknives.eu\/et\/wp-json\/wp\/v2\/types\/product"}],"wp:featuredmedia":[{"embeddable":true,"href":"https:\/\/aaknives.eu\/et\/wp-json\/wp\/v2\/media\/102625"}],"wp:attachment":[{"href":"https:\/\/aaknives.eu\/et\/wp-json\/wp\/v2\/media?parent=65346"}],"wp:term":[{"taxonomy":"product_brand","embeddable":true,"href":"https:\/\/aaknives.eu\/et\/wp-json\/wp\/v2\/product_brand?post=65346"},{"taxonomy":"product_cat","embeddable":true,"href":"https:\/\/aaknives.eu\/et\/wp-json\/wp\/v2\/product_cat?post=65346"},{"taxonomy":"product_tag","embeddable":true,"href":"https:\/\/aaknives.eu\/et\/wp-json\/wp\/v2\/product_tag?post=65346"}],"curies":[{"name":"wp","href":"https:\/\/api.w.org\/{rel}","templated":true}]}}