{"id":65374,"date":"2024-07-03T15:31:53","date_gmt":"2024-07-03T15:31:53","guid":{"rendered":"https:\/\/aaknives.eu\/?post_type=product&#038;p=65374"},"modified":"2024-07-03T15:35:33","modified_gmt":"2024-07-03T15:35:33","slug":"knife-falcon-hand-forged-swedish-steel-uddeholm-elmax-superclean-kopija","status":"publish","type":"product","link":"https:\/\/aaknives.eu\/et\/product\/knife-falcon-hand-forged-swedish-steel-uddeholm-elmax-superclean-kopija\/","title":{"rendered":"Knife &#8221;FALCON&#8221;- hand forged Swedish Steel Uddeholm \u201dElmax\u201d SuperClean"},"content":{"rendered":"<p>Noa spetsifikatsioonid: FALCON<br \/>\nTeras: Rootsi teras Uddeholm &#8220;Elmax&#8221; SuperClean<br \/>\nK\u00f5vadus: 60 HRC<br \/>\nTera pikkus (mm): 117 \/ 4,60 tolli<br \/>\nTera paksus (mm): 3<br \/>\nTera laius (mm): 30 \/ 1,18 tolli<br \/>\nK\u00e4epide: Stabiliseeritud karjalane kask<br \/>\nKogupikkus (mm): 246 \/ 9,68 tolli<\/p>\n<p>Elmax on \u00fcks levinumaid pulberteraseid. Seega, et m\u00f5ista, millisteks imedeks on &#8220;pulbrist&#8221; valmistatud nuga v\u00f5imeline, on vaja uurida Elmaxi terase omadusi. Peamine tegur, mis m\u00f5jutab iga terase omadusi, mis t\u00e4hendab ka sellest valmistatud noa ligatuur. Just need keemilised elemendid terase koostises annavad need omadused, korrosioonikindluse, l\u00f6\u00f6giviskoossuse, p\u00f6\u00f6rdemomendikindluse jne. Elmaxi iseloomustab j\u00e4rgmine koostis: See v\u00f5imaldab laiendada terast taimse s\u00fcsiniku klassi ja annab sellele suurema k\u00f5vaduse ja vastupidavuse. 18% kroomi, mis annab eksklusiivse korrosioonikindluse ja suurendab terase vastupidavust ning l\u00f6\u00f6giviskoossust koos paindlikkusega. 3% vanaadium, mis parandab terase struktuuri, muudab selle tihedamaks ning annab sellele sitkuse ja vastupidavuse. 1% mol\u00fcbdeen, mis ei aita oluliselt kaasa korrosioonikindlusele, samuti vastupidavusomadustele, sealhulgas paindlikkusele. 0,3% mangaani, millel on samuti positiivne m\u00f5ju terase tugevusele, selle kulumisele ja k\u00f5vadusele, ilma et see v\u00e4hendaks plastilisust. Elmaxi nugade eesm\u00e4rk ei ole korrosioon. Selle terase tera on v\u00e4ga vastupidav k\u00fclgkoormustele ja paindumistele. Pulberteras on praktiliselt t\u00e4iusliku sisemise struktuuriga. Absoluutne puhastamine kahjulikest lisanditest. Silmatorkav teravuse vastupidavus ja suhteline kergus, kui kasutatakse \u00f5igeid kivikesi. Teras on h\u00e4sti freesitud ja isegi lihvitud ilma joonistamata. Saavutatakse absoluutne peegelpind. Sellest tulenevalt v\u00f5ib j\u00e4reldada, et Elmaxi teras sobib \u00fcheks parimaks noateraseks t\u00e4nap\u00e4eval. Kui te olete juba ammu plaaninud sellest materjalist nuga v\u00f5tta, siis on aeg seda teha. See teenib teid kaua ja \u00f5igesti.<\/p>\n","protected":false},"excerpt":{"rendered":"<p>ELMAXi roostevabast pulbrilisest t\u00f6\u00f6riistaterasest sulamterasest on valmistatud Rootsis. Tootja on UDDEHOLM. Elmax terasest noad on populaarsed kogu maailmas. Elmax teras on v\u00e4ga kulumiskindel, k\u00f5rge kroomi-, vanaadiumi- ja mol\u00fcbdeenisisalduse t\u00f5ttu korrosioonikindel. \u00dclimalt k\u00f5va l\u00f5iketera. K\u00f5vadus 62 \u00fchikut Rockwelli skaalal. Parem plastilisus (purunemiskindlus). ELMAX terasest valmistatud tera sobib h\u00e4sti poleerimiseks, mille tulemusena muutub pind peegelpildiks.<\/p>\n","protected":false},"featured_media":65381,"template":"","meta":{"_themeisle_gutenberg_block_has_review":false},"product_brand":[],"product_cat":[345,343,346],"product_tag":[],"class_list":{"0":"post-65374","1":"product","2":"type-product","3":"status-publish","4":"has-post-thumbnail","6":"product_cat-jahinoad","7":"product_cat-kalapuugi-noad","8":"product_cat-matkanoad","10":"first","11":"instock","12":"shipping-taxable","13":"purchasable","14":"product-type-simple"},"yoast_head":"<!-- This site is optimized with the Yoast SEO plugin v27.5 - https:\/\/yoast.com\/product\/yoast-seo-wordpress\/ -->\n<title>Knife &#039;&#039;FALCON&#039;&#039;- hand forged Swedish Steel Uddeholm \u201dElmax\u201d SuperClean - AAKnives<\/title>\n<meta name=\"description\" content=\"Knife FALCON- hand forged Swedish Steel Uddeholm \u201dElmax\u201d SuperClean, camping knife, outdoor knife, handmade knife, custom knife\" \/>\n<meta name=\"robots\" content=\"index, follow, max-snippet:-1, max-image-preview:large, max-video-preview:-1\" \/>\n<link rel=\"canonical\" href=\"https:\/\/aaknives.eu\/et\/product\/knife-falcon-hand-forged-swedish-steel-uddeholm-elmax-superclean-kopija\/\" \/>\n<meta property=\"og:locale\" content=\"et_EE\" \/>\n<meta property=\"og:type\" content=\"article\" \/>\n<meta property=\"og:title\" content=\"Knife &#039;&#039;FALCON&#039;&#039;- hand forged Swedish Steel Uddeholm \u201dElmax\u201d SuperClean - AAKnives\" \/>\n<meta property=\"og:description\" content=\"Knife FALCON- hand forged Swedish Steel Uddeholm \u201dElmax\u201d SuperClean, camping knife, outdoor knife, handmade knife, custom knife\" \/>\n<meta property=\"og:url\" content=\"https:\/\/aaknives.eu\/et\/product\/knife-falcon-hand-forged-swedish-steel-uddeholm-elmax-superclean-kopija\/\" \/>\n<meta property=\"og:site_name\" content=\"AAKnives\" \/>\n<meta property=\"article:publisher\" content=\"https:\/\/www.facebook.com\/aaknives.eu\/\" \/>\n<meta property=\"article:modified_time\" content=\"2024-07-03T15:35:33+00:00\" \/>\n<meta property=\"og:image\" content=\"https:\/\/aaknives.eu\/wp-content\/uploads\/2024\/07\/aaknives-hand-forged-dabascus-steel-blade-knife-handmade-custom-made-knife-handcrafted-knives-autinetools-northmen-16.2.jpg\" \/>\n\t<meta property=\"og:image:width\" content=\"1020\" \/>\n\t<meta property=\"og:image:height\" content=\"880\" \/>\n\t<meta property=\"og:image:type\" content=\"image\/jpeg\" \/>\n<meta name=\"twitter:card\" content=\"summary_large_image\" \/>\n<meta name=\"twitter:label1\" content=\"Est. reading time\" \/>\n\t<meta name=\"twitter:data1\" content=\"1 minut\" \/>\n<script type=\"application\/ld+json\" class=\"yoast-schema-graph\">{\"@context\":\"https:\\\/\\\/schema.org\",\"@graph\":[{\"@type\":\"WebPage\",\"@id\":\"https:\\\/\\\/aaknives.eu\\\/et\\\/product\\\/knife-falcon-hand-forged-swedish-steel-uddeholm-elmax-superclean-kopija\\\/\",\"url\":\"https:\\\/\\\/aaknives.eu\\\/et\\\/product\\\/knife-falcon-hand-forged-swedish-steel-uddeholm-elmax-superclean-kopija\\\/\",\"name\":\"Knife ''FALCON''- hand forged Swedish Steel Uddeholm \u201dElmax\u201d SuperClean - AAKnives\",\"isPartOf\":{\"@id\":\"https:\\\/\\\/aaknives.eu\\\/et\\\/#website\"},\"primaryImageOfPage\":{\"@id\":\"https:\\\/\\\/aaknives.eu\\\/et\\\/product\\\/knife-falcon-hand-forged-swedish-steel-uddeholm-elmax-superclean-kopija\\\/#primaryimage\"},\"image\":{\"@id\":\"https:\\\/\\\/aaknives.eu\\\/et\\\/product\\\/knife-falcon-hand-forged-swedish-steel-uddeholm-elmax-superclean-kopija\\\/#primaryimage\"},\"thumbnailUrl\":\"https:\\\/\\\/aaknives.eu\\\/wp-content\\\/uploads\\\/2024\\\/07\\\/aaknives-hand-forged-dabascus-steel-blade-knife-handmade-custom-made-knife-handcrafted-knives-autinetools-northmen-16.2.jpg\",\"datePublished\":\"2024-07-03T15:31:53+00:00\",\"dateModified\":\"2024-07-03T15:35:33+00:00\",\"description\":\"Knife FALCON- hand forged Swedish Steel Uddeholm \u201dElmax\u201d SuperClean, camping knife, outdoor knife, handmade knife, custom knife\",\"breadcrumb\":{\"@id\":\"https:\\\/\\\/aaknives.eu\\\/et\\\/product\\\/knife-falcon-hand-forged-swedish-steel-uddeholm-elmax-superclean-kopija\\\/#breadcrumb\"},\"inLanguage\":\"et\",\"potentialAction\":[{\"@type\":\"ReadAction\",\"target\":[\"https:\\\/\\\/aaknives.eu\\\/et\\\/product\\\/knife-falcon-hand-forged-swedish-steel-uddeholm-elmax-superclean-kopija\\\/\"]}]},{\"@type\":\"ImageObject\",\"inLanguage\":\"et\",\"@id\":\"https:\\\/\\\/aaknives.eu\\\/et\\\/product\\\/knife-falcon-hand-forged-swedish-steel-uddeholm-elmax-superclean-kopija\\\/#primaryimage\",\"url\":\"https:\\\/\\\/aaknives.eu\\\/wp-content\\\/uploads\\\/2024\\\/07\\\/aaknives-hand-forged-dabascus-steel-blade-knife-handmade-custom-made-knife-handcrafted-knives-autinetools-northmen-16.2.jpg\",\"contentUrl\":\"https:\\\/\\\/aaknives.eu\\\/wp-content\\\/uploads\\\/2024\\\/07\\\/aaknives-hand-forged-dabascus-steel-blade-knife-handmade-custom-made-knife-handcrafted-knives-autinetools-northmen-16.2.jpg\",\"width\":1020,\"height\":880},{\"@type\":\"BreadcrumbList\",\"@id\":\"https:\\\/\\\/aaknives.eu\\\/et\\\/product\\\/knife-falcon-hand-forged-swedish-steel-uddeholm-elmax-superclean-kopija\\\/#breadcrumb\",\"itemListElement\":[{\"@type\":\"ListItem\",\"position\":1,\"name\":\"Home\",\"item\":\"https:\\\/\\\/aaknives.eu\\\/et\\\/kodu\\\/\"},{\"@type\":\"ListItem\",\"position\":2,\"name\":\"Kauplus\",\"item\":\"https:\\\/\\\/aaknives.eu\\\/et\\\/kauplus\\\/\"},{\"@type\":\"ListItem\",\"position\":3,\"name\":\"Private: Knife &#8221;FALCON&#8221;- hand forged Swedish Steel Uddeholm \u201dElmax\u201d SuperClean\"}]},{\"@type\":\"WebSite\",\"@id\":\"https:\\\/\\\/aaknives.eu\\\/et\\\/#website\",\"url\":\"https:\\\/\\\/aaknives.eu\\\/et\\\/\",\"name\":\"AAKnives\",\"description\":\"Handmade knives\",\"publisher\":{\"@id\":\"https:\\\/\\\/aaknives.eu\\\/et\\\/#organization\"},\"potentialAction\":[{\"@type\":\"SearchAction\",\"target\":{\"@type\":\"EntryPoint\",\"urlTemplate\":\"https:\\\/\\\/aaknives.eu\\\/et\\\/?s={search_term_string}\"},\"query-input\":{\"@type\":\"PropertyValueSpecification\",\"valueRequired\":true,\"valueName\":\"search_term_string\"}}],\"inLanguage\":\"et\"},{\"@type\":\"Organization\",\"@id\":\"https:\\\/\\\/aaknives.eu\\\/et\\\/#organization\",\"name\":\"AAKnives\",\"url\":\"https:\\\/\\\/aaknives.eu\\\/et\\\/\",\"logo\":{\"@type\":\"ImageObject\",\"inLanguage\":\"et\",\"@id\":\"https:\\\/\\\/aaknives.eu\\\/et\\\/#\\\/schema\\\/logo\\\/image\\\/\",\"url\":\"https:\\\/\\\/aaknives.eu\\\/wp-content\\\/uploads\\\/2021\\\/10\\\/AAknives_Logo_Green.png\",\"contentUrl\":\"https:\\\/\\\/aaknives.eu\\\/wp-content\\\/uploads\\\/2021\\\/10\\\/AAknives_Logo_Green.png\",\"width\":1768,\"height\":1768,\"caption\":\"AAKnives\"},\"image\":{\"@id\":\"https:\\\/\\\/aaknives.eu\\\/et\\\/#\\\/schema\\\/logo\\\/image\\\/\"},\"sameAs\":[\"https:\\\/\\\/www.facebook.com\\\/aaknives.eu\\\/\",\"https:\\\/\\\/www.instagram.com\\\/aaknives\\\/\",\"https:\\\/\\\/www.pinterest.com\\\/aa_knives\\\/\",\"https:\\\/\\\/www.youtube.com\\\/channel\\\/UCHOQFjrOkgT6s4FIw9LDKyw\\\/featured\"]}]}<\/script>\n<!-- \/ Yoast SEO plugin. -->","yoast_head_json":{"title":"Knife ''FALCON''- hand forged Swedish Steel Uddeholm \u201dElmax\u201d SuperClean - AAKnives","description":"Knife FALCON- hand forged Swedish Steel Uddeholm \u201dElmax\u201d SuperClean, camping knife, outdoor knife, handmade knife, custom knife","robots":{"index":"index","follow":"follow","max-snippet":"max-snippet:-1","max-image-preview":"max-image-preview:large","max-video-preview":"max-video-preview:-1"},"canonical":"https:\/\/aaknives.eu\/et\/product\/knife-falcon-hand-forged-swedish-steel-uddeholm-elmax-superclean-kopija\/","og_locale":"et_EE","og_type":"article","og_title":"Knife ''FALCON''- hand forged Swedish Steel Uddeholm \u201dElmax\u201d SuperClean - AAKnives","og_description":"Knife FALCON- hand forged Swedish Steel Uddeholm \u201dElmax\u201d SuperClean, camping knife, outdoor knife, handmade knife, custom knife","og_url":"https:\/\/aaknives.eu\/et\/product\/knife-falcon-hand-forged-swedish-steel-uddeholm-elmax-superclean-kopija\/","og_site_name":"AAKnives","article_publisher":"https:\/\/www.facebook.com\/aaknives.eu\/","article_modified_time":"2024-07-03T15:35:33+00:00","og_image":[{"width":1020,"height":880,"url":"https:\/\/aaknives.eu\/wp-content\/uploads\/2024\/07\/aaknives-hand-forged-dabascus-steel-blade-knife-handmade-custom-made-knife-handcrafted-knives-autinetools-northmen-16.2.jpg","type":"image\/jpeg"}],"twitter_card":"summary_large_image","twitter_misc":{"Est. reading time":"1 minut"},"schema":{"@context":"https:\/\/schema.org","@graph":[{"@type":"WebPage","@id":"https:\/\/aaknives.eu\/et\/product\/knife-falcon-hand-forged-swedish-steel-uddeholm-elmax-superclean-kopija\/","url":"https:\/\/aaknives.eu\/et\/product\/knife-falcon-hand-forged-swedish-steel-uddeholm-elmax-superclean-kopija\/","name":"Knife ''FALCON''- hand forged Swedish Steel Uddeholm \u201dElmax\u201d SuperClean - AAKnives","isPartOf":{"@id":"https:\/\/aaknives.eu\/et\/#website"},"primaryImageOfPage":{"@id":"https:\/\/aaknives.eu\/et\/product\/knife-falcon-hand-forged-swedish-steel-uddeholm-elmax-superclean-kopija\/#primaryimage"},"image":{"@id":"https:\/\/aaknives.eu\/et\/product\/knife-falcon-hand-forged-swedish-steel-uddeholm-elmax-superclean-kopija\/#primaryimage"},"thumbnailUrl":"https:\/\/aaknives.eu\/wp-content\/uploads\/2024\/07\/aaknives-hand-forged-dabascus-steel-blade-knife-handmade-custom-made-knife-handcrafted-knives-autinetools-northmen-16.2.jpg","datePublished":"2024-07-03T15:31:53+00:00","dateModified":"2024-07-03T15:35:33+00:00","description":"Knife FALCON- hand forged Swedish Steel Uddeholm \u201dElmax\u201d SuperClean, camping knife, outdoor knife, handmade knife, custom knife","breadcrumb":{"@id":"https:\/\/aaknives.eu\/et\/product\/knife-falcon-hand-forged-swedish-steel-uddeholm-elmax-superclean-kopija\/#breadcrumb"},"inLanguage":"et","potentialAction":[{"@type":"ReadAction","target":["https:\/\/aaknives.eu\/et\/product\/knife-falcon-hand-forged-swedish-steel-uddeholm-elmax-superclean-kopija\/"]}]},{"@type":"ImageObject","inLanguage":"et","@id":"https:\/\/aaknives.eu\/et\/product\/knife-falcon-hand-forged-swedish-steel-uddeholm-elmax-superclean-kopija\/#primaryimage","url":"https:\/\/aaknives.eu\/wp-content\/uploads\/2024\/07\/aaknives-hand-forged-dabascus-steel-blade-knife-handmade-custom-made-knife-handcrafted-knives-autinetools-northmen-16.2.jpg","contentUrl":"https:\/\/aaknives.eu\/wp-content\/uploads\/2024\/07\/aaknives-hand-forged-dabascus-steel-blade-knife-handmade-custom-made-knife-handcrafted-knives-autinetools-northmen-16.2.jpg","width":1020,"height":880},{"@type":"BreadcrumbList","@id":"https:\/\/aaknives.eu\/et\/product\/knife-falcon-hand-forged-swedish-steel-uddeholm-elmax-superclean-kopija\/#breadcrumb","itemListElement":[{"@type":"ListItem","position":1,"name":"Home","item":"https:\/\/aaknives.eu\/et\/kodu\/"},{"@type":"ListItem","position":2,"name":"Kauplus","item":"https:\/\/aaknives.eu\/et\/kauplus\/"},{"@type":"ListItem","position":3,"name":"Private: Knife &#8221;FALCON&#8221;- hand forged Swedish Steel Uddeholm \u201dElmax\u201d SuperClean"}]},{"@type":"WebSite","@id":"https:\/\/aaknives.eu\/et\/#website","url":"https:\/\/aaknives.eu\/et\/","name":"AAKnives","description":"Handmade knives","publisher":{"@id":"https:\/\/aaknives.eu\/et\/#organization"},"potentialAction":[{"@type":"SearchAction","target":{"@type":"EntryPoint","urlTemplate":"https:\/\/aaknives.eu\/et\/?s={search_term_string}"},"query-input":{"@type":"PropertyValueSpecification","valueRequired":true,"valueName":"search_term_string"}}],"inLanguage":"et"},{"@type":"Organization","@id":"https:\/\/aaknives.eu\/et\/#organization","name":"AAKnives","url":"https:\/\/aaknives.eu\/et\/","logo":{"@type":"ImageObject","inLanguage":"et","@id":"https:\/\/aaknives.eu\/et\/#\/schema\/logo\/image\/","url":"https:\/\/aaknives.eu\/wp-content\/uploads\/2021\/10\/AAknives_Logo_Green.png","contentUrl":"https:\/\/aaknives.eu\/wp-content\/uploads\/2021\/10\/AAknives_Logo_Green.png","width":1768,"height":1768,"caption":"AAKnives"},"image":{"@id":"https:\/\/aaknives.eu\/et\/#\/schema\/logo\/image\/"},"sameAs":["https:\/\/www.facebook.com\/aaknives.eu\/","https:\/\/www.instagram.com\/aaknives\/","https:\/\/www.pinterest.com\/aa_knives\/","https:\/\/www.youtube.com\/channel\/UCHOQFjrOkgT6s4FIw9LDKyw\/featured"]}]}},"_links":{"self":[{"href":"https:\/\/aaknives.eu\/et\/wp-json\/wp\/v2\/product\/65374","targetHints":{"allow":["GET"]}}],"collection":[{"href":"https:\/\/aaknives.eu\/et\/wp-json\/wp\/v2\/product"}],"about":[{"href":"https:\/\/aaknives.eu\/et\/wp-json\/wp\/v2\/types\/product"}],"wp:featuredmedia":[{"embeddable":true,"href":"https:\/\/aaknives.eu\/et\/wp-json\/wp\/v2\/media\/65381"}],"wp:attachment":[{"href":"https:\/\/aaknives.eu\/et\/wp-json\/wp\/v2\/media?parent=65374"}],"wp:term":[{"taxonomy":"product_brand","embeddable":true,"href":"https:\/\/aaknives.eu\/et\/wp-json\/wp\/v2\/product_brand?post=65374"},{"taxonomy":"product_cat","embeddable":true,"href":"https:\/\/aaknives.eu\/et\/wp-json\/wp\/v2\/product_cat?post=65374"},{"taxonomy":"product_tag","embeddable":true,"href":"https:\/\/aaknives.eu\/et\/wp-json\/wp\/v2\/product_tag?post=65374"}],"curies":[{"name":"wp","href":"https:\/\/api.w.org\/{rel}","templated":true}]}}