{"id":66193,"date":"2024-07-04T17:22:05","date_gmt":"2024-07-04T17:22:05","guid":{"rendered":"https:\/\/aaknives.eu\/?post_type=product&#038;p=66193"},"modified":"2025-07-02T19:24:15","modified_gmt":"2025-07-02T19:24:15","slug":"nuga-highlander-kasitsi-valmistatud-nuga-sepistatud-bulat-wootz-terasest-tera-nuga-kopija","status":"publish","type":"product","link":"https:\/\/aaknives.eu\/et\/product\/nuga-highlander-kasitsi-valmistatud-nuga-sepistatud-bulat-wootz-terasest-tera-nuga-kopija\/","title":{"rendered":"Nuga HIGHLANDER- k\u00e4sitsi valmistatud nuga, sepistatud Bulat-Wootz terasest tera nuga"},"content":{"rendered":"<p>Nugade tehnilised andmed: HIGHLANDER<br \/>\nTeras: k\u00e4sitsi sepistatud Bulat teras<br \/>\nK\u00f5vadus: 62 HRC<br \/>\nBlade length (mm): 124 \/ 4,88 Inch<br \/>\nTera paksus (mm): 3 \/ 0,12 tolli<br \/>\nTera laius (mm): 31 \/ 1,22 tolli<br \/>\nK\u00e4epide: stabiliseeritud karjalane kask<br \/>\nKogupikkus (mm): 250 \/ 9,84 tolli<\/p>\n<p>Bulat \u2013 Wootzi teras<br \/>\nValatud s\u00fcsinik k\u00e4sitsi sepistatud teras<br \/>\nspetsiaalse terastruktuuriga, k\u00f5rge k\u00f5vadusega, suurenenud vastupidavusega ja elastsusega.<br \/>\nIgal Bulati terasest teral on oman\u00e4oline individuaalne muster.<br \/>\n\u2018\u2019AA noad\u2019\u2019 toodab noad, mis on valmistatud legeeritud tiigli Bulat terasest, mis p\u00f5hinevad metallil H12MF ja ShH15.<\/p>\n<p>Bulat terasnugade eelised:<\/p>\n<p>K\u00f5rge k\u00f5vadus<br \/>\nSuurenenud vastupidavus<br \/>\nElastsus<br \/>\nKauakestev teravus<br \/>\nTera k\u00f5vadus 62-64 HRC.<br \/>\nK\u00e4sitsi valmistatud<\/p>\n","protected":false},"excerpt":{"rendered":"<p>Nugade tehnilised andmed: HIGHLANDER Teras: k\u00e4sitsi sepistatud Bulat teras K\u00f5vadus: 62 HRC Blade length (mm): 124 \/ 4,88 Inch Tera paksus (mm): 3 \/ 0,12 tolli Tera laius (mm): 31 \/ 1,22 tolli K\u00e4epide: stabiliseeritud karjalane kask Kogupikkus (mm): 250 \/ 9,84 tolli Bulat \u2013 Wootzi teras Valatud s\u00fcsinik k\u00e4sitsi sepistatud teras spetsiaalse terastruktuuriga, k\u00f5rge k\u00f5vadusega, suurenenud vastupidavusega ja elastsusega. Igal Bulati terasest teral on oman\u00e4oline individuaalne muster. \u2018\u2019AA noad\u2019\u2019 toodab noad, mis on valmistatud legeeritud tiigli Bulat terasest, mis p\u00f5hinevad metallil H12MF ja ShH15. Bulat terasnugade eelised: K\u00f5rge k\u00f5vadus Suurenenud vastupidavus Elastsus Kauakestev teravus Tera k\u00f5vadus 62-64 HRC. K\u00e4sitsi&hellip;<\/p>\n","protected":false},"featured_media":107645,"template":"","meta":{"_themeisle_gutenberg_block_has_review":false},"product_brand":[],"product_cat":[345,343,346],"product_tag":[],"class_list":{"0":"post-66193","1":"product","2":"type-product","3":"status-publish","4":"has-post-thumbnail","6":"product_cat-jahinoad","7":"product_cat-kalapuugi-noad","8":"product_cat-matkanoad","10":"first","11":"instock","12":"shipping-taxable","13":"purchasable","14":"product-type-simple"},"yoast_head":"<!-- This site is optimized with the Yoast SEO plugin v27.3 - https:\/\/yoast.com\/product\/yoast-seo-wordpress\/ -->\n<title>Nuga HIGHLANDER- k\u00e4sitsi valmistatud nuga, sepistatud Bulat-Wootz terasest tera nuga - AAKnives<\/title>\n<meta name=\"description\" content=\"Nuga HIGHLANDER- k\u00e4sitsi valmistatud nuga, sepistatud Bulat-Wootz terasest tera nuga\" \/>\n<meta name=\"robots\" content=\"index, follow, max-snippet:-1, max-image-preview:large, max-video-preview:-1\" \/>\n<link rel=\"canonical\" href=\"https:\/\/aaknives.eu\/et\/product\/nuga-highlander-kasitsi-valmistatud-nuga-sepistatud-bulat-wootz-terasest-tera-nuga-kopija\/\" \/>\n<meta property=\"og:locale\" content=\"et_EE\" \/>\n<meta property=\"og:type\" content=\"article\" \/>\n<meta property=\"og:title\" content=\"Nuga HIGHLANDER- k\u00e4sitsi valmistatud nuga, sepistatud Bulat-Wootz terasest tera nuga - AAKnives\" \/>\n<meta property=\"og:description\" content=\"Nuga HIGHLANDER- k\u00e4sitsi valmistatud nuga, sepistatud Bulat-Wootz terasest tera nuga\" \/>\n<meta property=\"og:url\" content=\"https:\/\/aaknives.eu\/et\/product\/nuga-highlander-kasitsi-valmistatud-nuga-sepistatud-bulat-wootz-terasest-tera-nuga-kopija\/\" \/>\n<meta property=\"og:site_name\" content=\"AAKnives\" \/>\n<meta property=\"article:publisher\" content=\"https:\/\/www.facebook.com\/aaknives.eu\/\" \/>\n<meta property=\"article:modified_time\" content=\"2025-07-02T19:24:15+00:00\" \/>\n<meta property=\"og:image\" content=\"https:\/\/aaknives.eu\/wp-content\/uploads\/2024\/07\/aaknives-hand-forged-damascus-steel-blade-knife-handmade-custom-made-knife-handcrafted-knives-autinetools-northmen-19.2.jpg\" \/>\n\t<meta property=\"og:image:width\" content=\"1020\" \/>\n\t<meta property=\"og:image:height\" content=\"880\" \/>\n\t<meta property=\"og:image:type\" content=\"image\/jpeg\" \/>\n<meta name=\"twitter:card\" content=\"summary_large_image\" \/>\n<meta name=\"twitter:label1\" content=\"Est. reading time\" \/>\n\t<meta name=\"twitter:data1\" content=\"1 minut\" \/>\n<script type=\"application\/ld+json\" class=\"yoast-schema-graph\">{\"@context\":\"https:\\\/\\\/schema.org\",\"@graph\":[{\"@type\":\"WebPage\",\"@id\":\"https:\\\/\\\/aaknives.eu\\\/et\\\/product\\\/nuga-highlander-kasitsi-valmistatud-nuga-sepistatud-bulat-wootz-terasest-tera-nuga-kopija\\\/\",\"url\":\"https:\\\/\\\/aaknives.eu\\\/et\\\/product\\\/nuga-highlander-kasitsi-valmistatud-nuga-sepistatud-bulat-wootz-terasest-tera-nuga-kopija\\\/\",\"name\":\"Nuga HIGHLANDER- k\u00e4sitsi valmistatud nuga, sepistatud Bulat-Wootz terasest tera nuga - AAKnives\",\"isPartOf\":{\"@id\":\"https:\\\/\\\/aaknives.eu\\\/et\\\/#website\"},\"primaryImageOfPage\":{\"@id\":\"https:\\\/\\\/aaknives.eu\\\/et\\\/product\\\/nuga-highlander-kasitsi-valmistatud-nuga-sepistatud-bulat-wootz-terasest-tera-nuga-kopija\\\/#primaryimage\"},\"image\":{\"@id\":\"https:\\\/\\\/aaknives.eu\\\/et\\\/product\\\/nuga-highlander-kasitsi-valmistatud-nuga-sepistatud-bulat-wootz-terasest-tera-nuga-kopija\\\/#primaryimage\"},\"thumbnailUrl\":\"https:\\\/\\\/aaknives.eu\\\/wp-content\\\/uploads\\\/2024\\\/07\\\/aaknives-hand-forged-damascus-steel-blade-knife-handmade-custom-made-knife-handcrafted-knives-autinetools-northmen-1-26.jpg\",\"datePublished\":\"2024-07-04T17:22:05+00:00\",\"dateModified\":\"2025-07-02T19:24:15+00:00\",\"description\":\"Nuga HIGHLANDER- k\u00e4sitsi valmistatud nuga, sepistatud Bulat-Wootz terasest tera nuga\",\"breadcrumb\":{\"@id\":\"https:\\\/\\\/aaknives.eu\\\/et\\\/product\\\/nuga-highlander-kasitsi-valmistatud-nuga-sepistatud-bulat-wootz-terasest-tera-nuga-kopija\\\/#breadcrumb\"},\"inLanguage\":\"et\",\"potentialAction\":[{\"@type\":\"ReadAction\",\"target\":[\"https:\\\/\\\/aaknives.eu\\\/et\\\/product\\\/nuga-highlander-kasitsi-valmistatud-nuga-sepistatud-bulat-wootz-terasest-tera-nuga-kopija\\\/\"]}]},{\"@type\":\"ImageObject\",\"inLanguage\":\"et\",\"@id\":\"https:\\\/\\\/aaknives.eu\\\/et\\\/product\\\/nuga-highlander-kasitsi-valmistatud-nuga-sepistatud-bulat-wootz-terasest-tera-nuga-kopija\\\/#primaryimage\",\"url\":\"https:\\\/\\\/aaknives.eu\\\/wp-content\\\/uploads\\\/2024\\\/07\\\/aaknives-hand-forged-damascus-steel-blade-knife-handmade-custom-made-knife-handcrafted-knives-autinetools-northmen-1-26.jpg\",\"contentUrl\":\"https:\\\/\\\/aaknives.eu\\\/wp-content\\\/uploads\\\/2024\\\/07\\\/aaknives-hand-forged-damascus-steel-blade-knife-handmade-custom-made-knife-handcrafted-knives-autinetools-northmen-1-26.jpg\",\"width\":1020,\"height\":880},{\"@type\":\"BreadcrumbList\",\"@id\":\"https:\\\/\\\/aaknives.eu\\\/et\\\/product\\\/nuga-highlander-kasitsi-valmistatud-nuga-sepistatud-bulat-wootz-terasest-tera-nuga-kopija\\\/#breadcrumb\",\"itemListElement\":[{\"@type\":\"ListItem\",\"position\":1,\"name\":\"Home\",\"item\":\"https:\\\/\\\/aaknives.eu\\\/et\\\/kodu\\\/\"},{\"@type\":\"ListItem\",\"position\":2,\"name\":\"Kauplus\",\"item\":\"https:\\\/\\\/aaknives.eu\\\/et\\\/kauplus\\\/\"},{\"@type\":\"ListItem\",\"position\":3,\"name\":\"Private: Nuga HIGHLANDER- k\u00e4sitsi valmistatud nuga, sepistatud Bulat-Wootz terasest tera nuga\"}]},{\"@type\":\"WebSite\",\"@id\":\"https:\\\/\\\/aaknives.eu\\\/et\\\/#website\",\"url\":\"https:\\\/\\\/aaknives.eu\\\/et\\\/\",\"name\":\"AAKnives\",\"description\":\"Handmade knives\",\"publisher\":{\"@id\":\"https:\\\/\\\/aaknives.eu\\\/et\\\/#organization\"},\"potentialAction\":[{\"@type\":\"SearchAction\",\"target\":{\"@type\":\"EntryPoint\",\"urlTemplate\":\"https:\\\/\\\/aaknives.eu\\\/et\\\/?s={search_term_string}\"},\"query-input\":{\"@type\":\"PropertyValueSpecification\",\"valueRequired\":true,\"valueName\":\"search_term_string\"}}],\"inLanguage\":\"et\"},{\"@type\":\"Organization\",\"@id\":\"https:\\\/\\\/aaknives.eu\\\/et\\\/#organization\",\"name\":\"AAKnives\",\"url\":\"https:\\\/\\\/aaknives.eu\\\/et\\\/\",\"logo\":{\"@type\":\"ImageObject\",\"inLanguage\":\"et\",\"@id\":\"https:\\\/\\\/aaknives.eu\\\/et\\\/#\\\/schema\\\/logo\\\/image\\\/\",\"url\":\"https:\\\/\\\/aaknives.eu\\\/wp-content\\\/uploads\\\/2021\\\/10\\\/AAknives_Logo_Green.png\",\"contentUrl\":\"https:\\\/\\\/aaknives.eu\\\/wp-content\\\/uploads\\\/2021\\\/10\\\/AAknives_Logo_Green.png\",\"width\":1768,\"height\":1768,\"caption\":\"AAKnives\"},\"image\":{\"@id\":\"https:\\\/\\\/aaknives.eu\\\/et\\\/#\\\/schema\\\/logo\\\/image\\\/\"},\"sameAs\":[\"https:\\\/\\\/www.facebook.com\\\/aaknives.eu\\\/\",\"https:\\\/\\\/www.instagram.com\\\/aaknives\\\/\",\"https:\\\/\\\/www.pinterest.com\\\/aa_knives\\\/\",\"https:\\\/\\\/www.youtube.com\\\/channel\\\/UCHOQFjrOkgT6s4FIw9LDKyw\\\/featured\"]}]}<\/script>\n<!-- \/ Yoast SEO plugin. -->","yoast_head_json":{"title":"Nuga HIGHLANDER- k\u00e4sitsi valmistatud nuga, sepistatud Bulat-Wootz terasest tera nuga - AAKnives","description":"Nuga HIGHLANDER- k\u00e4sitsi valmistatud nuga, sepistatud Bulat-Wootz terasest tera nuga","robots":{"index":"index","follow":"follow","max-snippet":"max-snippet:-1","max-image-preview":"max-image-preview:large","max-video-preview":"max-video-preview:-1"},"canonical":"https:\/\/aaknives.eu\/et\/product\/nuga-highlander-kasitsi-valmistatud-nuga-sepistatud-bulat-wootz-terasest-tera-nuga-kopija\/","og_locale":"et_EE","og_type":"article","og_title":"Nuga HIGHLANDER- k\u00e4sitsi valmistatud nuga, sepistatud Bulat-Wootz terasest tera nuga - AAKnives","og_description":"Nuga HIGHLANDER- k\u00e4sitsi valmistatud nuga, sepistatud Bulat-Wootz terasest tera nuga","og_url":"https:\/\/aaknives.eu\/et\/product\/nuga-highlander-kasitsi-valmistatud-nuga-sepistatud-bulat-wootz-terasest-tera-nuga-kopija\/","og_site_name":"AAKnives","article_publisher":"https:\/\/www.facebook.com\/aaknives.eu\/","article_modified_time":"2025-07-02T19:24:15+00:00","og_image":[{"width":1020,"height":880,"url":"https:\/\/aaknives.eu\/wp-content\/uploads\/2024\/07\/aaknives-hand-forged-damascus-steel-blade-knife-handmade-custom-made-knife-handcrafted-knives-autinetools-northmen-19.2.jpg","type":"image\/jpeg"}],"twitter_card":"summary_large_image","twitter_misc":{"Est. reading time":"1 minut"},"schema":{"@context":"https:\/\/schema.org","@graph":[{"@type":"WebPage","@id":"https:\/\/aaknives.eu\/et\/product\/nuga-highlander-kasitsi-valmistatud-nuga-sepistatud-bulat-wootz-terasest-tera-nuga-kopija\/","url":"https:\/\/aaknives.eu\/et\/product\/nuga-highlander-kasitsi-valmistatud-nuga-sepistatud-bulat-wootz-terasest-tera-nuga-kopija\/","name":"Nuga HIGHLANDER- k\u00e4sitsi valmistatud nuga, sepistatud Bulat-Wootz terasest tera nuga - AAKnives","isPartOf":{"@id":"https:\/\/aaknives.eu\/et\/#website"},"primaryImageOfPage":{"@id":"https:\/\/aaknives.eu\/et\/product\/nuga-highlander-kasitsi-valmistatud-nuga-sepistatud-bulat-wootz-terasest-tera-nuga-kopija\/#primaryimage"},"image":{"@id":"https:\/\/aaknives.eu\/et\/product\/nuga-highlander-kasitsi-valmistatud-nuga-sepistatud-bulat-wootz-terasest-tera-nuga-kopija\/#primaryimage"},"thumbnailUrl":"https:\/\/aaknives.eu\/wp-content\/uploads\/2024\/07\/aaknives-hand-forged-damascus-steel-blade-knife-handmade-custom-made-knife-handcrafted-knives-autinetools-northmen-1-26.jpg","datePublished":"2024-07-04T17:22:05+00:00","dateModified":"2025-07-02T19:24:15+00:00","description":"Nuga HIGHLANDER- k\u00e4sitsi valmistatud nuga, sepistatud Bulat-Wootz terasest tera nuga","breadcrumb":{"@id":"https:\/\/aaknives.eu\/et\/product\/nuga-highlander-kasitsi-valmistatud-nuga-sepistatud-bulat-wootz-terasest-tera-nuga-kopija\/#breadcrumb"},"inLanguage":"et","potentialAction":[{"@type":"ReadAction","target":["https:\/\/aaknives.eu\/et\/product\/nuga-highlander-kasitsi-valmistatud-nuga-sepistatud-bulat-wootz-terasest-tera-nuga-kopija\/"]}]},{"@type":"ImageObject","inLanguage":"et","@id":"https:\/\/aaknives.eu\/et\/product\/nuga-highlander-kasitsi-valmistatud-nuga-sepistatud-bulat-wootz-terasest-tera-nuga-kopija\/#primaryimage","url":"https:\/\/aaknives.eu\/wp-content\/uploads\/2024\/07\/aaknives-hand-forged-damascus-steel-blade-knife-handmade-custom-made-knife-handcrafted-knives-autinetools-northmen-1-26.jpg","contentUrl":"https:\/\/aaknives.eu\/wp-content\/uploads\/2024\/07\/aaknives-hand-forged-damascus-steel-blade-knife-handmade-custom-made-knife-handcrafted-knives-autinetools-northmen-1-26.jpg","width":1020,"height":880},{"@type":"BreadcrumbList","@id":"https:\/\/aaknives.eu\/et\/product\/nuga-highlander-kasitsi-valmistatud-nuga-sepistatud-bulat-wootz-terasest-tera-nuga-kopija\/#breadcrumb","itemListElement":[{"@type":"ListItem","position":1,"name":"Home","item":"https:\/\/aaknives.eu\/et\/kodu\/"},{"@type":"ListItem","position":2,"name":"Kauplus","item":"https:\/\/aaknives.eu\/et\/kauplus\/"},{"@type":"ListItem","position":3,"name":"Private: Nuga HIGHLANDER- k\u00e4sitsi valmistatud nuga, sepistatud Bulat-Wootz terasest tera nuga"}]},{"@type":"WebSite","@id":"https:\/\/aaknives.eu\/et\/#website","url":"https:\/\/aaknives.eu\/et\/","name":"AAKnives","description":"Handmade knives","publisher":{"@id":"https:\/\/aaknives.eu\/et\/#organization"},"potentialAction":[{"@type":"SearchAction","target":{"@type":"EntryPoint","urlTemplate":"https:\/\/aaknives.eu\/et\/?s={search_term_string}"},"query-input":{"@type":"PropertyValueSpecification","valueRequired":true,"valueName":"search_term_string"}}],"inLanguage":"et"},{"@type":"Organization","@id":"https:\/\/aaknives.eu\/et\/#organization","name":"AAKnives","url":"https:\/\/aaknives.eu\/et\/","logo":{"@type":"ImageObject","inLanguage":"et","@id":"https:\/\/aaknives.eu\/et\/#\/schema\/logo\/image\/","url":"https:\/\/aaknives.eu\/wp-content\/uploads\/2021\/10\/AAknives_Logo_Green.png","contentUrl":"https:\/\/aaknives.eu\/wp-content\/uploads\/2021\/10\/AAknives_Logo_Green.png","width":1768,"height":1768,"caption":"AAKnives"},"image":{"@id":"https:\/\/aaknives.eu\/et\/#\/schema\/logo\/image\/"},"sameAs":["https:\/\/www.facebook.com\/aaknives.eu\/","https:\/\/www.instagram.com\/aaknives\/","https:\/\/www.pinterest.com\/aa_knives\/","https:\/\/www.youtube.com\/channel\/UCHOQFjrOkgT6s4FIw9LDKyw\/featured"]}]}},"_links":{"self":[{"href":"https:\/\/aaknives.eu\/et\/wp-json\/wp\/v2\/product\/66193","targetHints":{"allow":["GET"]}}],"collection":[{"href":"https:\/\/aaknives.eu\/et\/wp-json\/wp\/v2\/product"}],"about":[{"href":"https:\/\/aaknives.eu\/et\/wp-json\/wp\/v2\/types\/product"}],"wp:featuredmedia":[{"embeddable":true,"href":"https:\/\/aaknives.eu\/et\/wp-json\/wp\/v2\/media\/107645"}],"wp:attachment":[{"href":"https:\/\/aaknives.eu\/et\/wp-json\/wp\/v2\/media?parent=66193"}],"wp:term":[{"taxonomy":"product_brand","embeddable":true,"href":"https:\/\/aaknives.eu\/et\/wp-json\/wp\/v2\/product_brand?post=66193"},{"taxonomy":"product_cat","embeddable":true,"href":"https:\/\/aaknives.eu\/et\/wp-json\/wp\/v2\/product_cat?post=66193"},{"taxonomy":"product_tag","embeddable":true,"href":"https:\/\/aaknives.eu\/et\/wp-json\/wp\/v2\/product_tag?post=66193"}],"curies":[{"name":"wp","href":"https:\/\/api.w.org\/{rel}","templated":true}]}}