{"id":68752,"date":"2024-09-25T15:13:59","date_gmt":"2024-09-25T15:13:59","guid":{"rendered":"https:\/\/aaknives.eu\/?post_type=product&#038;p=68752"},"modified":"2025-05-11T16:11:43","modified_gmt":"2025-05-11T16:11:43","slug":"knife-finka-forged-stainless-steel-knife-forged-stainless-steel-hrc-60-62","status":"publish","type":"product","link":"https:\/\/aaknives.eu\/et\/product\/knife-finka-forged-stainless-steel-knife-forged-stainless-steel-hrc-60-62\/","title":{"rendered":"Nuga \u201eFINKA\u201d sepistatud roostevabast terasest nuga, sepistatud roostevabast terasest k\u00f5vadus 59 HRC"},"content":{"rendered":"<p>Noa spetsifikatsioonid: \u201eFINKA\u201d<br \/>\nTeras: sepistatud roostevabast terasest k\u00f5vadus 59 HRC<br \/>\nK\u00f5vadus: 59 HRC<br \/>\nTera pikkus (mm): 125 \/ 4,92 tolli<br \/>\nTera paksus (mm): 2 \/ 0,07 tolli<br \/>\nTera laius (mm): 22 \/ 0,86 tolli<br \/>\nK\u00e4epide: puit &#8211; kasepuit<br \/>\nKogupikkus (mm): 245 \/ 9,64 tolli<br \/>\nNoa t\u00fc\u00fcp: \u00f5ue, eksklusiivne kinkenuga<br \/>\nPakend: nuga, nahk\u00fcmbris<\/p>\n<p>Teras N695 &#8211; roostevaba teras K\u00e4sitsi sepistatud teras.K\u00e4sitsi sepistatud terasest noad N695 on k\u00f5ige levinumad jahimeeste, kalameeste ja vaba\u00f5hu harrastajate seas.<\/p>\n<p>Terasest N695 valmistatud nugade eelised:<\/p>\n<p>Universaalne<br \/>\nRoostevaba<br \/>\nHead l\u00f5ikeomadused<br \/>\nEi vaja palju hoolt<br \/>\nMadal hind<\/p>\n<p>Hardness of the blade 59 HRC.<br \/>\nHand forged<\/p>\n","protected":false},"excerpt":{"rendered":"<p>Noa spetsifikatsioonid: \u201eFINKA\u201d Teras: sepistatud roostevabast terasest k\u00f5vadus 59 HRC K\u00f5vadus: 59 HRC Tera pikkus (mm): 125 \/ 4,92 tolli Tera paksus (mm): 2 \/ 0,07 tolli Tera laius (mm): 22 \/ 0,86 tolli K\u00e4epide: puit &#8211; kasepuit Kogupikkus (mm): 245 \/ 9,64 tolli Noa t\u00fc\u00fcp: \u00f5ue, eksklusiivne kinkenuga Pakend: nuga, nahk\u00fcmbris Teras N695 &#8211; roostevaba teras K\u00e4sitsi sepistatud teras.K\u00e4sitsi sepistatud terasest noad N695 on k\u00f5ige levinumad jahimeeste, kalameeste ja vaba\u00f5hu harrastajate seas. Terasest N695 valmistatud nugade eelised: Universaalne Roostevaba Head l\u00f5ikeomadused Ei vaja palju hoolt Madal hind Hardness of the blade 59 HRC. Hand forged<\/p>\n","protected":false},"featured_media":98692,"template":"","meta":{"_themeisle_gutenberg_block_has_review":false},"product_brand":[],"product_cat":[346,341],"product_tag":[],"class_list":{"0":"post-68752","1":"product","2":"type-product","3":"status-publish","4":"has-post-thumbnail","6":"product_cat-matkanoad","7":"product_cat-premium-ja-eksklusiivsed-noad","9":"first","10":"instock","11":"shipping-taxable","12":"purchasable","13":"product-type-simple"},"yoast_head":"<!-- This site is optimized with the Yoast SEO plugin v27.3 - https:\/\/yoast.com\/product\/yoast-seo-wordpress\/ -->\n<title>Nuga \u201eFINKA\u201d sepistatud roostevabast terasest nuga, sepistatud roostevabast terasest k\u00f5vadus 59 HRC - AAKnives<\/title>\n<meta name=\"description\" content=\"K\u00e4sitsi sepistatud terasest noad N695 on k\u00f5ige levinumad jahimeeste, kalameeste ja vaba\u00f5huhuviliste seas.\" \/>\n<meta name=\"robots\" content=\"index, follow, max-snippet:-1, max-image-preview:large, max-video-preview:-1\" \/>\n<link rel=\"canonical\" href=\"https:\/\/aaknives.eu\/et\/product\/knife-finka-forged-stainless-steel-knife-forged-stainless-steel-hrc-60-62\/\" \/>\n<meta property=\"og:locale\" content=\"et_EE\" \/>\n<meta property=\"og:type\" content=\"article\" \/>\n<meta property=\"og:title\" content=\"Nuga \u201eFINKA\u201d sepistatud roostevabast terasest nuga, sepistatud roostevabast terasest k\u00f5vadus 59 HRC - AAKnives\" \/>\n<meta property=\"og:description\" content=\"K\u00e4sitsi sepistatud terasest noad N695 on k\u00f5ige levinumad jahimeeste, kalameeste ja vaba\u00f5huhuviliste seas.\" \/>\n<meta property=\"og:url\" content=\"https:\/\/aaknives.eu\/et\/product\/knife-finka-forged-stainless-steel-knife-forged-stainless-steel-hrc-60-62\/\" \/>\n<meta property=\"og:site_name\" content=\"AAKnives\" \/>\n<meta property=\"article:publisher\" content=\"https:\/\/www.facebook.com\/aaknives.eu\/\" \/>\n<meta property=\"article:modified_time\" content=\"2025-05-11T16:11:43+00:00\" \/>\n<meta property=\"og:image\" content=\"https:\/\/aaknives.eu\/wp-content\/uploads\/2024\/09\/aaknives-hand-forged-damascus-steel-blade-knife-handmade-custom-made-knife-handcrafted-knives-autinetools-northmen-1-136.jpg\" \/>\n\t<meta property=\"og:image:width\" content=\"1020\" \/>\n\t<meta property=\"og:image:height\" content=\"880\" \/>\n\t<meta property=\"og:image:type\" content=\"image\/jpeg\" \/>\n<meta name=\"twitter:card\" content=\"summary_large_image\" \/>\n<script type=\"application\/ld+json\" class=\"yoast-schema-graph\">{\"@context\":\"https:\\\/\\\/schema.org\",\"@graph\":[{\"@type\":\"WebPage\",\"@id\":\"https:\\\/\\\/aaknives.eu\\\/et\\\/product\\\/knife-finka-forged-stainless-steel-knife-forged-stainless-steel-hrc-60-62\\\/\",\"url\":\"https:\\\/\\\/aaknives.eu\\\/et\\\/product\\\/knife-finka-forged-stainless-steel-knife-forged-stainless-steel-hrc-60-62\\\/\",\"name\":\"Nuga \u201eFINKA\u201d sepistatud roostevabast terasest nuga, sepistatud roostevabast terasest k\u00f5vadus 59 HRC - AAKnives\",\"isPartOf\":{\"@id\":\"https:\\\/\\\/aaknives.eu\\\/et\\\/#website\"},\"primaryImageOfPage\":{\"@id\":\"https:\\\/\\\/aaknives.eu\\\/et\\\/product\\\/knife-finka-forged-stainless-steel-knife-forged-stainless-steel-hrc-60-62\\\/#primaryimage\"},\"image\":{\"@id\":\"https:\\\/\\\/aaknives.eu\\\/et\\\/product\\\/knife-finka-forged-stainless-steel-knife-forged-stainless-steel-hrc-60-62\\\/#primaryimage\"},\"thumbnailUrl\":\"https:\\\/\\\/aaknives.eu\\\/wp-content\\\/uploads\\\/2024\\\/09\\\/aaknives-hand-forged-damascus-steel-blade-knife-handmade-custom-made-knife-handcrafted-knives-autinetools-northmen-1-136.jpg\",\"datePublished\":\"2024-09-25T15:13:59+00:00\",\"dateModified\":\"2025-05-11T16:11:43+00:00\",\"description\":\"K\u00e4sitsi sepistatud terasest noad N695 on k\u00f5ige levinumad jahimeeste, kalameeste ja vaba\u00f5huhuviliste seas.\",\"breadcrumb\":{\"@id\":\"https:\\\/\\\/aaknives.eu\\\/et\\\/product\\\/knife-finka-forged-stainless-steel-knife-forged-stainless-steel-hrc-60-62\\\/#breadcrumb\"},\"inLanguage\":\"et\",\"potentialAction\":[{\"@type\":\"ReadAction\",\"target\":[\"https:\\\/\\\/aaknives.eu\\\/et\\\/product\\\/knife-finka-forged-stainless-steel-knife-forged-stainless-steel-hrc-60-62\\\/\"]}]},{\"@type\":\"ImageObject\",\"inLanguage\":\"et\",\"@id\":\"https:\\\/\\\/aaknives.eu\\\/et\\\/product\\\/knife-finka-forged-stainless-steel-knife-forged-stainless-steel-hrc-60-62\\\/#primaryimage\",\"url\":\"https:\\\/\\\/aaknives.eu\\\/wp-content\\\/uploads\\\/2024\\\/09\\\/aaknives-hand-forged-damascus-steel-blade-knife-handmade-custom-made-knife-handcrafted-knives-autinetools-northmen-1-136.jpg\",\"contentUrl\":\"https:\\\/\\\/aaknives.eu\\\/wp-content\\\/uploads\\\/2024\\\/09\\\/aaknives-hand-forged-damascus-steel-blade-knife-handmade-custom-made-knife-handcrafted-knives-autinetools-northmen-1-136.jpg\",\"width\":1020,\"height\":880},{\"@type\":\"BreadcrumbList\",\"@id\":\"https:\\\/\\\/aaknives.eu\\\/et\\\/product\\\/knife-finka-forged-stainless-steel-knife-forged-stainless-steel-hrc-60-62\\\/#breadcrumb\",\"itemListElement\":[{\"@type\":\"ListItem\",\"position\":1,\"name\":\"Home\",\"item\":\"https:\\\/\\\/aaknives.eu\\\/et\\\/kodu\\\/\"},{\"@type\":\"ListItem\",\"position\":2,\"name\":\"Kauplus\",\"item\":\"https:\\\/\\\/aaknives.eu\\\/et\\\/kauplus\\\/\"},{\"@type\":\"ListItem\",\"position\":3,\"name\":\"Private: Nuga \u201eFINKA\u201d sepistatud roostevabast terasest nuga, sepistatud roostevabast terasest k\u00f5vadus 59 HRC\"}]},{\"@type\":\"WebSite\",\"@id\":\"https:\\\/\\\/aaknives.eu\\\/et\\\/#website\",\"url\":\"https:\\\/\\\/aaknives.eu\\\/et\\\/\",\"name\":\"AAKnives\",\"description\":\"Handmade knives\",\"publisher\":{\"@id\":\"https:\\\/\\\/aaknives.eu\\\/et\\\/#organization\"},\"potentialAction\":[{\"@type\":\"SearchAction\",\"target\":{\"@type\":\"EntryPoint\",\"urlTemplate\":\"https:\\\/\\\/aaknives.eu\\\/et\\\/?s={search_term_string}\"},\"query-input\":{\"@type\":\"PropertyValueSpecification\",\"valueRequired\":true,\"valueName\":\"search_term_string\"}}],\"inLanguage\":\"et\"},{\"@type\":\"Organization\",\"@id\":\"https:\\\/\\\/aaknives.eu\\\/et\\\/#organization\",\"name\":\"AAKnives\",\"url\":\"https:\\\/\\\/aaknives.eu\\\/et\\\/\",\"logo\":{\"@type\":\"ImageObject\",\"inLanguage\":\"et\",\"@id\":\"https:\\\/\\\/aaknives.eu\\\/et\\\/#\\\/schema\\\/logo\\\/image\\\/\",\"url\":\"https:\\\/\\\/aaknives.eu\\\/wp-content\\\/uploads\\\/2021\\\/10\\\/AAknives_Logo_Green.png\",\"contentUrl\":\"https:\\\/\\\/aaknives.eu\\\/wp-content\\\/uploads\\\/2021\\\/10\\\/AAknives_Logo_Green.png\",\"width\":1768,\"height\":1768,\"caption\":\"AAKnives\"},\"image\":{\"@id\":\"https:\\\/\\\/aaknives.eu\\\/et\\\/#\\\/schema\\\/logo\\\/image\\\/\"},\"sameAs\":[\"https:\\\/\\\/www.facebook.com\\\/aaknives.eu\\\/\",\"https:\\\/\\\/www.instagram.com\\\/aaknives\\\/\",\"https:\\\/\\\/www.pinterest.com\\\/aa_knives\\\/\",\"https:\\\/\\\/www.youtube.com\\\/channel\\\/UCHOQFjrOkgT6s4FIw9LDKyw\\\/featured\"]}]}<\/script>\n<!-- \/ Yoast SEO plugin. -->","yoast_head_json":{"title":"Nuga \u201eFINKA\u201d sepistatud roostevabast terasest nuga, sepistatud roostevabast terasest k\u00f5vadus 59 HRC - AAKnives","description":"K\u00e4sitsi sepistatud terasest noad N695 on k\u00f5ige levinumad jahimeeste, kalameeste ja vaba\u00f5huhuviliste seas.","robots":{"index":"index","follow":"follow","max-snippet":"max-snippet:-1","max-image-preview":"max-image-preview:large","max-video-preview":"max-video-preview:-1"},"canonical":"https:\/\/aaknives.eu\/et\/product\/knife-finka-forged-stainless-steel-knife-forged-stainless-steel-hrc-60-62\/","og_locale":"et_EE","og_type":"article","og_title":"Nuga \u201eFINKA\u201d sepistatud roostevabast terasest nuga, sepistatud roostevabast terasest k\u00f5vadus 59 HRC - AAKnives","og_description":"K\u00e4sitsi sepistatud terasest noad N695 on k\u00f5ige levinumad jahimeeste, kalameeste ja vaba\u00f5huhuviliste seas.","og_url":"https:\/\/aaknives.eu\/et\/product\/knife-finka-forged-stainless-steel-knife-forged-stainless-steel-hrc-60-62\/","og_site_name":"AAKnives","article_publisher":"https:\/\/www.facebook.com\/aaknives.eu\/","article_modified_time":"2025-05-11T16:11:43+00:00","og_image":[{"width":1020,"height":880,"url":"https:\/\/aaknives.eu\/wp-content\/uploads\/2024\/09\/aaknives-hand-forged-damascus-steel-blade-knife-handmade-custom-made-knife-handcrafted-knives-autinetools-northmen-1-136.jpg","type":"image\/jpeg"}],"twitter_card":"summary_large_image","schema":{"@context":"https:\/\/schema.org","@graph":[{"@type":"WebPage","@id":"https:\/\/aaknives.eu\/et\/product\/knife-finka-forged-stainless-steel-knife-forged-stainless-steel-hrc-60-62\/","url":"https:\/\/aaknives.eu\/et\/product\/knife-finka-forged-stainless-steel-knife-forged-stainless-steel-hrc-60-62\/","name":"Nuga \u201eFINKA\u201d sepistatud roostevabast terasest nuga, sepistatud roostevabast terasest k\u00f5vadus 59 HRC - AAKnives","isPartOf":{"@id":"https:\/\/aaknives.eu\/et\/#website"},"primaryImageOfPage":{"@id":"https:\/\/aaknives.eu\/et\/product\/knife-finka-forged-stainless-steel-knife-forged-stainless-steel-hrc-60-62\/#primaryimage"},"image":{"@id":"https:\/\/aaknives.eu\/et\/product\/knife-finka-forged-stainless-steel-knife-forged-stainless-steel-hrc-60-62\/#primaryimage"},"thumbnailUrl":"https:\/\/aaknives.eu\/wp-content\/uploads\/2024\/09\/aaknives-hand-forged-damascus-steel-blade-knife-handmade-custom-made-knife-handcrafted-knives-autinetools-northmen-1-136.jpg","datePublished":"2024-09-25T15:13:59+00:00","dateModified":"2025-05-11T16:11:43+00:00","description":"K\u00e4sitsi sepistatud terasest noad N695 on k\u00f5ige levinumad jahimeeste, kalameeste ja vaba\u00f5huhuviliste seas.","breadcrumb":{"@id":"https:\/\/aaknives.eu\/et\/product\/knife-finka-forged-stainless-steel-knife-forged-stainless-steel-hrc-60-62\/#breadcrumb"},"inLanguage":"et","potentialAction":[{"@type":"ReadAction","target":["https:\/\/aaknives.eu\/et\/product\/knife-finka-forged-stainless-steel-knife-forged-stainless-steel-hrc-60-62\/"]}]},{"@type":"ImageObject","inLanguage":"et","@id":"https:\/\/aaknives.eu\/et\/product\/knife-finka-forged-stainless-steel-knife-forged-stainless-steel-hrc-60-62\/#primaryimage","url":"https:\/\/aaknives.eu\/wp-content\/uploads\/2024\/09\/aaknives-hand-forged-damascus-steel-blade-knife-handmade-custom-made-knife-handcrafted-knives-autinetools-northmen-1-136.jpg","contentUrl":"https:\/\/aaknives.eu\/wp-content\/uploads\/2024\/09\/aaknives-hand-forged-damascus-steel-blade-knife-handmade-custom-made-knife-handcrafted-knives-autinetools-northmen-1-136.jpg","width":1020,"height":880},{"@type":"BreadcrumbList","@id":"https:\/\/aaknives.eu\/et\/product\/knife-finka-forged-stainless-steel-knife-forged-stainless-steel-hrc-60-62\/#breadcrumb","itemListElement":[{"@type":"ListItem","position":1,"name":"Home","item":"https:\/\/aaknives.eu\/et\/kodu\/"},{"@type":"ListItem","position":2,"name":"Kauplus","item":"https:\/\/aaknives.eu\/et\/kauplus\/"},{"@type":"ListItem","position":3,"name":"Private: Nuga \u201eFINKA\u201d sepistatud roostevabast terasest nuga, sepistatud roostevabast terasest k\u00f5vadus 59 HRC"}]},{"@type":"WebSite","@id":"https:\/\/aaknives.eu\/et\/#website","url":"https:\/\/aaknives.eu\/et\/","name":"AAKnives","description":"Handmade knives","publisher":{"@id":"https:\/\/aaknives.eu\/et\/#organization"},"potentialAction":[{"@type":"SearchAction","target":{"@type":"EntryPoint","urlTemplate":"https:\/\/aaknives.eu\/et\/?s={search_term_string}"},"query-input":{"@type":"PropertyValueSpecification","valueRequired":true,"valueName":"search_term_string"}}],"inLanguage":"et"},{"@type":"Organization","@id":"https:\/\/aaknives.eu\/et\/#organization","name":"AAKnives","url":"https:\/\/aaknives.eu\/et\/","logo":{"@type":"ImageObject","inLanguage":"et","@id":"https:\/\/aaknives.eu\/et\/#\/schema\/logo\/image\/","url":"https:\/\/aaknives.eu\/wp-content\/uploads\/2021\/10\/AAknives_Logo_Green.png","contentUrl":"https:\/\/aaknives.eu\/wp-content\/uploads\/2021\/10\/AAknives_Logo_Green.png","width":1768,"height":1768,"caption":"AAKnives"},"image":{"@id":"https:\/\/aaknives.eu\/et\/#\/schema\/logo\/image\/"},"sameAs":["https:\/\/www.facebook.com\/aaknives.eu\/","https:\/\/www.instagram.com\/aaknives\/","https:\/\/www.pinterest.com\/aa_knives\/","https:\/\/www.youtube.com\/channel\/UCHOQFjrOkgT6s4FIw9LDKyw\/featured"]}]}},"_links":{"self":[{"href":"https:\/\/aaknives.eu\/et\/wp-json\/wp\/v2\/product\/68752","targetHints":{"allow":["GET"]}}],"collection":[{"href":"https:\/\/aaknives.eu\/et\/wp-json\/wp\/v2\/product"}],"about":[{"href":"https:\/\/aaknives.eu\/et\/wp-json\/wp\/v2\/types\/product"}],"wp:featuredmedia":[{"embeddable":true,"href":"https:\/\/aaknives.eu\/et\/wp-json\/wp\/v2\/media\/98692"}],"wp:attachment":[{"href":"https:\/\/aaknives.eu\/et\/wp-json\/wp\/v2\/media?parent=68752"}],"wp:term":[{"taxonomy":"product_brand","embeddable":true,"href":"https:\/\/aaknives.eu\/et\/wp-json\/wp\/v2\/product_brand?post=68752"},{"taxonomy":"product_cat","embeddable":true,"href":"https:\/\/aaknives.eu\/et\/wp-json\/wp\/v2\/product_cat?post=68752"},{"taxonomy":"product_tag","embeddable":true,"href":"https:\/\/aaknives.eu\/et\/wp-json\/wp\/v2\/product_tag?post=68752"}],"curies":[{"name":"wp","href":"https:\/\/api.w.org\/{rel}","templated":true}]}}