{"id":89460,"date":"2024-10-29T02:13:41","date_gmt":"2024-10-29T02:13:41","guid":{"rendered":"https:\/\/aaknives.eu\/?post_type=product&#038;p=89460"},"modified":"2026-04-29T16:06:45","modified_gmt":"2026-04-29T16:06:45","slug":"nuga-magnum-sepistatud-mosaiik-damaskuse-terasest-nuga-kaepide-stabiliseeritud-mammuti-kihvtidest-3","status":"publish","type":"product","link":"https:\/\/aaknives.eu\/et\/product\/nuga-magnum-sepistatud-mosaiik-damaskuse-terasest-nuga-kaepide-stabiliseeritud-mammuti-kihvtidest-3\/","title":{"rendered":"Nuga &#8220;MAGNUM&#8221;, sepistatud mosaiik Damaskuse terasest nuga, k\u00e4epide stabiliseeritud mammuti kihvtidest."},"content":{"rendered":"<p>Noa spetsifikatsioonid: &#8220;MAGNUM&#8221;<br \/>\nTeras: k\u00e4sitsi sepistatud mosaiik Damaskuse teras<br \/>\nK\u00f5vadus: 60-62 HRC<br \/>\nTera pikkus (mm): 114 \/ 4,48 tolli<br \/>\nTera paksus (mm): 3 \/ 0,11 tolli<br \/>\nTera laius (mm): 28 \/ 1,10 tolli<br \/>\nK\u00e4epide: stabiliseeritud karjala kask, stabiliseeritud mammuti kihv<br \/>\nKogupikkus (mm): 236 \/ 9,29 tolli<br \/>\nNugade t\u00fc\u00fcp: jahindus, v\u00e4ljas<br \/>\nPakend: nuga, nahast \u00fcmbris<\/p>\n<p>&nbsp;<\/p>\n<p>Need on haruldased mudelid, millel on ainulaadne, hoolikalt valmistatud disain. Lisaks eksklusiivsele disainile on selliste kallite nugade kvaliteet, vastupidavus ja usaldusv\u00e4\u00e4rsus k\u00f5rge.<br \/>\n&#8211; Nende valmistamisel kasutatakse kalleid teraseliike &#8211; teemant, pulber, damast jne.<br \/>\n&#8211; Nende nugade k\u00e4epide on valmistatud k\u00f5rge hinnaga ja kvaliteetsetest materjalidest &#8211; looduslikest luudest, sarvedest, haruldastest puuliikidest, s\u00fcsinikust jne.<\/p>\n<p>Eksklusiivsed noad ei erine mitte ainult v\u00e4limuse poolest. K\u00e4sitsi valmistamine tagab t\u00e4psuse ja kvaliteedi ning materjalid on valitud sama kaunilt ja kestvalt.<br \/>\nUnikaalsus on selliste nugade kollektsion\u00e4\u00e4ride peamine eelis. Eksklusiivsed noad on t\u00e4iuslik t\u00e4iendus relvakollektsioonile. Kui kavatsete kasutada eksklusiivset nuga vastavalt vajadusele, ei saa sellest mitte ainult usaldusv\u00e4\u00e4rne t\u00f6\u00f6riist, vaid see aitab ka j\u00e4tta hea mulje.<\/p>\n","protected":false},"excerpt":{"rendered":"<p>Noa spetsifikatsioonid: &#8220;MAGNUM&#8221; Teras: k\u00e4sitsi sepistatud mosaiik Damaskuse teras K\u00f5vadus: 60-62 HRC Tera pikkus (mm): 114 \/ 4,48 tolli Tera paksus (mm): 3 \/ 0,11 tolli Tera laius (mm): 28 \/ 1,10 tolli K\u00e4epide: stabiliseeritud karjala kask, stabiliseeritud mammuti kihv Kogupikkus (mm): 236 \/ 9,29 tolli Nugade t\u00fc\u00fcp: jahindus, v\u00e4ljas Pakend: nuga, nahast \u00fcmbris &nbsp; Need on haruldased mudelid, millel on ainulaadne, hoolikalt valmistatud disain. Lisaks eksklusiivsele disainile on selliste kallite nugade kvaliteet, vastupidavus ja usaldusv\u00e4\u00e4rsus k\u00f5rge. &#8211; Nende valmistamisel kasutatakse kalleid teraseliike &#8211; teemant, pulber, damast jne. &#8211; Nende nugade k\u00e4epide on valmistatud k\u00f5rge hinnaga ja kvaliteetsetest materjalidest &#8211;&hellip;<\/p>\n","protected":false},"featured_media":109286,"template":"","meta":{"_themeisle_gutenberg_block_has_review":false},"product_brand":[],"product_cat":[341],"product_tag":[],"class_list":{"0":"post-89460","1":"product","2":"type-product","3":"status-publish","4":"has-post-thumbnail","6":"product_cat-premium-ja-eksklusiivsed-noad","8":"first","9":"instock","10":"shipping-taxable","11":"purchasable","12":"product-type-simple"},"yoast_head":"<!-- This site is optimized with the Yoast SEO plugin v27.5 - https:\/\/yoast.com\/product\/yoast-seo-wordpress\/ -->\n<title>Nuga &quot;MAGNUM&quot;, sepistatud mosaiik Damaskuse terasest nuga, k\u00e4epide stabiliseeritud mammuti kihvtidest. - AAKnives<\/title>\n<meta name=\"description\" content=\"Need on haruldased mudelid ainulaadse ja hoolikalt valmistatud disainiga. Lisaks eksklusiivsele disainile on sellistel kallitel nugadel k\u00f5rge kvaliteet ja vastupidavus.\" \/>\n<meta name=\"robots\" content=\"index, follow, max-snippet:-1, max-image-preview:large, max-video-preview:-1\" \/>\n<link rel=\"canonical\" href=\"https:\/\/aaknives.eu\/et\/product\/nuga-magnum-sepistatud-mosaiik-damaskuse-terasest-nuga-kaepide-stabiliseeritud-mammuti-kihvtidest-3\/\" \/>\n<meta property=\"og:locale\" content=\"et_EE\" \/>\n<meta property=\"og:type\" content=\"article\" \/>\n<meta property=\"og:title\" content=\"Nuga &quot;MAGNUM&quot;, sepistatud mosaiik Damaskuse terasest nuga, k\u00e4epide stabiliseeritud mammuti kihvtidest. - AAKnives\" \/>\n<meta property=\"og:description\" content=\"Need on haruldased mudelid ainulaadse ja hoolikalt valmistatud disainiga. Lisaks eksklusiivsele disainile on sellistel kallitel nugadel k\u00f5rge kvaliteet ja vastupidavus.\" \/>\n<meta property=\"og:url\" content=\"https:\/\/aaknives.eu\/et\/product\/nuga-magnum-sepistatud-mosaiik-damaskuse-terasest-nuga-kaepide-stabiliseeritud-mammuti-kihvtidest-3\/\" \/>\n<meta property=\"og:site_name\" content=\"AAKnives\" \/>\n<meta property=\"article:publisher\" content=\"https:\/\/www.facebook.com\/aaknives.eu\/\" \/>\n<meta property=\"article:modified_time\" content=\"2026-04-29T16:06:45+00:00\" \/>\n<meta property=\"og:image\" content=\"https:\/\/aaknives.eu\/wp-content\/uploads\/2024\/10\/aaknives-hand-forged-damascus-steel-blade-knife-handmade-custom-made-knife-handcrafted-knives-autinetools-northmen-100.jpg\" \/>\n\t<meta property=\"og:image:width\" content=\"1020\" \/>\n\t<meta property=\"og:image:height\" content=\"880\" \/>\n\t<meta property=\"og:image:type\" content=\"image\/jpeg\" \/>\n<meta name=\"twitter:card\" content=\"summary_large_image\" \/>\n<meta name=\"twitter:label1\" content=\"Est. reading time\" \/>\n\t<meta name=\"twitter:data1\" content=\"1 minut\" \/>\n<script type=\"application\/ld+json\" class=\"yoast-schema-graph\">{\"@context\":\"https:\\\/\\\/schema.org\",\"@graph\":[{\"@type\":\"WebPage\",\"@id\":\"https:\\\/\\\/aaknives.eu\\\/et\\\/product\\\/nuga-magnum-sepistatud-mosaiik-damaskuse-terasest-nuga-kaepide-stabiliseeritud-mammuti-kihvtidest-3\\\/\",\"url\":\"https:\\\/\\\/aaknives.eu\\\/et\\\/product\\\/nuga-magnum-sepistatud-mosaiik-damaskuse-terasest-nuga-kaepide-stabiliseeritud-mammuti-kihvtidest-3\\\/\",\"name\":\"Nuga \\\"MAGNUM\\\", sepistatud mosaiik Damaskuse terasest nuga, k\u00e4epide stabiliseeritud mammuti kihvtidest. - AAKnives\",\"isPartOf\":{\"@id\":\"https:\\\/\\\/aaknives.eu\\\/et\\\/#website\"},\"primaryImageOfPage\":{\"@id\":\"https:\\\/\\\/aaknives.eu\\\/et\\\/product\\\/nuga-magnum-sepistatud-mosaiik-damaskuse-terasest-nuga-kaepide-stabiliseeritud-mammuti-kihvtidest-3\\\/#primaryimage\"},\"image\":{\"@id\":\"https:\\\/\\\/aaknives.eu\\\/et\\\/product\\\/nuga-magnum-sepistatud-mosaiik-damaskuse-terasest-nuga-kaepide-stabiliseeritud-mammuti-kihvtidest-3\\\/#primaryimage\"},\"thumbnailUrl\":\"https:\\\/\\\/aaknives.eu\\\/wp-content\\\/uploads\\\/2024\\\/10\\\/aaknives-hand-forged-damascus-steel-blade-knife-handmade-custom-made-knife-handcrafted-knives-autinetools-northmen-100.jpg\",\"datePublished\":\"2024-10-29T02:13:41+00:00\",\"dateModified\":\"2026-04-29T16:06:45+00:00\",\"description\":\"Need on haruldased mudelid ainulaadse ja hoolikalt valmistatud disainiga. Lisaks eksklusiivsele disainile on sellistel kallitel nugadel k\u00f5rge kvaliteet ja vastupidavus.\",\"breadcrumb\":{\"@id\":\"https:\\\/\\\/aaknives.eu\\\/et\\\/product\\\/nuga-magnum-sepistatud-mosaiik-damaskuse-terasest-nuga-kaepide-stabiliseeritud-mammuti-kihvtidest-3\\\/#breadcrumb\"},\"inLanguage\":\"et\",\"potentialAction\":[{\"@type\":\"ReadAction\",\"target\":[\"https:\\\/\\\/aaknives.eu\\\/et\\\/product\\\/nuga-magnum-sepistatud-mosaiik-damaskuse-terasest-nuga-kaepide-stabiliseeritud-mammuti-kihvtidest-3\\\/\"]}]},{\"@type\":\"ImageObject\",\"inLanguage\":\"et\",\"@id\":\"https:\\\/\\\/aaknives.eu\\\/et\\\/product\\\/nuga-magnum-sepistatud-mosaiik-damaskuse-terasest-nuga-kaepide-stabiliseeritud-mammuti-kihvtidest-3\\\/#primaryimage\",\"url\":\"https:\\\/\\\/aaknives.eu\\\/wp-content\\\/uploads\\\/2024\\\/10\\\/aaknives-hand-forged-damascus-steel-blade-knife-handmade-custom-made-knife-handcrafted-knives-autinetools-northmen-100.jpg\",\"contentUrl\":\"https:\\\/\\\/aaknives.eu\\\/wp-content\\\/uploads\\\/2024\\\/10\\\/aaknives-hand-forged-damascus-steel-blade-knife-handmade-custom-made-knife-handcrafted-knives-autinetools-northmen-100.jpg\",\"width\":1020,\"height\":880},{\"@type\":\"BreadcrumbList\",\"@id\":\"https:\\\/\\\/aaknives.eu\\\/et\\\/product\\\/nuga-magnum-sepistatud-mosaiik-damaskuse-terasest-nuga-kaepide-stabiliseeritud-mammuti-kihvtidest-3\\\/#breadcrumb\",\"itemListElement\":[{\"@type\":\"ListItem\",\"position\":1,\"name\":\"Home\",\"item\":\"https:\\\/\\\/aaknives.eu\\\/et\\\/kodu\\\/\"},{\"@type\":\"ListItem\",\"position\":2,\"name\":\"Kauplus\",\"item\":\"https:\\\/\\\/aaknives.eu\\\/et\\\/kauplus\\\/\"},{\"@type\":\"ListItem\",\"position\":3,\"name\":\"Nuga &#8220;MAGNUM&#8221;, sepistatud mosaiik Damaskuse terasest nuga, k\u00e4epide stabiliseeritud mammuti kihvtidest.\"}]},{\"@type\":\"WebSite\",\"@id\":\"https:\\\/\\\/aaknives.eu\\\/et\\\/#website\",\"url\":\"https:\\\/\\\/aaknives.eu\\\/et\\\/\",\"name\":\"AAKnives\",\"description\":\"Handmade knives\",\"publisher\":{\"@id\":\"https:\\\/\\\/aaknives.eu\\\/et\\\/#organization\"},\"potentialAction\":[{\"@type\":\"SearchAction\",\"target\":{\"@type\":\"EntryPoint\",\"urlTemplate\":\"https:\\\/\\\/aaknives.eu\\\/et\\\/?s={search_term_string}\"},\"query-input\":{\"@type\":\"PropertyValueSpecification\",\"valueRequired\":true,\"valueName\":\"search_term_string\"}}],\"inLanguage\":\"et\"},{\"@type\":\"Organization\",\"@id\":\"https:\\\/\\\/aaknives.eu\\\/et\\\/#organization\",\"name\":\"AAKnives\",\"url\":\"https:\\\/\\\/aaknives.eu\\\/et\\\/\",\"logo\":{\"@type\":\"ImageObject\",\"inLanguage\":\"et\",\"@id\":\"https:\\\/\\\/aaknives.eu\\\/et\\\/#\\\/schema\\\/logo\\\/image\\\/\",\"url\":\"https:\\\/\\\/aaknives.eu\\\/wp-content\\\/uploads\\\/2021\\\/10\\\/AAknives_Logo_Green.png\",\"contentUrl\":\"https:\\\/\\\/aaknives.eu\\\/wp-content\\\/uploads\\\/2021\\\/10\\\/AAknives_Logo_Green.png\",\"width\":1768,\"height\":1768,\"caption\":\"AAKnives\"},\"image\":{\"@id\":\"https:\\\/\\\/aaknives.eu\\\/et\\\/#\\\/schema\\\/logo\\\/image\\\/\"},\"sameAs\":[\"https:\\\/\\\/www.facebook.com\\\/aaknives.eu\\\/\",\"https:\\\/\\\/www.instagram.com\\\/aaknives\\\/\",\"https:\\\/\\\/www.pinterest.com\\\/aa_knives\\\/\",\"https:\\\/\\\/www.youtube.com\\\/channel\\\/UCHOQFjrOkgT6s4FIw9LDKyw\\\/featured\"]}]}<\/script>\n<!-- \/ Yoast SEO plugin. -->","yoast_head_json":{"title":"Nuga \"MAGNUM\", sepistatud mosaiik Damaskuse terasest nuga, k\u00e4epide stabiliseeritud mammuti kihvtidest. - AAKnives","description":"Need on haruldased mudelid ainulaadse ja hoolikalt valmistatud disainiga. Lisaks eksklusiivsele disainile on sellistel kallitel nugadel k\u00f5rge kvaliteet ja vastupidavus.","robots":{"index":"index","follow":"follow","max-snippet":"max-snippet:-1","max-image-preview":"max-image-preview:large","max-video-preview":"max-video-preview:-1"},"canonical":"https:\/\/aaknives.eu\/et\/product\/nuga-magnum-sepistatud-mosaiik-damaskuse-terasest-nuga-kaepide-stabiliseeritud-mammuti-kihvtidest-3\/","og_locale":"et_EE","og_type":"article","og_title":"Nuga \"MAGNUM\", sepistatud mosaiik Damaskuse terasest nuga, k\u00e4epide stabiliseeritud mammuti kihvtidest. - AAKnives","og_description":"Need on haruldased mudelid ainulaadse ja hoolikalt valmistatud disainiga. Lisaks eksklusiivsele disainile on sellistel kallitel nugadel k\u00f5rge kvaliteet ja vastupidavus.","og_url":"https:\/\/aaknives.eu\/et\/product\/nuga-magnum-sepistatud-mosaiik-damaskuse-terasest-nuga-kaepide-stabiliseeritud-mammuti-kihvtidest-3\/","og_site_name":"AAKnives","article_publisher":"https:\/\/www.facebook.com\/aaknives.eu\/","article_modified_time":"2026-04-29T16:06:45+00:00","og_image":[{"width":1020,"height":880,"url":"https:\/\/aaknives.eu\/wp-content\/uploads\/2024\/10\/aaknives-hand-forged-damascus-steel-blade-knife-handmade-custom-made-knife-handcrafted-knives-autinetools-northmen-100.jpg","type":"image\/jpeg"}],"twitter_card":"summary_large_image","twitter_misc":{"Est. reading time":"1 minut"},"schema":{"@context":"https:\/\/schema.org","@graph":[{"@type":"WebPage","@id":"https:\/\/aaknives.eu\/et\/product\/nuga-magnum-sepistatud-mosaiik-damaskuse-terasest-nuga-kaepide-stabiliseeritud-mammuti-kihvtidest-3\/","url":"https:\/\/aaknives.eu\/et\/product\/nuga-magnum-sepistatud-mosaiik-damaskuse-terasest-nuga-kaepide-stabiliseeritud-mammuti-kihvtidest-3\/","name":"Nuga \"MAGNUM\", sepistatud mosaiik Damaskuse terasest nuga, k\u00e4epide stabiliseeritud mammuti kihvtidest. - AAKnives","isPartOf":{"@id":"https:\/\/aaknives.eu\/et\/#website"},"primaryImageOfPage":{"@id":"https:\/\/aaknives.eu\/et\/product\/nuga-magnum-sepistatud-mosaiik-damaskuse-terasest-nuga-kaepide-stabiliseeritud-mammuti-kihvtidest-3\/#primaryimage"},"image":{"@id":"https:\/\/aaknives.eu\/et\/product\/nuga-magnum-sepistatud-mosaiik-damaskuse-terasest-nuga-kaepide-stabiliseeritud-mammuti-kihvtidest-3\/#primaryimage"},"thumbnailUrl":"https:\/\/aaknives.eu\/wp-content\/uploads\/2024\/10\/aaknives-hand-forged-damascus-steel-blade-knife-handmade-custom-made-knife-handcrafted-knives-autinetools-northmen-100.jpg","datePublished":"2024-10-29T02:13:41+00:00","dateModified":"2026-04-29T16:06:45+00:00","description":"Need on haruldased mudelid ainulaadse ja hoolikalt valmistatud disainiga. Lisaks eksklusiivsele disainile on sellistel kallitel nugadel k\u00f5rge kvaliteet ja vastupidavus.","breadcrumb":{"@id":"https:\/\/aaknives.eu\/et\/product\/nuga-magnum-sepistatud-mosaiik-damaskuse-terasest-nuga-kaepide-stabiliseeritud-mammuti-kihvtidest-3\/#breadcrumb"},"inLanguage":"et","potentialAction":[{"@type":"ReadAction","target":["https:\/\/aaknives.eu\/et\/product\/nuga-magnum-sepistatud-mosaiik-damaskuse-terasest-nuga-kaepide-stabiliseeritud-mammuti-kihvtidest-3\/"]}]},{"@type":"ImageObject","inLanguage":"et","@id":"https:\/\/aaknives.eu\/et\/product\/nuga-magnum-sepistatud-mosaiik-damaskuse-terasest-nuga-kaepide-stabiliseeritud-mammuti-kihvtidest-3\/#primaryimage","url":"https:\/\/aaknives.eu\/wp-content\/uploads\/2024\/10\/aaknives-hand-forged-damascus-steel-blade-knife-handmade-custom-made-knife-handcrafted-knives-autinetools-northmen-100.jpg","contentUrl":"https:\/\/aaknives.eu\/wp-content\/uploads\/2024\/10\/aaknives-hand-forged-damascus-steel-blade-knife-handmade-custom-made-knife-handcrafted-knives-autinetools-northmen-100.jpg","width":1020,"height":880},{"@type":"BreadcrumbList","@id":"https:\/\/aaknives.eu\/et\/product\/nuga-magnum-sepistatud-mosaiik-damaskuse-terasest-nuga-kaepide-stabiliseeritud-mammuti-kihvtidest-3\/#breadcrumb","itemListElement":[{"@type":"ListItem","position":1,"name":"Home","item":"https:\/\/aaknives.eu\/et\/kodu\/"},{"@type":"ListItem","position":2,"name":"Kauplus","item":"https:\/\/aaknives.eu\/et\/kauplus\/"},{"@type":"ListItem","position":3,"name":"Nuga &#8220;MAGNUM&#8221;, sepistatud mosaiik Damaskuse terasest nuga, k\u00e4epide stabiliseeritud mammuti kihvtidest."}]},{"@type":"WebSite","@id":"https:\/\/aaknives.eu\/et\/#website","url":"https:\/\/aaknives.eu\/et\/","name":"AAKnives","description":"Handmade knives","publisher":{"@id":"https:\/\/aaknives.eu\/et\/#organization"},"potentialAction":[{"@type":"SearchAction","target":{"@type":"EntryPoint","urlTemplate":"https:\/\/aaknives.eu\/et\/?s={search_term_string}"},"query-input":{"@type":"PropertyValueSpecification","valueRequired":true,"valueName":"search_term_string"}}],"inLanguage":"et"},{"@type":"Organization","@id":"https:\/\/aaknives.eu\/et\/#organization","name":"AAKnives","url":"https:\/\/aaknives.eu\/et\/","logo":{"@type":"ImageObject","inLanguage":"et","@id":"https:\/\/aaknives.eu\/et\/#\/schema\/logo\/image\/","url":"https:\/\/aaknives.eu\/wp-content\/uploads\/2021\/10\/AAknives_Logo_Green.png","contentUrl":"https:\/\/aaknives.eu\/wp-content\/uploads\/2021\/10\/AAknives_Logo_Green.png","width":1768,"height":1768,"caption":"AAKnives"},"image":{"@id":"https:\/\/aaknives.eu\/et\/#\/schema\/logo\/image\/"},"sameAs":["https:\/\/www.facebook.com\/aaknives.eu\/","https:\/\/www.instagram.com\/aaknives\/","https:\/\/www.pinterest.com\/aa_knives\/","https:\/\/www.youtube.com\/channel\/UCHOQFjrOkgT6s4FIw9LDKyw\/featured"]}]}},"_links":{"self":[{"href":"https:\/\/aaknives.eu\/et\/wp-json\/wp\/v2\/product\/89460","targetHints":{"allow":["GET"]}}],"collection":[{"href":"https:\/\/aaknives.eu\/et\/wp-json\/wp\/v2\/product"}],"about":[{"href":"https:\/\/aaknives.eu\/et\/wp-json\/wp\/v2\/types\/product"}],"wp:featuredmedia":[{"embeddable":true,"href":"https:\/\/aaknives.eu\/et\/wp-json\/wp\/v2\/media\/109286"}],"wp:attachment":[{"href":"https:\/\/aaknives.eu\/et\/wp-json\/wp\/v2\/media?parent=89460"}],"wp:term":[{"taxonomy":"product_brand","embeddable":true,"href":"https:\/\/aaknives.eu\/et\/wp-json\/wp\/v2\/product_brand?post=89460"},{"taxonomy":"product_cat","embeddable":true,"href":"https:\/\/aaknives.eu\/et\/wp-json\/wp\/v2\/product_cat?post=89460"},{"taxonomy":"product_tag","embeddable":true,"href":"https:\/\/aaknives.eu\/et\/wp-json\/wp\/v2\/product_tag?post=89460"}],"curies":[{"name":"wp","href":"https:\/\/api.w.org\/{rel}","templated":true}]}}