{"id":89469,"date":"2024-10-29T02:13:16","date_gmt":"2024-10-29T02:13:16","guid":{"rendered":"https:\/\/aaknives.eu\/?post_type=product&#038;p=89469"},"modified":"2026-03-05T18:47:53","modified_gmt":"2026-03-05T18:47:53","slug":"uus-tsprof-kadet-pro-terituskomplekt","status":"publish","type":"product","link":"https:\/\/aaknives.eu\/et\/product\/uus-tsprof-kadet-pro-terituskomplekt\/","title":{"rendered":"UUS TSPROF KADET PRO TERITUSKOMPLEKT"},"content":{"rendered":"<p>TSPROF Kadet \u00ae Pro nugade terituskomplekt t\u00e4hendab t\u00e4iuslikku teravust, kus iganes te ka ei viibiksite. Universaalsed klambrid v\u00f5imaldavad teritada nii kompaktseid kokkupandavaid kui ka kindlaid jahinuge.<\/p>\n<p>TSPROF Kadet Pro teritaja p\u00f6\u00f6rlemismehhanism aitab s\u00e4ilitada sama teritusnurga noa m\u00f5lemal k\u00fcljel. P\u00e4rast \u00fcmberp\u00f6\u00f6ramist fikseerib hoob raami kindlalt klambritega. T\u00f5stek\u00e4epideme p\u00f6\u00f6ramisega liigub p\u00f6\u00f6rlev seade sujuvalt \u00fcmber virtuaalse keskme, kus asub noa l\u00f5iketera. Kaarjas hammasratas on valmistatud \u00fchest t\u00fckist alumiiniumist ja see on integreeritud hammasratta ja hammasratta t\u00f5stukiga hammasrataste abil. Lukustushoob v\u00f5imaldab p\u00e4rast soovitud nurga reguleerimist p\u00f6\u00f6rlevat seadet kindlalt kinnitada.<\/p>\n<p>TSPROF Kadet Pro on anodeeritud mustaks vastavalt rahvusvahelisele Qualanod standardile. Anodeerimist kasutatakse korrosioonikindluse parandamiseks ja alumiiniumpinna struktuuri tugevdamiseks. Selline katteviis v\u00f5imaldab seadmel s\u00e4ilitada oma t\u00e4iusliku v\u00e4limuse aastaid.<\/p>\n<p>TSPROF Kadet Pro&#8217;l on k\u00f5ik, mis on vajalik parima kvaliteediga teritamiseks: noa p\u00f6\u00f6rlemismehhanism, v\u00f5imalus seadistada mis tahes nurk vahemikus 9\u00b0 kuni 28,5\u00b0, j\u00e4ik konstruktsioon ja absoluutne t\u00e4psus igas detailis.<\/p>\n<p>TSPROF Kadet Pro raam \u00fchildub k\u00f5igi TSPROF K03 terituss\u00fcsteemi klambritega: filee-, \u00fcksik-, topelt- ja v\u00e4ike universaallaud t\u00f6\u00f6riistade teritamiseks.<\/p>\n<p>TSPROF Kadet Pro on lihtne lahti v\u00f5tta ja kokku panna hoiustamiseks v\u00f5i transportimiseks. Seadme kaal on 2100 g, mis muudab teritaja mobiilseks ja annab teritamisel piisava stabiilsuse.<\/p>\n","protected":false},"excerpt":{"rendered":"<p>TSPROF Kadet \u00ae Pro nugade terituskomplekt t\u00e4hendab t\u00e4iuslikku teravust, kus iganes te ka ei viibiksite. Universaalsed klambrid v\u00f5imaldavad teritada nii kompaktseid kokkupandavaid kui ka kindlaid jahinuge. TSPROF Kadet Pro teritaja p\u00f6\u00f6rlemismehhanism aitab s\u00e4ilitada sama teritusnurga noa m\u00f5lemal k\u00fcljel. P\u00e4rast \u00fcmberp\u00f6\u00f6ramist fikseerib hoob raami kindlalt klambritega. T\u00f5stek\u00e4epideme p\u00f6\u00f6ramisega liigub p\u00f6\u00f6rlev seade sujuvalt \u00fcmber virtuaalse keskme, kus asub noa l\u00f5iketera. Kaarjas hammasratas on valmistatud \u00fchest t\u00fckist alumiiniumist ja see on integreeritud hammasratta ja hammasratta t\u00f5stukiga hammasrataste abil. Lukustushoob v\u00f5imaldab p\u00e4rast soovitud nurga reguleerimist p\u00f6\u00f6rlevat seadet kindlalt kinnitada. TSPROF Kadet Pro on anodeeritud mustaks vastavalt rahvusvahelisele Qualanod standardile. Anodeerimist kasutatakse korrosioonikindluse parandamiseks ja&hellip;<\/p>\n","protected":false},"featured_media":94936,"template":"","meta":{"_themeisle_gutenberg_block_has_review":false},"product_brand":[],"product_cat":[340,351],"product_tag":[],"class_list":{"0":"post-89469","1":"product","2":"type-product","3":"status-publish","4":"has-post-thumbnail","6":"product_cat-muugil","7":"product_cat-nugade-teritamine-noateritajad","9":"first","10":"instock","11":"sale","12":"shipping-taxable","13":"purchasable","14":"product-type-simple"},"yoast_head":"<!-- This site is optimized with the Yoast SEO plugin v27.5 - https:\/\/yoast.com\/product\/yoast-seo-wordpress\/ -->\n<title>UUS TSPROF KADET PRO TERITUSKOMPLEKT - AAKnives<\/title>\n<meta name=\"description\" content=\"UUS TSPROF Kadet Pro terituskomplekt\" \/>\n<meta name=\"robots\" content=\"index, follow, max-snippet:-1, max-image-preview:large, max-video-preview:-1\" \/>\n<link rel=\"canonical\" href=\"https:\/\/aaknives.eu\/et\/product\/uus-tsprof-kadet-pro-terituskomplekt\/\" \/>\n<meta property=\"og:locale\" content=\"et_EE\" \/>\n<meta property=\"og:type\" content=\"article\" \/>\n<meta property=\"og:title\" content=\"UUS TSPROF KADET PRO TERITUSKOMPLEKT - AAKnives\" \/>\n<meta property=\"og:description\" content=\"UUS TSPROF Kadet Pro terituskomplekt\" \/>\n<meta property=\"og:url\" content=\"https:\/\/aaknives.eu\/et\/product\/uus-tsprof-kadet-pro-terituskomplekt\/\" \/>\n<meta property=\"og:site_name\" content=\"AAKnives\" \/>\n<meta property=\"article:publisher\" content=\"https:\/\/www.facebook.com\/aaknives.eu\/\" \/>\n<meta property=\"article:modified_time\" content=\"2026-03-05T18:47:53+00:00\" \/>\n<meta property=\"og:image\" content=\"https:\/\/aaknives.eu\/wp-content\/uploads\/2024\/10\/aaknives-hand-forged-dabascus-steel-blade-knife-handmade-custom-made-knife-handcrafted-knives-autinetools-northmen-61.webp\" \/>\n\t<meta property=\"og:image:width\" content=\"1200\" \/>\n\t<meta property=\"og:image:height\" content=\"1200\" \/>\n\t<meta property=\"og:image:type\" content=\"image\/webp\" \/>\n<meta name=\"twitter:card\" content=\"summary_large_image\" \/>\n<meta name=\"twitter:label1\" content=\"Est. reading time\" \/>\n\t<meta name=\"twitter:data1\" content=\"1 minut\" \/>\n<script type=\"application\/ld+json\" class=\"yoast-schema-graph\">{\"@context\":\"https:\\\/\\\/schema.org\",\"@graph\":[{\"@type\":\"WebPage\",\"@id\":\"https:\\\/\\\/aaknives.eu\\\/et\\\/product\\\/uus-tsprof-kadet-pro-terituskomplekt\\\/\",\"url\":\"https:\\\/\\\/aaknives.eu\\\/et\\\/product\\\/uus-tsprof-kadet-pro-terituskomplekt\\\/\",\"name\":\"UUS TSPROF KADET PRO TERITUSKOMPLEKT - AAKnives\",\"isPartOf\":{\"@id\":\"https:\\\/\\\/aaknives.eu\\\/et\\\/#website\"},\"primaryImageOfPage\":{\"@id\":\"https:\\\/\\\/aaknives.eu\\\/et\\\/product\\\/uus-tsprof-kadet-pro-terituskomplekt\\\/#primaryimage\"},\"image\":{\"@id\":\"https:\\\/\\\/aaknives.eu\\\/et\\\/product\\\/uus-tsprof-kadet-pro-terituskomplekt\\\/#primaryimage\"},\"thumbnailUrl\":\"https:\\\/\\\/aaknives.eu\\\/wp-content\\\/uploads\\\/2024\\\/10\\\/aaknives-hand-forged-dabascus-steel-blade-knife-handmade-custom-made-knife-handcrafted-knives-autinetools-northmen-61.webp\",\"datePublished\":\"2024-10-29T02:13:16+00:00\",\"dateModified\":\"2026-03-05T18:47:53+00:00\",\"description\":\"UUS TSPROF Kadet Pro terituskomplekt\",\"breadcrumb\":{\"@id\":\"https:\\\/\\\/aaknives.eu\\\/et\\\/product\\\/uus-tsprof-kadet-pro-terituskomplekt\\\/#breadcrumb\"},\"inLanguage\":\"et\",\"potentialAction\":[{\"@type\":\"ReadAction\",\"target\":[\"https:\\\/\\\/aaknives.eu\\\/et\\\/product\\\/uus-tsprof-kadet-pro-terituskomplekt\\\/\"]}]},{\"@type\":\"ImageObject\",\"inLanguage\":\"et\",\"@id\":\"https:\\\/\\\/aaknives.eu\\\/et\\\/product\\\/uus-tsprof-kadet-pro-terituskomplekt\\\/#primaryimage\",\"url\":\"https:\\\/\\\/aaknives.eu\\\/wp-content\\\/uploads\\\/2024\\\/10\\\/aaknives-hand-forged-dabascus-steel-blade-knife-handmade-custom-made-knife-handcrafted-knives-autinetools-northmen-61.webp\",\"contentUrl\":\"https:\\\/\\\/aaknives.eu\\\/wp-content\\\/uploads\\\/2024\\\/10\\\/aaknives-hand-forged-dabascus-steel-blade-knife-handmade-custom-made-knife-handcrafted-knives-autinetools-northmen-61.webp\",\"width\":1200,\"height\":1200},{\"@type\":\"BreadcrumbList\",\"@id\":\"https:\\\/\\\/aaknives.eu\\\/et\\\/product\\\/uus-tsprof-kadet-pro-terituskomplekt\\\/#breadcrumb\",\"itemListElement\":[{\"@type\":\"ListItem\",\"position\":1,\"name\":\"Home\",\"item\":\"https:\\\/\\\/aaknives.eu\\\/et\\\/kodu\\\/\"},{\"@type\":\"ListItem\",\"position\":2,\"name\":\"Kauplus\",\"item\":\"https:\\\/\\\/aaknives.eu\\\/et\\\/kauplus\\\/\"},{\"@type\":\"ListItem\",\"position\":3,\"name\":\"UUS TSPROF KADET PRO TERITUSKOMPLEKT\"}]},{\"@type\":\"WebSite\",\"@id\":\"https:\\\/\\\/aaknives.eu\\\/et\\\/#website\",\"url\":\"https:\\\/\\\/aaknives.eu\\\/et\\\/\",\"name\":\"AAKnives\",\"description\":\"Handmade knives\",\"publisher\":{\"@id\":\"https:\\\/\\\/aaknives.eu\\\/et\\\/#organization\"},\"potentialAction\":[{\"@type\":\"SearchAction\",\"target\":{\"@type\":\"EntryPoint\",\"urlTemplate\":\"https:\\\/\\\/aaknives.eu\\\/et\\\/?s={search_term_string}\"},\"query-input\":{\"@type\":\"PropertyValueSpecification\",\"valueRequired\":true,\"valueName\":\"search_term_string\"}}],\"inLanguage\":\"et\"},{\"@type\":\"Organization\",\"@id\":\"https:\\\/\\\/aaknives.eu\\\/et\\\/#organization\",\"name\":\"AAKnives\",\"url\":\"https:\\\/\\\/aaknives.eu\\\/et\\\/\",\"logo\":{\"@type\":\"ImageObject\",\"inLanguage\":\"et\",\"@id\":\"https:\\\/\\\/aaknives.eu\\\/et\\\/#\\\/schema\\\/logo\\\/image\\\/\",\"url\":\"https:\\\/\\\/aaknives.eu\\\/wp-content\\\/uploads\\\/2021\\\/10\\\/AAknives_Logo_Green.png\",\"contentUrl\":\"https:\\\/\\\/aaknives.eu\\\/wp-content\\\/uploads\\\/2021\\\/10\\\/AAknives_Logo_Green.png\",\"width\":1768,\"height\":1768,\"caption\":\"AAKnives\"},\"image\":{\"@id\":\"https:\\\/\\\/aaknives.eu\\\/et\\\/#\\\/schema\\\/logo\\\/image\\\/\"},\"sameAs\":[\"https:\\\/\\\/www.facebook.com\\\/aaknives.eu\\\/\",\"https:\\\/\\\/www.instagram.com\\\/aaknives\\\/\",\"https:\\\/\\\/www.pinterest.com\\\/aa_knives\\\/\",\"https:\\\/\\\/www.youtube.com\\\/channel\\\/UCHOQFjrOkgT6s4FIw9LDKyw\\\/featured\"]}]}<\/script>\n<!-- \/ Yoast SEO plugin. -->","yoast_head_json":{"title":"UUS TSPROF KADET PRO TERITUSKOMPLEKT - AAKnives","description":"UUS TSPROF Kadet Pro terituskomplekt","robots":{"index":"index","follow":"follow","max-snippet":"max-snippet:-1","max-image-preview":"max-image-preview:large","max-video-preview":"max-video-preview:-1"},"canonical":"https:\/\/aaknives.eu\/et\/product\/uus-tsprof-kadet-pro-terituskomplekt\/","og_locale":"et_EE","og_type":"article","og_title":"UUS TSPROF KADET PRO TERITUSKOMPLEKT - AAKnives","og_description":"UUS TSPROF Kadet Pro terituskomplekt","og_url":"https:\/\/aaknives.eu\/et\/product\/uus-tsprof-kadet-pro-terituskomplekt\/","og_site_name":"AAKnives","article_publisher":"https:\/\/www.facebook.com\/aaknives.eu\/","article_modified_time":"2026-03-05T18:47:53+00:00","og_image":[{"width":1200,"height":1200,"url":"https:\/\/aaknives.eu\/wp-content\/uploads\/2024\/10\/aaknives-hand-forged-dabascus-steel-blade-knife-handmade-custom-made-knife-handcrafted-knives-autinetools-northmen-61.webp","type":"image\/webp"}],"twitter_card":"summary_large_image","twitter_misc":{"Est. reading time":"1 minut"},"schema":{"@context":"https:\/\/schema.org","@graph":[{"@type":"WebPage","@id":"https:\/\/aaknives.eu\/et\/product\/uus-tsprof-kadet-pro-terituskomplekt\/","url":"https:\/\/aaknives.eu\/et\/product\/uus-tsprof-kadet-pro-terituskomplekt\/","name":"UUS TSPROF KADET PRO TERITUSKOMPLEKT - AAKnives","isPartOf":{"@id":"https:\/\/aaknives.eu\/et\/#website"},"primaryImageOfPage":{"@id":"https:\/\/aaknives.eu\/et\/product\/uus-tsprof-kadet-pro-terituskomplekt\/#primaryimage"},"image":{"@id":"https:\/\/aaknives.eu\/et\/product\/uus-tsprof-kadet-pro-terituskomplekt\/#primaryimage"},"thumbnailUrl":"https:\/\/aaknives.eu\/wp-content\/uploads\/2024\/10\/aaknives-hand-forged-dabascus-steel-blade-knife-handmade-custom-made-knife-handcrafted-knives-autinetools-northmen-61.webp","datePublished":"2024-10-29T02:13:16+00:00","dateModified":"2026-03-05T18:47:53+00:00","description":"UUS TSPROF Kadet Pro terituskomplekt","breadcrumb":{"@id":"https:\/\/aaknives.eu\/et\/product\/uus-tsprof-kadet-pro-terituskomplekt\/#breadcrumb"},"inLanguage":"et","potentialAction":[{"@type":"ReadAction","target":["https:\/\/aaknives.eu\/et\/product\/uus-tsprof-kadet-pro-terituskomplekt\/"]}]},{"@type":"ImageObject","inLanguage":"et","@id":"https:\/\/aaknives.eu\/et\/product\/uus-tsprof-kadet-pro-terituskomplekt\/#primaryimage","url":"https:\/\/aaknives.eu\/wp-content\/uploads\/2024\/10\/aaknives-hand-forged-dabascus-steel-blade-knife-handmade-custom-made-knife-handcrafted-knives-autinetools-northmen-61.webp","contentUrl":"https:\/\/aaknives.eu\/wp-content\/uploads\/2024\/10\/aaknives-hand-forged-dabascus-steel-blade-knife-handmade-custom-made-knife-handcrafted-knives-autinetools-northmen-61.webp","width":1200,"height":1200},{"@type":"BreadcrumbList","@id":"https:\/\/aaknives.eu\/et\/product\/uus-tsprof-kadet-pro-terituskomplekt\/#breadcrumb","itemListElement":[{"@type":"ListItem","position":1,"name":"Home","item":"https:\/\/aaknives.eu\/et\/kodu\/"},{"@type":"ListItem","position":2,"name":"Kauplus","item":"https:\/\/aaknives.eu\/et\/kauplus\/"},{"@type":"ListItem","position":3,"name":"UUS TSPROF KADET PRO TERITUSKOMPLEKT"}]},{"@type":"WebSite","@id":"https:\/\/aaknives.eu\/et\/#website","url":"https:\/\/aaknives.eu\/et\/","name":"AAKnives","description":"Handmade knives","publisher":{"@id":"https:\/\/aaknives.eu\/et\/#organization"},"potentialAction":[{"@type":"SearchAction","target":{"@type":"EntryPoint","urlTemplate":"https:\/\/aaknives.eu\/et\/?s={search_term_string}"},"query-input":{"@type":"PropertyValueSpecification","valueRequired":true,"valueName":"search_term_string"}}],"inLanguage":"et"},{"@type":"Organization","@id":"https:\/\/aaknives.eu\/et\/#organization","name":"AAKnives","url":"https:\/\/aaknives.eu\/et\/","logo":{"@type":"ImageObject","inLanguage":"et","@id":"https:\/\/aaknives.eu\/et\/#\/schema\/logo\/image\/","url":"https:\/\/aaknives.eu\/wp-content\/uploads\/2021\/10\/AAknives_Logo_Green.png","contentUrl":"https:\/\/aaknives.eu\/wp-content\/uploads\/2021\/10\/AAknives_Logo_Green.png","width":1768,"height":1768,"caption":"AAKnives"},"image":{"@id":"https:\/\/aaknives.eu\/et\/#\/schema\/logo\/image\/"},"sameAs":["https:\/\/www.facebook.com\/aaknives.eu\/","https:\/\/www.instagram.com\/aaknives\/","https:\/\/www.pinterest.com\/aa_knives\/","https:\/\/www.youtube.com\/channel\/UCHOQFjrOkgT6s4FIw9LDKyw\/featured"]}]}},"_links":{"self":[{"href":"https:\/\/aaknives.eu\/et\/wp-json\/wp\/v2\/product\/89469","targetHints":{"allow":["GET"]}}],"collection":[{"href":"https:\/\/aaknives.eu\/et\/wp-json\/wp\/v2\/product"}],"about":[{"href":"https:\/\/aaknives.eu\/et\/wp-json\/wp\/v2\/types\/product"}],"wp:featuredmedia":[{"embeddable":true,"href":"https:\/\/aaknives.eu\/et\/wp-json\/wp\/v2\/media\/94936"}],"wp:attachment":[{"href":"https:\/\/aaknives.eu\/et\/wp-json\/wp\/v2\/media?parent=89469"}],"wp:term":[{"taxonomy":"product_brand","embeddable":true,"href":"https:\/\/aaknives.eu\/et\/wp-json\/wp\/v2\/product_brand?post=89469"},{"taxonomy":"product_cat","embeddable":true,"href":"https:\/\/aaknives.eu\/et\/wp-json\/wp\/v2\/product_cat?post=89469"},{"taxonomy":"product_tag","embeddable":true,"href":"https:\/\/aaknives.eu\/et\/wp-json\/wp\/v2\/product_tag?post=89469"}],"curies":[{"name":"wp","href":"https:\/\/api.w.org\/{rel}","templated":true}]}}