{"id":89492,"date":"2024-10-29T02:12:31","date_gmt":"2024-10-29T02:12:31","guid":{"rendered":"https:\/\/aaknives.eu\/?post_type=product&#038;p=89492"},"modified":"2026-04-29T17:06:26","modified_gmt":"2026-04-29T17:06:26","slug":"nuga-beast-rootsi-bohler-uddeholm-n695-roostevabast-terasest-noaterasest","status":"publish","type":"product","link":"https:\/\/aaknives.eu\/et\/product\/nuga-beast-rootsi-bohler-uddeholm-n695-roostevabast-terasest-noaterasest\/","title":{"rendered":"Nuga &#8221;BEAST&#8221; &#8211; Rootsi Bohler-Uddeholm N695 roostevabast terasest noaterasest"},"content":{"rendered":"<p>Noa spetsifikatsioonid: &#8221;BEAST&#8221;<br \/>\nTeras: Rootsi Bohler-Uddeholm N695 roostevabast terasest noaterasest, liivapritsiga t\u00f6\u00f6deldud<br \/>\nK\u00f5vadus: 58-59 HRC<br \/>\nTera pikkus (mm): 148 \/ 5,82 tolli<br \/>\nTera paksus (mm): 2,5 \/ 0,09 tolli<br \/>\nTera laius (mm): 30 \/ 1,18 tolli<br \/>\nK\u00e4epide: must puit<br \/>\nKogupikkus (mm): 288 \/ 11,33 tolli<br \/>\nRootsi Bohler-Uddeholm N695 noaterasBohler N695 on kroomitud roostevaba teras Bohler Uddeholmi r\u00fchmast. Sellel on suur k\u00f5vadus, hea kulumiskindlus ja hea korrosioonikindlus. N695 terasest nuga on mittekorrodeeruv, terav pikka aega ja ei vaja erilist hooldust.<\/p>\n<p>Valtsitud p\u00f5iktehnoloogiaga, et tagada plaatide ja lehtmaterjali maksimaalne stabiilsus ja \u00fchtlus.<\/p>\n<p>BOHLER N695 muud kasutusviisid:<\/p>\n<p>Rullelementide laagrid, klapipesad, kvaliteetsed noaterad, kirurgilised instrumendid ja puul\u00f5ikek\u00e4\u00e4rid.<\/p>\n<p>BOHLER N695 Koostis: C &#8211; 1.030 \/ MN &#8211; 0.44 \/ SI &#8211; 0.48 \/ P &#8211; 0.018 \/ S &#8211; 0.0010 \/ CR &#8211; 16.46 \/ MO &#8211; 0.43<\/p>\n","protected":false},"excerpt":{"rendered":"<p>Noa spetsifikatsioonid: &#8221;BEAST&#8221; Teras: Rootsi Bohler-Uddeholm N695 roostevabast terasest noaterasest, liivapritsiga t\u00f6\u00f6deldud K\u00f5vadus: 58-59 HRC Tera pikkus (mm): 148 \/ 5,82 tolli Tera paksus (mm): 2,5 \/ 0,09 tolli Tera laius (mm): 30 \/ 1,18 tolli K\u00e4epide: must puit Kogupikkus (mm): 288 \/ 11,33 tolli Rootsi Bohler-Uddeholm N695 noaterasBohler N695 on kroomitud roostevaba teras Bohler Uddeholmi r\u00fchmast. Sellel on suur k\u00f5vadus, hea kulumiskindlus ja hea korrosioonikindlus. N695 terasest nuga on mittekorrodeeruv, terav pikka aega ja ei vaja erilist hooldust. Valtsitud p\u00f5iktehnoloogiaga, et tagada plaatide ja lehtmaterjali maksimaalne stabiilsus ja \u00fchtlus. BOHLER N695 muud kasutusviisid: Rullelementide laagrid, klapipesad, kvaliteetsed noaterad, kirurgilised&hellip;<\/p>\n","protected":false},"featured_media":109664,"template":"","meta":{"_themeisle_gutenberg_block_has_review":false},"product_brand":[],"product_cat":[345,343,346],"product_tag":[],"class_list":{"0":"post-89492","1":"product","2":"type-product","3":"status-publish","4":"has-post-thumbnail","6":"product_cat-jahinoad","7":"product_cat-kalapuugi-noad","8":"product_cat-matkanoad","10":"first","11":"instock","12":"shipping-taxable","13":"purchasable","14":"product-type-simple"},"yoast_head":"<!-- This site is optimized with the Yoast SEO plugin v27.5 - https:\/\/yoast.com\/product\/yoast-seo-wordpress\/ -->\n<title>Nuga &#039;&#039;BEAST&#039;&#039; - Rootsi Bohler-Uddeholm N695 roostevabast terasest noaterasest - AAKnives<\/title>\n<meta name=\"description\" content=\"Rootsi Bohler-Uddeholm N695 roostevabast terasest noaterasest Bohler N695 on kroomitud roostevabast terasest Bohler Uddeholm grupis.\" \/>\n<meta name=\"robots\" content=\"index, follow, max-snippet:-1, max-image-preview:large, max-video-preview:-1\" \/>\n<link rel=\"canonical\" href=\"https:\/\/aaknives.eu\/et\/product\/nuga-beast-rootsi-bohler-uddeholm-n695-roostevabast-terasest-noaterasest\/\" \/>\n<meta property=\"og:locale\" content=\"et_EE\" \/>\n<meta property=\"og:type\" content=\"article\" \/>\n<meta property=\"og:title\" content=\"Nuga &#039;&#039;BEAST&#039;&#039; - Rootsi Bohler-Uddeholm N695 roostevabast terasest noaterasest - AAKnives\" \/>\n<meta property=\"og:description\" content=\"Rootsi Bohler-Uddeholm N695 roostevabast terasest noaterasest Bohler N695 on kroomitud roostevabast terasest Bohler Uddeholm grupis.\" \/>\n<meta property=\"og:url\" content=\"https:\/\/aaknives.eu\/et\/product\/nuga-beast-rootsi-bohler-uddeholm-n695-roostevabast-terasest-noaterasest\/\" \/>\n<meta property=\"og:site_name\" content=\"AAKnives\" \/>\n<meta property=\"article:publisher\" content=\"https:\/\/www.facebook.com\/aaknives.eu\/\" \/>\n<meta property=\"article:modified_time\" content=\"2026-04-29T17:06:26+00:00\" \/>\n<meta property=\"og:image\" content=\"https:\/\/aaknives.eu\/wp-content\/uploads\/2024\/10\/aaknives-hand-forged-damascus-steel-blade-knife-handmade-custom-made-knife-handcrafted-knives-autinetools-northmen-112.jpg\" \/>\n\t<meta property=\"og:image:width\" content=\"1020\" \/>\n\t<meta property=\"og:image:height\" content=\"880\" \/>\n\t<meta property=\"og:image:type\" content=\"image\/jpeg\" \/>\n<meta name=\"twitter:card\" content=\"summary_large_image\" \/>\n<meta name=\"twitter:label1\" content=\"Est. reading time\" \/>\n\t<meta name=\"twitter:data1\" content=\"1 minut\" \/>\n<script type=\"application\/ld+json\" class=\"yoast-schema-graph\">{\"@context\":\"https:\\\/\\\/schema.org\",\"@graph\":[{\"@type\":\"WebPage\",\"@id\":\"https:\\\/\\\/aaknives.eu\\\/et\\\/product\\\/nuga-beast-rootsi-bohler-uddeholm-n695-roostevabast-terasest-noaterasest\\\/\",\"url\":\"https:\\\/\\\/aaknives.eu\\\/et\\\/product\\\/nuga-beast-rootsi-bohler-uddeholm-n695-roostevabast-terasest-noaterasest\\\/\",\"name\":\"Nuga ''BEAST'' - Rootsi Bohler-Uddeholm N695 roostevabast terasest noaterasest - AAKnives\",\"isPartOf\":{\"@id\":\"https:\\\/\\\/aaknives.eu\\\/et\\\/#website\"},\"primaryImageOfPage\":{\"@id\":\"https:\\\/\\\/aaknives.eu\\\/et\\\/product\\\/nuga-beast-rootsi-bohler-uddeholm-n695-roostevabast-terasest-noaterasest\\\/#primaryimage\"},\"image\":{\"@id\":\"https:\\\/\\\/aaknives.eu\\\/et\\\/product\\\/nuga-beast-rootsi-bohler-uddeholm-n695-roostevabast-terasest-noaterasest\\\/#primaryimage\"},\"thumbnailUrl\":\"https:\\\/\\\/aaknives.eu\\\/wp-content\\\/uploads\\\/2024\\\/10\\\/aaknives-hand-forged-damascus-steel-blade-knife-handmade-custom-made-knife-handcrafted-knives-autinetools-northmen-112.jpg\",\"datePublished\":\"2024-10-29T02:12:31+00:00\",\"dateModified\":\"2026-04-29T17:06:26+00:00\",\"description\":\"Rootsi Bohler-Uddeholm N695 roostevabast terasest noaterasest Bohler N695 on kroomitud roostevabast terasest Bohler Uddeholm grupis.\",\"breadcrumb\":{\"@id\":\"https:\\\/\\\/aaknives.eu\\\/et\\\/product\\\/nuga-beast-rootsi-bohler-uddeholm-n695-roostevabast-terasest-noaterasest\\\/#breadcrumb\"},\"inLanguage\":\"et\",\"potentialAction\":[{\"@type\":\"ReadAction\",\"target\":[\"https:\\\/\\\/aaknives.eu\\\/et\\\/product\\\/nuga-beast-rootsi-bohler-uddeholm-n695-roostevabast-terasest-noaterasest\\\/\"]}]},{\"@type\":\"ImageObject\",\"inLanguage\":\"et\",\"@id\":\"https:\\\/\\\/aaknives.eu\\\/et\\\/product\\\/nuga-beast-rootsi-bohler-uddeholm-n695-roostevabast-terasest-noaterasest\\\/#primaryimage\",\"url\":\"https:\\\/\\\/aaknives.eu\\\/wp-content\\\/uploads\\\/2024\\\/10\\\/aaknives-hand-forged-damascus-steel-blade-knife-handmade-custom-made-knife-handcrafted-knives-autinetools-northmen-112.jpg\",\"contentUrl\":\"https:\\\/\\\/aaknives.eu\\\/wp-content\\\/uploads\\\/2024\\\/10\\\/aaknives-hand-forged-damascus-steel-blade-knife-handmade-custom-made-knife-handcrafted-knives-autinetools-northmen-112.jpg\",\"width\":1020,\"height\":880},{\"@type\":\"BreadcrumbList\",\"@id\":\"https:\\\/\\\/aaknives.eu\\\/et\\\/product\\\/nuga-beast-rootsi-bohler-uddeholm-n695-roostevabast-terasest-noaterasest\\\/#breadcrumb\",\"itemListElement\":[{\"@type\":\"ListItem\",\"position\":1,\"name\":\"Home\",\"item\":\"https:\\\/\\\/aaknives.eu\\\/et\\\/kodu\\\/\"},{\"@type\":\"ListItem\",\"position\":2,\"name\":\"Kauplus\",\"item\":\"https:\\\/\\\/aaknives.eu\\\/et\\\/kauplus\\\/\"},{\"@type\":\"ListItem\",\"position\":3,\"name\":\"Nuga &#8221;BEAST&#8221; &#8211; Rootsi Bohler-Uddeholm N695 roostevabast terasest noaterasest\"}]},{\"@type\":\"WebSite\",\"@id\":\"https:\\\/\\\/aaknives.eu\\\/et\\\/#website\",\"url\":\"https:\\\/\\\/aaknives.eu\\\/et\\\/\",\"name\":\"AAKnives\",\"description\":\"Handmade knives\",\"publisher\":{\"@id\":\"https:\\\/\\\/aaknives.eu\\\/et\\\/#organization\"},\"potentialAction\":[{\"@type\":\"SearchAction\",\"target\":{\"@type\":\"EntryPoint\",\"urlTemplate\":\"https:\\\/\\\/aaknives.eu\\\/et\\\/?s={search_term_string}\"},\"query-input\":{\"@type\":\"PropertyValueSpecification\",\"valueRequired\":true,\"valueName\":\"search_term_string\"}}],\"inLanguage\":\"et\"},{\"@type\":\"Organization\",\"@id\":\"https:\\\/\\\/aaknives.eu\\\/et\\\/#organization\",\"name\":\"AAKnives\",\"url\":\"https:\\\/\\\/aaknives.eu\\\/et\\\/\",\"logo\":{\"@type\":\"ImageObject\",\"inLanguage\":\"et\",\"@id\":\"https:\\\/\\\/aaknives.eu\\\/et\\\/#\\\/schema\\\/logo\\\/image\\\/\",\"url\":\"https:\\\/\\\/aaknives.eu\\\/wp-content\\\/uploads\\\/2021\\\/10\\\/AAknives_Logo_Green.png\",\"contentUrl\":\"https:\\\/\\\/aaknives.eu\\\/wp-content\\\/uploads\\\/2021\\\/10\\\/AAknives_Logo_Green.png\",\"width\":1768,\"height\":1768,\"caption\":\"AAKnives\"},\"image\":{\"@id\":\"https:\\\/\\\/aaknives.eu\\\/et\\\/#\\\/schema\\\/logo\\\/image\\\/\"},\"sameAs\":[\"https:\\\/\\\/www.facebook.com\\\/aaknives.eu\\\/\",\"https:\\\/\\\/www.instagram.com\\\/aaknives\\\/\",\"https:\\\/\\\/www.pinterest.com\\\/aa_knives\\\/\",\"https:\\\/\\\/www.youtube.com\\\/channel\\\/UCHOQFjrOkgT6s4FIw9LDKyw\\\/featured\"]}]}<\/script>\n<!-- \/ Yoast SEO plugin. -->","yoast_head_json":{"title":"Nuga ''BEAST'' - Rootsi Bohler-Uddeholm N695 roostevabast terasest noaterasest - AAKnives","description":"Rootsi Bohler-Uddeholm N695 roostevabast terasest noaterasest Bohler N695 on kroomitud roostevabast terasest Bohler Uddeholm grupis.","robots":{"index":"index","follow":"follow","max-snippet":"max-snippet:-1","max-image-preview":"max-image-preview:large","max-video-preview":"max-video-preview:-1"},"canonical":"https:\/\/aaknives.eu\/et\/product\/nuga-beast-rootsi-bohler-uddeholm-n695-roostevabast-terasest-noaterasest\/","og_locale":"et_EE","og_type":"article","og_title":"Nuga ''BEAST'' - Rootsi Bohler-Uddeholm N695 roostevabast terasest noaterasest - AAKnives","og_description":"Rootsi Bohler-Uddeholm N695 roostevabast terasest noaterasest Bohler N695 on kroomitud roostevabast terasest Bohler Uddeholm grupis.","og_url":"https:\/\/aaknives.eu\/et\/product\/nuga-beast-rootsi-bohler-uddeholm-n695-roostevabast-terasest-noaterasest\/","og_site_name":"AAKnives","article_publisher":"https:\/\/www.facebook.com\/aaknives.eu\/","article_modified_time":"2026-04-29T17:06:26+00:00","og_image":[{"width":1020,"height":880,"url":"https:\/\/aaknives.eu\/wp-content\/uploads\/2024\/10\/aaknives-hand-forged-damascus-steel-blade-knife-handmade-custom-made-knife-handcrafted-knives-autinetools-northmen-112.jpg","type":"image\/jpeg"}],"twitter_card":"summary_large_image","twitter_misc":{"Est. reading time":"1 minut"},"schema":{"@context":"https:\/\/schema.org","@graph":[{"@type":"WebPage","@id":"https:\/\/aaknives.eu\/et\/product\/nuga-beast-rootsi-bohler-uddeholm-n695-roostevabast-terasest-noaterasest\/","url":"https:\/\/aaknives.eu\/et\/product\/nuga-beast-rootsi-bohler-uddeholm-n695-roostevabast-terasest-noaterasest\/","name":"Nuga ''BEAST'' - Rootsi Bohler-Uddeholm N695 roostevabast terasest noaterasest - AAKnives","isPartOf":{"@id":"https:\/\/aaknives.eu\/et\/#website"},"primaryImageOfPage":{"@id":"https:\/\/aaknives.eu\/et\/product\/nuga-beast-rootsi-bohler-uddeholm-n695-roostevabast-terasest-noaterasest\/#primaryimage"},"image":{"@id":"https:\/\/aaknives.eu\/et\/product\/nuga-beast-rootsi-bohler-uddeholm-n695-roostevabast-terasest-noaterasest\/#primaryimage"},"thumbnailUrl":"https:\/\/aaknives.eu\/wp-content\/uploads\/2024\/10\/aaknives-hand-forged-damascus-steel-blade-knife-handmade-custom-made-knife-handcrafted-knives-autinetools-northmen-112.jpg","datePublished":"2024-10-29T02:12:31+00:00","dateModified":"2026-04-29T17:06:26+00:00","description":"Rootsi Bohler-Uddeholm N695 roostevabast terasest noaterasest Bohler N695 on kroomitud roostevabast terasest Bohler Uddeholm grupis.","breadcrumb":{"@id":"https:\/\/aaknives.eu\/et\/product\/nuga-beast-rootsi-bohler-uddeholm-n695-roostevabast-terasest-noaterasest\/#breadcrumb"},"inLanguage":"et","potentialAction":[{"@type":"ReadAction","target":["https:\/\/aaknives.eu\/et\/product\/nuga-beast-rootsi-bohler-uddeholm-n695-roostevabast-terasest-noaterasest\/"]}]},{"@type":"ImageObject","inLanguage":"et","@id":"https:\/\/aaknives.eu\/et\/product\/nuga-beast-rootsi-bohler-uddeholm-n695-roostevabast-terasest-noaterasest\/#primaryimage","url":"https:\/\/aaknives.eu\/wp-content\/uploads\/2024\/10\/aaknives-hand-forged-damascus-steel-blade-knife-handmade-custom-made-knife-handcrafted-knives-autinetools-northmen-112.jpg","contentUrl":"https:\/\/aaknives.eu\/wp-content\/uploads\/2024\/10\/aaknives-hand-forged-damascus-steel-blade-knife-handmade-custom-made-knife-handcrafted-knives-autinetools-northmen-112.jpg","width":1020,"height":880},{"@type":"BreadcrumbList","@id":"https:\/\/aaknives.eu\/et\/product\/nuga-beast-rootsi-bohler-uddeholm-n695-roostevabast-terasest-noaterasest\/#breadcrumb","itemListElement":[{"@type":"ListItem","position":1,"name":"Home","item":"https:\/\/aaknives.eu\/et\/kodu\/"},{"@type":"ListItem","position":2,"name":"Kauplus","item":"https:\/\/aaknives.eu\/et\/kauplus\/"},{"@type":"ListItem","position":3,"name":"Nuga &#8221;BEAST&#8221; &#8211; Rootsi Bohler-Uddeholm N695 roostevabast terasest noaterasest"}]},{"@type":"WebSite","@id":"https:\/\/aaknives.eu\/et\/#website","url":"https:\/\/aaknives.eu\/et\/","name":"AAKnives","description":"Handmade knives","publisher":{"@id":"https:\/\/aaknives.eu\/et\/#organization"},"potentialAction":[{"@type":"SearchAction","target":{"@type":"EntryPoint","urlTemplate":"https:\/\/aaknives.eu\/et\/?s={search_term_string}"},"query-input":{"@type":"PropertyValueSpecification","valueRequired":true,"valueName":"search_term_string"}}],"inLanguage":"et"},{"@type":"Organization","@id":"https:\/\/aaknives.eu\/et\/#organization","name":"AAKnives","url":"https:\/\/aaknives.eu\/et\/","logo":{"@type":"ImageObject","inLanguage":"et","@id":"https:\/\/aaknives.eu\/et\/#\/schema\/logo\/image\/","url":"https:\/\/aaknives.eu\/wp-content\/uploads\/2021\/10\/AAknives_Logo_Green.png","contentUrl":"https:\/\/aaknives.eu\/wp-content\/uploads\/2021\/10\/AAknives_Logo_Green.png","width":1768,"height":1768,"caption":"AAKnives"},"image":{"@id":"https:\/\/aaknives.eu\/et\/#\/schema\/logo\/image\/"},"sameAs":["https:\/\/www.facebook.com\/aaknives.eu\/","https:\/\/www.instagram.com\/aaknives\/","https:\/\/www.pinterest.com\/aa_knives\/","https:\/\/www.youtube.com\/channel\/UCHOQFjrOkgT6s4FIw9LDKyw\/featured"]}]}},"_links":{"self":[{"href":"https:\/\/aaknives.eu\/et\/wp-json\/wp\/v2\/product\/89492","targetHints":{"allow":["GET"]}}],"collection":[{"href":"https:\/\/aaknives.eu\/et\/wp-json\/wp\/v2\/product"}],"about":[{"href":"https:\/\/aaknives.eu\/et\/wp-json\/wp\/v2\/types\/product"}],"wp:featuredmedia":[{"embeddable":true,"href":"https:\/\/aaknives.eu\/et\/wp-json\/wp\/v2\/media\/109664"}],"wp:attachment":[{"href":"https:\/\/aaknives.eu\/et\/wp-json\/wp\/v2\/media?parent=89492"}],"wp:term":[{"taxonomy":"product_brand","embeddable":true,"href":"https:\/\/aaknives.eu\/et\/wp-json\/wp\/v2\/product_brand?post=89492"},{"taxonomy":"product_cat","embeddable":true,"href":"https:\/\/aaknives.eu\/et\/wp-json\/wp\/v2\/product_cat?post=89492"},{"taxonomy":"product_tag","embeddable":true,"href":"https:\/\/aaknives.eu\/et\/wp-json\/wp\/v2\/product_tag?post=89492"}],"curies":[{"name":"wp","href":"https:\/\/api.w.org\/{rel}","templated":true}]}}