{"id":89530,"date":"2024-10-29T02:01:48","date_gmt":"2024-10-29T02:01:48","guid":{"rendered":"https:\/\/aaknives.eu\/?post_type=product&#038;p=89530"},"modified":"2025-07-02T15:36:40","modified_gmt":"2025-07-02T15:36:40","slug":"eksklusiivne-nuga-poseidon-sepistatud-teras-sandvik-12c27","status":"publish","type":"product","link":"https:\/\/aaknives.eu\/et\/product\/eksklusiivne-nuga-poseidon-sepistatud-teras-sandvik-12c27\/","title":{"rendered":"Eksklusiivne nuga &#8220;POSEIDON&#8221; &#8211; sepistatud teras Sandvik 12C27"},"content":{"rendered":"<p>Teras: k\u00e4sitsi sepistatud roostevaba teras 12C27<br \/>\nK\u00f5vadus: 57-58 HRC<br \/>\nTera pikkus (mm): 127 \/ 5 tolli<br \/>\nTera paksus (mm): 1- 3 \/ 0,03-0,11 tolli<br \/>\nTera laius (mm): 35 \/ 1,37 tolli<br \/>\nK\u00e4epide: vahtrapuit<br \/>\nKogupikkus (mm): 250 \/ 9,84 tolli<\/p>\n<p>Kohandatud nuga, k\u00e4sitsi valmistatud nuga, k\u00e4sitsi sepistatud nuga, k\u00e4sitsi sepistatud tera<br \/>\n12C27 teras kuulub Sandviki perekonda. See on madalatasemeline k\u00f5rgkroomteras, mis on noat\u00f6\u00f6stuses v\u00e4ga populaarne, sest see pakub silmapaistvat kulumiskindlust, korrosioonikindlust ja suurt k\u00f5vadust &#8211; p\u00f5hilisi omadusi, mis loovad ideaalse noaterase.<\/p>\n<p>Lisaks omandab 12C27 teras teravuse suhteliselt kiiresti, erinevalt teistest k\u00f5rge kroomisisaldusega terastest, mille teravdamine v\u00f5tab karmide kroomkarbiidide t\u00f5ttu kaua aega. Sandvik 12C27 terast kasutatakse tavaliselt jahinugade, taskunugade, kalanugade, matkanugade, taktikaliste nugade, uisutera ja j\u00e4\u00e4puuride valmistamisel.<\/p>\n<p>T\u00e4nu k\u00f5rgele kroomisisaldusele on 12C27 teras korrosiooni- ja roostekindel. Kuna see on valmistatud roostevabast terasest, on see ka plekikindel.<\/p>\n<p>Kuid te ei saa oodata, et see terasest valmistatud nuga j\u00e4\u00e4b vees p\u00e4evade jooksul roosteta. Kui soovite, et sellest terasest terad s\u00e4iliksid aastak\u00fcmneid, peate need p\u00e4rast iga kasutamist v\u00f5i kui kavatsete neid pikema aja jooksul ladustada, kuivatama ja \u00f5litama.<\/p>\n","protected":false},"excerpt":{"rendered":"<p>Teras: k\u00e4sitsi sepistatud roostevaba teras 12C27 K\u00f5vadus: 57-58 HRC Tera pikkus (mm): 127 \/ 5 tolli Tera paksus (mm): 1- 3 \/ 0,03-0,11 tolli Tera laius (mm): 35 \/ 1,37 tolli K\u00e4epide: vahtrapuit Kogupikkus (mm): 250 \/ 9,84 tolli Kohandatud nuga, k\u00e4sitsi valmistatud nuga, k\u00e4sitsi sepistatud nuga, k\u00e4sitsi sepistatud tera 12C27 teras kuulub Sandviki perekonda. See on madalatasemeline k\u00f5rgkroomteras, mis on noat\u00f6\u00f6stuses v\u00e4ga populaarne, sest see pakub silmapaistvat kulumiskindlust, korrosioonikindlust ja suurt k\u00f5vadust &#8211; p\u00f5hilisi omadusi, mis loovad ideaalse noaterase. Lisaks omandab 12C27 teras teravuse suhteliselt kiiresti, erinevalt teistest k\u00f5rge kroomisisaldusega terastest, mille teravdamine v\u00f5tab karmide kroomkarbiidide t\u00f5ttu kaua aega.&hellip;<\/p>\n","protected":false},"featured_media":105761,"template":"","meta":{"_themeisle_gutenberg_block_has_review":false},"product_brand":[],"product_cat":[346,341],"product_tag":[],"class_list":{"0":"post-89530","1":"product","2":"type-product","3":"status-publish","4":"has-post-thumbnail","6":"product_cat-matkanoad","7":"product_cat-premium-ja-eksklusiivsed-noad","9":"first","10":"instock","11":"shipping-taxable","12":"purchasable","13":"product-type-simple"},"yoast_head":"<!-- This site is optimized with the Yoast SEO plugin v27.3 - https:\/\/yoast.com\/product\/yoast-seo-wordpress\/ -->\n<title>Eksklusiivne nuga &quot;POSEIDON&quot; - sepistatud teras Sandvik 12C27 - AAKnives<\/title>\n<meta name=\"description\" content=\"Eksklusiivne nuga &quot;POSEIDON&quot; - sepistatud teras Sandvik 12C27\" \/>\n<meta name=\"robots\" content=\"index, follow, max-snippet:-1, max-image-preview:large, max-video-preview:-1\" \/>\n<link rel=\"canonical\" href=\"https:\/\/aaknives.eu\/et\/product\/eksklusiivne-nuga-poseidon-sepistatud-teras-sandvik-12c27\/\" \/>\n<meta property=\"og:locale\" content=\"et_EE\" \/>\n<meta property=\"og:type\" content=\"article\" \/>\n<meta property=\"og:title\" content=\"Eksklusiivne nuga &quot;POSEIDON&quot; - sepistatud teras Sandvik 12C27 - AAKnives\" \/>\n<meta property=\"og:description\" content=\"Eksklusiivne nuga &quot;POSEIDON&quot; - sepistatud teras Sandvik 12C27\" \/>\n<meta property=\"og:url\" content=\"https:\/\/aaknives.eu\/et\/product\/eksklusiivne-nuga-poseidon-sepistatud-teras-sandvik-12c27\/\" \/>\n<meta property=\"og:site_name\" content=\"AAKnives\" \/>\n<meta property=\"article:publisher\" content=\"https:\/\/www.facebook.com\/aaknives.eu\/\" \/>\n<meta property=\"article:modified_time\" content=\"2025-07-02T15:36:40+00:00\" \/>\n<meta property=\"og:image\" content=\"https:\/\/aaknives.eu\/wp-content\/uploads\/2024\/10\/aaknives-hand-forged-damascus-steel-blade-knife-handmade-custom-made-knife-handcrafted-knives-autinetools-northmen-5.2.jpg\" \/>\n\t<meta property=\"og:image:width\" content=\"1020\" \/>\n\t<meta property=\"og:image:height\" content=\"880\" \/>\n\t<meta property=\"og:image:type\" content=\"image\/jpeg\" \/>\n<meta name=\"twitter:card\" content=\"summary_large_image\" \/>\n<meta name=\"twitter:label1\" content=\"Est. reading time\" \/>\n\t<meta name=\"twitter:data1\" content=\"1 minut\" \/>\n<script type=\"application\/ld+json\" class=\"yoast-schema-graph\">{\"@context\":\"https:\\\/\\\/schema.org\",\"@graph\":[{\"@type\":\"WebPage\",\"@id\":\"https:\\\/\\\/aaknives.eu\\\/et\\\/product\\\/eksklusiivne-nuga-poseidon-sepistatud-teras-sandvik-12c27\\\/\",\"url\":\"https:\\\/\\\/aaknives.eu\\\/et\\\/product\\\/eksklusiivne-nuga-poseidon-sepistatud-teras-sandvik-12c27\\\/\",\"name\":\"Eksklusiivne nuga \\\"POSEIDON\\\" - sepistatud teras Sandvik 12C27 - AAKnives\",\"isPartOf\":{\"@id\":\"https:\\\/\\\/aaknives.eu\\\/et\\\/#website\"},\"primaryImageOfPage\":{\"@id\":\"https:\\\/\\\/aaknives.eu\\\/et\\\/product\\\/eksklusiivne-nuga-poseidon-sepistatud-teras-sandvik-12c27\\\/#primaryimage\"},\"image\":{\"@id\":\"https:\\\/\\\/aaknives.eu\\\/et\\\/product\\\/eksklusiivne-nuga-poseidon-sepistatud-teras-sandvik-12c27\\\/#primaryimage\"},\"thumbnailUrl\":\"https:\\\/\\\/aaknives.eu\\\/wp-content\\\/uploads\\\/2024\\\/10\\\/aaknives-hand-forged-damascus-steel-blade-knife-handmade-custom-made-knife-handcrafted-knives-autinetools-northmen-1-88.jpg\",\"datePublished\":\"2024-10-29T02:01:48+00:00\",\"dateModified\":\"2025-07-02T15:36:40+00:00\",\"description\":\"Eksklusiivne nuga \\\"POSEIDON\\\" - sepistatud teras Sandvik 12C27\",\"breadcrumb\":{\"@id\":\"https:\\\/\\\/aaknives.eu\\\/et\\\/product\\\/eksklusiivne-nuga-poseidon-sepistatud-teras-sandvik-12c27\\\/#breadcrumb\"},\"inLanguage\":\"et\",\"potentialAction\":[{\"@type\":\"ReadAction\",\"target\":[\"https:\\\/\\\/aaknives.eu\\\/et\\\/product\\\/eksklusiivne-nuga-poseidon-sepistatud-teras-sandvik-12c27\\\/\"]}]},{\"@type\":\"ImageObject\",\"inLanguage\":\"et\",\"@id\":\"https:\\\/\\\/aaknives.eu\\\/et\\\/product\\\/eksklusiivne-nuga-poseidon-sepistatud-teras-sandvik-12c27\\\/#primaryimage\",\"url\":\"https:\\\/\\\/aaknives.eu\\\/wp-content\\\/uploads\\\/2024\\\/10\\\/aaknives-hand-forged-damascus-steel-blade-knife-handmade-custom-made-knife-handcrafted-knives-autinetools-northmen-1-88.jpg\",\"contentUrl\":\"https:\\\/\\\/aaknives.eu\\\/wp-content\\\/uploads\\\/2024\\\/10\\\/aaknives-hand-forged-damascus-steel-blade-knife-handmade-custom-made-knife-handcrafted-knives-autinetools-northmen-1-88.jpg\",\"width\":1020,\"height\":880},{\"@type\":\"BreadcrumbList\",\"@id\":\"https:\\\/\\\/aaknives.eu\\\/et\\\/product\\\/eksklusiivne-nuga-poseidon-sepistatud-teras-sandvik-12c27\\\/#breadcrumb\",\"itemListElement\":[{\"@type\":\"ListItem\",\"position\":1,\"name\":\"Home\",\"item\":\"https:\\\/\\\/aaknives.eu\\\/et\\\/kodu\\\/\"},{\"@type\":\"ListItem\",\"position\":2,\"name\":\"Kauplus\",\"item\":\"https:\\\/\\\/aaknives.eu\\\/et\\\/kauplus\\\/\"},{\"@type\":\"ListItem\",\"position\":3,\"name\":\"Eksklusiivne nuga &#8220;POSEIDON&#8221; &#8211; sepistatud teras Sandvik 12C27\"}]},{\"@type\":\"WebSite\",\"@id\":\"https:\\\/\\\/aaknives.eu\\\/et\\\/#website\",\"url\":\"https:\\\/\\\/aaknives.eu\\\/et\\\/\",\"name\":\"AAKnives\",\"description\":\"Handmade knives\",\"publisher\":{\"@id\":\"https:\\\/\\\/aaknives.eu\\\/et\\\/#organization\"},\"potentialAction\":[{\"@type\":\"SearchAction\",\"target\":{\"@type\":\"EntryPoint\",\"urlTemplate\":\"https:\\\/\\\/aaknives.eu\\\/et\\\/?s={search_term_string}\"},\"query-input\":{\"@type\":\"PropertyValueSpecification\",\"valueRequired\":true,\"valueName\":\"search_term_string\"}}],\"inLanguage\":\"et\"},{\"@type\":\"Organization\",\"@id\":\"https:\\\/\\\/aaknives.eu\\\/et\\\/#organization\",\"name\":\"AAKnives\",\"url\":\"https:\\\/\\\/aaknives.eu\\\/et\\\/\",\"logo\":{\"@type\":\"ImageObject\",\"inLanguage\":\"et\",\"@id\":\"https:\\\/\\\/aaknives.eu\\\/et\\\/#\\\/schema\\\/logo\\\/image\\\/\",\"url\":\"https:\\\/\\\/aaknives.eu\\\/wp-content\\\/uploads\\\/2021\\\/10\\\/AAknives_Logo_Green.png\",\"contentUrl\":\"https:\\\/\\\/aaknives.eu\\\/wp-content\\\/uploads\\\/2021\\\/10\\\/AAknives_Logo_Green.png\",\"width\":1768,\"height\":1768,\"caption\":\"AAKnives\"},\"image\":{\"@id\":\"https:\\\/\\\/aaknives.eu\\\/et\\\/#\\\/schema\\\/logo\\\/image\\\/\"},\"sameAs\":[\"https:\\\/\\\/www.facebook.com\\\/aaknives.eu\\\/\",\"https:\\\/\\\/www.instagram.com\\\/aaknives\\\/\",\"https:\\\/\\\/www.pinterest.com\\\/aa_knives\\\/\",\"https:\\\/\\\/www.youtube.com\\\/channel\\\/UCHOQFjrOkgT6s4FIw9LDKyw\\\/featured\"]}]}<\/script>\n<!-- \/ Yoast SEO plugin. -->","yoast_head_json":{"title":"Eksklusiivne nuga \"POSEIDON\" - sepistatud teras Sandvik 12C27 - AAKnives","description":"Eksklusiivne nuga \"POSEIDON\" - sepistatud teras Sandvik 12C27","robots":{"index":"index","follow":"follow","max-snippet":"max-snippet:-1","max-image-preview":"max-image-preview:large","max-video-preview":"max-video-preview:-1"},"canonical":"https:\/\/aaknives.eu\/et\/product\/eksklusiivne-nuga-poseidon-sepistatud-teras-sandvik-12c27\/","og_locale":"et_EE","og_type":"article","og_title":"Eksklusiivne nuga \"POSEIDON\" - sepistatud teras Sandvik 12C27 - AAKnives","og_description":"Eksklusiivne nuga \"POSEIDON\" - sepistatud teras Sandvik 12C27","og_url":"https:\/\/aaknives.eu\/et\/product\/eksklusiivne-nuga-poseidon-sepistatud-teras-sandvik-12c27\/","og_site_name":"AAKnives","article_publisher":"https:\/\/www.facebook.com\/aaknives.eu\/","article_modified_time":"2025-07-02T15:36:40+00:00","og_image":[{"width":1020,"height":880,"url":"https:\/\/aaknives.eu\/wp-content\/uploads\/2024\/10\/aaknives-hand-forged-damascus-steel-blade-knife-handmade-custom-made-knife-handcrafted-knives-autinetools-northmen-5.2.jpg","type":"image\/jpeg"}],"twitter_card":"summary_large_image","twitter_misc":{"Est. reading time":"1 minut"},"schema":{"@context":"https:\/\/schema.org","@graph":[{"@type":"WebPage","@id":"https:\/\/aaknives.eu\/et\/product\/eksklusiivne-nuga-poseidon-sepistatud-teras-sandvik-12c27\/","url":"https:\/\/aaknives.eu\/et\/product\/eksklusiivne-nuga-poseidon-sepistatud-teras-sandvik-12c27\/","name":"Eksklusiivne nuga \"POSEIDON\" - sepistatud teras Sandvik 12C27 - AAKnives","isPartOf":{"@id":"https:\/\/aaknives.eu\/et\/#website"},"primaryImageOfPage":{"@id":"https:\/\/aaknives.eu\/et\/product\/eksklusiivne-nuga-poseidon-sepistatud-teras-sandvik-12c27\/#primaryimage"},"image":{"@id":"https:\/\/aaknives.eu\/et\/product\/eksklusiivne-nuga-poseidon-sepistatud-teras-sandvik-12c27\/#primaryimage"},"thumbnailUrl":"https:\/\/aaknives.eu\/wp-content\/uploads\/2024\/10\/aaknives-hand-forged-damascus-steel-blade-knife-handmade-custom-made-knife-handcrafted-knives-autinetools-northmen-1-88.jpg","datePublished":"2024-10-29T02:01:48+00:00","dateModified":"2025-07-02T15:36:40+00:00","description":"Eksklusiivne nuga \"POSEIDON\" - sepistatud teras Sandvik 12C27","breadcrumb":{"@id":"https:\/\/aaknives.eu\/et\/product\/eksklusiivne-nuga-poseidon-sepistatud-teras-sandvik-12c27\/#breadcrumb"},"inLanguage":"et","potentialAction":[{"@type":"ReadAction","target":["https:\/\/aaknives.eu\/et\/product\/eksklusiivne-nuga-poseidon-sepistatud-teras-sandvik-12c27\/"]}]},{"@type":"ImageObject","inLanguage":"et","@id":"https:\/\/aaknives.eu\/et\/product\/eksklusiivne-nuga-poseidon-sepistatud-teras-sandvik-12c27\/#primaryimage","url":"https:\/\/aaknives.eu\/wp-content\/uploads\/2024\/10\/aaknives-hand-forged-damascus-steel-blade-knife-handmade-custom-made-knife-handcrafted-knives-autinetools-northmen-1-88.jpg","contentUrl":"https:\/\/aaknives.eu\/wp-content\/uploads\/2024\/10\/aaknives-hand-forged-damascus-steel-blade-knife-handmade-custom-made-knife-handcrafted-knives-autinetools-northmen-1-88.jpg","width":1020,"height":880},{"@type":"BreadcrumbList","@id":"https:\/\/aaknives.eu\/et\/product\/eksklusiivne-nuga-poseidon-sepistatud-teras-sandvik-12c27\/#breadcrumb","itemListElement":[{"@type":"ListItem","position":1,"name":"Home","item":"https:\/\/aaknives.eu\/et\/kodu\/"},{"@type":"ListItem","position":2,"name":"Kauplus","item":"https:\/\/aaknives.eu\/et\/kauplus\/"},{"@type":"ListItem","position":3,"name":"Eksklusiivne nuga &#8220;POSEIDON&#8221; &#8211; sepistatud teras Sandvik 12C27"}]},{"@type":"WebSite","@id":"https:\/\/aaknives.eu\/et\/#website","url":"https:\/\/aaknives.eu\/et\/","name":"AAKnives","description":"Handmade knives","publisher":{"@id":"https:\/\/aaknives.eu\/et\/#organization"},"potentialAction":[{"@type":"SearchAction","target":{"@type":"EntryPoint","urlTemplate":"https:\/\/aaknives.eu\/et\/?s={search_term_string}"},"query-input":{"@type":"PropertyValueSpecification","valueRequired":true,"valueName":"search_term_string"}}],"inLanguage":"et"},{"@type":"Organization","@id":"https:\/\/aaknives.eu\/et\/#organization","name":"AAKnives","url":"https:\/\/aaknives.eu\/et\/","logo":{"@type":"ImageObject","inLanguage":"et","@id":"https:\/\/aaknives.eu\/et\/#\/schema\/logo\/image\/","url":"https:\/\/aaknives.eu\/wp-content\/uploads\/2021\/10\/AAknives_Logo_Green.png","contentUrl":"https:\/\/aaknives.eu\/wp-content\/uploads\/2021\/10\/AAknives_Logo_Green.png","width":1768,"height":1768,"caption":"AAKnives"},"image":{"@id":"https:\/\/aaknives.eu\/et\/#\/schema\/logo\/image\/"},"sameAs":["https:\/\/www.facebook.com\/aaknives.eu\/","https:\/\/www.instagram.com\/aaknives\/","https:\/\/www.pinterest.com\/aa_knives\/","https:\/\/www.youtube.com\/channel\/UCHOQFjrOkgT6s4FIw9LDKyw\/featured"]}]}},"_links":{"self":[{"href":"https:\/\/aaknives.eu\/et\/wp-json\/wp\/v2\/product\/89530","targetHints":{"allow":["GET"]}}],"collection":[{"href":"https:\/\/aaknives.eu\/et\/wp-json\/wp\/v2\/product"}],"about":[{"href":"https:\/\/aaknives.eu\/et\/wp-json\/wp\/v2\/types\/product"}],"wp:featuredmedia":[{"embeddable":true,"href":"https:\/\/aaknives.eu\/et\/wp-json\/wp\/v2\/media\/105761"}],"wp:attachment":[{"href":"https:\/\/aaknives.eu\/et\/wp-json\/wp\/v2\/media?parent=89530"}],"wp:term":[{"taxonomy":"product_brand","embeddable":true,"href":"https:\/\/aaknives.eu\/et\/wp-json\/wp\/v2\/product_brand?post=89530"},{"taxonomy":"product_cat","embeddable":true,"href":"https:\/\/aaknives.eu\/et\/wp-json\/wp\/v2\/product_cat?post=89530"},{"taxonomy":"product_tag","embeddable":true,"href":"https:\/\/aaknives.eu\/et\/wp-json\/wp\/v2\/product_tag?post=89530"}],"curies":[{"name":"wp","href":"https:\/\/api.w.org\/{rel}","templated":true}]}}