{"id":89534,"date":"2024-10-29T02:01:47","date_gmt":"2024-10-29T02:01:47","guid":{"rendered":"https:\/\/aaknives.eu\/?post_type=product&#038;p=89534"},"modified":"2026-04-29T16:35:54","modified_gmt":"2026-04-29T16:35:54","slug":"nuga-mushroom-hunting-seente-korjamise-nuga-mis-on-valmistatud-sepistatud-damaskuse-terasest-2","status":"publish","type":"product","link":"https:\/\/aaknives.eu\/et\/product\/nuga-mushroom-hunting-seente-korjamise-nuga-mis-on-valmistatud-sepistatud-damaskuse-terasest-2\/","title":{"rendered":"Nuga &#8220;MUSHROOM HUNTING&#8221; seente korjamise nuga, mis on valmistatud sepistatud Damaskuse terasest."},"content":{"rendered":"<p>Noa spetsifikatsioonid: &#8220;SEENEK\u00dcTTIMINE&#8221;<br \/>\nTeras: valmistatud sepistatud Damaskuse terasest.<br \/>\nK\u00f5vadus: 60-62 HRC.<br \/>\nTera pikkus (mm): 87 \/ 3,42 tolli<br \/>\nTera paksus (mm): 2 \/ 0,07 tolli<br \/>\nTera laius (mm): 20 \/ 0,78 tolli<br \/>\nK\u00e4epide: stabiliseeritud Karjala kask<br \/>\nKogupikkus (mm): 203 \/ 7,99 tolli<\/p>\n<p>K\u00e4sitsi sepistatud Damaskuse terasest tera, mis on loodud erineva k\u00f5vaduse ja viskoossusega teraste paketist, mis on kokku pandud plaadiks kindlas j\u00e4rjekorras. Seej\u00e4rel sepistatakse plaat korduvalt uuesti, t\u00e4nu millele tekivad kihid ja ainulaadne muster.<br \/>\nKeeruline tehnoloogiline protsess toimub k\u00e4sitsi. Sellisel viisil saadud terasele on iseloomulikud suurenenud tugevus, suur k\u00f5vadus, suurep\u00e4rased l\u00f5ikamisomadused ja ilu.<br \/>\nDamaskuse tera \u00fcle 800-1000 kihi.<br \/>\nPakett Damaskuse teras ShH15 + HVG + U10 A, termiline v\u00e4ljendus 860 \u00b0 C<\/p>\n<p>Damaskuse teraga nugade eelised:<br \/>\nSuurenenud tugevus<br \/>\nSuur k\u00f5vadus<br \/>\nSuurep\u00e4rased l\u00f5ikamisomadused<br \/>\nIlus disain<br \/>\nPikaajaline teravus<\/p>\n<p>Tera k\u00f5vadus 60-62 HRC.<br \/>\nKohandatud nuga, k\u00e4sitsi valmistatud nuga, k\u00e4sitsi sepistatud nuga, k\u00e4sitsi sepistatud tera<\/p>\n","protected":false},"excerpt":{"rendered":"<p>Noa spetsifikatsioonid: &#8220;SEENEK\u00dcTTIMINE&#8221; Teras: valmistatud sepistatud Damaskuse terasest. K\u00f5vadus: 60-62 HRC. Tera pikkus (mm): 87 \/ 3,42 tolli Tera paksus (mm): 2 \/ 0,07 tolli Tera laius (mm): 20 \/ 0,78 tolli K\u00e4epide: stabiliseeritud Karjala kask Kogupikkus (mm): 203 \/ 7,99 tolli K\u00e4sitsi sepistatud Damaskuse terasest tera, mis on loodud erineva k\u00f5vaduse ja viskoossusega teraste paketist, mis on kokku pandud plaadiks kindlas j\u00e4rjekorras. Seej\u00e4rel sepistatakse plaat korduvalt uuesti, t\u00e4nu millele tekivad kihid ja ainulaadne muster. Keeruline tehnoloogiline protsess toimub k\u00e4sitsi. Sellisel viisil saadud terasele on iseloomulikud suurenenud tugevus, suur k\u00f5vadus, suurep\u00e4rased l\u00f5ikamisomadused ja ilu. Damaskuse tera \u00fcle 800-1000 kihi. Pakett&hellip;<\/p>\n","protected":false},"featured_media":109458,"template":"","meta":{"_themeisle_gutenberg_block_has_review":false},"product_brand":[],"product_cat":[343,346,353],"product_tag":[],"class_list":{"0":"post-89534","1":"product","2":"type-product","3":"status-publish","4":"has-post-thumbnail","6":"product_cat-kalapuugi-noad","7":"product_cat-matkanoad","8":"product_cat-seenekorjamise-noad","10":"first","11":"instock","12":"shipping-taxable","13":"purchasable","14":"product-type-simple"},"yoast_head":"<!-- This site is optimized with the Yoast SEO plugin v27.5 - https:\/\/yoast.com\/product\/yoast-seo-wordpress\/ -->\n<title>Nuga &quot;MUSHROOM HUNTING&quot; seente korjamise nuga, mis on valmistatud sepistatud Damaskuse terasest. - AAKnives<\/title>\n<meta name=\"description\" content=\"K\u00e4sit\u00f6\u00f6na sepistatud Damaskuse terasest tera, mis on loodud erineva k\u00f5vaduse ja viskoossusega teraste pakendist, mis volditakse plaadiks kindlas j\u00e4rjekorras.\" \/>\n<meta name=\"robots\" content=\"index, follow, max-snippet:-1, max-image-preview:large, max-video-preview:-1\" \/>\n<link rel=\"canonical\" href=\"https:\/\/aaknives.eu\/et\/product\/nuga-mushroom-hunting-seente-korjamise-nuga-mis-on-valmistatud-sepistatud-damaskuse-terasest-2\/\" \/>\n<meta property=\"og:locale\" content=\"et_EE\" \/>\n<meta property=\"og:type\" content=\"article\" \/>\n<meta property=\"og:title\" content=\"Nuga &quot;MUSHROOM HUNTING&quot; seente korjamise nuga, mis on valmistatud sepistatud Damaskuse terasest. - AAKnives\" \/>\n<meta property=\"og:description\" content=\"K\u00e4sit\u00f6\u00f6na sepistatud Damaskuse terasest tera, mis on loodud erineva k\u00f5vaduse ja viskoossusega teraste pakendist, mis volditakse plaadiks kindlas j\u00e4rjekorras.\" \/>\n<meta property=\"og:url\" content=\"https:\/\/aaknives.eu\/et\/product\/nuga-mushroom-hunting-seente-korjamise-nuga-mis-on-valmistatud-sepistatud-damaskuse-terasest-2\/\" \/>\n<meta property=\"og:site_name\" content=\"AAKnives\" \/>\n<meta property=\"article:publisher\" content=\"https:\/\/www.facebook.com\/aaknives.eu\/\" \/>\n<meta property=\"article:modified_time\" content=\"2026-04-29T16:35:54+00:00\" \/>\n<meta property=\"og:image\" content=\"https:\/\/aaknives.eu\/wp-content\/uploads\/2024\/10\/aaknives-hand-forged-damascus-steel-blade-knife-handmade-custom-made-knife-handcrafted-knives-autinetools-northmen-89.jpg\" \/>\n\t<meta property=\"og:image:width\" content=\"1020\" \/>\n\t<meta property=\"og:image:height\" content=\"880\" \/>\n\t<meta property=\"og:image:type\" content=\"image\/jpeg\" \/>\n<meta name=\"twitter:card\" content=\"summary_large_image\" \/>\n<meta name=\"twitter:label1\" content=\"Est. reading time\" \/>\n\t<meta name=\"twitter:data1\" content=\"1 minut\" \/>\n<script type=\"application\/ld+json\" class=\"yoast-schema-graph\">{\"@context\":\"https:\\\/\\\/schema.org\",\"@graph\":[{\"@type\":\"WebPage\",\"@id\":\"https:\\\/\\\/aaknives.eu\\\/et\\\/product\\\/nuga-mushroom-hunting-seente-korjamise-nuga-mis-on-valmistatud-sepistatud-damaskuse-terasest-2\\\/\",\"url\":\"https:\\\/\\\/aaknives.eu\\\/et\\\/product\\\/nuga-mushroom-hunting-seente-korjamise-nuga-mis-on-valmistatud-sepistatud-damaskuse-terasest-2\\\/\",\"name\":\"Nuga \\\"MUSHROOM HUNTING\\\" seente korjamise nuga, mis on valmistatud sepistatud Damaskuse terasest. - AAKnives\",\"isPartOf\":{\"@id\":\"https:\\\/\\\/aaknives.eu\\\/et\\\/#website\"},\"primaryImageOfPage\":{\"@id\":\"https:\\\/\\\/aaknives.eu\\\/et\\\/product\\\/nuga-mushroom-hunting-seente-korjamise-nuga-mis-on-valmistatud-sepistatud-damaskuse-terasest-2\\\/#primaryimage\"},\"image\":{\"@id\":\"https:\\\/\\\/aaknives.eu\\\/et\\\/product\\\/nuga-mushroom-hunting-seente-korjamise-nuga-mis-on-valmistatud-sepistatud-damaskuse-terasest-2\\\/#primaryimage\"},\"thumbnailUrl\":\"https:\\\/\\\/aaknives.eu\\\/wp-content\\\/uploads\\\/2024\\\/10\\\/aaknives-hand-forged-damascus-steel-blade-knife-handmade-custom-made-knife-handcrafted-knives-autinetools-northmen-89.jpg\",\"datePublished\":\"2024-10-29T02:01:47+00:00\",\"dateModified\":\"2026-04-29T16:35:54+00:00\",\"description\":\"K\u00e4sit\u00f6\u00f6na sepistatud Damaskuse terasest tera, mis on loodud erineva k\u00f5vaduse ja viskoossusega teraste pakendist, mis volditakse plaadiks kindlas j\u00e4rjekorras.\",\"breadcrumb\":{\"@id\":\"https:\\\/\\\/aaknives.eu\\\/et\\\/product\\\/nuga-mushroom-hunting-seente-korjamise-nuga-mis-on-valmistatud-sepistatud-damaskuse-terasest-2\\\/#breadcrumb\"},\"inLanguage\":\"et\",\"potentialAction\":[{\"@type\":\"ReadAction\",\"target\":[\"https:\\\/\\\/aaknives.eu\\\/et\\\/product\\\/nuga-mushroom-hunting-seente-korjamise-nuga-mis-on-valmistatud-sepistatud-damaskuse-terasest-2\\\/\"]}]},{\"@type\":\"ImageObject\",\"inLanguage\":\"et\",\"@id\":\"https:\\\/\\\/aaknives.eu\\\/et\\\/product\\\/nuga-mushroom-hunting-seente-korjamise-nuga-mis-on-valmistatud-sepistatud-damaskuse-terasest-2\\\/#primaryimage\",\"url\":\"https:\\\/\\\/aaknives.eu\\\/wp-content\\\/uploads\\\/2024\\\/10\\\/aaknives-hand-forged-damascus-steel-blade-knife-handmade-custom-made-knife-handcrafted-knives-autinetools-northmen-89.jpg\",\"contentUrl\":\"https:\\\/\\\/aaknives.eu\\\/wp-content\\\/uploads\\\/2024\\\/10\\\/aaknives-hand-forged-damascus-steel-blade-knife-handmade-custom-made-knife-handcrafted-knives-autinetools-northmen-89.jpg\",\"width\":1020,\"height\":880},{\"@type\":\"BreadcrumbList\",\"@id\":\"https:\\\/\\\/aaknives.eu\\\/et\\\/product\\\/nuga-mushroom-hunting-seente-korjamise-nuga-mis-on-valmistatud-sepistatud-damaskuse-terasest-2\\\/#breadcrumb\",\"itemListElement\":[{\"@type\":\"ListItem\",\"position\":1,\"name\":\"Home\",\"item\":\"https:\\\/\\\/aaknives.eu\\\/et\\\/kodu\\\/\"},{\"@type\":\"ListItem\",\"position\":2,\"name\":\"Kauplus\",\"item\":\"https:\\\/\\\/aaknives.eu\\\/et\\\/kauplus\\\/\"},{\"@type\":\"ListItem\",\"position\":3,\"name\":\"Nuga &#8220;MUSHROOM HUNTING&#8221; seente korjamise nuga, mis on valmistatud sepistatud Damaskuse terasest.\"}]},{\"@type\":\"WebSite\",\"@id\":\"https:\\\/\\\/aaknives.eu\\\/et\\\/#website\",\"url\":\"https:\\\/\\\/aaknives.eu\\\/et\\\/\",\"name\":\"AAKnives\",\"description\":\"Handmade knives\",\"publisher\":{\"@id\":\"https:\\\/\\\/aaknives.eu\\\/et\\\/#organization\"},\"potentialAction\":[{\"@type\":\"SearchAction\",\"target\":{\"@type\":\"EntryPoint\",\"urlTemplate\":\"https:\\\/\\\/aaknives.eu\\\/et\\\/?s={search_term_string}\"},\"query-input\":{\"@type\":\"PropertyValueSpecification\",\"valueRequired\":true,\"valueName\":\"search_term_string\"}}],\"inLanguage\":\"et\"},{\"@type\":\"Organization\",\"@id\":\"https:\\\/\\\/aaknives.eu\\\/et\\\/#organization\",\"name\":\"AAKnives\",\"url\":\"https:\\\/\\\/aaknives.eu\\\/et\\\/\",\"logo\":{\"@type\":\"ImageObject\",\"inLanguage\":\"et\",\"@id\":\"https:\\\/\\\/aaknives.eu\\\/et\\\/#\\\/schema\\\/logo\\\/image\\\/\",\"url\":\"https:\\\/\\\/aaknives.eu\\\/wp-content\\\/uploads\\\/2021\\\/10\\\/AAknives_Logo_Green.png\",\"contentUrl\":\"https:\\\/\\\/aaknives.eu\\\/wp-content\\\/uploads\\\/2021\\\/10\\\/AAknives_Logo_Green.png\",\"width\":1768,\"height\":1768,\"caption\":\"AAKnives\"},\"image\":{\"@id\":\"https:\\\/\\\/aaknives.eu\\\/et\\\/#\\\/schema\\\/logo\\\/image\\\/\"},\"sameAs\":[\"https:\\\/\\\/www.facebook.com\\\/aaknives.eu\\\/\",\"https:\\\/\\\/www.instagram.com\\\/aaknives\\\/\",\"https:\\\/\\\/www.pinterest.com\\\/aa_knives\\\/\",\"https:\\\/\\\/www.youtube.com\\\/channel\\\/UCHOQFjrOkgT6s4FIw9LDKyw\\\/featured\"]}]}<\/script>\n<!-- \/ Yoast SEO plugin. -->","yoast_head_json":{"title":"Nuga \"MUSHROOM HUNTING\" seente korjamise nuga, mis on valmistatud sepistatud Damaskuse terasest. - AAKnives","description":"K\u00e4sit\u00f6\u00f6na sepistatud Damaskuse terasest tera, mis on loodud erineva k\u00f5vaduse ja viskoossusega teraste pakendist, mis volditakse plaadiks kindlas j\u00e4rjekorras.","robots":{"index":"index","follow":"follow","max-snippet":"max-snippet:-1","max-image-preview":"max-image-preview:large","max-video-preview":"max-video-preview:-1"},"canonical":"https:\/\/aaknives.eu\/et\/product\/nuga-mushroom-hunting-seente-korjamise-nuga-mis-on-valmistatud-sepistatud-damaskuse-terasest-2\/","og_locale":"et_EE","og_type":"article","og_title":"Nuga \"MUSHROOM HUNTING\" seente korjamise nuga, mis on valmistatud sepistatud Damaskuse terasest. - AAKnives","og_description":"K\u00e4sit\u00f6\u00f6na sepistatud Damaskuse terasest tera, mis on loodud erineva k\u00f5vaduse ja viskoossusega teraste pakendist, mis volditakse plaadiks kindlas j\u00e4rjekorras.","og_url":"https:\/\/aaknives.eu\/et\/product\/nuga-mushroom-hunting-seente-korjamise-nuga-mis-on-valmistatud-sepistatud-damaskuse-terasest-2\/","og_site_name":"AAKnives","article_publisher":"https:\/\/www.facebook.com\/aaknives.eu\/","article_modified_time":"2026-04-29T16:35:54+00:00","og_image":[{"width":1020,"height":880,"url":"https:\/\/aaknives.eu\/wp-content\/uploads\/2024\/10\/aaknives-hand-forged-damascus-steel-blade-knife-handmade-custom-made-knife-handcrafted-knives-autinetools-northmen-89.jpg","type":"image\/jpeg"}],"twitter_card":"summary_large_image","twitter_misc":{"Est. reading time":"1 minut"},"schema":{"@context":"https:\/\/schema.org","@graph":[{"@type":"WebPage","@id":"https:\/\/aaknives.eu\/et\/product\/nuga-mushroom-hunting-seente-korjamise-nuga-mis-on-valmistatud-sepistatud-damaskuse-terasest-2\/","url":"https:\/\/aaknives.eu\/et\/product\/nuga-mushroom-hunting-seente-korjamise-nuga-mis-on-valmistatud-sepistatud-damaskuse-terasest-2\/","name":"Nuga \"MUSHROOM HUNTING\" seente korjamise nuga, mis on valmistatud sepistatud Damaskuse terasest. - AAKnives","isPartOf":{"@id":"https:\/\/aaknives.eu\/et\/#website"},"primaryImageOfPage":{"@id":"https:\/\/aaknives.eu\/et\/product\/nuga-mushroom-hunting-seente-korjamise-nuga-mis-on-valmistatud-sepistatud-damaskuse-terasest-2\/#primaryimage"},"image":{"@id":"https:\/\/aaknives.eu\/et\/product\/nuga-mushroom-hunting-seente-korjamise-nuga-mis-on-valmistatud-sepistatud-damaskuse-terasest-2\/#primaryimage"},"thumbnailUrl":"https:\/\/aaknives.eu\/wp-content\/uploads\/2024\/10\/aaknives-hand-forged-damascus-steel-blade-knife-handmade-custom-made-knife-handcrafted-knives-autinetools-northmen-89.jpg","datePublished":"2024-10-29T02:01:47+00:00","dateModified":"2026-04-29T16:35:54+00:00","description":"K\u00e4sit\u00f6\u00f6na sepistatud Damaskuse terasest tera, mis on loodud erineva k\u00f5vaduse ja viskoossusega teraste pakendist, mis volditakse plaadiks kindlas j\u00e4rjekorras.","breadcrumb":{"@id":"https:\/\/aaknives.eu\/et\/product\/nuga-mushroom-hunting-seente-korjamise-nuga-mis-on-valmistatud-sepistatud-damaskuse-terasest-2\/#breadcrumb"},"inLanguage":"et","potentialAction":[{"@type":"ReadAction","target":["https:\/\/aaknives.eu\/et\/product\/nuga-mushroom-hunting-seente-korjamise-nuga-mis-on-valmistatud-sepistatud-damaskuse-terasest-2\/"]}]},{"@type":"ImageObject","inLanguage":"et","@id":"https:\/\/aaknives.eu\/et\/product\/nuga-mushroom-hunting-seente-korjamise-nuga-mis-on-valmistatud-sepistatud-damaskuse-terasest-2\/#primaryimage","url":"https:\/\/aaknives.eu\/wp-content\/uploads\/2024\/10\/aaknives-hand-forged-damascus-steel-blade-knife-handmade-custom-made-knife-handcrafted-knives-autinetools-northmen-89.jpg","contentUrl":"https:\/\/aaknives.eu\/wp-content\/uploads\/2024\/10\/aaknives-hand-forged-damascus-steel-blade-knife-handmade-custom-made-knife-handcrafted-knives-autinetools-northmen-89.jpg","width":1020,"height":880},{"@type":"BreadcrumbList","@id":"https:\/\/aaknives.eu\/et\/product\/nuga-mushroom-hunting-seente-korjamise-nuga-mis-on-valmistatud-sepistatud-damaskuse-terasest-2\/#breadcrumb","itemListElement":[{"@type":"ListItem","position":1,"name":"Home","item":"https:\/\/aaknives.eu\/et\/kodu\/"},{"@type":"ListItem","position":2,"name":"Kauplus","item":"https:\/\/aaknives.eu\/et\/kauplus\/"},{"@type":"ListItem","position":3,"name":"Nuga &#8220;MUSHROOM HUNTING&#8221; seente korjamise nuga, mis on valmistatud sepistatud Damaskuse terasest."}]},{"@type":"WebSite","@id":"https:\/\/aaknives.eu\/et\/#website","url":"https:\/\/aaknives.eu\/et\/","name":"AAKnives","description":"Handmade knives","publisher":{"@id":"https:\/\/aaknives.eu\/et\/#organization"},"potentialAction":[{"@type":"SearchAction","target":{"@type":"EntryPoint","urlTemplate":"https:\/\/aaknives.eu\/et\/?s={search_term_string}"},"query-input":{"@type":"PropertyValueSpecification","valueRequired":true,"valueName":"search_term_string"}}],"inLanguage":"et"},{"@type":"Organization","@id":"https:\/\/aaknives.eu\/et\/#organization","name":"AAKnives","url":"https:\/\/aaknives.eu\/et\/","logo":{"@type":"ImageObject","inLanguage":"et","@id":"https:\/\/aaknives.eu\/et\/#\/schema\/logo\/image\/","url":"https:\/\/aaknives.eu\/wp-content\/uploads\/2021\/10\/AAknives_Logo_Green.png","contentUrl":"https:\/\/aaknives.eu\/wp-content\/uploads\/2021\/10\/AAknives_Logo_Green.png","width":1768,"height":1768,"caption":"AAKnives"},"image":{"@id":"https:\/\/aaknives.eu\/et\/#\/schema\/logo\/image\/"},"sameAs":["https:\/\/www.facebook.com\/aaknives.eu\/","https:\/\/www.instagram.com\/aaknives\/","https:\/\/www.pinterest.com\/aa_knives\/","https:\/\/www.youtube.com\/channel\/UCHOQFjrOkgT6s4FIw9LDKyw\/featured"]}]}},"_links":{"self":[{"href":"https:\/\/aaknives.eu\/et\/wp-json\/wp\/v2\/product\/89534","targetHints":{"allow":["GET"]}}],"collection":[{"href":"https:\/\/aaknives.eu\/et\/wp-json\/wp\/v2\/product"}],"about":[{"href":"https:\/\/aaknives.eu\/et\/wp-json\/wp\/v2\/types\/product"}],"wp:featuredmedia":[{"embeddable":true,"href":"https:\/\/aaknives.eu\/et\/wp-json\/wp\/v2\/media\/109458"}],"wp:attachment":[{"href":"https:\/\/aaknives.eu\/et\/wp-json\/wp\/v2\/media?parent=89534"}],"wp:term":[{"taxonomy":"product_brand","embeddable":true,"href":"https:\/\/aaknives.eu\/et\/wp-json\/wp\/v2\/product_brand?post=89534"},{"taxonomy":"product_cat","embeddable":true,"href":"https:\/\/aaknives.eu\/et\/wp-json\/wp\/v2\/product_cat?post=89534"},{"taxonomy":"product_tag","embeddable":true,"href":"https:\/\/aaknives.eu\/et\/wp-json\/wp\/v2\/product_tag?post=89534"}],"curies":[{"name":"wp","href":"https:\/\/api.w.org\/{rel}","templated":true}]}}