{"id":89543,"date":"2024-10-29T02:00:56","date_gmt":"2024-10-29T02:00:56","guid":{"rendered":"https:\/\/aaknives.eu\/?post_type=product&#038;p=89543"},"modified":"2025-03-28T12:50:45","modified_gmt":"2025-03-28T12:50:45","slug":"pioneer","status":"publish","type":"product","link":"https:\/\/aaknives.eu\/et\/product\/pioneer\/","title":{"rendered":"Pioneer"},"content":{"rendered":"<p>Noaterituss\u00fcsteem TSPROF Pioneer on usaldusv\u00e4\u00e4rne ja praktiline abiline kodusel nugade teritamisel. Kasutamise lihtsus ja elementide intuitiivne paigutus on selles \u00fchendatud stiilse v\u00e4limusega:<br \/>\nUniversaalsed klambrid v\u00f5imaldavad teritada voltimis-, k\u00f6\u00f6gi-, reisinuge ja multit\u00f6\u00f6riistu. S\u00f5ltuvalt tera suurusest saab klambreid liigutada raami piludes.<br \/>\nTSPROF Pioneer teritaja p\u00f6\u00f6rlev mehhanism aitab hoida noa m\u00f5lemal k\u00fcljel sama teritusnurka. P\u00f6\u00f6rdhoob v\u00f5imaldab p\u00e4rast vajaliku nurga seadistamist p\u00f6\u00f6rdseadme kinnituse kindlalt fikseerida.<br \/>\nNurga reguleerimise telg liigub sujuvalt lennukialumiiniumisulamist freesitud raami sees. Kummir\u00f5nga abil saate h\u00f5lpsalt j\u00e4lgida ja kompenseerida teritusnurga muutust erineva paksusega abrasiividega t\u00f6\u00f6tamisel.<br \/>\nT\u00e4nu terasplatvormile on v\u00f5imalik t\u00f6\u00f6tada elektroonilise goniomeetriga Axicube One (re\u017eiimis P2) ja teiste magnetalusega elektrooniliste goniomeetritega.<br \/>\nAbrasiivhoidik on m\u00f5eldud tavaliste abrasiivkivide jaoks pikkusega 150 mm, vormil. Hoidiku vedruga stopper aitab kiiresti abrasiivi vahetada.<br \/>\nNoa p\u00f6\u00f6ramise, abrasiivi vahetamise ja kivi puhtuse visuaalse kontrolli h\u00f5lbustamiseks on ette n\u00e4htud abrasiivihoidiku parkimine.<br \/>\nPuidust kuulk\u00e4epide mahub mugavalt k\u00e4tte, et abrasiivi liikumist paremini kontrollida.<br \/>\nAbrasiivne k\u00e4igupiiraja koos siibriga ei lase abrasiivsel kivil noa k\u00fcljest lahti rebida.<br \/>\nS\u00e4ilitamise h\u00f5lbustamiseks on ette n\u00e4htud seadme raami eemaldamine ja korpuse kokkuklapitamine.<br \/>\nAluse m\u00f5\u00f5dud kokkupanduna: 11\u00d712 \u00d7 3,5 cm.<br \/>\nTSPROF Pioneer kaalub vaid 1,4 kg \u2013 see on meie teritusseadmetest k\u00f5ige kergem. Laua k\u00fclge kinnitamiseks kasutatakse klambrit (kaasas komplektina). \u00dchtne alus v\u00f5imaldab s\u00fcsteeme paigaldada K03 profiilstendisse.<br \/>\nTeritusnoad TSPROF Pioneeril on mugavad nii vasaku- kui paremak\u00e4elistele, k\u00f5ik seadme elemendid saab asetada vasaku k\u00e4e alla v\u00f5i parema k\u00e4e alla.<\/p>\n","protected":false},"excerpt":{"rendered":"<p>Noaterituss\u00fcsteem TSPROF Pioneer on usaldusv\u00e4\u00e4rne ja praktiline abiline kodusel nugade teritamisel. Kasutamise lihtsus ja elementide intuitiivne paigutus on selles \u00fchendatud stiilse v\u00e4limusega: Universaalsed klambrid v\u00f5imaldavad teritada voltimis-, k\u00f6\u00f6gi-, reisinuge ja multit\u00f6\u00f6riistu. S\u00f5ltuvalt tera suurusest saab klambreid liigutada raami piludes. TSPROF Pioneer teritaja p\u00f6\u00f6rlev mehhanism aitab hoida noa m\u00f5lemal k\u00fcljel sama teritusnurka. P\u00f6\u00f6rdhoob v\u00f5imaldab p\u00e4rast vajaliku nurga seadistamist p\u00f6\u00f6rdseadme kinnituse kindlalt fikseerida. Nurga reguleerimise telg liigub sujuvalt lennukialumiiniumisulamist freesitud raami sees. Kummir\u00f5nga abil saate h\u00f5lpsalt j\u00e4lgida ja kompenseerida teritusnurga muutust erineva paksusega abrasiividega t\u00f6\u00f6tamisel. T\u00e4nu terasplatvormile on v\u00f5imalik t\u00f6\u00f6tada elektroonilise goniomeetriga Axicube One (re\u017eiimis P2) ja teiste magnetalusega elektrooniliste goniomeetritega. Abrasiivhoidik&hellip;<\/p>\n","protected":false},"featured_media":94965,"template":"","meta":{"_themeisle_gutenberg_block_has_review":false},"product_brand":[],"product_cat":[340,351],"product_tag":[],"class_list":{"0":"post-89543","1":"product","2":"type-product","3":"status-publish","4":"has-post-thumbnail","6":"product_cat-muugil","7":"product_cat-nugade-teritamine-noateritajad","9":"first","10":"instock","11":"sale","12":"shipping-taxable","13":"purchasable","14":"product-type-simple"},"yoast_head":"<!-- This site is optimized with the Yoast SEO plugin v27.3 - https:\/\/yoast.com\/product\/yoast-seo-wordpress\/ -->\n<title>Pioneer - AAKnives<\/title>\n<meta name=\"description\" content=\"TSPROF Pioneer nugade terituss\u00fcsteem\" \/>\n<meta name=\"robots\" content=\"index, follow, max-snippet:-1, max-image-preview:large, max-video-preview:-1\" \/>\n<link rel=\"canonical\" href=\"https:\/\/aaknives.eu\/et\/product\/pioneer\/\" \/>\n<meta property=\"og:locale\" content=\"et_EE\" \/>\n<meta property=\"og:type\" content=\"article\" \/>\n<meta property=\"og:title\" content=\"Pioneer - AAKnives\" \/>\n<meta property=\"og:description\" content=\"TSPROF Pioneer nugade terituss\u00fcsteem\" \/>\n<meta property=\"og:url\" content=\"https:\/\/aaknives.eu\/et\/product\/pioneer\/\" \/>\n<meta property=\"og:site_name\" content=\"AAKnives\" \/>\n<meta property=\"article:publisher\" content=\"https:\/\/www.facebook.com\/aaknives.eu\/\" \/>\n<meta property=\"article:modified_time\" content=\"2025-03-28T12:50:45+00:00\" \/>\n<meta property=\"og:image\" content=\"https:\/\/aaknives.eu\/wp-content\/uploads\/2024\/10\/aaknives-hand-forged-dabascus-steel-blade-knife-handmade-custom-made-knife-handcrafted-knives-autinetools-northmen-71.webp\" \/>\n\t<meta property=\"og:image:width\" content=\"1680\" \/>\n\t<meta property=\"og:image:height\" content=\"1680\" \/>\n\t<meta property=\"og:image:type\" content=\"image\/webp\" \/>\n<meta name=\"twitter:card\" content=\"summary_large_image\" \/>\n<meta name=\"twitter:label1\" content=\"Est. reading time\" \/>\n\t<meta name=\"twitter:data1\" content=\"1 minut\" \/>\n<script type=\"application\/ld+json\" class=\"yoast-schema-graph\">{\"@context\":\"https:\\\/\\\/schema.org\",\"@graph\":[{\"@type\":\"WebPage\",\"@id\":\"https:\\\/\\\/aaknives.eu\\\/et\\\/product\\\/pioneer\\\/\",\"url\":\"https:\\\/\\\/aaknives.eu\\\/et\\\/product\\\/pioneer\\\/\",\"name\":\"Pioneer - AAKnives\",\"isPartOf\":{\"@id\":\"https:\\\/\\\/aaknives.eu\\\/et\\\/#website\"},\"primaryImageOfPage\":{\"@id\":\"https:\\\/\\\/aaknives.eu\\\/et\\\/product\\\/pioneer\\\/#primaryimage\"},\"image\":{\"@id\":\"https:\\\/\\\/aaknives.eu\\\/et\\\/product\\\/pioneer\\\/#primaryimage\"},\"thumbnailUrl\":\"https:\\\/\\\/aaknives.eu\\\/wp-content\\\/uploads\\\/2024\\\/10\\\/aaknives-hand-forged-dabascus-steel-blade-knife-handmade-custom-made-knife-handcrafted-knives-autinetools-northmen-71.webp\",\"datePublished\":\"2024-10-29T02:00:56+00:00\",\"dateModified\":\"2025-03-28T12:50:45+00:00\",\"description\":\"TSPROF Pioneer nugade terituss\u00fcsteem\",\"breadcrumb\":{\"@id\":\"https:\\\/\\\/aaknives.eu\\\/et\\\/product\\\/pioneer\\\/#breadcrumb\"},\"inLanguage\":\"et\",\"potentialAction\":[{\"@type\":\"ReadAction\",\"target\":[\"https:\\\/\\\/aaknives.eu\\\/et\\\/product\\\/pioneer\\\/\"]}]},{\"@type\":\"ImageObject\",\"inLanguage\":\"et\",\"@id\":\"https:\\\/\\\/aaknives.eu\\\/et\\\/product\\\/pioneer\\\/#primaryimage\",\"url\":\"https:\\\/\\\/aaknives.eu\\\/wp-content\\\/uploads\\\/2024\\\/10\\\/aaknives-hand-forged-dabascus-steel-blade-knife-handmade-custom-made-knife-handcrafted-knives-autinetools-northmen-71.webp\",\"contentUrl\":\"https:\\\/\\\/aaknives.eu\\\/wp-content\\\/uploads\\\/2024\\\/10\\\/aaknives-hand-forged-dabascus-steel-blade-knife-handmade-custom-made-knife-handcrafted-knives-autinetools-northmen-71.webp\",\"width\":1680,\"height\":1680},{\"@type\":\"BreadcrumbList\",\"@id\":\"https:\\\/\\\/aaknives.eu\\\/et\\\/product\\\/pioneer\\\/#breadcrumb\",\"itemListElement\":[{\"@type\":\"ListItem\",\"position\":1,\"name\":\"Home\",\"item\":\"https:\\\/\\\/aaknives.eu\\\/et\\\/kodu\\\/\"},{\"@type\":\"ListItem\",\"position\":2,\"name\":\"Kauplus\",\"item\":\"https:\\\/\\\/aaknives.eu\\\/et\\\/kauplus\\\/\"},{\"@type\":\"ListItem\",\"position\":3,\"name\":\"Pioneer\"}]},{\"@type\":\"WebSite\",\"@id\":\"https:\\\/\\\/aaknives.eu\\\/et\\\/#website\",\"url\":\"https:\\\/\\\/aaknives.eu\\\/et\\\/\",\"name\":\"AAKnives\",\"description\":\"Handmade knives\",\"publisher\":{\"@id\":\"https:\\\/\\\/aaknives.eu\\\/et\\\/#organization\"},\"potentialAction\":[{\"@type\":\"SearchAction\",\"target\":{\"@type\":\"EntryPoint\",\"urlTemplate\":\"https:\\\/\\\/aaknives.eu\\\/et\\\/?s={search_term_string}\"},\"query-input\":{\"@type\":\"PropertyValueSpecification\",\"valueRequired\":true,\"valueName\":\"search_term_string\"}}],\"inLanguage\":\"et\"},{\"@type\":\"Organization\",\"@id\":\"https:\\\/\\\/aaknives.eu\\\/et\\\/#organization\",\"name\":\"AAKnives\",\"url\":\"https:\\\/\\\/aaknives.eu\\\/et\\\/\",\"logo\":{\"@type\":\"ImageObject\",\"inLanguage\":\"et\",\"@id\":\"https:\\\/\\\/aaknives.eu\\\/et\\\/#\\\/schema\\\/logo\\\/image\\\/\",\"url\":\"https:\\\/\\\/aaknives.eu\\\/wp-content\\\/uploads\\\/2021\\\/10\\\/AAknives_Logo_Green.png\",\"contentUrl\":\"https:\\\/\\\/aaknives.eu\\\/wp-content\\\/uploads\\\/2021\\\/10\\\/AAknives_Logo_Green.png\",\"width\":1768,\"height\":1768,\"caption\":\"AAKnives\"},\"image\":{\"@id\":\"https:\\\/\\\/aaknives.eu\\\/et\\\/#\\\/schema\\\/logo\\\/image\\\/\"},\"sameAs\":[\"https:\\\/\\\/www.facebook.com\\\/aaknives.eu\\\/\",\"https:\\\/\\\/www.instagram.com\\\/aaknives\\\/\",\"https:\\\/\\\/www.pinterest.com\\\/aa_knives\\\/\",\"https:\\\/\\\/www.youtube.com\\\/channel\\\/UCHOQFjrOkgT6s4FIw9LDKyw\\\/featured\"]}]}<\/script>\n<!-- \/ Yoast SEO plugin. -->","yoast_head_json":{"title":"Pioneer - AAKnives","description":"TSPROF Pioneer nugade terituss\u00fcsteem","robots":{"index":"index","follow":"follow","max-snippet":"max-snippet:-1","max-image-preview":"max-image-preview:large","max-video-preview":"max-video-preview:-1"},"canonical":"https:\/\/aaknives.eu\/et\/product\/pioneer\/","og_locale":"et_EE","og_type":"article","og_title":"Pioneer - AAKnives","og_description":"TSPROF Pioneer nugade terituss\u00fcsteem","og_url":"https:\/\/aaknives.eu\/et\/product\/pioneer\/","og_site_name":"AAKnives","article_publisher":"https:\/\/www.facebook.com\/aaknives.eu\/","article_modified_time":"2025-03-28T12:50:45+00:00","og_image":[{"width":1680,"height":1680,"url":"https:\/\/aaknives.eu\/wp-content\/uploads\/2024\/10\/aaknives-hand-forged-dabascus-steel-blade-knife-handmade-custom-made-knife-handcrafted-knives-autinetools-northmen-71.webp","type":"image\/webp"}],"twitter_card":"summary_large_image","twitter_misc":{"Est. reading time":"1 minut"},"schema":{"@context":"https:\/\/schema.org","@graph":[{"@type":"WebPage","@id":"https:\/\/aaknives.eu\/et\/product\/pioneer\/","url":"https:\/\/aaknives.eu\/et\/product\/pioneer\/","name":"Pioneer - AAKnives","isPartOf":{"@id":"https:\/\/aaknives.eu\/et\/#website"},"primaryImageOfPage":{"@id":"https:\/\/aaknives.eu\/et\/product\/pioneer\/#primaryimage"},"image":{"@id":"https:\/\/aaknives.eu\/et\/product\/pioneer\/#primaryimage"},"thumbnailUrl":"https:\/\/aaknives.eu\/wp-content\/uploads\/2024\/10\/aaknives-hand-forged-dabascus-steel-blade-knife-handmade-custom-made-knife-handcrafted-knives-autinetools-northmen-71.webp","datePublished":"2024-10-29T02:00:56+00:00","dateModified":"2025-03-28T12:50:45+00:00","description":"TSPROF Pioneer nugade terituss\u00fcsteem","breadcrumb":{"@id":"https:\/\/aaknives.eu\/et\/product\/pioneer\/#breadcrumb"},"inLanguage":"et","potentialAction":[{"@type":"ReadAction","target":["https:\/\/aaknives.eu\/et\/product\/pioneer\/"]}]},{"@type":"ImageObject","inLanguage":"et","@id":"https:\/\/aaknives.eu\/et\/product\/pioneer\/#primaryimage","url":"https:\/\/aaknives.eu\/wp-content\/uploads\/2024\/10\/aaknives-hand-forged-dabascus-steel-blade-knife-handmade-custom-made-knife-handcrafted-knives-autinetools-northmen-71.webp","contentUrl":"https:\/\/aaknives.eu\/wp-content\/uploads\/2024\/10\/aaknives-hand-forged-dabascus-steel-blade-knife-handmade-custom-made-knife-handcrafted-knives-autinetools-northmen-71.webp","width":1680,"height":1680},{"@type":"BreadcrumbList","@id":"https:\/\/aaknives.eu\/et\/product\/pioneer\/#breadcrumb","itemListElement":[{"@type":"ListItem","position":1,"name":"Home","item":"https:\/\/aaknives.eu\/et\/kodu\/"},{"@type":"ListItem","position":2,"name":"Kauplus","item":"https:\/\/aaknives.eu\/et\/kauplus\/"},{"@type":"ListItem","position":3,"name":"Pioneer"}]},{"@type":"WebSite","@id":"https:\/\/aaknives.eu\/et\/#website","url":"https:\/\/aaknives.eu\/et\/","name":"AAKnives","description":"Handmade knives","publisher":{"@id":"https:\/\/aaknives.eu\/et\/#organization"},"potentialAction":[{"@type":"SearchAction","target":{"@type":"EntryPoint","urlTemplate":"https:\/\/aaknives.eu\/et\/?s={search_term_string}"},"query-input":{"@type":"PropertyValueSpecification","valueRequired":true,"valueName":"search_term_string"}}],"inLanguage":"et"},{"@type":"Organization","@id":"https:\/\/aaknives.eu\/et\/#organization","name":"AAKnives","url":"https:\/\/aaknives.eu\/et\/","logo":{"@type":"ImageObject","inLanguage":"et","@id":"https:\/\/aaknives.eu\/et\/#\/schema\/logo\/image\/","url":"https:\/\/aaknives.eu\/wp-content\/uploads\/2021\/10\/AAknives_Logo_Green.png","contentUrl":"https:\/\/aaknives.eu\/wp-content\/uploads\/2021\/10\/AAknives_Logo_Green.png","width":1768,"height":1768,"caption":"AAKnives"},"image":{"@id":"https:\/\/aaknives.eu\/et\/#\/schema\/logo\/image\/"},"sameAs":["https:\/\/www.facebook.com\/aaknives.eu\/","https:\/\/www.instagram.com\/aaknives\/","https:\/\/www.pinterest.com\/aa_knives\/","https:\/\/www.youtube.com\/channel\/UCHOQFjrOkgT6s4FIw9LDKyw\/featured"]}]}},"_links":{"self":[{"href":"https:\/\/aaknives.eu\/et\/wp-json\/wp\/v2\/product\/89543","targetHints":{"allow":["GET"]}}],"collection":[{"href":"https:\/\/aaknives.eu\/et\/wp-json\/wp\/v2\/product"}],"about":[{"href":"https:\/\/aaknives.eu\/et\/wp-json\/wp\/v2\/types\/product"}],"wp:featuredmedia":[{"embeddable":true,"href":"https:\/\/aaknives.eu\/et\/wp-json\/wp\/v2\/media\/94965"}],"wp:attachment":[{"href":"https:\/\/aaknives.eu\/et\/wp-json\/wp\/v2\/media?parent=89543"}],"wp:term":[{"taxonomy":"product_brand","embeddable":true,"href":"https:\/\/aaknives.eu\/et\/wp-json\/wp\/v2\/product_brand?post=89543"},{"taxonomy":"product_cat","embeddable":true,"href":"https:\/\/aaknives.eu\/et\/wp-json\/wp\/v2\/product_cat?post=89543"},{"taxonomy":"product_tag","embeddable":true,"href":"https:\/\/aaknives.eu\/et\/wp-json\/wp\/v2\/product_tag?post=89543"}],"curies":[{"name":"wp","href":"https:\/\/api.w.org\/{rel}","templated":true}]}}