{"id":89567,"date":"2024-10-29T01:59:13","date_gmt":"2024-10-29T01:59:13","guid":{"rendered":"https:\/\/aaknives.eu\/?post_type=product&#038;p=89567"},"modified":"2026-04-29T17:34:11","modified_gmt":"2026-04-29T17:34:11","slug":"nuga-kalamehe-nuga-sepistatud-roostevabast-terasest","status":"publish","type":"product","link":"https:\/\/aaknives.eu\/et\/product\/nuga-kalamehe-nuga-sepistatud-roostevabast-terasest\/","title":{"rendered":"Nuga Kalamehe nuga, sepistatud roostevabast terasest"},"content":{"rendered":"<p>Noa spetsifikatsioonid: Kalamehe nuga<br \/>\nTeras: sepistatud roostevabast terasest Sandvik 12C27<br \/>\nK\u00f5vadus: 56-58 HRC.<br \/>\nTera pikkus (mm): 120 \/ 4,72 tolli<br \/>\nTera paksus (mm): 2,5 \/ 0,09 tolli<br \/>\nTera laius (mm): 28 \/ 1,10 tolli<br \/>\nK\u00e4epide: stabiliseeritud Karjala kask<br \/>\nKogupikkus (mm): 240 \/ 9,44 tolli<\/p>\n<p>12C27 teras on osa Sandviki terase perekonnast. See on madalatasemeline k\u00f5rgkroomteras, mis on noat\u00f6\u00f6stuses v\u00e4ga populaarne, sest see pakub silmapaistvat kulumiskindlust, korrosioonikindlust ja suurt k\u00f5vadust &#8211; p\u00f5hilisi omadusi, mis loovad ideaalse noaterase.<\/p>\n<p>Lisaks omandab 12C27 teras teravuse suhteliselt kiiresti, erinevalt teistest k\u00f5rge kroomisisaldusega terastest, mille teravdamine v\u00f5tab karmide kroomkarbiidide t\u00f5ttu kaua aega. Sandvik 12C27 terast kasutatakse tavaliselt jahinugade, taskunugade, kalanugade, matkanugade, taktikaliste nugade, uisutera ja j\u00e4\u00e4puuride valmistamisel.<\/p>\n<p>T\u00e4nu k\u00f5rgele kroomisisaldusele on 12C27 teras korrosiooni- ja roostekindel. Kuna see on valmistatud roostevabast terasest, on see ka plekikindel.<\/p>\n<p>Kuid te ei saa oodata, et see terasest valmistatud nuga j\u00e4\u00e4b vees p\u00e4evade jooksul roosteta. Kui soovite, et sellest terasest terad s\u00e4iliksid aastak\u00fcmneid, peate need p\u00e4rast iga kasutamist v\u00f5i kui kavatsete neid pikema aja jooksul ladustada, kuivatama ja \u00f5litama.<\/p>\n<p>&nbsp;<\/p>\n<p>&nbsp;<\/p>\n","protected":false},"excerpt":{"rendered":"<p>Noa spetsifikatsioonid: Kalamehe nuga Teras: sepistatud roostevabast terasest Sandvik 12C27 K\u00f5vadus: 56-58 HRC. Tera pikkus (mm): 120 \/ 4,72 tolli Tera paksus (mm): 2,5 \/ 0,09 tolli Tera laius (mm): 28 \/ 1,10 tolli K\u00e4epide: stabiliseeritud Karjala kask Kogupikkus (mm): 240 \/ 9,44 tolli 12C27 teras on osa Sandviki terase perekonnast. See on madalatasemeline k\u00f5rgkroomteras, mis on noat\u00f6\u00f6stuses v\u00e4ga populaarne, sest see pakub silmapaistvat kulumiskindlust, korrosioonikindlust ja suurt k\u00f5vadust &#8211; p\u00f5hilisi omadusi, mis loovad ideaalse noaterase. Lisaks omandab 12C27 teras teravuse suhteliselt kiiresti, erinevalt teistest k\u00f5rge kroomisisaldusega terastest, mille teravdamine v\u00f5tab karmide kroomkarbiidide t\u00f5ttu kaua aega. Sandvik 12C27 terast kasutatakse&hellip;<\/p>\n","protected":false},"featured_media":109805,"template":"","meta":{"_themeisle_gutenberg_block_has_review":false},"product_brand":[],"product_cat":[345,346,349],"product_tag":[],"class_list":{"0":"post-89567","1":"product","2":"type-product","3":"status-publish","4":"has-post-thumbnail","6":"product_cat-jahinoad","7":"product_cat-matkanoad","8":"product_cat-taismetallist-noad","10":"first","11":"instock","12":"shipping-taxable","13":"purchasable","14":"product-type-simple"},"yoast_head":"<!-- This site is optimized with the Yoast SEO plugin v27.5 - https:\/\/yoast.com\/product\/yoast-seo-wordpress\/ -->\n<title>Nuga Kalamehe nuga, sepistatud roostevabast terasest - AAKnives<\/title>\n<meta name=\"description\" content=\"Nuga &#039;&#039;12C27&#039;&#039;, jahi- ja v\u00e4litingimustes kasutatav nuga, mis on valmistatud heast sepistatud roostevabast terasest.\" \/>\n<meta name=\"robots\" content=\"index, follow, max-snippet:-1, max-image-preview:large, max-video-preview:-1\" \/>\n<link rel=\"canonical\" href=\"https:\/\/aaknives.eu\/et\/product\/nuga-kalamehe-nuga-sepistatud-roostevabast-terasest\/\" \/>\n<meta property=\"og:locale\" content=\"et_EE\" \/>\n<meta property=\"og:type\" content=\"article\" \/>\n<meta property=\"og:title\" content=\"Nuga Kalamehe nuga, sepistatud roostevabast terasest - AAKnives\" \/>\n<meta property=\"og:description\" content=\"Nuga &#039;&#039;12C27&#039;&#039;, jahi- ja v\u00e4litingimustes kasutatav nuga, mis on valmistatud heast sepistatud roostevabast terasest.\" \/>\n<meta property=\"og:url\" content=\"https:\/\/aaknives.eu\/et\/product\/nuga-kalamehe-nuga-sepistatud-roostevabast-terasest\/\" \/>\n<meta property=\"og:site_name\" content=\"AAKnives\" \/>\n<meta property=\"article:publisher\" content=\"https:\/\/www.facebook.com\/aaknives.eu\/\" \/>\n<meta property=\"article:modified_time\" content=\"2026-04-29T17:34:11+00:00\" \/>\n<meta property=\"og:image\" content=\"https:\/\/aaknives.eu\/wp-content\/uploads\/2024\/10\/aaknives-hand-forged-damascus-steel-blade-knife-handmade-custom-made-knife-handcrafted-knives-autinetools-northmen-94.jpg\" \/>\n\t<meta property=\"og:image:width\" content=\"1020\" \/>\n\t<meta property=\"og:image:height\" content=\"880\" \/>\n\t<meta property=\"og:image:type\" content=\"image\/jpeg\" \/>\n<meta name=\"twitter:card\" content=\"summary_large_image\" \/>\n<meta name=\"twitter:label1\" content=\"Est. reading time\" \/>\n\t<meta name=\"twitter:data1\" content=\"1 minut\" \/>\n<script type=\"application\/ld+json\" class=\"yoast-schema-graph\">{\"@context\":\"https:\\\/\\\/schema.org\",\"@graph\":[{\"@type\":\"WebPage\",\"@id\":\"https:\\\/\\\/aaknives.eu\\\/et\\\/product\\\/nuga-kalamehe-nuga-sepistatud-roostevabast-terasest\\\/\",\"url\":\"https:\\\/\\\/aaknives.eu\\\/et\\\/product\\\/nuga-kalamehe-nuga-sepistatud-roostevabast-terasest\\\/\",\"name\":\"Nuga Kalamehe nuga, sepistatud roostevabast terasest - AAKnives\",\"isPartOf\":{\"@id\":\"https:\\\/\\\/aaknives.eu\\\/et\\\/#website\"},\"primaryImageOfPage\":{\"@id\":\"https:\\\/\\\/aaknives.eu\\\/et\\\/product\\\/nuga-kalamehe-nuga-sepistatud-roostevabast-terasest\\\/#primaryimage\"},\"image\":{\"@id\":\"https:\\\/\\\/aaknives.eu\\\/et\\\/product\\\/nuga-kalamehe-nuga-sepistatud-roostevabast-terasest\\\/#primaryimage\"},\"thumbnailUrl\":\"https:\\\/\\\/aaknives.eu\\\/wp-content\\\/uploads\\\/2024\\\/10\\\/aaknives-hand-forged-damascus-steel-blade-knife-handmade-custom-made-knife-handcrafted-knives-autinetools-northmen-94.jpg\",\"datePublished\":\"2024-10-29T01:59:13+00:00\",\"dateModified\":\"2026-04-29T17:34:11+00:00\",\"description\":\"Nuga ''12C27'', jahi- ja v\u00e4litingimustes kasutatav nuga, mis on valmistatud heast sepistatud roostevabast terasest.\",\"breadcrumb\":{\"@id\":\"https:\\\/\\\/aaknives.eu\\\/et\\\/product\\\/nuga-kalamehe-nuga-sepistatud-roostevabast-terasest\\\/#breadcrumb\"},\"inLanguage\":\"et\",\"potentialAction\":[{\"@type\":\"ReadAction\",\"target\":[\"https:\\\/\\\/aaknives.eu\\\/et\\\/product\\\/nuga-kalamehe-nuga-sepistatud-roostevabast-terasest\\\/\"]}]},{\"@type\":\"ImageObject\",\"inLanguage\":\"et\",\"@id\":\"https:\\\/\\\/aaknives.eu\\\/et\\\/product\\\/nuga-kalamehe-nuga-sepistatud-roostevabast-terasest\\\/#primaryimage\",\"url\":\"https:\\\/\\\/aaknives.eu\\\/wp-content\\\/uploads\\\/2024\\\/10\\\/aaknives-hand-forged-damascus-steel-blade-knife-handmade-custom-made-knife-handcrafted-knives-autinetools-northmen-94.jpg\",\"contentUrl\":\"https:\\\/\\\/aaknives.eu\\\/wp-content\\\/uploads\\\/2024\\\/10\\\/aaknives-hand-forged-damascus-steel-blade-knife-handmade-custom-made-knife-handcrafted-knives-autinetools-northmen-94.jpg\",\"width\":1020,\"height\":880},{\"@type\":\"BreadcrumbList\",\"@id\":\"https:\\\/\\\/aaknives.eu\\\/et\\\/product\\\/nuga-kalamehe-nuga-sepistatud-roostevabast-terasest\\\/#breadcrumb\",\"itemListElement\":[{\"@type\":\"ListItem\",\"position\":1,\"name\":\"Home\",\"item\":\"https:\\\/\\\/aaknives.eu\\\/et\\\/kodu\\\/\"},{\"@type\":\"ListItem\",\"position\":2,\"name\":\"Kauplus\",\"item\":\"https:\\\/\\\/aaknives.eu\\\/et\\\/kauplus\\\/\"},{\"@type\":\"ListItem\",\"position\":3,\"name\":\"Nuga Kalamehe nuga, sepistatud roostevabast terasest\"}]},{\"@type\":\"WebSite\",\"@id\":\"https:\\\/\\\/aaknives.eu\\\/et\\\/#website\",\"url\":\"https:\\\/\\\/aaknives.eu\\\/et\\\/\",\"name\":\"AAKnives\",\"description\":\"Handmade knives\",\"publisher\":{\"@id\":\"https:\\\/\\\/aaknives.eu\\\/et\\\/#organization\"},\"potentialAction\":[{\"@type\":\"SearchAction\",\"target\":{\"@type\":\"EntryPoint\",\"urlTemplate\":\"https:\\\/\\\/aaknives.eu\\\/et\\\/?s={search_term_string}\"},\"query-input\":{\"@type\":\"PropertyValueSpecification\",\"valueRequired\":true,\"valueName\":\"search_term_string\"}}],\"inLanguage\":\"et\"},{\"@type\":\"Organization\",\"@id\":\"https:\\\/\\\/aaknives.eu\\\/et\\\/#organization\",\"name\":\"AAKnives\",\"url\":\"https:\\\/\\\/aaknives.eu\\\/et\\\/\",\"logo\":{\"@type\":\"ImageObject\",\"inLanguage\":\"et\",\"@id\":\"https:\\\/\\\/aaknives.eu\\\/et\\\/#\\\/schema\\\/logo\\\/image\\\/\",\"url\":\"https:\\\/\\\/aaknives.eu\\\/wp-content\\\/uploads\\\/2021\\\/10\\\/AAknives_Logo_Green.png\",\"contentUrl\":\"https:\\\/\\\/aaknives.eu\\\/wp-content\\\/uploads\\\/2021\\\/10\\\/AAknives_Logo_Green.png\",\"width\":1768,\"height\":1768,\"caption\":\"AAKnives\"},\"image\":{\"@id\":\"https:\\\/\\\/aaknives.eu\\\/et\\\/#\\\/schema\\\/logo\\\/image\\\/\"},\"sameAs\":[\"https:\\\/\\\/www.facebook.com\\\/aaknives.eu\\\/\",\"https:\\\/\\\/www.instagram.com\\\/aaknives\\\/\",\"https:\\\/\\\/www.pinterest.com\\\/aa_knives\\\/\",\"https:\\\/\\\/www.youtube.com\\\/channel\\\/UCHOQFjrOkgT6s4FIw9LDKyw\\\/featured\"]}]}<\/script>\n<!-- \/ Yoast SEO plugin. -->","yoast_head_json":{"title":"Nuga Kalamehe nuga, sepistatud roostevabast terasest - AAKnives","description":"Nuga ''12C27'', jahi- ja v\u00e4litingimustes kasutatav nuga, mis on valmistatud heast sepistatud roostevabast terasest.","robots":{"index":"index","follow":"follow","max-snippet":"max-snippet:-1","max-image-preview":"max-image-preview:large","max-video-preview":"max-video-preview:-1"},"canonical":"https:\/\/aaknives.eu\/et\/product\/nuga-kalamehe-nuga-sepistatud-roostevabast-terasest\/","og_locale":"et_EE","og_type":"article","og_title":"Nuga Kalamehe nuga, sepistatud roostevabast terasest - AAKnives","og_description":"Nuga ''12C27'', jahi- ja v\u00e4litingimustes kasutatav nuga, mis on valmistatud heast sepistatud roostevabast terasest.","og_url":"https:\/\/aaknives.eu\/et\/product\/nuga-kalamehe-nuga-sepistatud-roostevabast-terasest\/","og_site_name":"AAKnives","article_publisher":"https:\/\/www.facebook.com\/aaknives.eu\/","article_modified_time":"2026-04-29T17:34:11+00:00","og_image":[{"width":1020,"height":880,"url":"https:\/\/aaknives.eu\/wp-content\/uploads\/2024\/10\/aaknives-hand-forged-damascus-steel-blade-knife-handmade-custom-made-knife-handcrafted-knives-autinetools-northmen-94.jpg","type":"image\/jpeg"}],"twitter_card":"summary_large_image","twitter_misc":{"Est. reading time":"1 minut"},"schema":{"@context":"https:\/\/schema.org","@graph":[{"@type":"WebPage","@id":"https:\/\/aaknives.eu\/et\/product\/nuga-kalamehe-nuga-sepistatud-roostevabast-terasest\/","url":"https:\/\/aaknives.eu\/et\/product\/nuga-kalamehe-nuga-sepistatud-roostevabast-terasest\/","name":"Nuga Kalamehe nuga, sepistatud roostevabast terasest - AAKnives","isPartOf":{"@id":"https:\/\/aaknives.eu\/et\/#website"},"primaryImageOfPage":{"@id":"https:\/\/aaknives.eu\/et\/product\/nuga-kalamehe-nuga-sepistatud-roostevabast-terasest\/#primaryimage"},"image":{"@id":"https:\/\/aaknives.eu\/et\/product\/nuga-kalamehe-nuga-sepistatud-roostevabast-terasest\/#primaryimage"},"thumbnailUrl":"https:\/\/aaknives.eu\/wp-content\/uploads\/2024\/10\/aaknives-hand-forged-damascus-steel-blade-knife-handmade-custom-made-knife-handcrafted-knives-autinetools-northmen-94.jpg","datePublished":"2024-10-29T01:59:13+00:00","dateModified":"2026-04-29T17:34:11+00:00","description":"Nuga ''12C27'', jahi- ja v\u00e4litingimustes kasutatav nuga, mis on valmistatud heast sepistatud roostevabast terasest.","breadcrumb":{"@id":"https:\/\/aaknives.eu\/et\/product\/nuga-kalamehe-nuga-sepistatud-roostevabast-terasest\/#breadcrumb"},"inLanguage":"et","potentialAction":[{"@type":"ReadAction","target":["https:\/\/aaknives.eu\/et\/product\/nuga-kalamehe-nuga-sepistatud-roostevabast-terasest\/"]}]},{"@type":"ImageObject","inLanguage":"et","@id":"https:\/\/aaknives.eu\/et\/product\/nuga-kalamehe-nuga-sepistatud-roostevabast-terasest\/#primaryimage","url":"https:\/\/aaknives.eu\/wp-content\/uploads\/2024\/10\/aaknives-hand-forged-damascus-steel-blade-knife-handmade-custom-made-knife-handcrafted-knives-autinetools-northmen-94.jpg","contentUrl":"https:\/\/aaknives.eu\/wp-content\/uploads\/2024\/10\/aaknives-hand-forged-damascus-steel-blade-knife-handmade-custom-made-knife-handcrafted-knives-autinetools-northmen-94.jpg","width":1020,"height":880},{"@type":"BreadcrumbList","@id":"https:\/\/aaknives.eu\/et\/product\/nuga-kalamehe-nuga-sepistatud-roostevabast-terasest\/#breadcrumb","itemListElement":[{"@type":"ListItem","position":1,"name":"Home","item":"https:\/\/aaknives.eu\/et\/kodu\/"},{"@type":"ListItem","position":2,"name":"Kauplus","item":"https:\/\/aaknives.eu\/et\/kauplus\/"},{"@type":"ListItem","position":3,"name":"Nuga Kalamehe nuga, sepistatud roostevabast terasest"}]},{"@type":"WebSite","@id":"https:\/\/aaknives.eu\/et\/#website","url":"https:\/\/aaknives.eu\/et\/","name":"AAKnives","description":"Handmade knives","publisher":{"@id":"https:\/\/aaknives.eu\/et\/#organization"},"potentialAction":[{"@type":"SearchAction","target":{"@type":"EntryPoint","urlTemplate":"https:\/\/aaknives.eu\/et\/?s={search_term_string}"},"query-input":{"@type":"PropertyValueSpecification","valueRequired":true,"valueName":"search_term_string"}}],"inLanguage":"et"},{"@type":"Organization","@id":"https:\/\/aaknives.eu\/et\/#organization","name":"AAKnives","url":"https:\/\/aaknives.eu\/et\/","logo":{"@type":"ImageObject","inLanguage":"et","@id":"https:\/\/aaknives.eu\/et\/#\/schema\/logo\/image\/","url":"https:\/\/aaknives.eu\/wp-content\/uploads\/2021\/10\/AAknives_Logo_Green.png","contentUrl":"https:\/\/aaknives.eu\/wp-content\/uploads\/2021\/10\/AAknives_Logo_Green.png","width":1768,"height":1768,"caption":"AAKnives"},"image":{"@id":"https:\/\/aaknives.eu\/et\/#\/schema\/logo\/image\/"},"sameAs":["https:\/\/www.facebook.com\/aaknives.eu\/","https:\/\/www.instagram.com\/aaknives\/","https:\/\/www.pinterest.com\/aa_knives\/","https:\/\/www.youtube.com\/channel\/UCHOQFjrOkgT6s4FIw9LDKyw\/featured"]}]}},"_links":{"self":[{"href":"https:\/\/aaknives.eu\/et\/wp-json\/wp\/v2\/product\/89567","targetHints":{"allow":["GET"]}}],"collection":[{"href":"https:\/\/aaknives.eu\/et\/wp-json\/wp\/v2\/product"}],"about":[{"href":"https:\/\/aaknives.eu\/et\/wp-json\/wp\/v2\/types\/product"}],"wp:featuredmedia":[{"embeddable":true,"href":"https:\/\/aaknives.eu\/et\/wp-json\/wp\/v2\/media\/109805"}],"wp:attachment":[{"href":"https:\/\/aaknives.eu\/et\/wp-json\/wp\/v2\/media?parent=89567"}],"wp:term":[{"taxonomy":"product_brand","embeddable":true,"href":"https:\/\/aaknives.eu\/et\/wp-json\/wp\/v2\/product_brand?post=89567"},{"taxonomy":"product_cat","embeddable":true,"href":"https:\/\/aaknives.eu\/et\/wp-json\/wp\/v2\/product_cat?post=89567"},{"taxonomy":"product_tag","embeddable":true,"href":"https:\/\/aaknives.eu\/et\/wp-json\/wp\/v2\/product_tag?post=89567"}],"curies":[{"name":"wp","href":"https:\/\/api.w.org\/{rel}","templated":true}]}}