{"id":89569,"date":"2024-10-29T01:59:12","date_gmt":"2024-10-29T01:59:12","guid":{"rendered":"https:\/\/aaknives.eu\/?post_type=product&#038;p=89569"},"modified":"2025-05-07T17:42:03","modified_gmt":"2025-05-07T17:42:03","slug":"nuga-stone-age-3-kasitsi-sepistatud-damaskuse-terasest-tera-nuga","status":"publish","type":"product","link":"https:\/\/aaknives.eu\/et\/product\/nuga-stone-age-3-kasitsi-sepistatud-damaskuse-terasest-tera-nuga\/","title":{"rendered":"Nuga &#8221;STONE AGE &#8211; 3&#8221;, k\u00e4sitsi sepistatud Damaskuse terasest tera nuga"},"content":{"rendered":"<p>Noa spetsifikatsioonid: STONE AGE &#8211; 3<br \/>\nTeras: k\u00e4sitsi sepistatud Damaskuse terasest teraga jahinuga (HVG, U10, ShH15), 800 kihti, dekoratiivsed sepistamisj\u00e4ljed<br \/>\nK\u00f5vadus: 60-62 HRC<br \/>\nTera pikkus (mm): 145 \/ 5,70 tolli<br \/>\nTera paksus (mm): 2-3<br \/>\nTera laius (mm): 27 \/ 1,06 tolli<br \/>\nK\u00e4epide: Aafrika wenge puit, nahk<br \/>\nKogupikkus (mm): 270 \/ 10,62 tolli<\/p>\n<p>K\u00e4sitsi sepistatud Damaskuse teras, mis on loodud erineva k\u00f5vaduse ja viskoossusega terase paketist, mis on kokku pandud plaadiks kindlas j\u00e4rjekorras. J\u00e4rgmisena sepitakse plaati korduvalt \u00fcmber, t\u00e4nu millele moodustuvad kihid ja ainulaadne muster.<br \/>\nKeeruline tehnoloogiline protsess toimub k\u00e4sitsi. Sel viisil saadud terast iseloomustab suurenenud tugevus, k\u00f5rge k\u00f5vadus, suurep\u00e4rased l\u00f5ikeomadused ja ilu.<br \/>\nDamaskuse teras rohkem kui 700-1000 kihti.<br \/>\nPakend damaski terasest ShH15 + HVG + U10A, termiline v\u00e4ljendus 860 \u00b0 C <\/p>\n<p>Damaskuse terasest nugade eelised:<br \/>\nSuurenenud tugevus<br \/>\nK\u00f5rge k\u00f5vadus<br \/>\nSuurep\u00e4rased l\u00f5ikeomadused<br \/>\nIlus disain<br \/>\nKauakestev teravus<\/p>\n<p>Tera k\u00f5vadus 60-62 HRC.<br \/>\nK\u00e4sitsi valmistatud<\/p>\n","protected":false},"excerpt":{"rendered":"<p>Noa spetsifikatsioonid: STONE AGE &#8211; 3 Teras: k\u00e4sitsi sepistatud Damaskuse terasest teraga jahinuga (HVG, U10, ShH15), 800 kihti, dekoratiivsed sepistamisj\u00e4ljed K\u00f5vadus: 60-62 HRC Tera pikkus (mm): 145 \/ 5,70 tolli Tera paksus (mm): 2-3 Tera laius (mm): 27 \/ 1,06 tolli K\u00e4epide: Aafrika wenge puit, nahk Kogupikkus (mm): 270 \/ 10,62 tolli K\u00e4sitsi sepistatud Damaskuse teras, mis on loodud erineva k\u00f5vaduse ja viskoossusega terase paketist, mis on kokku pandud plaadiks kindlas j\u00e4rjekorras. J\u00e4rgmisena sepitakse plaati korduvalt \u00fcmber, t\u00e4nu millele moodustuvad kihid ja ainulaadne muster. Keeruline tehnoloogiline protsess toimub k\u00e4sitsi. Sel viisil saadud terast iseloomustab suurenenud tugevus, k\u00f5rge k\u00f5vadus, suurep\u00e4rased l\u00f5ikeomadused&hellip;<\/p>\n","protected":false},"featured_media":98193,"template":"","meta":{"_themeisle_gutenberg_block_has_review":false},"product_brand":[],"product_cat":[345,343,346,341],"product_tag":[],"class_list":{"0":"post-89569","1":"product","2":"type-product","3":"status-publish","4":"has-post-thumbnail","6":"product_cat-jahinoad","7":"product_cat-kalapuugi-noad","8":"product_cat-matkanoad","9":"product_cat-premium-ja-eksklusiivsed-noad","11":"first","12":"instock","13":"shipping-taxable","14":"purchasable","15":"product-type-simple"},"yoast_head":"<!-- This site is optimized with the Yoast SEO plugin v27.5 - https:\/\/yoast.com\/product\/yoast-seo-wordpress\/ -->\n<title>Nuga &#039;&#039;STONE AGE - 3&#039;&#039;, k\u00e4sitsi sepistatud Damaskuse terasest tera nuga - AAKnives<\/title>\n<meta name=\"description\" content=\"Nuga &#039;&#039;STONE AGE - 3&#039;&#039;, k\u00e4sitsi sepistatud Damaskuse terasest tera nuga, sobib suurep\u00e4raselt jahipidamiseks, matkamiseks ja v\u00e4ljas kasutamiseks.\" \/>\n<meta name=\"robots\" content=\"index, follow, max-snippet:-1, max-image-preview:large, max-video-preview:-1\" \/>\n<link rel=\"canonical\" href=\"https:\/\/aaknives.eu\/et\/product\/nuga-stone-age-3-kasitsi-sepistatud-damaskuse-terasest-tera-nuga\/\" \/>\n<meta property=\"og:locale\" content=\"et_EE\" \/>\n<meta property=\"og:type\" content=\"article\" \/>\n<meta property=\"og:title\" content=\"Nuga &#039;&#039;STONE AGE - 3&#039;&#039;, k\u00e4sitsi sepistatud Damaskuse terasest tera nuga - AAKnives\" \/>\n<meta property=\"og:description\" content=\"Nuga &#039;&#039;STONE AGE - 3&#039;&#039;, k\u00e4sitsi sepistatud Damaskuse terasest tera nuga, sobib suurep\u00e4raselt jahipidamiseks, matkamiseks ja v\u00e4ljas kasutamiseks.\" \/>\n<meta property=\"og:url\" content=\"https:\/\/aaknives.eu\/et\/product\/nuga-stone-age-3-kasitsi-sepistatud-damaskuse-terasest-tera-nuga\/\" \/>\n<meta property=\"og:site_name\" content=\"AAKnives\" \/>\n<meta property=\"article:publisher\" content=\"https:\/\/www.facebook.com\/aaknives.eu\/\" \/>\n<meta property=\"article:modified_time\" content=\"2025-05-07T17:42:03+00:00\" \/>\n<meta property=\"og:image\" content=\"https:\/\/aaknives.eu\/wp-content\/uploads\/2024\/10\/aaknives-hand-forged-damascus-steel-blade-knife-handmade-custom-made-knife-handcrafted-knives-autinetools-northmen-1-128.jpg\" \/>\n\t<meta property=\"og:image:width\" content=\"1020\" \/>\n\t<meta property=\"og:image:height\" content=\"880\" \/>\n\t<meta property=\"og:image:type\" content=\"image\/jpeg\" \/>\n<meta name=\"twitter:card\" content=\"summary_large_image\" \/>\n<meta name=\"twitter:label1\" content=\"Est. reading time\" \/>\n\t<meta name=\"twitter:data1\" content=\"1 minut\" \/>\n<script type=\"application\/ld+json\" class=\"yoast-schema-graph\">{\"@context\":\"https:\\\/\\\/schema.org\",\"@graph\":[{\"@type\":\"WebPage\",\"@id\":\"https:\\\/\\\/aaknives.eu\\\/et\\\/product\\\/nuga-stone-age-3-kasitsi-sepistatud-damaskuse-terasest-tera-nuga\\\/\",\"url\":\"https:\\\/\\\/aaknives.eu\\\/et\\\/product\\\/nuga-stone-age-3-kasitsi-sepistatud-damaskuse-terasest-tera-nuga\\\/\",\"name\":\"Nuga ''STONE AGE - 3'', k\u00e4sitsi sepistatud Damaskuse terasest tera nuga - AAKnives\",\"isPartOf\":{\"@id\":\"https:\\\/\\\/aaknives.eu\\\/et\\\/#website\"},\"primaryImageOfPage\":{\"@id\":\"https:\\\/\\\/aaknives.eu\\\/et\\\/product\\\/nuga-stone-age-3-kasitsi-sepistatud-damaskuse-terasest-tera-nuga\\\/#primaryimage\"},\"image\":{\"@id\":\"https:\\\/\\\/aaknives.eu\\\/et\\\/product\\\/nuga-stone-age-3-kasitsi-sepistatud-damaskuse-terasest-tera-nuga\\\/#primaryimage\"},\"thumbnailUrl\":\"https:\\\/\\\/aaknives.eu\\\/wp-content\\\/uploads\\\/2024\\\/10\\\/aaknives-hand-forged-damascus-steel-blade-knife-handmade-custom-made-knife-handcrafted-knives-autinetools-northmen-1-128.jpg\",\"datePublished\":\"2024-10-29T01:59:12+00:00\",\"dateModified\":\"2025-05-07T17:42:03+00:00\",\"description\":\"Nuga ''STONE AGE - 3'', k\u00e4sitsi sepistatud Damaskuse terasest tera nuga, sobib suurep\u00e4raselt jahipidamiseks, matkamiseks ja v\u00e4ljas kasutamiseks.\",\"breadcrumb\":{\"@id\":\"https:\\\/\\\/aaknives.eu\\\/et\\\/product\\\/nuga-stone-age-3-kasitsi-sepistatud-damaskuse-terasest-tera-nuga\\\/#breadcrumb\"},\"inLanguage\":\"et\",\"potentialAction\":[{\"@type\":\"ReadAction\",\"target\":[\"https:\\\/\\\/aaknives.eu\\\/et\\\/product\\\/nuga-stone-age-3-kasitsi-sepistatud-damaskuse-terasest-tera-nuga\\\/\"]}]},{\"@type\":\"ImageObject\",\"inLanguage\":\"et\",\"@id\":\"https:\\\/\\\/aaknives.eu\\\/et\\\/product\\\/nuga-stone-age-3-kasitsi-sepistatud-damaskuse-terasest-tera-nuga\\\/#primaryimage\",\"url\":\"https:\\\/\\\/aaknives.eu\\\/wp-content\\\/uploads\\\/2024\\\/10\\\/aaknives-hand-forged-damascus-steel-blade-knife-handmade-custom-made-knife-handcrafted-knives-autinetools-northmen-1-128.jpg\",\"contentUrl\":\"https:\\\/\\\/aaknives.eu\\\/wp-content\\\/uploads\\\/2024\\\/10\\\/aaknives-hand-forged-damascus-steel-blade-knife-handmade-custom-made-knife-handcrafted-knives-autinetools-northmen-1-128.jpg\",\"width\":1020,\"height\":880},{\"@type\":\"BreadcrumbList\",\"@id\":\"https:\\\/\\\/aaknives.eu\\\/et\\\/product\\\/nuga-stone-age-3-kasitsi-sepistatud-damaskuse-terasest-tera-nuga\\\/#breadcrumb\",\"itemListElement\":[{\"@type\":\"ListItem\",\"position\":1,\"name\":\"Home\",\"item\":\"https:\\\/\\\/aaknives.eu\\\/et\\\/kodu\\\/\"},{\"@type\":\"ListItem\",\"position\":2,\"name\":\"Kauplus\",\"item\":\"https:\\\/\\\/aaknives.eu\\\/et\\\/kauplus\\\/\"},{\"@type\":\"ListItem\",\"position\":3,\"name\":\"Private: Nuga &#8221;STONE AGE &#8211; 3&#8221;, k\u00e4sitsi sepistatud Damaskuse terasest tera nuga\"}]},{\"@type\":\"WebSite\",\"@id\":\"https:\\\/\\\/aaknives.eu\\\/et\\\/#website\",\"url\":\"https:\\\/\\\/aaknives.eu\\\/et\\\/\",\"name\":\"AAKnives\",\"description\":\"Handmade knives\",\"publisher\":{\"@id\":\"https:\\\/\\\/aaknives.eu\\\/et\\\/#organization\"},\"potentialAction\":[{\"@type\":\"SearchAction\",\"target\":{\"@type\":\"EntryPoint\",\"urlTemplate\":\"https:\\\/\\\/aaknives.eu\\\/et\\\/?s={search_term_string}\"},\"query-input\":{\"@type\":\"PropertyValueSpecification\",\"valueRequired\":true,\"valueName\":\"search_term_string\"}}],\"inLanguage\":\"et\"},{\"@type\":\"Organization\",\"@id\":\"https:\\\/\\\/aaknives.eu\\\/et\\\/#organization\",\"name\":\"AAKnives\",\"url\":\"https:\\\/\\\/aaknives.eu\\\/et\\\/\",\"logo\":{\"@type\":\"ImageObject\",\"inLanguage\":\"et\",\"@id\":\"https:\\\/\\\/aaknives.eu\\\/et\\\/#\\\/schema\\\/logo\\\/image\\\/\",\"url\":\"https:\\\/\\\/aaknives.eu\\\/wp-content\\\/uploads\\\/2021\\\/10\\\/AAknives_Logo_Green.png\",\"contentUrl\":\"https:\\\/\\\/aaknives.eu\\\/wp-content\\\/uploads\\\/2021\\\/10\\\/AAknives_Logo_Green.png\",\"width\":1768,\"height\":1768,\"caption\":\"AAKnives\"},\"image\":{\"@id\":\"https:\\\/\\\/aaknives.eu\\\/et\\\/#\\\/schema\\\/logo\\\/image\\\/\"},\"sameAs\":[\"https:\\\/\\\/www.facebook.com\\\/aaknives.eu\\\/\",\"https:\\\/\\\/www.instagram.com\\\/aaknives\\\/\",\"https:\\\/\\\/www.pinterest.com\\\/aa_knives\\\/\",\"https:\\\/\\\/www.youtube.com\\\/channel\\\/UCHOQFjrOkgT6s4FIw9LDKyw\\\/featured\"]}]}<\/script>\n<!-- \/ Yoast SEO plugin. -->","yoast_head_json":{"title":"Nuga ''STONE AGE - 3'', k\u00e4sitsi sepistatud Damaskuse terasest tera nuga - AAKnives","description":"Nuga ''STONE AGE - 3'', k\u00e4sitsi sepistatud Damaskuse terasest tera nuga, sobib suurep\u00e4raselt jahipidamiseks, matkamiseks ja v\u00e4ljas kasutamiseks.","robots":{"index":"index","follow":"follow","max-snippet":"max-snippet:-1","max-image-preview":"max-image-preview:large","max-video-preview":"max-video-preview:-1"},"canonical":"https:\/\/aaknives.eu\/et\/product\/nuga-stone-age-3-kasitsi-sepistatud-damaskuse-terasest-tera-nuga\/","og_locale":"et_EE","og_type":"article","og_title":"Nuga ''STONE AGE - 3'', k\u00e4sitsi sepistatud Damaskuse terasest tera nuga - AAKnives","og_description":"Nuga ''STONE AGE - 3'', k\u00e4sitsi sepistatud Damaskuse terasest tera nuga, sobib suurep\u00e4raselt jahipidamiseks, matkamiseks ja v\u00e4ljas kasutamiseks.","og_url":"https:\/\/aaknives.eu\/et\/product\/nuga-stone-age-3-kasitsi-sepistatud-damaskuse-terasest-tera-nuga\/","og_site_name":"AAKnives","article_publisher":"https:\/\/www.facebook.com\/aaknives.eu\/","article_modified_time":"2025-05-07T17:42:03+00:00","og_image":[{"width":1020,"height":880,"url":"https:\/\/aaknives.eu\/wp-content\/uploads\/2024\/10\/aaknives-hand-forged-damascus-steel-blade-knife-handmade-custom-made-knife-handcrafted-knives-autinetools-northmen-1-128.jpg","type":"image\/jpeg"}],"twitter_card":"summary_large_image","twitter_misc":{"Est. reading time":"1 minut"},"schema":{"@context":"https:\/\/schema.org","@graph":[{"@type":"WebPage","@id":"https:\/\/aaknives.eu\/et\/product\/nuga-stone-age-3-kasitsi-sepistatud-damaskuse-terasest-tera-nuga\/","url":"https:\/\/aaknives.eu\/et\/product\/nuga-stone-age-3-kasitsi-sepistatud-damaskuse-terasest-tera-nuga\/","name":"Nuga ''STONE AGE - 3'', k\u00e4sitsi sepistatud Damaskuse terasest tera nuga - AAKnives","isPartOf":{"@id":"https:\/\/aaknives.eu\/et\/#website"},"primaryImageOfPage":{"@id":"https:\/\/aaknives.eu\/et\/product\/nuga-stone-age-3-kasitsi-sepistatud-damaskuse-terasest-tera-nuga\/#primaryimage"},"image":{"@id":"https:\/\/aaknives.eu\/et\/product\/nuga-stone-age-3-kasitsi-sepistatud-damaskuse-terasest-tera-nuga\/#primaryimage"},"thumbnailUrl":"https:\/\/aaknives.eu\/wp-content\/uploads\/2024\/10\/aaknives-hand-forged-damascus-steel-blade-knife-handmade-custom-made-knife-handcrafted-knives-autinetools-northmen-1-128.jpg","datePublished":"2024-10-29T01:59:12+00:00","dateModified":"2025-05-07T17:42:03+00:00","description":"Nuga ''STONE AGE - 3'', k\u00e4sitsi sepistatud Damaskuse terasest tera nuga, sobib suurep\u00e4raselt jahipidamiseks, matkamiseks ja v\u00e4ljas kasutamiseks.","breadcrumb":{"@id":"https:\/\/aaknives.eu\/et\/product\/nuga-stone-age-3-kasitsi-sepistatud-damaskuse-terasest-tera-nuga\/#breadcrumb"},"inLanguage":"et","potentialAction":[{"@type":"ReadAction","target":["https:\/\/aaknives.eu\/et\/product\/nuga-stone-age-3-kasitsi-sepistatud-damaskuse-terasest-tera-nuga\/"]}]},{"@type":"ImageObject","inLanguage":"et","@id":"https:\/\/aaknives.eu\/et\/product\/nuga-stone-age-3-kasitsi-sepistatud-damaskuse-terasest-tera-nuga\/#primaryimage","url":"https:\/\/aaknives.eu\/wp-content\/uploads\/2024\/10\/aaknives-hand-forged-damascus-steel-blade-knife-handmade-custom-made-knife-handcrafted-knives-autinetools-northmen-1-128.jpg","contentUrl":"https:\/\/aaknives.eu\/wp-content\/uploads\/2024\/10\/aaknives-hand-forged-damascus-steel-blade-knife-handmade-custom-made-knife-handcrafted-knives-autinetools-northmen-1-128.jpg","width":1020,"height":880},{"@type":"BreadcrumbList","@id":"https:\/\/aaknives.eu\/et\/product\/nuga-stone-age-3-kasitsi-sepistatud-damaskuse-terasest-tera-nuga\/#breadcrumb","itemListElement":[{"@type":"ListItem","position":1,"name":"Home","item":"https:\/\/aaknives.eu\/et\/kodu\/"},{"@type":"ListItem","position":2,"name":"Kauplus","item":"https:\/\/aaknives.eu\/et\/kauplus\/"},{"@type":"ListItem","position":3,"name":"Private: Nuga &#8221;STONE AGE &#8211; 3&#8221;, k\u00e4sitsi sepistatud Damaskuse terasest tera nuga"}]},{"@type":"WebSite","@id":"https:\/\/aaknives.eu\/et\/#website","url":"https:\/\/aaknives.eu\/et\/","name":"AAKnives","description":"Handmade knives","publisher":{"@id":"https:\/\/aaknives.eu\/et\/#organization"},"potentialAction":[{"@type":"SearchAction","target":{"@type":"EntryPoint","urlTemplate":"https:\/\/aaknives.eu\/et\/?s={search_term_string}"},"query-input":{"@type":"PropertyValueSpecification","valueRequired":true,"valueName":"search_term_string"}}],"inLanguage":"et"},{"@type":"Organization","@id":"https:\/\/aaknives.eu\/et\/#organization","name":"AAKnives","url":"https:\/\/aaknives.eu\/et\/","logo":{"@type":"ImageObject","inLanguage":"et","@id":"https:\/\/aaknives.eu\/et\/#\/schema\/logo\/image\/","url":"https:\/\/aaknives.eu\/wp-content\/uploads\/2021\/10\/AAknives_Logo_Green.png","contentUrl":"https:\/\/aaknives.eu\/wp-content\/uploads\/2021\/10\/AAknives_Logo_Green.png","width":1768,"height":1768,"caption":"AAKnives"},"image":{"@id":"https:\/\/aaknives.eu\/et\/#\/schema\/logo\/image\/"},"sameAs":["https:\/\/www.facebook.com\/aaknives.eu\/","https:\/\/www.instagram.com\/aaknives\/","https:\/\/www.pinterest.com\/aa_knives\/","https:\/\/www.youtube.com\/channel\/UCHOQFjrOkgT6s4FIw9LDKyw\/featured"]}]}},"_links":{"self":[{"href":"https:\/\/aaknives.eu\/et\/wp-json\/wp\/v2\/product\/89569","targetHints":{"allow":["GET"]}}],"collection":[{"href":"https:\/\/aaknives.eu\/et\/wp-json\/wp\/v2\/product"}],"about":[{"href":"https:\/\/aaknives.eu\/et\/wp-json\/wp\/v2\/types\/product"}],"wp:featuredmedia":[{"embeddable":true,"href":"https:\/\/aaknives.eu\/et\/wp-json\/wp\/v2\/media\/98193"}],"wp:attachment":[{"href":"https:\/\/aaknives.eu\/et\/wp-json\/wp\/v2\/media?parent=89569"}],"wp:term":[{"taxonomy":"product_brand","embeddable":true,"href":"https:\/\/aaknives.eu\/et\/wp-json\/wp\/v2\/product_brand?post=89569"},{"taxonomy":"product_cat","embeddable":true,"href":"https:\/\/aaknives.eu\/et\/wp-json\/wp\/v2\/product_cat?post=89569"},{"taxonomy":"product_tag","embeddable":true,"href":"https:\/\/aaknives.eu\/et\/wp-json\/wp\/v2\/product_tag?post=89569"}],"curies":[{"name":"wp","href":"https:\/\/api.w.org\/{rel}","templated":true}]}}