{"id":89573,"date":"2024-10-29T01:58:48","date_gmt":"2024-10-29T01:58:48","guid":{"rendered":"https:\/\/aaknives.eu\/?post_type=product&#038;p=89573"},"modified":"2025-02-25T17:27:31","modified_gmt":"2025-02-25T17:27:31","slug":"nuga-zeus-rootsi-bohler-uddeholm-n695-roostevabast-terasest-nuga-6","status":"publish","type":"product","link":"https:\/\/aaknives.eu\/et\/product\/nuga-zeus-rootsi-bohler-uddeholm-n695-roostevabast-terasest-nuga-6\/","title":{"rendered":"Nuga &#8221;WOLF&#8221; &#8211; Rootsi Bohler-Uddeholm N695 roostevabast terasest nuga"},"content":{"rendered":"<p>Noa tehnilised andmed: &#8221;WOLF&#8221;<br \/>\nTeras: Rootsi Bohler-Uddeholm N695 roostevaba noateras<br \/>\nK\u00f5vadus: 59 HRC<br \/>\nTera pikkus (mm): 110 \/ 4,33 tolli<br \/>\nTera paksus (mm): 3 \/ 0,11 tolli<br \/>\nTera laius (mm): 31 \/ 1,22 tolli<br \/>\nK\u00e4epide: stabiliseeritud karjala kask<br \/>\nKogupikkus (mm): 210 \/ 8,26 tolli<br \/>\nNoa t\u00fc\u00fcp: jahindus, \u00f5ues<br \/>\nPakend: nuga, nahast \u00fcmbris<\/p>\n<p>Rootsi Bohler-Uddeholm N695 noateras<\/p>\n<p>Bohler N695 on Bohler Uddeholmi grupi kroomitud roostevabast terasest. Sellel on suur k\u00f5vadus, hea kulumiskindlus ja hea korrosioonikindlus. N695 terasest nuga on mittekorrodeeruv, terav pikka aega ja ei vaja erilist hooldust.<\/p>\n<p>Valtsitud p\u00f5iktehnoloogiaga, et tagada plaatide ja lehtmaterjali maksimaalne stabiilsus ja \u00fchtlus.<\/p>\n<p>BOHLER N695 muud kasutusviisid:<\/p>\n<p>Rullelementide laagrid, klapipesad, kvaliteetsed noaterad, kirurgilised instrumendid ja puul\u00f5ikek\u00e4\u00e4rid.<\/p>\n<p>BOHLER N695 Koostis: C &#8211; 1.030 \/ MN &#8211; 0.44 \/ SI &#8211; 0.48 \/ P &#8211; 0.018 \/ S &#8211; 0.0010 \/ CR &#8211; 16.46 \/ MO &#8211; 0.43<\/p>\n","protected":false},"excerpt":{"rendered":"<p>Noa tehnilised andmed: &#8221;WOLF&#8221; Teras: Rootsi Bohler-Uddeholm N695 roostevaba noateras K\u00f5vadus: 59 HRC Tera pikkus (mm): 110 \/ 4,33 tolli Tera paksus (mm): 3 \/ 0,11 tolli Tera laius (mm): 31 \/ 1,22 tolli K\u00e4epide: stabiliseeritud karjala kask Kogupikkus (mm): 210 \/ 8,26 tolli Noa t\u00fc\u00fcp: jahindus, \u00f5ues Pakend: nuga, nahast \u00fcmbris Rootsi Bohler-Uddeholm N695 noateras Bohler N695 on Bohler Uddeholmi grupi kroomitud roostevabast terasest. Sellel on suur k\u00f5vadus, hea kulumiskindlus ja hea korrosioonikindlus. N695 terasest nuga on mittekorrodeeruv, terav pikka aega ja ei vaja erilist hooldust. Valtsitud p\u00f5iktehnoloogiaga, et tagada plaatide ja lehtmaterjali maksimaalne stabiilsus ja \u00fchtlus. BOHLER N695&hellip;<\/p>\n","protected":false},"featured_media":97300,"template":"","meta":{"_themeisle_gutenberg_block_has_review":false},"product_brand":[],"product_cat":[345,346,349],"product_tag":[],"class_list":{"0":"post-89573","1":"product","2":"type-product","3":"status-publish","4":"has-post-thumbnail","6":"product_cat-jahinoad","7":"product_cat-matkanoad","8":"product_cat-taismetallist-noad","10":"first","11":"instock","12":"shipping-taxable","13":"purchasable","14":"product-type-simple"},"yoast_head":"<!-- This site is optimized with the Yoast SEO plugin v27.3 - https:\/\/yoast.com\/product\/yoast-seo-wordpress\/ -->\n<title>Nuga &#039;&#039;WOLF&#039;&#039; - Rootsi Bohler-Uddeholm N695 roostevabast terasest nuga - AAKnives<\/title>\n<meta name=\"description\" content=\"Nuga &#039;&#039;WOLF&#039;&#039; - Rootsi Bohler-Uddeholm N695 roostevabast terasest nuga\" \/>\n<meta name=\"robots\" content=\"index, follow, max-snippet:-1, max-image-preview:large, max-video-preview:-1\" \/>\n<link rel=\"canonical\" href=\"https:\/\/aaknives.eu\/et\/product\/nuga-zeus-rootsi-bohler-uddeholm-n695-roostevabast-terasest-nuga-6\/\" \/>\n<meta property=\"og:locale\" content=\"et_EE\" \/>\n<meta property=\"og:type\" content=\"article\" \/>\n<meta property=\"og:title\" content=\"Nuga &#039;&#039;WOLF&#039;&#039; - Rootsi Bohler-Uddeholm N695 roostevabast terasest nuga - AAKnives\" \/>\n<meta property=\"og:description\" content=\"Nuga &#039;&#039;WOLF&#039;&#039; - Rootsi Bohler-Uddeholm N695 roostevabast terasest nuga\" \/>\n<meta property=\"og:url\" content=\"https:\/\/aaknives.eu\/et\/product\/nuga-zeus-rootsi-bohler-uddeholm-n695-roostevabast-terasest-nuga-6\/\" \/>\n<meta property=\"og:site_name\" content=\"AAKnives\" \/>\n<meta property=\"article:publisher\" content=\"https:\/\/www.facebook.com\/aaknives.eu\/\" \/>\n<meta property=\"article:modified_time\" content=\"2025-02-25T17:27:31+00:00\" \/>\n<meta property=\"og:image\" content=\"https:\/\/aaknives.eu\/wp-content\/uploads\/2024\/10\/aaknives-hand-forged-damascus-steel-blade-knife-handmade-custom-made-knife-handcrafted-knives-autinetools-northmen-2.2.jpg\" \/>\n\t<meta property=\"og:image:width\" content=\"1020\" \/>\n\t<meta property=\"og:image:height\" content=\"880\" \/>\n\t<meta property=\"og:image:type\" content=\"image\/jpeg\" \/>\n<meta name=\"twitter:card\" content=\"summary_large_image\" \/>\n<meta name=\"twitter:label1\" content=\"Est. reading time\" \/>\n\t<meta name=\"twitter:data1\" content=\"1 minut\" \/>\n<script type=\"application\/ld+json\" class=\"yoast-schema-graph\">{\"@context\":\"https:\\\/\\\/schema.org\",\"@graph\":[{\"@type\":\"WebPage\",\"@id\":\"https:\\\/\\\/aaknives.eu\\\/et\\\/product\\\/nuga-zeus-rootsi-bohler-uddeholm-n695-roostevabast-terasest-nuga-6\\\/\",\"url\":\"https:\\\/\\\/aaknives.eu\\\/et\\\/product\\\/nuga-zeus-rootsi-bohler-uddeholm-n695-roostevabast-terasest-nuga-6\\\/\",\"name\":\"Nuga ''WOLF'' - Rootsi Bohler-Uddeholm N695 roostevabast terasest nuga - AAKnives\",\"isPartOf\":{\"@id\":\"https:\\\/\\\/aaknives.eu\\\/et\\\/#website\"},\"primaryImageOfPage\":{\"@id\":\"https:\\\/\\\/aaknives.eu\\\/et\\\/product\\\/nuga-zeus-rootsi-bohler-uddeholm-n695-roostevabast-terasest-nuga-6\\\/#primaryimage\"},\"image\":{\"@id\":\"https:\\\/\\\/aaknives.eu\\\/et\\\/product\\\/nuga-zeus-rootsi-bohler-uddeholm-n695-roostevabast-terasest-nuga-6\\\/#primaryimage\"},\"thumbnailUrl\":\"https:\\\/\\\/aaknives.eu\\\/wp-content\\\/uploads\\\/2024\\\/10\\\/aaknives-hand-forged-damascus-steel-blade-knife-handmade-custom-made-knife-handcrafted-knives-autinetools-northmen-2.2.jpg\",\"datePublished\":\"2024-10-29T01:58:48+00:00\",\"dateModified\":\"2025-02-25T17:27:31+00:00\",\"description\":\"Nuga ''WOLF'' - Rootsi Bohler-Uddeholm N695 roostevabast terasest nuga\",\"breadcrumb\":{\"@id\":\"https:\\\/\\\/aaknives.eu\\\/et\\\/product\\\/nuga-zeus-rootsi-bohler-uddeholm-n695-roostevabast-terasest-nuga-6\\\/#breadcrumb\"},\"inLanguage\":\"et\",\"potentialAction\":[{\"@type\":\"ReadAction\",\"target\":[\"https:\\\/\\\/aaknives.eu\\\/et\\\/product\\\/nuga-zeus-rootsi-bohler-uddeholm-n695-roostevabast-terasest-nuga-6\\\/\"]}]},{\"@type\":\"ImageObject\",\"inLanguage\":\"et\",\"@id\":\"https:\\\/\\\/aaknives.eu\\\/et\\\/product\\\/nuga-zeus-rootsi-bohler-uddeholm-n695-roostevabast-terasest-nuga-6\\\/#primaryimage\",\"url\":\"https:\\\/\\\/aaknives.eu\\\/wp-content\\\/uploads\\\/2024\\\/10\\\/aaknives-hand-forged-damascus-steel-blade-knife-handmade-custom-made-knife-handcrafted-knives-autinetools-northmen-2.2.jpg\",\"contentUrl\":\"https:\\\/\\\/aaknives.eu\\\/wp-content\\\/uploads\\\/2024\\\/10\\\/aaknives-hand-forged-damascus-steel-blade-knife-handmade-custom-made-knife-handcrafted-knives-autinetools-northmen-2.2.jpg\",\"width\":1020,\"height\":880},{\"@type\":\"BreadcrumbList\",\"@id\":\"https:\\\/\\\/aaknives.eu\\\/et\\\/product\\\/nuga-zeus-rootsi-bohler-uddeholm-n695-roostevabast-terasest-nuga-6\\\/#breadcrumb\",\"itemListElement\":[{\"@type\":\"ListItem\",\"position\":1,\"name\":\"Home\",\"item\":\"https:\\\/\\\/aaknives.eu\\\/et\\\/kodu\\\/\"},{\"@type\":\"ListItem\",\"position\":2,\"name\":\"Kauplus\",\"item\":\"https:\\\/\\\/aaknives.eu\\\/et\\\/kauplus\\\/\"},{\"@type\":\"ListItem\",\"position\":3,\"name\":\"Private: Nuga &#8221;WOLF&#8221; &#8211; Rootsi Bohler-Uddeholm N695 roostevabast terasest nuga\"}]},{\"@type\":\"WebSite\",\"@id\":\"https:\\\/\\\/aaknives.eu\\\/et\\\/#website\",\"url\":\"https:\\\/\\\/aaknives.eu\\\/et\\\/\",\"name\":\"AAKnives\",\"description\":\"Handmade knives\",\"publisher\":{\"@id\":\"https:\\\/\\\/aaknives.eu\\\/et\\\/#organization\"},\"potentialAction\":[{\"@type\":\"SearchAction\",\"target\":{\"@type\":\"EntryPoint\",\"urlTemplate\":\"https:\\\/\\\/aaknives.eu\\\/et\\\/?s={search_term_string}\"},\"query-input\":{\"@type\":\"PropertyValueSpecification\",\"valueRequired\":true,\"valueName\":\"search_term_string\"}}],\"inLanguage\":\"et\"},{\"@type\":\"Organization\",\"@id\":\"https:\\\/\\\/aaknives.eu\\\/et\\\/#organization\",\"name\":\"AAKnives\",\"url\":\"https:\\\/\\\/aaknives.eu\\\/et\\\/\",\"logo\":{\"@type\":\"ImageObject\",\"inLanguage\":\"et\",\"@id\":\"https:\\\/\\\/aaknives.eu\\\/et\\\/#\\\/schema\\\/logo\\\/image\\\/\",\"url\":\"https:\\\/\\\/aaknives.eu\\\/wp-content\\\/uploads\\\/2021\\\/10\\\/AAknives_Logo_Green.png\",\"contentUrl\":\"https:\\\/\\\/aaknives.eu\\\/wp-content\\\/uploads\\\/2021\\\/10\\\/AAknives_Logo_Green.png\",\"width\":1768,\"height\":1768,\"caption\":\"AAKnives\"},\"image\":{\"@id\":\"https:\\\/\\\/aaknives.eu\\\/et\\\/#\\\/schema\\\/logo\\\/image\\\/\"},\"sameAs\":[\"https:\\\/\\\/www.facebook.com\\\/aaknives.eu\\\/\",\"https:\\\/\\\/www.instagram.com\\\/aaknives\\\/\",\"https:\\\/\\\/www.pinterest.com\\\/aa_knives\\\/\",\"https:\\\/\\\/www.youtube.com\\\/channel\\\/UCHOQFjrOkgT6s4FIw9LDKyw\\\/featured\"]}]}<\/script>\n<!-- \/ Yoast SEO plugin. -->","yoast_head_json":{"title":"Nuga ''WOLF'' - Rootsi Bohler-Uddeholm N695 roostevabast terasest nuga - AAKnives","description":"Nuga ''WOLF'' - Rootsi Bohler-Uddeholm N695 roostevabast terasest nuga","robots":{"index":"index","follow":"follow","max-snippet":"max-snippet:-1","max-image-preview":"max-image-preview:large","max-video-preview":"max-video-preview:-1"},"canonical":"https:\/\/aaknives.eu\/et\/product\/nuga-zeus-rootsi-bohler-uddeholm-n695-roostevabast-terasest-nuga-6\/","og_locale":"et_EE","og_type":"article","og_title":"Nuga ''WOLF'' - Rootsi Bohler-Uddeholm N695 roostevabast terasest nuga - AAKnives","og_description":"Nuga ''WOLF'' - Rootsi Bohler-Uddeholm N695 roostevabast terasest nuga","og_url":"https:\/\/aaknives.eu\/et\/product\/nuga-zeus-rootsi-bohler-uddeholm-n695-roostevabast-terasest-nuga-6\/","og_site_name":"AAKnives","article_publisher":"https:\/\/www.facebook.com\/aaknives.eu\/","article_modified_time":"2025-02-25T17:27:31+00:00","og_image":[{"width":1020,"height":880,"url":"https:\/\/aaknives.eu\/wp-content\/uploads\/2024\/10\/aaknives-hand-forged-damascus-steel-blade-knife-handmade-custom-made-knife-handcrafted-knives-autinetools-northmen-2.2.jpg","type":"image\/jpeg"}],"twitter_card":"summary_large_image","twitter_misc":{"Est. reading time":"1 minut"},"schema":{"@context":"https:\/\/schema.org","@graph":[{"@type":"WebPage","@id":"https:\/\/aaknives.eu\/et\/product\/nuga-zeus-rootsi-bohler-uddeholm-n695-roostevabast-terasest-nuga-6\/","url":"https:\/\/aaknives.eu\/et\/product\/nuga-zeus-rootsi-bohler-uddeholm-n695-roostevabast-terasest-nuga-6\/","name":"Nuga ''WOLF'' - Rootsi Bohler-Uddeholm N695 roostevabast terasest nuga - AAKnives","isPartOf":{"@id":"https:\/\/aaknives.eu\/et\/#website"},"primaryImageOfPage":{"@id":"https:\/\/aaknives.eu\/et\/product\/nuga-zeus-rootsi-bohler-uddeholm-n695-roostevabast-terasest-nuga-6\/#primaryimage"},"image":{"@id":"https:\/\/aaknives.eu\/et\/product\/nuga-zeus-rootsi-bohler-uddeholm-n695-roostevabast-terasest-nuga-6\/#primaryimage"},"thumbnailUrl":"https:\/\/aaknives.eu\/wp-content\/uploads\/2024\/10\/aaknives-hand-forged-damascus-steel-blade-knife-handmade-custom-made-knife-handcrafted-knives-autinetools-northmen-2.2.jpg","datePublished":"2024-10-29T01:58:48+00:00","dateModified":"2025-02-25T17:27:31+00:00","description":"Nuga ''WOLF'' - Rootsi Bohler-Uddeholm N695 roostevabast terasest nuga","breadcrumb":{"@id":"https:\/\/aaknives.eu\/et\/product\/nuga-zeus-rootsi-bohler-uddeholm-n695-roostevabast-terasest-nuga-6\/#breadcrumb"},"inLanguage":"et","potentialAction":[{"@type":"ReadAction","target":["https:\/\/aaknives.eu\/et\/product\/nuga-zeus-rootsi-bohler-uddeholm-n695-roostevabast-terasest-nuga-6\/"]}]},{"@type":"ImageObject","inLanguage":"et","@id":"https:\/\/aaknives.eu\/et\/product\/nuga-zeus-rootsi-bohler-uddeholm-n695-roostevabast-terasest-nuga-6\/#primaryimage","url":"https:\/\/aaknives.eu\/wp-content\/uploads\/2024\/10\/aaknives-hand-forged-damascus-steel-blade-knife-handmade-custom-made-knife-handcrafted-knives-autinetools-northmen-2.2.jpg","contentUrl":"https:\/\/aaknives.eu\/wp-content\/uploads\/2024\/10\/aaknives-hand-forged-damascus-steel-blade-knife-handmade-custom-made-knife-handcrafted-knives-autinetools-northmen-2.2.jpg","width":1020,"height":880},{"@type":"BreadcrumbList","@id":"https:\/\/aaknives.eu\/et\/product\/nuga-zeus-rootsi-bohler-uddeholm-n695-roostevabast-terasest-nuga-6\/#breadcrumb","itemListElement":[{"@type":"ListItem","position":1,"name":"Home","item":"https:\/\/aaknives.eu\/et\/kodu\/"},{"@type":"ListItem","position":2,"name":"Kauplus","item":"https:\/\/aaknives.eu\/et\/kauplus\/"},{"@type":"ListItem","position":3,"name":"Private: Nuga &#8221;WOLF&#8221; &#8211; Rootsi Bohler-Uddeholm N695 roostevabast terasest nuga"}]},{"@type":"WebSite","@id":"https:\/\/aaknives.eu\/et\/#website","url":"https:\/\/aaknives.eu\/et\/","name":"AAKnives","description":"Handmade knives","publisher":{"@id":"https:\/\/aaknives.eu\/et\/#organization"},"potentialAction":[{"@type":"SearchAction","target":{"@type":"EntryPoint","urlTemplate":"https:\/\/aaknives.eu\/et\/?s={search_term_string}"},"query-input":{"@type":"PropertyValueSpecification","valueRequired":true,"valueName":"search_term_string"}}],"inLanguage":"et"},{"@type":"Organization","@id":"https:\/\/aaknives.eu\/et\/#organization","name":"AAKnives","url":"https:\/\/aaknives.eu\/et\/","logo":{"@type":"ImageObject","inLanguage":"et","@id":"https:\/\/aaknives.eu\/et\/#\/schema\/logo\/image\/","url":"https:\/\/aaknives.eu\/wp-content\/uploads\/2021\/10\/AAknives_Logo_Green.png","contentUrl":"https:\/\/aaknives.eu\/wp-content\/uploads\/2021\/10\/AAknives_Logo_Green.png","width":1768,"height":1768,"caption":"AAKnives"},"image":{"@id":"https:\/\/aaknives.eu\/et\/#\/schema\/logo\/image\/"},"sameAs":["https:\/\/www.facebook.com\/aaknives.eu\/","https:\/\/www.instagram.com\/aaknives\/","https:\/\/www.pinterest.com\/aa_knives\/","https:\/\/www.youtube.com\/channel\/UCHOQFjrOkgT6s4FIw9LDKyw\/featured"]}]}},"_links":{"self":[{"href":"https:\/\/aaknives.eu\/et\/wp-json\/wp\/v2\/product\/89573","targetHints":{"allow":["GET"]}}],"collection":[{"href":"https:\/\/aaknives.eu\/et\/wp-json\/wp\/v2\/product"}],"about":[{"href":"https:\/\/aaknives.eu\/et\/wp-json\/wp\/v2\/types\/product"}],"wp:featuredmedia":[{"embeddable":true,"href":"https:\/\/aaknives.eu\/et\/wp-json\/wp\/v2\/media\/97300"}],"wp:attachment":[{"href":"https:\/\/aaknives.eu\/et\/wp-json\/wp\/v2\/media?parent=89573"}],"wp:term":[{"taxonomy":"product_brand","embeddable":true,"href":"https:\/\/aaknives.eu\/et\/wp-json\/wp\/v2\/product_brand?post=89573"},{"taxonomy":"product_cat","embeddable":true,"href":"https:\/\/aaknives.eu\/et\/wp-json\/wp\/v2\/product_cat?post=89573"},{"taxonomy":"product_tag","embeddable":true,"href":"https:\/\/aaknives.eu\/et\/wp-json\/wp\/v2\/product_tag?post=89573"}],"curies":[{"name":"wp","href":"https:\/\/api.w.org\/{rel}","templated":true}]}}