{"id":89584,"date":"2024-10-29T01:57:54","date_gmt":"2024-10-29T01:57:54","guid":{"rendered":"https:\/\/aaknives.eu\/?post_type=product&#038;p=89584"},"modified":"2025-09-29T17:39:11","modified_gmt":"2025-09-29T17:39:11","slug":"cleaver-sepistatud-kvaliteetne-susinikteras-6","status":"publish","type":"product","link":"https:\/\/aaknives.eu\/et\/product\/cleaver-sepistatud-kvaliteetne-susinikteras-6\/","title":{"rendered":"Vana-L\u00e4ti relv ja t\u00f6\u00f6riist &#8211; &#8220;KOLME TERAGA nuga&#8221;"},"content":{"rendered":"<p>Noa spetsifikatsioonid: &#8221;KOLMEREGA NUGA&#8221;<br \/>\nTeras: sepistatud s\u00fcsinikteras U10<br \/>\nK\u00f5vadus: 58-59 HRC<br \/>\nTera pikkus (mm): 275 \/ 10,82 tolli<br \/>\nTera paksus (mm): 5 \/ 0,19 tolli<br \/>\nTera laius (mm): 48 \/ 1,88 tolli<br \/>\nK\u00e4epide: Aafrika wenge puit<br \/>\nKogupikkus (mm): 400 \/ 15,74 tolli<br \/>\nNoa t\u00fc\u00fcp: jahi-, v\u00e4listingimustes kasutamiseks<br \/>\nPakend: nuga, nahktupp<\/p>\n<p>S\u00f5na &#8216;KOLMETERALINE NOA&#8217; t\u00e4histab kolme lahingupinnaga relva<br \/>\nSelle relva iseloomulik kuju on omistatud otse latgalitele. Samal ajal oli relv \u00abskramasax\u00bb laialt levinud ka Eesti ja Soome territooriumil,<br \/>\nTera enda kuju v\u00f5ib nimetada meditsiiniliselt anatoomiliseks, sest selle loomisel m\u00f5isteti s\u00fcgavalt tera liikumist ja selle v\u00f5imet tekitada k\u00f5ige s\u00fcgavamaid l\u00f5ikeid ja luu l\u00f5ikeid.<br \/>\nErilist t\u00e4helepanu v\u00e4\u00e4rib m\u00f5\u00f5ga pikkus &#8211; trejasmens on s\u00fcgavalt isikustatud relv, sest lahingus suurima v\u00f5imaliku kasulikkuse saavutamiseks peab see vastama vehkleja k\u00fc\u00fcnarvarre pikkusele, \u00abmuutudes seega k\u00e4epikenduseks\u00bb. Seega \u2013 see on anatoomiliselt suurep\u00e4rane relv m\u00f5lemalt poolt.  <\/p>\n<p>Seda t\u00fc\u00fcpi ja kuju l\u00e4hiv\u00f5itlusm\u00f5\u00f5gad on pikka aega kuulunud muistsetele l\u00e4tlastele \u2013 latgalitele, millest annab tunnistust keskmise (8. sajand) ja hilisrauaaja (13. sajand) ajaloolise L\u00e4ti territooriumi arheoloogiline materjal.<br \/>\n&#8220;KOLMETERAGA NOAGA&#8221; v\u00f5itlemine on kunst. V\u00f5itluskunst, mis p\u00f5hineb pikaajalistel loodusvaatlustel, loodusseaduste s\u00fcgaval m\u00f5istmisel ning liikumist\u00e4psusel ja -tajul. Kunst, mida on p\u00f5lvest p\u00f5lve edasi antud.<br \/>\n&#8216;KOLMETERALINE NOA&#8217; vastab k\u00f5igile traditsioonilise relva tunnustele \u2013 sellel on praktikas testitud ja sajandite jooksul tugevdatud kinnitusviis, spetsiaalselt disainitud tera ja rahvap\u00e4rimuslikud kiitused.  <\/p>\n","protected":false},"excerpt":{"rendered":"<p>Noa spetsifikatsioonid: &#8221;KOLMEREGA NUGA&#8221; Teras: sepistatud s\u00fcsinikteras U10 K\u00f5vadus: 58-59 HRC Tera pikkus (mm): 275 \/ 10,82 tolli Tera paksus (mm): 5 \/ 0,19 tolli Tera laius (mm): 48 \/ 1,88 tolli K\u00e4epide: Aafrika wenge puit Kogupikkus (mm): 400 \/ 15,74 tolli Noa t\u00fc\u00fcp: jahi-, v\u00e4listingimustes kasutamiseks Pakend: nuga, nahktupp S\u00f5na &#8216;KOLMETERALINE NOA&#8217; t\u00e4histab kolme lahingupinnaga relva Selle relva iseloomulik kuju on omistatud otse latgalitele. Samal ajal oli relv \u00abskramasax\u00bb laialt levinud ka Eesti ja Soome territooriumil, Tera enda kuju v\u00f5ib nimetada meditsiiniliselt anatoomiliseks, sest selle loomisel m\u00f5isteti s\u00fcgavalt tera liikumist ja selle v\u00f5imet tekitada k\u00f5ige s\u00fcgavamaid l\u00f5ikeid ja luu&hellip;<\/p>\n","protected":false},"featured_media":101873,"template":"","meta":{"_themeisle_gutenberg_block_has_review":false},"product_brand":[],"product_cat":[354,348],"product_tag":[],"class_list":{"0":"post-89584","1":"product","2":"type-product","3":"status-publish","4":"has-post-thumbnail","6":"product_cat-kirved","7":"product_cat-kooginoad","9":"first","10":"instock","11":"shipping-taxable","12":"purchasable","13":"product-type-simple"},"yoast_head":"<!-- This site is optimized with the Yoast SEO plugin v27.5 - https:\/\/yoast.com\/product\/yoast-seo-wordpress\/ -->\n<title>Vana-L\u00e4ti relv ja t\u00f6\u00f6riist - &quot;KOLME TERAGA nuga&quot; - AAKnives<\/title>\n<meta name=\"description\" content=\"S\u00f5na &#039;KOLMETERALINE NOA&#039; t\u00e4histab kolme lahingupinnaga relva. Selle relva iseloomulik kuju on omistatud otse latgalitele.\" \/>\n<meta name=\"robots\" content=\"index, follow, max-snippet:-1, max-image-preview:large, max-video-preview:-1\" \/>\n<link rel=\"canonical\" href=\"https:\/\/aaknives.eu\/et\/product\/cleaver-sepistatud-kvaliteetne-susinikteras-6\/\" \/>\n<meta property=\"og:locale\" content=\"et_EE\" \/>\n<meta property=\"og:type\" content=\"article\" \/>\n<meta property=\"og:title\" content=\"Vana-L\u00e4ti relv ja t\u00f6\u00f6riist - &quot;KOLME TERAGA nuga&quot; - AAKnives\" \/>\n<meta property=\"og:description\" content=\"S\u00f5na &#039;KOLMETERALINE NOA&#039; t\u00e4histab kolme lahingupinnaga relva. Selle relva iseloomulik kuju on omistatud otse latgalitele.\" \/>\n<meta property=\"og:url\" content=\"https:\/\/aaknives.eu\/et\/product\/cleaver-sepistatud-kvaliteetne-susinikteras-6\/\" \/>\n<meta property=\"og:site_name\" content=\"AAKnives\" \/>\n<meta property=\"article:publisher\" content=\"https:\/\/www.facebook.com\/aaknives.eu\/\" \/>\n<meta property=\"article:modified_time\" content=\"2025-09-29T17:39:11+00:00\" \/>\n<meta property=\"og:image\" content=\"https:\/\/aaknives.eu\/wp-content\/uploads\/2024\/10\/aaknives-hand-forged-damascus-steel-blade-knife-handmade-custom-made-knife-handcrafted-knives-autinetools-northmen-1-25-2.jpg\" \/>\n\t<meta property=\"og:image:width\" content=\"1020\" \/>\n\t<meta property=\"og:image:height\" content=\"880\" \/>\n\t<meta property=\"og:image:type\" content=\"image\/jpeg\" \/>\n<meta name=\"twitter:card\" content=\"summary_large_image\" \/>\n<meta name=\"twitter:label1\" content=\"Est. reading time\" \/>\n\t<meta name=\"twitter:data1\" content=\"1 minut\" \/>\n<script type=\"application\/ld+json\" class=\"yoast-schema-graph\">{\"@context\":\"https:\\\/\\\/schema.org\",\"@graph\":[{\"@type\":\"WebPage\",\"@id\":\"https:\\\/\\\/aaknives.eu\\\/et\\\/product\\\/cleaver-sepistatud-kvaliteetne-susinikteras-6\\\/\",\"url\":\"https:\\\/\\\/aaknives.eu\\\/et\\\/product\\\/cleaver-sepistatud-kvaliteetne-susinikteras-6\\\/\",\"name\":\"Vana-L\u00e4ti relv ja t\u00f6\u00f6riist - \\\"KOLME TERAGA nuga\\\" - AAKnives\",\"isPartOf\":{\"@id\":\"https:\\\/\\\/aaknives.eu\\\/et\\\/#website\"},\"primaryImageOfPage\":{\"@id\":\"https:\\\/\\\/aaknives.eu\\\/et\\\/product\\\/cleaver-sepistatud-kvaliteetne-susinikteras-6\\\/#primaryimage\"},\"image\":{\"@id\":\"https:\\\/\\\/aaknives.eu\\\/et\\\/product\\\/cleaver-sepistatud-kvaliteetne-susinikteras-6\\\/#primaryimage\"},\"thumbnailUrl\":\"https:\\\/\\\/aaknives.eu\\\/wp-content\\\/uploads\\\/2024\\\/10\\\/aaknives-hand-forged-damascus-steel-blade-knife-handmade-custom-made-knife-handcrafted-knives-autinetools-northmen-1-25-2.jpg\",\"datePublished\":\"2024-10-29T01:57:54+00:00\",\"dateModified\":\"2025-09-29T17:39:11+00:00\",\"description\":\"S\u00f5na 'KOLMETERALINE NOA' t\u00e4histab kolme lahingupinnaga relva. Selle relva iseloomulik kuju on omistatud otse latgalitele.\",\"breadcrumb\":{\"@id\":\"https:\\\/\\\/aaknives.eu\\\/et\\\/product\\\/cleaver-sepistatud-kvaliteetne-susinikteras-6\\\/#breadcrumb\"},\"inLanguage\":\"et\",\"potentialAction\":[{\"@type\":\"ReadAction\",\"target\":[\"https:\\\/\\\/aaknives.eu\\\/et\\\/product\\\/cleaver-sepistatud-kvaliteetne-susinikteras-6\\\/\"]}]},{\"@type\":\"ImageObject\",\"inLanguage\":\"et\",\"@id\":\"https:\\\/\\\/aaknives.eu\\\/et\\\/product\\\/cleaver-sepistatud-kvaliteetne-susinikteras-6\\\/#primaryimage\",\"url\":\"https:\\\/\\\/aaknives.eu\\\/wp-content\\\/uploads\\\/2024\\\/10\\\/aaknives-hand-forged-damascus-steel-blade-knife-handmade-custom-made-knife-handcrafted-knives-autinetools-northmen-1-25-2.jpg\",\"contentUrl\":\"https:\\\/\\\/aaknives.eu\\\/wp-content\\\/uploads\\\/2024\\\/10\\\/aaknives-hand-forged-damascus-steel-blade-knife-handmade-custom-made-knife-handcrafted-knives-autinetools-northmen-1-25-2.jpg\",\"width\":1020,\"height\":880},{\"@type\":\"BreadcrumbList\",\"@id\":\"https:\\\/\\\/aaknives.eu\\\/et\\\/product\\\/cleaver-sepistatud-kvaliteetne-susinikteras-6\\\/#breadcrumb\",\"itemListElement\":[{\"@type\":\"ListItem\",\"position\":1,\"name\":\"Home\",\"item\":\"https:\\\/\\\/aaknives.eu\\\/et\\\/kodu\\\/\"},{\"@type\":\"ListItem\",\"position\":2,\"name\":\"Kauplus\",\"item\":\"https:\\\/\\\/aaknives.eu\\\/et\\\/kauplus\\\/\"},{\"@type\":\"ListItem\",\"position\":3,\"name\":\"Vana-L\u00e4ti relv ja t\u00f6\u00f6riist &#8211; &#8220;KOLME TERAGA nuga&#8221;\"}]},{\"@type\":\"WebSite\",\"@id\":\"https:\\\/\\\/aaknives.eu\\\/et\\\/#website\",\"url\":\"https:\\\/\\\/aaknives.eu\\\/et\\\/\",\"name\":\"AAKnives\",\"description\":\"Handmade knives\",\"publisher\":{\"@id\":\"https:\\\/\\\/aaknives.eu\\\/et\\\/#organization\"},\"potentialAction\":[{\"@type\":\"SearchAction\",\"target\":{\"@type\":\"EntryPoint\",\"urlTemplate\":\"https:\\\/\\\/aaknives.eu\\\/et\\\/?s={search_term_string}\"},\"query-input\":{\"@type\":\"PropertyValueSpecification\",\"valueRequired\":true,\"valueName\":\"search_term_string\"}}],\"inLanguage\":\"et\"},{\"@type\":\"Organization\",\"@id\":\"https:\\\/\\\/aaknives.eu\\\/et\\\/#organization\",\"name\":\"AAKnives\",\"url\":\"https:\\\/\\\/aaknives.eu\\\/et\\\/\",\"logo\":{\"@type\":\"ImageObject\",\"inLanguage\":\"et\",\"@id\":\"https:\\\/\\\/aaknives.eu\\\/et\\\/#\\\/schema\\\/logo\\\/image\\\/\",\"url\":\"https:\\\/\\\/aaknives.eu\\\/wp-content\\\/uploads\\\/2021\\\/10\\\/AAknives_Logo_Green.png\",\"contentUrl\":\"https:\\\/\\\/aaknives.eu\\\/wp-content\\\/uploads\\\/2021\\\/10\\\/AAknives_Logo_Green.png\",\"width\":1768,\"height\":1768,\"caption\":\"AAKnives\"},\"image\":{\"@id\":\"https:\\\/\\\/aaknives.eu\\\/et\\\/#\\\/schema\\\/logo\\\/image\\\/\"},\"sameAs\":[\"https:\\\/\\\/www.facebook.com\\\/aaknives.eu\\\/\",\"https:\\\/\\\/www.instagram.com\\\/aaknives\\\/\",\"https:\\\/\\\/www.pinterest.com\\\/aa_knives\\\/\",\"https:\\\/\\\/www.youtube.com\\\/channel\\\/UCHOQFjrOkgT6s4FIw9LDKyw\\\/featured\"]}]}<\/script>\n<!-- \/ Yoast SEO plugin. -->","yoast_head_json":{"title":"Vana-L\u00e4ti relv ja t\u00f6\u00f6riist - \"KOLME TERAGA nuga\" - AAKnives","description":"S\u00f5na 'KOLMETERALINE NOA' t\u00e4histab kolme lahingupinnaga relva. Selle relva iseloomulik kuju on omistatud otse latgalitele.","robots":{"index":"index","follow":"follow","max-snippet":"max-snippet:-1","max-image-preview":"max-image-preview:large","max-video-preview":"max-video-preview:-1"},"canonical":"https:\/\/aaknives.eu\/et\/product\/cleaver-sepistatud-kvaliteetne-susinikteras-6\/","og_locale":"et_EE","og_type":"article","og_title":"Vana-L\u00e4ti relv ja t\u00f6\u00f6riist - \"KOLME TERAGA nuga\" - AAKnives","og_description":"S\u00f5na 'KOLMETERALINE NOA' t\u00e4histab kolme lahingupinnaga relva. Selle relva iseloomulik kuju on omistatud otse latgalitele.","og_url":"https:\/\/aaknives.eu\/et\/product\/cleaver-sepistatud-kvaliteetne-susinikteras-6\/","og_site_name":"AAKnives","article_publisher":"https:\/\/www.facebook.com\/aaknives.eu\/","article_modified_time":"2025-09-29T17:39:11+00:00","og_image":[{"width":1020,"height":880,"url":"https:\/\/aaknives.eu\/wp-content\/uploads\/2024\/10\/aaknives-hand-forged-damascus-steel-blade-knife-handmade-custom-made-knife-handcrafted-knives-autinetools-northmen-1-25-2.jpg","type":"image\/jpeg"}],"twitter_card":"summary_large_image","twitter_misc":{"Est. reading time":"1 minut"},"schema":{"@context":"https:\/\/schema.org","@graph":[{"@type":"WebPage","@id":"https:\/\/aaknives.eu\/et\/product\/cleaver-sepistatud-kvaliteetne-susinikteras-6\/","url":"https:\/\/aaknives.eu\/et\/product\/cleaver-sepistatud-kvaliteetne-susinikteras-6\/","name":"Vana-L\u00e4ti relv ja t\u00f6\u00f6riist - \"KOLME TERAGA nuga\" - AAKnives","isPartOf":{"@id":"https:\/\/aaknives.eu\/et\/#website"},"primaryImageOfPage":{"@id":"https:\/\/aaknives.eu\/et\/product\/cleaver-sepistatud-kvaliteetne-susinikteras-6\/#primaryimage"},"image":{"@id":"https:\/\/aaknives.eu\/et\/product\/cleaver-sepistatud-kvaliteetne-susinikteras-6\/#primaryimage"},"thumbnailUrl":"https:\/\/aaknives.eu\/wp-content\/uploads\/2024\/10\/aaknives-hand-forged-damascus-steel-blade-knife-handmade-custom-made-knife-handcrafted-knives-autinetools-northmen-1-25-2.jpg","datePublished":"2024-10-29T01:57:54+00:00","dateModified":"2025-09-29T17:39:11+00:00","description":"S\u00f5na 'KOLMETERALINE NOA' t\u00e4histab kolme lahingupinnaga relva. Selle relva iseloomulik kuju on omistatud otse latgalitele.","breadcrumb":{"@id":"https:\/\/aaknives.eu\/et\/product\/cleaver-sepistatud-kvaliteetne-susinikteras-6\/#breadcrumb"},"inLanguage":"et","potentialAction":[{"@type":"ReadAction","target":["https:\/\/aaknives.eu\/et\/product\/cleaver-sepistatud-kvaliteetne-susinikteras-6\/"]}]},{"@type":"ImageObject","inLanguage":"et","@id":"https:\/\/aaknives.eu\/et\/product\/cleaver-sepistatud-kvaliteetne-susinikteras-6\/#primaryimage","url":"https:\/\/aaknives.eu\/wp-content\/uploads\/2024\/10\/aaknives-hand-forged-damascus-steel-blade-knife-handmade-custom-made-knife-handcrafted-knives-autinetools-northmen-1-25-2.jpg","contentUrl":"https:\/\/aaknives.eu\/wp-content\/uploads\/2024\/10\/aaknives-hand-forged-damascus-steel-blade-knife-handmade-custom-made-knife-handcrafted-knives-autinetools-northmen-1-25-2.jpg","width":1020,"height":880},{"@type":"BreadcrumbList","@id":"https:\/\/aaknives.eu\/et\/product\/cleaver-sepistatud-kvaliteetne-susinikteras-6\/#breadcrumb","itemListElement":[{"@type":"ListItem","position":1,"name":"Home","item":"https:\/\/aaknives.eu\/et\/kodu\/"},{"@type":"ListItem","position":2,"name":"Kauplus","item":"https:\/\/aaknives.eu\/et\/kauplus\/"},{"@type":"ListItem","position":3,"name":"Vana-L\u00e4ti relv ja t\u00f6\u00f6riist &#8211; &#8220;KOLME TERAGA nuga&#8221;"}]},{"@type":"WebSite","@id":"https:\/\/aaknives.eu\/et\/#website","url":"https:\/\/aaknives.eu\/et\/","name":"AAKnives","description":"Handmade knives","publisher":{"@id":"https:\/\/aaknives.eu\/et\/#organization"},"potentialAction":[{"@type":"SearchAction","target":{"@type":"EntryPoint","urlTemplate":"https:\/\/aaknives.eu\/et\/?s={search_term_string}"},"query-input":{"@type":"PropertyValueSpecification","valueRequired":true,"valueName":"search_term_string"}}],"inLanguage":"et"},{"@type":"Organization","@id":"https:\/\/aaknives.eu\/et\/#organization","name":"AAKnives","url":"https:\/\/aaknives.eu\/et\/","logo":{"@type":"ImageObject","inLanguage":"et","@id":"https:\/\/aaknives.eu\/et\/#\/schema\/logo\/image\/","url":"https:\/\/aaknives.eu\/wp-content\/uploads\/2021\/10\/AAknives_Logo_Green.png","contentUrl":"https:\/\/aaknives.eu\/wp-content\/uploads\/2021\/10\/AAknives_Logo_Green.png","width":1768,"height":1768,"caption":"AAKnives"},"image":{"@id":"https:\/\/aaknives.eu\/et\/#\/schema\/logo\/image\/"},"sameAs":["https:\/\/www.facebook.com\/aaknives.eu\/","https:\/\/www.instagram.com\/aaknives\/","https:\/\/www.pinterest.com\/aa_knives\/","https:\/\/www.youtube.com\/channel\/UCHOQFjrOkgT6s4FIw9LDKyw\/featured"]}]}},"_links":{"self":[{"href":"https:\/\/aaknives.eu\/et\/wp-json\/wp\/v2\/product\/89584","targetHints":{"allow":["GET"]}}],"collection":[{"href":"https:\/\/aaknives.eu\/et\/wp-json\/wp\/v2\/product"}],"about":[{"href":"https:\/\/aaknives.eu\/et\/wp-json\/wp\/v2\/types\/product"}],"wp:featuredmedia":[{"embeddable":true,"href":"https:\/\/aaknives.eu\/et\/wp-json\/wp\/v2\/media\/101873"}],"wp:attachment":[{"href":"https:\/\/aaknives.eu\/et\/wp-json\/wp\/v2\/media?parent=89584"}],"wp:term":[{"taxonomy":"product_brand","embeddable":true,"href":"https:\/\/aaknives.eu\/et\/wp-json\/wp\/v2\/product_brand?post=89584"},{"taxonomy":"product_cat","embeddable":true,"href":"https:\/\/aaknives.eu\/et\/wp-json\/wp\/v2\/product_cat?post=89584"},{"taxonomy":"product_tag","embeddable":true,"href":"https:\/\/aaknives.eu\/et\/wp-json\/wp\/v2\/product_tag?post=89584"}],"curies":[{"name":"wp","href":"https:\/\/api.w.org\/{rel}","templated":true}]}}