{"id":89589,"date":"2024-10-29T01:57:26","date_gmt":"2024-10-29T01:57:26","guid":{"rendered":"https:\/\/aaknives.eu\/?post_type=product&#038;p=89589"},"modified":"2024-10-29T03:03:13","modified_gmt":"2024-10-29T03:03:13","slug":"nuga-bear-bohler-uddeholm-k340-noateras","status":"publish","type":"product","link":"https:\/\/aaknives.eu\/et\/product\/nuga-bear-bohler-uddeholm-k340-noateras\/","title":{"rendered":"Nuga &#8221;BEAR&#8221;, Bohler &#8211; Uddeholm K340 noateras"},"content":{"rendered":"<p>Noa spetsifikatsioonid: \u201dBEAR\u201d<br \/>\nTeras: Rootsi K340 (Bohler-Uddeholm) \u2013 Bohler-Uddeholm k\u00fclmt\u00f6\u00f6tusteras<br \/>\nK\u00f5vadus: 60-61 HRC<br \/>\nTera pikkus (mm): 108 \/ 4,25 tolli<br \/>\nTera paksus (mm): 3 \/0,12 tolli<br \/>\nTera laius (mm): 30 \/ 1,18 tolli<br \/>\nK\u00e4epide: stabiliseeritud karjalane kask<br \/>\nKogupikkus (mm): 233 \/ 9,17 tolli<\/p>\n<div class=\"_1i6a\">\n<div class=\"_4po3 _4poa\">\n<div class=\"_4po5\">\n<div class=\"_4po8\">\n<div class=\"_4po9\">\n<div>\n<div class=\"_4tdt _ua1\">\n<div class=\"_ua2\">\n<div class=\"_4tdv\">\n<div class=\"_5wd4 _1nc7\">\n<div class=\"._1dlq _h8t\">\n<div class=\"_5wd9 direction_ltr clearfix\">\n<div class=\"_1e-x _n4o\">\n<div class=\"_3_bl\">\n<div class=\"_5w1r _3_om _5wdf\">\n<div class=\"_4gx_\">\n<div class=\"_1aa6\">\n<div class=\"\">\n<p>Bohler-Uddeholm K340 noateras<\/p>\n<p>\u00a0<\/p>\n<p>K340 (Bohler-Uddeholm) \u2013 Bohler-Uddeholmi k\u00fclmt\u00f6\u00f6tusteras. Sisaldab ka Al.<\/p>\n<p>Tootmistehnoloogia \u2013 ESR<\/p>\n<p>Riik \u2013 Rootsi (SE)<\/p>\n<p>Tuntud varjunimed: Bohler-Uddeholm \u2013 K340 Isodur<\/p>\n<p>B\u00d6HLER K340 ISODUR, 8% kroomitud teras, on valmistatud elektrir\u00e4bu \u00fcmber sulatamise (ESR) teel. B\u00d6HLERi poolt v\u00e4lja t\u00f6\u00f6tatud ja katsetatud \u00fcmber sulatamise tehnoloogia tagab \u00e4\u00e4rmiselt madala mikro- ja makroseegregatsiooni ning annab materjalile puhtuse ja homogeensuse, mis on vajalik, et saavutada praktikas silmapaistvad tulemused.<\/p>\n<p>Bohler K340 \u2013 Bohler Uddeholm Group Tool Steel. V\u00f5rreldes analoogmudeliga on X12MF suurema puhtuse ja suurema vastupidavusega. See on parim valik jahi- v\u00f5i v\u00e4litingimustes kasutatavate nugade jaoks.<\/p>\n<p>\u00a0<\/p>\n<p>Keemiline koostis massi j\u00e4rgi: 1,10% C, 0,70% Si, 0,40% Mn, 8,20% Cr, 2,10% Mo, 0,50% V, + Al, Nb.<\/p>\n<p>Kuumt\u00f6\u00f6tlus<\/p>\n<p>Karastamine: 1020-1060 C (1870-1940 F). \u00d5li, soolavann, suru\u00f5hk, \u00f5hk, vaakum. P\u00e4rast kuumutamist hoidke 15-30 minutit.<\/p>\n<p>Karastamine: Aeglane kuumutamine sulatamistemperatuurini kohe p\u00e4rast k\u00f5venemist. Aeg ahjus 1 tund iga 20 mm (0,79 tolli) tooriku paksuse kohta, kuid v\u00e4hemalt 2 tundi. \u00d5hujahutus.<\/p>\n<p>\u00a0<\/p>\n<\/div>\n<\/div>\n<\/div>\n<\/div>\n<\/div>\n<p>\u00a0<\/p>\n<\/div>\n<\/div>\n<\/div>\n<div class=\"_40qi\"><\/div>\n<\/div>\n<\/div>\n<\/div>\n<\/div>\n<\/div>\n<div class=\"_4gd0\">\n<div><\/div>\n<\/div>\n<div class=\"_4gd0\">\n<div class=\"_510g\"><\/div>\n<\/div>\n<\/div>\n<\/div>\n<\/div>\n<\/div>\n<\/div>\n<div class=\"fbNubFlyoutFooter\" data-testid=\"composer_root\">\n<div class=\"_1d4_\" role=\"presentation\">\n<div class=\"_552h\">\n<div class=\"\">\n<div tabindex=\"-1\">\n<div class=\"_5rp7 _5rp8\">\n<div class=\"_5rpb\">\n<div class=\"notranslate _5rpu\" role=\"combobox\" contenteditable=\"true\" spellcheck=\"true\" aria-autocomplete=\"list\" aria-controls=\"js_46\" aria-describedby=\"placeholder-fb8dt\" aria-expanded=\"false\">\n<div data-contents=\"true\">\n<div data-block=\"true\" data-editor=\"fb8dt\" data-offset-key=\"9l77l-0-0\"><\/div>\n<\/div>\n<\/div>\n<\/div>\n<\/div>\n<\/div>\n<\/div>\n<\/div>\n<\/div>\n<\/div>\n","protected":false},"excerpt":{"rendered":"<p>Noa spetsifikatsioonid: \u201dBEAR\u201d Teras: Rootsi K340 (Bohler-Uddeholm) \u2013 Bohler-Uddeholm k\u00fclmt\u00f6\u00f6tusteras K\u00f5vadus: 60-61 HRC Tera pikkus (mm): 108 \/ 4,25 tolli Tera paksus (mm): 3 \/0,12 tolli Tera laius (mm): 30 \/ 1,18 tolli K\u00e4epide: stabiliseeritud karjalane kask Kogupikkus (mm): 233 \/ 9,17 tolli Bohler-Uddeholm K340 noateras \u00a0 K340 (Bohler-Uddeholm) \u2013 Bohler-Uddeholmi k\u00fclmt\u00f6\u00f6tusteras. Sisaldab ka Al. Tootmistehnoloogia \u2013 ESR Riik \u2013 Rootsi (SE) Tuntud varjunimed: Bohler-Uddeholm \u2013 K340 Isodur B\u00d6HLER K340 ISODUR, 8% kroomitud teras, on valmistatud elektrir\u00e4bu \u00fcmber sulatamise (ESR) teel. B\u00d6HLERi poolt v\u00e4lja t\u00f6\u00f6tatud ja katsetatud \u00fcmber sulatamise tehnoloogia tagab \u00e4\u00e4rmiselt madala mikro- ja makroseegregatsiooni ning annab materjalile puhtuse&hellip;<\/p>\n","protected":false},"featured_media":86447,"template":"","meta":{"_themeisle_gutenberg_block_has_review":false},"product_brand":[],"product_cat":[345,343,346],"product_tag":[],"class_list":{"0":"post-89589","1":"product","2":"type-product","3":"status-publish","4":"has-post-thumbnail","6":"product_cat-jahinoad","7":"product_cat-kalapuugi-noad","8":"product_cat-matkanoad","10":"first","11":"outofstock","12":"shipping-taxable","13":"purchasable","14":"product-type-simple"},"yoast_head":"<!-- This site is optimized with the Yoast SEO plugin v27.5 - https:\/\/yoast.com\/product\/yoast-seo-wordpress\/ -->\n<title>Nuga &#039;&#039;BEAR&#039;&#039;, Bohler - Uddeholm K340 noateras - AAKnives<\/title>\n<meta name=\"description\" content=\"Nuga &#039;&#039;BEAR&#039;&#039;, Bohler - Uddeholm K340 nuga teras, aaknives nuga, jahinuga, outdoor nuga, sepistatud terasest nuga, rootsi terasest nuga\" \/>\n<meta name=\"robots\" content=\"index, follow, max-snippet:-1, max-image-preview:large, max-video-preview:-1\" \/>\n<link rel=\"canonical\" href=\"https:\/\/aaknives.eu\/et\/product\/nuga-bear-bohler-uddeholm-k340-noateras\/\" \/>\n<meta property=\"og:locale\" content=\"et_EE\" \/>\n<meta property=\"og:type\" content=\"article\" \/>\n<meta property=\"og:title\" content=\"Nuga &#039;&#039;BEAR&#039;&#039;, Bohler - Uddeholm K340 noateras - AAKnives\" \/>\n<meta property=\"og:description\" content=\"Nuga &#039;&#039;BEAR&#039;&#039;, Bohler - Uddeholm K340 nuga teras, aaknives nuga, jahinuga, outdoor nuga, sepistatud terasest nuga, rootsi terasest nuga\" \/>\n<meta property=\"og:url\" content=\"https:\/\/aaknives.eu\/et\/product\/nuga-bear-bohler-uddeholm-k340-noateras\/\" \/>\n<meta property=\"og:site_name\" content=\"AAKnives\" \/>\n<meta property=\"article:publisher\" content=\"https:\/\/www.facebook.com\/aaknives.eu\/\" \/>\n<meta property=\"article:modified_time\" content=\"2024-10-29T03:03:13+00:00\" \/>\n<meta property=\"og:image\" content=\"https:\/\/aaknives.eu\/wp-content\/uploads\/2024\/10\/aaknives-hand-forged-dabascus-steel-blade-knife-handmade-custom-made-knife-handcrafted-knives-autinetools-northmen-8-1-1-5-3.jpg\" \/>\n\t<meta property=\"og:image:width\" content=\"800\" \/>\n\t<meta property=\"og:image:height\" content=\"600\" \/>\n\t<meta property=\"og:image:type\" content=\"image\/jpeg\" \/>\n<meta name=\"twitter:card\" content=\"summary_large_image\" \/>\n<meta name=\"twitter:label1\" content=\"Est. reading time\" \/>\n\t<meta name=\"twitter:data1\" content=\"1 minut\" \/>\n<script type=\"application\/ld+json\" class=\"yoast-schema-graph\">{\"@context\":\"https:\\\/\\\/schema.org\",\"@graph\":[{\"@type\":\"WebPage\",\"@id\":\"https:\\\/\\\/aaknives.eu\\\/et\\\/product\\\/nuga-bear-bohler-uddeholm-k340-noateras\\\/\",\"url\":\"https:\\\/\\\/aaknives.eu\\\/et\\\/product\\\/nuga-bear-bohler-uddeholm-k340-noateras\\\/\",\"name\":\"Nuga ''BEAR'', Bohler - Uddeholm K340 noateras - AAKnives\",\"isPartOf\":{\"@id\":\"https:\\\/\\\/aaknives.eu\\\/et\\\/#website\"},\"primaryImageOfPage\":{\"@id\":\"https:\\\/\\\/aaknives.eu\\\/et\\\/product\\\/nuga-bear-bohler-uddeholm-k340-noateras\\\/#primaryimage\"},\"image\":{\"@id\":\"https:\\\/\\\/aaknives.eu\\\/et\\\/product\\\/nuga-bear-bohler-uddeholm-k340-noateras\\\/#primaryimage\"},\"thumbnailUrl\":\"https:\\\/\\\/aaknives.eu\\\/wp-content\\\/uploads\\\/2024\\\/10\\\/aaknives-hand-forged-dabascus-steel-blade-knife-handmade-custom-made-knife-handcrafted-knives-autinetools-northmen-8-1-1-5-3.jpg\",\"datePublished\":\"2024-10-29T01:57:26+00:00\",\"dateModified\":\"2024-10-29T03:03:13+00:00\",\"description\":\"Nuga ''BEAR'', Bohler - Uddeholm K340 nuga teras, aaknives nuga, jahinuga, outdoor nuga, sepistatud terasest nuga, rootsi terasest nuga\",\"breadcrumb\":{\"@id\":\"https:\\\/\\\/aaknives.eu\\\/et\\\/product\\\/nuga-bear-bohler-uddeholm-k340-noateras\\\/#breadcrumb\"},\"inLanguage\":\"et\",\"potentialAction\":[{\"@type\":\"ReadAction\",\"target\":[\"https:\\\/\\\/aaknives.eu\\\/et\\\/product\\\/nuga-bear-bohler-uddeholm-k340-noateras\\\/\"]}]},{\"@type\":\"ImageObject\",\"inLanguage\":\"et\",\"@id\":\"https:\\\/\\\/aaknives.eu\\\/et\\\/product\\\/nuga-bear-bohler-uddeholm-k340-noateras\\\/#primaryimage\",\"url\":\"https:\\\/\\\/aaknives.eu\\\/wp-content\\\/uploads\\\/2024\\\/10\\\/aaknives-hand-forged-dabascus-steel-blade-knife-handmade-custom-made-knife-handcrafted-knives-autinetools-northmen-8-1-1-5-3.jpg\",\"contentUrl\":\"https:\\\/\\\/aaknives.eu\\\/wp-content\\\/uploads\\\/2024\\\/10\\\/aaknives-hand-forged-dabascus-steel-blade-knife-handmade-custom-made-knife-handcrafted-knives-autinetools-northmen-8-1-1-5-3.jpg\",\"width\":800,\"height\":600},{\"@type\":\"BreadcrumbList\",\"@id\":\"https:\\\/\\\/aaknives.eu\\\/et\\\/product\\\/nuga-bear-bohler-uddeholm-k340-noateras\\\/#breadcrumb\",\"itemListElement\":[{\"@type\":\"ListItem\",\"position\":1,\"name\":\"Home\",\"item\":\"https:\\\/\\\/aaknives.eu\\\/et\\\/kodu\\\/\"},{\"@type\":\"ListItem\",\"position\":2,\"name\":\"Kauplus\",\"item\":\"https:\\\/\\\/aaknives.eu\\\/et\\\/kauplus\\\/\"},{\"@type\":\"ListItem\",\"position\":3,\"name\":\"Nuga &#8221;BEAR&#8221;, Bohler &#8211; Uddeholm K340 noateras\"}]},{\"@type\":\"WebSite\",\"@id\":\"https:\\\/\\\/aaknives.eu\\\/et\\\/#website\",\"url\":\"https:\\\/\\\/aaknives.eu\\\/et\\\/\",\"name\":\"AAKnives\",\"description\":\"Handmade knives\",\"publisher\":{\"@id\":\"https:\\\/\\\/aaknives.eu\\\/et\\\/#organization\"},\"alternateName\":\"Anri Ananin Knives\",\"potentialAction\":[{\"@type\":\"SearchAction\",\"target\":{\"@type\":\"EntryPoint\",\"urlTemplate\":\"https:\\\/\\\/aaknives.eu\\\/et\\\/?s={search_term_string}\"},\"query-input\":{\"@type\":\"PropertyValueSpecification\",\"valueRequired\":true,\"valueName\":\"search_term_string\"}}],\"inLanguage\":\"et\"},{\"@type\":\"Organization\",\"@id\":\"https:\\\/\\\/aaknives.eu\\\/et\\\/#organization\",\"name\":\"AAKnives\",\"url\":\"https:\\\/\\\/aaknives.eu\\\/et\\\/\",\"logo\":{\"@type\":\"ImageObject\",\"inLanguage\":\"et\",\"@id\":\"https:\\\/\\\/aaknives.eu\\\/et\\\/#\\\/schema\\\/logo\\\/image\\\/\",\"url\":\"https:\\\/\\\/aaknives.eu\\\/wp-content\\\/uploads\\\/2021\\\/10\\\/AAknives_Logo_Green.png\",\"contentUrl\":\"https:\\\/\\\/aaknives.eu\\\/wp-content\\\/uploads\\\/2021\\\/10\\\/AAknives_Logo_Green.png\",\"width\":1768,\"height\":1768,\"caption\":\"AAKnives\"},\"image\":{\"@id\":\"https:\\\/\\\/aaknives.eu\\\/et\\\/#\\\/schema\\\/logo\\\/image\\\/\"},\"sameAs\":[\"https:\\\/\\\/www.facebook.com\\\/aaknives.eu\\\/\",\"https:\\\/\\\/www.instagram.com\\\/aaknives\\\/\",\"https:\\\/\\\/www.pinterest.com\\\/aa_knives\\\/\",\"https:\\\/\\\/www.youtube.com\\\/@aaknives9518\"]}]}<\/script>\n<!-- \/ Yoast SEO plugin. -->","yoast_head_json":{"title":"Nuga ''BEAR'', Bohler - Uddeholm K340 noateras - AAKnives","description":"Nuga ''BEAR'', Bohler - Uddeholm K340 nuga teras, aaknives nuga, jahinuga, outdoor nuga, sepistatud terasest nuga, rootsi terasest nuga","robots":{"index":"index","follow":"follow","max-snippet":"max-snippet:-1","max-image-preview":"max-image-preview:large","max-video-preview":"max-video-preview:-1"},"canonical":"https:\/\/aaknives.eu\/et\/product\/nuga-bear-bohler-uddeholm-k340-noateras\/","og_locale":"et_EE","og_type":"article","og_title":"Nuga ''BEAR'', Bohler - Uddeholm K340 noateras - AAKnives","og_description":"Nuga ''BEAR'', Bohler - Uddeholm K340 nuga teras, aaknives nuga, jahinuga, outdoor nuga, sepistatud terasest nuga, rootsi terasest nuga","og_url":"https:\/\/aaknives.eu\/et\/product\/nuga-bear-bohler-uddeholm-k340-noateras\/","og_site_name":"AAKnives","article_publisher":"https:\/\/www.facebook.com\/aaknives.eu\/","article_modified_time":"2024-10-29T03:03:13+00:00","og_image":[{"width":800,"height":600,"url":"https:\/\/aaknives.eu\/wp-content\/uploads\/2024\/10\/aaknives-hand-forged-dabascus-steel-blade-knife-handmade-custom-made-knife-handcrafted-knives-autinetools-northmen-8-1-1-5-3.jpg","type":"image\/jpeg"}],"twitter_card":"summary_large_image","twitter_misc":{"Est. reading time":"1 minut"},"schema":{"@context":"https:\/\/schema.org","@graph":[{"@type":"WebPage","@id":"https:\/\/aaknives.eu\/et\/product\/nuga-bear-bohler-uddeholm-k340-noateras\/","url":"https:\/\/aaknives.eu\/et\/product\/nuga-bear-bohler-uddeholm-k340-noateras\/","name":"Nuga ''BEAR'', Bohler - Uddeholm K340 noateras - AAKnives","isPartOf":{"@id":"https:\/\/aaknives.eu\/et\/#website"},"primaryImageOfPage":{"@id":"https:\/\/aaknives.eu\/et\/product\/nuga-bear-bohler-uddeholm-k340-noateras\/#primaryimage"},"image":{"@id":"https:\/\/aaknives.eu\/et\/product\/nuga-bear-bohler-uddeholm-k340-noateras\/#primaryimage"},"thumbnailUrl":"https:\/\/aaknives.eu\/wp-content\/uploads\/2024\/10\/aaknives-hand-forged-dabascus-steel-blade-knife-handmade-custom-made-knife-handcrafted-knives-autinetools-northmen-8-1-1-5-3.jpg","datePublished":"2024-10-29T01:57:26+00:00","dateModified":"2024-10-29T03:03:13+00:00","description":"Nuga ''BEAR'', Bohler - Uddeholm K340 nuga teras, aaknives nuga, jahinuga, outdoor nuga, sepistatud terasest nuga, rootsi terasest nuga","breadcrumb":{"@id":"https:\/\/aaknives.eu\/et\/product\/nuga-bear-bohler-uddeholm-k340-noateras\/#breadcrumb"},"inLanguage":"et","potentialAction":[{"@type":"ReadAction","target":["https:\/\/aaknives.eu\/et\/product\/nuga-bear-bohler-uddeholm-k340-noateras\/"]}]},{"@type":"ImageObject","inLanguage":"et","@id":"https:\/\/aaknives.eu\/et\/product\/nuga-bear-bohler-uddeholm-k340-noateras\/#primaryimage","url":"https:\/\/aaknives.eu\/wp-content\/uploads\/2024\/10\/aaknives-hand-forged-dabascus-steel-blade-knife-handmade-custom-made-knife-handcrafted-knives-autinetools-northmen-8-1-1-5-3.jpg","contentUrl":"https:\/\/aaknives.eu\/wp-content\/uploads\/2024\/10\/aaknives-hand-forged-dabascus-steel-blade-knife-handmade-custom-made-knife-handcrafted-knives-autinetools-northmen-8-1-1-5-3.jpg","width":800,"height":600},{"@type":"BreadcrumbList","@id":"https:\/\/aaknives.eu\/et\/product\/nuga-bear-bohler-uddeholm-k340-noateras\/#breadcrumb","itemListElement":[{"@type":"ListItem","position":1,"name":"Home","item":"https:\/\/aaknives.eu\/et\/kodu\/"},{"@type":"ListItem","position":2,"name":"Kauplus","item":"https:\/\/aaknives.eu\/et\/kauplus\/"},{"@type":"ListItem","position":3,"name":"Nuga &#8221;BEAR&#8221;, Bohler &#8211; Uddeholm K340 noateras"}]},{"@type":"WebSite","@id":"https:\/\/aaknives.eu\/et\/#website","url":"https:\/\/aaknives.eu\/et\/","name":"AAKnives","description":"Handmade knives","publisher":{"@id":"https:\/\/aaknives.eu\/et\/#organization"},"alternateName":"Anri Ananin Knives","potentialAction":[{"@type":"SearchAction","target":{"@type":"EntryPoint","urlTemplate":"https:\/\/aaknives.eu\/et\/?s={search_term_string}"},"query-input":{"@type":"PropertyValueSpecification","valueRequired":true,"valueName":"search_term_string"}}],"inLanguage":"et"},{"@type":"Organization","@id":"https:\/\/aaknives.eu\/et\/#organization","name":"AAKnives","url":"https:\/\/aaknives.eu\/et\/","logo":{"@type":"ImageObject","inLanguage":"et","@id":"https:\/\/aaknives.eu\/et\/#\/schema\/logo\/image\/","url":"https:\/\/aaknives.eu\/wp-content\/uploads\/2021\/10\/AAknives_Logo_Green.png","contentUrl":"https:\/\/aaknives.eu\/wp-content\/uploads\/2021\/10\/AAknives_Logo_Green.png","width":1768,"height":1768,"caption":"AAKnives"},"image":{"@id":"https:\/\/aaknives.eu\/et\/#\/schema\/logo\/image\/"},"sameAs":["https:\/\/www.facebook.com\/aaknives.eu\/","https:\/\/www.instagram.com\/aaknives\/","https:\/\/www.pinterest.com\/aa_knives\/","https:\/\/www.youtube.com\/@aaknives9518"]}]}},"_links":{"self":[{"href":"https:\/\/aaknives.eu\/et\/wp-json\/wp\/v2\/product\/89589","targetHints":{"allow":["GET"]}}],"collection":[{"href":"https:\/\/aaknives.eu\/et\/wp-json\/wp\/v2\/product"}],"about":[{"href":"https:\/\/aaknives.eu\/et\/wp-json\/wp\/v2\/types\/product"}],"wp:featuredmedia":[{"embeddable":true,"href":"https:\/\/aaknives.eu\/et\/wp-json\/wp\/v2\/media\/86447"}],"wp:attachment":[{"href":"https:\/\/aaknives.eu\/et\/wp-json\/wp\/v2\/media?parent=89589"}],"wp:term":[{"taxonomy":"product_brand","embeddable":true,"href":"https:\/\/aaknives.eu\/et\/wp-json\/wp\/v2\/product_brand?post=89589"},{"taxonomy":"product_cat","embeddable":true,"href":"https:\/\/aaknives.eu\/et\/wp-json\/wp\/v2\/product_cat?post=89589"},{"taxonomy":"product_tag","embeddable":true,"href":"https:\/\/aaknives.eu\/et\/wp-json\/wp\/v2\/product_tag?post=89589"}],"curies":[{"name":"wp","href":"https:\/\/api.w.org\/{rel}","templated":true}]}}