{"id":89591,"date":"2024-10-29T01:57:26","date_gmt":"2024-10-29T01:57:26","guid":{"rendered":"https:\/\/aaknives.eu\/?post_type=product&#038;p=89591"},"modified":"2025-02-06T16:18:27","modified_gmt":"2025-02-06T16:18:27","slug":"lati-mootorsaag-jumis-sepistatud-roostevabast-terasest-sandvik-12c27","status":"publish","type":"product","link":"https:\/\/aaknives.eu\/et\/product\/lati-mootorsaag-jumis-sepistatud-roostevabast-terasest-sandvik-12c27\/","title":{"rendered":"L\u00e4ti mootorsaag &#8221;JUMIS&#8221;, sepistatud roostevabast terasest Sandvik 12c27"},"content":{"rendered":"<p>JUMIS &#8211; KAEVU M\u00c4RK &#8211; USINSH &#8211; MARA RIST &#8211; \u00c4IKESERIST &#8211; AUSTRA PUU &#8211; AUSEKLIS &#8211; ADDER<\/p>\n<p>Noa tehnilised andmed: &#8221;JUMIS&#8221;<br \/>\nTeras: sepistatud roostevaba teras Sandvik 12c27<br \/>\nK\u00f5vadus: 57-58 HRC<br \/>\nTera pikkus (mm): 134 \/ 5,27 tolli<br \/>\nTera paksus (mm): 3 \/ 0,12 tolli<br \/>\nTera laius (mm): 29 \/1,14 tolli<br \/>\nK\u00e4epide: Aafrika sebrano puit<br \/>\nKogupikkus (mm): 260 \/ 10,23 tolli<\/p>\n<p>Kuigi L\u00e4ti 101. aastap\u00e4ev on m\u00f6\u00f6das, tasub siiski m\u00f5elda tunnetele, mida iga\u00fcks meist m\u00e4letab, sest esimene 100. aastap\u00e4ev on eriline ja ka v\u00f5imalus elada selle ajastul, kuid meie rahva juured ulatuvad kaugemale minevikku. Ajad muutuvad, inimesed muutuvad, kuid on asju, mis on aja jooksul muutunud peaaegu iseenesestm\u00f5istetavaks, sest need on osa meie identiteedist. L\u00e4ti m\u00e4rgid. V\u00f6\u00f6desse kootud, kindadesse kootud, kividesse ja relvadesse graveeritud, nii et nende olemasolu kaitseb eba\u00f5nne eest, toob \u00f5nne, edu, tervist ja j\u00f5ukust. Iga jahimees valmistub jahiks ja v\u00f5tab kaasa oma parimad jahivahendid, kuid loodus tekitab m\u00f5nikord olukordi, kus isegi suurep\u00e4rased teadmised ja aastatepikkune kogemus kaalub \u00fcles tavaline \u00f5nn, mis kellelegi juhtub sagedamini, kuid teistele harvemini, mist\u00f5ttu tasub ehk m\u00f5elda v\u00e4\u00e4rtustele, mida meie esivanemad pidasid \u00f5nnelikuks. AAKnives pakub v\u00e4ga erilist nugade seeriat -&#8221; L\u00e4ti 100&#8221;. Kombineerides kvaliteetsed k\u00e4sitsi valmistatud noad ja dekoratiivsed L\u00e4ti v\u00f5imsuse m\u00e4rgid k\u00e4epidemel, saab selle omanik mitte ainult visuaalselt kauni noa, mis on suurep\u00e4rane t\u00e4iendus kollektsioonile, vaid ka suurep\u00e4rane t\u00f6\u00f6vahend. Kaunilt tasakaalustatud vormid, naturaalsetes toonides puidust pulgad ja erinevad L\u00e4ti j\u00f5um\u00e4rgid igale maitsele.<br \/>\nNuga on ka suurep\u00e4rane ja l\u00e4bim\u00f5eldud kingitus s\u00f5brale v\u00f5i kallimale, kuid pea meeles, et kingituse saaja peab andma vastu m\u00fcndi \u2013 see on iidne l\u00e4ti k\u00f5nek\u00e4\u00e4nd! <\/span><\/div>\n","protected":false},"excerpt":{"rendered":"<p>JUMIS &#8211; KAEVU M\u00c4RK &#8211; USINSH &#8211; MARA RIST &#8211; \u00c4IKESERIST &#8211; AUSTRA PUU &#8211; AUSEKLIS &#8211; ADDER Noa tehnilised andmed: &#8221;JUMIS&#8221; Teras: sepistatud roostevaba teras Sandvik 12c27 K\u00f5vadus: 57-58 HRC Tera pikkus (mm): 134 \/ 5,27 tolli Tera paksus (mm): 3 \/ 0,12 tolli Tera laius (mm): 29 \/1,14 tolli K\u00e4epide: Aafrika sebrano puit Kogupikkus (mm): 260 \/ 10,23 tolli Kuigi L\u00e4ti 101. aastap\u00e4ev on m\u00f6\u00f6das, tasub siiski m\u00f5elda tunnetele, mida iga\u00fcks meist m\u00e4letab, sest esimene 100. aastap\u00e4ev on eriline ja ka v\u00f5imalus elada selle ajastul, kuid meie rahva juured ulatuvad kaugemale minevikku. Ajad muutuvad, inimesed muutuvad, kuid on&hellip;<\/p>\n","protected":false},"featured_media":96207,"template":"","meta":{"_themeisle_gutenberg_block_has_review":false},"product_brand":[],"product_cat":[345,343,352,346],"product_tag":[],"class_list":{"0":"post-89591","1":"product","2":"type-product","3":"status-publish","4":"has-post-thumbnail","6":"product_cat-jahinoad","7":"product_cat-kalapuugi-noad","8":"product_cat-lati-jounoad","9":"product_cat-matkanoad","11":"first","12":"outofstock","13":"shipping-taxable","14":"purchasable","15":"product-type-simple"},"yoast_head":"<!-- This site is optimized with the Yoast SEO plugin v27.3 - https:\/\/yoast.com\/product\/yoast-seo-wordpress\/ -->\n<title>L\u00e4ti mootorsaag &#039;&#039;JUMIS&#039;&#039;, sepistatud roostevabast terasest Sandvik 12c27 - AAKnives<\/title>\n<meta name=\"description\" content=\"L\u00e4ti mootorsaag &#039;&#039;JUMIS&#039;&#039;, sepistatud roostevabast terasest Sandvik 12c27\" \/>\n<meta name=\"robots\" content=\"index, follow, max-snippet:-1, max-image-preview:large, max-video-preview:-1\" \/>\n<link rel=\"canonical\" href=\"https:\/\/aaknives.eu\/et\/product\/lati-mootorsaag-jumis-sepistatud-roostevabast-terasest-sandvik-12c27\/\" \/>\n<meta property=\"og:locale\" content=\"et_EE\" \/>\n<meta property=\"og:type\" content=\"article\" \/>\n<meta property=\"og:title\" content=\"L\u00e4ti mootorsaag &#039;&#039;JUMIS&#039;&#039;, sepistatud roostevabast terasest Sandvik 12c27 - AAKnives\" \/>\n<meta property=\"og:description\" content=\"L\u00e4ti mootorsaag &#039;&#039;JUMIS&#039;&#039;, sepistatud roostevabast terasest Sandvik 12c27\" \/>\n<meta property=\"og:url\" content=\"https:\/\/aaknives.eu\/et\/product\/lati-mootorsaag-jumis-sepistatud-roostevabast-terasest-sandvik-12c27\/\" \/>\n<meta property=\"og:site_name\" content=\"AAKnives\" \/>\n<meta property=\"article:publisher\" content=\"https:\/\/www.facebook.com\/aaknives.eu\/\" \/>\n<meta property=\"article:modified_time\" content=\"2025-02-06T16:18:27+00:00\" \/>\n<meta property=\"og:image\" content=\"https:\/\/aaknives.eu\/wp-content\/uploads\/2024\/10\/aaknives-hand-forged-dabascus-steel-blade-knife-handmade-custom-made-knife-handcrafted-knives-autinetools-northmen-30.2-2.jpg\" \/>\n\t<meta property=\"og:image:width\" content=\"1020\" \/>\n\t<meta property=\"og:image:height\" content=\"880\" \/>\n\t<meta property=\"og:image:type\" content=\"image\/jpeg\" \/>\n<meta name=\"twitter:card\" content=\"summary_large_image\" \/>\n<meta name=\"twitter:label1\" content=\"Est. reading time\" \/>\n\t<meta name=\"twitter:data1\" content=\"1 minut\" \/>\n<script type=\"application\/ld+json\" class=\"yoast-schema-graph\">{\"@context\":\"https:\\\/\\\/schema.org\",\"@graph\":[{\"@type\":\"WebPage\",\"@id\":\"https:\\\/\\\/aaknives.eu\\\/et\\\/product\\\/lati-mootorsaag-jumis-sepistatud-roostevabast-terasest-sandvik-12c27\\\/\",\"url\":\"https:\\\/\\\/aaknives.eu\\\/et\\\/product\\\/lati-mootorsaag-jumis-sepistatud-roostevabast-terasest-sandvik-12c27\\\/\",\"name\":\"L\u00e4ti mootorsaag ''JUMIS'', sepistatud roostevabast terasest Sandvik 12c27 - AAKnives\",\"isPartOf\":{\"@id\":\"https:\\\/\\\/aaknives.eu\\\/et\\\/#website\"},\"primaryImageOfPage\":{\"@id\":\"https:\\\/\\\/aaknives.eu\\\/et\\\/product\\\/lati-mootorsaag-jumis-sepistatud-roostevabast-terasest-sandvik-12c27\\\/#primaryimage\"},\"image\":{\"@id\":\"https:\\\/\\\/aaknives.eu\\\/et\\\/product\\\/lati-mootorsaag-jumis-sepistatud-roostevabast-terasest-sandvik-12c27\\\/#primaryimage\"},\"thumbnailUrl\":\"https:\\\/\\\/aaknives.eu\\\/wp-content\\\/uploads\\\/2024\\\/10\\\/aaknives-hand-forged-dabascus-steel-blade-knife-handmade-custom-made-knife-handcrafted-knives-autinetools-northmen-30.2-2.jpg\",\"datePublished\":\"2024-10-29T01:57:26+00:00\",\"dateModified\":\"2025-02-06T16:18:27+00:00\",\"description\":\"L\u00e4ti mootorsaag ''JUMIS'', sepistatud roostevabast terasest Sandvik 12c27\",\"breadcrumb\":{\"@id\":\"https:\\\/\\\/aaknives.eu\\\/et\\\/product\\\/lati-mootorsaag-jumis-sepistatud-roostevabast-terasest-sandvik-12c27\\\/#breadcrumb\"},\"inLanguage\":\"et\",\"potentialAction\":[{\"@type\":\"ReadAction\",\"target\":[\"https:\\\/\\\/aaknives.eu\\\/et\\\/product\\\/lati-mootorsaag-jumis-sepistatud-roostevabast-terasest-sandvik-12c27\\\/\"]}]},{\"@type\":\"ImageObject\",\"inLanguage\":\"et\",\"@id\":\"https:\\\/\\\/aaknives.eu\\\/et\\\/product\\\/lati-mootorsaag-jumis-sepistatud-roostevabast-terasest-sandvik-12c27\\\/#primaryimage\",\"url\":\"https:\\\/\\\/aaknives.eu\\\/wp-content\\\/uploads\\\/2024\\\/10\\\/aaknives-hand-forged-dabascus-steel-blade-knife-handmade-custom-made-knife-handcrafted-knives-autinetools-northmen-30.2-2.jpg\",\"contentUrl\":\"https:\\\/\\\/aaknives.eu\\\/wp-content\\\/uploads\\\/2024\\\/10\\\/aaknives-hand-forged-dabascus-steel-blade-knife-handmade-custom-made-knife-handcrafted-knives-autinetools-northmen-30.2-2.jpg\",\"width\":1020,\"height\":880},{\"@type\":\"BreadcrumbList\",\"@id\":\"https:\\\/\\\/aaknives.eu\\\/et\\\/product\\\/lati-mootorsaag-jumis-sepistatud-roostevabast-terasest-sandvik-12c27\\\/#breadcrumb\",\"itemListElement\":[{\"@type\":\"ListItem\",\"position\":1,\"name\":\"Home\",\"item\":\"https:\\\/\\\/aaknives.eu\\\/et\\\/kodu\\\/\"},{\"@type\":\"ListItem\",\"position\":2,\"name\":\"Kauplus\",\"item\":\"https:\\\/\\\/aaknives.eu\\\/et\\\/kauplus\\\/\"},{\"@type\":\"ListItem\",\"position\":3,\"name\":\"Private: L\u00e4ti mootorsaag &#8221;JUMIS&#8221;, sepistatud roostevabast terasest Sandvik 12c27\"}]},{\"@type\":\"WebSite\",\"@id\":\"https:\\\/\\\/aaknives.eu\\\/et\\\/#website\",\"url\":\"https:\\\/\\\/aaknives.eu\\\/et\\\/\",\"name\":\"AAKnives\",\"description\":\"Handmade knives\",\"publisher\":{\"@id\":\"https:\\\/\\\/aaknives.eu\\\/et\\\/#organization\"},\"potentialAction\":[{\"@type\":\"SearchAction\",\"target\":{\"@type\":\"EntryPoint\",\"urlTemplate\":\"https:\\\/\\\/aaknives.eu\\\/et\\\/?s={search_term_string}\"},\"query-input\":{\"@type\":\"PropertyValueSpecification\",\"valueRequired\":true,\"valueName\":\"search_term_string\"}}],\"inLanguage\":\"et\"},{\"@type\":\"Organization\",\"@id\":\"https:\\\/\\\/aaknives.eu\\\/et\\\/#organization\",\"name\":\"AAKnives\",\"url\":\"https:\\\/\\\/aaknives.eu\\\/et\\\/\",\"logo\":{\"@type\":\"ImageObject\",\"inLanguage\":\"et\",\"@id\":\"https:\\\/\\\/aaknives.eu\\\/et\\\/#\\\/schema\\\/logo\\\/image\\\/\",\"url\":\"https:\\\/\\\/aaknives.eu\\\/wp-content\\\/uploads\\\/2021\\\/10\\\/AAknives_Logo_Green.png\",\"contentUrl\":\"https:\\\/\\\/aaknives.eu\\\/wp-content\\\/uploads\\\/2021\\\/10\\\/AAknives_Logo_Green.png\",\"width\":1768,\"height\":1768,\"caption\":\"AAKnives\"},\"image\":{\"@id\":\"https:\\\/\\\/aaknives.eu\\\/et\\\/#\\\/schema\\\/logo\\\/image\\\/\"},\"sameAs\":[\"https:\\\/\\\/www.facebook.com\\\/aaknives.eu\\\/\",\"https:\\\/\\\/www.instagram.com\\\/aaknives\\\/\",\"https:\\\/\\\/www.pinterest.com\\\/aa_knives\\\/\",\"https:\\\/\\\/www.youtube.com\\\/channel\\\/UCHOQFjrOkgT6s4FIw9LDKyw\\\/featured\"]}]}<\/script>\n<!-- \/ Yoast SEO plugin. -->","yoast_head_json":{"title":"L\u00e4ti mootorsaag ''JUMIS'', sepistatud roostevabast terasest Sandvik 12c27 - AAKnives","description":"L\u00e4ti mootorsaag ''JUMIS'', sepistatud roostevabast terasest Sandvik 12c27","robots":{"index":"index","follow":"follow","max-snippet":"max-snippet:-1","max-image-preview":"max-image-preview:large","max-video-preview":"max-video-preview:-1"},"canonical":"https:\/\/aaknives.eu\/et\/product\/lati-mootorsaag-jumis-sepistatud-roostevabast-terasest-sandvik-12c27\/","og_locale":"et_EE","og_type":"article","og_title":"L\u00e4ti mootorsaag ''JUMIS'', sepistatud roostevabast terasest Sandvik 12c27 - AAKnives","og_description":"L\u00e4ti mootorsaag ''JUMIS'', sepistatud roostevabast terasest Sandvik 12c27","og_url":"https:\/\/aaknives.eu\/et\/product\/lati-mootorsaag-jumis-sepistatud-roostevabast-terasest-sandvik-12c27\/","og_site_name":"AAKnives","article_publisher":"https:\/\/www.facebook.com\/aaknives.eu\/","article_modified_time":"2025-02-06T16:18:27+00:00","og_image":[{"width":1020,"height":880,"url":"https:\/\/aaknives.eu\/wp-content\/uploads\/2024\/10\/aaknives-hand-forged-dabascus-steel-blade-knife-handmade-custom-made-knife-handcrafted-knives-autinetools-northmen-30.2-2.jpg","type":"image\/jpeg"}],"twitter_card":"summary_large_image","twitter_misc":{"Est. reading time":"1 minut"},"schema":{"@context":"https:\/\/schema.org","@graph":[{"@type":"WebPage","@id":"https:\/\/aaknives.eu\/et\/product\/lati-mootorsaag-jumis-sepistatud-roostevabast-terasest-sandvik-12c27\/","url":"https:\/\/aaknives.eu\/et\/product\/lati-mootorsaag-jumis-sepistatud-roostevabast-terasest-sandvik-12c27\/","name":"L\u00e4ti mootorsaag ''JUMIS'', sepistatud roostevabast terasest Sandvik 12c27 - AAKnives","isPartOf":{"@id":"https:\/\/aaknives.eu\/et\/#website"},"primaryImageOfPage":{"@id":"https:\/\/aaknives.eu\/et\/product\/lati-mootorsaag-jumis-sepistatud-roostevabast-terasest-sandvik-12c27\/#primaryimage"},"image":{"@id":"https:\/\/aaknives.eu\/et\/product\/lati-mootorsaag-jumis-sepistatud-roostevabast-terasest-sandvik-12c27\/#primaryimage"},"thumbnailUrl":"https:\/\/aaknives.eu\/wp-content\/uploads\/2024\/10\/aaknives-hand-forged-dabascus-steel-blade-knife-handmade-custom-made-knife-handcrafted-knives-autinetools-northmen-30.2-2.jpg","datePublished":"2024-10-29T01:57:26+00:00","dateModified":"2025-02-06T16:18:27+00:00","description":"L\u00e4ti mootorsaag ''JUMIS'', sepistatud roostevabast terasest Sandvik 12c27","breadcrumb":{"@id":"https:\/\/aaknives.eu\/et\/product\/lati-mootorsaag-jumis-sepistatud-roostevabast-terasest-sandvik-12c27\/#breadcrumb"},"inLanguage":"et","potentialAction":[{"@type":"ReadAction","target":["https:\/\/aaknives.eu\/et\/product\/lati-mootorsaag-jumis-sepistatud-roostevabast-terasest-sandvik-12c27\/"]}]},{"@type":"ImageObject","inLanguage":"et","@id":"https:\/\/aaknives.eu\/et\/product\/lati-mootorsaag-jumis-sepistatud-roostevabast-terasest-sandvik-12c27\/#primaryimage","url":"https:\/\/aaknives.eu\/wp-content\/uploads\/2024\/10\/aaknives-hand-forged-dabascus-steel-blade-knife-handmade-custom-made-knife-handcrafted-knives-autinetools-northmen-30.2-2.jpg","contentUrl":"https:\/\/aaknives.eu\/wp-content\/uploads\/2024\/10\/aaknives-hand-forged-dabascus-steel-blade-knife-handmade-custom-made-knife-handcrafted-knives-autinetools-northmen-30.2-2.jpg","width":1020,"height":880},{"@type":"BreadcrumbList","@id":"https:\/\/aaknives.eu\/et\/product\/lati-mootorsaag-jumis-sepistatud-roostevabast-terasest-sandvik-12c27\/#breadcrumb","itemListElement":[{"@type":"ListItem","position":1,"name":"Home","item":"https:\/\/aaknives.eu\/et\/kodu\/"},{"@type":"ListItem","position":2,"name":"Kauplus","item":"https:\/\/aaknives.eu\/et\/kauplus\/"},{"@type":"ListItem","position":3,"name":"Private: L\u00e4ti mootorsaag &#8221;JUMIS&#8221;, sepistatud roostevabast terasest Sandvik 12c27"}]},{"@type":"WebSite","@id":"https:\/\/aaknives.eu\/et\/#website","url":"https:\/\/aaknives.eu\/et\/","name":"AAKnives","description":"Handmade knives","publisher":{"@id":"https:\/\/aaknives.eu\/et\/#organization"},"potentialAction":[{"@type":"SearchAction","target":{"@type":"EntryPoint","urlTemplate":"https:\/\/aaknives.eu\/et\/?s={search_term_string}"},"query-input":{"@type":"PropertyValueSpecification","valueRequired":true,"valueName":"search_term_string"}}],"inLanguage":"et"},{"@type":"Organization","@id":"https:\/\/aaknives.eu\/et\/#organization","name":"AAKnives","url":"https:\/\/aaknives.eu\/et\/","logo":{"@type":"ImageObject","inLanguage":"et","@id":"https:\/\/aaknives.eu\/et\/#\/schema\/logo\/image\/","url":"https:\/\/aaknives.eu\/wp-content\/uploads\/2021\/10\/AAknives_Logo_Green.png","contentUrl":"https:\/\/aaknives.eu\/wp-content\/uploads\/2021\/10\/AAknives_Logo_Green.png","width":1768,"height":1768,"caption":"AAKnives"},"image":{"@id":"https:\/\/aaknives.eu\/et\/#\/schema\/logo\/image\/"},"sameAs":["https:\/\/www.facebook.com\/aaknives.eu\/","https:\/\/www.instagram.com\/aaknives\/","https:\/\/www.pinterest.com\/aa_knives\/","https:\/\/www.youtube.com\/channel\/UCHOQFjrOkgT6s4FIw9LDKyw\/featured"]}]}},"_links":{"self":[{"href":"https:\/\/aaknives.eu\/et\/wp-json\/wp\/v2\/product\/89591","targetHints":{"allow":["GET"]}}],"collection":[{"href":"https:\/\/aaknives.eu\/et\/wp-json\/wp\/v2\/product"}],"about":[{"href":"https:\/\/aaknives.eu\/et\/wp-json\/wp\/v2\/types\/product"}],"wp:featuredmedia":[{"embeddable":true,"href":"https:\/\/aaknives.eu\/et\/wp-json\/wp\/v2\/media\/96207"}],"wp:attachment":[{"href":"https:\/\/aaknives.eu\/et\/wp-json\/wp\/v2\/media?parent=89591"}],"wp:term":[{"taxonomy":"product_brand","embeddable":true,"href":"https:\/\/aaknives.eu\/et\/wp-json\/wp\/v2\/product_brand?post=89591"},{"taxonomy":"product_cat","embeddable":true,"href":"https:\/\/aaknives.eu\/et\/wp-json\/wp\/v2\/product_cat?post=89591"},{"taxonomy":"product_tag","embeddable":true,"href":"https:\/\/aaknives.eu\/et\/wp-json\/wp\/v2\/product_tag?post=89591"}],"curies":[{"name":"wp","href":"https:\/\/api.w.org\/{rel}","templated":true}]}}