{"id":89604,"date":"2024-10-29T01:56:36","date_gmt":"2024-10-29T01:56:36","guid":{"rendered":"https:\/\/aaknives.eu\/?post_type=product&#038;p=89604"},"modified":"2024-10-29T03:03:00","modified_gmt":"2024-10-29T03:03:00","slug":"premium-2-premium-damaskuse-teraga-nuga","status":"publish","type":"product","link":"https:\/\/aaknives.eu\/et\/product\/premium-2-premium-damaskuse-teraga-nuga\/","title":{"rendered":"Premium- 2 &#8211; Premium Damaskuse teraga nuga"},"content":{"rendered":"<p>AAknivesi esmaklassiliste nugade tootesari on ainulaadne. Iga nugade mudel on valmistatud ainult \u00fchest t\u00fckist \u2013 rohkem ei ole \u00fchesuguseid. Iga Damaskuse teras on k\u00e4sitsi sepistatud, nii et igal teral on oma ilus joonistus ja oma iseloom, mis tuleneb sepistamisprotsessist. Iga k\u00e4epide on ka erinev \u2013 eri v\u00e4rvi intarsiad G10 materjalist, eri v\u00e4rvi puit, eksklusiivsed puiduliigid oma puidudisaini joonistega. Saate kvaliteetse eksklusiivse premium line noa. Kellelgi teisel ei ole sama nuga kui teil. Need noad on ilusad ja suurep\u00e4rased t\u00f6\u00f6vahendid, millel on v\u00e4ga head l\u00f5ikamis- ja vastupidavusomadused. See p\u00fcsib kaua terav, seda ei pea v\u00e4ga tihti teritama, see on vastupidav ja saab h\u00f5lpsasti hakkama mis tahes \u00fclesannetega.<\/p>\n<p>Noa spetsifikatsioonid \u2013 Premium-2<br \/>\nTeras: (HVG, U10, ShH15), 450 kihti.<br \/>\nK\u00f5vadus: 60-62 HRC<br \/>\nTera pikkus (mm): 125 \/ 4,92 tolli<br \/>\nTera paksus (mm): 3 \/ 0,11 tolli<br \/>\nTera laius (mm): 35 \/ 1,37 tolli<br \/>\nK\u00e4epide: Aafrika leopardipuu<br \/>\nKogupikkus (mm): (10,03 tolli): 255 \/ 10,03 tolli<\/p>\n<p>\u00a0<\/p>\n<p>Disain: AA noad<br \/>\nTera: Nuga: Spetsiaalselt AA-nugade jaoks sepistatud<br \/>\nK\u00e4epide: Valmistatud AA nugade poolt L\u00e4tis, Euroopas<br \/>\nTeritamine: AAknives<\/p>\n<p>K\u00e4sitsi sepistatud Damaskuse terasest tera, mis on loodud erineva k\u00f5vaduse ja viskoossusega teraste paketist, mis on kokku pandud plaadiks kindlas j\u00e4rjekorras. Seej\u00e4rel sepistatakse plaat korduvalt uuesti, t\u00e4nu millele tekivad kihid ja ainulaadne muster.<br \/>\nKeeruline tehnoloogiline protsess toimub k\u00e4sitsi. Sellisel viisil saadud terasele on iseloomulikud suurenenud tugevus, suur k\u00f5vadus, suurep\u00e4rased l\u00f5ikamisomadused ja ilu.<br \/>\nDamaskuse tera \u00fcle 450 kihi.<br \/>\nPakett Damaskuse teras ShH15 + HVG + U10 A, termiline v\u00e4ljendus 860 \u00b0 C<\/p>\n<p>Damaskuse tera eelised:<br \/>\nSuurenenud tugevus<br \/>\nSuur k\u00f5vadus<br \/>\nSuurep\u00e4rased l\u00f5ikamisomadused<br \/>\nIlus disain<br \/>\nPikaajaline teravus<\/p>\n<p>Tera k\u00f5vadus 60-62 HRC.<\/p>\n","protected":false},"excerpt":{"rendered":"<p>AAknivesi esmaklassiliste nugade tootesari on ainulaadne. Iga nugade mudel on valmistatud ainult \u00fchest t\u00fckist \u2013 rohkem ei ole \u00fchesuguseid. Iga Damaskuse teras on k\u00e4sitsi sepistatud, nii et igal teral on oma ilus joonistus ja oma iseloom, mis tuleneb sepistamisprotsessist. Iga k\u00e4epide on ka erinev \u2013 eri v\u00e4rvi intarsiad G10 materjalist, eri v\u00e4rvi puit, eksklusiivsed puiduliigid oma puidudisaini joonistega. Saate kvaliteetse eksklusiivse premium line noa. Kellelgi teisel ei ole sama nuga kui teil. Need noad on ilusad ja suurep\u00e4rased t\u00f6\u00f6vahendid, millel on v\u00e4ga head l\u00f5ikamis- ja vastupidavusomadused. See p\u00fcsib kaua terav, seda ei pea v\u00e4ga tihti teritama, see on vastupidav ja&hellip;<\/p>\n","protected":false},"featured_media":86022,"template":"","meta":{"_themeisle_gutenberg_block_has_review":false},"product_brand":[],"product_cat":[345,343,346,341],"product_tag":[],"class_list":{"0":"post-89604","1":"product","2":"type-product","3":"status-publish","4":"has-post-thumbnail","6":"product_cat-jahinoad","7":"product_cat-kalapuugi-noad","8":"product_cat-matkanoad","9":"product_cat-premium-ja-eksklusiivsed-noad","11":"first","12":"outofstock","13":"shipping-taxable","14":"purchasable","15":"product-type-simple"},"yoast_head":"<!-- This site is optimized with the Yoast SEO plugin v27.5 - https:\/\/yoast.com\/product\/yoast-seo-wordpress\/ -->\n<title>Premium- 2 - Premium Damaskuse teraga nuga - AAKnives<\/title>\n<meta name=\"robots\" content=\"index, follow, max-snippet:-1, max-image-preview:large, max-video-preview:-1\" \/>\n<link rel=\"canonical\" href=\"https:\/\/aaknives.eu\/et\/product\/premium-2-premium-damaskuse-teraga-nuga\/\" \/>\n<meta property=\"og:locale\" content=\"et_EE\" \/>\n<meta property=\"og:type\" content=\"article\" \/>\n<meta property=\"og:title\" content=\"Premium- 2 - Premium Damaskuse teraga nuga - AAKnives\" \/>\n<meta property=\"og:description\" content=\"AAknivesi esmaklassiliste nugade tootesari on ainulaadne. Iga nugade mudel on valmistatud ainult \u00fchest t\u00fckist \u2013 rohkem ei ole \u00fchesuguseid. Iga Damaskuse teras on k\u00e4sitsi sepistatud, nii et igal teral on oma ilus joonistus ja oma iseloom, mis tuleneb sepistamisprotsessist. Iga k\u00e4epide on ka erinev \u2013 eri v\u00e4rvi intarsiad G10 materjalist, eri v\u00e4rvi puit, eksklusiivsed puiduliigid oma puidudisaini joonistega. Saate kvaliteetse eksklusiivse premium line noa. Kellelgi teisel ei ole sama nuga kui teil. Need noad on ilusad ja suurep\u00e4rased t\u00f6\u00f6vahendid, millel on v\u00e4ga head l\u00f5ikamis- ja vastupidavusomadused. See p\u00fcsib kaua terav, seda ei pea v\u00e4ga tihti teritama, see on vastupidav ja&hellip;\" \/>\n<meta property=\"og:url\" content=\"https:\/\/aaknives.eu\/et\/product\/premium-2-premium-damaskuse-teraga-nuga\/\" \/>\n<meta property=\"og:site_name\" content=\"AAKnives\" \/>\n<meta property=\"article:publisher\" content=\"https:\/\/www.facebook.com\/aaknives.eu\/\" \/>\n<meta property=\"article:modified_time\" content=\"2024-10-29T03:03:00+00:00\" \/>\n<meta property=\"og:image\" content=\"https:\/\/aaknives.eu\/wp-content\/uploads\/2024\/10\/aaknives-hand-forged-dabascus-steel-blade-knife-handmade-custom-made-knife-handcrafted-knives-autinetools-northmen-3-1-13-4.jpg\" \/>\n\t<meta property=\"og:image:width\" content=\"800\" \/>\n\t<meta property=\"og:image:height\" content=\"600\" \/>\n\t<meta property=\"og:image:type\" content=\"image\/jpeg\" \/>\n<meta name=\"twitter:card\" content=\"summary_large_image\" \/>\n<meta name=\"twitter:label1\" content=\"Est. reading time\" \/>\n\t<meta name=\"twitter:data1\" content=\"1 minut\" \/>\n<script type=\"application\/ld+json\" class=\"yoast-schema-graph\">{\"@context\":\"https:\\\/\\\/schema.org\",\"@graph\":[{\"@type\":\"WebPage\",\"@id\":\"https:\\\/\\\/aaknives.eu\\\/et\\\/product\\\/premium-2-premium-damaskuse-teraga-nuga\\\/\",\"url\":\"https:\\\/\\\/aaknives.eu\\\/et\\\/product\\\/premium-2-premium-damaskuse-teraga-nuga\\\/\",\"name\":\"Premium- 2 - Premium Damaskuse teraga nuga - AAKnives\",\"isPartOf\":{\"@id\":\"https:\\\/\\\/aaknives.eu\\\/et\\\/#website\"},\"primaryImageOfPage\":{\"@id\":\"https:\\\/\\\/aaknives.eu\\\/et\\\/product\\\/premium-2-premium-damaskuse-teraga-nuga\\\/#primaryimage\"},\"image\":{\"@id\":\"https:\\\/\\\/aaknives.eu\\\/et\\\/product\\\/premium-2-premium-damaskuse-teraga-nuga\\\/#primaryimage\"},\"thumbnailUrl\":\"https:\\\/\\\/aaknives.eu\\\/wp-content\\\/uploads\\\/2024\\\/10\\\/aaknives-hand-forged-dabascus-steel-blade-knife-handmade-custom-made-knife-handcrafted-knives-autinetools-northmen-3-1-13-4.jpg\",\"datePublished\":\"2024-10-29T01:56:36+00:00\",\"dateModified\":\"2024-10-29T03:03:00+00:00\",\"breadcrumb\":{\"@id\":\"https:\\\/\\\/aaknives.eu\\\/et\\\/product\\\/premium-2-premium-damaskuse-teraga-nuga\\\/#breadcrumb\"},\"inLanguage\":\"et\",\"potentialAction\":[{\"@type\":\"ReadAction\",\"target\":[\"https:\\\/\\\/aaknives.eu\\\/et\\\/product\\\/premium-2-premium-damaskuse-teraga-nuga\\\/\"]}]},{\"@type\":\"ImageObject\",\"inLanguage\":\"et\",\"@id\":\"https:\\\/\\\/aaknives.eu\\\/et\\\/product\\\/premium-2-premium-damaskuse-teraga-nuga\\\/#primaryimage\",\"url\":\"https:\\\/\\\/aaknives.eu\\\/wp-content\\\/uploads\\\/2024\\\/10\\\/aaknives-hand-forged-dabascus-steel-blade-knife-handmade-custom-made-knife-handcrafted-knives-autinetools-northmen-3-1-13-4.jpg\",\"contentUrl\":\"https:\\\/\\\/aaknives.eu\\\/wp-content\\\/uploads\\\/2024\\\/10\\\/aaknives-hand-forged-dabascus-steel-blade-knife-handmade-custom-made-knife-handcrafted-knives-autinetools-northmen-3-1-13-4.jpg\",\"width\":800,\"height\":600},{\"@type\":\"BreadcrumbList\",\"@id\":\"https:\\\/\\\/aaknives.eu\\\/et\\\/product\\\/premium-2-premium-damaskuse-teraga-nuga\\\/#breadcrumb\",\"itemListElement\":[{\"@type\":\"ListItem\",\"position\":1,\"name\":\"Home\",\"item\":\"https:\\\/\\\/aaknives.eu\\\/et\\\/kodu\\\/\"},{\"@type\":\"ListItem\",\"position\":2,\"name\":\"Kauplus\",\"item\":\"https:\\\/\\\/aaknives.eu\\\/et\\\/kauplus\\\/\"},{\"@type\":\"ListItem\",\"position\":3,\"name\":\"Premium- 2 &#8211; Premium Damaskuse teraga nuga\"}]},{\"@type\":\"WebSite\",\"@id\":\"https:\\\/\\\/aaknives.eu\\\/et\\\/#website\",\"url\":\"https:\\\/\\\/aaknives.eu\\\/et\\\/\",\"name\":\"AAKnives\",\"description\":\"Handmade knives\",\"publisher\":{\"@id\":\"https:\\\/\\\/aaknives.eu\\\/et\\\/#organization\"},\"potentialAction\":[{\"@type\":\"SearchAction\",\"target\":{\"@type\":\"EntryPoint\",\"urlTemplate\":\"https:\\\/\\\/aaknives.eu\\\/et\\\/?s={search_term_string}\"},\"query-input\":{\"@type\":\"PropertyValueSpecification\",\"valueRequired\":true,\"valueName\":\"search_term_string\"}}],\"inLanguage\":\"et\"},{\"@type\":\"Organization\",\"@id\":\"https:\\\/\\\/aaknives.eu\\\/et\\\/#organization\",\"name\":\"AAKnives\",\"url\":\"https:\\\/\\\/aaknives.eu\\\/et\\\/\",\"logo\":{\"@type\":\"ImageObject\",\"inLanguage\":\"et\",\"@id\":\"https:\\\/\\\/aaknives.eu\\\/et\\\/#\\\/schema\\\/logo\\\/image\\\/\",\"url\":\"https:\\\/\\\/aaknives.eu\\\/wp-content\\\/uploads\\\/2021\\\/10\\\/AAknives_Logo_Green.png\",\"contentUrl\":\"https:\\\/\\\/aaknives.eu\\\/wp-content\\\/uploads\\\/2021\\\/10\\\/AAknives_Logo_Green.png\",\"width\":1768,\"height\":1768,\"caption\":\"AAKnives\"},\"image\":{\"@id\":\"https:\\\/\\\/aaknives.eu\\\/et\\\/#\\\/schema\\\/logo\\\/image\\\/\"},\"sameAs\":[\"https:\\\/\\\/www.facebook.com\\\/aaknives.eu\\\/\",\"https:\\\/\\\/www.instagram.com\\\/aaknives\\\/\",\"https:\\\/\\\/www.pinterest.com\\\/aa_knives\\\/\",\"https:\\\/\\\/www.youtube.com\\\/channel\\\/UCHOQFjrOkgT6s4FIw9LDKyw\\\/featured\"]}]}<\/script>\n<!-- \/ Yoast SEO plugin. -->","yoast_head_json":{"title":"Premium- 2 - Premium Damaskuse teraga nuga - AAKnives","robots":{"index":"index","follow":"follow","max-snippet":"max-snippet:-1","max-image-preview":"max-image-preview:large","max-video-preview":"max-video-preview:-1"},"canonical":"https:\/\/aaknives.eu\/et\/product\/premium-2-premium-damaskuse-teraga-nuga\/","og_locale":"et_EE","og_type":"article","og_title":"Premium- 2 - Premium Damaskuse teraga nuga - AAKnives","og_description":"AAknivesi esmaklassiliste nugade tootesari on ainulaadne. Iga nugade mudel on valmistatud ainult \u00fchest t\u00fckist \u2013 rohkem ei ole \u00fchesuguseid. Iga Damaskuse teras on k\u00e4sitsi sepistatud, nii et igal teral on oma ilus joonistus ja oma iseloom, mis tuleneb sepistamisprotsessist. Iga k\u00e4epide on ka erinev \u2013 eri v\u00e4rvi intarsiad G10 materjalist, eri v\u00e4rvi puit, eksklusiivsed puiduliigid oma puidudisaini joonistega. Saate kvaliteetse eksklusiivse premium line noa. Kellelgi teisel ei ole sama nuga kui teil. Need noad on ilusad ja suurep\u00e4rased t\u00f6\u00f6vahendid, millel on v\u00e4ga head l\u00f5ikamis- ja vastupidavusomadused. See p\u00fcsib kaua terav, seda ei pea v\u00e4ga tihti teritama, see on vastupidav ja&hellip;","og_url":"https:\/\/aaknives.eu\/et\/product\/premium-2-premium-damaskuse-teraga-nuga\/","og_site_name":"AAKnives","article_publisher":"https:\/\/www.facebook.com\/aaknives.eu\/","article_modified_time":"2024-10-29T03:03:00+00:00","og_image":[{"width":800,"height":600,"url":"https:\/\/aaknives.eu\/wp-content\/uploads\/2024\/10\/aaknives-hand-forged-dabascus-steel-blade-knife-handmade-custom-made-knife-handcrafted-knives-autinetools-northmen-3-1-13-4.jpg","type":"image\/jpeg"}],"twitter_card":"summary_large_image","twitter_misc":{"Est. reading time":"1 minut"},"schema":{"@context":"https:\/\/schema.org","@graph":[{"@type":"WebPage","@id":"https:\/\/aaknives.eu\/et\/product\/premium-2-premium-damaskuse-teraga-nuga\/","url":"https:\/\/aaknives.eu\/et\/product\/premium-2-premium-damaskuse-teraga-nuga\/","name":"Premium- 2 - Premium Damaskuse teraga nuga - AAKnives","isPartOf":{"@id":"https:\/\/aaknives.eu\/et\/#website"},"primaryImageOfPage":{"@id":"https:\/\/aaknives.eu\/et\/product\/premium-2-premium-damaskuse-teraga-nuga\/#primaryimage"},"image":{"@id":"https:\/\/aaknives.eu\/et\/product\/premium-2-premium-damaskuse-teraga-nuga\/#primaryimage"},"thumbnailUrl":"https:\/\/aaknives.eu\/wp-content\/uploads\/2024\/10\/aaknives-hand-forged-dabascus-steel-blade-knife-handmade-custom-made-knife-handcrafted-knives-autinetools-northmen-3-1-13-4.jpg","datePublished":"2024-10-29T01:56:36+00:00","dateModified":"2024-10-29T03:03:00+00:00","breadcrumb":{"@id":"https:\/\/aaknives.eu\/et\/product\/premium-2-premium-damaskuse-teraga-nuga\/#breadcrumb"},"inLanguage":"et","potentialAction":[{"@type":"ReadAction","target":["https:\/\/aaknives.eu\/et\/product\/premium-2-premium-damaskuse-teraga-nuga\/"]}]},{"@type":"ImageObject","inLanguage":"et","@id":"https:\/\/aaknives.eu\/et\/product\/premium-2-premium-damaskuse-teraga-nuga\/#primaryimage","url":"https:\/\/aaknives.eu\/wp-content\/uploads\/2024\/10\/aaknives-hand-forged-dabascus-steel-blade-knife-handmade-custom-made-knife-handcrafted-knives-autinetools-northmen-3-1-13-4.jpg","contentUrl":"https:\/\/aaknives.eu\/wp-content\/uploads\/2024\/10\/aaknives-hand-forged-dabascus-steel-blade-knife-handmade-custom-made-knife-handcrafted-knives-autinetools-northmen-3-1-13-4.jpg","width":800,"height":600},{"@type":"BreadcrumbList","@id":"https:\/\/aaknives.eu\/et\/product\/premium-2-premium-damaskuse-teraga-nuga\/#breadcrumb","itemListElement":[{"@type":"ListItem","position":1,"name":"Home","item":"https:\/\/aaknives.eu\/et\/kodu\/"},{"@type":"ListItem","position":2,"name":"Kauplus","item":"https:\/\/aaknives.eu\/et\/kauplus\/"},{"@type":"ListItem","position":3,"name":"Premium- 2 &#8211; Premium Damaskuse teraga nuga"}]},{"@type":"WebSite","@id":"https:\/\/aaknives.eu\/et\/#website","url":"https:\/\/aaknives.eu\/et\/","name":"AAKnives","description":"Handmade knives","publisher":{"@id":"https:\/\/aaknives.eu\/et\/#organization"},"potentialAction":[{"@type":"SearchAction","target":{"@type":"EntryPoint","urlTemplate":"https:\/\/aaknives.eu\/et\/?s={search_term_string}"},"query-input":{"@type":"PropertyValueSpecification","valueRequired":true,"valueName":"search_term_string"}}],"inLanguage":"et"},{"@type":"Organization","@id":"https:\/\/aaknives.eu\/et\/#organization","name":"AAKnives","url":"https:\/\/aaknives.eu\/et\/","logo":{"@type":"ImageObject","inLanguage":"et","@id":"https:\/\/aaknives.eu\/et\/#\/schema\/logo\/image\/","url":"https:\/\/aaknives.eu\/wp-content\/uploads\/2021\/10\/AAknives_Logo_Green.png","contentUrl":"https:\/\/aaknives.eu\/wp-content\/uploads\/2021\/10\/AAknives_Logo_Green.png","width":1768,"height":1768,"caption":"AAKnives"},"image":{"@id":"https:\/\/aaknives.eu\/et\/#\/schema\/logo\/image\/"},"sameAs":["https:\/\/www.facebook.com\/aaknives.eu\/","https:\/\/www.instagram.com\/aaknives\/","https:\/\/www.pinterest.com\/aa_knives\/","https:\/\/www.youtube.com\/channel\/UCHOQFjrOkgT6s4FIw9LDKyw\/featured"]}]}},"_links":{"self":[{"href":"https:\/\/aaknives.eu\/et\/wp-json\/wp\/v2\/product\/89604","targetHints":{"allow":["GET"]}}],"collection":[{"href":"https:\/\/aaknives.eu\/et\/wp-json\/wp\/v2\/product"}],"about":[{"href":"https:\/\/aaknives.eu\/et\/wp-json\/wp\/v2\/types\/product"}],"wp:featuredmedia":[{"embeddable":true,"href":"https:\/\/aaknives.eu\/et\/wp-json\/wp\/v2\/media\/86022"}],"wp:attachment":[{"href":"https:\/\/aaknives.eu\/et\/wp-json\/wp\/v2\/media?parent=89604"}],"wp:term":[{"taxonomy":"product_brand","embeddable":true,"href":"https:\/\/aaknives.eu\/et\/wp-json\/wp\/v2\/product_brand?post=89604"},{"taxonomy":"product_cat","embeddable":true,"href":"https:\/\/aaknives.eu\/et\/wp-json\/wp\/v2\/product_cat?post=89604"},{"taxonomy":"product_tag","embeddable":true,"href":"https:\/\/aaknives.eu\/et\/wp-json\/wp\/v2\/product_tag?post=89604"}],"curies":[{"name":"wp","href":"https:\/\/api.w.org\/{rel}","templated":true}]}}