{"id":89618,"date":"2024-10-29T01:55:48","date_gmt":"2024-10-29T01:55:48","guid":{"rendered":"https:\/\/aaknives.eu\/?post_type=product&#038;p=89618"},"modified":"2026-02-09T21:03:00","modified_gmt":"2026-02-09T21:03:00","slug":"nuga-predator-rootsi-bohler-uddeholm-n695-roostevabast-terasest-noaterasest","status":"publish","type":"product","link":"https:\/\/aaknives.eu\/et\/product\/nuga-predator-rootsi-bohler-uddeholm-n695-roostevabast-terasest-noaterasest\/","title":{"rendered":"Nuga &#8221;PREDATOR&#8221;, Rootsi Bohler-Uddeholm N695 roostevabast terasest noaterasest"},"content":{"rendered":"<p>Noa spetsifikatsioonid: &#8221;PREDATOR&#8221;<br \/>\nTeras: Rootsi Bohler-Uddeholm N695 roostevabast terasest noaterasest<br \/>\nK\u00f5vadus: 58-59 HRC<br \/>\nTera pikkus (mm): 135 \/ 5,31 tolli<br \/>\nTera paksus (mm): 3 \/ 0,12 tolli<br \/>\nTera laius (mm): 32 \/ 1,25 tolli<br \/>\nK\u00e4epide: Aafrika Venge puit<br \/>\nKogupikkus (mm): 270 \/ 10,62 tolli<br \/>\nNoa t\u00fc\u00fcp: jahi-, v\u00e4listingimustes kasutamiseks<br \/>\nPakend: nuga, nahk\u00fcmbris<\/p>\n<p>Rootsi Bohler-Uddeholm N695 noaterasest. Bohler N695 on kroomitud roostevabast terasest Bohler Uddeholm grupist. Sellel on k\u00f5rge k\u00f5vadus, hea kulumiskindlus ja hea korrosioonikindlus. N695 terasest nuga on korrosioonikindel, p\u00fcsib pikka aega terav ega vaja erilist hooldust. Valtsitud p\u00f5iktehnoloogia abil, et tagada plaadi- ja lehtmaterjali maksimaalne stabiilsus ja \u00fchtlus. BOHLER N695 muud kasutusalad:<\/p>\n<p>Veerlaagrid, klapipesad, kvaliteetsed noaterad, kirurgilised instrumendid ja puunikerduspeitlid.<\/p>\n<p>BOHLER N695 Koostis: C \u2013 1,030 \/ MN \u2013 0,44 \/ SI \u2013 0,48 \/ P \u2013 0,018 \/ S \u2013 0,0010 \/ CR \u2013 16,46 \/ MO \u2013 0,43<\/p>\n","protected":false},"excerpt":{"rendered":"<p>Noa spetsifikatsioonid: &#8221;PREDATOR&#8221; Teras: Rootsi Bohler-Uddeholm N695 roostevabast terasest noaterasest K\u00f5vadus: 58-59 HRC Tera pikkus (mm): 135 \/ 5,31 tolli Tera paksus (mm): 3 \/ 0,12 tolli Tera laius (mm): 32 \/ 1,25 tolli K\u00e4epide: Aafrika Venge puit Kogupikkus (mm): 270 \/ 10,62 tolli Noa t\u00fc\u00fcp: jahi-, v\u00e4listingimustes kasutamiseks Pakend: nuga, nahk\u00fcmbris Rootsi Bohler-Uddeholm N695 noaterasest. Bohler N695 on kroomitud roostevabast terasest Bohler Uddeholm grupist. Sellel on k\u00f5rge k\u00f5vadus, hea kulumiskindlus ja hea korrosioonikindlus. N695 terasest nuga on korrosioonikindel, p\u00fcsib pikka aega terav ega vaja erilist hooldust. Valtsitud p\u00f5iktehnoloogia abil, et tagada plaadi- ja lehtmaterjali maksimaalne stabiilsus ja \u00fchtlus. BOHLER&hellip;<\/p>\n","protected":false},"featured_media":107572,"template":"","meta":{"_themeisle_gutenberg_block_has_review":false},"product_brand":[],"product_cat":[345,343,346],"product_tag":[],"class_list":{"0":"post-89618","1":"product","2":"type-product","3":"status-publish","4":"has-post-thumbnail","6":"product_cat-jahinoad","7":"product_cat-kalapuugi-noad","8":"product_cat-matkanoad","10":"first","11":"instock","12":"shipping-taxable","13":"purchasable","14":"product-type-simple"},"yoast_head":"<!-- This site is optimized with the Yoast SEO plugin v27.3 - https:\/\/yoast.com\/product\/yoast-seo-wordpress\/ -->\n<title>Nuga &#039;&#039;PREDATOR&#039;&#039;, Rootsi Bohler-Uddeholm N695 roostevabast terasest noaterasest - AAKnives<\/title>\n<meta name=\"description\" content=\"Nuga &#039;&#039;POSEIDON&#039;&#039;, rootsi Bohler-Uddeholm N695 roostevabast terasest nuga, jahinuga, sepistatud nuga, k\u00e4sitsi valmistatud nuga, rootsi teras.\" \/>\n<meta name=\"robots\" content=\"index, follow, max-snippet:-1, max-image-preview:large, max-video-preview:-1\" \/>\n<link rel=\"canonical\" href=\"https:\/\/aaknives.eu\/et\/product\/nuga-predator-rootsi-bohler-uddeholm-n695-roostevabast-terasest-noaterasest\/\" \/>\n<meta property=\"og:locale\" content=\"et_EE\" \/>\n<meta property=\"og:type\" content=\"article\" \/>\n<meta property=\"og:title\" content=\"Nuga &#039;&#039;PREDATOR&#039;&#039;, Rootsi Bohler-Uddeholm N695 roostevabast terasest noaterasest - AAKnives\" \/>\n<meta property=\"og:description\" content=\"Nuga &#039;&#039;POSEIDON&#039;&#039;, rootsi Bohler-Uddeholm N695 roostevabast terasest nuga, jahinuga, sepistatud nuga, k\u00e4sitsi valmistatud nuga, rootsi teras.\" \/>\n<meta property=\"og:url\" content=\"https:\/\/aaknives.eu\/et\/product\/nuga-predator-rootsi-bohler-uddeholm-n695-roostevabast-terasest-noaterasest\/\" \/>\n<meta property=\"og:site_name\" content=\"AAKnives\" \/>\n<meta property=\"article:publisher\" content=\"https:\/\/www.facebook.com\/aaknives.eu\/\" \/>\n<meta property=\"article:modified_time\" content=\"2026-02-09T21:03:00+00:00\" \/>\n<meta property=\"og:image\" content=\"https:\/\/aaknives.eu\/wp-content\/uploads\/2024\/10\/aaknives-hand-forged-damascus-steel-blade-knife-handmade-custom-made-knife-handcrafted-knives-autinetools-northmen-1-32-1.jpg\" \/>\n\t<meta property=\"og:image:width\" content=\"1020\" \/>\n\t<meta property=\"og:image:height\" content=\"880\" \/>\n\t<meta property=\"og:image:type\" content=\"image\/jpeg\" \/>\n<meta name=\"twitter:card\" content=\"summary_large_image\" \/>\n<meta name=\"twitter:label1\" content=\"Est. reading time\" \/>\n\t<meta name=\"twitter:data1\" content=\"1 minut\" \/>\n<script type=\"application\/ld+json\" class=\"yoast-schema-graph\">{\"@context\":\"https:\\\/\\\/schema.org\",\"@graph\":[{\"@type\":\"WebPage\",\"@id\":\"https:\\\/\\\/aaknives.eu\\\/et\\\/product\\\/nuga-predator-rootsi-bohler-uddeholm-n695-roostevabast-terasest-noaterasest\\\/\",\"url\":\"https:\\\/\\\/aaknives.eu\\\/et\\\/product\\\/nuga-predator-rootsi-bohler-uddeholm-n695-roostevabast-terasest-noaterasest\\\/\",\"name\":\"Nuga ''PREDATOR'', Rootsi Bohler-Uddeholm N695 roostevabast terasest noaterasest - AAKnives\",\"isPartOf\":{\"@id\":\"https:\\\/\\\/aaknives.eu\\\/et\\\/#website\"},\"primaryImageOfPage\":{\"@id\":\"https:\\\/\\\/aaknives.eu\\\/et\\\/product\\\/nuga-predator-rootsi-bohler-uddeholm-n695-roostevabast-terasest-noaterasest\\\/#primaryimage\"},\"image\":{\"@id\":\"https:\\\/\\\/aaknives.eu\\\/et\\\/product\\\/nuga-predator-rootsi-bohler-uddeholm-n695-roostevabast-terasest-noaterasest\\\/#primaryimage\"},\"thumbnailUrl\":\"https:\\\/\\\/aaknives.eu\\\/wp-content\\\/uploads\\\/2024\\\/10\\\/aaknives-hand-forged-damascus-steel-blade-knife-handmade-custom-made-knife-handcrafted-knives-autinetools-northmen-1-32-1.jpg\",\"datePublished\":\"2024-10-29T01:55:48+00:00\",\"dateModified\":\"2026-02-09T21:03:00+00:00\",\"description\":\"Nuga ''POSEIDON'', rootsi Bohler-Uddeholm N695 roostevabast terasest nuga, jahinuga, sepistatud nuga, k\u00e4sitsi valmistatud nuga, rootsi teras.\",\"breadcrumb\":{\"@id\":\"https:\\\/\\\/aaknives.eu\\\/et\\\/product\\\/nuga-predator-rootsi-bohler-uddeholm-n695-roostevabast-terasest-noaterasest\\\/#breadcrumb\"},\"inLanguage\":\"et\",\"potentialAction\":[{\"@type\":\"ReadAction\",\"target\":[\"https:\\\/\\\/aaknives.eu\\\/et\\\/product\\\/nuga-predator-rootsi-bohler-uddeholm-n695-roostevabast-terasest-noaterasest\\\/\"]}]},{\"@type\":\"ImageObject\",\"inLanguage\":\"et\",\"@id\":\"https:\\\/\\\/aaknives.eu\\\/et\\\/product\\\/nuga-predator-rootsi-bohler-uddeholm-n695-roostevabast-terasest-noaterasest\\\/#primaryimage\",\"url\":\"https:\\\/\\\/aaknives.eu\\\/wp-content\\\/uploads\\\/2024\\\/10\\\/aaknives-hand-forged-damascus-steel-blade-knife-handmade-custom-made-knife-handcrafted-knives-autinetools-northmen-1-32-1.jpg\",\"contentUrl\":\"https:\\\/\\\/aaknives.eu\\\/wp-content\\\/uploads\\\/2024\\\/10\\\/aaknives-hand-forged-damascus-steel-blade-knife-handmade-custom-made-knife-handcrafted-knives-autinetools-northmen-1-32-1.jpg\",\"width\":1020,\"height\":880},{\"@type\":\"BreadcrumbList\",\"@id\":\"https:\\\/\\\/aaknives.eu\\\/et\\\/product\\\/nuga-predator-rootsi-bohler-uddeholm-n695-roostevabast-terasest-noaterasest\\\/#breadcrumb\",\"itemListElement\":[{\"@type\":\"ListItem\",\"position\":1,\"name\":\"Home\",\"item\":\"https:\\\/\\\/aaknives.eu\\\/et\\\/kodu\\\/\"},{\"@type\":\"ListItem\",\"position\":2,\"name\":\"Kauplus\",\"item\":\"https:\\\/\\\/aaknives.eu\\\/et\\\/kauplus\\\/\"},{\"@type\":\"ListItem\",\"position\":3,\"name\":\"Nuga &#8221;PREDATOR&#8221;, Rootsi Bohler-Uddeholm N695 roostevabast terasest noaterasest\"}]},{\"@type\":\"WebSite\",\"@id\":\"https:\\\/\\\/aaknives.eu\\\/et\\\/#website\",\"url\":\"https:\\\/\\\/aaknives.eu\\\/et\\\/\",\"name\":\"AAKnives\",\"description\":\"Handmade knives\",\"publisher\":{\"@id\":\"https:\\\/\\\/aaknives.eu\\\/et\\\/#organization\"},\"potentialAction\":[{\"@type\":\"SearchAction\",\"target\":{\"@type\":\"EntryPoint\",\"urlTemplate\":\"https:\\\/\\\/aaknives.eu\\\/et\\\/?s={search_term_string}\"},\"query-input\":{\"@type\":\"PropertyValueSpecification\",\"valueRequired\":true,\"valueName\":\"search_term_string\"}}],\"inLanguage\":\"et\"},{\"@type\":\"Organization\",\"@id\":\"https:\\\/\\\/aaknives.eu\\\/et\\\/#organization\",\"name\":\"AAKnives\",\"url\":\"https:\\\/\\\/aaknives.eu\\\/et\\\/\",\"logo\":{\"@type\":\"ImageObject\",\"inLanguage\":\"et\",\"@id\":\"https:\\\/\\\/aaknives.eu\\\/et\\\/#\\\/schema\\\/logo\\\/image\\\/\",\"url\":\"https:\\\/\\\/aaknives.eu\\\/wp-content\\\/uploads\\\/2021\\\/10\\\/AAknives_Logo_Green.png\",\"contentUrl\":\"https:\\\/\\\/aaknives.eu\\\/wp-content\\\/uploads\\\/2021\\\/10\\\/AAknives_Logo_Green.png\",\"width\":1768,\"height\":1768,\"caption\":\"AAKnives\"},\"image\":{\"@id\":\"https:\\\/\\\/aaknives.eu\\\/et\\\/#\\\/schema\\\/logo\\\/image\\\/\"},\"sameAs\":[\"https:\\\/\\\/www.facebook.com\\\/aaknives.eu\\\/\",\"https:\\\/\\\/www.instagram.com\\\/aaknives\\\/\",\"https:\\\/\\\/www.pinterest.com\\\/aa_knives\\\/\",\"https:\\\/\\\/www.youtube.com\\\/channel\\\/UCHOQFjrOkgT6s4FIw9LDKyw\\\/featured\"]}]}<\/script>\n<!-- \/ Yoast SEO plugin. -->","yoast_head_json":{"title":"Nuga ''PREDATOR'', Rootsi Bohler-Uddeholm N695 roostevabast terasest noaterasest - AAKnives","description":"Nuga ''POSEIDON'', rootsi Bohler-Uddeholm N695 roostevabast terasest nuga, jahinuga, sepistatud nuga, k\u00e4sitsi valmistatud nuga, rootsi teras.","robots":{"index":"index","follow":"follow","max-snippet":"max-snippet:-1","max-image-preview":"max-image-preview:large","max-video-preview":"max-video-preview:-1"},"canonical":"https:\/\/aaknives.eu\/et\/product\/nuga-predator-rootsi-bohler-uddeholm-n695-roostevabast-terasest-noaterasest\/","og_locale":"et_EE","og_type":"article","og_title":"Nuga ''PREDATOR'', Rootsi Bohler-Uddeholm N695 roostevabast terasest noaterasest - AAKnives","og_description":"Nuga ''POSEIDON'', rootsi Bohler-Uddeholm N695 roostevabast terasest nuga, jahinuga, sepistatud nuga, k\u00e4sitsi valmistatud nuga, rootsi teras.","og_url":"https:\/\/aaknives.eu\/et\/product\/nuga-predator-rootsi-bohler-uddeholm-n695-roostevabast-terasest-noaterasest\/","og_site_name":"AAKnives","article_publisher":"https:\/\/www.facebook.com\/aaknives.eu\/","article_modified_time":"2026-02-09T21:03:00+00:00","og_image":[{"width":1020,"height":880,"url":"https:\/\/aaknives.eu\/wp-content\/uploads\/2024\/10\/aaknives-hand-forged-damascus-steel-blade-knife-handmade-custom-made-knife-handcrafted-knives-autinetools-northmen-1-32-1.jpg","type":"image\/jpeg"}],"twitter_card":"summary_large_image","twitter_misc":{"Est. reading time":"1 minut"},"schema":{"@context":"https:\/\/schema.org","@graph":[{"@type":"WebPage","@id":"https:\/\/aaknives.eu\/et\/product\/nuga-predator-rootsi-bohler-uddeholm-n695-roostevabast-terasest-noaterasest\/","url":"https:\/\/aaknives.eu\/et\/product\/nuga-predator-rootsi-bohler-uddeholm-n695-roostevabast-terasest-noaterasest\/","name":"Nuga ''PREDATOR'', Rootsi Bohler-Uddeholm N695 roostevabast terasest noaterasest - AAKnives","isPartOf":{"@id":"https:\/\/aaknives.eu\/et\/#website"},"primaryImageOfPage":{"@id":"https:\/\/aaknives.eu\/et\/product\/nuga-predator-rootsi-bohler-uddeholm-n695-roostevabast-terasest-noaterasest\/#primaryimage"},"image":{"@id":"https:\/\/aaknives.eu\/et\/product\/nuga-predator-rootsi-bohler-uddeholm-n695-roostevabast-terasest-noaterasest\/#primaryimage"},"thumbnailUrl":"https:\/\/aaknives.eu\/wp-content\/uploads\/2024\/10\/aaknives-hand-forged-damascus-steel-blade-knife-handmade-custom-made-knife-handcrafted-knives-autinetools-northmen-1-32-1.jpg","datePublished":"2024-10-29T01:55:48+00:00","dateModified":"2026-02-09T21:03:00+00:00","description":"Nuga ''POSEIDON'', rootsi Bohler-Uddeholm N695 roostevabast terasest nuga, jahinuga, sepistatud nuga, k\u00e4sitsi valmistatud nuga, rootsi teras.","breadcrumb":{"@id":"https:\/\/aaknives.eu\/et\/product\/nuga-predator-rootsi-bohler-uddeholm-n695-roostevabast-terasest-noaterasest\/#breadcrumb"},"inLanguage":"et","potentialAction":[{"@type":"ReadAction","target":["https:\/\/aaknives.eu\/et\/product\/nuga-predator-rootsi-bohler-uddeholm-n695-roostevabast-terasest-noaterasest\/"]}]},{"@type":"ImageObject","inLanguage":"et","@id":"https:\/\/aaknives.eu\/et\/product\/nuga-predator-rootsi-bohler-uddeholm-n695-roostevabast-terasest-noaterasest\/#primaryimage","url":"https:\/\/aaknives.eu\/wp-content\/uploads\/2024\/10\/aaknives-hand-forged-damascus-steel-blade-knife-handmade-custom-made-knife-handcrafted-knives-autinetools-northmen-1-32-1.jpg","contentUrl":"https:\/\/aaknives.eu\/wp-content\/uploads\/2024\/10\/aaknives-hand-forged-damascus-steel-blade-knife-handmade-custom-made-knife-handcrafted-knives-autinetools-northmen-1-32-1.jpg","width":1020,"height":880},{"@type":"BreadcrumbList","@id":"https:\/\/aaknives.eu\/et\/product\/nuga-predator-rootsi-bohler-uddeholm-n695-roostevabast-terasest-noaterasest\/#breadcrumb","itemListElement":[{"@type":"ListItem","position":1,"name":"Home","item":"https:\/\/aaknives.eu\/et\/kodu\/"},{"@type":"ListItem","position":2,"name":"Kauplus","item":"https:\/\/aaknives.eu\/et\/kauplus\/"},{"@type":"ListItem","position":3,"name":"Nuga &#8221;PREDATOR&#8221;, Rootsi Bohler-Uddeholm N695 roostevabast terasest noaterasest"}]},{"@type":"WebSite","@id":"https:\/\/aaknives.eu\/et\/#website","url":"https:\/\/aaknives.eu\/et\/","name":"AAKnives","description":"Handmade knives","publisher":{"@id":"https:\/\/aaknives.eu\/et\/#organization"},"potentialAction":[{"@type":"SearchAction","target":{"@type":"EntryPoint","urlTemplate":"https:\/\/aaknives.eu\/et\/?s={search_term_string}"},"query-input":{"@type":"PropertyValueSpecification","valueRequired":true,"valueName":"search_term_string"}}],"inLanguage":"et"},{"@type":"Organization","@id":"https:\/\/aaknives.eu\/et\/#organization","name":"AAKnives","url":"https:\/\/aaknives.eu\/et\/","logo":{"@type":"ImageObject","inLanguage":"et","@id":"https:\/\/aaknives.eu\/et\/#\/schema\/logo\/image\/","url":"https:\/\/aaknives.eu\/wp-content\/uploads\/2021\/10\/AAknives_Logo_Green.png","contentUrl":"https:\/\/aaknives.eu\/wp-content\/uploads\/2021\/10\/AAknives_Logo_Green.png","width":1768,"height":1768,"caption":"AAKnives"},"image":{"@id":"https:\/\/aaknives.eu\/et\/#\/schema\/logo\/image\/"},"sameAs":["https:\/\/www.facebook.com\/aaknives.eu\/","https:\/\/www.instagram.com\/aaknives\/","https:\/\/www.pinterest.com\/aa_knives\/","https:\/\/www.youtube.com\/channel\/UCHOQFjrOkgT6s4FIw9LDKyw\/featured"]}]}},"_links":{"self":[{"href":"https:\/\/aaknives.eu\/et\/wp-json\/wp\/v2\/product\/89618","targetHints":{"allow":["GET"]}}],"collection":[{"href":"https:\/\/aaknives.eu\/et\/wp-json\/wp\/v2\/product"}],"about":[{"href":"https:\/\/aaknives.eu\/et\/wp-json\/wp\/v2\/types\/product"}],"wp:featuredmedia":[{"embeddable":true,"href":"https:\/\/aaknives.eu\/et\/wp-json\/wp\/v2\/media\/107572"}],"wp:attachment":[{"href":"https:\/\/aaknives.eu\/et\/wp-json\/wp\/v2\/media?parent=89618"}],"wp:term":[{"taxonomy":"product_brand","embeddable":true,"href":"https:\/\/aaknives.eu\/et\/wp-json\/wp\/v2\/product_brand?post=89618"},{"taxonomy":"product_cat","embeddable":true,"href":"https:\/\/aaknives.eu\/et\/wp-json\/wp\/v2\/product_cat?post=89618"},{"taxonomy":"product_tag","embeddable":true,"href":"https:\/\/aaknives.eu\/et\/wp-json\/wp\/v2\/product_tag?post=89618"}],"curies":[{"name":"wp","href":"https:\/\/api.w.org\/{rel}","templated":true}]}}