{"id":89621,"date":"2024-10-29T01:55:47","date_gmt":"2024-10-29T01:55:47","guid":{"rendered":"https:\/\/aaknives.eu\/?post_type=product&#038;p=89621"},"modified":"2024-10-29T03:02:50","modified_gmt":"2024-10-29T03:02:50","slug":"heast-sepistatud-roostevabast-terasest-nuga-fisherman","status":"publish","type":"product","link":"https:\/\/aaknives.eu\/et\/product\/heast-sepistatud-roostevabast-terasest-nuga-fisherman\/","title":{"rendered":"Heast sepistatud roostevabast terasest nuga &#8220;FISHERMAN&#8221;."},"content":{"rendered":"<p>Nugade andmed: &#8221;FISHERMAN&#8221;.<br \/>\nTeras: kvaliteetne sepistatud roostevaba teras 95H18 (95X18)<br \/>\nK\u00f5vadus: 59 HRC.<br \/>\nTera pikkus (mm): 137 \/ 5,39 tolli<br \/>\nTera paksus (mm): 3,5 \/ 0,13 tolli<br \/>\nTera laius (mm): 22 \/ 0,86 tolli<br \/>\nK\u00e4epide: puit &#8211; Aafrika sebrano puit<br \/>\nKogupikkus (mm): 260 \/ 10,23 tolli<\/p>\n<p>12C27 teras on osa Sandviki terase perekonnast. See on madalatasemeline k\u00f5rgkroomteras, mis on noat\u00f6\u00f6stuses v\u00e4ga populaarne, sest see pakub silmapaistvat kulumiskindlust, korrosioonikindlust ja suurt k\u00f5vadust &#8211; p\u00f5hilisi omadusi, mis loovad ideaalse noaterase.<\/p>\n<p>Lisaks omandab 12C27 teras teravuse suhteliselt kiiresti, erinevalt teistest k\u00f5rge kroomisisaldusega terastest, mille teravdamine v\u00f5tab karmide kroomkarbiidide t\u00f5ttu kaua aega. Sandvik 12C27 terast kasutatakse tavaliselt jahinugade, taskunugade, kalanugade, matkanugade, taktikaliste nugade, uisutera ja j\u00e4\u00e4puuride valmistamisel.<\/p>\n<p>T\u00e4nu k\u00f5rgele kroomisisaldusele on 12C27 teras korrosiooni- ja roostekindel. Kuna see on valmistatud roostevabast terasest, on see ka plekikindel.<\/p>\n<p>Kuid te ei saa oodata, et see terasest valmistatud nuga j\u00e4\u00e4b vees p\u00e4evade jooksul roosteta. Kui soovite, et sellest terasest terad s\u00e4iliksid aastak\u00fcmneid, peate need p\u00e4rast iga kasutamist v\u00f5i kui kavatsete neid pikema aja jooksul ladustada, kuivatama ja \u00f5litama.<\/p>\n","protected":false},"excerpt":{"rendered":"<p>Nugade andmed: &#8221;FISHERMAN&#8221;. Teras: kvaliteetne sepistatud roostevaba teras 95H18 (95X18) K\u00f5vadus: 59 HRC. Tera pikkus (mm): 137 \/ 5,39 tolli Tera paksus (mm): 3,5 \/ 0,13 tolli Tera laius (mm): 22 \/ 0,86 tolli K\u00e4epide: puit &#8211; Aafrika sebrano puit Kogupikkus (mm): 260 \/ 10,23 tolli 12C27 teras on osa Sandviki terase perekonnast. See on madalatasemeline k\u00f5rgkroomteras, mis on noat\u00f6\u00f6stuses v\u00e4ga populaarne, sest see pakub silmapaistvat kulumiskindlust, korrosioonikindlust ja suurt k\u00f5vadust &#8211; p\u00f5hilisi omadusi, mis loovad ideaalse noaterase. Lisaks omandab 12C27 teras teravuse suhteliselt kiiresti, erinevalt teistest k\u00f5rge kroomisisaldusega terastest, mille teravdamine v\u00f5tab karmide kroomkarbiidide t\u00f5ttu kaua aega. Sandvik 12C27&hellip;<\/p>\n","protected":false},"featured_media":85562,"template":"","meta":{"_themeisle_gutenberg_block_has_review":false},"product_brand":[],"product_cat":[343,346],"product_tag":[],"class_list":{"0":"post-89621","1":"product","2":"type-product","3":"status-publish","4":"has-post-thumbnail","6":"product_cat-kalapuugi-noad","7":"product_cat-matkanoad","9":"first","10":"instock","11":"shipping-taxable","12":"purchasable","13":"product-type-simple"},"yoast_head":"<!-- This site is optimized with the Yoast SEO plugin v27.3 - https:\/\/yoast.com\/product\/yoast-seo-wordpress\/ -->\n<title>Heast sepistatud roostevabast terasest nuga &quot;FISHERMAN&quot;. - AAKnives<\/title>\n<meta name=\"description\" content=\"hea sepistatud roostevabast terasest nuga, kalastusnuga. aaknives jahinuga, k\u00e4sitsi valmistatud noad, k\u00e4sitsi valmistatud sepistatud nuga, sepistatud nuga, sepistatud nuga L\u00e4tis,\" \/>\n<meta name=\"robots\" content=\"index, follow, max-snippet:-1, max-image-preview:large, max-video-preview:-1\" \/>\n<link rel=\"canonical\" href=\"https:\/\/aaknives.eu\/et\/product\/heast-sepistatud-roostevabast-terasest-nuga-fisherman\/\" \/>\n<meta property=\"og:locale\" content=\"et_EE\" \/>\n<meta property=\"og:type\" content=\"article\" \/>\n<meta property=\"og:title\" content=\"Heast sepistatud roostevabast terasest nuga &quot;FISHERMAN&quot;. - AAKnives\" \/>\n<meta property=\"og:description\" content=\"hea sepistatud roostevabast terasest nuga, kalastusnuga. aaknives jahinuga, k\u00e4sitsi valmistatud noad, k\u00e4sitsi valmistatud sepistatud nuga, sepistatud nuga, sepistatud nuga L\u00e4tis,\" \/>\n<meta property=\"og:url\" content=\"https:\/\/aaknives.eu\/et\/product\/heast-sepistatud-roostevabast-terasest-nuga-fisherman\/\" \/>\n<meta property=\"og:site_name\" content=\"AAKnives\" \/>\n<meta property=\"article:publisher\" content=\"https:\/\/www.facebook.com\/aaknives.eu\/\" \/>\n<meta property=\"article:modified_time\" content=\"2024-10-29T03:02:50+00:00\" \/>\n<meta property=\"og:image\" content=\"https:\/\/aaknives.eu\/wp-content\/uploads\/2024\/10\/aaknives-hand-forged-dabascus-steel-blade-knife-handmade-custom-made-knife-handcrafted-knives-autinetools-northmen-21-2-21-3.jpg\" \/>\n\t<meta property=\"og:image:width\" content=\"1020\" \/>\n\t<meta property=\"og:image:height\" content=\"880\" \/>\n\t<meta property=\"og:image:type\" content=\"image\/jpeg\" \/>\n<meta name=\"twitter:card\" content=\"summary_large_image\" \/>\n<meta name=\"twitter:label1\" content=\"Est. reading time\" \/>\n\t<meta name=\"twitter:data1\" content=\"1 minut\" \/>\n<script type=\"application\/ld+json\" class=\"yoast-schema-graph\">{\"@context\":\"https:\\\/\\\/schema.org\",\"@graph\":[{\"@type\":\"WebPage\",\"@id\":\"https:\\\/\\\/aaknives.eu\\\/et\\\/product\\\/heast-sepistatud-roostevabast-terasest-nuga-fisherman\\\/\",\"url\":\"https:\\\/\\\/aaknives.eu\\\/et\\\/product\\\/heast-sepistatud-roostevabast-terasest-nuga-fisherman\\\/\",\"name\":\"Heast sepistatud roostevabast terasest nuga \\\"FISHERMAN\\\". - AAKnives\",\"isPartOf\":{\"@id\":\"https:\\\/\\\/aaknives.eu\\\/et\\\/#website\"},\"primaryImageOfPage\":{\"@id\":\"https:\\\/\\\/aaknives.eu\\\/et\\\/product\\\/heast-sepistatud-roostevabast-terasest-nuga-fisherman\\\/#primaryimage\"},\"image\":{\"@id\":\"https:\\\/\\\/aaknives.eu\\\/et\\\/product\\\/heast-sepistatud-roostevabast-terasest-nuga-fisherman\\\/#primaryimage\"},\"thumbnailUrl\":\"https:\\\/\\\/aaknives.eu\\\/wp-content\\\/uploads\\\/2024\\\/10\\\/aaknives-hand-forged-dabascus-steel-blade-knife-handmade-custom-made-knife-handcrafted-knives-autinetools-northmen-21-2-21-3.jpg\",\"datePublished\":\"2024-10-29T01:55:47+00:00\",\"dateModified\":\"2024-10-29T03:02:50+00:00\",\"description\":\"hea sepistatud roostevabast terasest nuga, kalastusnuga. aaknives jahinuga, k\u00e4sitsi valmistatud noad, k\u00e4sitsi valmistatud sepistatud nuga, sepistatud nuga, sepistatud nuga L\u00e4tis,\",\"breadcrumb\":{\"@id\":\"https:\\\/\\\/aaknives.eu\\\/et\\\/product\\\/heast-sepistatud-roostevabast-terasest-nuga-fisherman\\\/#breadcrumb\"},\"inLanguage\":\"et\",\"potentialAction\":[{\"@type\":\"ReadAction\",\"target\":[\"https:\\\/\\\/aaknives.eu\\\/et\\\/product\\\/heast-sepistatud-roostevabast-terasest-nuga-fisherman\\\/\"]}]},{\"@type\":\"ImageObject\",\"inLanguage\":\"et\",\"@id\":\"https:\\\/\\\/aaknives.eu\\\/et\\\/product\\\/heast-sepistatud-roostevabast-terasest-nuga-fisherman\\\/#primaryimage\",\"url\":\"https:\\\/\\\/aaknives.eu\\\/wp-content\\\/uploads\\\/2024\\\/10\\\/aaknives-hand-forged-dabascus-steel-blade-knife-handmade-custom-made-knife-handcrafted-knives-autinetools-northmen-21-2-21-3.jpg\",\"contentUrl\":\"https:\\\/\\\/aaknives.eu\\\/wp-content\\\/uploads\\\/2024\\\/10\\\/aaknives-hand-forged-dabascus-steel-blade-knife-handmade-custom-made-knife-handcrafted-knives-autinetools-northmen-21-2-21-3.jpg\",\"width\":1020,\"height\":880},{\"@type\":\"BreadcrumbList\",\"@id\":\"https:\\\/\\\/aaknives.eu\\\/et\\\/product\\\/heast-sepistatud-roostevabast-terasest-nuga-fisherman\\\/#breadcrumb\",\"itemListElement\":[{\"@type\":\"ListItem\",\"position\":1,\"name\":\"Home\",\"item\":\"https:\\\/\\\/aaknives.eu\\\/et\\\/kodu\\\/\"},{\"@type\":\"ListItem\",\"position\":2,\"name\":\"Kauplus\",\"item\":\"https:\\\/\\\/aaknives.eu\\\/et\\\/kauplus\\\/\"},{\"@type\":\"ListItem\",\"position\":3,\"name\":\"Heast sepistatud roostevabast terasest nuga &#8220;FISHERMAN&#8221;.\"}]},{\"@type\":\"WebSite\",\"@id\":\"https:\\\/\\\/aaknives.eu\\\/et\\\/#website\",\"url\":\"https:\\\/\\\/aaknives.eu\\\/et\\\/\",\"name\":\"AAKnives\",\"description\":\"Handmade knives\",\"publisher\":{\"@id\":\"https:\\\/\\\/aaknives.eu\\\/et\\\/#organization\"},\"potentialAction\":[{\"@type\":\"SearchAction\",\"target\":{\"@type\":\"EntryPoint\",\"urlTemplate\":\"https:\\\/\\\/aaknives.eu\\\/et\\\/?s={search_term_string}\"},\"query-input\":{\"@type\":\"PropertyValueSpecification\",\"valueRequired\":true,\"valueName\":\"search_term_string\"}}],\"inLanguage\":\"et\"},{\"@type\":\"Organization\",\"@id\":\"https:\\\/\\\/aaknives.eu\\\/et\\\/#organization\",\"name\":\"AAKnives\",\"url\":\"https:\\\/\\\/aaknives.eu\\\/et\\\/\",\"logo\":{\"@type\":\"ImageObject\",\"inLanguage\":\"et\",\"@id\":\"https:\\\/\\\/aaknives.eu\\\/et\\\/#\\\/schema\\\/logo\\\/image\\\/\",\"url\":\"https:\\\/\\\/aaknives.eu\\\/wp-content\\\/uploads\\\/2021\\\/10\\\/AAknives_Logo_Green.png\",\"contentUrl\":\"https:\\\/\\\/aaknives.eu\\\/wp-content\\\/uploads\\\/2021\\\/10\\\/AAknives_Logo_Green.png\",\"width\":1768,\"height\":1768,\"caption\":\"AAKnives\"},\"image\":{\"@id\":\"https:\\\/\\\/aaknives.eu\\\/et\\\/#\\\/schema\\\/logo\\\/image\\\/\"},\"sameAs\":[\"https:\\\/\\\/www.facebook.com\\\/aaknives.eu\\\/\",\"https:\\\/\\\/www.instagram.com\\\/aaknives\\\/\",\"https:\\\/\\\/www.pinterest.com\\\/aa_knives\\\/\",\"https:\\\/\\\/www.youtube.com\\\/channel\\\/UCHOQFjrOkgT6s4FIw9LDKyw\\\/featured\"]}]}<\/script>\n<!-- \/ Yoast SEO plugin. -->","yoast_head_json":{"title":"Heast sepistatud roostevabast terasest nuga \"FISHERMAN\". - AAKnives","description":"hea sepistatud roostevabast terasest nuga, kalastusnuga. aaknives jahinuga, k\u00e4sitsi valmistatud noad, k\u00e4sitsi valmistatud sepistatud nuga, sepistatud nuga, sepistatud nuga L\u00e4tis,","robots":{"index":"index","follow":"follow","max-snippet":"max-snippet:-1","max-image-preview":"max-image-preview:large","max-video-preview":"max-video-preview:-1"},"canonical":"https:\/\/aaknives.eu\/et\/product\/heast-sepistatud-roostevabast-terasest-nuga-fisherman\/","og_locale":"et_EE","og_type":"article","og_title":"Heast sepistatud roostevabast terasest nuga \"FISHERMAN\". - AAKnives","og_description":"hea sepistatud roostevabast terasest nuga, kalastusnuga. aaknives jahinuga, k\u00e4sitsi valmistatud noad, k\u00e4sitsi valmistatud sepistatud nuga, sepistatud nuga, sepistatud nuga L\u00e4tis,","og_url":"https:\/\/aaknives.eu\/et\/product\/heast-sepistatud-roostevabast-terasest-nuga-fisherman\/","og_site_name":"AAKnives","article_publisher":"https:\/\/www.facebook.com\/aaknives.eu\/","article_modified_time":"2024-10-29T03:02:50+00:00","og_image":[{"width":1020,"height":880,"url":"https:\/\/aaknives.eu\/wp-content\/uploads\/2024\/10\/aaknives-hand-forged-dabascus-steel-blade-knife-handmade-custom-made-knife-handcrafted-knives-autinetools-northmen-21-2-21-3.jpg","type":"image\/jpeg"}],"twitter_card":"summary_large_image","twitter_misc":{"Est. reading time":"1 minut"},"schema":{"@context":"https:\/\/schema.org","@graph":[{"@type":"WebPage","@id":"https:\/\/aaknives.eu\/et\/product\/heast-sepistatud-roostevabast-terasest-nuga-fisherman\/","url":"https:\/\/aaknives.eu\/et\/product\/heast-sepistatud-roostevabast-terasest-nuga-fisherman\/","name":"Heast sepistatud roostevabast terasest nuga \"FISHERMAN\". - AAKnives","isPartOf":{"@id":"https:\/\/aaknives.eu\/et\/#website"},"primaryImageOfPage":{"@id":"https:\/\/aaknives.eu\/et\/product\/heast-sepistatud-roostevabast-terasest-nuga-fisherman\/#primaryimage"},"image":{"@id":"https:\/\/aaknives.eu\/et\/product\/heast-sepistatud-roostevabast-terasest-nuga-fisherman\/#primaryimage"},"thumbnailUrl":"https:\/\/aaknives.eu\/wp-content\/uploads\/2024\/10\/aaknives-hand-forged-dabascus-steel-blade-knife-handmade-custom-made-knife-handcrafted-knives-autinetools-northmen-21-2-21-3.jpg","datePublished":"2024-10-29T01:55:47+00:00","dateModified":"2024-10-29T03:02:50+00:00","description":"hea sepistatud roostevabast terasest nuga, kalastusnuga. aaknives jahinuga, k\u00e4sitsi valmistatud noad, k\u00e4sitsi valmistatud sepistatud nuga, sepistatud nuga, sepistatud nuga L\u00e4tis,","breadcrumb":{"@id":"https:\/\/aaknives.eu\/et\/product\/heast-sepistatud-roostevabast-terasest-nuga-fisherman\/#breadcrumb"},"inLanguage":"et","potentialAction":[{"@type":"ReadAction","target":["https:\/\/aaknives.eu\/et\/product\/heast-sepistatud-roostevabast-terasest-nuga-fisherman\/"]}]},{"@type":"ImageObject","inLanguage":"et","@id":"https:\/\/aaknives.eu\/et\/product\/heast-sepistatud-roostevabast-terasest-nuga-fisherman\/#primaryimage","url":"https:\/\/aaknives.eu\/wp-content\/uploads\/2024\/10\/aaknives-hand-forged-dabascus-steel-blade-knife-handmade-custom-made-knife-handcrafted-knives-autinetools-northmen-21-2-21-3.jpg","contentUrl":"https:\/\/aaknives.eu\/wp-content\/uploads\/2024\/10\/aaknives-hand-forged-dabascus-steel-blade-knife-handmade-custom-made-knife-handcrafted-knives-autinetools-northmen-21-2-21-3.jpg","width":1020,"height":880},{"@type":"BreadcrumbList","@id":"https:\/\/aaknives.eu\/et\/product\/heast-sepistatud-roostevabast-terasest-nuga-fisherman\/#breadcrumb","itemListElement":[{"@type":"ListItem","position":1,"name":"Home","item":"https:\/\/aaknives.eu\/et\/kodu\/"},{"@type":"ListItem","position":2,"name":"Kauplus","item":"https:\/\/aaknives.eu\/et\/kauplus\/"},{"@type":"ListItem","position":3,"name":"Heast sepistatud roostevabast terasest nuga &#8220;FISHERMAN&#8221;."}]},{"@type":"WebSite","@id":"https:\/\/aaknives.eu\/et\/#website","url":"https:\/\/aaknives.eu\/et\/","name":"AAKnives","description":"Handmade knives","publisher":{"@id":"https:\/\/aaknives.eu\/et\/#organization"},"potentialAction":[{"@type":"SearchAction","target":{"@type":"EntryPoint","urlTemplate":"https:\/\/aaknives.eu\/et\/?s={search_term_string}"},"query-input":{"@type":"PropertyValueSpecification","valueRequired":true,"valueName":"search_term_string"}}],"inLanguage":"et"},{"@type":"Organization","@id":"https:\/\/aaknives.eu\/et\/#organization","name":"AAKnives","url":"https:\/\/aaknives.eu\/et\/","logo":{"@type":"ImageObject","inLanguage":"et","@id":"https:\/\/aaknives.eu\/et\/#\/schema\/logo\/image\/","url":"https:\/\/aaknives.eu\/wp-content\/uploads\/2021\/10\/AAknives_Logo_Green.png","contentUrl":"https:\/\/aaknives.eu\/wp-content\/uploads\/2021\/10\/AAknives_Logo_Green.png","width":1768,"height":1768,"caption":"AAKnives"},"image":{"@id":"https:\/\/aaknives.eu\/et\/#\/schema\/logo\/image\/"},"sameAs":["https:\/\/www.facebook.com\/aaknives.eu\/","https:\/\/www.instagram.com\/aaknives\/","https:\/\/www.pinterest.com\/aa_knives\/","https:\/\/www.youtube.com\/channel\/UCHOQFjrOkgT6s4FIw9LDKyw\/featured"]}]}},"_links":{"self":[{"href":"https:\/\/aaknives.eu\/et\/wp-json\/wp\/v2\/product\/89621","targetHints":{"allow":["GET"]}}],"collection":[{"href":"https:\/\/aaknives.eu\/et\/wp-json\/wp\/v2\/product"}],"about":[{"href":"https:\/\/aaknives.eu\/et\/wp-json\/wp\/v2\/types\/product"}],"wp:featuredmedia":[{"embeddable":true,"href":"https:\/\/aaknives.eu\/et\/wp-json\/wp\/v2\/media\/85562"}],"wp:attachment":[{"href":"https:\/\/aaknives.eu\/et\/wp-json\/wp\/v2\/media?parent=89621"}],"wp:term":[{"taxonomy":"product_brand","embeddable":true,"href":"https:\/\/aaknives.eu\/et\/wp-json\/wp\/v2\/product_brand?post=89621"},{"taxonomy":"product_cat","embeddable":true,"href":"https:\/\/aaknives.eu\/et\/wp-json\/wp\/v2\/product_cat?post=89621"},{"taxonomy":"product_tag","embeddable":true,"href":"https:\/\/aaknives.eu\/et\/wp-json\/wp\/v2\/product_tag?post=89621"}],"curies":[{"name":"wp","href":"https:\/\/api.w.org\/{rel}","templated":true}]}}