{"id":89640,"date":"2024-10-29T01:51:26","date_gmt":"2024-10-29T01:51:26","guid":{"rendered":"https:\/\/aaknives.eu\/?post_type=product&#038;p=89640"},"modified":"2024-10-29T03:02:35","modified_gmt":"2024-10-29T03:02:35","slug":"nuga-eagle-kasitsi-sepistatud-damaskuse-terasest-tera","status":"publish","type":"product","link":"https:\/\/aaknives.eu\/et\/product\/nuga-eagle-kasitsi-sepistatud-damaskuse-terasest-tera\/","title":{"rendered":"Nuga &#8221;EAGLE&#8221; &#8211; k\u00e4sitsi sepistatud Damaskuse terasest tera"},"content":{"rendered":"<p>Noa tehnilised andmed: &#8221;EAGLE&#8221;<br \/>\nTeras: Damaskus, (HVG, U10, ShH15), 800 kihti<br \/>\nK\u00f5vadus: 60-62 HRC<br \/>\nTera pikkus (mm): 133 \/ 5,23 tolli<br \/>\nTera paksus (mm): 3 \/ 0,9 tolli<br \/>\nTera laius (mm): 28 \/ 1,10 tolli<br \/>\nK\u00e4epide: Aafrika Wenge puit<br \/>\nKogupikkus (mm): 277 \/ 10,90 tolli<br \/>\nNugade t\u00fc\u00fcp: jahindus, v\u00e4ljas<br \/>\nPakend: nuga, nahast \u00fcmbris<\/p>\n","protected":false},"excerpt":{"rendered":"<p>Noa tehnilised andmed: &#8221;EAGLE&#8221; Teras: Damaskus, (HVG, U10, ShH15), 800 kihti K\u00f5vadus: 60-62 HRC Tera pikkus (mm): 133 \/ 5,23 tolli Tera paksus (mm): 3 \/ 0,9 tolli Tera laius (mm): 28 \/ 1,10 tolli K\u00e4epide: Aafrika Wenge puit Kogupikkus (mm): 277 \/ 10,90 tolli Nugade t\u00fc\u00fcp: jahindus, v\u00e4ljas Pakend: nuga, nahast \u00fcmbris<\/p>\n","protected":false},"featured_media":93948,"template":"","meta":{"_themeisle_gutenberg_block_has_review":false},"product_brand":[],"product_cat":[345,341],"product_tag":[],"class_list":{"0":"post-89640","1":"product","2":"type-product","3":"status-publish","4":"has-post-thumbnail","6":"product_cat-jahinoad","7":"product_cat-premium-ja-eksklusiivsed-noad","9":"first","10":"instock","11":"shipping-taxable","12":"purchasable","13":"product-type-simple"},"yoast_head":"<!-- This site is optimized with the Yoast SEO plugin v27.3 - https:\/\/yoast.com\/product\/yoast-seo-wordpress\/ -->\n<title>Nuga &#039;&#039;EAGLE&#039;&#039; - k\u00e4sitsi sepistatud Damaskuse terasest tera - AAKnives<\/title>\n<meta name=\"robots\" content=\"index, follow, max-snippet:-1, max-image-preview:large, max-video-preview:-1\" \/>\n<link rel=\"canonical\" href=\"https:\/\/aaknives.eu\/et\/product\/nuga-eagle-kasitsi-sepistatud-damaskuse-terasest-tera\/\" \/>\n<meta property=\"og:locale\" content=\"et_EE\" \/>\n<meta property=\"og:type\" content=\"article\" \/>\n<meta property=\"og:title\" content=\"Nuga &#039;&#039;EAGLE&#039;&#039; - k\u00e4sitsi sepistatud Damaskuse terasest tera - AAKnives\" \/>\n<meta property=\"og:description\" content=\"Noa tehnilised andmed: &#8221;EAGLE&#8221; Teras: Damaskus, (HVG, U10, ShH15), 800 kihti K\u00f5vadus: 60-62 HRC Tera pikkus (mm): 133 \/ 5,23 tolli Tera paksus (mm): 3 \/ 0,9 tolli Tera laius (mm): 28 \/ 1,10 tolli K\u00e4epide: Aafrika Wenge puit Kogupikkus (mm): 277 \/ 10,90 tolli Nugade t\u00fc\u00fcp: jahindus, v\u00e4ljas Pakend: nuga, nahast \u00fcmbris\" \/>\n<meta property=\"og:url\" content=\"https:\/\/aaknives.eu\/et\/product\/nuga-eagle-kasitsi-sepistatud-damaskuse-terasest-tera\/\" \/>\n<meta property=\"og:site_name\" content=\"AAKnives\" \/>\n<meta property=\"article:publisher\" content=\"https:\/\/www.facebook.com\/aaknives.eu\/\" \/>\n<meta property=\"article:modified_time\" content=\"2024-10-29T03:02:35+00:00\" \/>\n<meta property=\"og:image\" content=\"https:\/\/aaknives.eu\/wp-content\/uploads\/2024\/10\/aaknives-hand-forged-dabascus-steel-blade-knife-handmade-custom-made-knife-handcrafted-knives-autinetools-northmen-1-1-7-1.jpg\" \/>\n\t<meta property=\"og:image:width\" content=\"800\" \/>\n\t<meta property=\"og:image:height\" content=\"600\" \/>\n\t<meta property=\"og:image:type\" content=\"image\/jpeg\" \/>\n<meta name=\"twitter:card\" content=\"summary_large_image\" \/>\n<script type=\"application\/ld+json\" class=\"yoast-schema-graph\">{\"@context\":\"https:\\\/\\\/schema.org\",\"@graph\":[{\"@type\":\"WebPage\",\"@id\":\"https:\\\/\\\/aaknives.eu\\\/et\\\/product\\\/nuga-eagle-kasitsi-sepistatud-damaskuse-terasest-tera\\\/\",\"url\":\"https:\\\/\\\/aaknives.eu\\\/et\\\/product\\\/nuga-eagle-kasitsi-sepistatud-damaskuse-terasest-tera\\\/\",\"name\":\"Nuga ''EAGLE'' - k\u00e4sitsi sepistatud Damaskuse terasest tera - AAKnives\",\"isPartOf\":{\"@id\":\"https:\\\/\\\/aaknives.eu\\\/et\\\/#website\"},\"primaryImageOfPage\":{\"@id\":\"https:\\\/\\\/aaknives.eu\\\/et\\\/product\\\/nuga-eagle-kasitsi-sepistatud-damaskuse-terasest-tera\\\/#primaryimage\"},\"image\":{\"@id\":\"https:\\\/\\\/aaknives.eu\\\/et\\\/product\\\/nuga-eagle-kasitsi-sepistatud-damaskuse-terasest-tera\\\/#primaryimage\"},\"thumbnailUrl\":\"https:\\\/\\\/aaknives.eu\\\/wp-content\\\/uploads\\\/2024\\\/10\\\/aaknives-hand-forged-dabascus-steel-blade-knife-handmade-custom-made-knife-handcrafted-knives-autinetools-northmen-16.2-5.jpg\",\"datePublished\":\"2024-10-29T01:51:26+00:00\",\"dateModified\":\"2024-10-29T03:02:35+00:00\",\"breadcrumb\":{\"@id\":\"https:\\\/\\\/aaknives.eu\\\/et\\\/product\\\/nuga-eagle-kasitsi-sepistatud-damaskuse-terasest-tera\\\/#breadcrumb\"},\"inLanguage\":\"et\",\"potentialAction\":[{\"@type\":\"ReadAction\",\"target\":[\"https:\\\/\\\/aaknives.eu\\\/et\\\/product\\\/nuga-eagle-kasitsi-sepistatud-damaskuse-terasest-tera\\\/\"]}]},{\"@type\":\"ImageObject\",\"inLanguage\":\"et\",\"@id\":\"https:\\\/\\\/aaknives.eu\\\/et\\\/product\\\/nuga-eagle-kasitsi-sepistatud-damaskuse-terasest-tera\\\/#primaryimage\",\"url\":\"https:\\\/\\\/aaknives.eu\\\/wp-content\\\/uploads\\\/2024\\\/10\\\/aaknives-hand-forged-dabascus-steel-blade-knife-handmade-custom-made-knife-handcrafted-knives-autinetools-northmen-16.2-5.jpg\",\"contentUrl\":\"https:\\\/\\\/aaknives.eu\\\/wp-content\\\/uploads\\\/2024\\\/10\\\/aaknives-hand-forged-dabascus-steel-blade-knife-handmade-custom-made-knife-handcrafted-knives-autinetools-northmen-16.2-5.jpg\",\"width\":1020,\"height\":880},{\"@type\":\"BreadcrumbList\",\"@id\":\"https:\\\/\\\/aaknives.eu\\\/et\\\/product\\\/nuga-eagle-kasitsi-sepistatud-damaskuse-terasest-tera\\\/#breadcrumb\",\"itemListElement\":[{\"@type\":\"ListItem\",\"position\":1,\"name\":\"Home\",\"item\":\"https:\\\/\\\/aaknives.eu\\\/et\\\/kodu\\\/\"},{\"@type\":\"ListItem\",\"position\":2,\"name\":\"Kauplus\",\"item\":\"https:\\\/\\\/aaknives.eu\\\/et\\\/kauplus\\\/\"},{\"@type\":\"ListItem\",\"position\":3,\"name\":\"Nuga &#8221;EAGLE&#8221; &#8211; k\u00e4sitsi sepistatud Damaskuse terasest tera\"}]},{\"@type\":\"WebSite\",\"@id\":\"https:\\\/\\\/aaknives.eu\\\/et\\\/#website\",\"url\":\"https:\\\/\\\/aaknives.eu\\\/et\\\/\",\"name\":\"AAKnives\",\"description\":\"Handmade knives\",\"publisher\":{\"@id\":\"https:\\\/\\\/aaknives.eu\\\/et\\\/#organization\"},\"potentialAction\":[{\"@type\":\"SearchAction\",\"target\":{\"@type\":\"EntryPoint\",\"urlTemplate\":\"https:\\\/\\\/aaknives.eu\\\/et\\\/?s={search_term_string}\"},\"query-input\":{\"@type\":\"PropertyValueSpecification\",\"valueRequired\":true,\"valueName\":\"search_term_string\"}}],\"inLanguage\":\"et\"},{\"@type\":\"Organization\",\"@id\":\"https:\\\/\\\/aaknives.eu\\\/et\\\/#organization\",\"name\":\"AAKnives\",\"url\":\"https:\\\/\\\/aaknives.eu\\\/et\\\/\",\"logo\":{\"@type\":\"ImageObject\",\"inLanguage\":\"et\",\"@id\":\"https:\\\/\\\/aaknives.eu\\\/et\\\/#\\\/schema\\\/logo\\\/image\\\/\",\"url\":\"https:\\\/\\\/aaknives.eu\\\/wp-content\\\/uploads\\\/2021\\\/10\\\/AAknives_Logo_Green.png\",\"contentUrl\":\"https:\\\/\\\/aaknives.eu\\\/wp-content\\\/uploads\\\/2021\\\/10\\\/AAknives_Logo_Green.png\",\"width\":1768,\"height\":1768,\"caption\":\"AAKnives\"},\"image\":{\"@id\":\"https:\\\/\\\/aaknives.eu\\\/et\\\/#\\\/schema\\\/logo\\\/image\\\/\"},\"sameAs\":[\"https:\\\/\\\/www.facebook.com\\\/aaknives.eu\\\/\",\"https:\\\/\\\/www.instagram.com\\\/aaknives\\\/\",\"https:\\\/\\\/www.pinterest.com\\\/aa_knives\\\/\",\"https:\\\/\\\/www.youtube.com\\\/channel\\\/UCHOQFjrOkgT6s4FIw9LDKyw\\\/featured\"]}]}<\/script>\n<!-- \/ Yoast SEO plugin. -->","yoast_head_json":{"title":"Nuga ''EAGLE'' - k\u00e4sitsi sepistatud Damaskuse terasest tera - AAKnives","robots":{"index":"index","follow":"follow","max-snippet":"max-snippet:-1","max-image-preview":"max-image-preview:large","max-video-preview":"max-video-preview:-1"},"canonical":"https:\/\/aaknives.eu\/et\/product\/nuga-eagle-kasitsi-sepistatud-damaskuse-terasest-tera\/","og_locale":"et_EE","og_type":"article","og_title":"Nuga ''EAGLE'' - k\u00e4sitsi sepistatud Damaskuse terasest tera - AAKnives","og_description":"Noa tehnilised andmed: &#8221;EAGLE&#8221; Teras: Damaskus, (HVG, U10, ShH15), 800 kihti K\u00f5vadus: 60-62 HRC Tera pikkus (mm): 133 \/ 5,23 tolli Tera paksus (mm): 3 \/ 0,9 tolli Tera laius (mm): 28 \/ 1,10 tolli K\u00e4epide: Aafrika Wenge puit Kogupikkus (mm): 277 \/ 10,90 tolli Nugade t\u00fc\u00fcp: jahindus, v\u00e4ljas Pakend: nuga, nahast \u00fcmbris","og_url":"https:\/\/aaknives.eu\/et\/product\/nuga-eagle-kasitsi-sepistatud-damaskuse-terasest-tera\/","og_site_name":"AAKnives","article_publisher":"https:\/\/www.facebook.com\/aaknives.eu\/","article_modified_time":"2024-10-29T03:02:35+00:00","og_image":[{"width":800,"height":600,"url":"https:\/\/aaknives.eu\/wp-content\/uploads\/2024\/10\/aaknives-hand-forged-dabascus-steel-blade-knife-handmade-custom-made-knife-handcrafted-knives-autinetools-northmen-1-1-7-1.jpg","type":"image\/jpeg"}],"twitter_card":"summary_large_image","schema":{"@context":"https:\/\/schema.org","@graph":[{"@type":"WebPage","@id":"https:\/\/aaknives.eu\/et\/product\/nuga-eagle-kasitsi-sepistatud-damaskuse-terasest-tera\/","url":"https:\/\/aaknives.eu\/et\/product\/nuga-eagle-kasitsi-sepistatud-damaskuse-terasest-tera\/","name":"Nuga ''EAGLE'' - k\u00e4sitsi sepistatud Damaskuse terasest tera - AAKnives","isPartOf":{"@id":"https:\/\/aaknives.eu\/et\/#website"},"primaryImageOfPage":{"@id":"https:\/\/aaknives.eu\/et\/product\/nuga-eagle-kasitsi-sepistatud-damaskuse-terasest-tera\/#primaryimage"},"image":{"@id":"https:\/\/aaknives.eu\/et\/product\/nuga-eagle-kasitsi-sepistatud-damaskuse-terasest-tera\/#primaryimage"},"thumbnailUrl":"https:\/\/aaknives.eu\/wp-content\/uploads\/2024\/10\/aaknives-hand-forged-dabascus-steel-blade-knife-handmade-custom-made-knife-handcrafted-knives-autinetools-northmen-16.2-5.jpg","datePublished":"2024-10-29T01:51:26+00:00","dateModified":"2024-10-29T03:02:35+00:00","breadcrumb":{"@id":"https:\/\/aaknives.eu\/et\/product\/nuga-eagle-kasitsi-sepistatud-damaskuse-terasest-tera\/#breadcrumb"},"inLanguage":"et","potentialAction":[{"@type":"ReadAction","target":["https:\/\/aaknives.eu\/et\/product\/nuga-eagle-kasitsi-sepistatud-damaskuse-terasest-tera\/"]}]},{"@type":"ImageObject","inLanguage":"et","@id":"https:\/\/aaknives.eu\/et\/product\/nuga-eagle-kasitsi-sepistatud-damaskuse-terasest-tera\/#primaryimage","url":"https:\/\/aaknives.eu\/wp-content\/uploads\/2024\/10\/aaknives-hand-forged-dabascus-steel-blade-knife-handmade-custom-made-knife-handcrafted-knives-autinetools-northmen-16.2-5.jpg","contentUrl":"https:\/\/aaknives.eu\/wp-content\/uploads\/2024\/10\/aaknives-hand-forged-dabascus-steel-blade-knife-handmade-custom-made-knife-handcrafted-knives-autinetools-northmen-16.2-5.jpg","width":1020,"height":880},{"@type":"BreadcrumbList","@id":"https:\/\/aaknives.eu\/et\/product\/nuga-eagle-kasitsi-sepistatud-damaskuse-terasest-tera\/#breadcrumb","itemListElement":[{"@type":"ListItem","position":1,"name":"Home","item":"https:\/\/aaknives.eu\/et\/kodu\/"},{"@type":"ListItem","position":2,"name":"Kauplus","item":"https:\/\/aaknives.eu\/et\/kauplus\/"},{"@type":"ListItem","position":3,"name":"Nuga &#8221;EAGLE&#8221; &#8211; k\u00e4sitsi sepistatud Damaskuse terasest tera"}]},{"@type":"WebSite","@id":"https:\/\/aaknives.eu\/et\/#website","url":"https:\/\/aaknives.eu\/et\/","name":"AAKnives","description":"Handmade knives","publisher":{"@id":"https:\/\/aaknives.eu\/et\/#organization"},"potentialAction":[{"@type":"SearchAction","target":{"@type":"EntryPoint","urlTemplate":"https:\/\/aaknives.eu\/et\/?s={search_term_string}"},"query-input":{"@type":"PropertyValueSpecification","valueRequired":true,"valueName":"search_term_string"}}],"inLanguage":"et"},{"@type":"Organization","@id":"https:\/\/aaknives.eu\/et\/#organization","name":"AAKnives","url":"https:\/\/aaknives.eu\/et\/","logo":{"@type":"ImageObject","inLanguage":"et","@id":"https:\/\/aaknives.eu\/et\/#\/schema\/logo\/image\/","url":"https:\/\/aaknives.eu\/wp-content\/uploads\/2021\/10\/AAknives_Logo_Green.png","contentUrl":"https:\/\/aaknives.eu\/wp-content\/uploads\/2021\/10\/AAknives_Logo_Green.png","width":1768,"height":1768,"caption":"AAKnives"},"image":{"@id":"https:\/\/aaknives.eu\/et\/#\/schema\/logo\/image\/"},"sameAs":["https:\/\/www.facebook.com\/aaknives.eu\/","https:\/\/www.instagram.com\/aaknives\/","https:\/\/www.pinterest.com\/aa_knives\/","https:\/\/www.youtube.com\/channel\/UCHOQFjrOkgT6s4FIw9LDKyw\/featured"]}]}},"_links":{"self":[{"href":"https:\/\/aaknives.eu\/et\/wp-json\/wp\/v2\/product\/89640","targetHints":{"allow":["GET"]}}],"collection":[{"href":"https:\/\/aaknives.eu\/et\/wp-json\/wp\/v2\/product"}],"about":[{"href":"https:\/\/aaknives.eu\/et\/wp-json\/wp\/v2\/types\/product"}],"wp:featuredmedia":[{"embeddable":true,"href":"https:\/\/aaknives.eu\/et\/wp-json\/wp\/v2\/media\/93948"}],"wp:attachment":[{"href":"https:\/\/aaknives.eu\/et\/wp-json\/wp\/v2\/media?parent=89640"}],"wp:term":[{"taxonomy":"product_brand","embeddable":true,"href":"https:\/\/aaknives.eu\/et\/wp-json\/wp\/v2\/product_brand?post=89640"},{"taxonomy":"product_cat","embeddable":true,"href":"https:\/\/aaknives.eu\/et\/wp-json\/wp\/v2\/product_cat?post=89640"},{"taxonomy":"product_tag","embeddable":true,"href":"https:\/\/aaknives.eu\/et\/wp-json\/wp\/v2\/product_tag?post=89640"}],"curies":[{"name":"wp","href":"https:\/\/api.w.org\/{rel}","templated":true}]}}