{"id":89670,"date":"2024-10-29T01:54:04","date_gmt":"2024-10-29T01:54:04","guid":{"rendered":"https:\/\/aaknives.eu\/?post_type=product&#038;p=89670"},"modified":"2024-10-29T03:02:07","modified_gmt":"2024-10-29T03:02:07","slug":"zhuk-teritaja-hoidik-peitlite-ja-hoovlite-teritamiseks","status":"publish","type":"product","link":"https:\/\/aaknives.eu\/et\/product\/zhuk-teritaja-hoidik-peitlite-ja-hoovlite-teritamiseks\/","title":{"rendered":"ZHUK teritaja hoidik peitlite ja h\u00f6\u00f6vlite teritamiseks"},"content":{"rendered":"<p>ZHUK teritaja hoidik peitlite ja h\u00f6\u00f6vlite teritamiseks<\/p>\n<p>Meislite ja nugade mitmek\u00fclgseks teritamiseks v\u00f5imaldab hoida t\u00f6\u00f6riista t\u00f6\u00f6korras ilma kodus elektrimasinaid kasutamata. Pressitud h\u00f6\u00f6velnoa maksimaalne laius on 63 mm. Teritamise h\u00f6\u00f6veldusnurk j\u00e4\u00e4b vahemikku 27-32 kraadi. S\u00f5ltuvalt teritusnurgast s\u00f5ltub see sellest, kui kaua tera teravaks j\u00e4\u00e4b. \u00dcle 63 mm laiuste elektrih\u00f6\u00f6vlite jaoks on soovitatav nuge ja l\u00f5iketerad teritada 130 mm vahet\u00fckil.<\/p>\n<p>&nbsp;<\/p>\n<p>&nbsp;<\/p>\n<p>&nbsp;<\/p>\n","protected":false},"excerpt":{"rendered":"<p>ZHUK teritaja hoidik peitlite ja h\u00f6\u00f6vlite teritamiseks Meislite ja nugade mitmek\u00fclgseks teritamiseks v\u00f5imaldab hoida t\u00f6\u00f6riista t\u00f6\u00f6korras ilma kodus elektrimasinaid kasutamata. Pressitud h\u00f6\u00f6velnoa maksimaalne laius on 63 mm. Teritamise h\u00f6\u00f6veldusnurk j\u00e4\u00e4b vahemikku 27-32 kraadi. S\u00f5ltuvalt teritusnurgast s\u00f5ltub see sellest, kui kaua tera teravaks j\u00e4\u00e4b. \u00dcle 63 mm laiuste elektrih\u00f6\u00f6vlite jaoks on soovitatav nuge ja l\u00f5iketerad teritada 130 mm vahet\u00fckil. &nbsp; &nbsp; &nbsp;<\/p>\n","protected":false},"featured_media":85086,"template":"","meta":{"_themeisle_gutenberg_block_has_review":false},"product_brand":[],"product_cat":[351],"product_tag":[],"class_list":{"0":"post-89670","1":"product","2":"type-product","3":"status-publish","4":"has-post-thumbnail","6":"product_cat-nugade-teritamine-noateritajad","8":"first","9":"outofstock","10":"shipping-taxable","11":"purchasable","12":"product-type-simple"},"yoast_head":"<!-- This site is optimized with the Yoast SEO plugin v27.3 - https:\/\/yoast.com\/product\/yoast-seo-wordpress\/ -->\n<title>ZHUK teritaja hoidik peitlite ja h\u00f6\u00f6vlite teritamiseks - AAKnives<\/title>\n<meta name=\"robots\" content=\"index, follow, max-snippet:-1, max-image-preview:large, max-video-preview:-1\" \/>\n<link rel=\"canonical\" href=\"https:\/\/aaknives.eu\/et\/product\/zhuk-teritaja-hoidik-peitlite-ja-hoovlite-teritamiseks\/\" \/>\n<meta property=\"og:locale\" content=\"et_EE\" \/>\n<meta property=\"og:type\" content=\"article\" \/>\n<meta property=\"og:title\" content=\"ZHUK teritaja hoidik peitlite ja h\u00f6\u00f6vlite teritamiseks - AAKnives\" \/>\n<meta property=\"og:description\" content=\"ZHUK teritaja hoidik peitlite ja h\u00f6\u00f6vlite teritamiseks Meislite ja nugade mitmek\u00fclgseks teritamiseks v\u00f5imaldab hoida t\u00f6\u00f6riista t\u00f6\u00f6korras ilma kodus elektrimasinaid kasutamata. Pressitud h\u00f6\u00f6velnoa maksimaalne laius on 63 mm. Teritamise h\u00f6\u00f6veldusnurk j\u00e4\u00e4b vahemikku 27-32 kraadi. S\u00f5ltuvalt teritusnurgast s\u00f5ltub see sellest, kui kaua tera teravaks j\u00e4\u00e4b. \u00dcle 63 mm laiuste elektrih\u00f6\u00f6vlite jaoks on soovitatav nuge ja l\u00f5iketerad teritada 130 mm vahet\u00fckil. &nbsp; &nbsp; &nbsp;\" \/>\n<meta property=\"og:url\" content=\"https:\/\/aaknives.eu\/et\/product\/zhuk-teritaja-hoidik-peitlite-ja-hoovlite-teritamiseks\/\" \/>\n<meta property=\"og:site_name\" content=\"AAKnives\" \/>\n<meta property=\"article:publisher\" content=\"https:\/\/www.facebook.com\/aaknives.eu\/\" \/>\n<meta property=\"article:modified_time\" content=\"2024-10-29T03:02:07+00:00\" \/>\n<meta property=\"og:image\" content=\"https:\/\/aaknives.eu\/wp-content\/uploads\/2024\/10\/aaknives-aaknife-forged-damascus-steel-blade-hand-forged-elmax-knife-handmade-custom-made-knife-handcrafted-knives-16-1-3.jpg\" \/>\n\t<meta property=\"og:image:width\" content=\"600\" \/>\n\t<meta property=\"og:image:height\" content=\"600\" \/>\n\t<meta property=\"og:image:type\" content=\"image\/jpeg\" \/>\n<meta name=\"twitter:card\" content=\"summary_large_image\" \/>\n<script type=\"application\/ld+json\" class=\"yoast-schema-graph\">{\"@context\":\"https:\\\/\\\/schema.org\",\"@graph\":[{\"@type\":\"WebPage\",\"@id\":\"https:\\\/\\\/aaknives.eu\\\/et\\\/product\\\/zhuk-teritaja-hoidik-peitlite-ja-hoovlite-teritamiseks\\\/\",\"url\":\"https:\\\/\\\/aaknives.eu\\\/et\\\/product\\\/zhuk-teritaja-hoidik-peitlite-ja-hoovlite-teritamiseks\\\/\",\"name\":\"ZHUK teritaja hoidik peitlite ja h\u00f6\u00f6vlite teritamiseks - AAKnives\",\"isPartOf\":{\"@id\":\"https:\\\/\\\/aaknives.eu\\\/et\\\/#website\"},\"primaryImageOfPage\":{\"@id\":\"https:\\\/\\\/aaknives.eu\\\/et\\\/product\\\/zhuk-teritaja-hoidik-peitlite-ja-hoovlite-teritamiseks\\\/#primaryimage\"},\"image\":{\"@id\":\"https:\\\/\\\/aaknives.eu\\\/et\\\/product\\\/zhuk-teritaja-hoidik-peitlite-ja-hoovlite-teritamiseks\\\/#primaryimage\"},\"thumbnailUrl\":\"https:\\\/\\\/aaknives.eu\\\/wp-content\\\/uploads\\\/2024\\\/10\\\/aaknives-aaknife-forged-damascus-steel-blade-hand-forged-elmax-knife-handmade-custom-made-knife-handcrafted-knives-16-1-3.jpg\",\"datePublished\":\"2024-10-29T01:54:04+00:00\",\"dateModified\":\"2024-10-29T03:02:07+00:00\",\"breadcrumb\":{\"@id\":\"https:\\\/\\\/aaknives.eu\\\/et\\\/product\\\/zhuk-teritaja-hoidik-peitlite-ja-hoovlite-teritamiseks\\\/#breadcrumb\"},\"inLanguage\":\"et\",\"potentialAction\":[{\"@type\":\"ReadAction\",\"target\":[\"https:\\\/\\\/aaknives.eu\\\/et\\\/product\\\/zhuk-teritaja-hoidik-peitlite-ja-hoovlite-teritamiseks\\\/\"]}]},{\"@type\":\"ImageObject\",\"inLanguage\":\"et\",\"@id\":\"https:\\\/\\\/aaknives.eu\\\/et\\\/product\\\/zhuk-teritaja-hoidik-peitlite-ja-hoovlite-teritamiseks\\\/#primaryimage\",\"url\":\"https:\\\/\\\/aaknives.eu\\\/wp-content\\\/uploads\\\/2024\\\/10\\\/aaknives-aaknife-forged-damascus-steel-blade-hand-forged-elmax-knife-handmade-custom-made-knife-handcrafted-knives-16-1-3.jpg\",\"contentUrl\":\"https:\\\/\\\/aaknives.eu\\\/wp-content\\\/uploads\\\/2024\\\/10\\\/aaknives-aaknife-forged-damascus-steel-blade-hand-forged-elmax-knife-handmade-custom-made-knife-handcrafted-knives-16-1-3.jpg\",\"width\":600,\"height\":600},{\"@type\":\"BreadcrumbList\",\"@id\":\"https:\\\/\\\/aaknives.eu\\\/et\\\/product\\\/zhuk-teritaja-hoidik-peitlite-ja-hoovlite-teritamiseks\\\/#breadcrumb\",\"itemListElement\":[{\"@type\":\"ListItem\",\"position\":1,\"name\":\"Home\",\"item\":\"https:\\\/\\\/aaknives.eu\\\/et\\\/kodu\\\/\"},{\"@type\":\"ListItem\",\"position\":2,\"name\":\"Kauplus\",\"item\":\"https:\\\/\\\/aaknives.eu\\\/et\\\/kauplus\\\/\"},{\"@type\":\"ListItem\",\"position\":3,\"name\":\"ZHUK teritaja hoidik peitlite ja h\u00f6\u00f6vlite teritamiseks\"}]},{\"@type\":\"WebSite\",\"@id\":\"https:\\\/\\\/aaknives.eu\\\/et\\\/#website\",\"url\":\"https:\\\/\\\/aaknives.eu\\\/et\\\/\",\"name\":\"AAKnives\",\"description\":\"Handmade knives\",\"publisher\":{\"@id\":\"https:\\\/\\\/aaknives.eu\\\/et\\\/#organization\"},\"potentialAction\":[{\"@type\":\"SearchAction\",\"target\":{\"@type\":\"EntryPoint\",\"urlTemplate\":\"https:\\\/\\\/aaknives.eu\\\/et\\\/?s={search_term_string}\"},\"query-input\":{\"@type\":\"PropertyValueSpecification\",\"valueRequired\":true,\"valueName\":\"search_term_string\"}}],\"inLanguage\":\"et\"},{\"@type\":\"Organization\",\"@id\":\"https:\\\/\\\/aaknives.eu\\\/et\\\/#organization\",\"name\":\"AAKnives\",\"url\":\"https:\\\/\\\/aaknives.eu\\\/et\\\/\",\"logo\":{\"@type\":\"ImageObject\",\"inLanguage\":\"et\",\"@id\":\"https:\\\/\\\/aaknives.eu\\\/et\\\/#\\\/schema\\\/logo\\\/image\\\/\",\"url\":\"https:\\\/\\\/aaknives.eu\\\/wp-content\\\/uploads\\\/2021\\\/10\\\/AAknives_Logo_Green.png\",\"contentUrl\":\"https:\\\/\\\/aaknives.eu\\\/wp-content\\\/uploads\\\/2021\\\/10\\\/AAknives_Logo_Green.png\",\"width\":1768,\"height\":1768,\"caption\":\"AAKnives\"},\"image\":{\"@id\":\"https:\\\/\\\/aaknives.eu\\\/et\\\/#\\\/schema\\\/logo\\\/image\\\/\"},\"sameAs\":[\"https:\\\/\\\/www.facebook.com\\\/aaknives.eu\\\/\",\"https:\\\/\\\/www.instagram.com\\\/aaknives\\\/\",\"https:\\\/\\\/www.pinterest.com\\\/aa_knives\\\/\",\"https:\\\/\\\/www.youtube.com\\\/channel\\\/UCHOQFjrOkgT6s4FIw9LDKyw\\\/featured\"]}]}<\/script>\n<!-- \/ Yoast SEO plugin. -->","yoast_head_json":{"title":"ZHUK teritaja hoidik peitlite ja h\u00f6\u00f6vlite teritamiseks - AAKnives","robots":{"index":"index","follow":"follow","max-snippet":"max-snippet:-1","max-image-preview":"max-image-preview:large","max-video-preview":"max-video-preview:-1"},"canonical":"https:\/\/aaknives.eu\/et\/product\/zhuk-teritaja-hoidik-peitlite-ja-hoovlite-teritamiseks\/","og_locale":"et_EE","og_type":"article","og_title":"ZHUK teritaja hoidik peitlite ja h\u00f6\u00f6vlite teritamiseks - AAKnives","og_description":"ZHUK teritaja hoidik peitlite ja h\u00f6\u00f6vlite teritamiseks Meislite ja nugade mitmek\u00fclgseks teritamiseks v\u00f5imaldab hoida t\u00f6\u00f6riista t\u00f6\u00f6korras ilma kodus elektrimasinaid kasutamata. Pressitud h\u00f6\u00f6velnoa maksimaalne laius on 63 mm. Teritamise h\u00f6\u00f6veldusnurk j\u00e4\u00e4b vahemikku 27-32 kraadi. S\u00f5ltuvalt teritusnurgast s\u00f5ltub see sellest, kui kaua tera teravaks j\u00e4\u00e4b. \u00dcle 63 mm laiuste elektrih\u00f6\u00f6vlite jaoks on soovitatav nuge ja l\u00f5iketerad teritada 130 mm vahet\u00fckil. &nbsp; &nbsp; &nbsp;","og_url":"https:\/\/aaknives.eu\/et\/product\/zhuk-teritaja-hoidik-peitlite-ja-hoovlite-teritamiseks\/","og_site_name":"AAKnives","article_publisher":"https:\/\/www.facebook.com\/aaknives.eu\/","article_modified_time":"2024-10-29T03:02:07+00:00","og_image":[{"width":600,"height":600,"url":"https:\/\/aaknives.eu\/wp-content\/uploads\/2024\/10\/aaknives-aaknife-forged-damascus-steel-blade-hand-forged-elmax-knife-handmade-custom-made-knife-handcrafted-knives-16-1-3.jpg","type":"image\/jpeg"}],"twitter_card":"summary_large_image","schema":{"@context":"https:\/\/schema.org","@graph":[{"@type":"WebPage","@id":"https:\/\/aaknives.eu\/et\/product\/zhuk-teritaja-hoidik-peitlite-ja-hoovlite-teritamiseks\/","url":"https:\/\/aaknives.eu\/et\/product\/zhuk-teritaja-hoidik-peitlite-ja-hoovlite-teritamiseks\/","name":"ZHUK teritaja hoidik peitlite ja h\u00f6\u00f6vlite teritamiseks - AAKnives","isPartOf":{"@id":"https:\/\/aaknives.eu\/et\/#website"},"primaryImageOfPage":{"@id":"https:\/\/aaknives.eu\/et\/product\/zhuk-teritaja-hoidik-peitlite-ja-hoovlite-teritamiseks\/#primaryimage"},"image":{"@id":"https:\/\/aaknives.eu\/et\/product\/zhuk-teritaja-hoidik-peitlite-ja-hoovlite-teritamiseks\/#primaryimage"},"thumbnailUrl":"https:\/\/aaknives.eu\/wp-content\/uploads\/2024\/10\/aaknives-aaknife-forged-damascus-steel-blade-hand-forged-elmax-knife-handmade-custom-made-knife-handcrafted-knives-16-1-3.jpg","datePublished":"2024-10-29T01:54:04+00:00","dateModified":"2024-10-29T03:02:07+00:00","breadcrumb":{"@id":"https:\/\/aaknives.eu\/et\/product\/zhuk-teritaja-hoidik-peitlite-ja-hoovlite-teritamiseks\/#breadcrumb"},"inLanguage":"et","potentialAction":[{"@type":"ReadAction","target":["https:\/\/aaknives.eu\/et\/product\/zhuk-teritaja-hoidik-peitlite-ja-hoovlite-teritamiseks\/"]}]},{"@type":"ImageObject","inLanguage":"et","@id":"https:\/\/aaknives.eu\/et\/product\/zhuk-teritaja-hoidik-peitlite-ja-hoovlite-teritamiseks\/#primaryimage","url":"https:\/\/aaknives.eu\/wp-content\/uploads\/2024\/10\/aaknives-aaknife-forged-damascus-steel-blade-hand-forged-elmax-knife-handmade-custom-made-knife-handcrafted-knives-16-1-3.jpg","contentUrl":"https:\/\/aaknives.eu\/wp-content\/uploads\/2024\/10\/aaknives-aaknife-forged-damascus-steel-blade-hand-forged-elmax-knife-handmade-custom-made-knife-handcrafted-knives-16-1-3.jpg","width":600,"height":600},{"@type":"BreadcrumbList","@id":"https:\/\/aaknives.eu\/et\/product\/zhuk-teritaja-hoidik-peitlite-ja-hoovlite-teritamiseks\/#breadcrumb","itemListElement":[{"@type":"ListItem","position":1,"name":"Home","item":"https:\/\/aaknives.eu\/et\/kodu\/"},{"@type":"ListItem","position":2,"name":"Kauplus","item":"https:\/\/aaknives.eu\/et\/kauplus\/"},{"@type":"ListItem","position":3,"name":"ZHUK teritaja hoidik peitlite ja h\u00f6\u00f6vlite teritamiseks"}]},{"@type":"WebSite","@id":"https:\/\/aaknives.eu\/et\/#website","url":"https:\/\/aaknives.eu\/et\/","name":"AAKnives","description":"Handmade knives","publisher":{"@id":"https:\/\/aaknives.eu\/et\/#organization"},"potentialAction":[{"@type":"SearchAction","target":{"@type":"EntryPoint","urlTemplate":"https:\/\/aaknives.eu\/et\/?s={search_term_string}"},"query-input":{"@type":"PropertyValueSpecification","valueRequired":true,"valueName":"search_term_string"}}],"inLanguage":"et"},{"@type":"Organization","@id":"https:\/\/aaknives.eu\/et\/#organization","name":"AAKnives","url":"https:\/\/aaknives.eu\/et\/","logo":{"@type":"ImageObject","inLanguage":"et","@id":"https:\/\/aaknives.eu\/et\/#\/schema\/logo\/image\/","url":"https:\/\/aaknives.eu\/wp-content\/uploads\/2021\/10\/AAknives_Logo_Green.png","contentUrl":"https:\/\/aaknives.eu\/wp-content\/uploads\/2021\/10\/AAknives_Logo_Green.png","width":1768,"height":1768,"caption":"AAKnives"},"image":{"@id":"https:\/\/aaknives.eu\/et\/#\/schema\/logo\/image\/"},"sameAs":["https:\/\/www.facebook.com\/aaknives.eu\/","https:\/\/www.instagram.com\/aaknives\/","https:\/\/www.pinterest.com\/aa_knives\/","https:\/\/www.youtube.com\/channel\/UCHOQFjrOkgT6s4FIw9LDKyw\/featured"]}]}},"_links":{"self":[{"href":"https:\/\/aaknives.eu\/et\/wp-json\/wp\/v2\/product\/89670","targetHints":{"allow":["GET"]}}],"collection":[{"href":"https:\/\/aaknives.eu\/et\/wp-json\/wp\/v2\/product"}],"about":[{"href":"https:\/\/aaknives.eu\/et\/wp-json\/wp\/v2\/types\/product"}],"wp:featuredmedia":[{"embeddable":true,"href":"https:\/\/aaknives.eu\/et\/wp-json\/wp\/v2\/media\/85086"}],"wp:attachment":[{"href":"https:\/\/aaknives.eu\/et\/wp-json\/wp\/v2\/media?parent=89670"}],"wp:term":[{"taxonomy":"product_brand","embeddable":true,"href":"https:\/\/aaknives.eu\/et\/wp-json\/wp\/v2\/product_brand?post=89670"},{"taxonomy":"product_cat","embeddable":true,"href":"https:\/\/aaknives.eu\/et\/wp-json\/wp\/v2\/product_cat?post=89670"},{"taxonomy":"product_tag","embeddable":true,"href":"https:\/\/aaknives.eu\/et\/wp-json\/wp\/v2\/product_tag?post=89670"}],"curies":[{"name":"wp","href":"https:\/\/api.w.org\/{rel}","templated":true}]}}