{"id":89684,"date":"2024-10-29T01:53:10","date_gmt":"2024-10-29T01:53:10","guid":{"rendered":"https:\/\/aaknives.eu\/?post_type=product&#038;p=89684"},"modified":"2024-10-29T03:01:54","modified_gmt":"2024-10-29T03:01:54","slug":"kirves-kinkekarp","status":"publish","type":"product","link":"https:\/\/aaknives.eu\/et\/product\/kirves-kinkekarp\/","title":{"rendered":"Kirves \u2013 kinkekarp!"},"content":{"rendered":"<p>Kirves \u2013 kinkekarp!<br \/>\nMaterjal: P\u00f5lev puit<br \/>\nPikkus (mm): 570<br \/>\nLaius (mm): 270<br \/>\nK\u00f5rgus (mm): 110<\/p>\n<p>Kirves ei kuulu komplekti!<\/p>\n<p>Nuga on suurep\u00e4rane ja eksklusiivne kingitus, sest see on p\u00fcsiv ja j\u00e4\u00e4b igaveseks. Kasutaja m\u00e4letab ja m\u00f5tleb teile iga kord, kui ta v\u00f5tab noa k\u00e4tte!<\/p>\n<p>Pea meeles \u2013 kui kingid noa, k\u00fcsi vastutasuks m\u00fcndi, see on oluline! Nii et te ei l\u00e4heks inimesega t\u00fclli. Nii \u00fctleb \u00fcks vana uskumus!<\/p>\n","protected":false},"excerpt":{"rendered":"<p>Kirves \u2013 kinkekarp! Materjal: P\u00f5lev puit Pikkus (mm): 570 Laius (mm): 270 K\u00f5rgus (mm): 110 Kirves ei kuulu komplekti! Nuga on suurep\u00e4rane ja eksklusiivne kingitus, sest see on p\u00fcsiv ja j\u00e4\u00e4b igaveseks. Kasutaja m\u00e4letab ja m\u00f5tleb teile iga kord, kui ta v\u00f5tab noa k\u00e4tte! Pea meeles \u2013 kui kingid noa, k\u00fcsi vastutasuks m\u00fcndi, see on oluline! Nii et te ei l\u00e4heks inimesega t\u00fclli. Nii \u00fctleb \u00fcks vana uskumus!<\/p>\n","protected":false},"featured_media":84773,"template":"","meta":{"_themeisle_gutenberg_block_has_review":false},"product_brand":[],"product_cat":[342,347,354],"product_tag":[],"class_list":{"0":"post-89684","1":"product","2":"type-product","3":"status-publish","4":"has-post-thumbnail","6":"product_cat-kastid","7":"product_cat-kinkekaardid","8":"product_cat-kirved","10":"first","11":"outofstock","12":"shipping-taxable","13":"purchasable","14":"product-type-simple"},"yoast_head":"<!-- This site is optimized with the Yoast SEO plugin v27.5 - https:\/\/yoast.com\/product\/yoast-seo-wordpress\/ -->\n<title>Kirves \u2013 kinkekarp! - AAKnives<\/title>\n<meta name=\"robots\" content=\"index, follow, max-snippet:-1, max-image-preview:large, max-video-preview:-1\" \/>\n<link rel=\"canonical\" href=\"https:\/\/aaknives.eu\/et\/product\/kirves-kinkekarp\/\" \/>\n<meta property=\"og:locale\" content=\"et_EE\" \/>\n<meta property=\"og:type\" content=\"article\" \/>\n<meta property=\"og:title\" content=\"Kirves \u2013 kinkekarp! - AAKnives\" \/>\n<meta property=\"og:description\" content=\"Kirves \u2013 kinkekarp! Materjal: P\u00f5lev puit Pikkus (mm): 570 Laius (mm): 270 K\u00f5rgus (mm): 110 Kirves ei kuulu komplekti! Nuga on suurep\u00e4rane ja eksklusiivne kingitus, sest see on p\u00fcsiv ja j\u00e4\u00e4b igaveseks. Kasutaja m\u00e4letab ja m\u00f5tleb teile iga kord, kui ta v\u00f5tab noa k\u00e4tte! Pea meeles \u2013 kui kingid noa, k\u00fcsi vastutasuks m\u00fcndi, see on oluline! Nii et te ei l\u00e4heks inimesega t\u00fclli. Nii \u00fctleb \u00fcks vana uskumus!\" \/>\n<meta property=\"og:url\" content=\"https:\/\/aaknives.eu\/et\/product\/kirves-kinkekarp\/\" \/>\n<meta property=\"og:site_name\" content=\"AAKnives\" \/>\n<meta property=\"article:publisher\" content=\"https:\/\/www.facebook.com\/aaknives.eu\/\" \/>\n<meta property=\"article:modified_time\" content=\"2024-10-29T03:01:54+00:00\" \/>\n<meta property=\"og:image\" content=\"https:\/\/aaknives.eu\/wp-content\/uploads\/2024\/10\/aaknives-aaknife-forged-damascus-steel-blade-hand-forged-damascus-knife-handmade-custom-made-knife-handcrafted-knife-3-1-1-3.jpg\" \/>\n\t<meta property=\"og:image:width\" content=\"800\" \/>\n\t<meta property=\"og:image:height\" content=\"600\" \/>\n\t<meta property=\"og:image:type\" content=\"image\/jpeg\" \/>\n<meta name=\"twitter:card\" content=\"summary_large_image\" \/>\n<script type=\"application\/ld+json\" class=\"yoast-schema-graph\">{\"@context\":\"https:\\\/\\\/schema.org\",\"@graph\":[{\"@type\":\"WebPage\",\"@id\":\"https:\\\/\\\/aaknives.eu\\\/et\\\/product\\\/kirves-kinkekarp\\\/\",\"url\":\"https:\\\/\\\/aaknives.eu\\\/et\\\/product\\\/kirves-kinkekarp\\\/\",\"name\":\"Kirves \u2013 kinkekarp! - AAKnives\",\"isPartOf\":{\"@id\":\"https:\\\/\\\/aaknives.eu\\\/et\\\/#website\"},\"primaryImageOfPage\":{\"@id\":\"https:\\\/\\\/aaknives.eu\\\/et\\\/product\\\/kirves-kinkekarp\\\/#primaryimage\"},\"image\":{\"@id\":\"https:\\\/\\\/aaknives.eu\\\/et\\\/product\\\/kirves-kinkekarp\\\/#primaryimage\"},\"thumbnailUrl\":\"https:\\\/\\\/aaknives.eu\\\/wp-content\\\/uploads\\\/2024\\\/10\\\/aaknives-aaknife-forged-damascus-steel-blade-hand-forged-damascus-knife-handmade-custom-made-knife-handcrafted-knife-3-1-1-3.jpg\",\"datePublished\":\"2024-10-29T01:53:10+00:00\",\"dateModified\":\"2024-10-29T03:01:54+00:00\",\"breadcrumb\":{\"@id\":\"https:\\\/\\\/aaknives.eu\\\/et\\\/product\\\/kirves-kinkekarp\\\/#breadcrumb\"},\"inLanguage\":\"et\",\"potentialAction\":[{\"@type\":\"ReadAction\",\"target\":[\"https:\\\/\\\/aaknives.eu\\\/et\\\/product\\\/kirves-kinkekarp\\\/\"]}]},{\"@type\":\"ImageObject\",\"inLanguage\":\"et\",\"@id\":\"https:\\\/\\\/aaknives.eu\\\/et\\\/product\\\/kirves-kinkekarp\\\/#primaryimage\",\"url\":\"https:\\\/\\\/aaknives.eu\\\/wp-content\\\/uploads\\\/2024\\\/10\\\/aaknives-aaknife-forged-damascus-steel-blade-hand-forged-damascus-knife-handmade-custom-made-knife-handcrafted-knife-3-1-1-3.jpg\",\"contentUrl\":\"https:\\\/\\\/aaknives.eu\\\/wp-content\\\/uploads\\\/2024\\\/10\\\/aaknives-aaknife-forged-damascus-steel-blade-hand-forged-damascus-knife-handmade-custom-made-knife-handcrafted-knife-3-1-1-3.jpg\",\"width\":800,\"height\":600},{\"@type\":\"BreadcrumbList\",\"@id\":\"https:\\\/\\\/aaknives.eu\\\/et\\\/product\\\/kirves-kinkekarp\\\/#breadcrumb\",\"itemListElement\":[{\"@type\":\"ListItem\",\"position\":1,\"name\":\"Home\",\"item\":\"https:\\\/\\\/aaknives.eu\\\/et\\\/kodu\\\/\"},{\"@type\":\"ListItem\",\"position\":2,\"name\":\"Kauplus\",\"item\":\"https:\\\/\\\/aaknives.eu\\\/et\\\/kauplus\\\/\"},{\"@type\":\"ListItem\",\"position\":3,\"name\":\"Kirves \u2013 kinkekarp!\"}]},{\"@type\":\"WebSite\",\"@id\":\"https:\\\/\\\/aaknives.eu\\\/et\\\/#website\",\"url\":\"https:\\\/\\\/aaknives.eu\\\/et\\\/\",\"name\":\"AAKnives\",\"description\":\"Handmade knives\",\"publisher\":{\"@id\":\"https:\\\/\\\/aaknives.eu\\\/et\\\/#organization\"},\"potentialAction\":[{\"@type\":\"SearchAction\",\"target\":{\"@type\":\"EntryPoint\",\"urlTemplate\":\"https:\\\/\\\/aaknives.eu\\\/et\\\/?s={search_term_string}\"},\"query-input\":{\"@type\":\"PropertyValueSpecification\",\"valueRequired\":true,\"valueName\":\"search_term_string\"}}],\"inLanguage\":\"et\"},{\"@type\":\"Organization\",\"@id\":\"https:\\\/\\\/aaknives.eu\\\/et\\\/#organization\",\"name\":\"AAKnives\",\"url\":\"https:\\\/\\\/aaknives.eu\\\/et\\\/\",\"logo\":{\"@type\":\"ImageObject\",\"inLanguage\":\"et\",\"@id\":\"https:\\\/\\\/aaknives.eu\\\/et\\\/#\\\/schema\\\/logo\\\/image\\\/\",\"url\":\"https:\\\/\\\/aaknives.eu\\\/wp-content\\\/uploads\\\/2021\\\/10\\\/AAknives_Logo_Green.png\",\"contentUrl\":\"https:\\\/\\\/aaknives.eu\\\/wp-content\\\/uploads\\\/2021\\\/10\\\/AAknives_Logo_Green.png\",\"width\":1768,\"height\":1768,\"caption\":\"AAKnives\"},\"image\":{\"@id\":\"https:\\\/\\\/aaknives.eu\\\/et\\\/#\\\/schema\\\/logo\\\/image\\\/\"},\"sameAs\":[\"https:\\\/\\\/www.facebook.com\\\/aaknives.eu\\\/\",\"https:\\\/\\\/www.instagram.com\\\/aaknives\\\/\",\"https:\\\/\\\/www.pinterest.com\\\/aa_knives\\\/\",\"https:\\\/\\\/www.youtube.com\\\/channel\\\/UCHOQFjrOkgT6s4FIw9LDKyw\\\/featured\"]}]}<\/script>\n<!-- \/ Yoast SEO plugin. -->","yoast_head_json":{"title":"Kirves \u2013 kinkekarp! - AAKnives","robots":{"index":"index","follow":"follow","max-snippet":"max-snippet:-1","max-image-preview":"max-image-preview:large","max-video-preview":"max-video-preview:-1"},"canonical":"https:\/\/aaknives.eu\/et\/product\/kirves-kinkekarp\/","og_locale":"et_EE","og_type":"article","og_title":"Kirves \u2013 kinkekarp! - AAKnives","og_description":"Kirves \u2013 kinkekarp! Materjal: P\u00f5lev puit Pikkus (mm): 570 Laius (mm): 270 K\u00f5rgus (mm): 110 Kirves ei kuulu komplekti! Nuga on suurep\u00e4rane ja eksklusiivne kingitus, sest see on p\u00fcsiv ja j\u00e4\u00e4b igaveseks. Kasutaja m\u00e4letab ja m\u00f5tleb teile iga kord, kui ta v\u00f5tab noa k\u00e4tte! Pea meeles \u2013 kui kingid noa, k\u00fcsi vastutasuks m\u00fcndi, see on oluline! Nii et te ei l\u00e4heks inimesega t\u00fclli. Nii \u00fctleb \u00fcks vana uskumus!","og_url":"https:\/\/aaknives.eu\/et\/product\/kirves-kinkekarp\/","og_site_name":"AAKnives","article_publisher":"https:\/\/www.facebook.com\/aaknives.eu\/","article_modified_time":"2024-10-29T03:01:54+00:00","og_image":[{"width":800,"height":600,"url":"https:\/\/aaknives.eu\/wp-content\/uploads\/2024\/10\/aaknives-aaknife-forged-damascus-steel-blade-hand-forged-damascus-knife-handmade-custom-made-knife-handcrafted-knife-3-1-1-3.jpg","type":"image\/jpeg"}],"twitter_card":"summary_large_image","schema":{"@context":"https:\/\/schema.org","@graph":[{"@type":"WebPage","@id":"https:\/\/aaknives.eu\/et\/product\/kirves-kinkekarp\/","url":"https:\/\/aaknives.eu\/et\/product\/kirves-kinkekarp\/","name":"Kirves \u2013 kinkekarp! - AAKnives","isPartOf":{"@id":"https:\/\/aaknives.eu\/et\/#website"},"primaryImageOfPage":{"@id":"https:\/\/aaknives.eu\/et\/product\/kirves-kinkekarp\/#primaryimage"},"image":{"@id":"https:\/\/aaknives.eu\/et\/product\/kirves-kinkekarp\/#primaryimage"},"thumbnailUrl":"https:\/\/aaknives.eu\/wp-content\/uploads\/2024\/10\/aaknives-aaknife-forged-damascus-steel-blade-hand-forged-damascus-knife-handmade-custom-made-knife-handcrafted-knife-3-1-1-3.jpg","datePublished":"2024-10-29T01:53:10+00:00","dateModified":"2024-10-29T03:01:54+00:00","breadcrumb":{"@id":"https:\/\/aaknives.eu\/et\/product\/kirves-kinkekarp\/#breadcrumb"},"inLanguage":"et","potentialAction":[{"@type":"ReadAction","target":["https:\/\/aaknives.eu\/et\/product\/kirves-kinkekarp\/"]}]},{"@type":"ImageObject","inLanguage":"et","@id":"https:\/\/aaknives.eu\/et\/product\/kirves-kinkekarp\/#primaryimage","url":"https:\/\/aaknives.eu\/wp-content\/uploads\/2024\/10\/aaknives-aaknife-forged-damascus-steel-blade-hand-forged-damascus-knife-handmade-custom-made-knife-handcrafted-knife-3-1-1-3.jpg","contentUrl":"https:\/\/aaknives.eu\/wp-content\/uploads\/2024\/10\/aaknives-aaknife-forged-damascus-steel-blade-hand-forged-damascus-knife-handmade-custom-made-knife-handcrafted-knife-3-1-1-3.jpg","width":800,"height":600},{"@type":"BreadcrumbList","@id":"https:\/\/aaknives.eu\/et\/product\/kirves-kinkekarp\/#breadcrumb","itemListElement":[{"@type":"ListItem","position":1,"name":"Home","item":"https:\/\/aaknives.eu\/et\/kodu\/"},{"@type":"ListItem","position":2,"name":"Kauplus","item":"https:\/\/aaknives.eu\/et\/kauplus\/"},{"@type":"ListItem","position":3,"name":"Kirves \u2013 kinkekarp!"}]},{"@type":"WebSite","@id":"https:\/\/aaknives.eu\/et\/#website","url":"https:\/\/aaknives.eu\/et\/","name":"AAKnives","description":"Handmade knives","publisher":{"@id":"https:\/\/aaknives.eu\/et\/#organization"},"potentialAction":[{"@type":"SearchAction","target":{"@type":"EntryPoint","urlTemplate":"https:\/\/aaknives.eu\/et\/?s={search_term_string}"},"query-input":{"@type":"PropertyValueSpecification","valueRequired":true,"valueName":"search_term_string"}}],"inLanguage":"et"},{"@type":"Organization","@id":"https:\/\/aaknives.eu\/et\/#organization","name":"AAKnives","url":"https:\/\/aaknives.eu\/et\/","logo":{"@type":"ImageObject","inLanguage":"et","@id":"https:\/\/aaknives.eu\/et\/#\/schema\/logo\/image\/","url":"https:\/\/aaknives.eu\/wp-content\/uploads\/2021\/10\/AAknives_Logo_Green.png","contentUrl":"https:\/\/aaknives.eu\/wp-content\/uploads\/2021\/10\/AAknives_Logo_Green.png","width":1768,"height":1768,"caption":"AAKnives"},"image":{"@id":"https:\/\/aaknives.eu\/et\/#\/schema\/logo\/image\/"},"sameAs":["https:\/\/www.facebook.com\/aaknives.eu\/","https:\/\/www.instagram.com\/aaknives\/","https:\/\/www.pinterest.com\/aa_knives\/","https:\/\/www.youtube.com\/channel\/UCHOQFjrOkgT6s4FIw9LDKyw\/featured"]}]}},"_links":{"self":[{"href":"https:\/\/aaknives.eu\/et\/wp-json\/wp\/v2\/product\/89684","targetHints":{"allow":["GET"]}}],"collection":[{"href":"https:\/\/aaknives.eu\/et\/wp-json\/wp\/v2\/product"}],"about":[{"href":"https:\/\/aaknives.eu\/et\/wp-json\/wp\/v2\/types\/product"}],"wp:featuredmedia":[{"embeddable":true,"href":"https:\/\/aaknives.eu\/et\/wp-json\/wp\/v2\/media\/84773"}],"wp:attachment":[{"href":"https:\/\/aaknives.eu\/et\/wp-json\/wp\/v2\/media?parent=89684"}],"wp:term":[{"taxonomy":"product_brand","embeddable":true,"href":"https:\/\/aaknives.eu\/et\/wp-json\/wp\/v2\/product_brand?post=89684"},{"taxonomy":"product_cat","embeddable":true,"href":"https:\/\/aaknives.eu\/et\/wp-json\/wp\/v2\/product_cat?post=89684"},{"taxonomy":"product_tag","embeddable":true,"href":"https:\/\/aaknives.eu\/et\/wp-json\/wp\/v2\/product_tag?post=89684"}],"curies":[{"name":"wp","href":"https:\/\/api.w.org\/{rel}","templated":true}]}}