{"id":89705,"date":"2024-10-29T02:11:40","date_gmt":"2024-10-29T02:11:40","guid":{"rendered":"https:\/\/aaknives.eu\/?post_type=product&#038;p=89705"},"modified":"2024-10-29T03:01:40","modified_gmt":"2024-10-29T03:01:40","slug":"blitz-360-alus-tsprof-tappisnoateritaja","status":"publish","type":"product","link":"https:\/\/aaknives.eu\/et\/product\/blitz-360-alus-tsprof-tappisnoateritaja\/","title":{"rendered":"BLITZ 360 alus \u2013 TSPROF t\u00e4ppisnoateritaja"},"content":{"rendered":"<div class=\"product-details__block\">\n<p>BLITZ 360 alus \u2013 TSPROF t\u00e4ppisnoateritaja<\/p>\n<p>V\u00e4ike suurus. Professionaalsetest teritajatest k\u00f5ige kompaktsem*<br \/>\nT\u00e4ielikult metallist. Valime ainult k\u00f5ige usaldusv\u00e4\u00e4rsemad materjalid.<br \/>\nFlip-n-Sharp p\u00f6\u00f6rdmehhanism. Teritage oma noad maksimaalse mugavusega.<br \/>\nV. C. Angleseti s\u00fcsteem. Valige \u00fche liigutusega soovitud nurk.<br \/>\nS\u00e4\u00e4stab teie aega. See on kokku pandud m\u00f5ne sekundiga, teritusprotsess v\u00f5tab v\u00e4ga v\u00e4he aega.<br \/>\nIgasugune teritusnurk. Maksimaalne teritusnurk kuni 70\u00b0, teritage k\u00f5ik noad TSPROF Blitz 360-ga.<br \/>\nK\u00f5ik abrasiivid. Universaalne hoidik suudab kinnitada kuni 150 mm abrasiivi. Toorikutega ja ilma.<\/p>\n<\/div>\n<p><b>TSPROF Blitz 360<\/b> &#8211; kompaktse noateritaja <b>TSPROF Blitz<\/b> professionaalne versioon on asendamatu abiline v\u00e4ikeste igap\u00e4evaste nugade teritamisel. Seadme kogum\u00f5\u00f5t: 13x12x12cm ja kaal vaid 1,5 kg. Seda on lihtne s\u00f5pradega loodusesse v\u00e4ljas\u00f5idule kaasa v\u00f5tta ja seda on mugav kodus hoiustada.<\/p>\n<p><b>Blitz 360<\/b> on varustatud <b>Flip-n-Sharp<\/b> p\u00f6\u00f6rdmehhanismiga, mis v\u00f5imaldab nuga teritada ilma seda klambritest eemaldamata. Kaks terasklambrit kinnitavad kindlalt kuni 200 mm pikkused noad.<\/p>\n<p>Seadme unikaalne omadus on <b>V. C. Angleseti<\/b> s\u00fcsteem. Blitzi nurga seadmine toimub t\u00e4nu noa liikumisele virtuaalse keskpunkti suhtes. See annab teritamisel lisamugavust ja v\u00e4hendab abrasiivi m\u00f5ju l\u00f5ikeservale.<\/p>\n<p><b>Blitz 360<\/b> versiooni erip\u00e4raks on hinge\u00fcksus, mida kere suurus ei piira. 360-kraadine liigend annab teritamisel t\u00e4ieliku vabaduse. Teritusnurkade vahemikku 360-kraadise p\u00f6\u00f6rdega suurendatakse 70\u00b0-ni (35\u00b0 kummalgi k\u00fcljel). See laiendab oluliselt teritatud nugade valikut.<\/p>\n<p>Abrasiivne juhtvarras paigaldatakse hinges\u00f5lmesse vaid 0,02 mm vahega. Juhtvarda vaikne liikumine annab t\u00f6\u00f6tamisel mugavuse uuel tasemel.<\/p>\n<p><b>TSPROF Blitz 360<\/b> on varustatud digitaalse kraadiklaasi platvormiga, millega saate tera teritusnurka k\u00fcmnendiku kraadini juhtida.<\/p>\n<p>Noa t\u00e4iuslikkuse saavutamiseks kasutage poleerimiskomplekti.<\/p>\n<p>Blitz 360 <b>universaalne abrasiivihoidik<\/b> v\u00f5imaldab t\u00f6\u00f6tada kuni 150 mm pikkuste abrasiividega, isegi ilma toorikuta.<\/p>\n<p><b>TSPROF Blitz<\/b> on teie kodus professionaalsel tasemel teritamine. N\u00fc\u00fcd kompaktses suuruses.<\/p>\n<p><small>*muude TSPROF seadmete hulgas alates 2019. aastast.<\/small><\/p>\n<p><strong>Blitz 360 p\u00f5hikomplekt sisaldab:<\/strong><\/p>\n<ul>\n<li>&#8211; Blitz 360 kere<\/li>\n<li>&#8211; Universaalne abrasiivne hoidik<\/li>\n<li>&#8211; Digitaalne kraadiklaas<\/li>\n<li>&#8211; Varuosad: kaitserauad 5 tk, kruvid 2 tk, kuuskantv\u00f5tmed 1,5, 2 mm<\/li>\n<\/ul>\n<p>&nbsp;<\/p>\n<p>&nbsp;<\/p>\n<p>&nbsp;<\/p>\n<pre><\/pre>\n<p>&nbsp;<\/p>\n","protected":false},"excerpt":{"rendered":"<p>BLITZ 360 alus \u2013 TSPROF t\u00e4ppisnoateritaja V\u00e4ike suurus. Professionaalsetest teritajatest k\u00f5ige kompaktsem* T\u00e4ielikult metallist. Valime ainult k\u00f5ige usaldusv\u00e4\u00e4rsemad materjalid. Flip-n-Sharp p\u00f6\u00f6rdmehhanism. Teritage oma noad maksimaalse mugavusega. V. C. Angleseti s\u00fcsteem. Valige \u00fche liigutusega soovitud nurk. S\u00e4\u00e4stab teie aega. See on kokku pandud m\u00f5ne sekundiga, teritusprotsess v\u00f5tab v\u00e4ga v\u00e4he aega. Igasugune teritusnurk. Maksimaalne teritusnurk kuni 70\u00b0, teritage k\u00f5ik noad TSPROF Blitz 360-ga. K\u00f5ik abrasiivid. Universaalne hoidik suudab kinnitada kuni 150 mm abrasiivi. Toorikutega ja ilma. TSPROF Blitz 360 &#8211; kompaktse noateritaja TSPROF Blitz professionaalne versioon on asendamatu abiline v\u00e4ikeste igap\u00e4evaste nugade teritamisel. Seadme kogum\u00f5\u00f5t: 13x12x12cm ja kaal vaid 1,5 kg. Seda&hellip;<\/p>\n","protected":false},"featured_media":94987,"template":"","meta":{"_themeisle_gutenberg_block_has_review":false},"product_brand":[],"product_cat":[340,351],"product_tag":[],"class_list":{"0":"post-89705","1":"product","2":"type-product","3":"status-publish","4":"has-post-thumbnail","6":"product_cat-muugil","7":"product_cat-nugade-teritamine-noateritajad","9":"first","10":"instock","11":"sale","12":"shipping-taxable","13":"purchasable","14":"product-type-simple"},"yoast_head":"<!-- This site is optimized with the Yoast SEO plugin v27.3 - https:\/\/yoast.com\/product\/yoast-seo-wordpress\/ -->\n<title>BLITZ 360 alus \u2013 TSPROF t\u00e4ppisnoateritaja - AAKnives<\/title>\n<meta name=\"description\" content=\"BLITZ 360 alus \u2013 TSPROF t\u00e4ppisnoateritaja\" \/>\n<meta name=\"robots\" content=\"index, follow, max-snippet:-1, max-image-preview:large, max-video-preview:-1\" \/>\n<link rel=\"canonical\" href=\"https:\/\/aaknives.eu\/et\/product\/blitz-360-alus-tsprof-tappisnoateritaja\/\" \/>\n<meta property=\"og:locale\" content=\"et_EE\" \/>\n<meta property=\"og:type\" content=\"article\" \/>\n<meta property=\"og:title\" content=\"BLITZ 360 alus \u2013 TSPROF t\u00e4ppisnoateritaja - AAKnives\" \/>\n<meta property=\"og:description\" content=\"BLITZ 360 alus \u2013 TSPROF t\u00e4ppisnoateritaja\" \/>\n<meta property=\"og:url\" content=\"https:\/\/aaknives.eu\/et\/product\/blitz-360-alus-tsprof-tappisnoateritaja\/\" \/>\n<meta property=\"og:site_name\" content=\"AAKnives\" \/>\n<meta property=\"article:publisher\" content=\"https:\/\/www.facebook.com\/aaknives.eu\/\" \/>\n<meta property=\"article:modified_time\" content=\"2024-10-29T03:01:40+00:00\" \/>\n<meta property=\"og:image\" content=\"https:\/\/aaknives.eu\/wp-content\/uploads\/2024\/10\/aaknives-hand-forged-damascus-steel-blade-knife-handmade-custom-made-knife-handcrafted-knives-autinetools-northmen-n695-4-1.jpg\" \/>\n\t<meta property=\"og:image:width\" content=\"880\" \/>\n\t<meta property=\"og:image:height\" content=\"880\" \/>\n\t<meta property=\"og:image:type\" content=\"image\/jpeg\" \/>\n<meta name=\"twitter:card\" content=\"summary_large_image\" \/>\n<meta name=\"twitter:label1\" content=\"Est. reading time\" \/>\n\t<meta name=\"twitter:data1\" content=\"2 minutit\" \/>\n<script type=\"application\/ld+json\" class=\"yoast-schema-graph\">{\"@context\":\"https:\\\/\\\/schema.org\",\"@graph\":[{\"@type\":\"WebPage\",\"@id\":\"https:\\\/\\\/aaknives.eu\\\/et\\\/product\\\/blitz-360-alus-tsprof-tappisnoateritaja\\\/\",\"url\":\"https:\\\/\\\/aaknives.eu\\\/et\\\/product\\\/blitz-360-alus-tsprof-tappisnoateritaja\\\/\",\"name\":\"BLITZ 360 alus \u2013 TSPROF t\u00e4ppisnoateritaja - AAKnives\",\"isPartOf\":{\"@id\":\"https:\\\/\\\/aaknives.eu\\\/et\\\/#website\"},\"primaryImageOfPage\":{\"@id\":\"https:\\\/\\\/aaknives.eu\\\/et\\\/product\\\/blitz-360-alus-tsprof-tappisnoateritaja\\\/#primaryimage\"},\"image\":{\"@id\":\"https:\\\/\\\/aaknives.eu\\\/et\\\/product\\\/blitz-360-alus-tsprof-tappisnoateritaja\\\/#primaryimage\"},\"thumbnailUrl\":\"https:\\\/\\\/aaknives.eu\\\/wp-content\\\/uploads\\\/2024\\\/10\\\/aaknives-hand-forged-dabascus-steel-blade-knife-handmade-custom-made-knife-handcrafted-knives-autinetools-northmen-81.webp\",\"datePublished\":\"2024-10-29T02:11:40+00:00\",\"dateModified\":\"2024-10-29T03:01:40+00:00\",\"description\":\"BLITZ 360 alus \u2013 TSPROF t\u00e4ppisnoateritaja\",\"breadcrumb\":{\"@id\":\"https:\\\/\\\/aaknives.eu\\\/et\\\/product\\\/blitz-360-alus-tsprof-tappisnoateritaja\\\/#breadcrumb\"},\"inLanguage\":\"et\",\"potentialAction\":[{\"@type\":\"ReadAction\",\"target\":[\"https:\\\/\\\/aaknives.eu\\\/et\\\/product\\\/blitz-360-alus-tsprof-tappisnoateritaja\\\/\"]}]},{\"@type\":\"ImageObject\",\"inLanguage\":\"et\",\"@id\":\"https:\\\/\\\/aaknives.eu\\\/et\\\/product\\\/blitz-360-alus-tsprof-tappisnoateritaja\\\/#primaryimage\",\"url\":\"https:\\\/\\\/aaknives.eu\\\/wp-content\\\/uploads\\\/2024\\\/10\\\/aaknives-hand-forged-dabascus-steel-blade-knife-handmade-custom-made-knife-handcrafted-knives-autinetools-northmen-81.webp\",\"contentUrl\":\"https:\\\/\\\/aaknives.eu\\\/wp-content\\\/uploads\\\/2024\\\/10\\\/aaknives-hand-forged-dabascus-steel-blade-knife-handmade-custom-made-knife-handcrafted-knives-autinetools-northmen-81.webp\",\"width\":1200,\"height\":1200},{\"@type\":\"BreadcrumbList\",\"@id\":\"https:\\\/\\\/aaknives.eu\\\/et\\\/product\\\/blitz-360-alus-tsprof-tappisnoateritaja\\\/#breadcrumb\",\"itemListElement\":[{\"@type\":\"ListItem\",\"position\":1,\"name\":\"Home\",\"item\":\"https:\\\/\\\/aaknives.eu\\\/et\\\/kodu\\\/\"},{\"@type\":\"ListItem\",\"position\":2,\"name\":\"Kauplus\",\"item\":\"https:\\\/\\\/aaknives.eu\\\/et\\\/kauplus\\\/\"},{\"@type\":\"ListItem\",\"position\":3,\"name\":\"BLITZ 360 alus \u2013 TSPROF t\u00e4ppisnoateritaja\"}]},{\"@type\":\"WebSite\",\"@id\":\"https:\\\/\\\/aaknives.eu\\\/et\\\/#website\",\"url\":\"https:\\\/\\\/aaknives.eu\\\/et\\\/\",\"name\":\"AAKnives\",\"description\":\"Handmade knives\",\"publisher\":{\"@id\":\"https:\\\/\\\/aaknives.eu\\\/et\\\/#organization\"},\"potentialAction\":[{\"@type\":\"SearchAction\",\"target\":{\"@type\":\"EntryPoint\",\"urlTemplate\":\"https:\\\/\\\/aaknives.eu\\\/et\\\/?s={search_term_string}\"},\"query-input\":{\"@type\":\"PropertyValueSpecification\",\"valueRequired\":true,\"valueName\":\"search_term_string\"}}],\"inLanguage\":\"et\"},{\"@type\":\"Organization\",\"@id\":\"https:\\\/\\\/aaknives.eu\\\/et\\\/#organization\",\"name\":\"AAKnives\",\"url\":\"https:\\\/\\\/aaknives.eu\\\/et\\\/\",\"logo\":{\"@type\":\"ImageObject\",\"inLanguage\":\"et\",\"@id\":\"https:\\\/\\\/aaknives.eu\\\/et\\\/#\\\/schema\\\/logo\\\/image\\\/\",\"url\":\"https:\\\/\\\/aaknives.eu\\\/wp-content\\\/uploads\\\/2021\\\/10\\\/AAknives_Logo_Green.png\",\"contentUrl\":\"https:\\\/\\\/aaknives.eu\\\/wp-content\\\/uploads\\\/2021\\\/10\\\/AAknives_Logo_Green.png\",\"width\":1768,\"height\":1768,\"caption\":\"AAKnives\"},\"image\":{\"@id\":\"https:\\\/\\\/aaknives.eu\\\/et\\\/#\\\/schema\\\/logo\\\/image\\\/\"},\"sameAs\":[\"https:\\\/\\\/www.facebook.com\\\/aaknives.eu\\\/\",\"https:\\\/\\\/www.instagram.com\\\/aaknives\\\/\",\"https:\\\/\\\/www.pinterest.com\\\/aa_knives\\\/\",\"https:\\\/\\\/www.youtube.com\\\/channel\\\/UCHOQFjrOkgT6s4FIw9LDKyw\\\/featured\"]}]}<\/script>\n<!-- \/ Yoast SEO plugin. -->","yoast_head_json":{"title":"BLITZ 360 alus \u2013 TSPROF t\u00e4ppisnoateritaja - AAKnives","description":"BLITZ 360 alus \u2013 TSPROF t\u00e4ppisnoateritaja","robots":{"index":"index","follow":"follow","max-snippet":"max-snippet:-1","max-image-preview":"max-image-preview:large","max-video-preview":"max-video-preview:-1"},"canonical":"https:\/\/aaknives.eu\/et\/product\/blitz-360-alus-tsprof-tappisnoateritaja\/","og_locale":"et_EE","og_type":"article","og_title":"BLITZ 360 alus \u2013 TSPROF t\u00e4ppisnoateritaja - AAKnives","og_description":"BLITZ 360 alus \u2013 TSPROF t\u00e4ppisnoateritaja","og_url":"https:\/\/aaknives.eu\/et\/product\/blitz-360-alus-tsprof-tappisnoateritaja\/","og_site_name":"AAKnives","article_publisher":"https:\/\/www.facebook.com\/aaknives.eu\/","article_modified_time":"2024-10-29T03:01:40+00:00","og_image":[{"width":880,"height":880,"url":"https:\/\/aaknives.eu\/wp-content\/uploads\/2024\/10\/aaknives-hand-forged-damascus-steel-blade-knife-handmade-custom-made-knife-handcrafted-knives-autinetools-northmen-n695-4-1.jpg","type":"image\/jpeg"}],"twitter_card":"summary_large_image","twitter_misc":{"Est. reading time":"2 minutit"},"schema":{"@context":"https:\/\/schema.org","@graph":[{"@type":"WebPage","@id":"https:\/\/aaknives.eu\/et\/product\/blitz-360-alus-tsprof-tappisnoateritaja\/","url":"https:\/\/aaknives.eu\/et\/product\/blitz-360-alus-tsprof-tappisnoateritaja\/","name":"BLITZ 360 alus \u2013 TSPROF t\u00e4ppisnoateritaja - AAKnives","isPartOf":{"@id":"https:\/\/aaknives.eu\/et\/#website"},"primaryImageOfPage":{"@id":"https:\/\/aaknives.eu\/et\/product\/blitz-360-alus-tsprof-tappisnoateritaja\/#primaryimage"},"image":{"@id":"https:\/\/aaknives.eu\/et\/product\/blitz-360-alus-tsprof-tappisnoateritaja\/#primaryimage"},"thumbnailUrl":"https:\/\/aaknives.eu\/wp-content\/uploads\/2024\/10\/aaknives-hand-forged-dabascus-steel-blade-knife-handmade-custom-made-knife-handcrafted-knives-autinetools-northmen-81.webp","datePublished":"2024-10-29T02:11:40+00:00","dateModified":"2024-10-29T03:01:40+00:00","description":"BLITZ 360 alus \u2013 TSPROF t\u00e4ppisnoateritaja","breadcrumb":{"@id":"https:\/\/aaknives.eu\/et\/product\/blitz-360-alus-tsprof-tappisnoateritaja\/#breadcrumb"},"inLanguage":"et","potentialAction":[{"@type":"ReadAction","target":["https:\/\/aaknives.eu\/et\/product\/blitz-360-alus-tsprof-tappisnoateritaja\/"]}]},{"@type":"ImageObject","inLanguage":"et","@id":"https:\/\/aaknives.eu\/et\/product\/blitz-360-alus-tsprof-tappisnoateritaja\/#primaryimage","url":"https:\/\/aaknives.eu\/wp-content\/uploads\/2024\/10\/aaknives-hand-forged-dabascus-steel-blade-knife-handmade-custom-made-knife-handcrafted-knives-autinetools-northmen-81.webp","contentUrl":"https:\/\/aaknives.eu\/wp-content\/uploads\/2024\/10\/aaknives-hand-forged-dabascus-steel-blade-knife-handmade-custom-made-knife-handcrafted-knives-autinetools-northmen-81.webp","width":1200,"height":1200},{"@type":"BreadcrumbList","@id":"https:\/\/aaknives.eu\/et\/product\/blitz-360-alus-tsprof-tappisnoateritaja\/#breadcrumb","itemListElement":[{"@type":"ListItem","position":1,"name":"Home","item":"https:\/\/aaknives.eu\/et\/kodu\/"},{"@type":"ListItem","position":2,"name":"Kauplus","item":"https:\/\/aaknives.eu\/et\/kauplus\/"},{"@type":"ListItem","position":3,"name":"BLITZ 360 alus \u2013 TSPROF t\u00e4ppisnoateritaja"}]},{"@type":"WebSite","@id":"https:\/\/aaknives.eu\/et\/#website","url":"https:\/\/aaknives.eu\/et\/","name":"AAKnives","description":"Handmade knives","publisher":{"@id":"https:\/\/aaknives.eu\/et\/#organization"},"potentialAction":[{"@type":"SearchAction","target":{"@type":"EntryPoint","urlTemplate":"https:\/\/aaknives.eu\/et\/?s={search_term_string}"},"query-input":{"@type":"PropertyValueSpecification","valueRequired":true,"valueName":"search_term_string"}}],"inLanguage":"et"},{"@type":"Organization","@id":"https:\/\/aaknives.eu\/et\/#organization","name":"AAKnives","url":"https:\/\/aaknives.eu\/et\/","logo":{"@type":"ImageObject","inLanguage":"et","@id":"https:\/\/aaknives.eu\/et\/#\/schema\/logo\/image\/","url":"https:\/\/aaknives.eu\/wp-content\/uploads\/2021\/10\/AAknives_Logo_Green.png","contentUrl":"https:\/\/aaknives.eu\/wp-content\/uploads\/2021\/10\/AAknives_Logo_Green.png","width":1768,"height":1768,"caption":"AAKnives"},"image":{"@id":"https:\/\/aaknives.eu\/et\/#\/schema\/logo\/image\/"},"sameAs":["https:\/\/www.facebook.com\/aaknives.eu\/","https:\/\/www.instagram.com\/aaknives\/","https:\/\/www.pinterest.com\/aa_knives\/","https:\/\/www.youtube.com\/channel\/UCHOQFjrOkgT6s4FIw9LDKyw\/featured"]}]}},"_links":{"self":[{"href":"https:\/\/aaknives.eu\/et\/wp-json\/wp\/v2\/product\/89705","targetHints":{"allow":["GET"]}}],"collection":[{"href":"https:\/\/aaknives.eu\/et\/wp-json\/wp\/v2\/product"}],"about":[{"href":"https:\/\/aaknives.eu\/et\/wp-json\/wp\/v2\/types\/product"}],"wp:featuredmedia":[{"embeddable":true,"href":"https:\/\/aaknives.eu\/et\/wp-json\/wp\/v2\/media\/94987"}],"wp:attachment":[{"href":"https:\/\/aaknives.eu\/et\/wp-json\/wp\/v2\/media?parent=89705"}],"wp:term":[{"taxonomy":"product_brand","embeddable":true,"href":"https:\/\/aaknives.eu\/et\/wp-json\/wp\/v2\/product_brand?post=89705"},{"taxonomy":"product_cat","embeddable":true,"href":"https:\/\/aaknives.eu\/et\/wp-json\/wp\/v2\/product_cat?post=89705"},{"taxonomy":"product_tag","embeddable":true,"href":"https:\/\/aaknives.eu\/et\/wp-json\/wp\/v2\/product_tag?post=89705"}],"curies":[{"name":"wp","href":"https:\/\/api.w.org\/{rel}","templated":true}]}}