{"id":89714,"date":"2024-10-29T01:52:20","date_gmt":"2024-10-29T01:52:20","guid":{"rendered":"https:\/\/aaknives.eu\/?post_type=product&#038;p=89714"},"modified":"2026-04-28T16:23:34","modified_gmt":"2026-04-28T16:23:34","slug":"nuga-rambo-on-valmistatud-kvaliteetsest-sepistatud-roostevabast-terasest","status":"publish","type":"product","link":"https:\/\/aaknives.eu\/et\/product\/nuga-rambo-on-valmistatud-kvaliteetsest-sepistatud-roostevabast-terasest\/","title":{"rendered":"Nuga &#8221;RAMBO&#8221; on valmistatud kvaliteetsest sepistatud roostevabast terasest"},"content":{"rendered":"<p>Noa spetsifikatsioonid: \u201dRAMBO\u201d<br \/>\nTeras: sepistatud roostevaba teras Sandvik 12C27<br \/>\nK\u00f5vadus: 56-58 HRC.<br \/>\nTera pikkus (mm): 257 \/ 10,11 tolli<br \/>\nTera paksus (mm): 4 \/ 0,15 tolli<br \/>\nTera laius (mm): 52 \/ 2,04 tolli<br \/>\nK\u00e4epide: Aafrika wenge puit<br \/>\nKogupikkus (mm): 386 \/ 15,19 tolli<br \/>\nNoa t\u00fc\u00fcp: jahi-, v\u00e4listingimustes kasutamiseks<br \/>\nPakend: nuga, nahk\u00fcmbris<\/p>\n<p>12C27 teras kuulub Sandviki perekonda. See on madala kvaliteediga kroomisisaldusega teras, mis on noat\u00f6\u00f6stuses populaarne, kuna see pakub suurep\u00e4rast kulumiskindlust, korrosioonikindlust ja suurt k\u00f5vadust \u2013 need on ideaalse noaterase p\u00f5hiomadused.<\/p>\n<p>Lisaks saavutab 12C27 teras suhteliselt kiire teravuse, erinevalt teistest k\u00f5rge kroomisisaldusega terastest, mille teritamine v\u00f5tab tugevate kroomkarbiidide t\u00f5ttu kaua aega. Sandvik 12C27 terast kasutatakse tavaliselt jahi-, tasku-, kalastus-, matka-, taktikaliste, uiskude ja j\u00e4\u00e4puuride tootmisel.<\/p>\n<p>K\u00f5rge kroomisisalduse t\u00f5ttu on 12C27 teras korrosiooni- ja roostekindel. Lisaks on see roostevabast terasest valmistatud nuga plekikindel.<\/p>\n<p>Siiski ei saa eeldada, et see terasest nuga p\u00fcsib vees roostevaba p\u00e4evade kaupa. Kui soovite, et selle terase terad vastu peaksid aastak\u00fcmneid, peate need p\u00e4rast iga kasutuskorda v\u00f5i kui kavatsete neid pikemat aega hoiustada, kuivatama ja \u00f5litama.<\/p>\n","protected":false},"excerpt":{"rendered":"<p>Noa spetsifikatsioonid: \u201dRAMBO\u201d Teras: sepistatud roostevaba teras Sandvik 12C27 K\u00f5vadus: 56-58 HRC. Tera pikkus (mm): 257 \/ 10,11 tolli Tera paksus (mm): 4 \/ 0,15 tolli Tera laius (mm): 52 \/ 2,04 tolli K\u00e4epide: Aafrika wenge puit Kogupikkus (mm): 386 \/ 15,19 tolli Noa t\u00fc\u00fcp: jahi-, v\u00e4listingimustes kasutamiseks Pakend: nuga, nahk\u00fcmbris 12C27 teras kuulub Sandviki perekonda. See on madala kvaliteediga kroomisisaldusega teras, mis on noat\u00f6\u00f6stuses populaarne, kuna see pakub suurep\u00e4rast kulumiskindlust, korrosioonikindlust ja suurt k\u00f5vadust \u2013 need on ideaalse noaterase p\u00f5hiomadused. Lisaks saavutab 12C27 teras suhteliselt kiire teravuse, erinevalt teistest k\u00f5rge kroomisisaldusega terastest, mille teritamine v\u00f5tab tugevate kroomkarbiidide t\u00f5ttu kaua&hellip;<\/p>\n","protected":false},"featured_media":108843,"template":"","meta":{"_themeisle_gutenberg_block_has_review":false},"product_brand":[],"product_cat":[345,346],"product_tag":[],"class_list":{"0":"post-89714","1":"product","2":"type-product","3":"status-publish","4":"has-post-thumbnail","6":"product_cat-jahinoad","7":"product_cat-matkanoad","9":"first","10":"instock","11":"shipping-taxable","12":"purchasable","13":"product-type-simple"},"yoast_head":"<!-- This site is optimized with the Yoast SEO plugin v27.5 - https:\/\/yoast.com\/product\/yoast-seo-wordpress\/ -->\n<title>Nuga &#039;&#039;RAMBO&#039;&#039; on valmistatud kvaliteetsest sepistatud roostevabast terasest - AAKnives<\/title>\n<meta name=\"description\" content=\"12C27 teras kuulub Sandviki perekonda. See on madala kvaliteediga k\u00f5rge kroomisisaldusega teras, mis on noat\u00f6\u00f6stuses populaarne, kuna see pakub suurep\u00e4rast kulumiskindlust.\" \/>\n<meta name=\"robots\" content=\"index, follow, max-snippet:-1, max-image-preview:large, max-video-preview:-1\" \/>\n<link rel=\"canonical\" href=\"https:\/\/aaknives.eu\/et\/product\/nuga-rambo-on-valmistatud-kvaliteetsest-sepistatud-roostevabast-terasest\/\" \/>\n<meta property=\"og:locale\" content=\"et_EE\" \/>\n<meta property=\"og:type\" content=\"article\" \/>\n<meta property=\"og:title\" content=\"Nuga &#039;&#039;RAMBO&#039;&#039; on valmistatud kvaliteetsest sepistatud roostevabast terasest - AAKnives\" \/>\n<meta property=\"og:description\" content=\"12C27 teras kuulub Sandviki perekonda. See on madala kvaliteediga k\u00f5rge kroomisisaldusega teras, mis on noat\u00f6\u00f6stuses populaarne, kuna see pakub suurep\u00e4rast kulumiskindlust.\" \/>\n<meta property=\"og:url\" content=\"https:\/\/aaknives.eu\/et\/product\/nuga-rambo-on-valmistatud-kvaliteetsest-sepistatud-roostevabast-terasest\/\" \/>\n<meta property=\"og:site_name\" content=\"AAKnives\" \/>\n<meta property=\"article:publisher\" content=\"https:\/\/www.facebook.com\/aaknives.eu\/\" \/>\n<meta property=\"article:modified_time\" content=\"2026-04-28T16:23:34+00:00\" \/>\n<meta property=\"og:image\" content=\"https:\/\/aaknives.eu\/wp-content\/uploads\/2024\/10\/aaknives-hand-forged-damascus-steel-blade-knife-handmade-custom-made-knife-handcrafted-knives-autinetools-northmen-43-1.jpg\" \/>\n\t<meta property=\"og:image:width\" content=\"1020\" \/>\n\t<meta property=\"og:image:height\" content=\"880\" \/>\n\t<meta property=\"og:image:type\" content=\"image\/jpeg\" \/>\n<meta name=\"twitter:card\" content=\"summary_large_image\" \/>\n<meta name=\"twitter:label1\" content=\"Est. reading time\" \/>\n\t<meta name=\"twitter:data1\" content=\"1 minut\" \/>\n<script type=\"application\/ld+json\" class=\"yoast-schema-graph\">{\"@context\":\"https:\\\/\\\/schema.org\",\"@graph\":[{\"@type\":\"WebPage\",\"@id\":\"https:\\\/\\\/aaknives.eu\\\/et\\\/product\\\/nuga-rambo-on-valmistatud-kvaliteetsest-sepistatud-roostevabast-terasest\\\/\",\"url\":\"https:\\\/\\\/aaknives.eu\\\/et\\\/product\\\/nuga-rambo-on-valmistatud-kvaliteetsest-sepistatud-roostevabast-terasest\\\/\",\"name\":\"Nuga ''RAMBO'' on valmistatud kvaliteetsest sepistatud roostevabast terasest - AAKnives\",\"isPartOf\":{\"@id\":\"https:\\\/\\\/aaknives.eu\\\/et\\\/#website\"},\"primaryImageOfPage\":{\"@id\":\"https:\\\/\\\/aaknives.eu\\\/et\\\/product\\\/nuga-rambo-on-valmistatud-kvaliteetsest-sepistatud-roostevabast-terasest\\\/#primaryimage\"},\"image\":{\"@id\":\"https:\\\/\\\/aaknives.eu\\\/et\\\/product\\\/nuga-rambo-on-valmistatud-kvaliteetsest-sepistatud-roostevabast-terasest\\\/#primaryimage\"},\"thumbnailUrl\":\"https:\\\/\\\/aaknives.eu\\\/wp-content\\\/uploads\\\/2024\\\/10\\\/aaknives-hand-forged-damascus-steel-blade-knife-handmade-custom-made-knife-handcrafted-knives-autinetools-northmen-43-1.jpg\",\"datePublished\":\"2024-10-29T01:52:20+00:00\",\"dateModified\":\"2026-04-28T16:23:34+00:00\",\"description\":\"12C27 teras kuulub Sandviki perekonda. See on madala kvaliteediga k\u00f5rge kroomisisaldusega teras, mis on noat\u00f6\u00f6stuses populaarne, kuna see pakub suurep\u00e4rast kulumiskindlust.\",\"breadcrumb\":{\"@id\":\"https:\\\/\\\/aaknives.eu\\\/et\\\/product\\\/nuga-rambo-on-valmistatud-kvaliteetsest-sepistatud-roostevabast-terasest\\\/#breadcrumb\"},\"inLanguage\":\"et\",\"potentialAction\":[{\"@type\":\"ReadAction\",\"target\":[\"https:\\\/\\\/aaknives.eu\\\/et\\\/product\\\/nuga-rambo-on-valmistatud-kvaliteetsest-sepistatud-roostevabast-terasest\\\/\"]}]},{\"@type\":\"ImageObject\",\"inLanguage\":\"et\",\"@id\":\"https:\\\/\\\/aaknives.eu\\\/et\\\/product\\\/nuga-rambo-on-valmistatud-kvaliteetsest-sepistatud-roostevabast-terasest\\\/#primaryimage\",\"url\":\"https:\\\/\\\/aaknives.eu\\\/wp-content\\\/uploads\\\/2024\\\/10\\\/aaknives-hand-forged-damascus-steel-blade-knife-handmade-custom-made-knife-handcrafted-knives-autinetools-northmen-43-1.jpg\",\"contentUrl\":\"https:\\\/\\\/aaknives.eu\\\/wp-content\\\/uploads\\\/2024\\\/10\\\/aaknives-hand-forged-damascus-steel-blade-knife-handmade-custom-made-knife-handcrafted-knives-autinetools-northmen-43-1.jpg\",\"width\":1020,\"height\":880},{\"@type\":\"BreadcrumbList\",\"@id\":\"https:\\\/\\\/aaknives.eu\\\/et\\\/product\\\/nuga-rambo-on-valmistatud-kvaliteetsest-sepistatud-roostevabast-terasest\\\/#breadcrumb\",\"itemListElement\":[{\"@type\":\"ListItem\",\"position\":1,\"name\":\"Home\",\"item\":\"https:\\\/\\\/aaknives.eu\\\/et\\\/kodu\\\/\"},{\"@type\":\"ListItem\",\"position\":2,\"name\":\"Kauplus\",\"item\":\"https:\\\/\\\/aaknives.eu\\\/et\\\/kauplus\\\/\"},{\"@type\":\"ListItem\",\"position\":3,\"name\":\"Nuga &#8221;RAMBO&#8221; on valmistatud kvaliteetsest sepistatud roostevabast terasest\"}]},{\"@type\":\"WebSite\",\"@id\":\"https:\\\/\\\/aaknives.eu\\\/et\\\/#website\",\"url\":\"https:\\\/\\\/aaknives.eu\\\/et\\\/\",\"name\":\"AAKnives\",\"description\":\"Handmade knives\",\"publisher\":{\"@id\":\"https:\\\/\\\/aaknives.eu\\\/et\\\/#organization\"},\"potentialAction\":[{\"@type\":\"SearchAction\",\"target\":{\"@type\":\"EntryPoint\",\"urlTemplate\":\"https:\\\/\\\/aaknives.eu\\\/et\\\/?s={search_term_string}\"},\"query-input\":{\"@type\":\"PropertyValueSpecification\",\"valueRequired\":true,\"valueName\":\"search_term_string\"}}],\"inLanguage\":\"et\"},{\"@type\":\"Organization\",\"@id\":\"https:\\\/\\\/aaknives.eu\\\/et\\\/#organization\",\"name\":\"AAKnives\",\"url\":\"https:\\\/\\\/aaknives.eu\\\/et\\\/\",\"logo\":{\"@type\":\"ImageObject\",\"inLanguage\":\"et\",\"@id\":\"https:\\\/\\\/aaknives.eu\\\/et\\\/#\\\/schema\\\/logo\\\/image\\\/\",\"url\":\"https:\\\/\\\/aaknives.eu\\\/wp-content\\\/uploads\\\/2021\\\/10\\\/AAknives_Logo_Green.png\",\"contentUrl\":\"https:\\\/\\\/aaknives.eu\\\/wp-content\\\/uploads\\\/2021\\\/10\\\/AAknives_Logo_Green.png\",\"width\":1768,\"height\":1768,\"caption\":\"AAKnives\"},\"image\":{\"@id\":\"https:\\\/\\\/aaknives.eu\\\/et\\\/#\\\/schema\\\/logo\\\/image\\\/\"},\"sameAs\":[\"https:\\\/\\\/www.facebook.com\\\/aaknives.eu\\\/\",\"https:\\\/\\\/www.instagram.com\\\/aaknives\\\/\",\"https:\\\/\\\/www.pinterest.com\\\/aa_knives\\\/\",\"https:\\\/\\\/www.youtube.com\\\/channel\\\/UCHOQFjrOkgT6s4FIw9LDKyw\\\/featured\"]}]}<\/script>\n<!-- \/ Yoast SEO plugin. -->","yoast_head_json":{"title":"Nuga ''RAMBO'' on valmistatud kvaliteetsest sepistatud roostevabast terasest - AAKnives","description":"12C27 teras kuulub Sandviki perekonda. See on madala kvaliteediga k\u00f5rge kroomisisaldusega teras, mis on noat\u00f6\u00f6stuses populaarne, kuna see pakub suurep\u00e4rast kulumiskindlust.","robots":{"index":"index","follow":"follow","max-snippet":"max-snippet:-1","max-image-preview":"max-image-preview:large","max-video-preview":"max-video-preview:-1"},"canonical":"https:\/\/aaknives.eu\/et\/product\/nuga-rambo-on-valmistatud-kvaliteetsest-sepistatud-roostevabast-terasest\/","og_locale":"et_EE","og_type":"article","og_title":"Nuga ''RAMBO'' on valmistatud kvaliteetsest sepistatud roostevabast terasest - AAKnives","og_description":"12C27 teras kuulub Sandviki perekonda. See on madala kvaliteediga k\u00f5rge kroomisisaldusega teras, mis on noat\u00f6\u00f6stuses populaarne, kuna see pakub suurep\u00e4rast kulumiskindlust.","og_url":"https:\/\/aaknives.eu\/et\/product\/nuga-rambo-on-valmistatud-kvaliteetsest-sepistatud-roostevabast-terasest\/","og_site_name":"AAKnives","article_publisher":"https:\/\/www.facebook.com\/aaknives.eu\/","article_modified_time":"2026-04-28T16:23:34+00:00","og_image":[{"width":1020,"height":880,"url":"https:\/\/aaknives.eu\/wp-content\/uploads\/2024\/10\/aaknives-hand-forged-damascus-steel-blade-knife-handmade-custom-made-knife-handcrafted-knives-autinetools-northmen-43-1.jpg","type":"image\/jpeg"}],"twitter_card":"summary_large_image","twitter_misc":{"Est. reading time":"1 minut"},"schema":{"@context":"https:\/\/schema.org","@graph":[{"@type":"WebPage","@id":"https:\/\/aaknives.eu\/et\/product\/nuga-rambo-on-valmistatud-kvaliteetsest-sepistatud-roostevabast-terasest\/","url":"https:\/\/aaknives.eu\/et\/product\/nuga-rambo-on-valmistatud-kvaliteetsest-sepistatud-roostevabast-terasest\/","name":"Nuga ''RAMBO'' on valmistatud kvaliteetsest sepistatud roostevabast terasest - AAKnives","isPartOf":{"@id":"https:\/\/aaknives.eu\/et\/#website"},"primaryImageOfPage":{"@id":"https:\/\/aaknives.eu\/et\/product\/nuga-rambo-on-valmistatud-kvaliteetsest-sepistatud-roostevabast-terasest\/#primaryimage"},"image":{"@id":"https:\/\/aaknives.eu\/et\/product\/nuga-rambo-on-valmistatud-kvaliteetsest-sepistatud-roostevabast-terasest\/#primaryimage"},"thumbnailUrl":"https:\/\/aaknives.eu\/wp-content\/uploads\/2024\/10\/aaknives-hand-forged-damascus-steel-blade-knife-handmade-custom-made-knife-handcrafted-knives-autinetools-northmen-43-1.jpg","datePublished":"2024-10-29T01:52:20+00:00","dateModified":"2026-04-28T16:23:34+00:00","description":"12C27 teras kuulub Sandviki perekonda. See on madala kvaliteediga k\u00f5rge kroomisisaldusega teras, mis on noat\u00f6\u00f6stuses populaarne, kuna see pakub suurep\u00e4rast kulumiskindlust.","breadcrumb":{"@id":"https:\/\/aaknives.eu\/et\/product\/nuga-rambo-on-valmistatud-kvaliteetsest-sepistatud-roostevabast-terasest\/#breadcrumb"},"inLanguage":"et","potentialAction":[{"@type":"ReadAction","target":["https:\/\/aaknives.eu\/et\/product\/nuga-rambo-on-valmistatud-kvaliteetsest-sepistatud-roostevabast-terasest\/"]}]},{"@type":"ImageObject","inLanguage":"et","@id":"https:\/\/aaknives.eu\/et\/product\/nuga-rambo-on-valmistatud-kvaliteetsest-sepistatud-roostevabast-terasest\/#primaryimage","url":"https:\/\/aaknives.eu\/wp-content\/uploads\/2024\/10\/aaknives-hand-forged-damascus-steel-blade-knife-handmade-custom-made-knife-handcrafted-knives-autinetools-northmen-43-1.jpg","contentUrl":"https:\/\/aaknives.eu\/wp-content\/uploads\/2024\/10\/aaknives-hand-forged-damascus-steel-blade-knife-handmade-custom-made-knife-handcrafted-knives-autinetools-northmen-43-1.jpg","width":1020,"height":880},{"@type":"BreadcrumbList","@id":"https:\/\/aaknives.eu\/et\/product\/nuga-rambo-on-valmistatud-kvaliteetsest-sepistatud-roostevabast-terasest\/#breadcrumb","itemListElement":[{"@type":"ListItem","position":1,"name":"Home","item":"https:\/\/aaknives.eu\/et\/kodu\/"},{"@type":"ListItem","position":2,"name":"Kauplus","item":"https:\/\/aaknives.eu\/et\/kauplus\/"},{"@type":"ListItem","position":3,"name":"Nuga &#8221;RAMBO&#8221; on valmistatud kvaliteetsest sepistatud roostevabast terasest"}]},{"@type":"WebSite","@id":"https:\/\/aaknives.eu\/et\/#website","url":"https:\/\/aaknives.eu\/et\/","name":"AAKnives","description":"Handmade knives","publisher":{"@id":"https:\/\/aaknives.eu\/et\/#organization"},"potentialAction":[{"@type":"SearchAction","target":{"@type":"EntryPoint","urlTemplate":"https:\/\/aaknives.eu\/et\/?s={search_term_string}"},"query-input":{"@type":"PropertyValueSpecification","valueRequired":true,"valueName":"search_term_string"}}],"inLanguage":"et"},{"@type":"Organization","@id":"https:\/\/aaknives.eu\/et\/#organization","name":"AAKnives","url":"https:\/\/aaknives.eu\/et\/","logo":{"@type":"ImageObject","inLanguage":"et","@id":"https:\/\/aaknives.eu\/et\/#\/schema\/logo\/image\/","url":"https:\/\/aaknives.eu\/wp-content\/uploads\/2021\/10\/AAknives_Logo_Green.png","contentUrl":"https:\/\/aaknives.eu\/wp-content\/uploads\/2021\/10\/AAknives_Logo_Green.png","width":1768,"height":1768,"caption":"AAKnives"},"image":{"@id":"https:\/\/aaknives.eu\/et\/#\/schema\/logo\/image\/"},"sameAs":["https:\/\/www.facebook.com\/aaknives.eu\/","https:\/\/www.instagram.com\/aaknives\/","https:\/\/www.pinterest.com\/aa_knives\/","https:\/\/www.youtube.com\/channel\/UCHOQFjrOkgT6s4FIw9LDKyw\/featured"]}]}},"_links":{"self":[{"href":"https:\/\/aaknives.eu\/et\/wp-json\/wp\/v2\/product\/89714","targetHints":{"allow":["GET"]}}],"collection":[{"href":"https:\/\/aaknives.eu\/et\/wp-json\/wp\/v2\/product"}],"about":[{"href":"https:\/\/aaknives.eu\/et\/wp-json\/wp\/v2\/types\/product"}],"wp:featuredmedia":[{"embeddable":true,"href":"https:\/\/aaknives.eu\/et\/wp-json\/wp\/v2\/media\/108843"}],"wp:attachment":[{"href":"https:\/\/aaknives.eu\/et\/wp-json\/wp\/v2\/media?parent=89714"}],"wp:term":[{"taxonomy":"product_brand","embeddable":true,"href":"https:\/\/aaknives.eu\/et\/wp-json\/wp\/v2\/product_brand?post=89714"},{"taxonomy":"product_cat","embeddable":true,"href":"https:\/\/aaknives.eu\/et\/wp-json\/wp\/v2\/product_cat?post=89714"},{"taxonomy":"product_tag","embeddable":true,"href":"https:\/\/aaknives.eu\/et\/wp-json\/wp\/v2\/product_tag?post=89714"}],"curies":[{"name":"wp","href":"https:\/\/api.w.org\/{rel}","templated":true}]}}