{"id":90746,"date":"2024-10-30T17:14:32","date_gmt":"2024-10-30T17:14:32","guid":{"rendered":"https:\/\/aaknives.eu\/?post_type=product&#038;p=90746"},"modified":"2024-10-30T17:23:11","modified_gmt":"2024-10-30T17:23:11","slug":"damaskuse-kokkupandav-nuga-kopija","status":"publish","type":"product","link":"https:\/\/aaknives.eu\/et\/product\/damaskuse-kokkupandav-nuga-kopija\/","title":{"rendered":"Kokkupandav nuga &#8220;FINKA&#8221;"},"content":{"rendered":"<p>Teras: Damaskus (HVG, U10, ShH15)<br \/>\nK\u00f5vadus: 61 HRC<br \/>\nTera pikkus (mm): 110 \/ 4,33 tolli<br \/>\nTera paksus (mm): 2,5 \/ 0,98 tolli<br \/>\nTera laius (mm): 20 \/ 0,78 tolli<br \/>\nK\u00e4epide: Aafrika Wenge puit<br \/>\nKogupikkus (mm): 258 \/ 10,15 tolli<br \/>\nNoa t\u00fc\u00fcp: jahindus, \u00f5ues<br \/>\nPakend: nuga, nahast \u00fcmbris<\/p>\n<p>Damaskuse terase kasutamine ja hooldamine<\/p>\n<p>Damaskuseteras on laialdaselt tuntud kui \u00fcks k\u00f5ige vastupidavamaid noaterasid, mida valivad jahimehed, kalamehed ja loodushuvilised.<\/p>\n<p>AA Knives\u2019i pakutav Damaskus teras on sepistatud kolmest erinevast terasest, et saada tuntud ja ainulaadne muster, mis \u00fchendab kolme kasutatud terase positiivsed t\u00f6\u00f6omadused \u2013 vastupidavus, paindlikkus ja kauakestev teravus. Arvatakse, et t\u00e4nu oma suurep\u00e4rasele l\u00f5ikamisv\u00f5imele kipub see teras sageli edestama roostevabast terasest tooteid, kuna selle tera moodustab mitmetele kaasfreesitud terasmaterjalidele iseloomuliku mikrosaha-taolise pinna. Kuna Damaskuse teras on \u00fcks roostetavatest terastest, on eriti oluline meeles pidada, et seda tuleb n\u00f5uetekohaselt hooldada.<\/p>\n<p>Nii nagu te ei paneksite oma relva, kui tooksite selle koju vihmase jahip\u00e4evast, \u00e4ra puhastamata ja t\u00f6\u00f6tlemata, nii tuleb hoolitseda ka noa eest, mis samuti m\u00e4ngib jahipidamisel t\u00e4htsat rolli. Damaskuseterasest nuga tuleks p\u00e4rast kasutamist p\u00f5hjalikult p\u00fchkida, mustusest vabastada ja kuivendada, et v\u00e4ltida ladustamise ajal niiskust, mis v\u00f5ib aja jooksul p\u00f5hjustada roostetamist, ning \u00e4rge unustage m\u00e4\u00e4rimist. Selleks ei ole vaja osta professionaalseid kaitsevahendeid, sest igasugune k\u00f6\u00f6gis olev toidu\u00f5li tuleb kasuks, sest jahinuga puutub peaaegu alati kokku liha ja muude toiduainetega, seega ei ole soovitatav kasutada mehaanilist \u00f5li noa kaitsmiseks. Samuti ei tohiks unustada regulaarset teravustamist ja reguleerimist.<\/p>\n<p>Kuid iga\u00fcks v\u00f5ib v\u00e4rskelt kasutatud noa unustada autosse v\u00f5i koti p\u00f5hja, ja kui see seal m\u00f5nda aega asub, on teral tumedad laigud \u2013 esimesed m\u00e4rgid roostetamisest. Aga \u00e4rge muretsege, te ei pea oma lemmikt\u00f6\u00f6riistast loobuma! Parima tulemuse saamiseks minge lihtsalt \u00fcksk\u00f5ik millisesse ehituspoodi ja ostke k\u00f5ige peenemat liivapaberit (P2000 \u2013 2500) ning vabanege roosteplekkidest kerge teraga h\u00f5\u00f5rudes.<\/p>\n<p>Pea meeles, et nuga kestab kauem ja t\u00f6\u00f6tab paremini, kui leiad iga p\u00e4ev l\u00fchikese hetke, et selle eest korralikult hoolitseda, kuid kui noa ostmisel tunduvad hoolduse aspektid siiski ebaselged, siis AA Knives annab sulle lahkelt n\u00f5u, kuidas sinu noa eest h\u00e4sti hoolitseda.<\/p>\n<p>\u00a0<\/p>\n","protected":false},"excerpt":{"rendered":"<p>Teras: Damaskus (HVG, U10, ShH15) K\u00f5vadus: 61 HRC Tera pikkus (mm): 110 \/ 4,33 tolli Tera paksus (mm): 2,5 \/ 0,98 tolli Tera laius (mm): 20 \/ 0,78 tolli K\u00e4epide: Aafrika Wenge puit Kogupikkus (mm): 258 \/ 10,15 tolli Noa t\u00fc\u00fcp: jahindus, \u00f5ues Pakend: nuga, nahast \u00fcmbris Damaskuse terase kasutamine ja hooldamine Damaskuseteras on laialdaselt tuntud kui \u00fcks k\u00f5ige vastupidavamaid noaterasid, mida valivad jahimehed, kalamehed ja loodushuvilised. AA Knives\u2019i pakutav Damaskus teras on sepistatud kolmest erinevast terasest, et saada tuntud ja ainulaadne muster, mis \u00fchendab kolme kasutatud terase positiivsed t\u00f6\u00f6omadused \u2013 vastupidavus, paindlikkus ja kauakestev teravus. Arvatakse, et t\u00e4nu oma&hellip;<\/p>\n","protected":false},"featured_media":90753,"template":"","meta":{"_themeisle_gutenberg_block_has_review":false},"product_brand":[],"product_cat":[345,343,350,346],"product_tag":[],"class_list":{"0":"post-90746","1":"product","2":"type-product","3":"status-publish","4":"has-post-thumbnail","6":"product_cat-jahinoad","7":"product_cat-kalapuugi-noad","8":"product_cat-kokkupandavad-noad","9":"product_cat-matkanoad","11":"first","12":"outofstock","13":"shipping-taxable","14":"purchasable","15":"product-type-simple"},"yoast_head":"<!-- This site is optimized with the Yoast SEO plugin v27.5 - https:\/\/yoast.com\/product\/yoast-seo-wordpress\/ -->\n<title>Kokkupandav nuga &quot;FINKA&quot; - AAKnives<\/title>\n<meta name=\"description\" content=\"Kokkupandav nuga &quot;FINKA&quot; ,Damaskuse kokkupandav nuga\" \/>\n<meta name=\"robots\" content=\"index, follow, max-snippet:-1, max-image-preview:large, max-video-preview:-1\" \/>\n<link rel=\"canonical\" href=\"https:\/\/aaknives.eu\/et\/product\/damaskuse-kokkupandav-nuga-kopija\/\" \/>\n<meta property=\"og:locale\" content=\"et_EE\" \/>\n<meta property=\"og:type\" content=\"article\" \/>\n<meta property=\"og:title\" content=\"Kokkupandav nuga &quot;FINKA&quot; - AAKnives\" \/>\n<meta property=\"og:description\" content=\"Kokkupandav nuga &quot;FINKA&quot; ,Damaskuse kokkupandav nuga\" \/>\n<meta property=\"og:url\" content=\"https:\/\/aaknives.eu\/et\/product\/damaskuse-kokkupandav-nuga-kopija\/\" \/>\n<meta property=\"og:site_name\" content=\"AAKnives\" \/>\n<meta property=\"article:publisher\" content=\"https:\/\/www.facebook.com\/aaknives.eu\/\" \/>\n<meta property=\"article:modified_time\" content=\"2024-10-30T17:23:11+00:00\" \/>\n<meta property=\"og:image\" content=\"https:\/\/aaknives.eu\/wp-content\/uploads\/2024\/10\/aaknives-hand-forged-dabascus-steel-blade-knife-handmade-custom-made-knife-handcrafted-knives-autinetools-northmen-27.4.jpg\" \/>\n\t<meta property=\"og:image:width\" content=\"1020\" \/>\n\t<meta property=\"og:image:height\" content=\"880\" \/>\n\t<meta property=\"og:image:type\" content=\"image\/jpeg\" \/>\n<meta name=\"twitter:card\" content=\"summary_large_image\" \/>\n<meta name=\"twitter:label1\" content=\"Est. reading time\" \/>\n\t<meta name=\"twitter:data1\" content=\"2 minutit\" \/>\n<script type=\"application\/ld+json\" class=\"yoast-schema-graph\">{\"@context\":\"https:\\\/\\\/schema.org\",\"@graph\":[{\"@type\":\"WebPage\",\"@id\":\"https:\\\/\\\/aaknives.eu\\\/et\\\/product\\\/damaskuse-kokkupandav-nuga-kopija\\\/\",\"url\":\"https:\\\/\\\/aaknives.eu\\\/et\\\/product\\\/damaskuse-kokkupandav-nuga-kopija\\\/\",\"name\":\"Kokkupandav nuga \\\"FINKA\\\" - AAKnives\",\"isPartOf\":{\"@id\":\"https:\\\/\\\/aaknives.eu\\\/et\\\/#website\"},\"primaryImageOfPage\":{\"@id\":\"https:\\\/\\\/aaknives.eu\\\/et\\\/product\\\/damaskuse-kokkupandav-nuga-kopija\\\/#primaryimage\"},\"image\":{\"@id\":\"https:\\\/\\\/aaknives.eu\\\/et\\\/product\\\/damaskuse-kokkupandav-nuga-kopija\\\/#primaryimage\"},\"thumbnailUrl\":\"https:\\\/\\\/aaknives.eu\\\/wp-content\\\/uploads\\\/2024\\\/10\\\/aaknives-hand-forged-dabascus-steel-blade-knife-handmade-custom-made-knife-handcrafted-knives-autinetools-northmen-27.4.jpg\",\"datePublished\":\"2024-10-30T17:14:32+00:00\",\"dateModified\":\"2024-10-30T17:23:11+00:00\",\"description\":\"Kokkupandav nuga \\\"FINKA\\\" ,Damaskuse kokkupandav nuga\",\"breadcrumb\":{\"@id\":\"https:\\\/\\\/aaknives.eu\\\/et\\\/product\\\/damaskuse-kokkupandav-nuga-kopija\\\/#breadcrumb\"},\"inLanguage\":\"et\",\"potentialAction\":[{\"@type\":\"ReadAction\",\"target\":[\"https:\\\/\\\/aaknives.eu\\\/et\\\/product\\\/damaskuse-kokkupandav-nuga-kopija\\\/\"]}]},{\"@type\":\"ImageObject\",\"inLanguage\":\"et\",\"@id\":\"https:\\\/\\\/aaknives.eu\\\/et\\\/product\\\/damaskuse-kokkupandav-nuga-kopija\\\/#primaryimage\",\"url\":\"https:\\\/\\\/aaknives.eu\\\/wp-content\\\/uploads\\\/2024\\\/10\\\/aaknives-hand-forged-dabascus-steel-blade-knife-handmade-custom-made-knife-handcrafted-knives-autinetools-northmen-27.4.jpg\",\"contentUrl\":\"https:\\\/\\\/aaknives.eu\\\/wp-content\\\/uploads\\\/2024\\\/10\\\/aaknives-hand-forged-dabascus-steel-blade-knife-handmade-custom-made-knife-handcrafted-knives-autinetools-northmen-27.4.jpg\",\"width\":1020,\"height\":880},{\"@type\":\"BreadcrumbList\",\"@id\":\"https:\\\/\\\/aaknives.eu\\\/et\\\/product\\\/damaskuse-kokkupandav-nuga-kopija\\\/#breadcrumb\",\"itemListElement\":[{\"@type\":\"ListItem\",\"position\":1,\"name\":\"Home\",\"item\":\"https:\\\/\\\/aaknives.eu\\\/et\\\/kodu\\\/\"},{\"@type\":\"ListItem\",\"position\":2,\"name\":\"Kauplus\",\"item\":\"https:\\\/\\\/aaknives.eu\\\/et\\\/kauplus\\\/\"},{\"@type\":\"ListItem\",\"position\":3,\"name\":\"Private: Kokkupandav nuga &#8220;FINKA&#8221;\"}]},{\"@type\":\"WebSite\",\"@id\":\"https:\\\/\\\/aaknives.eu\\\/et\\\/#website\",\"url\":\"https:\\\/\\\/aaknives.eu\\\/et\\\/\",\"name\":\"AAKnives\",\"description\":\"Handmade knives\",\"publisher\":{\"@id\":\"https:\\\/\\\/aaknives.eu\\\/et\\\/#organization\"},\"alternateName\":\"Anri Ananin Knives\",\"potentialAction\":[{\"@type\":\"SearchAction\",\"target\":{\"@type\":\"EntryPoint\",\"urlTemplate\":\"https:\\\/\\\/aaknives.eu\\\/et\\\/?s={search_term_string}\"},\"query-input\":{\"@type\":\"PropertyValueSpecification\",\"valueRequired\":true,\"valueName\":\"search_term_string\"}}],\"inLanguage\":\"et\"},{\"@type\":\"Organization\",\"@id\":\"https:\\\/\\\/aaknives.eu\\\/et\\\/#organization\",\"name\":\"AAKnives\",\"url\":\"https:\\\/\\\/aaknives.eu\\\/et\\\/\",\"logo\":{\"@type\":\"ImageObject\",\"inLanguage\":\"et\",\"@id\":\"https:\\\/\\\/aaknives.eu\\\/et\\\/#\\\/schema\\\/logo\\\/image\\\/\",\"url\":\"https:\\\/\\\/aaknives.eu\\\/wp-content\\\/uploads\\\/2021\\\/10\\\/AAknives_Logo_Green.png\",\"contentUrl\":\"https:\\\/\\\/aaknives.eu\\\/wp-content\\\/uploads\\\/2021\\\/10\\\/AAknives_Logo_Green.png\",\"width\":1768,\"height\":1768,\"caption\":\"AAKnives\"},\"image\":{\"@id\":\"https:\\\/\\\/aaknives.eu\\\/et\\\/#\\\/schema\\\/logo\\\/image\\\/\"},\"sameAs\":[\"https:\\\/\\\/www.facebook.com\\\/aaknives.eu\\\/\",\"https:\\\/\\\/www.instagram.com\\\/aaknives\\\/\",\"https:\\\/\\\/www.pinterest.com\\\/aa_knives\\\/\",\"https:\\\/\\\/www.youtube.com\\\/@aaknives9518\"]}]}<\/script>\n<!-- \/ Yoast SEO plugin. -->","yoast_head_json":{"title":"Kokkupandav nuga \"FINKA\" - AAKnives","description":"Kokkupandav nuga \"FINKA\" ,Damaskuse kokkupandav nuga","robots":{"index":"index","follow":"follow","max-snippet":"max-snippet:-1","max-image-preview":"max-image-preview:large","max-video-preview":"max-video-preview:-1"},"canonical":"https:\/\/aaknives.eu\/et\/product\/damaskuse-kokkupandav-nuga-kopija\/","og_locale":"et_EE","og_type":"article","og_title":"Kokkupandav nuga \"FINKA\" - AAKnives","og_description":"Kokkupandav nuga \"FINKA\" ,Damaskuse kokkupandav nuga","og_url":"https:\/\/aaknives.eu\/et\/product\/damaskuse-kokkupandav-nuga-kopija\/","og_site_name":"AAKnives","article_publisher":"https:\/\/www.facebook.com\/aaknives.eu\/","article_modified_time":"2024-10-30T17:23:11+00:00","og_image":[{"width":1020,"height":880,"url":"https:\/\/aaknives.eu\/wp-content\/uploads\/2024\/10\/aaknives-hand-forged-dabascus-steel-blade-knife-handmade-custom-made-knife-handcrafted-knives-autinetools-northmen-27.4.jpg","type":"image\/jpeg"}],"twitter_card":"summary_large_image","twitter_misc":{"Est. reading time":"2 minutit"},"schema":{"@context":"https:\/\/schema.org","@graph":[{"@type":"WebPage","@id":"https:\/\/aaknives.eu\/et\/product\/damaskuse-kokkupandav-nuga-kopija\/","url":"https:\/\/aaknives.eu\/et\/product\/damaskuse-kokkupandav-nuga-kopija\/","name":"Kokkupandav nuga \"FINKA\" - AAKnives","isPartOf":{"@id":"https:\/\/aaknives.eu\/et\/#website"},"primaryImageOfPage":{"@id":"https:\/\/aaknives.eu\/et\/product\/damaskuse-kokkupandav-nuga-kopija\/#primaryimage"},"image":{"@id":"https:\/\/aaknives.eu\/et\/product\/damaskuse-kokkupandav-nuga-kopija\/#primaryimage"},"thumbnailUrl":"https:\/\/aaknives.eu\/wp-content\/uploads\/2024\/10\/aaknives-hand-forged-dabascus-steel-blade-knife-handmade-custom-made-knife-handcrafted-knives-autinetools-northmen-27.4.jpg","datePublished":"2024-10-30T17:14:32+00:00","dateModified":"2024-10-30T17:23:11+00:00","description":"Kokkupandav nuga \"FINKA\" ,Damaskuse kokkupandav nuga","breadcrumb":{"@id":"https:\/\/aaknives.eu\/et\/product\/damaskuse-kokkupandav-nuga-kopija\/#breadcrumb"},"inLanguage":"et","potentialAction":[{"@type":"ReadAction","target":["https:\/\/aaknives.eu\/et\/product\/damaskuse-kokkupandav-nuga-kopija\/"]}]},{"@type":"ImageObject","inLanguage":"et","@id":"https:\/\/aaknives.eu\/et\/product\/damaskuse-kokkupandav-nuga-kopija\/#primaryimage","url":"https:\/\/aaknives.eu\/wp-content\/uploads\/2024\/10\/aaknives-hand-forged-dabascus-steel-blade-knife-handmade-custom-made-knife-handcrafted-knives-autinetools-northmen-27.4.jpg","contentUrl":"https:\/\/aaknives.eu\/wp-content\/uploads\/2024\/10\/aaknives-hand-forged-dabascus-steel-blade-knife-handmade-custom-made-knife-handcrafted-knives-autinetools-northmen-27.4.jpg","width":1020,"height":880},{"@type":"BreadcrumbList","@id":"https:\/\/aaknives.eu\/et\/product\/damaskuse-kokkupandav-nuga-kopija\/#breadcrumb","itemListElement":[{"@type":"ListItem","position":1,"name":"Home","item":"https:\/\/aaknives.eu\/et\/kodu\/"},{"@type":"ListItem","position":2,"name":"Kauplus","item":"https:\/\/aaknives.eu\/et\/kauplus\/"},{"@type":"ListItem","position":3,"name":"Private: Kokkupandav nuga &#8220;FINKA&#8221;"}]},{"@type":"WebSite","@id":"https:\/\/aaknives.eu\/et\/#website","url":"https:\/\/aaknives.eu\/et\/","name":"AAKnives","description":"Handmade knives","publisher":{"@id":"https:\/\/aaknives.eu\/et\/#organization"},"alternateName":"Anri Ananin Knives","potentialAction":[{"@type":"SearchAction","target":{"@type":"EntryPoint","urlTemplate":"https:\/\/aaknives.eu\/et\/?s={search_term_string}"},"query-input":{"@type":"PropertyValueSpecification","valueRequired":true,"valueName":"search_term_string"}}],"inLanguage":"et"},{"@type":"Organization","@id":"https:\/\/aaknives.eu\/et\/#organization","name":"AAKnives","url":"https:\/\/aaknives.eu\/et\/","logo":{"@type":"ImageObject","inLanguage":"et","@id":"https:\/\/aaknives.eu\/et\/#\/schema\/logo\/image\/","url":"https:\/\/aaknives.eu\/wp-content\/uploads\/2021\/10\/AAknives_Logo_Green.png","contentUrl":"https:\/\/aaknives.eu\/wp-content\/uploads\/2021\/10\/AAknives_Logo_Green.png","width":1768,"height":1768,"caption":"AAKnives"},"image":{"@id":"https:\/\/aaknives.eu\/et\/#\/schema\/logo\/image\/"},"sameAs":["https:\/\/www.facebook.com\/aaknives.eu\/","https:\/\/www.instagram.com\/aaknives\/","https:\/\/www.pinterest.com\/aa_knives\/","https:\/\/www.youtube.com\/@aaknives9518"]}]}},"_links":{"self":[{"href":"https:\/\/aaknives.eu\/et\/wp-json\/wp\/v2\/product\/90746","targetHints":{"allow":["GET"]}}],"collection":[{"href":"https:\/\/aaknives.eu\/et\/wp-json\/wp\/v2\/product"}],"about":[{"href":"https:\/\/aaknives.eu\/et\/wp-json\/wp\/v2\/types\/product"}],"wp:featuredmedia":[{"embeddable":true,"href":"https:\/\/aaknives.eu\/et\/wp-json\/wp\/v2\/media\/90753"}],"wp:attachment":[{"href":"https:\/\/aaknives.eu\/et\/wp-json\/wp\/v2\/media?parent=90746"}],"wp:term":[{"taxonomy":"product_brand","embeddable":true,"href":"https:\/\/aaknives.eu\/et\/wp-json\/wp\/v2\/product_brand?post=90746"},{"taxonomy":"product_cat","embeddable":true,"href":"https:\/\/aaknives.eu\/et\/wp-json\/wp\/v2\/product_cat?post=90746"},{"taxonomy":"product_tag","embeddable":true,"href":"https:\/\/aaknives.eu\/et\/wp-json\/wp\/v2\/product_tag?post=90746"}],"curies":[{"name":"wp","href":"https:\/\/api.w.org\/{rel}","templated":true}]}}