{"id":91458,"date":"2024-11-03T21:28:24","date_gmt":"2024-11-03T21:28:24","guid":{"rendered":"https:\/\/aaknives.eu\/?post_type=product&#038;p=91458"},"modified":"2026-02-10T18:29:55","modified_gmt":"2026-02-10T18:29:55","slug":"nuga-scandinavian-kasitsi-sepistatud-lamineeritud-roostevabast-damaskuse-terasest","status":"publish","type":"product","link":"https:\/\/aaknives.eu\/et\/product\/nuga-scandinavian-kasitsi-sepistatud-lamineeritud-roostevabast-damaskuse-terasest\/","title":{"rendered":"Nuga &#8211; SCANDINAVIAN- k\u00e4sitsi sepistatud lamineeritud roostevabast Damaskuse terasest"},"content":{"rendered":"<p>Noa spetsifikatsioonid: SCANDINAVIAN<br \/>\nTeras: k\u00e4sitsi sepistatud lamineeritud roostevabast Damaskuse terasest tera<br \/>\nK\u00f5vadus: 60 HRC<br \/>\nTera pikkus (mm): 134 \/ 5,62 tolli<br \/>\nTera paksus (mm): 3 \/ 0,11 tolli<br \/>\nTera laius (mm): 28 \/ 1,10 tolli<br \/>\nK\u00e4epide: stabiliseeritud Karjala kask<br \/>\nKogupikkus (mm): 263 \/ 10,35 tolli<\/p>\n<p>Damaskuse teras on laialdaselt tuntud kui \u00fcks vastupidavamaid noateraseid, mida jahimehed, \u00f5ngitsejad ja \u00f5ues\u00f5brad valivad.<br \/>\nAA Knivesi pakutav Damaskuse teras on sepistatud kolmest erinevast terasest, et luua tuntud ja ainulaadne muster, mis \u00fchendab kolme kasutatud terase positiivsed t\u00f6\u00f6omadused &#8211; vastupidavuse, paindlikkuse ja pikaajalise teravuse. Arvatakse, et t\u00e4nu suurep\u00e4rasele l\u00f5ikev\u00f5imele edestab see teras sageli roostevabast terasest tooteid, kuna selle tera moodustab mikrosae-taolise pinna, mis on iseloomulik mitmetele jahvatatud terasmaterjalidele. Kuna Damaskuse teras on \u00fcks roostetavatest terastest, on eriti oluline meeles pidada, et seda tuleb korralikult hooldada. Nii nagu vihmasel p\u00e4eval jahil olles relva koju toodes, ei pane te seda puhastamata ja t\u00f6\u00f6tlemata kujul \u00e4ra, just nagu peate hoolitsema ka oma noa eest, millel on samuti oluline roll jahiprotsessis. Damaskuse terasest nuga tuleks p\u00e4rast kasutamist hoolikalt p\u00fchkida, mustusest puhastada ja n\u00f5rutada, et v\u00e4ltida niiskust ladustamise ajal, mis v\u00f5ib aja jooksul roostetamist p\u00f5hjustada, ning \u00e4rge unustage m\u00e4\u00e4rimist. Selleks ei ole vaja osta professionaalset kaitsevarustust, kuna k\u00f6\u00f6gis olev toidu\u00f5li tuleb kasuks, kuna jahinuga puutub peaaegu alati kokku liha ja muude toiduainetega, seega ei ole mehaanilise \u00f5li kasutamine noa kaitsmiseks soovitatav. Samuti ei tohiks unustada regulaarset teritamist ja reguleerimist. Siiski v\u00f5ib iga\u00fcks unustada v\u00e4rskelt kasutatud noa autosse v\u00f5i koti p\u00f5hja ning kui see seal m\u00f5nda aega seisab, tekivad terale tumedad laigud \u2013 esimesed rooste tunnused. Kuid \u00e4rge muretsege, te ei pea oma lemmikt\u00f6\u00f6riistast loobuma! Parima tulemuse saavutamiseks minge lihtsalt \u00fcksk\u00f5ik millisesse ehituspoodi ja ostke parim liivapaber (P2000\u20132500) ning vabanege roosteplekkidest tera kerge h\u00f5\u00f5rumisega. Pidage meeles, et nuga kestab kauem ja t\u00f6\u00f6tab paremini, kui leiate iga p\u00e4ev hetke selle n\u00f5uetekohaseks hooldamiseks, kuid kui hooldusaspektid on noa ostmisel endiselt ebaselged, annab AA Knives teile lahkelt n\u00f5u, kuidas oma nuga h\u00e4sti hooldada.<\/p>\n","protected":false},"excerpt":{"rendered":"<p>Noa spetsifikatsioonid: SCANDINAVIAN Teras: k\u00e4sitsi sepistatud lamineeritud roostevabast Damaskuse terasest tera K\u00f5vadus: 60 HRC Tera pikkus (mm): 134 \/ 5,62 tolli Tera paksus (mm): 3 \/ 0,11 tolli Tera laius (mm): 28 \/ 1,10 tolli K\u00e4epide: stabiliseeritud Karjala kask Kogupikkus (mm): 263 \/ 10,35 tolli Damaskuse teras on laialdaselt tuntud kui \u00fcks vastupidavamaid noateraseid, mida jahimehed, \u00f5ngitsejad ja \u00f5ues\u00f5brad valivad. AA Knivesi pakutav Damaskuse teras on sepistatud kolmest erinevast terasest, et luua tuntud ja ainulaadne muster, mis \u00fchendab kolme kasutatud terase positiivsed t\u00f6\u00f6omadused &#8211; vastupidavuse, paindlikkuse ja pikaajalise teravuse. Arvatakse, et t\u00e4nu suurep\u00e4rasele l\u00f5ikev\u00f5imele edestab see teras sageli roostevabast terasest&hellip;<\/p>\n","protected":false},"featured_media":107667,"template":"","meta":{"_themeisle_gutenberg_block_has_review":false},"product_brand":[],"product_cat":[345,346,341],"product_tag":[],"class_list":{"0":"post-91458","1":"product","2":"type-product","3":"status-publish","4":"has-post-thumbnail","6":"product_cat-jahinoad","7":"product_cat-matkanoad","8":"product_cat-premium-ja-eksklusiivsed-noad","10":"first","11":"instock","12":"shipping-taxable","13":"purchasable","14":"product-type-simple"},"yoast_head":"<!-- This site is optimized with the Yoast SEO plugin v27.3 - https:\/\/yoast.com\/product\/yoast-seo-wordpress\/ -->\n<title>Nuga - SCANDINAVIAN- k\u00e4sitsi sepistatud lamineeritud roostevabast Damaskuse terasest - AAKnives<\/title>\n<meta name=\"description\" content=\"Damaskuse teras on laialdaselt tuntud kui \u00fcks vastupidavamaid noateraseid, mida jahimehed, \u00f5ngitsejad ja \u00f5ues\u00f5brad valivad.\" \/>\n<meta name=\"robots\" content=\"index, follow, max-snippet:-1, max-image-preview:large, max-video-preview:-1\" \/>\n<link rel=\"canonical\" href=\"https:\/\/aaknives.eu\/et\/product\/nuga-scandinavian-kasitsi-sepistatud-lamineeritud-roostevabast-damaskuse-terasest\/\" \/>\n<meta property=\"og:locale\" content=\"et_EE\" \/>\n<meta property=\"og:type\" content=\"article\" \/>\n<meta property=\"og:title\" content=\"Nuga - SCANDINAVIAN- k\u00e4sitsi sepistatud lamineeritud roostevabast Damaskuse terasest - AAKnives\" \/>\n<meta property=\"og:description\" content=\"Damaskuse teras on laialdaselt tuntud kui \u00fcks vastupidavamaid noateraseid, mida jahimehed, \u00f5ngitsejad ja \u00f5ues\u00f5brad valivad.\" \/>\n<meta property=\"og:url\" content=\"https:\/\/aaknives.eu\/et\/product\/nuga-scandinavian-kasitsi-sepistatud-lamineeritud-roostevabast-damaskuse-terasest\/\" \/>\n<meta property=\"og:site_name\" content=\"AAKnives\" \/>\n<meta property=\"article:publisher\" content=\"https:\/\/www.facebook.com\/aaknives.eu\/\" \/>\n<meta property=\"article:modified_time\" content=\"2026-02-10T18:29:55+00:00\" \/>\n<meta property=\"og:image\" content=\"https:\/\/aaknives.eu\/wp-content\/uploads\/2024\/11\/aaknives-hand-forged-damascus-steel-blade-knife-handmade-custom-made-knife-handcrafted-knives-autinetools-northmen-1-84.jpg\" \/>\n\t<meta property=\"og:image:width\" content=\"1020\" \/>\n\t<meta property=\"og:image:height\" content=\"880\" \/>\n\t<meta property=\"og:image:type\" content=\"image\/jpeg\" \/>\n<meta name=\"twitter:card\" content=\"summary_large_image\" \/>\n<meta name=\"twitter:label1\" content=\"Est. reading time\" \/>\n\t<meta name=\"twitter:data1\" content=\"2 minutit\" \/>\n<script type=\"application\/ld+json\" class=\"yoast-schema-graph\">{\"@context\":\"https:\\\/\\\/schema.org\",\"@graph\":[{\"@type\":\"WebPage\",\"@id\":\"https:\\\/\\\/aaknives.eu\\\/et\\\/product\\\/nuga-scandinavian-kasitsi-sepistatud-lamineeritud-roostevabast-damaskuse-terasest\\\/\",\"url\":\"https:\\\/\\\/aaknives.eu\\\/et\\\/product\\\/nuga-scandinavian-kasitsi-sepistatud-lamineeritud-roostevabast-damaskuse-terasest\\\/\",\"name\":\"Nuga - SCANDINAVIAN- k\u00e4sitsi sepistatud lamineeritud roostevabast Damaskuse terasest - AAKnives\",\"isPartOf\":{\"@id\":\"https:\\\/\\\/aaknives.eu\\\/et\\\/#website\"},\"primaryImageOfPage\":{\"@id\":\"https:\\\/\\\/aaknives.eu\\\/et\\\/product\\\/nuga-scandinavian-kasitsi-sepistatud-lamineeritud-roostevabast-damaskuse-terasest\\\/#primaryimage\"},\"image\":{\"@id\":\"https:\\\/\\\/aaknives.eu\\\/et\\\/product\\\/nuga-scandinavian-kasitsi-sepistatud-lamineeritud-roostevabast-damaskuse-terasest\\\/#primaryimage\"},\"thumbnailUrl\":\"https:\\\/\\\/aaknives.eu\\\/wp-content\\\/uploads\\\/2024\\\/11\\\/aaknives-hand-forged-damascus-steel-blade-knife-handmade-custom-made-knife-handcrafted-knives-autinetools-northmen-1-84.jpg\",\"datePublished\":\"2024-11-03T21:28:24+00:00\",\"dateModified\":\"2026-02-10T18:29:55+00:00\",\"description\":\"Damaskuse teras on laialdaselt tuntud kui \u00fcks vastupidavamaid noateraseid, mida jahimehed, \u00f5ngitsejad ja \u00f5ues\u00f5brad valivad.\",\"breadcrumb\":{\"@id\":\"https:\\\/\\\/aaknives.eu\\\/et\\\/product\\\/nuga-scandinavian-kasitsi-sepistatud-lamineeritud-roostevabast-damaskuse-terasest\\\/#breadcrumb\"},\"inLanguage\":\"et\",\"potentialAction\":[{\"@type\":\"ReadAction\",\"target\":[\"https:\\\/\\\/aaknives.eu\\\/et\\\/product\\\/nuga-scandinavian-kasitsi-sepistatud-lamineeritud-roostevabast-damaskuse-terasest\\\/\"]}]},{\"@type\":\"ImageObject\",\"inLanguage\":\"et\",\"@id\":\"https:\\\/\\\/aaknives.eu\\\/et\\\/product\\\/nuga-scandinavian-kasitsi-sepistatud-lamineeritud-roostevabast-damaskuse-terasest\\\/#primaryimage\",\"url\":\"https:\\\/\\\/aaknives.eu\\\/wp-content\\\/uploads\\\/2024\\\/11\\\/aaknives-hand-forged-damascus-steel-blade-knife-handmade-custom-made-knife-handcrafted-knives-autinetools-northmen-1-84.jpg\",\"contentUrl\":\"https:\\\/\\\/aaknives.eu\\\/wp-content\\\/uploads\\\/2024\\\/11\\\/aaknives-hand-forged-damascus-steel-blade-knife-handmade-custom-made-knife-handcrafted-knives-autinetools-northmen-1-84.jpg\",\"width\":1020,\"height\":880},{\"@type\":\"BreadcrumbList\",\"@id\":\"https:\\\/\\\/aaknives.eu\\\/et\\\/product\\\/nuga-scandinavian-kasitsi-sepistatud-lamineeritud-roostevabast-damaskuse-terasest\\\/#breadcrumb\",\"itemListElement\":[{\"@type\":\"ListItem\",\"position\":1,\"name\":\"Home\",\"item\":\"https:\\\/\\\/aaknives.eu\\\/et\\\/kodu\\\/\"},{\"@type\":\"ListItem\",\"position\":2,\"name\":\"Kauplus\",\"item\":\"https:\\\/\\\/aaknives.eu\\\/et\\\/kauplus\\\/\"},{\"@type\":\"ListItem\",\"position\":3,\"name\":\"Nuga &#8211; SCANDINAVIAN- k\u00e4sitsi sepistatud lamineeritud roostevabast Damaskuse terasest\"}]},{\"@type\":\"WebSite\",\"@id\":\"https:\\\/\\\/aaknives.eu\\\/et\\\/#website\",\"url\":\"https:\\\/\\\/aaknives.eu\\\/et\\\/\",\"name\":\"AAKnives\",\"description\":\"Handmade knives\",\"publisher\":{\"@id\":\"https:\\\/\\\/aaknives.eu\\\/et\\\/#organization\"},\"potentialAction\":[{\"@type\":\"SearchAction\",\"target\":{\"@type\":\"EntryPoint\",\"urlTemplate\":\"https:\\\/\\\/aaknives.eu\\\/et\\\/?s={search_term_string}\"},\"query-input\":{\"@type\":\"PropertyValueSpecification\",\"valueRequired\":true,\"valueName\":\"search_term_string\"}}],\"inLanguage\":\"et\"},{\"@type\":\"Organization\",\"@id\":\"https:\\\/\\\/aaknives.eu\\\/et\\\/#organization\",\"name\":\"AAKnives\",\"url\":\"https:\\\/\\\/aaknives.eu\\\/et\\\/\",\"logo\":{\"@type\":\"ImageObject\",\"inLanguage\":\"et\",\"@id\":\"https:\\\/\\\/aaknives.eu\\\/et\\\/#\\\/schema\\\/logo\\\/image\\\/\",\"url\":\"https:\\\/\\\/aaknives.eu\\\/wp-content\\\/uploads\\\/2021\\\/10\\\/AAknives_Logo_Green.png\",\"contentUrl\":\"https:\\\/\\\/aaknives.eu\\\/wp-content\\\/uploads\\\/2021\\\/10\\\/AAknives_Logo_Green.png\",\"width\":1768,\"height\":1768,\"caption\":\"AAKnives\"},\"image\":{\"@id\":\"https:\\\/\\\/aaknives.eu\\\/et\\\/#\\\/schema\\\/logo\\\/image\\\/\"},\"sameAs\":[\"https:\\\/\\\/www.facebook.com\\\/aaknives.eu\\\/\",\"https:\\\/\\\/www.instagram.com\\\/aaknives\\\/\",\"https:\\\/\\\/www.pinterest.com\\\/aa_knives\\\/\",\"https:\\\/\\\/www.youtube.com\\\/channel\\\/UCHOQFjrOkgT6s4FIw9LDKyw\\\/featured\"]}]}<\/script>\n<!-- \/ Yoast SEO plugin. -->","yoast_head_json":{"title":"Nuga - SCANDINAVIAN- k\u00e4sitsi sepistatud lamineeritud roostevabast Damaskuse terasest - AAKnives","description":"Damaskuse teras on laialdaselt tuntud kui \u00fcks vastupidavamaid noateraseid, mida jahimehed, \u00f5ngitsejad ja \u00f5ues\u00f5brad valivad.","robots":{"index":"index","follow":"follow","max-snippet":"max-snippet:-1","max-image-preview":"max-image-preview:large","max-video-preview":"max-video-preview:-1"},"canonical":"https:\/\/aaknives.eu\/et\/product\/nuga-scandinavian-kasitsi-sepistatud-lamineeritud-roostevabast-damaskuse-terasest\/","og_locale":"et_EE","og_type":"article","og_title":"Nuga - SCANDINAVIAN- k\u00e4sitsi sepistatud lamineeritud roostevabast Damaskuse terasest - AAKnives","og_description":"Damaskuse teras on laialdaselt tuntud kui \u00fcks vastupidavamaid noateraseid, mida jahimehed, \u00f5ngitsejad ja \u00f5ues\u00f5brad valivad.","og_url":"https:\/\/aaknives.eu\/et\/product\/nuga-scandinavian-kasitsi-sepistatud-lamineeritud-roostevabast-damaskuse-terasest\/","og_site_name":"AAKnives","article_publisher":"https:\/\/www.facebook.com\/aaknives.eu\/","article_modified_time":"2026-02-10T18:29:55+00:00","og_image":[{"width":1020,"height":880,"url":"https:\/\/aaknives.eu\/wp-content\/uploads\/2024\/11\/aaknives-hand-forged-damascus-steel-blade-knife-handmade-custom-made-knife-handcrafted-knives-autinetools-northmen-1-84.jpg","type":"image\/jpeg"}],"twitter_card":"summary_large_image","twitter_misc":{"Est. reading time":"2 minutit"},"schema":{"@context":"https:\/\/schema.org","@graph":[{"@type":"WebPage","@id":"https:\/\/aaknives.eu\/et\/product\/nuga-scandinavian-kasitsi-sepistatud-lamineeritud-roostevabast-damaskuse-terasest\/","url":"https:\/\/aaknives.eu\/et\/product\/nuga-scandinavian-kasitsi-sepistatud-lamineeritud-roostevabast-damaskuse-terasest\/","name":"Nuga - SCANDINAVIAN- k\u00e4sitsi sepistatud lamineeritud roostevabast Damaskuse terasest - AAKnives","isPartOf":{"@id":"https:\/\/aaknives.eu\/et\/#website"},"primaryImageOfPage":{"@id":"https:\/\/aaknives.eu\/et\/product\/nuga-scandinavian-kasitsi-sepistatud-lamineeritud-roostevabast-damaskuse-terasest\/#primaryimage"},"image":{"@id":"https:\/\/aaknives.eu\/et\/product\/nuga-scandinavian-kasitsi-sepistatud-lamineeritud-roostevabast-damaskuse-terasest\/#primaryimage"},"thumbnailUrl":"https:\/\/aaknives.eu\/wp-content\/uploads\/2024\/11\/aaknives-hand-forged-damascus-steel-blade-knife-handmade-custom-made-knife-handcrafted-knives-autinetools-northmen-1-84.jpg","datePublished":"2024-11-03T21:28:24+00:00","dateModified":"2026-02-10T18:29:55+00:00","description":"Damaskuse teras on laialdaselt tuntud kui \u00fcks vastupidavamaid noateraseid, mida jahimehed, \u00f5ngitsejad ja \u00f5ues\u00f5brad valivad.","breadcrumb":{"@id":"https:\/\/aaknives.eu\/et\/product\/nuga-scandinavian-kasitsi-sepistatud-lamineeritud-roostevabast-damaskuse-terasest\/#breadcrumb"},"inLanguage":"et","potentialAction":[{"@type":"ReadAction","target":["https:\/\/aaknives.eu\/et\/product\/nuga-scandinavian-kasitsi-sepistatud-lamineeritud-roostevabast-damaskuse-terasest\/"]}]},{"@type":"ImageObject","inLanguage":"et","@id":"https:\/\/aaknives.eu\/et\/product\/nuga-scandinavian-kasitsi-sepistatud-lamineeritud-roostevabast-damaskuse-terasest\/#primaryimage","url":"https:\/\/aaknives.eu\/wp-content\/uploads\/2024\/11\/aaknives-hand-forged-damascus-steel-blade-knife-handmade-custom-made-knife-handcrafted-knives-autinetools-northmen-1-84.jpg","contentUrl":"https:\/\/aaknives.eu\/wp-content\/uploads\/2024\/11\/aaknives-hand-forged-damascus-steel-blade-knife-handmade-custom-made-knife-handcrafted-knives-autinetools-northmen-1-84.jpg","width":1020,"height":880},{"@type":"BreadcrumbList","@id":"https:\/\/aaknives.eu\/et\/product\/nuga-scandinavian-kasitsi-sepistatud-lamineeritud-roostevabast-damaskuse-terasest\/#breadcrumb","itemListElement":[{"@type":"ListItem","position":1,"name":"Home","item":"https:\/\/aaknives.eu\/et\/kodu\/"},{"@type":"ListItem","position":2,"name":"Kauplus","item":"https:\/\/aaknives.eu\/et\/kauplus\/"},{"@type":"ListItem","position":3,"name":"Nuga &#8211; SCANDINAVIAN- k\u00e4sitsi sepistatud lamineeritud roostevabast Damaskuse terasest"}]},{"@type":"WebSite","@id":"https:\/\/aaknives.eu\/et\/#website","url":"https:\/\/aaknives.eu\/et\/","name":"AAKnives","description":"Handmade knives","publisher":{"@id":"https:\/\/aaknives.eu\/et\/#organization"},"potentialAction":[{"@type":"SearchAction","target":{"@type":"EntryPoint","urlTemplate":"https:\/\/aaknives.eu\/et\/?s={search_term_string}"},"query-input":{"@type":"PropertyValueSpecification","valueRequired":true,"valueName":"search_term_string"}}],"inLanguage":"et"},{"@type":"Organization","@id":"https:\/\/aaknives.eu\/et\/#organization","name":"AAKnives","url":"https:\/\/aaknives.eu\/et\/","logo":{"@type":"ImageObject","inLanguage":"et","@id":"https:\/\/aaknives.eu\/et\/#\/schema\/logo\/image\/","url":"https:\/\/aaknives.eu\/wp-content\/uploads\/2021\/10\/AAknives_Logo_Green.png","contentUrl":"https:\/\/aaknives.eu\/wp-content\/uploads\/2021\/10\/AAknives_Logo_Green.png","width":1768,"height":1768,"caption":"AAKnives"},"image":{"@id":"https:\/\/aaknives.eu\/et\/#\/schema\/logo\/image\/"},"sameAs":["https:\/\/www.facebook.com\/aaknives.eu\/","https:\/\/www.instagram.com\/aaknives\/","https:\/\/www.pinterest.com\/aa_knives\/","https:\/\/www.youtube.com\/channel\/UCHOQFjrOkgT6s4FIw9LDKyw\/featured"]}]}},"_links":{"self":[{"href":"https:\/\/aaknives.eu\/et\/wp-json\/wp\/v2\/product\/91458","targetHints":{"allow":["GET"]}}],"collection":[{"href":"https:\/\/aaknives.eu\/et\/wp-json\/wp\/v2\/product"}],"about":[{"href":"https:\/\/aaknives.eu\/et\/wp-json\/wp\/v2\/types\/product"}],"wp:featuredmedia":[{"embeddable":true,"href":"https:\/\/aaknives.eu\/et\/wp-json\/wp\/v2\/media\/107667"}],"wp:attachment":[{"href":"https:\/\/aaknives.eu\/et\/wp-json\/wp\/v2\/media?parent=91458"}],"wp:term":[{"taxonomy":"product_brand","embeddable":true,"href":"https:\/\/aaknives.eu\/et\/wp-json\/wp\/v2\/product_brand?post=91458"},{"taxonomy":"product_cat","embeddable":true,"href":"https:\/\/aaknives.eu\/et\/wp-json\/wp\/v2\/product_cat?post=91458"},{"taxonomy":"product_tag","embeddable":true,"href":"https:\/\/aaknives.eu\/et\/wp-json\/wp\/v2\/product_tag?post=91458"}],"curies":[{"name":"wp","href":"https:\/\/api.w.org\/{rel}","templated":true}]}}