{"id":91680,"date":"2024-11-04T16:25:23","date_gmt":"2024-11-04T16:25:23","guid":{"rendered":"https:\/\/aaknives.eu\/?post_type=product&#038;p=91680"},"modified":"2025-01-30T11:33:42","modified_gmt":"2025-01-30T11:33:42","slug":"tera-coyote-kasitsi-sepistatud-rootsi-teras-uddeholm-elmax-superclean","status":"publish","type":"product","link":"https:\/\/aaknives.eu\/et\/product\/tera-coyote-kasitsi-sepistatud-rootsi-teras-uddeholm-elmax-superclean\/","title":{"rendered":"Tera &#8221;COYOTE&#8221;, k\u00e4sitsi sepistatud Rootsi teras Uddeholm \u201dElmax\u201d SuperClean"},"content":{"rendered":"<p>Tera tehnilised andmed: COYOTE<br \/>\nTeras: Rootsi teras Uddeholm \u201dElmax\u201d SuperClean<br \/>\nK\u00f5vadus: 60 HRC<br \/>\nTera pikkus (mm): 120 \/ 4,72 tolli<br \/>\nTera paksus (mm): 3 \/ 0,11 tolli<br \/>\nTera laius (mm): 25 \/ 0,98 tolli<br \/>\nKogupikkus (mm): 195 \/ 7,67 tolli<br \/>\nElmax on \u00fcks levinumaid pulberteraseid. Seet\u00f5ttu tuleb selleks, et m\u00f5ista, millisteks imedeks pulbrist valmistatud nuga on v\u00f5imeline, uurima Elmaxi terase omadusi. Peamine mis tahes terase omadusi m\u00f5jutav tegur, mis t\u00e4hendab ka sellest valmistatud noa ligatuuri. Need terase koostises olevad keemilised elemendid annavad need omadused, korrosioonikindluse, l\u00f6\u00f6gi viskoossuse, p\u00f6\u00f6rdemomendi vastupidavuse jne. Elmaxi iseloomustab j\u00e4rgmine koostis: 1,7% s\u00fcsinikku, mis v\u00f5imaldab laiendada terast taimse s\u00fcsiniku klassi ning annab sellele suurema k\u00f5vaduse ja vastupidavuse. 18% kroomi, mis annab eksklusiivse korrosioonikindluse ja suurendab paindlikkusega terase vastupidavust ja p\u00f5rutusviskoossust. 3% vanaadiumi, mis t\u00e4iustab terase struktuuri, muudab selle tihedamaks ning annab sellele sitkuse ja vastupidavuse. 1% mol\u00fcbdeeni, mis ei aita oluliselt kaasa korrosioonikindlusele, samuti vastupidavusomadustele, sealhulgas paindlikkusele. 0,3% mangaani, millel on ka positiivne m\u00f5ju terase tugevusele, kulumisele ja k\u00f5vadusele ilma plastilisust v\u00e4hendamata. Elmaxi noad ei ole suunatud korrosioonile. Sellest terasest tera on v\u00e4ga vastupidav k\u00fclgkoormusele ja painutustele. Pulberterasel on praktiliselt t\u00e4iuslik sisemine struktuur. Kahjulike lisandite absoluutne puhastamine. Silmatorkav teravusvastupidavus ja suhteline kergus, kui kasutada \u00f5igeid kivikive. Teras on h\u00e4sti freesitud ja isegi poleeritud ilma t\u00f5mbamata. Saab saavutada absoluutse peegelpinna. Sellest tulenevalt v\u00f5ib j\u00e4reldada, et Elmaxi teras sobib t\u00e4nap\u00e4eval \u00fcheks parimaks noateraseks. Kui olete juba ammu plaaninud sellest materjalist noa v\u00e4lja v\u00f5tta, siis on aeg seda teha. See teenib teid kaua ja \u00f5igesti.<\/p>\n","protected":false},"excerpt":{"rendered":"<p>Elmax on \u00fcks levinumaid pulberteraseid. Elmaxi nugade eesm\u00e4rk ei ole korrosioon. Selle terase tera on v\u00e4ga vastupidav k\u00fclgkoormustele ja paindumistele. Silmatorkav teravuse vastupidavus ja suhteline kergus, kui kasutatakse \u00f5igeid kivikesi. Teras on h\u00e4sti freesitud ja isegi lihvitud ilma joonistamata.<\/p>\n","protected":false},"featured_media":91687,"template":"","meta":{"_themeisle_gutenberg_block_has_review":false},"product_brand":[],"product_cat":[344],"product_tag":[],"class_list":{"0":"post-91680","1":"product","2":"type-product","3":"status-publish","4":"has-post-thumbnail","6":"product_cat-terad","8":"first","9":"instock","10":"shipping-taxable","11":"purchasable","12":"product-type-simple"},"yoast_head":"<!-- This site is optimized with the Yoast SEO plugin v27.3 - https:\/\/yoast.com\/product\/yoast-seo-wordpress\/ -->\n<title>Tera &#039;&#039;COYOTE&#039;&#039;, k\u00e4sitsi sepistatud Rootsi teras Uddeholm \u201dElmax\u201d SuperClean - AAKnives<\/title>\n<meta name=\"description\" content=\"Rootsi terasest Uddeholm &#039;&#039;Elmax&#039;&#039; SuperClean, liivapritsitud. Elmaxi nugade eesm\u00e4rk ei ole korrosioon. Vastupidav k\u00fclgkoormustele ja paindumistele\" \/>\n<meta name=\"robots\" content=\"index, follow, max-snippet:-1, max-image-preview:large, max-video-preview:-1\" \/>\n<link rel=\"canonical\" href=\"https:\/\/aaknives.eu\/et\/product\/tera-coyote-kasitsi-sepistatud-rootsi-teras-uddeholm-elmax-superclean\/\" \/>\n<meta property=\"og:locale\" content=\"et_EE\" \/>\n<meta property=\"og:type\" content=\"article\" \/>\n<meta property=\"og:title\" content=\"Tera &#039;&#039;COYOTE&#039;&#039;, k\u00e4sitsi sepistatud Rootsi teras Uddeholm \u201dElmax\u201d SuperClean - AAKnives\" \/>\n<meta property=\"og:description\" content=\"Rootsi terasest Uddeholm &#039;&#039;Elmax&#039;&#039; SuperClean, liivapritsitud. Elmaxi nugade eesm\u00e4rk ei ole korrosioon. Vastupidav k\u00fclgkoormustele ja paindumistele\" \/>\n<meta property=\"og:url\" content=\"https:\/\/aaknives.eu\/et\/product\/tera-coyote-kasitsi-sepistatud-rootsi-teras-uddeholm-elmax-superclean\/\" \/>\n<meta property=\"og:site_name\" content=\"AAKnives\" \/>\n<meta property=\"article:publisher\" content=\"https:\/\/www.facebook.com\/aaknives.eu\/\" \/>\n<meta property=\"article:modified_time\" content=\"2025-01-30T11:33:42+00:00\" \/>\n<meta property=\"og:image\" content=\"https:\/\/aaknives.eu\/wp-content\/uploads\/2024\/11\/aaknives-hand-forged-dabascus-steel-blade-knife-handmade-custom-made-knife-handcrafted-knives-autinetools-northmen-48.jpg\" \/>\n\t<meta property=\"og:image:width\" content=\"1020\" \/>\n\t<meta property=\"og:image:height\" content=\"880\" \/>\n\t<meta property=\"og:image:type\" content=\"image\/jpeg\" \/>\n<meta name=\"twitter:card\" content=\"summary_large_image\" \/>\n<meta name=\"twitter:label1\" content=\"Est. reading time\" \/>\n\t<meta name=\"twitter:data1\" content=\"1 minut\" \/>\n<script type=\"application\/ld+json\" class=\"yoast-schema-graph\">{\"@context\":\"https:\\\/\\\/schema.org\",\"@graph\":[{\"@type\":\"WebPage\",\"@id\":\"https:\\\/\\\/aaknives.eu\\\/et\\\/product\\\/tera-coyote-kasitsi-sepistatud-rootsi-teras-uddeholm-elmax-superclean\\\/\",\"url\":\"https:\\\/\\\/aaknives.eu\\\/et\\\/product\\\/tera-coyote-kasitsi-sepistatud-rootsi-teras-uddeholm-elmax-superclean\\\/\",\"name\":\"Tera ''COYOTE'', k\u00e4sitsi sepistatud Rootsi teras Uddeholm \u201dElmax\u201d SuperClean - AAKnives\",\"isPartOf\":{\"@id\":\"https:\\\/\\\/aaknives.eu\\\/et\\\/#website\"},\"primaryImageOfPage\":{\"@id\":\"https:\\\/\\\/aaknives.eu\\\/et\\\/product\\\/tera-coyote-kasitsi-sepistatud-rootsi-teras-uddeholm-elmax-superclean\\\/#primaryimage\"},\"image\":{\"@id\":\"https:\\\/\\\/aaknives.eu\\\/et\\\/product\\\/tera-coyote-kasitsi-sepistatud-rootsi-teras-uddeholm-elmax-superclean\\\/#primaryimage\"},\"thumbnailUrl\":\"https:\\\/\\\/aaknives.eu\\\/wp-content\\\/uploads\\\/2024\\\/11\\\/aaknives-hand-forged-dabascus-steel-blade-knife-handmade-custom-made-knife-handcrafted-knives-autinetools-northmen-48.jpg\",\"datePublished\":\"2024-11-04T16:25:23+00:00\",\"dateModified\":\"2025-01-30T11:33:42+00:00\",\"description\":\"Rootsi terasest Uddeholm ''Elmax'' SuperClean, liivapritsitud. Elmaxi nugade eesm\u00e4rk ei ole korrosioon. Vastupidav k\u00fclgkoormustele ja paindumistele\",\"breadcrumb\":{\"@id\":\"https:\\\/\\\/aaknives.eu\\\/et\\\/product\\\/tera-coyote-kasitsi-sepistatud-rootsi-teras-uddeholm-elmax-superclean\\\/#breadcrumb\"},\"inLanguage\":\"et\",\"potentialAction\":[{\"@type\":\"ReadAction\",\"target\":[\"https:\\\/\\\/aaknives.eu\\\/et\\\/product\\\/tera-coyote-kasitsi-sepistatud-rootsi-teras-uddeholm-elmax-superclean\\\/\"]}]},{\"@type\":\"ImageObject\",\"inLanguage\":\"et\",\"@id\":\"https:\\\/\\\/aaknives.eu\\\/et\\\/product\\\/tera-coyote-kasitsi-sepistatud-rootsi-teras-uddeholm-elmax-superclean\\\/#primaryimage\",\"url\":\"https:\\\/\\\/aaknives.eu\\\/wp-content\\\/uploads\\\/2024\\\/11\\\/aaknives-hand-forged-dabascus-steel-blade-knife-handmade-custom-made-knife-handcrafted-knives-autinetools-northmen-48.jpg\",\"contentUrl\":\"https:\\\/\\\/aaknives.eu\\\/wp-content\\\/uploads\\\/2024\\\/11\\\/aaknives-hand-forged-dabascus-steel-blade-knife-handmade-custom-made-knife-handcrafted-knives-autinetools-northmen-48.jpg\",\"width\":1020,\"height\":880},{\"@type\":\"BreadcrumbList\",\"@id\":\"https:\\\/\\\/aaknives.eu\\\/et\\\/product\\\/tera-coyote-kasitsi-sepistatud-rootsi-teras-uddeholm-elmax-superclean\\\/#breadcrumb\",\"itemListElement\":[{\"@type\":\"ListItem\",\"position\":1,\"name\":\"Home\",\"item\":\"https:\\\/\\\/aaknives.eu\\\/et\\\/kodu\\\/\"},{\"@type\":\"ListItem\",\"position\":2,\"name\":\"Kauplus\",\"item\":\"https:\\\/\\\/aaknives.eu\\\/et\\\/kauplus\\\/\"},{\"@type\":\"ListItem\",\"position\":3,\"name\":\"Tera &#8221;COYOTE&#8221;, k\u00e4sitsi sepistatud Rootsi teras Uddeholm \u201dElmax\u201d SuperClean\"}]},{\"@type\":\"WebSite\",\"@id\":\"https:\\\/\\\/aaknives.eu\\\/et\\\/#website\",\"url\":\"https:\\\/\\\/aaknives.eu\\\/et\\\/\",\"name\":\"AAKnives\",\"description\":\"Handmade knives\",\"publisher\":{\"@id\":\"https:\\\/\\\/aaknives.eu\\\/et\\\/#organization\"},\"potentialAction\":[{\"@type\":\"SearchAction\",\"target\":{\"@type\":\"EntryPoint\",\"urlTemplate\":\"https:\\\/\\\/aaknives.eu\\\/et\\\/?s={search_term_string}\"},\"query-input\":{\"@type\":\"PropertyValueSpecification\",\"valueRequired\":true,\"valueName\":\"search_term_string\"}}],\"inLanguage\":\"et\"},{\"@type\":\"Organization\",\"@id\":\"https:\\\/\\\/aaknives.eu\\\/et\\\/#organization\",\"name\":\"AAKnives\",\"url\":\"https:\\\/\\\/aaknives.eu\\\/et\\\/\",\"logo\":{\"@type\":\"ImageObject\",\"inLanguage\":\"et\",\"@id\":\"https:\\\/\\\/aaknives.eu\\\/et\\\/#\\\/schema\\\/logo\\\/image\\\/\",\"url\":\"https:\\\/\\\/aaknives.eu\\\/wp-content\\\/uploads\\\/2021\\\/10\\\/AAknives_Logo_Green.png\",\"contentUrl\":\"https:\\\/\\\/aaknives.eu\\\/wp-content\\\/uploads\\\/2021\\\/10\\\/AAknives_Logo_Green.png\",\"width\":1768,\"height\":1768,\"caption\":\"AAKnives\"},\"image\":{\"@id\":\"https:\\\/\\\/aaknives.eu\\\/et\\\/#\\\/schema\\\/logo\\\/image\\\/\"},\"sameAs\":[\"https:\\\/\\\/www.facebook.com\\\/aaknives.eu\\\/\",\"https:\\\/\\\/www.instagram.com\\\/aaknives\\\/\",\"https:\\\/\\\/www.pinterest.com\\\/aa_knives\\\/\",\"https:\\\/\\\/www.youtube.com\\\/channel\\\/UCHOQFjrOkgT6s4FIw9LDKyw\\\/featured\"]}]}<\/script>\n<!-- \/ Yoast SEO plugin. -->","yoast_head_json":{"title":"Tera ''COYOTE'', k\u00e4sitsi sepistatud Rootsi teras Uddeholm \u201dElmax\u201d SuperClean - AAKnives","description":"Rootsi terasest Uddeholm ''Elmax'' SuperClean, liivapritsitud. Elmaxi nugade eesm\u00e4rk ei ole korrosioon. Vastupidav k\u00fclgkoormustele ja paindumistele","robots":{"index":"index","follow":"follow","max-snippet":"max-snippet:-1","max-image-preview":"max-image-preview:large","max-video-preview":"max-video-preview:-1"},"canonical":"https:\/\/aaknives.eu\/et\/product\/tera-coyote-kasitsi-sepistatud-rootsi-teras-uddeholm-elmax-superclean\/","og_locale":"et_EE","og_type":"article","og_title":"Tera ''COYOTE'', k\u00e4sitsi sepistatud Rootsi teras Uddeholm \u201dElmax\u201d SuperClean - AAKnives","og_description":"Rootsi terasest Uddeholm ''Elmax'' SuperClean, liivapritsitud. Elmaxi nugade eesm\u00e4rk ei ole korrosioon. Vastupidav k\u00fclgkoormustele ja paindumistele","og_url":"https:\/\/aaknives.eu\/et\/product\/tera-coyote-kasitsi-sepistatud-rootsi-teras-uddeholm-elmax-superclean\/","og_site_name":"AAKnives","article_publisher":"https:\/\/www.facebook.com\/aaknives.eu\/","article_modified_time":"2025-01-30T11:33:42+00:00","og_image":[{"width":1020,"height":880,"url":"https:\/\/aaknives.eu\/wp-content\/uploads\/2024\/11\/aaknives-hand-forged-dabascus-steel-blade-knife-handmade-custom-made-knife-handcrafted-knives-autinetools-northmen-48.jpg","type":"image\/jpeg"}],"twitter_card":"summary_large_image","twitter_misc":{"Est. reading time":"1 minut"},"schema":{"@context":"https:\/\/schema.org","@graph":[{"@type":"WebPage","@id":"https:\/\/aaknives.eu\/et\/product\/tera-coyote-kasitsi-sepistatud-rootsi-teras-uddeholm-elmax-superclean\/","url":"https:\/\/aaknives.eu\/et\/product\/tera-coyote-kasitsi-sepistatud-rootsi-teras-uddeholm-elmax-superclean\/","name":"Tera ''COYOTE'', k\u00e4sitsi sepistatud Rootsi teras Uddeholm \u201dElmax\u201d SuperClean - AAKnives","isPartOf":{"@id":"https:\/\/aaknives.eu\/et\/#website"},"primaryImageOfPage":{"@id":"https:\/\/aaknives.eu\/et\/product\/tera-coyote-kasitsi-sepistatud-rootsi-teras-uddeholm-elmax-superclean\/#primaryimage"},"image":{"@id":"https:\/\/aaknives.eu\/et\/product\/tera-coyote-kasitsi-sepistatud-rootsi-teras-uddeholm-elmax-superclean\/#primaryimage"},"thumbnailUrl":"https:\/\/aaknives.eu\/wp-content\/uploads\/2024\/11\/aaknives-hand-forged-dabascus-steel-blade-knife-handmade-custom-made-knife-handcrafted-knives-autinetools-northmen-48.jpg","datePublished":"2024-11-04T16:25:23+00:00","dateModified":"2025-01-30T11:33:42+00:00","description":"Rootsi terasest Uddeholm ''Elmax'' SuperClean, liivapritsitud. Elmaxi nugade eesm\u00e4rk ei ole korrosioon. Vastupidav k\u00fclgkoormustele ja paindumistele","breadcrumb":{"@id":"https:\/\/aaknives.eu\/et\/product\/tera-coyote-kasitsi-sepistatud-rootsi-teras-uddeholm-elmax-superclean\/#breadcrumb"},"inLanguage":"et","potentialAction":[{"@type":"ReadAction","target":["https:\/\/aaknives.eu\/et\/product\/tera-coyote-kasitsi-sepistatud-rootsi-teras-uddeholm-elmax-superclean\/"]}]},{"@type":"ImageObject","inLanguage":"et","@id":"https:\/\/aaknives.eu\/et\/product\/tera-coyote-kasitsi-sepistatud-rootsi-teras-uddeholm-elmax-superclean\/#primaryimage","url":"https:\/\/aaknives.eu\/wp-content\/uploads\/2024\/11\/aaknives-hand-forged-dabascus-steel-blade-knife-handmade-custom-made-knife-handcrafted-knives-autinetools-northmen-48.jpg","contentUrl":"https:\/\/aaknives.eu\/wp-content\/uploads\/2024\/11\/aaknives-hand-forged-dabascus-steel-blade-knife-handmade-custom-made-knife-handcrafted-knives-autinetools-northmen-48.jpg","width":1020,"height":880},{"@type":"BreadcrumbList","@id":"https:\/\/aaknives.eu\/et\/product\/tera-coyote-kasitsi-sepistatud-rootsi-teras-uddeholm-elmax-superclean\/#breadcrumb","itemListElement":[{"@type":"ListItem","position":1,"name":"Home","item":"https:\/\/aaknives.eu\/et\/kodu\/"},{"@type":"ListItem","position":2,"name":"Kauplus","item":"https:\/\/aaknives.eu\/et\/kauplus\/"},{"@type":"ListItem","position":3,"name":"Tera &#8221;COYOTE&#8221;, k\u00e4sitsi sepistatud Rootsi teras Uddeholm \u201dElmax\u201d SuperClean"}]},{"@type":"WebSite","@id":"https:\/\/aaknives.eu\/et\/#website","url":"https:\/\/aaknives.eu\/et\/","name":"AAKnives","description":"Handmade knives","publisher":{"@id":"https:\/\/aaknives.eu\/et\/#organization"},"potentialAction":[{"@type":"SearchAction","target":{"@type":"EntryPoint","urlTemplate":"https:\/\/aaknives.eu\/et\/?s={search_term_string}"},"query-input":{"@type":"PropertyValueSpecification","valueRequired":true,"valueName":"search_term_string"}}],"inLanguage":"et"},{"@type":"Organization","@id":"https:\/\/aaknives.eu\/et\/#organization","name":"AAKnives","url":"https:\/\/aaknives.eu\/et\/","logo":{"@type":"ImageObject","inLanguage":"et","@id":"https:\/\/aaknives.eu\/et\/#\/schema\/logo\/image\/","url":"https:\/\/aaknives.eu\/wp-content\/uploads\/2021\/10\/AAknives_Logo_Green.png","contentUrl":"https:\/\/aaknives.eu\/wp-content\/uploads\/2021\/10\/AAknives_Logo_Green.png","width":1768,"height":1768,"caption":"AAKnives"},"image":{"@id":"https:\/\/aaknives.eu\/et\/#\/schema\/logo\/image\/"},"sameAs":["https:\/\/www.facebook.com\/aaknives.eu\/","https:\/\/www.instagram.com\/aaknives\/","https:\/\/www.pinterest.com\/aa_knives\/","https:\/\/www.youtube.com\/channel\/UCHOQFjrOkgT6s4FIw9LDKyw\/featured"]}]}},"_links":{"self":[{"href":"https:\/\/aaknives.eu\/et\/wp-json\/wp\/v2\/product\/91680","targetHints":{"allow":["GET"]}}],"collection":[{"href":"https:\/\/aaknives.eu\/et\/wp-json\/wp\/v2\/product"}],"about":[{"href":"https:\/\/aaknives.eu\/et\/wp-json\/wp\/v2\/types\/product"}],"wp:featuredmedia":[{"embeddable":true,"href":"https:\/\/aaknives.eu\/et\/wp-json\/wp\/v2\/media\/91687"}],"wp:attachment":[{"href":"https:\/\/aaknives.eu\/et\/wp-json\/wp\/v2\/media?parent=91680"}],"wp:term":[{"taxonomy":"product_brand","embeddable":true,"href":"https:\/\/aaknives.eu\/et\/wp-json\/wp\/v2\/product_brand?post=91680"},{"taxonomy":"product_cat","embeddable":true,"href":"https:\/\/aaknives.eu\/et\/wp-json\/wp\/v2\/product_cat?post=91680"},{"taxonomy":"product_tag","embeddable":true,"href":"https:\/\/aaknives.eu\/et\/wp-json\/wp\/v2\/product_tag?post=91680"}],"curies":[{"name":"wp","href":"https:\/\/api.w.org\/{rel}","templated":true}]}}