{"id":91772,"date":"2024-11-04T17:43:17","date_gmt":"2024-11-04T17:43:17","guid":{"rendered":"https:\/\/aaknives.eu\/?post_type=product&#038;p=91772"},"modified":"2025-01-30T12:08:20","modified_gmt":"2025-01-30T12:08:20","slug":"tera-cobra-kasitsi-sepistatud-roostevabast-terasest-teraga-nuga","status":"publish","type":"product","link":"https:\/\/aaknives.eu\/et\/product\/tera-cobra-kasitsi-sepistatud-roostevabast-terasest-teraga-nuga\/","title":{"rendered":"Tera &#8221;COBRA&#8221; &#8211; k\u00e4sitsi sepistatud roostevabast terasest teraga nuga"},"content":{"rendered":"<p>Tera tehnilised andmed: COBRA<br \/>\nTeras: k\u00e4sitsi sepistatud roostevaba teras N695<br \/>\nK\u00f5vadus: 59 HRC<br \/>\nTera pikkus (mm): 146 \/ 5,76 tolli<br \/>\nTera paksus (mm): 3 \/ 0,11 tolli<br \/>\nTera laius (mm): 32 \/ 1,25 tolli<br \/>\nKogupikkus (mm): 238 \/ 9,37 tolli<\/p>\n<p>Kohandatud tera, k\u00e4sitsi valmistatud tera, k\u00e4sitsi sepistatud tera, k\u00e4sitsi sepistatud tera<\/p>\n","protected":false},"excerpt":{"rendered":"<p>Tera tehnilised andmed: COBRA Teras: k\u00e4sitsi sepistatud roostevaba teras N695 K\u00f5vadus: 59 HRC Tera pikkus (mm): 146 \/ 5,76 tolli Tera paksus (mm): 3 \/ 0,11 tolli Tera laius (mm): 32 \/ 1,25 tolli Kogupikkus (mm): 238 \/ 9,37 tolli Kohandatud tera, k\u00e4sitsi valmistatud tera, k\u00e4sitsi sepistatud tera, k\u00e4sitsi sepistatud tera<\/p>\n","protected":false},"featured_media":91779,"template":"","meta":{"_themeisle_gutenberg_block_has_review":false},"product_brand":[],"product_cat":[344],"product_tag":[],"class_list":{"0":"post-91772","1":"product","2":"type-product","3":"status-publish","4":"has-post-thumbnail","6":"product_cat-terad","8":"first","9":"instock","10":"shipping-taxable","11":"purchasable","12":"product-type-simple"},"yoast_head":"<!-- This site is optimized with the Yoast SEO plugin v27.3 - https:\/\/yoast.com\/product\/yoast-seo-wordpress\/ -->\n<title>Tera &#039;&#039;COBRA&#039;&#039; - k\u00e4sitsi sepistatud roostevabast terasest teraga nuga - AAKnives<\/title>\n<meta name=\"description\" content=\"Tera &#039;&#039;COBRA&#039;&#039; - k\u00e4sitsi sepistatud roostevabast terasest teraga nuga\" \/>\n<meta name=\"robots\" content=\"index, follow, max-snippet:-1, max-image-preview:large, max-video-preview:-1\" \/>\n<link rel=\"canonical\" href=\"https:\/\/aaknives.eu\/et\/product\/tera-cobra-kasitsi-sepistatud-roostevabast-terasest-teraga-nuga\/\" \/>\n<meta property=\"og:locale\" content=\"et_EE\" \/>\n<meta property=\"og:type\" content=\"article\" \/>\n<meta property=\"og:title\" content=\"Tera &#039;&#039;COBRA&#039;&#039; - k\u00e4sitsi sepistatud roostevabast terasest teraga nuga - AAKnives\" \/>\n<meta property=\"og:description\" content=\"Tera &#039;&#039;COBRA&#039;&#039; - k\u00e4sitsi sepistatud roostevabast terasest teraga nuga\" \/>\n<meta property=\"og:url\" content=\"https:\/\/aaknives.eu\/et\/product\/tera-cobra-kasitsi-sepistatud-roostevabast-terasest-teraga-nuga\/\" \/>\n<meta property=\"og:site_name\" content=\"AAKnives\" \/>\n<meta property=\"article:publisher\" content=\"https:\/\/www.facebook.com\/aaknives.eu\/\" \/>\n<meta property=\"article:modified_time\" content=\"2025-01-30T12:08:20+00:00\" \/>\n<meta property=\"og:image\" content=\"https:\/\/aaknives.eu\/wp-content\/uploads\/2024\/11\/aaknives-hand-forged-dabascus-steel-blade-knife-handmade-custom-made-knife-handcrafted-knives-autinetools-northmen-37.jpg\" \/>\n\t<meta property=\"og:image:width\" content=\"1020\" \/>\n\t<meta property=\"og:image:height\" content=\"880\" \/>\n\t<meta property=\"og:image:type\" content=\"image\/jpeg\" \/>\n<meta name=\"twitter:card\" content=\"summary_large_image\" \/>\n<script type=\"application\/ld+json\" class=\"yoast-schema-graph\">{\"@context\":\"https:\\\/\\\/schema.org\",\"@graph\":[{\"@type\":\"WebPage\",\"@id\":\"https:\\\/\\\/aaknives.eu\\\/et\\\/product\\\/tera-cobra-kasitsi-sepistatud-roostevabast-terasest-teraga-nuga\\\/\",\"url\":\"https:\\\/\\\/aaknives.eu\\\/et\\\/product\\\/tera-cobra-kasitsi-sepistatud-roostevabast-terasest-teraga-nuga\\\/\",\"name\":\"Tera ''COBRA'' - k\u00e4sitsi sepistatud roostevabast terasest teraga nuga - AAKnives\",\"isPartOf\":{\"@id\":\"https:\\\/\\\/aaknives.eu\\\/et\\\/#website\"},\"primaryImageOfPage\":{\"@id\":\"https:\\\/\\\/aaknives.eu\\\/et\\\/product\\\/tera-cobra-kasitsi-sepistatud-roostevabast-terasest-teraga-nuga\\\/#primaryimage\"},\"image\":{\"@id\":\"https:\\\/\\\/aaknives.eu\\\/et\\\/product\\\/tera-cobra-kasitsi-sepistatud-roostevabast-terasest-teraga-nuga\\\/#primaryimage\"},\"thumbnailUrl\":\"https:\\\/\\\/aaknives.eu\\\/wp-content\\\/uploads\\\/2024\\\/11\\\/aaknives-hand-forged-dabascus-steel-blade-knife-handmade-custom-made-knife-handcrafted-knives-autinetools-northmen-37.jpg\",\"datePublished\":\"2024-11-04T17:43:17+00:00\",\"dateModified\":\"2025-01-30T12:08:20+00:00\",\"description\":\"Tera ''COBRA'' - k\u00e4sitsi sepistatud roostevabast terasest teraga nuga\",\"breadcrumb\":{\"@id\":\"https:\\\/\\\/aaknives.eu\\\/et\\\/product\\\/tera-cobra-kasitsi-sepistatud-roostevabast-terasest-teraga-nuga\\\/#breadcrumb\"},\"inLanguage\":\"et\",\"potentialAction\":[{\"@type\":\"ReadAction\",\"target\":[\"https:\\\/\\\/aaknives.eu\\\/et\\\/product\\\/tera-cobra-kasitsi-sepistatud-roostevabast-terasest-teraga-nuga\\\/\"]}]},{\"@type\":\"ImageObject\",\"inLanguage\":\"et\",\"@id\":\"https:\\\/\\\/aaknives.eu\\\/et\\\/product\\\/tera-cobra-kasitsi-sepistatud-roostevabast-terasest-teraga-nuga\\\/#primaryimage\",\"url\":\"https:\\\/\\\/aaknives.eu\\\/wp-content\\\/uploads\\\/2024\\\/11\\\/aaknives-hand-forged-dabascus-steel-blade-knife-handmade-custom-made-knife-handcrafted-knives-autinetools-northmen-37.jpg\",\"contentUrl\":\"https:\\\/\\\/aaknives.eu\\\/wp-content\\\/uploads\\\/2024\\\/11\\\/aaknives-hand-forged-dabascus-steel-blade-knife-handmade-custom-made-knife-handcrafted-knives-autinetools-northmen-37.jpg\",\"width\":1020,\"height\":880},{\"@type\":\"BreadcrumbList\",\"@id\":\"https:\\\/\\\/aaknives.eu\\\/et\\\/product\\\/tera-cobra-kasitsi-sepistatud-roostevabast-terasest-teraga-nuga\\\/#breadcrumb\",\"itemListElement\":[{\"@type\":\"ListItem\",\"position\":1,\"name\":\"Home\",\"item\":\"https:\\\/\\\/aaknives.eu\\\/et\\\/kodu\\\/\"},{\"@type\":\"ListItem\",\"position\":2,\"name\":\"Kauplus\",\"item\":\"https:\\\/\\\/aaknives.eu\\\/et\\\/kauplus\\\/\"},{\"@type\":\"ListItem\",\"position\":3,\"name\":\"Tera &#8221;COBRA&#8221; &#8211; k\u00e4sitsi sepistatud roostevabast terasest teraga nuga\"}]},{\"@type\":\"WebSite\",\"@id\":\"https:\\\/\\\/aaknives.eu\\\/et\\\/#website\",\"url\":\"https:\\\/\\\/aaknives.eu\\\/et\\\/\",\"name\":\"AAKnives\",\"description\":\"Handmade knives\",\"publisher\":{\"@id\":\"https:\\\/\\\/aaknives.eu\\\/et\\\/#organization\"},\"potentialAction\":[{\"@type\":\"SearchAction\",\"target\":{\"@type\":\"EntryPoint\",\"urlTemplate\":\"https:\\\/\\\/aaknives.eu\\\/et\\\/?s={search_term_string}\"},\"query-input\":{\"@type\":\"PropertyValueSpecification\",\"valueRequired\":true,\"valueName\":\"search_term_string\"}}],\"inLanguage\":\"et\"},{\"@type\":\"Organization\",\"@id\":\"https:\\\/\\\/aaknives.eu\\\/et\\\/#organization\",\"name\":\"AAKnives\",\"url\":\"https:\\\/\\\/aaknives.eu\\\/et\\\/\",\"logo\":{\"@type\":\"ImageObject\",\"inLanguage\":\"et\",\"@id\":\"https:\\\/\\\/aaknives.eu\\\/et\\\/#\\\/schema\\\/logo\\\/image\\\/\",\"url\":\"https:\\\/\\\/aaknives.eu\\\/wp-content\\\/uploads\\\/2021\\\/10\\\/AAknives_Logo_Green.png\",\"contentUrl\":\"https:\\\/\\\/aaknives.eu\\\/wp-content\\\/uploads\\\/2021\\\/10\\\/AAknives_Logo_Green.png\",\"width\":1768,\"height\":1768,\"caption\":\"AAKnives\"},\"image\":{\"@id\":\"https:\\\/\\\/aaknives.eu\\\/et\\\/#\\\/schema\\\/logo\\\/image\\\/\"},\"sameAs\":[\"https:\\\/\\\/www.facebook.com\\\/aaknives.eu\\\/\",\"https:\\\/\\\/www.instagram.com\\\/aaknives\\\/\",\"https:\\\/\\\/www.pinterest.com\\\/aa_knives\\\/\",\"https:\\\/\\\/www.youtube.com\\\/channel\\\/UCHOQFjrOkgT6s4FIw9LDKyw\\\/featured\"]}]}<\/script>\n<!-- \/ Yoast SEO plugin. -->","yoast_head_json":{"title":"Tera ''COBRA'' - k\u00e4sitsi sepistatud roostevabast terasest teraga nuga - AAKnives","description":"Tera ''COBRA'' - k\u00e4sitsi sepistatud roostevabast terasest teraga nuga","robots":{"index":"index","follow":"follow","max-snippet":"max-snippet:-1","max-image-preview":"max-image-preview:large","max-video-preview":"max-video-preview:-1"},"canonical":"https:\/\/aaknives.eu\/et\/product\/tera-cobra-kasitsi-sepistatud-roostevabast-terasest-teraga-nuga\/","og_locale":"et_EE","og_type":"article","og_title":"Tera ''COBRA'' - k\u00e4sitsi sepistatud roostevabast terasest teraga nuga - AAKnives","og_description":"Tera ''COBRA'' - k\u00e4sitsi sepistatud roostevabast terasest teraga nuga","og_url":"https:\/\/aaknives.eu\/et\/product\/tera-cobra-kasitsi-sepistatud-roostevabast-terasest-teraga-nuga\/","og_site_name":"AAKnives","article_publisher":"https:\/\/www.facebook.com\/aaknives.eu\/","article_modified_time":"2025-01-30T12:08:20+00:00","og_image":[{"width":1020,"height":880,"url":"https:\/\/aaknives.eu\/wp-content\/uploads\/2024\/11\/aaknives-hand-forged-dabascus-steel-blade-knife-handmade-custom-made-knife-handcrafted-knives-autinetools-northmen-37.jpg","type":"image\/jpeg"}],"twitter_card":"summary_large_image","schema":{"@context":"https:\/\/schema.org","@graph":[{"@type":"WebPage","@id":"https:\/\/aaknives.eu\/et\/product\/tera-cobra-kasitsi-sepistatud-roostevabast-terasest-teraga-nuga\/","url":"https:\/\/aaknives.eu\/et\/product\/tera-cobra-kasitsi-sepistatud-roostevabast-terasest-teraga-nuga\/","name":"Tera ''COBRA'' - k\u00e4sitsi sepistatud roostevabast terasest teraga nuga - AAKnives","isPartOf":{"@id":"https:\/\/aaknives.eu\/et\/#website"},"primaryImageOfPage":{"@id":"https:\/\/aaknives.eu\/et\/product\/tera-cobra-kasitsi-sepistatud-roostevabast-terasest-teraga-nuga\/#primaryimage"},"image":{"@id":"https:\/\/aaknives.eu\/et\/product\/tera-cobra-kasitsi-sepistatud-roostevabast-terasest-teraga-nuga\/#primaryimage"},"thumbnailUrl":"https:\/\/aaknives.eu\/wp-content\/uploads\/2024\/11\/aaknives-hand-forged-dabascus-steel-blade-knife-handmade-custom-made-knife-handcrafted-knives-autinetools-northmen-37.jpg","datePublished":"2024-11-04T17:43:17+00:00","dateModified":"2025-01-30T12:08:20+00:00","description":"Tera ''COBRA'' - k\u00e4sitsi sepistatud roostevabast terasest teraga nuga","breadcrumb":{"@id":"https:\/\/aaknives.eu\/et\/product\/tera-cobra-kasitsi-sepistatud-roostevabast-terasest-teraga-nuga\/#breadcrumb"},"inLanguage":"et","potentialAction":[{"@type":"ReadAction","target":["https:\/\/aaknives.eu\/et\/product\/tera-cobra-kasitsi-sepistatud-roostevabast-terasest-teraga-nuga\/"]}]},{"@type":"ImageObject","inLanguage":"et","@id":"https:\/\/aaknives.eu\/et\/product\/tera-cobra-kasitsi-sepistatud-roostevabast-terasest-teraga-nuga\/#primaryimage","url":"https:\/\/aaknives.eu\/wp-content\/uploads\/2024\/11\/aaknives-hand-forged-dabascus-steel-blade-knife-handmade-custom-made-knife-handcrafted-knives-autinetools-northmen-37.jpg","contentUrl":"https:\/\/aaknives.eu\/wp-content\/uploads\/2024\/11\/aaknives-hand-forged-dabascus-steel-blade-knife-handmade-custom-made-knife-handcrafted-knives-autinetools-northmen-37.jpg","width":1020,"height":880},{"@type":"BreadcrumbList","@id":"https:\/\/aaknives.eu\/et\/product\/tera-cobra-kasitsi-sepistatud-roostevabast-terasest-teraga-nuga\/#breadcrumb","itemListElement":[{"@type":"ListItem","position":1,"name":"Home","item":"https:\/\/aaknives.eu\/et\/kodu\/"},{"@type":"ListItem","position":2,"name":"Kauplus","item":"https:\/\/aaknives.eu\/et\/kauplus\/"},{"@type":"ListItem","position":3,"name":"Tera &#8221;COBRA&#8221; &#8211; k\u00e4sitsi sepistatud roostevabast terasest teraga nuga"}]},{"@type":"WebSite","@id":"https:\/\/aaknives.eu\/et\/#website","url":"https:\/\/aaknives.eu\/et\/","name":"AAKnives","description":"Handmade knives","publisher":{"@id":"https:\/\/aaknives.eu\/et\/#organization"},"potentialAction":[{"@type":"SearchAction","target":{"@type":"EntryPoint","urlTemplate":"https:\/\/aaknives.eu\/et\/?s={search_term_string}"},"query-input":{"@type":"PropertyValueSpecification","valueRequired":true,"valueName":"search_term_string"}}],"inLanguage":"et"},{"@type":"Organization","@id":"https:\/\/aaknives.eu\/et\/#organization","name":"AAKnives","url":"https:\/\/aaknives.eu\/et\/","logo":{"@type":"ImageObject","inLanguage":"et","@id":"https:\/\/aaknives.eu\/et\/#\/schema\/logo\/image\/","url":"https:\/\/aaknives.eu\/wp-content\/uploads\/2021\/10\/AAknives_Logo_Green.png","contentUrl":"https:\/\/aaknives.eu\/wp-content\/uploads\/2021\/10\/AAknives_Logo_Green.png","width":1768,"height":1768,"caption":"AAKnives"},"image":{"@id":"https:\/\/aaknives.eu\/et\/#\/schema\/logo\/image\/"},"sameAs":["https:\/\/www.facebook.com\/aaknives.eu\/","https:\/\/www.instagram.com\/aaknives\/","https:\/\/www.pinterest.com\/aa_knives\/","https:\/\/www.youtube.com\/channel\/UCHOQFjrOkgT6s4FIw9LDKyw\/featured"]}]}},"_links":{"self":[{"href":"https:\/\/aaknives.eu\/et\/wp-json\/wp\/v2\/product\/91772","targetHints":{"allow":["GET"]}}],"collection":[{"href":"https:\/\/aaknives.eu\/et\/wp-json\/wp\/v2\/product"}],"about":[{"href":"https:\/\/aaknives.eu\/et\/wp-json\/wp\/v2\/types\/product"}],"wp:featuredmedia":[{"embeddable":true,"href":"https:\/\/aaknives.eu\/et\/wp-json\/wp\/v2\/media\/91779"}],"wp:attachment":[{"href":"https:\/\/aaknives.eu\/et\/wp-json\/wp\/v2\/media?parent=91772"}],"wp:term":[{"taxonomy":"product_brand","embeddable":true,"href":"https:\/\/aaknives.eu\/et\/wp-json\/wp\/v2\/product_brand?post=91772"},{"taxonomy":"product_cat","embeddable":true,"href":"https:\/\/aaknives.eu\/et\/wp-json\/wp\/v2\/product_cat?post=91772"},{"taxonomy":"product_tag","embeddable":true,"href":"https:\/\/aaknives.eu\/et\/wp-json\/wp\/v2\/product_tag?post=91772"}],"curies":[{"name":"wp","href":"https:\/\/api.w.org\/{rel}","templated":true}]}}