{"id":91836,"date":"2024-11-04T18:26:10","date_gmt":"2024-11-04T18:26:10","guid":{"rendered":"https:\/\/aaknives.eu\/?post_type=product&#038;p=91836"},"modified":"2025-01-30T12:46:29","modified_gmt":"2025-01-30T12:46:29","slug":"tera-highlander-steel-bohler-m390-microclean","status":"publish","type":"product","link":"https:\/\/aaknives.eu\/et\/product\/tera-highlander-steel-bohler-m390-microclean\/","title":{"rendered":"Tera &#8221;HIGHLANDER&#8221;, Steel B\u00d6HLER&#8221; M390&#8243; MicroClean"},"content":{"rendered":"<p>Tera tehnilised andmed: &#8221;HIGHLANDER&#8221;<br \/>\nTeras: Steel B\u00d6HLER\u201d M390\u201d MicroClean<br \/>\nK\u00f5vadus: 62-63 HRC<br \/>\nTera pikkus (mm): 124 \/ 4,88 tolli<br \/>\nTera paksus (mm): 3 \/ 0,11 tolli<br \/>\nTera laius (mm): 33 \/ 1,29 Inc<br \/>\nKogupikkus (mm): 193 \/ 7,59 tolli<br \/>\nNoa t\u00fc\u00fcp: jahindus, \u00f5ues<\/p>\n<p>B\u00f6hler M390 on hetkel \u00fcks populaarsemaid teraseliike. Seda kiidetakse suurep\u00e4rase teravuse s\u00e4ilitamise eest<\/p>\n<p>Miks on B\u00f6hler M390 nii populaarne \u2013 teravuse s\u00e4ilitamine. M390 on nii kulumis- ja rebenemiskindel, et hoiab korralikult ka serva kuju. Sellisena s\u00e4ilitab M390 terasest nuga oma teravuse v\u00e4ga pikka aega. See t\u00e4hendab, et te ei pea oma nuga nii sageli teritama. Suurep\u00e4rane mitte ainult sellep\u00e4rast, et noa teritamine v\u00f5tab aega, vaid ka seet\u00f5ttu, et see t\u00e4hendab, et teie nuga kestab kauem.<\/p>\n<p>Lisaks teravuse s\u00e4ilitamisele on M390-l veel m\u00f5ned head omadused. Seda saab karastada suhteliselt suure k\u00f5vadusega, ilma et see kiiresti puruneks. See aga ei t\u00e4henda, et M390 v\u00e4ga karm oleks. See t\u00e4hendab, et M390 saab teiste teraset\u00fc\u00fcpidega v\u00f5rreldes veidi \u00f5hemaks teritada.<\/p>\n<p>M390 on ka suhteliselt roostevaba. Suure hulga kroomirooste t\u00f5ttu pole sellel v\u00f5imalust. Eriti v\u00f5rreldes teiste k\u00f5vade teraset\u00fc\u00fcpidega, mis on tuntud oma teravuse s\u00e4ilitamise poolest, kuid mida v\u00f5ib siiski m\u00f5jutada rooste.<\/p>\n","protected":false},"excerpt":{"rendered":"<p>Tera tehnilised andmed: &#8221;HIGHLANDER&#8221; Teras: Steel B\u00d6HLER\u201d M390\u201d MicroClean K\u00f5vadus: 62-63 HRC Tera pikkus (mm): 124 \/ 4,88 tolli Tera paksus (mm): 3 \/ 0,11 tolli Tera laius (mm): 33 \/ 1,29 Inc Kogupikkus (mm): 193 \/ 7,59 tolli Noa t\u00fc\u00fcp: jahindus, \u00f5ues B\u00f6hler M390 on hetkel \u00fcks populaarsemaid teraseliike. Seda kiidetakse suurep\u00e4rase teravuse s\u00e4ilitamise eest Miks on B\u00f6hler M390 nii populaarne \u2013 teravuse s\u00e4ilitamine. M390 on nii kulumis- ja rebenemiskindel, et hoiab korralikult ka serva kuju. Sellisena s\u00e4ilitab M390 terasest nuga oma teravuse v\u00e4ga pikka aega. See t\u00e4hendab, et te ei pea oma nuga nii sageli teritama. Suurep\u00e4rane mitte&hellip;<\/p>\n","protected":false},"featured_media":91843,"template":"","meta":{"_themeisle_gutenberg_block_has_review":false},"product_brand":[],"product_cat":[344],"product_tag":[],"class_list":{"0":"post-91836","1":"product","2":"type-product","3":"status-publish","4":"has-post-thumbnail","6":"product_cat-terad","8":"first","9":"instock","10":"shipping-taxable","11":"purchasable","12":"product-type-simple"},"yoast_head":"<!-- This site is optimized with the Yoast SEO plugin v27.3 - https:\/\/yoast.com\/product\/yoast-seo-wordpress\/ -->\n<title>Tera &#039;&#039;HIGHLANDER&quot;, Steel B\u00d6HLER&quot; M390&quot; MicroClean - AAKnives<\/title>\n<meta name=\"description\" content=\"Tera &#039;&#039;HIGHLANDER&quot;, Steel B\u00d6HLER&quot; M390&quot; MicroClean\" \/>\n<meta name=\"robots\" content=\"index, follow, max-snippet:-1, max-image-preview:large, max-video-preview:-1\" \/>\n<link rel=\"canonical\" href=\"https:\/\/aaknives.eu\/et\/product\/tera-highlander-steel-bohler-m390-microclean\/\" \/>\n<meta property=\"og:locale\" content=\"et_EE\" \/>\n<meta property=\"og:type\" content=\"article\" \/>\n<meta property=\"og:title\" content=\"Tera &#039;&#039;HIGHLANDER&quot;, Steel B\u00d6HLER&quot; M390&quot; MicroClean - AAKnives\" \/>\n<meta property=\"og:description\" content=\"Tera &#039;&#039;HIGHLANDER&quot;, Steel B\u00d6HLER&quot; M390&quot; MicroClean\" \/>\n<meta property=\"og:url\" content=\"https:\/\/aaknives.eu\/et\/product\/tera-highlander-steel-bohler-m390-microclean\/\" \/>\n<meta property=\"og:site_name\" content=\"AAKnives\" \/>\n<meta property=\"article:publisher\" content=\"https:\/\/www.facebook.com\/aaknives.eu\/\" \/>\n<meta property=\"article:modified_time\" content=\"2025-01-30T12:46:29+00:00\" \/>\n<meta property=\"og:image\" content=\"https:\/\/aaknives.eu\/wp-content\/uploads\/2024\/11\/aaknives-hand-forged-dabascus-steel-blade-knife-handmade-custom-made-knife-handcrafted-knives-autinetools-northmen-40.jpg\" \/>\n\t<meta property=\"og:image:width\" content=\"1020\" \/>\n\t<meta property=\"og:image:height\" content=\"880\" \/>\n\t<meta property=\"og:image:type\" content=\"image\/jpeg\" \/>\n<meta name=\"twitter:card\" content=\"summary_large_image\" \/>\n<meta name=\"twitter:label1\" content=\"Est. reading time\" \/>\n\t<meta name=\"twitter:data1\" content=\"1 minut\" \/>\n<script type=\"application\/ld+json\" class=\"yoast-schema-graph\">{\"@context\":\"https:\\\/\\\/schema.org\",\"@graph\":[{\"@type\":\"WebPage\",\"@id\":\"https:\\\/\\\/aaknives.eu\\\/et\\\/product\\\/tera-highlander-steel-bohler-m390-microclean\\\/\",\"url\":\"https:\\\/\\\/aaknives.eu\\\/et\\\/product\\\/tera-highlander-steel-bohler-m390-microclean\\\/\",\"name\":\"Tera ''HIGHLANDER\\\", Steel B\u00d6HLER\\\" M390\\\" MicroClean - AAKnives\",\"isPartOf\":{\"@id\":\"https:\\\/\\\/aaknives.eu\\\/et\\\/#website\"},\"primaryImageOfPage\":{\"@id\":\"https:\\\/\\\/aaknives.eu\\\/et\\\/product\\\/tera-highlander-steel-bohler-m390-microclean\\\/#primaryimage\"},\"image\":{\"@id\":\"https:\\\/\\\/aaknives.eu\\\/et\\\/product\\\/tera-highlander-steel-bohler-m390-microclean\\\/#primaryimage\"},\"thumbnailUrl\":\"https:\\\/\\\/aaknives.eu\\\/wp-content\\\/uploads\\\/2024\\\/11\\\/aaknives-hand-forged-dabascus-steel-blade-knife-handmade-custom-made-knife-handcrafted-knives-autinetools-northmen-40.jpg\",\"datePublished\":\"2024-11-04T18:26:10+00:00\",\"dateModified\":\"2025-01-30T12:46:29+00:00\",\"description\":\"Tera ''HIGHLANDER\\\", Steel B\u00d6HLER\\\" M390\\\" MicroClean\",\"breadcrumb\":{\"@id\":\"https:\\\/\\\/aaknives.eu\\\/et\\\/product\\\/tera-highlander-steel-bohler-m390-microclean\\\/#breadcrumb\"},\"inLanguage\":\"et\",\"potentialAction\":[{\"@type\":\"ReadAction\",\"target\":[\"https:\\\/\\\/aaknives.eu\\\/et\\\/product\\\/tera-highlander-steel-bohler-m390-microclean\\\/\"]}]},{\"@type\":\"ImageObject\",\"inLanguage\":\"et\",\"@id\":\"https:\\\/\\\/aaknives.eu\\\/et\\\/product\\\/tera-highlander-steel-bohler-m390-microclean\\\/#primaryimage\",\"url\":\"https:\\\/\\\/aaknives.eu\\\/wp-content\\\/uploads\\\/2024\\\/11\\\/aaknives-hand-forged-dabascus-steel-blade-knife-handmade-custom-made-knife-handcrafted-knives-autinetools-northmen-40.jpg\",\"contentUrl\":\"https:\\\/\\\/aaknives.eu\\\/wp-content\\\/uploads\\\/2024\\\/11\\\/aaknives-hand-forged-dabascus-steel-blade-knife-handmade-custom-made-knife-handcrafted-knives-autinetools-northmen-40.jpg\",\"width\":1020,\"height\":880},{\"@type\":\"BreadcrumbList\",\"@id\":\"https:\\\/\\\/aaknives.eu\\\/et\\\/product\\\/tera-highlander-steel-bohler-m390-microclean\\\/#breadcrumb\",\"itemListElement\":[{\"@type\":\"ListItem\",\"position\":1,\"name\":\"Home\",\"item\":\"https:\\\/\\\/aaknives.eu\\\/et\\\/kodu\\\/\"},{\"@type\":\"ListItem\",\"position\":2,\"name\":\"Kauplus\",\"item\":\"https:\\\/\\\/aaknives.eu\\\/et\\\/kauplus\\\/\"},{\"@type\":\"ListItem\",\"position\":3,\"name\":\"Tera &#8221;HIGHLANDER&#8221;, Steel B\u00d6HLER&#8221; M390&#8243; MicroClean\"}]},{\"@type\":\"WebSite\",\"@id\":\"https:\\\/\\\/aaknives.eu\\\/et\\\/#website\",\"url\":\"https:\\\/\\\/aaknives.eu\\\/et\\\/\",\"name\":\"AAKnives\",\"description\":\"Handmade knives\",\"publisher\":{\"@id\":\"https:\\\/\\\/aaknives.eu\\\/et\\\/#organization\"},\"potentialAction\":[{\"@type\":\"SearchAction\",\"target\":{\"@type\":\"EntryPoint\",\"urlTemplate\":\"https:\\\/\\\/aaknives.eu\\\/et\\\/?s={search_term_string}\"},\"query-input\":{\"@type\":\"PropertyValueSpecification\",\"valueRequired\":true,\"valueName\":\"search_term_string\"}}],\"inLanguage\":\"et\"},{\"@type\":\"Organization\",\"@id\":\"https:\\\/\\\/aaknives.eu\\\/et\\\/#organization\",\"name\":\"AAKnives\",\"url\":\"https:\\\/\\\/aaknives.eu\\\/et\\\/\",\"logo\":{\"@type\":\"ImageObject\",\"inLanguage\":\"et\",\"@id\":\"https:\\\/\\\/aaknives.eu\\\/et\\\/#\\\/schema\\\/logo\\\/image\\\/\",\"url\":\"https:\\\/\\\/aaknives.eu\\\/wp-content\\\/uploads\\\/2021\\\/10\\\/AAknives_Logo_Green.png\",\"contentUrl\":\"https:\\\/\\\/aaknives.eu\\\/wp-content\\\/uploads\\\/2021\\\/10\\\/AAknives_Logo_Green.png\",\"width\":1768,\"height\":1768,\"caption\":\"AAKnives\"},\"image\":{\"@id\":\"https:\\\/\\\/aaknives.eu\\\/et\\\/#\\\/schema\\\/logo\\\/image\\\/\"},\"sameAs\":[\"https:\\\/\\\/www.facebook.com\\\/aaknives.eu\\\/\",\"https:\\\/\\\/www.instagram.com\\\/aaknives\\\/\",\"https:\\\/\\\/www.pinterest.com\\\/aa_knives\\\/\",\"https:\\\/\\\/www.youtube.com\\\/channel\\\/UCHOQFjrOkgT6s4FIw9LDKyw\\\/featured\"]}]}<\/script>\n<!-- \/ Yoast SEO plugin. -->","yoast_head_json":{"title":"Tera ''HIGHLANDER\", Steel B\u00d6HLER\" M390\" MicroClean - AAKnives","description":"Tera ''HIGHLANDER\", Steel B\u00d6HLER\" M390\" MicroClean","robots":{"index":"index","follow":"follow","max-snippet":"max-snippet:-1","max-image-preview":"max-image-preview:large","max-video-preview":"max-video-preview:-1"},"canonical":"https:\/\/aaknives.eu\/et\/product\/tera-highlander-steel-bohler-m390-microclean\/","og_locale":"et_EE","og_type":"article","og_title":"Tera ''HIGHLANDER\", Steel B\u00d6HLER\" M390\" MicroClean - AAKnives","og_description":"Tera ''HIGHLANDER\", Steel B\u00d6HLER\" M390\" MicroClean","og_url":"https:\/\/aaknives.eu\/et\/product\/tera-highlander-steel-bohler-m390-microclean\/","og_site_name":"AAKnives","article_publisher":"https:\/\/www.facebook.com\/aaknives.eu\/","article_modified_time":"2025-01-30T12:46:29+00:00","og_image":[{"width":1020,"height":880,"url":"https:\/\/aaknives.eu\/wp-content\/uploads\/2024\/11\/aaknives-hand-forged-dabascus-steel-blade-knife-handmade-custom-made-knife-handcrafted-knives-autinetools-northmen-40.jpg","type":"image\/jpeg"}],"twitter_card":"summary_large_image","twitter_misc":{"Est. reading time":"1 minut"},"schema":{"@context":"https:\/\/schema.org","@graph":[{"@type":"WebPage","@id":"https:\/\/aaknives.eu\/et\/product\/tera-highlander-steel-bohler-m390-microclean\/","url":"https:\/\/aaknives.eu\/et\/product\/tera-highlander-steel-bohler-m390-microclean\/","name":"Tera ''HIGHLANDER\", Steel B\u00d6HLER\" M390\" MicroClean - AAKnives","isPartOf":{"@id":"https:\/\/aaknives.eu\/et\/#website"},"primaryImageOfPage":{"@id":"https:\/\/aaknives.eu\/et\/product\/tera-highlander-steel-bohler-m390-microclean\/#primaryimage"},"image":{"@id":"https:\/\/aaknives.eu\/et\/product\/tera-highlander-steel-bohler-m390-microclean\/#primaryimage"},"thumbnailUrl":"https:\/\/aaknives.eu\/wp-content\/uploads\/2024\/11\/aaknives-hand-forged-dabascus-steel-blade-knife-handmade-custom-made-knife-handcrafted-knives-autinetools-northmen-40.jpg","datePublished":"2024-11-04T18:26:10+00:00","dateModified":"2025-01-30T12:46:29+00:00","description":"Tera ''HIGHLANDER\", Steel B\u00d6HLER\" M390\" MicroClean","breadcrumb":{"@id":"https:\/\/aaknives.eu\/et\/product\/tera-highlander-steel-bohler-m390-microclean\/#breadcrumb"},"inLanguage":"et","potentialAction":[{"@type":"ReadAction","target":["https:\/\/aaknives.eu\/et\/product\/tera-highlander-steel-bohler-m390-microclean\/"]}]},{"@type":"ImageObject","inLanguage":"et","@id":"https:\/\/aaknives.eu\/et\/product\/tera-highlander-steel-bohler-m390-microclean\/#primaryimage","url":"https:\/\/aaknives.eu\/wp-content\/uploads\/2024\/11\/aaknives-hand-forged-dabascus-steel-blade-knife-handmade-custom-made-knife-handcrafted-knives-autinetools-northmen-40.jpg","contentUrl":"https:\/\/aaknives.eu\/wp-content\/uploads\/2024\/11\/aaknives-hand-forged-dabascus-steel-blade-knife-handmade-custom-made-knife-handcrafted-knives-autinetools-northmen-40.jpg","width":1020,"height":880},{"@type":"BreadcrumbList","@id":"https:\/\/aaknives.eu\/et\/product\/tera-highlander-steel-bohler-m390-microclean\/#breadcrumb","itemListElement":[{"@type":"ListItem","position":1,"name":"Home","item":"https:\/\/aaknives.eu\/et\/kodu\/"},{"@type":"ListItem","position":2,"name":"Kauplus","item":"https:\/\/aaknives.eu\/et\/kauplus\/"},{"@type":"ListItem","position":3,"name":"Tera &#8221;HIGHLANDER&#8221;, Steel B\u00d6HLER&#8221; M390&#8243; MicroClean"}]},{"@type":"WebSite","@id":"https:\/\/aaknives.eu\/et\/#website","url":"https:\/\/aaknives.eu\/et\/","name":"AAKnives","description":"Handmade knives","publisher":{"@id":"https:\/\/aaknives.eu\/et\/#organization"},"potentialAction":[{"@type":"SearchAction","target":{"@type":"EntryPoint","urlTemplate":"https:\/\/aaknives.eu\/et\/?s={search_term_string}"},"query-input":{"@type":"PropertyValueSpecification","valueRequired":true,"valueName":"search_term_string"}}],"inLanguage":"et"},{"@type":"Organization","@id":"https:\/\/aaknives.eu\/et\/#organization","name":"AAKnives","url":"https:\/\/aaknives.eu\/et\/","logo":{"@type":"ImageObject","inLanguage":"et","@id":"https:\/\/aaknives.eu\/et\/#\/schema\/logo\/image\/","url":"https:\/\/aaknives.eu\/wp-content\/uploads\/2021\/10\/AAknives_Logo_Green.png","contentUrl":"https:\/\/aaknives.eu\/wp-content\/uploads\/2021\/10\/AAknives_Logo_Green.png","width":1768,"height":1768,"caption":"AAKnives"},"image":{"@id":"https:\/\/aaknives.eu\/et\/#\/schema\/logo\/image\/"},"sameAs":["https:\/\/www.facebook.com\/aaknives.eu\/","https:\/\/www.instagram.com\/aaknives\/","https:\/\/www.pinterest.com\/aa_knives\/","https:\/\/www.youtube.com\/channel\/UCHOQFjrOkgT6s4FIw9LDKyw\/featured"]}]}},"_links":{"self":[{"href":"https:\/\/aaknives.eu\/et\/wp-json\/wp\/v2\/product\/91836","targetHints":{"allow":["GET"]}}],"collection":[{"href":"https:\/\/aaknives.eu\/et\/wp-json\/wp\/v2\/product"}],"about":[{"href":"https:\/\/aaknives.eu\/et\/wp-json\/wp\/v2\/types\/product"}],"wp:featuredmedia":[{"embeddable":true,"href":"https:\/\/aaknives.eu\/et\/wp-json\/wp\/v2\/media\/91843"}],"wp:attachment":[{"href":"https:\/\/aaknives.eu\/et\/wp-json\/wp\/v2\/media?parent=91836"}],"wp:term":[{"taxonomy":"product_brand","embeddable":true,"href":"https:\/\/aaknives.eu\/et\/wp-json\/wp\/v2\/product_brand?post=91836"},{"taxonomy":"product_cat","embeddable":true,"href":"https:\/\/aaknives.eu\/et\/wp-json\/wp\/v2\/product_cat?post=91836"},{"taxonomy":"product_tag","embeddable":true,"href":"https:\/\/aaknives.eu\/et\/wp-json\/wp\/v2\/product_tag?post=91836"}],"curies":[{"name":"wp","href":"https:\/\/api.w.org\/{rel}","templated":true}]}}