{"id":91864,"date":"2024-11-04T18:42:11","date_gmt":"2024-11-04T18:42:11","guid":{"rendered":"https:\/\/aaknives.eu\/?post_type=product&#038;p=91864"},"modified":"2025-01-29T10:17:49","modified_gmt":"2025-01-29T10:17:49","slug":"tera-scandinavian-teras-bohler-m390-microclean-tera-scandinavian-teras-bohler-m390-microclean","status":"publish","type":"product","link":"https:\/\/aaknives.eu\/et\/product\/tera-scandinavian-teras-bohler-m390-microclean-tera-scandinavian-teras-bohler-m390-microclean\/","title":{"rendered":"Tera &#8221;SCANDINAVIAN&#8221;, teras B\u00d6HLER&#8221; M390&#8243; MicroClean, tera &#8221;SCANDINAVIAN&#8221;, teras B\u00d6HLER&#8221; M390&#8243; MicroClean"},"content":{"rendered":"<p>Tera spetsifikatsioonid:<br \/>\n Teras: Teras: B\u00d6HLER&#8221; M390&#8243; MicroClean<br \/>\nK\u00f5vadus: 62-63 HRC<br \/>\nTera pikkus (mm):<br \/>\n Tera paksus (mm):<br \/>\n Tera laius (mm):<br \/>\n \u00dcldpikkus (mm):<br \/>\n Nugade t\u00fc\u00fcp: jahindus, v\u00e4litingimustes kasutamiseks<\/p>\n<p>B\u00f6hler M390 on praegu \u00fcks populaarsemaid teraset\u00fc\u00fcpe. Seda kiidetakse selle suurep\u00e4rase teravuse s\u00e4ilitamise eest.<\/p>\n<p>Miks on B\u00f6hler M390 nii populaarne &#8211; teravuse s\u00e4ilitamine. M390 on nii kulumiskindel, et see s\u00e4ilitab korralikult ka serva kuju. Seega s\u00e4ilitab M390 terasest valmistatud nuga oma teravuse v\u00e4ga kaua. See t\u00e4hendab, et te ei pea nuga nii tihti teritama. See ei ole suurep\u00e4rane mitte ainult sellep\u00e4rast, et noa teritamine v\u00f5tab aega, vaid ka sellep\u00e4rast, et see t\u00e4hendab, et teie nuga kestab kauem.<\/p>\n<p>Lisaks teravuse s\u00e4ilitamisele on M390-l veel m\u00f5ned muud head omadused. Seda saab karastada suhteliselt suure k\u00f5vaduseni, ilma et see kiiresti puruneks. See aga ei t\u00e4henda, et M390 oleks v\u00e4ga k\u00f5va. See t\u00e4hendab, et M390 terast saab v\u00f5rreldes teiste teraset\u00fc\u00fcpidega teritada veidi \u00f5hemaks.<\/p>\n<p>M390 on samuti suhteliselt roostevaba. Suure hulga kroomi t\u00f5ttu ei ole roostel mingit v\u00f5imalust. Eriti kui v\u00f5rrelda seda teiste k\u00f5vade teraset\u00fc\u00fcpidega, mis on tuntud oma teravuse s\u00e4ilitamise poolest, kuid mida v\u00f5ib siiski m\u00f5jutada rooste.<\/p>\n","protected":false},"excerpt":{"rendered":"<p>Tera spetsifikatsioonid: Teras: Teras: B\u00d6HLER&#8221; M390&#8243; MicroClean K\u00f5vadus: 62-63 HRC Tera pikkus (mm): Tera paksus (mm): Tera laius (mm): \u00dcldpikkus (mm): Nugade t\u00fc\u00fcp: jahindus, v\u00e4litingimustes kasutamiseks B\u00f6hler M390 on praegu \u00fcks populaarsemaid teraset\u00fc\u00fcpe. Seda kiidetakse selle suurep\u00e4rase teravuse s\u00e4ilitamise eest. Miks on B\u00f6hler M390 nii populaarne &#8211; teravuse s\u00e4ilitamine. M390 on nii kulumiskindel, et see s\u00e4ilitab korralikult ka serva kuju. Seega s\u00e4ilitab M390 terasest valmistatud nuga oma teravuse v\u00e4ga kaua. See t\u00e4hendab, et te ei pea nuga nii tihti teritama. See ei ole suurep\u00e4rane mitte ainult sellep\u00e4rast, et noa teritamine v\u00f5tab aega, vaid ka sellep\u00e4rast, et see t\u00e4hendab, et teie&hellip;<\/p>\n","protected":false},"featured_media":91871,"template":"","meta":{"_themeisle_gutenberg_block_has_review":false},"product_brand":[],"product_cat":[344],"product_tag":[],"class_list":{"0":"post-91864","1":"product","2":"type-product","3":"status-publish","4":"has-post-thumbnail","6":"product_cat-terad","8":"first","9":"instock","10":"shipping-taxable","11":"purchasable","12":"product-type-simple"},"yoast_head":"<!-- This site is optimized with the Yoast SEO plugin v27.3 - https:\/\/yoast.com\/product\/yoast-seo-wordpress\/ -->\n<title>Tera &#039;&#039;SCANDINAVIAN&quot;, teras B\u00d6HLER&quot; M390&quot; MicroClean, tera &#039;&#039;SCANDINAVIAN&#039;&#039;, teras B\u00d6HLER&quot; M390&quot; MicroClean - AAKnives<\/title>\n<meta name=\"description\" content=\"Tera&#039;&#039;SCANDINAVIAN&quot;, teras B\u00d6HLER&quot; M390&quot; MicroClean&quot; tera&#039;&#039;SCANDINAVIAN&quot;, teras B\u00d6HLER&quot; M390&quot; MicroClean\" \/>\n<meta name=\"robots\" content=\"index, follow, max-snippet:-1, max-image-preview:large, max-video-preview:-1\" \/>\n<link rel=\"canonical\" href=\"https:\/\/aaknives.eu\/et\/product\/tera-scandinavian-teras-bohler-m390-microclean-tera-scandinavian-teras-bohler-m390-microclean\/\" \/>\n<meta property=\"og:locale\" content=\"et_EE\" \/>\n<meta property=\"og:type\" content=\"article\" \/>\n<meta property=\"og:title\" content=\"Tera &#039;&#039;SCANDINAVIAN&quot;, teras B\u00d6HLER&quot; M390&quot; MicroClean, tera &#039;&#039;SCANDINAVIAN&#039;&#039;, teras B\u00d6HLER&quot; M390&quot; MicroClean - AAKnives\" \/>\n<meta property=\"og:description\" content=\"Tera&#039;&#039;SCANDINAVIAN&quot;, teras B\u00d6HLER&quot; M390&quot; MicroClean&quot; tera&#039;&#039;SCANDINAVIAN&quot;, teras B\u00d6HLER&quot; M390&quot; MicroClean\" \/>\n<meta property=\"og:url\" content=\"https:\/\/aaknives.eu\/et\/product\/tera-scandinavian-teras-bohler-m390-microclean-tera-scandinavian-teras-bohler-m390-microclean\/\" \/>\n<meta property=\"og:site_name\" content=\"AAKnives\" \/>\n<meta property=\"article:publisher\" content=\"https:\/\/www.facebook.com\/aaknives.eu\/\" \/>\n<meta property=\"article:modified_time\" content=\"2025-01-29T10:17:49+00:00\" \/>\n<meta property=\"og:image\" content=\"https:\/\/aaknives.eu\/wp-content\/uploads\/2024\/11\/aaknives-hand-forged-dabascus-steel-blade-knife-handmade-custom-made-knife-handcrafted-knives-autinetools-northmen-31.1.jpg\" \/>\n\t<meta property=\"og:image:width\" content=\"1020\" \/>\n\t<meta property=\"og:image:height\" content=\"880\" \/>\n\t<meta property=\"og:image:type\" content=\"image\/jpeg\" \/>\n<meta name=\"twitter:card\" content=\"summary_large_image\" \/>\n<meta name=\"twitter:label1\" content=\"Est. reading time\" \/>\n\t<meta name=\"twitter:data1\" content=\"1 minut\" \/>\n<script type=\"application\/ld+json\" class=\"yoast-schema-graph\">{\"@context\":\"https:\\\/\\\/schema.org\",\"@graph\":[{\"@type\":\"WebPage\",\"@id\":\"https:\\\/\\\/aaknives.eu\\\/et\\\/product\\\/tera-scandinavian-teras-bohler-m390-microclean-tera-scandinavian-teras-bohler-m390-microclean\\\/\",\"url\":\"https:\\\/\\\/aaknives.eu\\\/et\\\/product\\\/tera-scandinavian-teras-bohler-m390-microclean-tera-scandinavian-teras-bohler-m390-microclean\\\/\",\"name\":\"Tera ''SCANDINAVIAN\\\", teras B\u00d6HLER\\\" M390\\\" MicroClean, tera ''SCANDINAVIAN'', teras B\u00d6HLER\\\" M390\\\" MicroClean - AAKnives\",\"isPartOf\":{\"@id\":\"https:\\\/\\\/aaknives.eu\\\/et\\\/#website\"},\"primaryImageOfPage\":{\"@id\":\"https:\\\/\\\/aaknives.eu\\\/et\\\/product\\\/tera-scandinavian-teras-bohler-m390-microclean-tera-scandinavian-teras-bohler-m390-microclean\\\/#primaryimage\"},\"image\":{\"@id\":\"https:\\\/\\\/aaknives.eu\\\/et\\\/product\\\/tera-scandinavian-teras-bohler-m390-microclean-tera-scandinavian-teras-bohler-m390-microclean\\\/#primaryimage\"},\"thumbnailUrl\":\"https:\\\/\\\/aaknives.eu\\\/wp-content\\\/uploads\\\/2024\\\/11\\\/aaknives-hand-forged-dabascus-steel-blade-knife-handmade-custom-made-knife-handcrafted-knives-autinetools-northmen-31.1.jpg\",\"datePublished\":\"2024-11-04T18:42:11+00:00\",\"dateModified\":\"2025-01-29T10:17:49+00:00\",\"description\":\"Tera''SCANDINAVIAN\\\", teras B\u00d6HLER\\\" M390\\\" MicroClean\\\" tera''SCANDINAVIAN\\\", teras B\u00d6HLER\\\" M390\\\" MicroClean\",\"breadcrumb\":{\"@id\":\"https:\\\/\\\/aaknives.eu\\\/et\\\/product\\\/tera-scandinavian-teras-bohler-m390-microclean-tera-scandinavian-teras-bohler-m390-microclean\\\/#breadcrumb\"},\"inLanguage\":\"et\",\"potentialAction\":[{\"@type\":\"ReadAction\",\"target\":[\"https:\\\/\\\/aaknives.eu\\\/et\\\/product\\\/tera-scandinavian-teras-bohler-m390-microclean-tera-scandinavian-teras-bohler-m390-microclean\\\/\"]}]},{\"@type\":\"ImageObject\",\"inLanguage\":\"et\",\"@id\":\"https:\\\/\\\/aaknives.eu\\\/et\\\/product\\\/tera-scandinavian-teras-bohler-m390-microclean-tera-scandinavian-teras-bohler-m390-microclean\\\/#primaryimage\",\"url\":\"https:\\\/\\\/aaknives.eu\\\/wp-content\\\/uploads\\\/2024\\\/11\\\/aaknives-hand-forged-dabascus-steel-blade-knife-handmade-custom-made-knife-handcrafted-knives-autinetools-northmen-31.1.jpg\",\"contentUrl\":\"https:\\\/\\\/aaknives.eu\\\/wp-content\\\/uploads\\\/2024\\\/11\\\/aaknives-hand-forged-dabascus-steel-blade-knife-handmade-custom-made-knife-handcrafted-knives-autinetools-northmen-31.1.jpg\",\"width\":1020,\"height\":880},{\"@type\":\"BreadcrumbList\",\"@id\":\"https:\\\/\\\/aaknives.eu\\\/et\\\/product\\\/tera-scandinavian-teras-bohler-m390-microclean-tera-scandinavian-teras-bohler-m390-microclean\\\/#breadcrumb\",\"itemListElement\":[{\"@type\":\"ListItem\",\"position\":1,\"name\":\"Home\",\"item\":\"https:\\\/\\\/aaknives.eu\\\/et\\\/kodu\\\/\"},{\"@type\":\"ListItem\",\"position\":2,\"name\":\"Kauplus\",\"item\":\"https:\\\/\\\/aaknives.eu\\\/et\\\/kauplus\\\/\"},{\"@type\":\"ListItem\",\"position\":3,\"name\":\"Tera &#8221;SCANDINAVIAN&#8221;, teras B\u00d6HLER&#8221; M390&#8243; MicroClean, tera &#8221;SCANDINAVIAN&#8221;, teras B\u00d6HLER&#8221; M390&#8243; MicroClean\"}]},{\"@type\":\"WebSite\",\"@id\":\"https:\\\/\\\/aaknives.eu\\\/et\\\/#website\",\"url\":\"https:\\\/\\\/aaknives.eu\\\/et\\\/\",\"name\":\"AAKnives\",\"description\":\"Handmade knives\",\"publisher\":{\"@id\":\"https:\\\/\\\/aaknives.eu\\\/et\\\/#organization\"},\"potentialAction\":[{\"@type\":\"SearchAction\",\"target\":{\"@type\":\"EntryPoint\",\"urlTemplate\":\"https:\\\/\\\/aaknives.eu\\\/et\\\/?s={search_term_string}\"},\"query-input\":{\"@type\":\"PropertyValueSpecification\",\"valueRequired\":true,\"valueName\":\"search_term_string\"}}],\"inLanguage\":\"et\"},{\"@type\":\"Organization\",\"@id\":\"https:\\\/\\\/aaknives.eu\\\/et\\\/#organization\",\"name\":\"AAKnives\",\"url\":\"https:\\\/\\\/aaknives.eu\\\/et\\\/\",\"logo\":{\"@type\":\"ImageObject\",\"inLanguage\":\"et\",\"@id\":\"https:\\\/\\\/aaknives.eu\\\/et\\\/#\\\/schema\\\/logo\\\/image\\\/\",\"url\":\"https:\\\/\\\/aaknives.eu\\\/wp-content\\\/uploads\\\/2021\\\/10\\\/AAknives_Logo_Green.png\",\"contentUrl\":\"https:\\\/\\\/aaknives.eu\\\/wp-content\\\/uploads\\\/2021\\\/10\\\/AAknives_Logo_Green.png\",\"width\":1768,\"height\":1768,\"caption\":\"AAKnives\"},\"image\":{\"@id\":\"https:\\\/\\\/aaknives.eu\\\/et\\\/#\\\/schema\\\/logo\\\/image\\\/\"},\"sameAs\":[\"https:\\\/\\\/www.facebook.com\\\/aaknives.eu\\\/\",\"https:\\\/\\\/www.instagram.com\\\/aaknives\\\/\",\"https:\\\/\\\/www.pinterest.com\\\/aa_knives\\\/\",\"https:\\\/\\\/www.youtube.com\\\/channel\\\/UCHOQFjrOkgT6s4FIw9LDKyw\\\/featured\"]}]}<\/script>\n<!-- \/ Yoast SEO plugin. -->","yoast_head_json":{"title":"Tera ''SCANDINAVIAN\", teras B\u00d6HLER\" M390\" MicroClean, tera ''SCANDINAVIAN'', teras B\u00d6HLER\" M390\" MicroClean - AAKnives","description":"Tera''SCANDINAVIAN\", teras B\u00d6HLER\" M390\" MicroClean\" tera''SCANDINAVIAN\", teras B\u00d6HLER\" M390\" MicroClean","robots":{"index":"index","follow":"follow","max-snippet":"max-snippet:-1","max-image-preview":"max-image-preview:large","max-video-preview":"max-video-preview:-1"},"canonical":"https:\/\/aaknives.eu\/et\/product\/tera-scandinavian-teras-bohler-m390-microclean-tera-scandinavian-teras-bohler-m390-microclean\/","og_locale":"et_EE","og_type":"article","og_title":"Tera ''SCANDINAVIAN\", teras B\u00d6HLER\" M390\" MicroClean, tera ''SCANDINAVIAN'', teras B\u00d6HLER\" M390\" MicroClean - AAKnives","og_description":"Tera''SCANDINAVIAN\", teras B\u00d6HLER\" M390\" MicroClean\" tera''SCANDINAVIAN\", teras B\u00d6HLER\" M390\" MicroClean","og_url":"https:\/\/aaknives.eu\/et\/product\/tera-scandinavian-teras-bohler-m390-microclean-tera-scandinavian-teras-bohler-m390-microclean\/","og_site_name":"AAKnives","article_publisher":"https:\/\/www.facebook.com\/aaknives.eu\/","article_modified_time":"2025-01-29T10:17:49+00:00","og_image":[{"width":1020,"height":880,"url":"https:\/\/aaknives.eu\/wp-content\/uploads\/2024\/11\/aaknives-hand-forged-dabascus-steel-blade-knife-handmade-custom-made-knife-handcrafted-knives-autinetools-northmen-31.1.jpg","type":"image\/jpeg"}],"twitter_card":"summary_large_image","twitter_misc":{"Est. reading time":"1 minut"},"schema":{"@context":"https:\/\/schema.org","@graph":[{"@type":"WebPage","@id":"https:\/\/aaknives.eu\/et\/product\/tera-scandinavian-teras-bohler-m390-microclean-tera-scandinavian-teras-bohler-m390-microclean\/","url":"https:\/\/aaknives.eu\/et\/product\/tera-scandinavian-teras-bohler-m390-microclean-tera-scandinavian-teras-bohler-m390-microclean\/","name":"Tera ''SCANDINAVIAN\", teras B\u00d6HLER\" M390\" MicroClean, tera ''SCANDINAVIAN'', teras B\u00d6HLER\" M390\" MicroClean - AAKnives","isPartOf":{"@id":"https:\/\/aaknives.eu\/et\/#website"},"primaryImageOfPage":{"@id":"https:\/\/aaknives.eu\/et\/product\/tera-scandinavian-teras-bohler-m390-microclean-tera-scandinavian-teras-bohler-m390-microclean\/#primaryimage"},"image":{"@id":"https:\/\/aaknives.eu\/et\/product\/tera-scandinavian-teras-bohler-m390-microclean-tera-scandinavian-teras-bohler-m390-microclean\/#primaryimage"},"thumbnailUrl":"https:\/\/aaknives.eu\/wp-content\/uploads\/2024\/11\/aaknives-hand-forged-dabascus-steel-blade-knife-handmade-custom-made-knife-handcrafted-knives-autinetools-northmen-31.1.jpg","datePublished":"2024-11-04T18:42:11+00:00","dateModified":"2025-01-29T10:17:49+00:00","description":"Tera''SCANDINAVIAN\", teras B\u00d6HLER\" M390\" MicroClean\" tera''SCANDINAVIAN\", teras B\u00d6HLER\" M390\" MicroClean","breadcrumb":{"@id":"https:\/\/aaknives.eu\/et\/product\/tera-scandinavian-teras-bohler-m390-microclean-tera-scandinavian-teras-bohler-m390-microclean\/#breadcrumb"},"inLanguage":"et","potentialAction":[{"@type":"ReadAction","target":["https:\/\/aaknives.eu\/et\/product\/tera-scandinavian-teras-bohler-m390-microclean-tera-scandinavian-teras-bohler-m390-microclean\/"]}]},{"@type":"ImageObject","inLanguage":"et","@id":"https:\/\/aaknives.eu\/et\/product\/tera-scandinavian-teras-bohler-m390-microclean-tera-scandinavian-teras-bohler-m390-microclean\/#primaryimage","url":"https:\/\/aaknives.eu\/wp-content\/uploads\/2024\/11\/aaknives-hand-forged-dabascus-steel-blade-knife-handmade-custom-made-knife-handcrafted-knives-autinetools-northmen-31.1.jpg","contentUrl":"https:\/\/aaknives.eu\/wp-content\/uploads\/2024\/11\/aaknives-hand-forged-dabascus-steel-blade-knife-handmade-custom-made-knife-handcrafted-knives-autinetools-northmen-31.1.jpg","width":1020,"height":880},{"@type":"BreadcrumbList","@id":"https:\/\/aaknives.eu\/et\/product\/tera-scandinavian-teras-bohler-m390-microclean-tera-scandinavian-teras-bohler-m390-microclean\/#breadcrumb","itemListElement":[{"@type":"ListItem","position":1,"name":"Home","item":"https:\/\/aaknives.eu\/et\/kodu\/"},{"@type":"ListItem","position":2,"name":"Kauplus","item":"https:\/\/aaknives.eu\/et\/kauplus\/"},{"@type":"ListItem","position":3,"name":"Tera &#8221;SCANDINAVIAN&#8221;, teras B\u00d6HLER&#8221; M390&#8243; MicroClean, tera &#8221;SCANDINAVIAN&#8221;, teras B\u00d6HLER&#8221; M390&#8243; MicroClean"}]},{"@type":"WebSite","@id":"https:\/\/aaknives.eu\/et\/#website","url":"https:\/\/aaknives.eu\/et\/","name":"AAKnives","description":"Handmade knives","publisher":{"@id":"https:\/\/aaknives.eu\/et\/#organization"},"potentialAction":[{"@type":"SearchAction","target":{"@type":"EntryPoint","urlTemplate":"https:\/\/aaknives.eu\/et\/?s={search_term_string}"},"query-input":{"@type":"PropertyValueSpecification","valueRequired":true,"valueName":"search_term_string"}}],"inLanguage":"et"},{"@type":"Organization","@id":"https:\/\/aaknives.eu\/et\/#organization","name":"AAKnives","url":"https:\/\/aaknives.eu\/et\/","logo":{"@type":"ImageObject","inLanguage":"et","@id":"https:\/\/aaknives.eu\/et\/#\/schema\/logo\/image\/","url":"https:\/\/aaknives.eu\/wp-content\/uploads\/2021\/10\/AAknives_Logo_Green.png","contentUrl":"https:\/\/aaknives.eu\/wp-content\/uploads\/2021\/10\/AAknives_Logo_Green.png","width":1768,"height":1768,"caption":"AAKnives"},"image":{"@id":"https:\/\/aaknives.eu\/et\/#\/schema\/logo\/image\/"},"sameAs":["https:\/\/www.facebook.com\/aaknives.eu\/","https:\/\/www.instagram.com\/aaknives\/","https:\/\/www.pinterest.com\/aa_knives\/","https:\/\/www.youtube.com\/channel\/UCHOQFjrOkgT6s4FIw9LDKyw\/featured"]}]}},"_links":{"self":[{"href":"https:\/\/aaknives.eu\/et\/wp-json\/wp\/v2\/product\/91864","targetHints":{"allow":["GET"]}}],"collection":[{"href":"https:\/\/aaknives.eu\/et\/wp-json\/wp\/v2\/product"}],"about":[{"href":"https:\/\/aaknives.eu\/et\/wp-json\/wp\/v2\/types\/product"}],"wp:featuredmedia":[{"embeddable":true,"href":"https:\/\/aaknives.eu\/et\/wp-json\/wp\/v2\/media\/91871"}],"wp:attachment":[{"href":"https:\/\/aaknives.eu\/et\/wp-json\/wp\/v2\/media?parent=91864"}],"wp:term":[{"taxonomy":"product_brand","embeddable":true,"href":"https:\/\/aaknives.eu\/et\/wp-json\/wp\/v2\/product_brand?post=91864"},{"taxonomy":"product_cat","embeddable":true,"href":"https:\/\/aaknives.eu\/et\/wp-json\/wp\/v2\/product_cat?post=91864"},{"taxonomy":"product_tag","embeddable":true,"href":"https:\/\/aaknives.eu\/et\/wp-json\/wp\/v2\/product_tag?post=91864"}],"curies":[{"name":"wp","href":"https:\/\/api.w.org\/{rel}","templated":true}]}}