{"id":91971,"date":"2024-11-05T09:18:53","date_gmt":"2024-11-05T09:18:53","guid":{"rendered":"https:\/\/aaknives.eu\/?post_type=product&#038;p=91971"},"modified":"2024-11-05T09:41:04","modified_gmt":"2024-11-05T09:41:04","slug":"uus-originaalne-elektriline-noa-ja-tooriistateritaja-tooterav","status":"publish","type":"product","link":"https:\/\/aaknives.eu\/et\/product\/uus-originaalne-elektriline-noa-ja-tooriistateritaja-tooterav\/","title":{"rendered":"Uus ORIGINAALNE ELEKTRILINE NOA JA T\u00d6\u00d6RIISTATERITAJA \u2013 T\u00d6\u00d6TERAV"},"content":{"rendered":"<p>Uus ORIGINAALNE ELEKTRILINE NOA JA T\u00d6\u00d6RIISTATERITAJA &#8211; HEAKS TERITAMISEKS<\/p>\n<ul id=\"product-attribute-specs-table\" class=\"data table additional-attributes\">\n<li>Tootekood: WSKTS2-I<\/li>\n<li>Tootja: Work Sharp<\/li>\n<\/ul>\n<p>&nbsp;<\/p>\n","protected":false},"excerpt":{"rendered":"<p>Uus ORIGINAALNE ELEKTRILINE NOA JA T\u00d6\u00d6RIISTATERITAJA &#8211; HEAKS TERITAMISEKS Tootekood: WSKTS2-I Tootja: Work Sharp &nbsp;<\/p>\n","protected":false},"featured_media":91890,"template":"","meta":{"_themeisle_gutenberg_block_has_review":false},"product_brand":[],"product_cat":[351],"product_tag":[],"class_list":{"0":"post-91971","1":"product","2":"type-product","3":"status-publish","4":"has-post-thumbnail","6":"product_cat-nugade-teritamine-noateritajad","8":"first","9":"instock","10":"shipping-taxable","11":"purchasable","12":"product-type-simple"},"yoast_head":"<!-- This site is optimized with the Yoast SEO plugin v27.3 - https:\/\/yoast.com\/product\/yoast-seo-wordpress\/ -->\n<title>Uus ORIGINAALNE ELEKTRILINE NOA JA T\u00d6\u00d6RIISTATERITAJA \u2013 T\u00d6\u00d6TERAV - AAKnives<\/title>\n<meta name=\"robots\" content=\"index, follow, max-snippet:-1, max-image-preview:large, max-video-preview:-1\" \/>\n<link rel=\"canonical\" href=\"https:\/\/aaknives.eu\/et\/product\/uus-originaalne-elektriline-noa-ja-tooriistateritaja-tooterav\/\" \/>\n<meta property=\"og:locale\" content=\"et_EE\" \/>\n<meta property=\"og:type\" content=\"article\" \/>\n<meta property=\"og:title\" content=\"Uus ORIGINAALNE ELEKTRILINE NOA JA T\u00d6\u00d6RIISTATERITAJA \u2013 T\u00d6\u00d6TERAV - AAKnives\" \/>\n<meta property=\"og:description\" content=\"Uus ORIGINAALNE ELEKTRILINE NOA JA T\u00d6\u00d6RIISTATERITAJA &#8211; HEAKS TERITAMISEKS Tootekood: WSKTS2-I Tootja: Work Sharp &nbsp;\" \/>\n<meta property=\"og:url\" content=\"https:\/\/aaknives.eu\/et\/product\/uus-originaalne-elektriline-noa-ja-tooriistateritaja-tooterav\/\" \/>\n<meta property=\"og:site_name\" content=\"AAKnives\" \/>\n<meta property=\"article:publisher\" content=\"https:\/\/www.facebook.com\/aaknives.eu\/\" \/>\n<meta property=\"article:modified_time\" content=\"2024-11-05T09:41:04+00:00\" \/>\n<meta property=\"og:image\" content=\"https:\/\/aaknives.eu\/wp-content\/uploads\/2024\/11\/aaknives-hand-forged-damascus-steel-blade-knife-handmade-custom-made-knife-handcrafted-knives-autinetools-northmen-n695-1-8.jpg\" \/>\n\t<meta property=\"og:image:width\" content=\"800\" \/>\n\t<meta property=\"og:image:height\" content=\"526\" \/>\n\t<meta property=\"og:image:type\" content=\"image\/jpeg\" \/>\n<meta name=\"twitter:card\" content=\"summary_large_image\" \/>\n<script type=\"application\/ld+json\" class=\"yoast-schema-graph\">{\"@context\":\"https:\\\/\\\/schema.org\",\"@graph\":[{\"@type\":\"WebPage\",\"@id\":\"https:\\\/\\\/aaknives.eu\\\/et\\\/product\\\/uus-originaalne-elektriline-noa-ja-tooriistateritaja-tooterav\\\/\",\"url\":\"https:\\\/\\\/aaknives.eu\\\/et\\\/product\\\/uus-originaalne-elektriline-noa-ja-tooriistateritaja-tooterav\\\/\",\"name\":\"Uus ORIGINAALNE ELEKTRILINE NOA JA T\u00d6\u00d6RIISTATERITAJA \u2013 T\u00d6\u00d6TERAV - AAKnives\",\"isPartOf\":{\"@id\":\"https:\\\/\\\/aaknives.eu\\\/et\\\/#website\"},\"primaryImageOfPage\":{\"@id\":\"https:\\\/\\\/aaknives.eu\\\/et\\\/product\\\/uus-originaalne-elektriline-noa-ja-tooriistateritaja-tooterav\\\/#primaryimage\"},\"image\":{\"@id\":\"https:\\\/\\\/aaknives.eu\\\/et\\\/product\\\/uus-originaalne-elektriline-noa-ja-tooriistateritaja-tooterav\\\/#primaryimage\"},\"thumbnailUrl\":\"https:\\\/\\\/aaknives.eu\\\/wp-content\\\/uploads\\\/2024\\\/11\\\/aaknives-hand-forged-damascus-steel-blade-knife-handmade-custom-made-knife-handcrafted-knives-autinetools-northmen-n695-1-8.jpg\",\"datePublished\":\"2024-11-05T09:18:53+00:00\",\"dateModified\":\"2024-11-05T09:41:04+00:00\",\"breadcrumb\":{\"@id\":\"https:\\\/\\\/aaknives.eu\\\/et\\\/product\\\/uus-originaalne-elektriline-noa-ja-tooriistateritaja-tooterav\\\/#breadcrumb\"},\"inLanguage\":\"et\",\"potentialAction\":[{\"@type\":\"ReadAction\",\"target\":[\"https:\\\/\\\/aaknives.eu\\\/et\\\/product\\\/uus-originaalne-elektriline-noa-ja-tooriistateritaja-tooterav\\\/\"]}]},{\"@type\":\"ImageObject\",\"inLanguage\":\"et\",\"@id\":\"https:\\\/\\\/aaknives.eu\\\/et\\\/product\\\/uus-originaalne-elektriline-noa-ja-tooriistateritaja-tooterav\\\/#primaryimage\",\"url\":\"https:\\\/\\\/aaknives.eu\\\/wp-content\\\/uploads\\\/2024\\\/11\\\/aaknives-hand-forged-damascus-steel-blade-knife-handmade-custom-made-knife-handcrafted-knives-autinetools-northmen-n695-1-8.jpg\",\"contentUrl\":\"https:\\\/\\\/aaknives.eu\\\/wp-content\\\/uploads\\\/2024\\\/11\\\/aaknives-hand-forged-damascus-steel-blade-knife-handmade-custom-made-knife-handcrafted-knives-autinetools-northmen-n695-1-8.jpg\",\"width\":800,\"height\":526},{\"@type\":\"BreadcrumbList\",\"@id\":\"https:\\\/\\\/aaknives.eu\\\/et\\\/product\\\/uus-originaalne-elektriline-noa-ja-tooriistateritaja-tooterav\\\/#breadcrumb\",\"itemListElement\":[{\"@type\":\"ListItem\",\"position\":1,\"name\":\"Home\",\"item\":\"https:\\\/\\\/aaknives.eu\\\/et\\\/kodu\\\/\"},{\"@type\":\"ListItem\",\"position\":2,\"name\":\"Kauplus\",\"item\":\"https:\\\/\\\/aaknives.eu\\\/et\\\/kauplus\\\/\"},{\"@type\":\"ListItem\",\"position\":3,\"name\":\"Uus ORIGINAALNE ELEKTRILINE NOA JA T\u00d6\u00d6RIISTATERITAJA \u2013 T\u00d6\u00d6TERAV\"}]},{\"@type\":\"WebSite\",\"@id\":\"https:\\\/\\\/aaknives.eu\\\/et\\\/#website\",\"url\":\"https:\\\/\\\/aaknives.eu\\\/et\\\/\",\"name\":\"AAKnives\",\"description\":\"Handmade knives\",\"publisher\":{\"@id\":\"https:\\\/\\\/aaknives.eu\\\/et\\\/#organization\"},\"potentialAction\":[{\"@type\":\"SearchAction\",\"target\":{\"@type\":\"EntryPoint\",\"urlTemplate\":\"https:\\\/\\\/aaknives.eu\\\/et\\\/?s={search_term_string}\"},\"query-input\":{\"@type\":\"PropertyValueSpecification\",\"valueRequired\":true,\"valueName\":\"search_term_string\"}}],\"inLanguage\":\"et\"},{\"@type\":\"Organization\",\"@id\":\"https:\\\/\\\/aaknives.eu\\\/et\\\/#organization\",\"name\":\"AAKnives\",\"url\":\"https:\\\/\\\/aaknives.eu\\\/et\\\/\",\"logo\":{\"@type\":\"ImageObject\",\"inLanguage\":\"et\",\"@id\":\"https:\\\/\\\/aaknives.eu\\\/et\\\/#\\\/schema\\\/logo\\\/image\\\/\",\"url\":\"https:\\\/\\\/aaknives.eu\\\/wp-content\\\/uploads\\\/2021\\\/10\\\/AAknives_Logo_Green.png\",\"contentUrl\":\"https:\\\/\\\/aaknives.eu\\\/wp-content\\\/uploads\\\/2021\\\/10\\\/AAknives_Logo_Green.png\",\"width\":1768,\"height\":1768,\"caption\":\"AAKnives\"},\"image\":{\"@id\":\"https:\\\/\\\/aaknives.eu\\\/et\\\/#\\\/schema\\\/logo\\\/image\\\/\"},\"sameAs\":[\"https:\\\/\\\/www.facebook.com\\\/aaknives.eu\\\/\",\"https:\\\/\\\/www.instagram.com\\\/aaknives\\\/\",\"https:\\\/\\\/www.pinterest.com\\\/aa_knives\\\/\",\"https:\\\/\\\/www.youtube.com\\\/channel\\\/UCHOQFjrOkgT6s4FIw9LDKyw\\\/featured\"]}]}<\/script>\n<!-- \/ Yoast SEO plugin. -->","yoast_head_json":{"title":"Uus ORIGINAALNE ELEKTRILINE NOA JA T\u00d6\u00d6RIISTATERITAJA \u2013 T\u00d6\u00d6TERAV - AAKnives","robots":{"index":"index","follow":"follow","max-snippet":"max-snippet:-1","max-image-preview":"max-image-preview:large","max-video-preview":"max-video-preview:-1"},"canonical":"https:\/\/aaknives.eu\/et\/product\/uus-originaalne-elektriline-noa-ja-tooriistateritaja-tooterav\/","og_locale":"et_EE","og_type":"article","og_title":"Uus ORIGINAALNE ELEKTRILINE NOA JA T\u00d6\u00d6RIISTATERITAJA \u2013 T\u00d6\u00d6TERAV - AAKnives","og_description":"Uus ORIGINAALNE ELEKTRILINE NOA JA T\u00d6\u00d6RIISTATERITAJA &#8211; HEAKS TERITAMISEKS Tootekood: WSKTS2-I Tootja: Work Sharp &nbsp;","og_url":"https:\/\/aaknives.eu\/et\/product\/uus-originaalne-elektriline-noa-ja-tooriistateritaja-tooterav\/","og_site_name":"AAKnives","article_publisher":"https:\/\/www.facebook.com\/aaknives.eu\/","article_modified_time":"2024-11-05T09:41:04+00:00","og_image":[{"width":800,"height":526,"url":"https:\/\/aaknives.eu\/wp-content\/uploads\/2024\/11\/aaknives-hand-forged-damascus-steel-blade-knife-handmade-custom-made-knife-handcrafted-knives-autinetools-northmen-n695-1-8.jpg","type":"image\/jpeg"}],"twitter_card":"summary_large_image","schema":{"@context":"https:\/\/schema.org","@graph":[{"@type":"WebPage","@id":"https:\/\/aaknives.eu\/et\/product\/uus-originaalne-elektriline-noa-ja-tooriistateritaja-tooterav\/","url":"https:\/\/aaknives.eu\/et\/product\/uus-originaalne-elektriline-noa-ja-tooriistateritaja-tooterav\/","name":"Uus ORIGINAALNE ELEKTRILINE NOA JA T\u00d6\u00d6RIISTATERITAJA \u2013 T\u00d6\u00d6TERAV - AAKnives","isPartOf":{"@id":"https:\/\/aaknives.eu\/et\/#website"},"primaryImageOfPage":{"@id":"https:\/\/aaknives.eu\/et\/product\/uus-originaalne-elektriline-noa-ja-tooriistateritaja-tooterav\/#primaryimage"},"image":{"@id":"https:\/\/aaknives.eu\/et\/product\/uus-originaalne-elektriline-noa-ja-tooriistateritaja-tooterav\/#primaryimage"},"thumbnailUrl":"https:\/\/aaknives.eu\/wp-content\/uploads\/2024\/11\/aaknives-hand-forged-damascus-steel-blade-knife-handmade-custom-made-knife-handcrafted-knives-autinetools-northmen-n695-1-8.jpg","datePublished":"2024-11-05T09:18:53+00:00","dateModified":"2024-11-05T09:41:04+00:00","breadcrumb":{"@id":"https:\/\/aaknives.eu\/et\/product\/uus-originaalne-elektriline-noa-ja-tooriistateritaja-tooterav\/#breadcrumb"},"inLanguage":"et","potentialAction":[{"@type":"ReadAction","target":["https:\/\/aaknives.eu\/et\/product\/uus-originaalne-elektriline-noa-ja-tooriistateritaja-tooterav\/"]}]},{"@type":"ImageObject","inLanguage":"et","@id":"https:\/\/aaknives.eu\/et\/product\/uus-originaalne-elektriline-noa-ja-tooriistateritaja-tooterav\/#primaryimage","url":"https:\/\/aaknives.eu\/wp-content\/uploads\/2024\/11\/aaknives-hand-forged-damascus-steel-blade-knife-handmade-custom-made-knife-handcrafted-knives-autinetools-northmen-n695-1-8.jpg","contentUrl":"https:\/\/aaknives.eu\/wp-content\/uploads\/2024\/11\/aaknives-hand-forged-damascus-steel-blade-knife-handmade-custom-made-knife-handcrafted-knives-autinetools-northmen-n695-1-8.jpg","width":800,"height":526},{"@type":"BreadcrumbList","@id":"https:\/\/aaknives.eu\/et\/product\/uus-originaalne-elektriline-noa-ja-tooriistateritaja-tooterav\/#breadcrumb","itemListElement":[{"@type":"ListItem","position":1,"name":"Home","item":"https:\/\/aaknives.eu\/et\/kodu\/"},{"@type":"ListItem","position":2,"name":"Kauplus","item":"https:\/\/aaknives.eu\/et\/kauplus\/"},{"@type":"ListItem","position":3,"name":"Uus ORIGINAALNE ELEKTRILINE NOA JA T\u00d6\u00d6RIISTATERITAJA \u2013 T\u00d6\u00d6TERAV"}]},{"@type":"WebSite","@id":"https:\/\/aaknives.eu\/et\/#website","url":"https:\/\/aaknives.eu\/et\/","name":"AAKnives","description":"Handmade knives","publisher":{"@id":"https:\/\/aaknives.eu\/et\/#organization"},"potentialAction":[{"@type":"SearchAction","target":{"@type":"EntryPoint","urlTemplate":"https:\/\/aaknives.eu\/et\/?s={search_term_string}"},"query-input":{"@type":"PropertyValueSpecification","valueRequired":true,"valueName":"search_term_string"}}],"inLanguage":"et"},{"@type":"Organization","@id":"https:\/\/aaknives.eu\/et\/#organization","name":"AAKnives","url":"https:\/\/aaknives.eu\/et\/","logo":{"@type":"ImageObject","inLanguage":"et","@id":"https:\/\/aaknives.eu\/et\/#\/schema\/logo\/image\/","url":"https:\/\/aaknives.eu\/wp-content\/uploads\/2021\/10\/AAknives_Logo_Green.png","contentUrl":"https:\/\/aaknives.eu\/wp-content\/uploads\/2021\/10\/AAknives_Logo_Green.png","width":1768,"height":1768,"caption":"AAKnives"},"image":{"@id":"https:\/\/aaknives.eu\/et\/#\/schema\/logo\/image\/"},"sameAs":["https:\/\/www.facebook.com\/aaknives.eu\/","https:\/\/www.instagram.com\/aaknives\/","https:\/\/www.pinterest.com\/aa_knives\/","https:\/\/www.youtube.com\/channel\/UCHOQFjrOkgT6s4FIw9LDKyw\/featured"]}]}},"_links":{"self":[{"href":"https:\/\/aaknives.eu\/et\/wp-json\/wp\/v2\/product\/91971","targetHints":{"allow":["GET"]}}],"collection":[{"href":"https:\/\/aaknives.eu\/et\/wp-json\/wp\/v2\/product"}],"about":[{"href":"https:\/\/aaknives.eu\/et\/wp-json\/wp\/v2\/types\/product"}],"wp:featuredmedia":[{"embeddable":true,"href":"https:\/\/aaknives.eu\/et\/wp-json\/wp\/v2\/media\/91890"}],"wp:attachment":[{"href":"https:\/\/aaknives.eu\/et\/wp-json\/wp\/v2\/media?parent=91971"}],"wp:term":[{"taxonomy":"product_brand","embeddable":true,"href":"https:\/\/aaknives.eu\/et\/wp-json\/wp\/v2\/product_brand?post=91971"},{"taxonomy":"product_cat","embeddable":true,"href":"https:\/\/aaknives.eu\/et\/wp-json\/wp\/v2\/product_cat?post=91971"},{"taxonomy":"product_tag","embeddable":true,"href":"https:\/\/aaknives.eu\/et\/wp-json\/wp\/v2\/product_tag?post=91971"}],"curies":[{"name":"wp","href":"https:\/\/api.w.org\/{rel}","templated":true}]}}