{"id":97787,"date":"2025-02-26T10:22:39","date_gmt":"2025-02-26T10:22:39","guid":{"rendered":"https:\/\/aaknives.eu\/?post_type=product&#038;p=97787"},"modified":"2025-02-26T10:28:43","modified_gmt":"2025-02-26T10:28:43","slug":"200-160-80-grit-kdtu-hubriid-cbn-teemantterituskivid","status":"publish","type":"product","link":"https:\/\/aaknives.eu\/et\/product\/200-160-80-grit-kdtu-hubriid-cbn-teemantterituskivid\/","title":{"rendered":"200\/160 80 Grit KDTU h\u00fcbriid CBN teemantterituskivid"},"content":{"rendered":"<p>Universaalsed kivid k\u00f5vade ja pehmete teraste t\u00f6\u00f6tlemiseks. V\u00f5ib kasutada nii kuivana kui ka \u00f5liga viimistluse parandamiseks, eriti l\u00f5ppj\u00e4rgus.<\/p>\n<p>Tehnilised andmed:<br \/>\n200\/160 80 Grit<br \/>\nM\u00f5\u00f5dud: 6&#215;1&#8243;150x25x1 mm<br \/>\nToorik: alumiinium, 160x25x4 mm<br \/>\nSide: h\u00fcbriid (metall-orgaaniline)<br \/>\nAbrasiiv: CBN (kuupiline boornitriid)<br \/>\nKaubam\u00e4rk: KDTU (valmistatud Ukrainas)<br \/>\nEelised:<\/p>\n<p>K\u00f5rge tootlikkus ja t\u00f6\u00f6tlemise efektiivsus.<br \/>\nPuhas t\u00f6\u00f6tlemispind isegi karestamisetapis.<br \/>\nLihtne puhastada \u00f5li v\u00f5i niiskete salvr\u00e4tikutega.<br \/>\nK\u00f5rge kulumiskindlus<br \/>\nSobib k\u00f5vade ja pulberteraste t\u00f6\u00f6tlemiseks k\u00f5vadusega \u00fcle 67 HRC.<br \/>\nLihtne lappimine ja agressiivsuse taastamine.<\/p>\n","protected":false},"excerpt":{"rendered":"<p>Universaalsed kivid k\u00f5vade ja pehmete teraste t\u00f6\u00f6tlemiseks. V\u00f5ib kasutada nii kuivana kui ka \u00f5liga viimistluse parandamiseks, eriti l\u00f5ppj\u00e4rgus. Tehnilised andmed: 200\/160 80 Grit M\u00f5\u00f5dud: 6&#215;1&#8243;150x25x1 mm Toorik: alumiinium, 160x25x4 mm Side: h\u00fcbriid (metall-orgaaniline) Abrasiiv: CBN (kuupiline boornitriid) Kaubam\u00e4rk: KDTU (valmistatud Ukrainas) Eelised: K\u00f5rge tootlikkus ja t\u00f6\u00f6tlemise efektiivsus. Puhas t\u00f6\u00f6tlemispind isegi karestamisetapis. Lihtne puhastada \u00f5li v\u00f5i niiskete salvr\u00e4tikutega. K\u00f5rge kulumiskindlus Sobib k\u00f5vade ja pulberteraste t\u00f6\u00f6tlemiseks k\u00f5vadusega \u00fcle 67 HRC. Lihtne lappimine ja agressiivsuse taastamine.<\/p>\n","protected":false},"featured_media":97792,"template":"","meta":{"_themeisle_gutenberg_block_has_review":false},"product_brand":[],"product_cat":[351],"product_tag":[],"class_list":{"0":"post-97787","1":"product","2":"type-product","3":"status-publish","4":"has-post-thumbnail","6":"product_cat-nugade-teritamine-noateritajad","8":"first","9":"instock","10":"shipping-taxable","11":"purchasable","12":"product-type-simple"},"yoast_head":"<!-- This site is optimized with the Yoast SEO plugin v27.3 - https:\/\/yoast.com\/product\/yoast-seo-wordpress\/ -->\n<title>200\/160 80 Grit KDTU h\u00fcbriid CBN teemantterituskivid - AAKnives<\/title>\n<meta name=\"description\" content=\"Universaalsed kivid k\u00f5vade ja pehmete teraste t\u00f6\u00f6tlemiseks. V\u00f5ib kasutada nii kuivana kui ka \u00f5liga viimistluse parandamiseks, eriti l\u00f5ppj\u00e4rgus.\" \/>\n<meta name=\"robots\" content=\"index, follow, max-snippet:-1, max-image-preview:large, max-video-preview:-1\" \/>\n<link rel=\"canonical\" href=\"https:\/\/aaknives.eu\/et\/product\/200-160-80-grit-kdtu-hubriid-cbn-teemantterituskivid\/\" \/>\n<meta property=\"og:locale\" content=\"et_EE\" \/>\n<meta property=\"og:type\" content=\"article\" \/>\n<meta property=\"og:title\" content=\"200\/160 80 Grit KDTU h\u00fcbriid CBN teemantterituskivid - AAKnives\" \/>\n<meta property=\"og:description\" content=\"Universaalsed kivid k\u00f5vade ja pehmete teraste t\u00f6\u00f6tlemiseks. V\u00f5ib kasutada nii kuivana kui ka \u00f5liga viimistluse parandamiseks, eriti l\u00f5ppj\u00e4rgus.\" \/>\n<meta property=\"og:url\" content=\"https:\/\/aaknives.eu\/et\/product\/200-160-80-grit-kdtu-hubriid-cbn-teemantterituskivid\/\" \/>\n<meta property=\"og:site_name\" content=\"AAKnives\" \/>\n<meta property=\"article:publisher\" content=\"https:\/\/www.facebook.com\/aaknives.eu\/\" \/>\n<meta property=\"article:modified_time\" content=\"2025-02-26T10:28:43+00:00\" \/>\n<meta property=\"og:image\" content=\"https:\/\/aaknives.eu\/wp-content\/uploads\/2025\/02\/aaknives-hand-forged-damascus-steel-blade-knife-handmade-custom-made-knife-handcrafted-knives-autinetools-northmen-1.1.jpeg\" \/>\n\t<meta property=\"og:image:width\" content=\"960\" \/>\n\t<meta property=\"og:image:height\" content=\"1280\" \/>\n\t<meta property=\"og:image:type\" content=\"image\/jpeg\" \/>\n<meta name=\"twitter:card\" content=\"summary_large_image\" \/>\n<script type=\"application\/ld+json\" class=\"yoast-schema-graph\">{\"@context\":\"https:\\\/\\\/schema.org\",\"@graph\":[{\"@type\":\"WebPage\",\"@id\":\"https:\\\/\\\/aaknives.eu\\\/et\\\/product\\\/200-160-80-grit-kdtu-hubriid-cbn-teemantterituskivid\\\/\",\"url\":\"https:\\\/\\\/aaknives.eu\\\/et\\\/product\\\/200-160-80-grit-kdtu-hubriid-cbn-teemantterituskivid\\\/\",\"name\":\"200\\\/160 80 Grit KDTU h\u00fcbriid CBN teemantterituskivid - AAKnives\",\"isPartOf\":{\"@id\":\"https:\\\/\\\/aaknives.eu\\\/et\\\/#website\"},\"primaryImageOfPage\":{\"@id\":\"https:\\\/\\\/aaknives.eu\\\/et\\\/product\\\/200-160-80-grit-kdtu-hubriid-cbn-teemantterituskivid\\\/#primaryimage\"},\"image\":{\"@id\":\"https:\\\/\\\/aaknives.eu\\\/et\\\/product\\\/200-160-80-grit-kdtu-hubriid-cbn-teemantterituskivid\\\/#primaryimage\"},\"thumbnailUrl\":\"https:\\\/\\\/aaknives.eu\\\/wp-content\\\/uploads\\\/2025\\\/02\\\/aaknives-hand-forged-damascus-steel-blade-knife-handmade-custom-made-knife-handcrafted-knives-autinetools-northmen-1.1.jpeg\",\"datePublished\":\"2025-02-26T10:22:39+00:00\",\"dateModified\":\"2025-02-26T10:28:43+00:00\",\"description\":\"Universaalsed kivid k\u00f5vade ja pehmete teraste t\u00f6\u00f6tlemiseks. V\u00f5ib kasutada nii kuivana kui ka \u00f5liga viimistluse parandamiseks, eriti l\u00f5ppj\u00e4rgus.\",\"breadcrumb\":{\"@id\":\"https:\\\/\\\/aaknives.eu\\\/et\\\/product\\\/200-160-80-grit-kdtu-hubriid-cbn-teemantterituskivid\\\/#breadcrumb\"},\"inLanguage\":\"et\",\"potentialAction\":[{\"@type\":\"ReadAction\",\"target\":[\"https:\\\/\\\/aaknives.eu\\\/et\\\/product\\\/200-160-80-grit-kdtu-hubriid-cbn-teemantterituskivid\\\/\"]}]},{\"@type\":\"ImageObject\",\"inLanguage\":\"et\",\"@id\":\"https:\\\/\\\/aaknives.eu\\\/et\\\/product\\\/200-160-80-grit-kdtu-hubriid-cbn-teemantterituskivid\\\/#primaryimage\",\"url\":\"https:\\\/\\\/aaknives.eu\\\/wp-content\\\/uploads\\\/2025\\\/02\\\/aaknives-hand-forged-damascus-steel-blade-knife-handmade-custom-made-knife-handcrafted-knives-autinetools-northmen-1.1.jpeg\",\"contentUrl\":\"https:\\\/\\\/aaknives.eu\\\/wp-content\\\/uploads\\\/2025\\\/02\\\/aaknives-hand-forged-damascus-steel-blade-knife-handmade-custom-made-knife-handcrafted-knives-autinetools-northmen-1.1.jpeg\",\"width\":960,\"height\":1280},{\"@type\":\"BreadcrumbList\",\"@id\":\"https:\\\/\\\/aaknives.eu\\\/et\\\/product\\\/200-160-80-grit-kdtu-hubriid-cbn-teemantterituskivid\\\/#breadcrumb\",\"itemListElement\":[{\"@type\":\"ListItem\",\"position\":1,\"name\":\"Home\",\"item\":\"https:\\\/\\\/aaknives.eu\\\/et\\\/kodu\\\/\"},{\"@type\":\"ListItem\",\"position\":2,\"name\":\"Kauplus\",\"item\":\"https:\\\/\\\/aaknives.eu\\\/et\\\/kauplus\\\/\"},{\"@type\":\"ListItem\",\"position\":3,\"name\":\"200\\\/160 80 Grit KDTU h\u00fcbriid CBN teemantterituskivid\"}]},{\"@type\":\"WebSite\",\"@id\":\"https:\\\/\\\/aaknives.eu\\\/et\\\/#website\",\"url\":\"https:\\\/\\\/aaknives.eu\\\/et\\\/\",\"name\":\"AAKnives\",\"description\":\"Handmade knives\",\"publisher\":{\"@id\":\"https:\\\/\\\/aaknives.eu\\\/et\\\/#organization\"},\"potentialAction\":[{\"@type\":\"SearchAction\",\"target\":{\"@type\":\"EntryPoint\",\"urlTemplate\":\"https:\\\/\\\/aaknives.eu\\\/et\\\/?s={search_term_string}\"},\"query-input\":{\"@type\":\"PropertyValueSpecification\",\"valueRequired\":true,\"valueName\":\"search_term_string\"}}],\"inLanguage\":\"et\"},{\"@type\":\"Organization\",\"@id\":\"https:\\\/\\\/aaknives.eu\\\/et\\\/#organization\",\"name\":\"AAKnives\",\"url\":\"https:\\\/\\\/aaknives.eu\\\/et\\\/\",\"logo\":{\"@type\":\"ImageObject\",\"inLanguage\":\"et\",\"@id\":\"https:\\\/\\\/aaknives.eu\\\/et\\\/#\\\/schema\\\/logo\\\/image\\\/\",\"url\":\"https:\\\/\\\/aaknives.eu\\\/wp-content\\\/uploads\\\/2021\\\/10\\\/AAknives_Logo_Green.png\",\"contentUrl\":\"https:\\\/\\\/aaknives.eu\\\/wp-content\\\/uploads\\\/2021\\\/10\\\/AAknives_Logo_Green.png\",\"width\":1768,\"height\":1768,\"caption\":\"AAKnives\"},\"image\":{\"@id\":\"https:\\\/\\\/aaknives.eu\\\/et\\\/#\\\/schema\\\/logo\\\/image\\\/\"},\"sameAs\":[\"https:\\\/\\\/www.facebook.com\\\/aaknives.eu\\\/\",\"https:\\\/\\\/www.instagram.com\\\/aaknives\\\/\",\"https:\\\/\\\/www.pinterest.com\\\/aa_knives\\\/\",\"https:\\\/\\\/www.youtube.com\\\/channel\\\/UCHOQFjrOkgT6s4FIw9LDKyw\\\/featured\"]}]}<\/script>\n<!-- \/ Yoast SEO plugin. -->","yoast_head_json":{"title":"200\/160 80 Grit KDTU h\u00fcbriid CBN teemantterituskivid - AAKnives","description":"Universaalsed kivid k\u00f5vade ja pehmete teraste t\u00f6\u00f6tlemiseks. V\u00f5ib kasutada nii kuivana kui ka \u00f5liga viimistluse parandamiseks, eriti l\u00f5ppj\u00e4rgus.","robots":{"index":"index","follow":"follow","max-snippet":"max-snippet:-1","max-image-preview":"max-image-preview:large","max-video-preview":"max-video-preview:-1"},"canonical":"https:\/\/aaknives.eu\/et\/product\/200-160-80-grit-kdtu-hubriid-cbn-teemantterituskivid\/","og_locale":"et_EE","og_type":"article","og_title":"200\/160 80 Grit KDTU h\u00fcbriid CBN teemantterituskivid - AAKnives","og_description":"Universaalsed kivid k\u00f5vade ja pehmete teraste t\u00f6\u00f6tlemiseks. V\u00f5ib kasutada nii kuivana kui ka \u00f5liga viimistluse parandamiseks, eriti l\u00f5ppj\u00e4rgus.","og_url":"https:\/\/aaknives.eu\/et\/product\/200-160-80-grit-kdtu-hubriid-cbn-teemantterituskivid\/","og_site_name":"AAKnives","article_publisher":"https:\/\/www.facebook.com\/aaknives.eu\/","article_modified_time":"2025-02-26T10:28:43+00:00","og_image":[{"width":960,"height":1280,"url":"https:\/\/aaknives.eu\/wp-content\/uploads\/2025\/02\/aaknives-hand-forged-damascus-steel-blade-knife-handmade-custom-made-knife-handcrafted-knives-autinetools-northmen-1.1.jpeg","type":"image\/jpeg"}],"twitter_card":"summary_large_image","schema":{"@context":"https:\/\/schema.org","@graph":[{"@type":"WebPage","@id":"https:\/\/aaknives.eu\/et\/product\/200-160-80-grit-kdtu-hubriid-cbn-teemantterituskivid\/","url":"https:\/\/aaknives.eu\/et\/product\/200-160-80-grit-kdtu-hubriid-cbn-teemantterituskivid\/","name":"200\/160 80 Grit KDTU h\u00fcbriid CBN teemantterituskivid - AAKnives","isPartOf":{"@id":"https:\/\/aaknives.eu\/et\/#website"},"primaryImageOfPage":{"@id":"https:\/\/aaknives.eu\/et\/product\/200-160-80-grit-kdtu-hubriid-cbn-teemantterituskivid\/#primaryimage"},"image":{"@id":"https:\/\/aaknives.eu\/et\/product\/200-160-80-grit-kdtu-hubriid-cbn-teemantterituskivid\/#primaryimage"},"thumbnailUrl":"https:\/\/aaknives.eu\/wp-content\/uploads\/2025\/02\/aaknives-hand-forged-damascus-steel-blade-knife-handmade-custom-made-knife-handcrafted-knives-autinetools-northmen-1.1.jpeg","datePublished":"2025-02-26T10:22:39+00:00","dateModified":"2025-02-26T10:28:43+00:00","description":"Universaalsed kivid k\u00f5vade ja pehmete teraste t\u00f6\u00f6tlemiseks. V\u00f5ib kasutada nii kuivana kui ka \u00f5liga viimistluse parandamiseks, eriti l\u00f5ppj\u00e4rgus.","breadcrumb":{"@id":"https:\/\/aaknives.eu\/et\/product\/200-160-80-grit-kdtu-hubriid-cbn-teemantterituskivid\/#breadcrumb"},"inLanguage":"et","potentialAction":[{"@type":"ReadAction","target":["https:\/\/aaknives.eu\/et\/product\/200-160-80-grit-kdtu-hubriid-cbn-teemantterituskivid\/"]}]},{"@type":"ImageObject","inLanguage":"et","@id":"https:\/\/aaknives.eu\/et\/product\/200-160-80-grit-kdtu-hubriid-cbn-teemantterituskivid\/#primaryimage","url":"https:\/\/aaknives.eu\/wp-content\/uploads\/2025\/02\/aaknives-hand-forged-damascus-steel-blade-knife-handmade-custom-made-knife-handcrafted-knives-autinetools-northmen-1.1.jpeg","contentUrl":"https:\/\/aaknives.eu\/wp-content\/uploads\/2025\/02\/aaknives-hand-forged-damascus-steel-blade-knife-handmade-custom-made-knife-handcrafted-knives-autinetools-northmen-1.1.jpeg","width":960,"height":1280},{"@type":"BreadcrumbList","@id":"https:\/\/aaknives.eu\/et\/product\/200-160-80-grit-kdtu-hubriid-cbn-teemantterituskivid\/#breadcrumb","itemListElement":[{"@type":"ListItem","position":1,"name":"Home","item":"https:\/\/aaknives.eu\/et\/kodu\/"},{"@type":"ListItem","position":2,"name":"Kauplus","item":"https:\/\/aaknives.eu\/et\/kauplus\/"},{"@type":"ListItem","position":3,"name":"200\/160 80 Grit KDTU h\u00fcbriid CBN teemantterituskivid"}]},{"@type":"WebSite","@id":"https:\/\/aaknives.eu\/et\/#website","url":"https:\/\/aaknives.eu\/et\/","name":"AAKnives","description":"Handmade knives","publisher":{"@id":"https:\/\/aaknives.eu\/et\/#organization"},"potentialAction":[{"@type":"SearchAction","target":{"@type":"EntryPoint","urlTemplate":"https:\/\/aaknives.eu\/et\/?s={search_term_string}"},"query-input":{"@type":"PropertyValueSpecification","valueRequired":true,"valueName":"search_term_string"}}],"inLanguage":"et"},{"@type":"Organization","@id":"https:\/\/aaknives.eu\/et\/#organization","name":"AAKnives","url":"https:\/\/aaknives.eu\/et\/","logo":{"@type":"ImageObject","inLanguage":"et","@id":"https:\/\/aaknives.eu\/et\/#\/schema\/logo\/image\/","url":"https:\/\/aaknives.eu\/wp-content\/uploads\/2021\/10\/AAknives_Logo_Green.png","contentUrl":"https:\/\/aaknives.eu\/wp-content\/uploads\/2021\/10\/AAknives_Logo_Green.png","width":1768,"height":1768,"caption":"AAKnives"},"image":{"@id":"https:\/\/aaknives.eu\/et\/#\/schema\/logo\/image\/"},"sameAs":["https:\/\/www.facebook.com\/aaknives.eu\/","https:\/\/www.instagram.com\/aaknives\/","https:\/\/www.pinterest.com\/aa_knives\/","https:\/\/www.youtube.com\/channel\/UCHOQFjrOkgT6s4FIw9LDKyw\/featured"]}]}},"_links":{"self":[{"href":"https:\/\/aaknives.eu\/et\/wp-json\/wp\/v2\/product\/97787","targetHints":{"allow":["GET"]}}],"collection":[{"href":"https:\/\/aaknives.eu\/et\/wp-json\/wp\/v2\/product"}],"about":[{"href":"https:\/\/aaknives.eu\/et\/wp-json\/wp\/v2\/types\/product"}],"wp:featuredmedia":[{"embeddable":true,"href":"https:\/\/aaknives.eu\/et\/wp-json\/wp\/v2\/media\/97792"}],"wp:attachment":[{"href":"https:\/\/aaknives.eu\/et\/wp-json\/wp\/v2\/media?parent=97787"}],"wp:term":[{"taxonomy":"product_brand","embeddable":true,"href":"https:\/\/aaknives.eu\/et\/wp-json\/wp\/v2\/product_brand?post=97787"},{"taxonomy":"product_cat","embeddable":true,"href":"https:\/\/aaknives.eu\/et\/wp-json\/wp\/v2\/product_cat?post=97787"},{"taxonomy":"product_tag","embeddable":true,"href":"https:\/\/aaknives.eu\/et\/wp-json\/wp\/v2\/product_tag?post=97787"}],"curies":[{"name":"wp","href":"https:\/\/api.w.org\/{rel}","templated":true}]}}