{"id":101286,"date":"2024-09-06T09:45:17","date_gmt":"2024-09-06T09:45:17","guid":{"rendered":"https:\/\/aaknives.eu\/palautuskaytanto\/"},"modified":"2025-09-26T07:42:40","modified_gmt":"2025-09-26T07:42:40","slug":"palautuskaytanto","status":"publish","type":"page","link":"https:\/\/aaknives.eu\/fi\/palautuskaytanto\/","title":{"rendered":"Palautusk\u00e4yt\u00e4nt\u00f6"},"content":{"rendered":"\t\t<div data-elementor-type=\"wp-page\" data-elementor-id=\"101286\" class=\"elementor elementor-101286 elementor-68142\" data-elementor-post-type=\"page\">\n\t\t\t\t\t\t<section class=\"elementor-section elementor-top-section elementor-element elementor-element-fe71221 elementor-section-boxed elementor-section-height-default elementor-section-height-default\" data-id=\"fe71221\" data-element_type=\"section\" data-e-type=\"section\">\n\t\t\t\t\t\t<div class=\"elementor-container elementor-column-gap-default\">\n\t\t\t\t\t<div class=\"elementor-column elementor-col-100 elementor-top-column elementor-element elementor-element-a7e3d87\" data-id=\"a7e3d87\" data-element_type=\"column\" data-e-type=\"column\">\n\t\t\t<div class=\"elementor-widget-wrap elementor-element-populated\">\n\t\t\t\t\t\t<div class=\"elementor-element elementor-element-1f74b81 elementor-widget elementor-widget-text-editor\" data-id=\"1f74b81\" data-element_type=\"widget\" data-e-type=\"widget\" data-widget_type=\"text-editor.default\">\n\t\t\t\t<div class=\"elementor-widget-container\">\n\t\t\t\t\t\t\t\t\t<p><strong> <\/strong><strong>Kiitos, ett\u00e4 asioit verkkokaupassamme! <\/strong><\/p><p>Jos et jostain syyst\u00e4 ole t\u00e4ysin tyytyv\u00e4inen ostokseesi, tutustu palautus &#8211; ja hyvitysk\u00e4yt\u00e4nt\u00f6\u00f6mme. <br>N\u00e4m\u00e4 ehdot koskevat kaikkia t\u00e4st\u00e4 verkkokaupasta ostettuja tuotteita. <\/p><p>T\u00e4m\u00e4 palautus- ja hyvitysk\u00e4yt\u00e4nt\u00f6 koskee seuraavaa yrityst\u00e4:<br>SIA \u201dGONE FISHING\u201d, osoite: Sergeja Eizen\u0161teina iela 57 &#8211; 88, Riika, LV-1079. N\u00e4iss\u00e4 ehdoissa t\u00e4t\u00e4 yrityst\u00e4 kutsutaan nimell\u00e4 \u201dYritys\u201d, \u201dMe\u201d, \u2018Meit\u00e4\u2019, \u201dMeid\u00e4n\u201d).  <\/p><p><strong>Oikeutesi peruuttaa tilauksesi <\/strong><\/p><ul><li>Sinulla on oikeus peruuttaa tilauksesi 14 p\u00e4iv\u00e4n kuluessa ilman erityist\u00e4 syyt\u00e4. <\/li><li>Tilauksen peruuttamisen m\u00e4\u00e4r\u00e4aika on 14 p\u00e4iv\u00e4\u00e4 tavaran vastaanottop\u00e4iv\u00e4st\u00e4. <\/li><li>K\u00e4ytt\u00e4\u00e4ksesi peruuttamisoikeuttasi sinun on ilmoitettava p\u00e4\u00e4t\u00f6ksest\u00e4si selke\u00e4ll\u00e4 ilmoituksella. Voit ilmoittaa p\u00e4\u00e4t\u00f6ksest\u00e4si s\u00e4hk\u00f6postitse osoitteeseen <a href=\"mailto:info@aaknives.eu\">info@aaknives.eu<\/a> tai soittamalla numeroon <a href=\"tel:+371%202%20440%2061%2060\">+371 24406160<\/a>. <\/li><\/ul><p>Palautamme rahasi viimeist\u00e4\u00e4n 14 p\u00e4iv\u00e4n kuluessa siit\u00e4 p\u00e4iv\u00e4st\u00e4, jona olemme vastaanottaneet palautetut tavarat. K\u00e4yt\u00e4mme samaa maksutapaa, jota k\u00e4ytit tilauksessasi, eik\u00e4 sinulle veloiteta mit\u00e4\u00e4n t\u00e4st\u00e4 palautuksesta.  <\/p><p><strong>Toimitusehdot <\/strong><\/p><p> <\/p><p>Palauttaaksesi tuotteita, varmista, ett\u00e4: <\/p><ul><li>Viimeisten 14 p\u00e4iv\u00e4n aikana ostetut tuotteet <\/li><li>Tavarat ovat k\u00e4ytt\u00e4m\u00e4tt\u00f6mi\u00e4 ja vahingoittumattomia.<\/li><\/ul><p>Pid\u00e4t\u00e4mme oikeuden kielt\u00e4yty\u00e4 ottamasta vastaan tavaroita, jotka eiv\u00e4t t\u00e4yt\u00e4 edell\u00e4 mainittuja ehtoja, oman harkintamme mukaan. <\/p><p><strong>Tavaroiden palautus <\/strong><\/p><p>Sinun on vastattava tavaroiden palauttamisesta meille aiheutuvista kustannuksista. Tavarat on l\u00e4hetett\u00e4v\u00e4 tai toimitettava seuraavaan osoitteeseen: Riga, \u0160mer\u013ca iela 3, (Kinostudijas-rakennus), 2. kerros, huone 278.  <\/p><ul><li>Emme ole vastuussa tavaroista, jotka vahingoittuvat tai katoavat kuljetuksen aikana.<\/li><li>Emme voi suorittaa hyvityst\u00e4 ilman tavaroiden todellista vastaanottamista tai palautuksen toimittamista koskevaa todistetta. <\/li><\/ul><p><strong> Ota yhteytt\u00e4 <\/strong><\/p><p>Jos sinulla on kysytt\u00e4v\u00e4\u00e4 palautus- ja hyvitysk\u00e4yt\u00e4nn\u00f6st\u00e4mme, ota meihin yhteytt\u00e4: <\/p><p>S\u00e4hk\u00f6posti:<a href=\"mailto:info@aaknives.eu\"> info@aaknives.eu<\/a><br>Puhelin: <a href=\"tel:+371%202%20440%2061%2060\">+371 2 440 61 60<\/a><\/p>\t\t\t\t\t\t\t\t<\/div>\n\t\t\t\t<\/div>\n\t\t\t\t\t<\/div>\n\t\t<\/div>\n\t\t\t\t\t<\/div>\n\t\t<\/section>\n\t\t\t\t<\/div>\n\t\t","protected":false},"excerpt":{"rendered":"<p>Kiitos, ett\u00e4 asioit verkkokaupassamme! Jos et jostain syyst\u00e4 ole t\u00e4ysin tyytyv\u00e4inen ostokseesi, tutustu palautus &#8211; ja hyvitysk\u00e4yt\u00e4nt\u00f6\u00f6mme. N\u00e4m\u00e4 ehdot koskevat kaikkia t\u00e4st\u00e4 verkkokaupasta ostettuja tuotteita. T\u00e4m\u00e4 palautus- ja hyvitysk\u00e4yt\u00e4nt\u00f6 koskee seuraavaa yrityst\u00e4:SIA \u201dGONE FISHING\u201d, osoite: Sergeja Eizen\u0161teina iela 57 &#8211; 88, Riika, LV-1079. N\u00e4iss\u00e4 ehdoissa t\u00e4t\u00e4 yrityst\u00e4 kutsutaan nimell\u00e4 \u201dYritys\u201d, \u201dMe\u201d, \u2018Meit\u00e4\u2019, \u201dMeid\u00e4n\u201d). Oikeutesi peruuttaa tilauksesi Sinulla on oikeus peruuttaa tilauksesi 14 p\u00e4iv\u00e4n kuluessa ilman erityist\u00e4 syyt\u00e4. Tilauksen peruuttamisen m\u00e4\u00e4r\u00e4aika on 14 p\u00e4iv\u00e4\u00e4 tavaran vastaanottop\u00e4iv\u00e4st\u00e4. K\u00e4ytt\u00e4\u00e4ksesi peruuttamisoikeuttasi sinun on ilmoitettava p\u00e4\u00e4t\u00f6ksest\u00e4si selke\u00e4ll\u00e4 ilmoituksella. Voit ilmoittaa p\u00e4\u00e4t\u00f6ksest\u00e4si s\u00e4hk\u00f6postitse osoitteeseen info@aaknives.eu tai soittamalla numeroon +371 24406160. Palautamme rahasi viimeist\u00e4\u00e4n 14 p\u00e4iv\u00e4n kuluessa&hellip;<\/p>\n","protected":false},"author":1,"featured_media":0,"parent":0,"menu_order":0,"comment_status":"closed","ping_status":"closed","template":"","meta":{"_themeisle_gutenberg_block_has_review":false,"footnotes":""},"class_list":["post-101286","page","type-page","status-publish","hentry"],"yoast_head":"<!-- This site is optimized with the Yoast SEO plugin v27.3 - https:\/\/yoast.com\/product\/yoast-seo-wordpress\/ -->\n<title>Palautusk\u00e4yt\u00e4nt\u00f6 - AAKnives<\/title>\n<meta name=\"robots\" content=\"index, follow, max-snippet:-1, max-image-preview:large, max-video-preview:-1\" \/>\n<link rel=\"canonical\" href=\"https:\/\/aaknives.eu\/fi\/palautuskaytanto\/\" \/>\n<meta property=\"og:locale\" content=\"fi_FI\" \/>\n<meta property=\"og:type\" content=\"article\" \/>\n<meta property=\"og:title\" content=\"Palautusk\u00e4yt\u00e4nt\u00f6 - AAKnives\" \/>\n<meta property=\"og:description\" content=\"Kiitos, ett\u00e4 asioit verkkokaupassamme! Jos et jostain syyst\u00e4 ole t\u00e4ysin tyytyv\u00e4inen ostokseesi, tutustu palautus &#8211; ja hyvitysk\u00e4yt\u00e4nt\u00f6\u00f6mme. N\u00e4m\u00e4 ehdot koskevat kaikkia t\u00e4st\u00e4 verkkokaupasta ostettuja tuotteita. T\u00e4m\u00e4 palautus- ja hyvitysk\u00e4yt\u00e4nt\u00f6 koskee seuraavaa yrityst\u00e4:SIA \u201dGONE FISHING\u201d, osoite: Sergeja Eizen\u0161teina iela 57 &#8211; 88, Riika, LV-1079. N\u00e4iss\u00e4 ehdoissa t\u00e4t\u00e4 yrityst\u00e4 kutsutaan nimell\u00e4 \u201dYritys\u201d, \u201dMe\u201d, \u2018Meit\u00e4\u2019, \u201dMeid\u00e4n\u201d). Oikeutesi peruuttaa tilauksesi Sinulla on oikeus peruuttaa tilauksesi 14 p\u00e4iv\u00e4n kuluessa ilman erityist\u00e4 syyt\u00e4. Tilauksen peruuttamisen m\u00e4\u00e4r\u00e4aika on 14 p\u00e4iv\u00e4\u00e4 tavaran vastaanottop\u00e4iv\u00e4st\u00e4. K\u00e4ytt\u00e4\u00e4ksesi peruuttamisoikeuttasi sinun on ilmoitettava p\u00e4\u00e4t\u00f6ksest\u00e4si selke\u00e4ll\u00e4 ilmoituksella. Voit ilmoittaa p\u00e4\u00e4t\u00f6ksest\u00e4si s\u00e4hk\u00f6postitse osoitteeseen info@aaknives.eu tai soittamalla numeroon +371 24406160. Palautamme rahasi viimeist\u00e4\u00e4n 14 p\u00e4iv\u00e4n kuluessa&hellip;\" \/>\n<meta property=\"og:url\" content=\"https:\/\/aaknives.eu\/fi\/palautuskaytanto\/\" \/>\n<meta property=\"og:site_name\" content=\"AAKnives\" \/>\n<meta property=\"article:publisher\" content=\"https:\/\/www.facebook.com\/aaknives.eu\/\" \/>\n<meta property=\"article:modified_time\" content=\"2025-09-26T07:42:40+00:00\" \/>\n<meta name=\"twitter:card\" content=\"summary_large_image\" \/>\n<meta name=\"twitter:label1\" content=\"Arvioitu lukuaika\" \/>\n\t<meta name=\"twitter:data1\" content=\"1 minuutti\" \/>\n<script type=\"application\/ld+json\" class=\"yoast-schema-graph\">{\"@context\":\"https:\\\/\\\/schema.org\",\"@graph\":[{\"@type\":\"WebPage\",\"@id\":\"https:\\\/\\\/aaknives.eu\\\/fi\\\/palautuskaytanto\\\/\",\"url\":\"https:\\\/\\\/aaknives.eu\\\/fi\\\/palautuskaytanto\\\/\",\"name\":\"Palautusk\u00e4yt\u00e4nt\u00f6 - AAKnives\",\"isPartOf\":{\"@id\":\"https:\\\/\\\/aaknives.eu\\\/fi\\\/#website\"},\"datePublished\":\"2024-09-06T09:45:17+00:00\",\"dateModified\":\"2025-09-26T07:42:40+00:00\",\"breadcrumb\":{\"@id\":\"https:\\\/\\\/aaknives.eu\\\/fi\\\/palautuskaytanto\\\/#breadcrumb\"},\"inLanguage\":\"fi\",\"potentialAction\":[{\"@type\":\"ReadAction\",\"target\":[\"https:\\\/\\\/aaknives.eu\\\/fi\\\/palautuskaytanto\\\/\"]}]},{\"@type\":\"BreadcrumbList\",\"@id\":\"https:\\\/\\\/aaknives.eu\\\/fi\\\/palautuskaytanto\\\/#breadcrumb\",\"itemListElement\":[{\"@type\":\"ListItem\",\"position\":1,\"name\":\"Home\",\"item\":\"https:\\\/\\\/aaknives.eu\\\/fi\\\/\"},{\"@type\":\"ListItem\",\"position\":2,\"name\":\"Palautusk\u00e4yt\u00e4nt\u00f6\"}]},{\"@type\":\"WebSite\",\"@id\":\"https:\\\/\\\/aaknives.eu\\\/fi\\\/#website\",\"url\":\"https:\\\/\\\/aaknives.eu\\\/fi\\\/\",\"name\":\"AAKnives\",\"description\":\"Handmade knives\",\"publisher\":{\"@id\":\"https:\\\/\\\/aaknives.eu\\\/fi\\\/#organization\"},\"potentialAction\":[{\"@type\":\"SearchAction\",\"target\":{\"@type\":\"EntryPoint\",\"urlTemplate\":\"https:\\\/\\\/aaknives.eu\\\/fi\\\/?s={search_term_string}\"},\"query-input\":{\"@type\":\"PropertyValueSpecification\",\"valueRequired\":true,\"valueName\":\"search_term_string\"}}],\"inLanguage\":\"fi\"},{\"@type\":\"Organization\",\"@id\":\"https:\\\/\\\/aaknives.eu\\\/fi\\\/#organization\",\"name\":\"AAKnives\",\"url\":\"https:\\\/\\\/aaknives.eu\\\/fi\\\/\",\"logo\":{\"@type\":\"ImageObject\",\"inLanguage\":\"fi\",\"@id\":\"https:\\\/\\\/aaknives.eu\\\/fi\\\/#\\\/schema\\\/logo\\\/image\\\/\",\"url\":\"https:\\\/\\\/aaknives.eu\\\/wp-content\\\/uploads\\\/2021\\\/10\\\/AAknives_Logo_Green.png\",\"contentUrl\":\"https:\\\/\\\/aaknives.eu\\\/wp-content\\\/uploads\\\/2021\\\/10\\\/AAknives_Logo_Green.png\",\"width\":1768,\"height\":1768,\"caption\":\"AAKnives\"},\"image\":{\"@id\":\"https:\\\/\\\/aaknives.eu\\\/fi\\\/#\\\/schema\\\/logo\\\/image\\\/\"},\"sameAs\":[\"https:\\\/\\\/www.facebook.com\\\/aaknives.eu\\\/\",\"https:\\\/\\\/www.instagram.com\\\/aaknives\\\/\",\"https:\\\/\\\/www.pinterest.com\\\/aa_knives\\\/\",\"https:\\\/\\\/www.youtube.com\\\/channel\\\/UCHOQFjrOkgT6s4FIw9LDKyw\\\/featured\"]}]}<\/script>\n<!-- \/ Yoast SEO plugin. -->","yoast_head_json":{"title":"Palautusk\u00e4yt\u00e4nt\u00f6 - AAKnives","robots":{"index":"index","follow":"follow","max-snippet":"max-snippet:-1","max-image-preview":"max-image-preview:large","max-video-preview":"max-video-preview:-1"},"canonical":"https:\/\/aaknives.eu\/fi\/palautuskaytanto\/","og_locale":"fi_FI","og_type":"article","og_title":"Palautusk\u00e4yt\u00e4nt\u00f6 - AAKnives","og_description":"Kiitos, ett\u00e4 asioit verkkokaupassamme! Jos et jostain syyst\u00e4 ole t\u00e4ysin tyytyv\u00e4inen ostokseesi, tutustu palautus &#8211; ja hyvitysk\u00e4yt\u00e4nt\u00f6\u00f6mme. N\u00e4m\u00e4 ehdot koskevat kaikkia t\u00e4st\u00e4 verkkokaupasta ostettuja tuotteita. T\u00e4m\u00e4 palautus- ja hyvitysk\u00e4yt\u00e4nt\u00f6 koskee seuraavaa yrityst\u00e4:SIA \u201dGONE FISHING\u201d, osoite: Sergeja Eizen\u0161teina iela 57 &#8211; 88, Riika, LV-1079. N\u00e4iss\u00e4 ehdoissa t\u00e4t\u00e4 yrityst\u00e4 kutsutaan nimell\u00e4 \u201dYritys\u201d, \u201dMe\u201d, \u2018Meit\u00e4\u2019, \u201dMeid\u00e4n\u201d). Oikeutesi peruuttaa tilauksesi Sinulla on oikeus peruuttaa tilauksesi 14 p\u00e4iv\u00e4n kuluessa ilman erityist\u00e4 syyt\u00e4. Tilauksen peruuttamisen m\u00e4\u00e4r\u00e4aika on 14 p\u00e4iv\u00e4\u00e4 tavaran vastaanottop\u00e4iv\u00e4st\u00e4. K\u00e4ytt\u00e4\u00e4ksesi peruuttamisoikeuttasi sinun on ilmoitettava p\u00e4\u00e4t\u00f6ksest\u00e4si selke\u00e4ll\u00e4 ilmoituksella. Voit ilmoittaa p\u00e4\u00e4t\u00f6ksest\u00e4si s\u00e4hk\u00f6postitse osoitteeseen info@aaknives.eu tai soittamalla numeroon +371 24406160. Palautamme rahasi viimeist\u00e4\u00e4n 14 p\u00e4iv\u00e4n kuluessa&hellip;","og_url":"https:\/\/aaknives.eu\/fi\/palautuskaytanto\/","og_site_name":"AAKnives","article_publisher":"https:\/\/www.facebook.com\/aaknives.eu\/","article_modified_time":"2025-09-26T07:42:40+00:00","twitter_card":"summary_large_image","twitter_misc":{"Arvioitu lukuaika":"1 minuutti"},"schema":{"@context":"https:\/\/schema.org","@graph":[{"@type":"WebPage","@id":"https:\/\/aaknives.eu\/fi\/palautuskaytanto\/","url":"https:\/\/aaknives.eu\/fi\/palautuskaytanto\/","name":"Palautusk\u00e4yt\u00e4nt\u00f6 - AAKnives","isPartOf":{"@id":"https:\/\/aaknives.eu\/fi\/#website"},"datePublished":"2024-09-06T09:45:17+00:00","dateModified":"2025-09-26T07:42:40+00:00","breadcrumb":{"@id":"https:\/\/aaknives.eu\/fi\/palautuskaytanto\/#breadcrumb"},"inLanguage":"fi","potentialAction":[{"@type":"ReadAction","target":["https:\/\/aaknives.eu\/fi\/palautuskaytanto\/"]}]},{"@type":"BreadcrumbList","@id":"https:\/\/aaknives.eu\/fi\/palautuskaytanto\/#breadcrumb","itemListElement":[{"@type":"ListItem","position":1,"name":"Home","item":"https:\/\/aaknives.eu\/fi\/"},{"@type":"ListItem","position":2,"name":"Palautusk\u00e4yt\u00e4nt\u00f6"}]},{"@type":"WebSite","@id":"https:\/\/aaknives.eu\/fi\/#website","url":"https:\/\/aaknives.eu\/fi\/","name":"AAKnives","description":"Handmade knives","publisher":{"@id":"https:\/\/aaknives.eu\/fi\/#organization"},"potentialAction":[{"@type":"SearchAction","target":{"@type":"EntryPoint","urlTemplate":"https:\/\/aaknives.eu\/fi\/?s={search_term_string}"},"query-input":{"@type":"PropertyValueSpecification","valueRequired":true,"valueName":"search_term_string"}}],"inLanguage":"fi"},{"@type":"Organization","@id":"https:\/\/aaknives.eu\/fi\/#organization","name":"AAKnives","url":"https:\/\/aaknives.eu\/fi\/","logo":{"@type":"ImageObject","inLanguage":"fi","@id":"https:\/\/aaknives.eu\/fi\/#\/schema\/logo\/image\/","url":"https:\/\/aaknives.eu\/wp-content\/uploads\/2021\/10\/AAknives_Logo_Green.png","contentUrl":"https:\/\/aaknives.eu\/wp-content\/uploads\/2021\/10\/AAknives_Logo_Green.png","width":1768,"height":1768,"caption":"AAKnives"},"image":{"@id":"https:\/\/aaknives.eu\/fi\/#\/schema\/logo\/image\/"},"sameAs":["https:\/\/www.facebook.com\/aaknives.eu\/","https:\/\/www.instagram.com\/aaknives\/","https:\/\/www.pinterest.com\/aa_knives\/","https:\/\/www.youtube.com\/channel\/UCHOQFjrOkgT6s4FIw9LDKyw\/featured"]}]}},"_links":{"self":[{"href":"https:\/\/aaknives.eu\/fi\/wp-json\/wp\/v2\/pages\/101286","targetHints":{"allow":["GET"]}}],"collection":[{"href":"https:\/\/aaknives.eu\/fi\/wp-json\/wp\/v2\/pages"}],"about":[{"href":"https:\/\/aaknives.eu\/fi\/wp-json\/wp\/v2\/types\/page"}],"author":[{"embeddable":true,"href":"https:\/\/aaknives.eu\/fi\/wp-json\/wp\/v2\/users\/1"}],"replies":[{"embeddable":true,"href":"https:\/\/aaknives.eu\/fi\/wp-json\/wp\/v2\/comments?post=101286"}],"version-history":[{"count":1,"href":"https:\/\/aaknives.eu\/fi\/wp-json\/wp\/v2\/pages\/101286\/revisions"}],"predecessor-version":[{"id":101287,"href":"https:\/\/aaknives.eu\/fi\/wp-json\/wp\/v2\/pages\/101286\/revisions\/101287"}],"wp:attachment":[{"href":"https:\/\/aaknives.eu\/fi\/wp-json\/wp\/v2\/media?parent=101286"}],"curies":[{"name":"wp","href":"https:\/\/api.w.org\/{rel}","templated":true}]}}