{"id":63698,"date":"2023-09-12T21:02:18","date_gmt":"2023-09-12T21:02:18","guid":{"rendered":"https:\/\/aaknives.eu\/blogi\/"},"modified":"2025-01-21T22:22:21","modified_gmt":"2025-01-21T22:22:21","slug":"blogi","status":"publish","type":"page","link":"https:\/\/aaknives.eu\/fi\/blogi\/","title":{"rendered":"Blogi"},"content":{"rendered":"\t\t<div data-elementor-type=\"wp-page\" data-elementor-id=\"63698\" class=\"elementor elementor-63698 elementor-37979\" data-elementor-post-type=\"page\">\n\t\t\t\t\t\t<section class=\"elementor-section elementor-top-section elementor-element elementor-element-e390344 elementor-section-boxed elementor-section-height-default elementor-section-height-default\" data-id=\"e390344\" data-element_type=\"section\" data-e-type=\"section\" id=\"blog-grid\">\n\t\t\t\t\t\t<div class=\"elementor-container elementor-column-gap-default\">\n\t\t\t\t\t<div class=\"elementor-column elementor-col-100 elementor-top-column elementor-element elementor-element-7e33544\" data-id=\"7e33544\" data-element_type=\"column\" data-e-type=\"column\">\n\t\t\t<div class=\"elementor-widget-wrap\">\n\t\t\t\t\t\t\t<\/div>\n\t\t<\/div>\n\t\t\t\t\t<\/div>\n\t\t<\/section>\n\t\t\t\t<section class=\"elementor-section elementor-top-section elementor-element elementor-element-cb372d2 elementor-section-boxed elementor-section-height-default elementor-section-height-default\" data-id=\"cb372d2\" data-element_type=\"section\" data-e-type=\"section\">\n\t\t\t\t\t\t<div class=\"elementor-container elementor-column-gap-default\">\n\t\t\t\t\t<div class=\"elementor-column elementor-col-100 elementor-top-column elementor-element elementor-element-043806a\" data-id=\"043806a\" data-element_type=\"column\" data-e-type=\"column\">\n\t\t\t<div class=\"elementor-widget-wrap elementor-element-populated\">\n\t\t\t\t\t\t<div class=\"elementor-element elementor-element-5769faf elementor-widget elementor-widget-konte-posts-grid\" data-id=\"5769faf\" data-element_type=\"widget\" data-e-type=\"widget\" data-widget_type=\"konte-posts-grid.default\">\n\t\t\t\t<div class=\"elementor-widget-container\">\n\t\t\t\t\t<div class=\"konte-post-grid post-grid clearfix columns-2 columns-gap-40  konte-post-grid--elementor\"><div class=\"post-63746 post type-post status-publish format-standard hentry category-uncategorized-fi\">\n\t\t\t\t\t\n\t\t\t\t\t<div class=\"konte-post-grid__summary\">\n\t\t\t\t\t\t<h5 class=\"post-title\"><a href=\"https:\/\/aaknives.eu\/fi\/bohler-uddeholm-n695-teras\/\" rel=\"bookmark\">Bohler Uddeholm N695 ter\u00e4s<\/a><\/h5>\n\t\t\t\t\t\t<div class=\"post-summary\">Bohler Uddeholm N695 -ter\u00e4s on hyv\u00e4maineisen ter\u00e4ksentuottajan Bohler Uddeholmin valmistama ruostumaton ja kest\u00e4v\u00e4 materiaali. Se erottuu kyvyst\u00e4\u00e4n s\u00e4ilytt\u00e4\u00e4 ter\u00e4n s\u00e4rm\u00e4 ja kest\u00e4\u00e4 kovaa k\u00e4ytt\u00f6\u00e4. Bohler Uddeholm N695 -ter\u00e4ksest\u00e4 valmistetut veitsenter\u00e4t tarjoavat moitteettoman leikkaustarkkuuden ja pitk\u00e4n k\u00e4ytt\u00f6i\u00e4n, joten ne sopivat erinomaisesti keitti\u00f6\u00f6n, ulkoilmaan ja jokap\u00e4iv\u00e4isiin seikkailuihin. Kiinnit\u00e4mme erityist\u00e4 huomiota yksityiskohtiin ja laatuun ja k\u00e4yt\u00e4mme Bohler Uddeholm N695 -ter\u00e4st\u00e4 luodaksemme veitsen, joka ei erotu vain ulkon\u00e4\u00f6ll\u00e4\u00e4n, vaan kest\u00e4\u00e4 my\u00f6s vaativimmat teht\u00e4v\u00e4t. Kokeile Bohler Uddeholm N695 -ter\u00e4sveitsimallistoamme ja tutustu t\u00e4m\u00e4n ter\u00e4ksen ainutlaatuisiin ominaisuuksiin jo t\u00e4n\u00e4\u00e4n! https:\/\/aaknives.eu\/veikals\/?material=n695-lv<\/div>\n\t\t\t\t\t\t<a class=\"button alt\" href=\"https:\/\/aaknives.eu\/fi\/bohler-uddeholm-n695-teras\/\">Jatka lukemista<\/a>\n\t\t\t\t\t<\/div>\n\t\t\t\t<\/div><div class=\"post-63748 post type-post status-publish format-gallery hentry category-uncategorized-fi post_format-post-format-gallery\">\n\t\t\t\t\t\n\t\t\t\t\t<div class=\"konte-post-grid__summary\">\n\t\t\t\t\t\t<h5 class=\"post-title\"><a href=\"https:\/\/aaknives.eu\/fi\/veitsi-taydellinen-lahja\/\" rel=\"bookmark\">Veitsi &#8211; t\u00e4ydellinen lahja<\/a><\/h5>\n\t\t\t\t\t\t<div class=\"post-summary\">Veitsi &#8211; hieno ja eksklusiivinen lahja kaikkiin tilaisuuksiin. K\u00e4sin taotut veitsemme ovat ainutlaatuisia ja huolellisesti valmistettuja korkealaatuisesta ruostumattomasta tai damaskoter\u00e4ksest\u00e4. Jokaiseen veitseen voidaan kaivertaa haluamasi logo, nimikirjaimet, nimi ja muut symbolit. Ennen kuin annat veitsen, pyyd\u00e4 vastaanottajalta vastineeksi pieni kolikko &#8211; t\u00e4m\u00e4 on uskomus siit\u00e4, ettei veitsiin lankea. Jokaisen veitsen mukana toimitetaan tyylik\u00e4s nahkalompakko, johon voi my\u00f6s kaivertaa kaiverruksen, joka lis\u00e4\u00e4 sen merkityst\u00e4. Lahja pakataan kauniiseen lahjapakkaukseen, jossa voit yll\u00e4tt\u00e4\u00e4 rakkaasi luovalla ja tyylikk\u00e4\u00e4ll\u00e4 tavalla. Valitse lahjasi &#8211; erityinen ja mieleenpainuva veitsi, ja vastaanottaja muistaa sinut koko el\u00e4m\u00e4ns\u00e4 ajan. https:\/\/aaknives.eu\/veikals\/<\/div>\n\t\t\t\t\t\t<a class=\"button alt\" href=\"https:\/\/aaknives.eu\/fi\/veitsi-taydellinen-lahja\/\">Jatka lukemista<\/a>\n\t\t\t\t\t<\/div>\n\t\t\t\t<\/div><\/div>\t\t\t\t<\/div>\n\t\t\t\t<\/div>\n\t\t\t\t\t<\/div>\n\t\t<\/div>\n\t\t\t\t\t<\/div>\n\t\t<\/section>\n\t\t\t\t<\/div>\n\t\t","protected":false},"excerpt":{"rendered":"<p>T\u0113rauds Bohler Uddeholm N695 Bohler Uddeholm N695 t\u0113rauds ir ner\u016bs\u0113jo\u0161s un iztur\u012bgs materi\u0101ls, ko ra\u017eo cien\u012bjama t\u0113rauda ra\u017eot\u0101js Bohler Uddeholm. Tas izce\u013cas ar savu sp\u0113ju saglab\u0101t asme\u0146a \u0161\u0137autni un iztur\u0113t intens\u012bvu lieto\u0161anu. M\u016bsu na\u017eu asme\u0146i, izgatavoti no Bohler Uddeholm N695 t\u0113rauda, sniedz nevainojamu grie\u0161anas precizit\u0101ti un ilgsto\u0161u kalpo\u0161anas laiku, kas padara tos par ide\u0101liem pal\u012bgiem virtuv\u0113, br\u012bv\u0101 dab\u0101 vai ikdienas piedz\u012bvojumos. M\u0113s piev\u0113r\u0161am \u012bpa\u0161u uzman\u012bbu deta\u013c\u0101m un kvalit\u0101tei, izmantojot Bohler Uddeholm N695 t\u0113raudu, lai rad\u012btu nazi, kas ne tikai izce\u013cas ar savu izskatu, bet ar\u012b sp\u0113j pild\u012bt vissare\u017e\u0123\u012bt\u0101kos uzdevumus. Izm\u0113\u0123iniet m\u016bsu Bohler Uddeholm N695 t\u0113rauda na\u017eu kolekciju un iepaz\u012bstieties ar&hellip;<\/p>\n","protected":false},"author":1,"featured_media":0,"parent":0,"menu_order":0,"comment_status":"closed","ping_status":"closed","template":"","meta":{"_themeisle_gutenberg_block_has_review":false,"footnotes":""},"class_list":["post-63698","page","type-page","status-publish","hentry"],"yoast_head":"<!-- This site is optimized with the Yoast SEO plugin v27.5 - https:\/\/yoast.com\/product\/yoast-seo-wordpress\/ -->\n<title>Blogi - AAKnives<\/title>\n<meta name=\"robots\" content=\"index, follow, max-snippet:-1, max-image-preview:large, max-video-preview:-1\" \/>\n<link rel=\"canonical\" href=\"https:\/\/aaknives.eu\/fi\/blogi\/\" \/>\n<meta property=\"og:locale\" content=\"fi_FI\" \/>\n<meta property=\"og:type\" content=\"article\" \/>\n<meta property=\"og:title\" content=\"Blogi - AAKnives\" \/>\n<meta property=\"og:description\" content=\"T\u0113rauds Bohler Uddeholm N695 Bohler Uddeholm N695 t\u0113rauds ir ner\u016bs\u0113jo\u0161s un iztur\u012bgs materi\u0101ls, ko ra\u017eo cien\u012bjama t\u0113rauda ra\u017eot\u0101js Bohler Uddeholm. Tas izce\u013cas ar savu sp\u0113ju saglab\u0101t asme\u0146a \u0161\u0137autni un iztur\u0113t intens\u012bvu lieto\u0161anu. M\u016bsu na\u017eu asme\u0146i, izgatavoti no Bohler Uddeholm N695 t\u0113rauda, sniedz nevainojamu grie\u0161anas precizit\u0101ti un ilgsto\u0161u kalpo\u0161anas laiku, kas padara tos par ide\u0101liem pal\u012bgiem virtuv\u0113, br\u012bv\u0101 dab\u0101 vai ikdienas piedz\u012bvojumos. M\u0113s piev\u0113r\u0161am \u012bpa\u0161u uzman\u012bbu deta\u013c\u0101m un kvalit\u0101tei, izmantojot Bohler Uddeholm N695 t\u0113raudu, lai rad\u012btu nazi, kas ne tikai izce\u013cas ar savu izskatu, bet ar\u012b sp\u0113j pild\u012bt vissare\u017e\u0123\u012bt\u0101kos uzdevumus. Izm\u0113\u0123iniet m\u016bsu Bohler Uddeholm N695 t\u0113rauda na\u017eu kolekciju un iepaz\u012bstieties ar&hellip;\" \/>\n<meta property=\"og:url\" content=\"https:\/\/aaknives.eu\/fi\/blogi\/\" \/>\n<meta property=\"og:site_name\" content=\"AAKnives\" \/>\n<meta property=\"article:publisher\" content=\"https:\/\/www.facebook.com\/aaknives.eu\/\" \/>\n<meta property=\"article:modified_time\" content=\"2025-01-21T22:22:21+00:00\" \/>\n<meta property=\"og:image\" content=\"https:\/\/aaknives.eu\/wp-content\/uploads\/2023\/08\/aaknives-hand-forged-dabascus-steel-blade-knife-handmade-custom-made-knife-handcrafted-knives-autinetools-northmen-7-1-450x300.jpg\" \/>\n<meta name=\"twitter:card\" content=\"summary_large_image\" \/>\n<meta name=\"twitter:label1\" content=\"Arvioitu lukuaika\" \/>\n\t<meta name=\"twitter:data1\" content=\"6 minuuttia\" \/>\n<script type=\"application\/ld+json\" class=\"yoast-schema-graph\">{\"@context\":\"https:\\\/\\\/schema.org\",\"@graph\":[{\"@type\":\"WebPage\",\"@id\":\"https:\\\/\\\/aaknives.eu\\\/fi\\\/blogi\\\/\",\"url\":\"https:\\\/\\\/aaknives.eu\\\/fi\\\/blogi\\\/\",\"name\":\"Blogi - AAKnives\",\"isPartOf\":{\"@id\":\"https:\\\/\\\/aaknives.eu\\\/fi\\\/#website\"},\"primaryImageOfPage\":{\"@id\":\"https:\\\/\\\/aaknives.eu\\\/fi\\\/blogi\\\/#primaryimage\"},\"image\":{\"@id\":\"https:\\\/\\\/aaknives.eu\\\/fi\\\/blogi\\\/#primaryimage\"},\"thumbnailUrl\":\"https:\\\/\\\/aaknives.eu\\\/wp-content\\\/uploads\\\/2023\\\/08\\\/aaknives-hand-forged-dabascus-steel-blade-knife-handmade-custom-made-knife-handcrafted-knives-autinetools-northmen-7-1-450x300.jpg\",\"datePublished\":\"2023-09-12T21:02:18+00:00\",\"dateModified\":\"2025-01-21T22:22:21+00:00\",\"breadcrumb\":{\"@id\":\"https:\\\/\\\/aaknives.eu\\\/fi\\\/blogi\\\/#breadcrumb\"},\"inLanguage\":\"fi\",\"potentialAction\":[{\"@type\":\"ReadAction\",\"target\":[\"https:\\\/\\\/aaknives.eu\\\/fi\\\/blogi\\\/\"]}]},{\"@type\":\"ImageObject\",\"inLanguage\":\"fi\",\"@id\":\"https:\\\/\\\/aaknives.eu\\\/fi\\\/blogi\\\/#primaryimage\",\"url\":\"https:\\\/\\\/aaknives.eu\\\/wp-content\\\/uploads\\\/2023\\\/08\\\/aaknives-hand-forged-dabascus-steel-blade-knife-handmade-custom-made-knife-handcrafted-knives-autinetools-northmen-7-1-450x300.jpg\",\"contentUrl\":\"https:\\\/\\\/aaknives.eu\\\/wp-content\\\/uploads\\\/2023\\\/08\\\/aaknives-hand-forged-dabascus-steel-blade-knife-handmade-custom-made-knife-handcrafted-knives-autinetools-northmen-7-1-450x300.jpg\"},{\"@type\":\"BreadcrumbList\",\"@id\":\"https:\\\/\\\/aaknives.eu\\\/fi\\\/blogi\\\/#breadcrumb\",\"itemListElement\":[{\"@type\":\"ListItem\",\"position\":1,\"name\":\"Home\",\"item\":\"https:\\\/\\\/aaknives.eu\\\/fi\\\/\"},{\"@type\":\"ListItem\",\"position\":2,\"name\":\"Blogi\"}]},{\"@type\":\"WebSite\",\"@id\":\"https:\\\/\\\/aaknives.eu\\\/fi\\\/#website\",\"url\":\"https:\\\/\\\/aaknives.eu\\\/fi\\\/\",\"name\":\"AAKnives\",\"description\":\"Handmade knives\",\"publisher\":{\"@id\":\"https:\\\/\\\/aaknives.eu\\\/fi\\\/#organization\"},\"potentialAction\":[{\"@type\":\"SearchAction\",\"target\":{\"@type\":\"EntryPoint\",\"urlTemplate\":\"https:\\\/\\\/aaknives.eu\\\/fi\\\/?s={search_term_string}\"},\"query-input\":{\"@type\":\"PropertyValueSpecification\",\"valueRequired\":true,\"valueName\":\"search_term_string\"}}],\"inLanguage\":\"fi\"},{\"@type\":\"Organization\",\"@id\":\"https:\\\/\\\/aaknives.eu\\\/fi\\\/#organization\",\"name\":\"AAKnives\",\"url\":\"https:\\\/\\\/aaknives.eu\\\/fi\\\/\",\"logo\":{\"@type\":\"ImageObject\",\"inLanguage\":\"fi\",\"@id\":\"https:\\\/\\\/aaknives.eu\\\/fi\\\/#\\\/schema\\\/logo\\\/image\\\/\",\"url\":\"https:\\\/\\\/aaknives.eu\\\/wp-content\\\/uploads\\\/2021\\\/10\\\/AAknives_Logo_Green.png\",\"contentUrl\":\"https:\\\/\\\/aaknives.eu\\\/wp-content\\\/uploads\\\/2021\\\/10\\\/AAknives_Logo_Green.png\",\"width\":1768,\"height\":1768,\"caption\":\"AAKnives\"},\"image\":{\"@id\":\"https:\\\/\\\/aaknives.eu\\\/fi\\\/#\\\/schema\\\/logo\\\/image\\\/\"},\"sameAs\":[\"https:\\\/\\\/www.facebook.com\\\/aaknives.eu\\\/\",\"https:\\\/\\\/www.instagram.com\\\/aaknives\\\/\",\"https:\\\/\\\/www.pinterest.com\\\/aa_knives\\\/\",\"https:\\\/\\\/www.youtube.com\\\/channel\\\/UCHOQFjrOkgT6s4FIw9LDKyw\\\/featured\"]}]}<\/script>\n<!-- \/ Yoast SEO plugin. -->","yoast_head_json":{"title":"Blogi - AAKnives","robots":{"index":"index","follow":"follow","max-snippet":"max-snippet:-1","max-image-preview":"max-image-preview:large","max-video-preview":"max-video-preview:-1"},"canonical":"https:\/\/aaknives.eu\/fi\/blogi\/","og_locale":"fi_FI","og_type":"article","og_title":"Blogi - AAKnives","og_description":"T\u0113rauds Bohler Uddeholm N695 Bohler Uddeholm N695 t\u0113rauds ir ner\u016bs\u0113jo\u0161s un iztur\u012bgs materi\u0101ls, ko ra\u017eo cien\u012bjama t\u0113rauda ra\u017eot\u0101js Bohler Uddeholm. Tas izce\u013cas ar savu sp\u0113ju saglab\u0101t asme\u0146a \u0161\u0137autni un iztur\u0113t intens\u012bvu lieto\u0161anu. M\u016bsu na\u017eu asme\u0146i, izgatavoti no Bohler Uddeholm N695 t\u0113rauda, sniedz nevainojamu grie\u0161anas precizit\u0101ti un ilgsto\u0161u kalpo\u0161anas laiku, kas padara tos par ide\u0101liem pal\u012bgiem virtuv\u0113, br\u012bv\u0101 dab\u0101 vai ikdienas piedz\u012bvojumos. M\u0113s piev\u0113r\u0161am \u012bpa\u0161u uzman\u012bbu deta\u013c\u0101m un kvalit\u0101tei, izmantojot Bohler Uddeholm N695 t\u0113raudu, lai rad\u012btu nazi, kas ne tikai izce\u013cas ar savu izskatu, bet ar\u012b sp\u0113j pild\u012bt vissare\u017e\u0123\u012bt\u0101kos uzdevumus. Izm\u0113\u0123iniet m\u016bsu Bohler Uddeholm N695 t\u0113rauda na\u017eu kolekciju un iepaz\u012bstieties ar&hellip;","og_url":"https:\/\/aaknives.eu\/fi\/blogi\/","og_site_name":"AAKnives","article_publisher":"https:\/\/www.facebook.com\/aaknives.eu\/","article_modified_time":"2025-01-21T22:22:21+00:00","og_image":[{"url":"https:\/\/aaknives.eu\/wp-content\/uploads\/2023\/08\/aaknives-hand-forged-dabascus-steel-blade-knife-handmade-custom-made-knife-handcrafted-knives-autinetools-northmen-7-1-450x300.jpg","type":"","width":"","height":""}],"twitter_card":"summary_large_image","twitter_misc":{"Arvioitu lukuaika":"6 minuuttia"},"schema":{"@context":"https:\/\/schema.org","@graph":[{"@type":"WebPage","@id":"https:\/\/aaknives.eu\/fi\/blogi\/","url":"https:\/\/aaknives.eu\/fi\/blogi\/","name":"Blogi - AAKnives","isPartOf":{"@id":"https:\/\/aaknives.eu\/fi\/#website"},"primaryImageOfPage":{"@id":"https:\/\/aaknives.eu\/fi\/blogi\/#primaryimage"},"image":{"@id":"https:\/\/aaknives.eu\/fi\/blogi\/#primaryimage"},"thumbnailUrl":"https:\/\/aaknives.eu\/wp-content\/uploads\/2023\/08\/aaknives-hand-forged-dabascus-steel-blade-knife-handmade-custom-made-knife-handcrafted-knives-autinetools-northmen-7-1-450x300.jpg","datePublished":"2023-09-12T21:02:18+00:00","dateModified":"2025-01-21T22:22:21+00:00","breadcrumb":{"@id":"https:\/\/aaknives.eu\/fi\/blogi\/#breadcrumb"},"inLanguage":"fi","potentialAction":[{"@type":"ReadAction","target":["https:\/\/aaknives.eu\/fi\/blogi\/"]}]},{"@type":"ImageObject","inLanguage":"fi","@id":"https:\/\/aaknives.eu\/fi\/blogi\/#primaryimage","url":"https:\/\/aaknives.eu\/wp-content\/uploads\/2023\/08\/aaknives-hand-forged-dabascus-steel-blade-knife-handmade-custom-made-knife-handcrafted-knives-autinetools-northmen-7-1-450x300.jpg","contentUrl":"https:\/\/aaknives.eu\/wp-content\/uploads\/2023\/08\/aaknives-hand-forged-dabascus-steel-blade-knife-handmade-custom-made-knife-handcrafted-knives-autinetools-northmen-7-1-450x300.jpg"},{"@type":"BreadcrumbList","@id":"https:\/\/aaknives.eu\/fi\/blogi\/#breadcrumb","itemListElement":[{"@type":"ListItem","position":1,"name":"Home","item":"https:\/\/aaknives.eu\/fi\/"},{"@type":"ListItem","position":2,"name":"Blogi"}]},{"@type":"WebSite","@id":"https:\/\/aaknives.eu\/fi\/#website","url":"https:\/\/aaknives.eu\/fi\/","name":"AAKnives","description":"Handmade knives","publisher":{"@id":"https:\/\/aaknives.eu\/fi\/#organization"},"potentialAction":[{"@type":"SearchAction","target":{"@type":"EntryPoint","urlTemplate":"https:\/\/aaknives.eu\/fi\/?s={search_term_string}"},"query-input":{"@type":"PropertyValueSpecification","valueRequired":true,"valueName":"search_term_string"}}],"inLanguage":"fi"},{"@type":"Organization","@id":"https:\/\/aaknives.eu\/fi\/#organization","name":"AAKnives","url":"https:\/\/aaknives.eu\/fi\/","logo":{"@type":"ImageObject","inLanguage":"fi","@id":"https:\/\/aaknives.eu\/fi\/#\/schema\/logo\/image\/","url":"https:\/\/aaknives.eu\/wp-content\/uploads\/2021\/10\/AAknives_Logo_Green.png","contentUrl":"https:\/\/aaknives.eu\/wp-content\/uploads\/2021\/10\/AAknives_Logo_Green.png","width":1768,"height":1768,"caption":"AAKnives"},"image":{"@id":"https:\/\/aaknives.eu\/fi\/#\/schema\/logo\/image\/"},"sameAs":["https:\/\/www.facebook.com\/aaknives.eu\/","https:\/\/www.instagram.com\/aaknives\/","https:\/\/www.pinterest.com\/aa_knives\/","https:\/\/www.youtube.com\/channel\/UCHOQFjrOkgT6s4FIw9LDKyw\/featured"]}]}},"_links":{"self":[{"href":"https:\/\/aaknives.eu\/fi\/wp-json\/wp\/v2\/pages\/63698","targetHints":{"allow":["GET"]}}],"collection":[{"href":"https:\/\/aaknives.eu\/fi\/wp-json\/wp\/v2\/pages"}],"about":[{"href":"https:\/\/aaknives.eu\/fi\/wp-json\/wp\/v2\/types\/page"}],"author":[{"embeddable":true,"href":"https:\/\/aaknives.eu\/fi\/wp-json\/wp\/v2\/users\/1"}],"replies":[{"embeddable":true,"href":"https:\/\/aaknives.eu\/fi\/wp-json\/wp\/v2\/comments?post=63698"}],"version-history":[{"count":2,"href":"https:\/\/aaknives.eu\/fi\/wp-json\/wp\/v2\/pages\/63698\/revisions"}],"predecessor-version":[{"id":95055,"href":"https:\/\/aaknives.eu\/fi\/wp-json\/wp\/v2\/pages\/63698\/revisions\/95055"}],"wp:attachment":[{"href":"https:\/\/aaknives.eu\/fi\/wp-json\/wp\/v2\/media?parent=63698"}],"curies":[{"name":"wp","href":"https:\/\/api.w.org\/{rel}","templated":true}]}}