{"id":63712,"date":"2018-08-22T08:50:17","date_gmt":"2018-08-22T08:50:17","guid":{"rendered":"https:\/\/aaknives.eu\/tietosuojakaytanto\/"},"modified":"2024-05-20T21:35:11","modified_gmt":"2024-05-20T21:35:11","slug":"tietosuojakaytanto","status":"publish","type":"page","link":"https:\/\/aaknives.eu\/fi\/tietosuojakaytanto\/","title":{"rendered":"Tietosuojak\u00e4yt\u00e4nt\u00f6"},"content":{"rendered":"\t\t<div data-elementor-type=\"wp-page\" data-elementor-id=\"63712\" class=\"elementor elementor-63712 elementor-3392\" data-elementor-post-type=\"page\">\n\t\t\t\t\t\t<section class=\"elementor-section elementor-top-section elementor-element elementor-element-a773519 elementor-section-boxed elementor-section-height-default elementor-section-height-default\" data-id=\"a773519\" data-element_type=\"section\" data-e-type=\"section\">\n\t\t\t\t\t\t<div class=\"elementor-container elementor-column-gap-default\">\n\t\t\t\t\t<div class=\"elementor-column elementor-col-100 elementor-top-column elementor-element elementor-element-b720120\" data-id=\"b720120\" data-element_type=\"column\" data-e-type=\"column\">\n\t\t\t<div class=\"elementor-widget-wrap elementor-element-populated\">\n\t\t\t\t\t\t<div class=\"elementor-element elementor-element-1b07d01 elementor-widget elementor-widget-text-editor\" data-id=\"1b07d01\" data-element_type=\"widget\" data-e-type=\"widget\" data-widget_type=\"text-editor.default\">\n\t\t\t\t<div class=\"elementor-widget-container\">\n\t\t\t\t\t\t\t\t\t<p><strong>Tietojen k\u00e4sittelyn m\u00e4\u00e4r\u00e4<\/strong><\/p>\n<p>Sia Gone Fishing sitoutuu ker\u00e4\u00e4m\u00e4\u00e4n ja tallentamaan vain Sia Gone Fishingin liiketoiminnan harjoittamiseen tarvittavat henkil\u00f6tiedot. Sia Gone Fishing sitoutuu my\u00f6s toteuttamaan kaikki kohtuulliset toimet varmistaakseen k\u00e4siteltyjen henkil\u00f6tietojen oikeellisuuden ja t\u00e4ydellisyyden opastamalla asiakkaita mahdollisimman tarkasti, miten heid\u00e4n on annettava tietonsa oikein ja t\u00e4ydellisesti.<\/p>\n<p>Sia Gone Fishing k\u00e4sittelee henkil\u00f6tietoja varmistaakseen niiden luottamuksellisuuden ja k\u00e4ytt\u00e4\u00e4 kaikkia asianmukaisia keinoja ja v\u00e4lineit\u00e4 est\u00e4\u00e4kseen luvattoman p\u00e4\u00e4syn tietoihin. Sia &#8220;Gone Fishing&#8221; ker\u00e4\u00e4 ja k\u00e4sittelee henkil\u00f6tietoja ainoastaan Sia &#8220;Gone Fishingin&#8221; teht\u00e4vien suorittamiseksi lakien ja asetusten vaatimusten mukaisesti.<\/p>\n<p>Henkil\u00f6tietoja ei siirret\u00e4 kolmannelle osapuolelle muutoin kuin rekister\u00f6idyn suostumuksella, jos se on tarpeen Sia &#8220;Gone Fishing&#8221;:n ja rekister\u00f6idyn v\u00e4listen sopimusvelvoitteiden t\u00e4ytt\u00e4miseksi tai jos se on muutoin sallittua tai sovellettavien lakien ja asetusten mukaista.<\/p>\n<p><strong>Tietoturva ja k\u00e4ytt\u00f6<\/strong><\/p>\n<p>Jos Asiakas on p\u00e4\u00e4tt\u00e4nyt rekister\u00f6ity\u00e4 Sivustolle, h\u00e4nt\u00e4 pyydet\u00e4\u00e4n ilmoittamaan nimens\u00e4, osoitteensa, s\u00e4hk\u00f6postiosoitteensa ja muut tietonsa. Sia &#8220;Gone Fishing&#8221; on oikeutettu k\u00e4ytt\u00e4m\u00e4\u00e4n annettuja tietoja sivuston personointiin ja parantamiseen. T\u00e4m\u00e4 voi tapahtua esimerkiksi asiakkaan aiempien ostosten perusteella r\u00e4\u00e4t\u00e4l\u00f6ityjen myynninedist\u00e4mistarjousten muodossa, jotka toimitetaan asiakkaalle verkossa tai s\u00e4hk\u00f6postitse asiakkaan suostumuksella tai s\u00e4\u00e4ntelyvaatimusten mukaisesti.<\/p>\n<p>Sia Gone Fishing k\u00e4sittelee henkil\u00f6tietoja varmistaakseen niiden luottamuksellisuuden ja soveltaa sis\u00e4isi\u00e4 menettelyj\u00e4 ja valvontatoimia est\u00e4\u00e4kseen henkil\u00f6tietojen luvattoman k\u00e4yt\u00f6n, p\u00e4\u00e4syn, luovuttamisen, kopioinnin, muuttamisen tai turmelemisen ja k\u00e4ytt\u00e4\u00e4 kaikkia kohtuullisia keinoja varmistaakseen henkil\u00f6tietojen turvallisuuden, eheyden ja yksityisyyden.<\/p>\n<p>Sia Gone Fishing k\u00e4sittelee henkil\u00f6tietoja ainoastaan hyv\u00e4ss\u00e4 uskossa ja lain mukaisesti, eik\u00e4 k\u00e4yt\u00e4 henkil\u00f6tietoja tarkoituksiin, jotka ovat ristiriidassa niiden tarkoitusten kanssa, joita varten Sia Gone Fishing on saanut henkil\u00f6tiedot.<\/p>\n<p>Sia Gone Fishing k\u00e4sittelee ker\u00e4ttyj\u00e4 Asiakkaan henkil\u00f6tietoja: tilausten t\u00e4ytt\u00e4miseksi, Sia Gone Fishingin avustamiseksi Sivuston ja tietojen saatavuuden parantamisessa verkossa, Sia Gone Fishingin tuotteita ja palveluita koskevien tietojen antamiseksi Asiakkaalle, tilaamiseen, asiakastukeen, maksamiseen ja palvelujen tarjoamiseen sek\u00e4 muutoin sovellettavien lakien ja asetusten mukaisesti.<\/p>\n<p><strong>Tavaroiden ja palvelujen tilaaminen verkossa<\/strong><\/p>\n<p>Jos asiakas haluaa tehd\u00e4 tilauksen verkossa, Sia Gone Fishing tarvitsee asiakkaan nimen, s\u00e4hk\u00f6postiosoitteen, puhelinnumeron, postiosoitteen ja maksutiedot (kuten luottokortin numeron ja voimassaoloajan). N\u00e4in Sia Gone Fishing voi varmistaa asiakkaan tilauksen t\u00e4ydellisen toteuttamisen ja pit\u00e4\u00e4 sinut ajan tasalla tilauksen tilanteesta.<\/p>\n<p><strong>Ev\u00e4steet<\/strong><\/p>\n<p>Sia &#8220;Gone Fishing&#8221; on oikeutettu ker\u00e4\u00e4m\u00e4\u00e4n tietoja verkkosivuston k\u00e4ytt\u00e4jist\u00e4 ev\u00e4steiden avulla, jotta k\u00e4ytt\u00e4jille tarjottavia palveluja voidaan parantaa. Ev\u00e4steet ovat tiedostoja, joita verkkosivustot sijoittavat k\u00e4ytt\u00e4jien tietokoneille tunnistaakseen k\u00e4ytt\u00e4j\u00e4n ja helpottaakseen verkkosivuston k\u00e4ytt\u00f6\u00e4. Internet-selaimet voidaan m\u00e4\u00e4ritt\u00e4\u00e4 varoittamaan asiakasta ev\u00e4steiden k\u00e4yt\u00f6st\u00e4 ja antamaan asiakkaalle mahdollisuus valita, hyv\u00e4ksyyk\u00f6 h\u00e4n ne. Ev\u00e4steiden hyv\u00e4ksym\u00e4tt\u00e4 j\u00e4tt\u00e4minen ei est\u00e4 asiakasta k\u00e4ytt\u00e4m\u00e4st\u00e4 sivustoa, mutta saattaa rajoittaa asiakkaan sivuston k\u00e4ytt\u00f6\u00e4.<\/p>\n<p><strong>Kolmannet osapuolet<\/strong><\/p>\n<p>Sia Gone Fishing ei siirr\u00e4 henkil\u00f6tietoja kolmansille osapuolille muutoin kuin liiketoimintansa kohtuullisen harjoittamisen edellytt\u00e4m\u00e4ll\u00e4 tavalla edellytt\u00e4en, ett\u00e4 kyseiset kolmannet osapuolet s\u00e4ilytt\u00e4v\u00e4t henkil\u00f6tietojen luottamuksellisuuden ja tarjoavat riitt\u00e4v\u00e4n suojan. Sia Gone Fishing siirt\u00e4\u00e4 henkil\u00f6tietoja Sia Gone Fishingin tavarantoimittajille, alihankkijoille, strategisille kumppaneille ja muille, jotka avustavat Sia Gone Fishingi\u00e4 ja sen asiakkaita n\u00e4iden liiketoiminnan harjoittamisessa kyseisen yhteisty\u00f6n tarkoituksia varten. T\u00e4llaisissa tapauksissa Sia Gone Fishing kuitenkin edellytt\u00e4\u00e4, ett\u00e4 vastaanottajat sitoutuvat k\u00e4ytt\u00e4m\u00e4\u00e4n saamiaan tietoja ainoastaan niihin tarkoituksiin, joita varten tiedot on toimitettu, ja sovellettavien lakien ja asetusten vaatimusten mukaisesti.<\/p>\n<p>Sia Gone Fishing sitoutuu olemaan siirt\u00e4m\u00e4tt\u00e4 henkil\u00f6tietoja organisaatiolle tai muulle henkil\u00f6lle, joka sijaitsee maassa, joka ei takaa henkil\u00f6tietojen riitt\u00e4v\u00e4\u00e4 suojaa, paitsi seuraavissa tapauksissa:<\/p>\n<p>Asiakas on antanut suostumuksensa;<\/p>\n<ul>\n<li>Siirto on tarpeen asiakkaan kanssa teht\u00e4v\u00e4n sopimuksen tekemist\u00e4 tai toteuttamista varten;<\/li>\n<li>Siirto on tarpeen asiakkaan edun mukaisesti tehdyn sopimuksen tekemist\u00e4 tai t\u00e4ytt\u00e4mist\u00e4 varten;<\/li>\n<li>Siirto on sallittu sovellettavien lakien ja asetusten vaatimusten mukaisesti.<\/li>\n<\/ul>\n<p><strong>  P\u00e4\u00e4sy henkil\u00f6tietoihin<\/strong><\/p>\n<p>Perustellun kirjallisen pyynn\u00f6n perusteella Sia Gone Fishing ilmoittaa rekister\u00f6idylle:<\/p>\n<ul>\n<li>henkil\u00f6tiedot, joita Sia Gone Fishing k\u00e4sittelee sinusta; tietojen l\u00e4hde (jos tietojen luovuttaminen on lain tai asetuksen mukaan sallittua);<\/li>\n<li>p\u00e4iv\u00e4m\u00e4\u00e4r\u00e4, jolloin henkil\u00f6tietoja viimeksi muutettiin;<\/li>\n<li>tarkoitukset, joita varten henkil\u00f6tietoja k\u00e4sitell\u00e4\u00e4n; tietojen vastaanottajat tai vastaanottajaryhm\u00e4t;<\/li>\n<li>ja k\u00e4sitell\u00e4\u00e4nk\u00f6 tietoja automaattisesti.<\/li>\n<\/ul>\n<p>Sia Gone Fishing ryhtyy tarvittaviin toimenpiteisiin korjatakseen tai poistaakseen henkil\u00f6tietojen ep\u00e4tarkkuudet, jotka tulevat sen tietoon suoraan tai saatavilla olevien palvelujen kautta. Sia Gone Fishing ilmoittaa t\u00e4llaisista muutoksista asiakkaan henkil\u00f6tietojen vastaanottajille siin\u00e4 m\u00e4\u00e4rin kuin se on kohtuudella mahdollista. Sia &#8220;Gone Fishingill\u00e4&#8221; on kuitenkin oikeus rajoittaa p\u00e4\u00e4sy\u00e4 tietoihin, korjata tai poistaa ne sovellettavien lakien ja asetusten vaatimusten mukaisesti.<\/p>\n<p><strong>Henkil\u00f6tietojen muokkaaminen tai poistaminen<\/strong><\/p>\n<p>Tarvittaessa rekister\u00f6idyll\u00e4 on oikeus milloin tahansa muuttaa, t\u00e4ydent\u00e4\u00e4 tai poistaa h\u00e4nest\u00e4 h\u00e4nen k\u00e4ytt\u00e4j\u00e4tililleen tallennetut henkil\u00f6tiedot.<\/p>\n<p>Jos k\u00e4ytt\u00e4j\u00e4 haluaa: kielt\u00e4yty\u00e4 vastaanottamasta uusia viestej\u00e4, poistaa henkil\u00f6kohtaiset tietonsa kokonaan palvelusta, jos h\u00e4nell\u00e4 on kysytt\u00e4v\u00e4\u00e4 henkil\u00f6kohtaisten tietojesi k\u00e4yt\u00f6st\u00e4, ota yhteytt\u00e4 Sia &#8220;Gone Fishing&#8221; -yhti\u00f6\u00f6n s\u00e4hk\u00f6postitse osoitteeseen info@aaknives.eu tai puhelimitse +371 24406160.<\/p>\n<p><strong>Tietosuojaselosteen mukautukset ja muutokset<\/strong><\/p>\n<p>Sia Gone Fishing voi muuttaa t\u00e4t\u00e4 tietosuojak\u00e4yt\u00e4nt\u00f6\u00e4 ajoittain oman harkintansa mukaan.<\/p>\n\t\t\t\t\t\t\t\t<\/div>\n\t\t\t\t<\/div>\n\t\t\t\t\t<\/div>\n\t\t<\/div>\n\t\t\t\t\t<\/div>\n\t\t<\/section>\n\t\t\t\t<\/div>\n\t\t","protected":false},"excerpt":{"rendered":"<p>Tietojen k\u00e4sittelyn m\u00e4\u00e4r\u00e4 Sia Gone Fishing sitoutuu ker\u00e4\u00e4m\u00e4\u00e4n ja tallentamaan vain Sia Gone Fishingin liiketoiminnan harjoittamiseen tarvittavat henkil\u00f6tiedot. Sia Gone Fishing sitoutuu my\u00f6s toteuttamaan kaikki kohtuulliset toimet varmistaakseen k\u00e4siteltyjen henkil\u00f6tietojen oikeellisuuden ja t\u00e4ydellisyyden opastamalla asiakkaita mahdollisimman tarkasti, miten heid\u00e4n on annettava tietonsa oikein ja t\u00e4ydellisesti. Sia Gone Fishing k\u00e4sittelee henkil\u00f6tietoja varmistaakseen niiden luottamuksellisuuden ja k\u00e4ytt\u00e4\u00e4 kaikkia asianmukaisia keinoja ja v\u00e4lineit\u00e4 est\u00e4\u00e4kseen luvattoman p\u00e4\u00e4syn tietoihin. Sia &#8220;Gone Fishing&#8221; ker\u00e4\u00e4 ja k\u00e4sittelee henkil\u00f6tietoja ainoastaan Sia &#8220;Gone Fishingin&#8221; teht\u00e4vien suorittamiseksi lakien ja asetusten vaatimusten mukaisesti. Henkil\u00f6tietoja ei siirret\u00e4 kolmannelle osapuolelle muutoin kuin rekister\u00f6idyn suostumuksella, jos se on tarpeen Sia &#8220;Gone Fishing&#8221;:n ja rekister\u00f6idyn&hellip;<\/p>\n","protected":false},"author":1,"featured_media":0,"parent":0,"menu_order":0,"comment_status":"closed","ping_status":"closed","template":"","meta":{"_themeisle_gutenberg_block_has_review":false,"footnotes":""},"class_list":["post-63712","page","type-page","status-publish","hentry"],"yoast_head":"<!-- This site is optimized with the Yoast SEO plugin v27.5 - https:\/\/yoast.com\/product\/yoast-seo-wordpress\/ -->\n<title>Tietosuojak\u00e4yt\u00e4nt\u00f6 - AAKnives<\/title>\n<meta name=\"description\" content=\"Tietojenk\u00e4sittelyn laajuus Sia Gone Fishing sitoutuu ker\u00e4\u00e4m\u00e4\u00e4n ja tallentamaan vain Sia Gone Fishingin liiketoimintojen suorittamiseksi tarvittavat henkil\u00f6tiedot. Sia Gone Fishing sitoutuu my\u00f6s toteuttamaan kaikki kohtuulliset toimet varmistaakseen k\u00e4siteltyjen henkil\u00f6tietojen oikeellisuuden ja t\u00e4ydellisyyden opastamalla asiakkaita mahdollisimman tarkasti, miten heid\u00e4n on annettava tietonsa oikein ja t\u00e4ydellisesti.\" \/>\n<meta name=\"robots\" content=\"index, follow, max-snippet:-1, max-image-preview:large, max-video-preview:-1\" \/>\n<link rel=\"canonical\" href=\"https:\/\/aaknives.eu\/fi\/tietosuojakaytanto\/\" \/>\n<meta property=\"og:locale\" content=\"fi_FI\" \/>\n<meta property=\"og:type\" content=\"article\" \/>\n<meta property=\"og:title\" content=\"Tietosuojak\u00e4yt\u00e4nt\u00f6 - AAKnives\" \/>\n<meta property=\"og:description\" content=\"Tietojenk\u00e4sittelyn laajuus Sia Gone Fishing sitoutuu ker\u00e4\u00e4m\u00e4\u00e4n ja tallentamaan vain Sia Gone Fishingin liiketoimintojen suorittamiseksi tarvittavat henkil\u00f6tiedot. Sia Gone Fishing sitoutuu my\u00f6s toteuttamaan kaikki kohtuulliset toimet varmistaakseen k\u00e4siteltyjen henkil\u00f6tietojen oikeellisuuden ja t\u00e4ydellisyyden opastamalla asiakkaita mahdollisimman tarkasti, miten heid\u00e4n on annettava tietonsa oikein ja t\u00e4ydellisesti.\" \/>\n<meta property=\"og:url\" content=\"https:\/\/aaknives.eu\/fi\/tietosuojakaytanto\/\" \/>\n<meta property=\"og:site_name\" content=\"AAKnives\" \/>\n<meta property=\"article:publisher\" content=\"https:\/\/www.facebook.com\/aaknives.eu\/\" \/>\n<meta property=\"article:modified_time\" content=\"2024-05-20T21:35:11+00:00\" \/>\n<meta name=\"twitter:card\" content=\"summary_large_image\" \/>\n<meta name=\"twitter:label1\" content=\"Arvioitu lukuaika\" \/>\n\t<meta name=\"twitter:data1\" content=\"4 minuuttia\" \/>\n<script type=\"application\/ld+json\" class=\"yoast-schema-graph\">{\"@context\":\"https:\\\/\\\/schema.org\",\"@graph\":[{\"@type\":\"WebPage\",\"@id\":\"https:\\\/\\\/aaknives.eu\\\/fi\\\/tietosuojakaytanto\\\/\",\"url\":\"https:\\\/\\\/aaknives.eu\\\/fi\\\/tietosuojakaytanto\\\/\",\"name\":\"Tietosuojak\u00e4yt\u00e4nt\u00f6 - AAKnives\",\"isPartOf\":{\"@id\":\"https:\\\/\\\/aaknives.eu\\\/fi\\\/#website\"},\"datePublished\":\"2018-08-22T08:50:17+00:00\",\"dateModified\":\"2024-05-20T21:35:11+00:00\",\"description\":\"Tietojenk\u00e4sittelyn laajuus Sia Gone Fishing sitoutuu ker\u00e4\u00e4m\u00e4\u00e4n ja tallentamaan vain Sia Gone Fishingin liiketoimintojen suorittamiseksi tarvittavat henkil\u00f6tiedot. Sia Gone Fishing sitoutuu my\u00f6s toteuttamaan kaikki kohtuulliset toimet varmistaakseen k\u00e4siteltyjen henkil\u00f6tietojen oikeellisuuden ja t\u00e4ydellisyyden opastamalla asiakkaita mahdollisimman tarkasti, miten heid\u00e4n on annettava tietonsa oikein ja t\u00e4ydellisesti.\",\"breadcrumb\":{\"@id\":\"https:\\\/\\\/aaknives.eu\\\/fi\\\/tietosuojakaytanto\\\/#breadcrumb\"},\"inLanguage\":\"fi\",\"potentialAction\":[{\"@type\":\"ReadAction\",\"target\":[\"https:\\\/\\\/aaknives.eu\\\/fi\\\/tietosuojakaytanto\\\/\"]}]},{\"@type\":\"BreadcrumbList\",\"@id\":\"https:\\\/\\\/aaknives.eu\\\/fi\\\/tietosuojakaytanto\\\/#breadcrumb\",\"itemListElement\":[{\"@type\":\"ListItem\",\"position\":1,\"name\":\"Home\",\"item\":\"https:\\\/\\\/aaknives.eu\\\/fi\\\/\"},{\"@type\":\"ListItem\",\"position\":2,\"name\":\"Tietosuojak\u00e4yt\u00e4nt\u00f6\"}]},{\"@type\":\"WebSite\",\"@id\":\"https:\\\/\\\/aaknives.eu\\\/fi\\\/#website\",\"url\":\"https:\\\/\\\/aaknives.eu\\\/fi\\\/\",\"name\":\"AAKnives\",\"description\":\"Handmade knives\",\"publisher\":{\"@id\":\"https:\\\/\\\/aaknives.eu\\\/fi\\\/#organization\"},\"potentialAction\":[{\"@type\":\"SearchAction\",\"target\":{\"@type\":\"EntryPoint\",\"urlTemplate\":\"https:\\\/\\\/aaknives.eu\\\/fi\\\/?s={search_term_string}\"},\"query-input\":{\"@type\":\"PropertyValueSpecification\",\"valueRequired\":true,\"valueName\":\"search_term_string\"}}],\"inLanguage\":\"fi\"},{\"@type\":\"Organization\",\"@id\":\"https:\\\/\\\/aaknives.eu\\\/fi\\\/#organization\",\"name\":\"AAKnives\",\"url\":\"https:\\\/\\\/aaknives.eu\\\/fi\\\/\",\"logo\":{\"@type\":\"ImageObject\",\"inLanguage\":\"fi\",\"@id\":\"https:\\\/\\\/aaknives.eu\\\/fi\\\/#\\\/schema\\\/logo\\\/image\\\/\",\"url\":\"https:\\\/\\\/aaknives.eu\\\/wp-content\\\/uploads\\\/2021\\\/10\\\/AAknives_Logo_Green.png\",\"contentUrl\":\"https:\\\/\\\/aaknives.eu\\\/wp-content\\\/uploads\\\/2021\\\/10\\\/AAknives_Logo_Green.png\",\"width\":1768,\"height\":1768,\"caption\":\"AAKnives\"},\"image\":{\"@id\":\"https:\\\/\\\/aaknives.eu\\\/fi\\\/#\\\/schema\\\/logo\\\/image\\\/\"},\"sameAs\":[\"https:\\\/\\\/www.facebook.com\\\/aaknives.eu\\\/\",\"https:\\\/\\\/www.instagram.com\\\/aaknives\\\/\",\"https:\\\/\\\/www.pinterest.com\\\/aa_knives\\\/\",\"https:\\\/\\\/www.youtube.com\\\/channel\\\/UCHOQFjrOkgT6s4FIw9LDKyw\\\/featured\"]}]}<\/script>\n<!-- \/ Yoast SEO plugin. -->","yoast_head_json":{"title":"Tietosuojak\u00e4yt\u00e4nt\u00f6 - AAKnives","description":"Tietojenk\u00e4sittelyn laajuus Sia Gone Fishing sitoutuu ker\u00e4\u00e4m\u00e4\u00e4n ja tallentamaan vain Sia Gone Fishingin liiketoimintojen suorittamiseksi tarvittavat henkil\u00f6tiedot. Sia Gone Fishing sitoutuu my\u00f6s toteuttamaan kaikki kohtuulliset toimet varmistaakseen k\u00e4siteltyjen henkil\u00f6tietojen oikeellisuuden ja t\u00e4ydellisyyden opastamalla asiakkaita mahdollisimman tarkasti, miten heid\u00e4n on annettava tietonsa oikein ja t\u00e4ydellisesti.","robots":{"index":"index","follow":"follow","max-snippet":"max-snippet:-1","max-image-preview":"max-image-preview:large","max-video-preview":"max-video-preview:-1"},"canonical":"https:\/\/aaknives.eu\/fi\/tietosuojakaytanto\/","og_locale":"fi_FI","og_type":"article","og_title":"Tietosuojak\u00e4yt\u00e4nt\u00f6 - AAKnives","og_description":"Tietojenk\u00e4sittelyn laajuus Sia Gone Fishing sitoutuu ker\u00e4\u00e4m\u00e4\u00e4n ja tallentamaan vain Sia Gone Fishingin liiketoimintojen suorittamiseksi tarvittavat henkil\u00f6tiedot. Sia Gone Fishing sitoutuu my\u00f6s toteuttamaan kaikki kohtuulliset toimet varmistaakseen k\u00e4siteltyjen henkil\u00f6tietojen oikeellisuuden ja t\u00e4ydellisyyden opastamalla asiakkaita mahdollisimman tarkasti, miten heid\u00e4n on annettava tietonsa oikein ja t\u00e4ydellisesti.","og_url":"https:\/\/aaknives.eu\/fi\/tietosuojakaytanto\/","og_site_name":"AAKnives","article_publisher":"https:\/\/www.facebook.com\/aaknives.eu\/","article_modified_time":"2024-05-20T21:35:11+00:00","twitter_card":"summary_large_image","twitter_misc":{"Arvioitu lukuaika":"4 minuuttia"},"schema":{"@context":"https:\/\/schema.org","@graph":[{"@type":"WebPage","@id":"https:\/\/aaknives.eu\/fi\/tietosuojakaytanto\/","url":"https:\/\/aaknives.eu\/fi\/tietosuojakaytanto\/","name":"Tietosuojak\u00e4yt\u00e4nt\u00f6 - AAKnives","isPartOf":{"@id":"https:\/\/aaknives.eu\/fi\/#website"},"datePublished":"2018-08-22T08:50:17+00:00","dateModified":"2024-05-20T21:35:11+00:00","description":"Tietojenk\u00e4sittelyn laajuus Sia Gone Fishing sitoutuu ker\u00e4\u00e4m\u00e4\u00e4n ja tallentamaan vain Sia Gone Fishingin liiketoimintojen suorittamiseksi tarvittavat henkil\u00f6tiedot. Sia Gone Fishing sitoutuu my\u00f6s toteuttamaan kaikki kohtuulliset toimet varmistaakseen k\u00e4siteltyjen henkil\u00f6tietojen oikeellisuuden ja t\u00e4ydellisyyden opastamalla asiakkaita mahdollisimman tarkasti, miten heid\u00e4n on annettava tietonsa oikein ja t\u00e4ydellisesti.","breadcrumb":{"@id":"https:\/\/aaknives.eu\/fi\/tietosuojakaytanto\/#breadcrumb"},"inLanguage":"fi","potentialAction":[{"@type":"ReadAction","target":["https:\/\/aaknives.eu\/fi\/tietosuojakaytanto\/"]}]},{"@type":"BreadcrumbList","@id":"https:\/\/aaknives.eu\/fi\/tietosuojakaytanto\/#breadcrumb","itemListElement":[{"@type":"ListItem","position":1,"name":"Home","item":"https:\/\/aaknives.eu\/fi\/"},{"@type":"ListItem","position":2,"name":"Tietosuojak\u00e4yt\u00e4nt\u00f6"}]},{"@type":"WebSite","@id":"https:\/\/aaknives.eu\/fi\/#website","url":"https:\/\/aaknives.eu\/fi\/","name":"AAKnives","description":"Handmade knives","publisher":{"@id":"https:\/\/aaknives.eu\/fi\/#organization"},"potentialAction":[{"@type":"SearchAction","target":{"@type":"EntryPoint","urlTemplate":"https:\/\/aaknives.eu\/fi\/?s={search_term_string}"},"query-input":{"@type":"PropertyValueSpecification","valueRequired":true,"valueName":"search_term_string"}}],"inLanguage":"fi"},{"@type":"Organization","@id":"https:\/\/aaknives.eu\/fi\/#organization","name":"AAKnives","url":"https:\/\/aaknives.eu\/fi\/","logo":{"@type":"ImageObject","inLanguage":"fi","@id":"https:\/\/aaknives.eu\/fi\/#\/schema\/logo\/image\/","url":"https:\/\/aaknives.eu\/wp-content\/uploads\/2021\/10\/AAknives_Logo_Green.png","contentUrl":"https:\/\/aaknives.eu\/wp-content\/uploads\/2021\/10\/AAknives_Logo_Green.png","width":1768,"height":1768,"caption":"AAKnives"},"image":{"@id":"https:\/\/aaknives.eu\/fi\/#\/schema\/logo\/image\/"},"sameAs":["https:\/\/www.facebook.com\/aaknives.eu\/","https:\/\/www.instagram.com\/aaknives\/","https:\/\/www.pinterest.com\/aa_knives\/","https:\/\/www.youtube.com\/channel\/UCHOQFjrOkgT6s4FIw9LDKyw\/featured"]}]}},"_links":{"self":[{"href":"https:\/\/aaknives.eu\/fi\/wp-json\/wp\/v2\/pages\/63712","targetHints":{"allow":["GET"]}}],"collection":[{"href":"https:\/\/aaknives.eu\/fi\/wp-json\/wp\/v2\/pages"}],"about":[{"href":"https:\/\/aaknives.eu\/fi\/wp-json\/wp\/v2\/types\/page"}],"author":[{"embeddable":true,"href":"https:\/\/aaknives.eu\/fi\/wp-json\/wp\/v2\/users\/1"}],"replies":[{"embeddable":true,"href":"https:\/\/aaknives.eu\/fi\/wp-json\/wp\/v2\/comments?post=63712"}],"version-history":[{"count":1,"href":"https:\/\/aaknives.eu\/fi\/wp-json\/wp\/v2\/pages\/63712\/revisions"}],"predecessor-version":[{"id":63713,"href":"https:\/\/aaknives.eu\/fi\/wp-json\/wp\/v2\/pages\/63712\/revisions\/63713"}],"wp:attachment":[{"href":"https:\/\/aaknives.eu\/fi\/wp-json\/wp\/v2\/media?parent=63712"}],"curies":[{"name":"wp","href":"https:\/\/api.w.org\/{rel}","templated":true}]}}