{"id":103051,"date":"2025-10-26T14:27:19","date_gmt":"2025-10-26T14:27:19","guid":{"rendered":"https:\/\/aaknives.eu\/?post_type=product&#038;p=103051"},"modified":"2025-10-26T14:32:54","modified_gmt":"2025-10-26T14:32:54","slug":"eksklusiivinen-veitsi-fisherman-teras-vg10-japanilainen-taottu-ruostumaton-teras","status":"publish","type":"product","link":"https:\/\/aaknives.eu\/fi\/product\/eksklusiivinen-veitsi-fisherman-teras-vg10-japanilainen-taottu-ruostumaton-teras\/","title":{"rendered":"Eksklusiivinen veitsi &#8221;FISHERMAN&#8221; ter\u00e4s VG10 japanilainen taottu ruostumaton ter\u00e4s"},"content":{"rendered":"<p>Veitsen tekniset tiedot: &#8221;FISHERMAN&#8221;<br \/>\nTer\u00e4s: ter\u00e4s VG10 japanilainen taottu ruostumaton ter\u00e4s<br \/>\nKovuus: HRC 60 &#8211; 61<br \/>\nTer\u00e4n pituus (mm): 130 \/ 5,11 tuumaa<br \/>\nTer\u00e4n paksuus (mm): 3 \/ 0,11 tuumaa<br \/>\nTer\u00e4n leveys (mm): 27 \/ 1,06 tuumaa<br \/>\nKahva: Komposiittimateriaali<br \/>\nKokonaispituus (mm): 262\u00a0 \/ 10,31 tuumaa<br \/>\nVeitsen tyyppi: mets\u00e4stys, ulkoilu<br \/>\nPakkaus: veitsi, nahkatuppi<\/p>\n<p>VG10 on yksi suosituimmista japanilaisista korkealaatuisista ruostumattomista ter\u00e4ksist\u00e4, erityisen suosittu keitti\u00f6- ja taskuveitsiss\u00e4. T\u00e4ss\u00e4 on t\u00e4ydellinen yleiskatsaus sen ominaisuuksista ja vertailu muihin ter\u00e4ksiin:<br \/>\n&#8211; Kehitt\u00e4nyt Japanissa *Takefu Special Steel*.<br \/>\n&#8211; Nimi &#8220;VG&#8221; tulee sanoista &#8220;V-Gold&#8221; \u2013 kultastandardi korkealaatuisille ter\u00e4ksille.<br \/>\n&#8211; Alun perin kirurgisiin skalpelleihin kehitetty ter\u00e4s saavutti my\u00f6hemmin suosiota keitti\u00f6- ja EDC-veitsiss\u00e4 (jokap\u00e4iv\u00e4isiss\u00e4 kantoveitsiss\u00e4).<br \/>\nT\u00e4rkeimm\u00e4t edut:<br \/>\nKovuus: HRC 60\u201361 \u2013 s\u00e4ilytt\u00e4\u00e4 ter\u00e4vyytens\u00e4 pidemp\u00e4\u00e4n kuin monet muut ruostumattomat ter\u00e4kset.<br \/>\nTer\u00e4vyys: Vanadiini- ja kobolttipitoisuuden ansiosta VG10 muodostaa kovia karbideja, jotka varmistavat pitk\u00e4kestoisen ter\u00e4vyyden.<br \/>\nKorroosionkest\u00e4vyys: Sis\u00e4lt\u00e4\u00e4 ~15,5 % kromia \u2013 erinomainen suoja ruostetta vastaan \u200b\u200bjopa kosteissa tai happamissa ymp\u00e4rist\u00f6iss\u00e4.<br \/>\nHelppo teroittaa: Korkeasta kovuudestaan \u200b\u200bhuolimatta VG10 on **suhteellisen helppo teroittaa*, erityisesti vesihiomakivill\u00e4 (hiomakivill\u00e4).<br \/>\nSitkeys: Tasapainoinen \u2013 ei liian hauras, mutta ei yht\u00e4 kest\u00e4v\u00e4 kuin jotkut ty\u00f6kaluter\u00e4kset (esim. D2).<br \/>\nVG10 erottuu tasapainoisen suorituskykyns\u00e4 ansiosta \u2013 se ei ole paras jokaisessa kategoriassa, mutta kaiken kaikkiaan eritt\u00e4in luotettava ja k\u00e4yt\u00e4nn\u00f6llinen ter\u00e4s.<br \/>\n&#8211; Jos haluat veitsen, joka pysyy ter\u00e4v\u00e4n\u00e4 pitk\u00e4\u00e4n, ei vaadi usein teroitusta eik\u00e4 pelk\u00e4\u00e4 kosteutta \u2013 VG10 on loistava valinta.<br \/>\n&#8211; Sopii erityisesti keitti\u00f6veitsiin, EDC-taskuveitsiin, kalastukseen ja ulkoiluun.<\/p>\n","protected":false},"excerpt":{"rendered":"<p>VG10 Japanilainen taottu ruostumaton ter\u00e4s, kovuus HRC 60\u201361<br \/>\nErinomaiset leikkausominaisuudet, ruostumaton ja helppo teroittaa<\/p>\n","protected":false},"featured_media":103054,"template":"","meta":{"_themeisle_gutenberg_block_has_review":false},"product_brand":[],"product_cat":[456,452],"product_tag":[],"class_list":{"0":"post-103051","1":"product","2":"type-product","3":"status-publish","4":"has-post-thumbnail","6":"product_cat-kalastusveitset","7":"product_cat-ulkoveitset","9":"first","10":"instock","11":"shipping-taxable","12":"purchasable","13":"product-type-simple"},"yoast_head":"<!-- This site is optimized with the Yoast SEO plugin v27.5 - https:\/\/yoast.com\/product\/yoast-seo-wordpress\/ -->\n<title>Eksklusiivinen veitsi &#039;&#039;FISHERMAN&#039;&#039; ter\u00e4s VG10 japanilainen taottu ruostumaton ter\u00e4s - AAKnives<\/title>\n<meta name=\"description\" content=\"VG10 on yksi suosituimmista japanilaisista korkealaatuisista ruostumattomista ter\u00e4ksist\u00e4, ja se on erityisen suosittu keitti\u00f6- ja taskuveitsiss\u00e4.\" \/>\n<meta name=\"robots\" content=\"index, follow, max-snippet:-1, max-image-preview:large, max-video-preview:-1\" \/>\n<link rel=\"canonical\" href=\"https:\/\/aaknives.eu\/fi\/product\/eksklusiivinen-veitsi-fisherman-teras-vg10-japanilainen-taottu-ruostumaton-teras\/\" \/>\n<meta property=\"og:locale\" content=\"fi_FI\" \/>\n<meta property=\"og:type\" content=\"article\" \/>\n<meta property=\"og:title\" content=\"Eksklusiivinen veitsi &#039;&#039;FISHERMAN&#039;&#039; ter\u00e4s VG10 japanilainen taottu ruostumaton ter\u00e4s - AAKnives\" \/>\n<meta property=\"og:description\" content=\"VG10 on yksi suosituimmista japanilaisista korkealaatuisista ruostumattomista ter\u00e4ksist\u00e4, ja se on erityisen suosittu keitti\u00f6- ja taskuveitsiss\u00e4.\" \/>\n<meta property=\"og:url\" content=\"https:\/\/aaknives.eu\/fi\/product\/eksklusiivinen-veitsi-fisherman-teras-vg10-japanilainen-taottu-ruostumaton-teras\/\" \/>\n<meta property=\"og:site_name\" content=\"AAKnives\" \/>\n<meta property=\"article:publisher\" content=\"https:\/\/www.facebook.com\/aaknives.eu\/\" \/>\n<meta property=\"article:modified_time\" content=\"2025-10-26T14:32:54+00:00\" \/>\n<meta property=\"og:image\" content=\"https:\/\/aaknives.eu\/wp-content\/uploads\/2025\/10\/aaknives-hand-forged-damascus-steel-blade-knife-handmade-custom-made-knife-handcrafted-knives-autinetools-northmen-1-16.jpg\" \/>\n\t<meta property=\"og:image:width\" content=\"1020\" \/>\n\t<meta property=\"og:image:height\" content=\"880\" \/>\n\t<meta property=\"og:image:type\" content=\"image\/jpeg\" \/>\n<meta name=\"twitter:card\" content=\"summary_large_image\" \/>\n<meta name=\"twitter:label1\" content=\"Arvioitu lukuaika\" \/>\n\t<meta name=\"twitter:data1\" content=\"1 minuutti\" \/>\n<script type=\"application\/ld+json\" class=\"yoast-schema-graph\">{\"@context\":\"https:\\\/\\\/schema.org\",\"@graph\":[{\"@type\":\"WebPage\",\"@id\":\"https:\\\/\\\/aaknives.eu\\\/fi\\\/product\\\/eksklusiivinen-veitsi-fisherman-teras-vg10-japanilainen-taottu-ruostumaton-teras\\\/\",\"url\":\"https:\\\/\\\/aaknives.eu\\\/fi\\\/product\\\/eksklusiivinen-veitsi-fisherman-teras-vg10-japanilainen-taottu-ruostumaton-teras\\\/\",\"name\":\"Eksklusiivinen veitsi ''FISHERMAN'' ter\u00e4s VG10 japanilainen taottu ruostumaton ter\u00e4s - AAKnives\",\"isPartOf\":{\"@id\":\"https:\\\/\\\/aaknives.eu\\\/fi\\\/#website\"},\"primaryImageOfPage\":{\"@id\":\"https:\\\/\\\/aaknives.eu\\\/fi\\\/product\\\/eksklusiivinen-veitsi-fisherman-teras-vg10-japanilainen-taottu-ruostumaton-teras\\\/#primaryimage\"},\"image\":{\"@id\":\"https:\\\/\\\/aaknives.eu\\\/fi\\\/product\\\/eksklusiivinen-veitsi-fisherman-teras-vg10-japanilainen-taottu-ruostumaton-teras\\\/#primaryimage\"},\"thumbnailUrl\":\"https:\\\/\\\/aaknives.eu\\\/wp-content\\\/uploads\\\/2025\\\/10\\\/aaknives-hand-forged-damascus-steel-blade-knife-handmade-custom-made-knife-handcrafted-knives-autinetools-northmen-1-16.jpg\",\"datePublished\":\"2025-10-26T14:27:19+00:00\",\"dateModified\":\"2025-10-26T14:32:54+00:00\",\"description\":\"VG10 on yksi suosituimmista japanilaisista korkealaatuisista ruostumattomista ter\u00e4ksist\u00e4, ja se on erityisen suosittu keitti\u00f6- ja taskuveitsiss\u00e4.\",\"breadcrumb\":{\"@id\":\"https:\\\/\\\/aaknives.eu\\\/fi\\\/product\\\/eksklusiivinen-veitsi-fisherman-teras-vg10-japanilainen-taottu-ruostumaton-teras\\\/#breadcrumb\"},\"inLanguage\":\"fi\",\"potentialAction\":[{\"@type\":\"ReadAction\",\"target\":[\"https:\\\/\\\/aaknives.eu\\\/fi\\\/product\\\/eksklusiivinen-veitsi-fisherman-teras-vg10-japanilainen-taottu-ruostumaton-teras\\\/\"]}]},{\"@type\":\"ImageObject\",\"inLanguage\":\"fi\",\"@id\":\"https:\\\/\\\/aaknives.eu\\\/fi\\\/product\\\/eksklusiivinen-veitsi-fisherman-teras-vg10-japanilainen-taottu-ruostumaton-teras\\\/#primaryimage\",\"url\":\"https:\\\/\\\/aaknives.eu\\\/wp-content\\\/uploads\\\/2025\\\/10\\\/aaknives-hand-forged-damascus-steel-blade-knife-handmade-custom-made-knife-handcrafted-knives-autinetools-northmen-1-16.jpg\",\"contentUrl\":\"https:\\\/\\\/aaknives.eu\\\/wp-content\\\/uploads\\\/2025\\\/10\\\/aaknives-hand-forged-damascus-steel-blade-knife-handmade-custom-made-knife-handcrafted-knives-autinetools-northmen-1-16.jpg\",\"width\":1020,\"height\":880},{\"@type\":\"BreadcrumbList\",\"@id\":\"https:\\\/\\\/aaknives.eu\\\/fi\\\/product\\\/eksklusiivinen-veitsi-fisherman-teras-vg10-japanilainen-taottu-ruostumaton-teras\\\/#breadcrumb\",\"itemListElement\":[{\"@type\":\"ListItem\",\"position\":1,\"name\":\"Home\",\"item\":\"https:\\\/\\\/aaknives.eu\\\/fi\\\/\"},{\"@type\":\"ListItem\",\"position\":2,\"name\":\"Kauppa\",\"item\":\"https:\\\/\\\/aaknives.eu\\\/kauppa\\\/\"},{\"@type\":\"ListItem\",\"position\":3,\"name\":\"Eksklusiivinen veitsi &#8221;FISHERMAN&#8221; ter\u00e4s VG10 japanilainen taottu ruostumaton ter\u00e4s\"}]},{\"@type\":\"WebSite\",\"@id\":\"https:\\\/\\\/aaknives.eu\\\/fi\\\/#website\",\"url\":\"https:\\\/\\\/aaknives.eu\\\/fi\\\/\",\"name\":\"AAKnives\",\"description\":\"Handmade knives\",\"publisher\":{\"@id\":\"https:\\\/\\\/aaknives.eu\\\/fi\\\/#organization\"},\"potentialAction\":[{\"@type\":\"SearchAction\",\"target\":{\"@type\":\"EntryPoint\",\"urlTemplate\":\"https:\\\/\\\/aaknives.eu\\\/fi\\\/?s={search_term_string}\"},\"query-input\":{\"@type\":\"PropertyValueSpecification\",\"valueRequired\":true,\"valueName\":\"search_term_string\"}}],\"inLanguage\":\"fi\"},{\"@type\":\"Organization\",\"@id\":\"https:\\\/\\\/aaknives.eu\\\/fi\\\/#organization\",\"name\":\"AAKnives\",\"url\":\"https:\\\/\\\/aaknives.eu\\\/fi\\\/\",\"logo\":{\"@type\":\"ImageObject\",\"inLanguage\":\"fi\",\"@id\":\"https:\\\/\\\/aaknives.eu\\\/fi\\\/#\\\/schema\\\/logo\\\/image\\\/\",\"url\":\"https:\\\/\\\/aaknives.eu\\\/wp-content\\\/uploads\\\/2021\\\/10\\\/AAknives_Logo_Green.png\",\"contentUrl\":\"https:\\\/\\\/aaknives.eu\\\/wp-content\\\/uploads\\\/2021\\\/10\\\/AAknives_Logo_Green.png\",\"width\":1768,\"height\":1768,\"caption\":\"AAKnives\"},\"image\":{\"@id\":\"https:\\\/\\\/aaknives.eu\\\/fi\\\/#\\\/schema\\\/logo\\\/image\\\/\"},\"sameAs\":[\"https:\\\/\\\/www.facebook.com\\\/aaknives.eu\\\/\",\"https:\\\/\\\/www.instagram.com\\\/aaknives\\\/\",\"https:\\\/\\\/www.pinterest.com\\\/aa_knives\\\/\",\"https:\\\/\\\/www.youtube.com\\\/channel\\\/UCHOQFjrOkgT6s4FIw9LDKyw\\\/featured\"]}]}<\/script>\n<!-- \/ Yoast SEO plugin. -->","yoast_head_json":{"title":"Eksklusiivinen veitsi ''FISHERMAN'' ter\u00e4s VG10 japanilainen taottu ruostumaton ter\u00e4s - AAKnives","description":"VG10 on yksi suosituimmista japanilaisista korkealaatuisista ruostumattomista ter\u00e4ksist\u00e4, ja se on erityisen suosittu keitti\u00f6- ja taskuveitsiss\u00e4.","robots":{"index":"index","follow":"follow","max-snippet":"max-snippet:-1","max-image-preview":"max-image-preview:large","max-video-preview":"max-video-preview:-1"},"canonical":"https:\/\/aaknives.eu\/fi\/product\/eksklusiivinen-veitsi-fisherman-teras-vg10-japanilainen-taottu-ruostumaton-teras\/","og_locale":"fi_FI","og_type":"article","og_title":"Eksklusiivinen veitsi ''FISHERMAN'' ter\u00e4s VG10 japanilainen taottu ruostumaton ter\u00e4s - AAKnives","og_description":"VG10 on yksi suosituimmista japanilaisista korkealaatuisista ruostumattomista ter\u00e4ksist\u00e4, ja se on erityisen suosittu keitti\u00f6- ja taskuveitsiss\u00e4.","og_url":"https:\/\/aaknives.eu\/fi\/product\/eksklusiivinen-veitsi-fisherman-teras-vg10-japanilainen-taottu-ruostumaton-teras\/","og_site_name":"AAKnives","article_publisher":"https:\/\/www.facebook.com\/aaknives.eu\/","article_modified_time":"2025-10-26T14:32:54+00:00","og_image":[{"width":1020,"height":880,"url":"https:\/\/aaknives.eu\/wp-content\/uploads\/2025\/10\/aaknives-hand-forged-damascus-steel-blade-knife-handmade-custom-made-knife-handcrafted-knives-autinetools-northmen-1-16.jpg","type":"image\/jpeg"}],"twitter_card":"summary_large_image","twitter_misc":{"Arvioitu lukuaika":"1 minuutti"},"schema":{"@context":"https:\/\/schema.org","@graph":[{"@type":"WebPage","@id":"https:\/\/aaknives.eu\/fi\/product\/eksklusiivinen-veitsi-fisherman-teras-vg10-japanilainen-taottu-ruostumaton-teras\/","url":"https:\/\/aaknives.eu\/fi\/product\/eksklusiivinen-veitsi-fisherman-teras-vg10-japanilainen-taottu-ruostumaton-teras\/","name":"Eksklusiivinen veitsi ''FISHERMAN'' ter\u00e4s VG10 japanilainen taottu ruostumaton ter\u00e4s - AAKnives","isPartOf":{"@id":"https:\/\/aaknives.eu\/fi\/#website"},"primaryImageOfPage":{"@id":"https:\/\/aaknives.eu\/fi\/product\/eksklusiivinen-veitsi-fisherman-teras-vg10-japanilainen-taottu-ruostumaton-teras\/#primaryimage"},"image":{"@id":"https:\/\/aaknives.eu\/fi\/product\/eksklusiivinen-veitsi-fisherman-teras-vg10-japanilainen-taottu-ruostumaton-teras\/#primaryimage"},"thumbnailUrl":"https:\/\/aaknives.eu\/wp-content\/uploads\/2025\/10\/aaknives-hand-forged-damascus-steel-blade-knife-handmade-custom-made-knife-handcrafted-knives-autinetools-northmen-1-16.jpg","datePublished":"2025-10-26T14:27:19+00:00","dateModified":"2025-10-26T14:32:54+00:00","description":"VG10 on yksi suosituimmista japanilaisista korkealaatuisista ruostumattomista ter\u00e4ksist\u00e4, ja se on erityisen suosittu keitti\u00f6- ja taskuveitsiss\u00e4.","breadcrumb":{"@id":"https:\/\/aaknives.eu\/fi\/product\/eksklusiivinen-veitsi-fisherman-teras-vg10-japanilainen-taottu-ruostumaton-teras\/#breadcrumb"},"inLanguage":"fi","potentialAction":[{"@type":"ReadAction","target":["https:\/\/aaknives.eu\/fi\/product\/eksklusiivinen-veitsi-fisherman-teras-vg10-japanilainen-taottu-ruostumaton-teras\/"]}]},{"@type":"ImageObject","inLanguage":"fi","@id":"https:\/\/aaknives.eu\/fi\/product\/eksklusiivinen-veitsi-fisherman-teras-vg10-japanilainen-taottu-ruostumaton-teras\/#primaryimage","url":"https:\/\/aaknives.eu\/wp-content\/uploads\/2025\/10\/aaknives-hand-forged-damascus-steel-blade-knife-handmade-custom-made-knife-handcrafted-knives-autinetools-northmen-1-16.jpg","contentUrl":"https:\/\/aaknives.eu\/wp-content\/uploads\/2025\/10\/aaknives-hand-forged-damascus-steel-blade-knife-handmade-custom-made-knife-handcrafted-knives-autinetools-northmen-1-16.jpg","width":1020,"height":880},{"@type":"BreadcrumbList","@id":"https:\/\/aaknives.eu\/fi\/product\/eksklusiivinen-veitsi-fisherman-teras-vg10-japanilainen-taottu-ruostumaton-teras\/#breadcrumb","itemListElement":[{"@type":"ListItem","position":1,"name":"Home","item":"https:\/\/aaknives.eu\/fi\/"},{"@type":"ListItem","position":2,"name":"Kauppa","item":"https:\/\/aaknives.eu\/kauppa\/"},{"@type":"ListItem","position":3,"name":"Eksklusiivinen veitsi &#8221;FISHERMAN&#8221; ter\u00e4s VG10 japanilainen taottu ruostumaton ter\u00e4s"}]},{"@type":"WebSite","@id":"https:\/\/aaknives.eu\/fi\/#website","url":"https:\/\/aaknives.eu\/fi\/","name":"AAKnives","description":"Handmade knives","publisher":{"@id":"https:\/\/aaknives.eu\/fi\/#organization"},"potentialAction":[{"@type":"SearchAction","target":{"@type":"EntryPoint","urlTemplate":"https:\/\/aaknives.eu\/fi\/?s={search_term_string}"},"query-input":{"@type":"PropertyValueSpecification","valueRequired":true,"valueName":"search_term_string"}}],"inLanguage":"fi"},{"@type":"Organization","@id":"https:\/\/aaknives.eu\/fi\/#organization","name":"AAKnives","url":"https:\/\/aaknives.eu\/fi\/","logo":{"@type":"ImageObject","inLanguage":"fi","@id":"https:\/\/aaknives.eu\/fi\/#\/schema\/logo\/image\/","url":"https:\/\/aaknives.eu\/wp-content\/uploads\/2021\/10\/AAknives_Logo_Green.png","contentUrl":"https:\/\/aaknives.eu\/wp-content\/uploads\/2021\/10\/AAknives_Logo_Green.png","width":1768,"height":1768,"caption":"AAKnives"},"image":{"@id":"https:\/\/aaknives.eu\/fi\/#\/schema\/logo\/image\/"},"sameAs":["https:\/\/www.facebook.com\/aaknives.eu\/","https:\/\/www.instagram.com\/aaknives\/","https:\/\/www.pinterest.com\/aa_knives\/","https:\/\/www.youtube.com\/channel\/UCHOQFjrOkgT6s4FIw9LDKyw\/featured"]}]}},"_links":{"self":[{"href":"https:\/\/aaknives.eu\/fi\/wp-json\/wp\/v2\/product\/103051","targetHints":{"allow":["GET"]}}],"collection":[{"href":"https:\/\/aaknives.eu\/fi\/wp-json\/wp\/v2\/product"}],"about":[{"href":"https:\/\/aaknives.eu\/fi\/wp-json\/wp\/v2\/types\/product"}],"wp:featuredmedia":[{"embeddable":true,"href":"https:\/\/aaknives.eu\/fi\/wp-json\/wp\/v2\/media\/103054"}],"wp:attachment":[{"href":"https:\/\/aaknives.eu\/fi\/wp-json\/wp\/v2\/media?parent=103051"}],"wp:term":[{"taxonomy":"product_brand","embeddable":true,"href":"https:\/\/aaknives.eu\/fi\/wp-json\/wp\/v2\/product_brand?post=103051"},{"taxonomy":"product_cat","embeddable":true,"href":"https:\/\/aaknives.eu\/fi\/wp-json\/wp\/v2\/product_cat?post=103051"},{"taxonomy":"product_tag","embeddable":true,"href":"https:\/\/aaknives.eu\/fi\/wp-json\/wp\/v2\/product_tag?post=103051"}],"curies":[{"name":"wp","href":"https:\/\/api.w.org\/{rel}","templated":true}]}}