{"id":108045,"date":"2026-03-02T18:12:15","date_gmt":"2026-03-02T18:12:15","guid":{"rendered":"https:\/\/aaknives.eu\/?post_type=product&#038;p=108045"},"modified":"2026-03-02T18:18:00","modified_gmt":"2026-03-02T18:18:00","slug":"ken-onion-edition-teroitin-mk-2","status":"publish","type":"product","link":"https:\/\/aaknives.eu\/fi\/product\/ken-onion-edition-teroitin-mk-2\/","title":{"rendered":"Ken Onion Edition -teroitin mk.2"},"content":{"rendered":"<p>Koe tarkkuus ja nopeus Ken Onion Edition -veitsien ja ty\u00f6kalujen teroittimella Mk.2\u2122, joka on suunniteltu sek\u00e4 ter\u00e4v\u00e4k\u00e4rkisille ett\u00e4 veitsien ker\u00e4ilij\u00f6ille. Erityisesti suunnitellut joustavat hiomahihnat ja elektroninen nopeudens\u00e4\u00e4t\u00f6 takaavat ammattitason teroitustulokset nopeasti ja tasaisesti. T\u00e4m\u00e4 teroitin varmistaa tarkkuuden, uskomattoman ter\u00e4v\u00e4t reunat ja nopeat tulokset ensiluokkaisen hiomahihnavalikoimansa ja nahkap\u00e4\u00e4llysteisten teroitusohjaimien ansiosta. Teroita taskuveitset, ulkoter\u00e4t, keitti\u00f6veitset, sakset ja laaja valikoima nurmikko- ja puutarhaty\u00f6kaluja, kuten kirveet, ruohonleikkurin ter\u00e4t ja oksasakset. Yhteisty\u00f6ss\u00e4 veitsenvalmistajalegenda Ken Onionin kanssa kehitetty teroitin tuo ammattilaisten k\u00e4ytt\u00e4m\u00e4n todistetun teknologian suoraan kotiisi tai kauppaasi.<\/p>\n","protected":false},"excerpt":{"rendered":"<p>Koe tarkkuus ja nopeus Ken Onion Edition -veitsien ja ty\u00f6kalujen teroittimella Mk.2\u2122, joka on suunniteltu sek\u00e4 ter\u00e4v\u00e4k\u00e4rkisille ett\u00e4 veitsien ker\u00e4ilij\u00f6ille. Erityisesti suunnitellut joustavat hiomahihnat ja elektroninen nopeudens\u00e4\u00e4t\u00f6 takaavat ammattitason teroitustulokset nopeasti ja tasaisesti. T\u00e4m\u00e4 teroitin varmistaa tarkkuuden, uskomattoman ter\u00e4v\u00e4t reunat ja nopeat tulokset ensiluokkaisen hiomahihnavalikoimansa ja nahkap\u00e4\u00e4llysteisten teroitusohjaimien ansiosta. Teroita taskuveitset, ulkoter\u00e4t, keitti\u00f6veitset, sakset ja laaja valikoima nurmikko- ja puutarhaty\u00f6kaluja, kuten kirveet, ruohonleikkurin ter\u00e4t ja oksasakset. Yhteisty\u00f6ss\u00e4 veitsenvalmistajalegenda Ken Onionin kanssa kehitetty teroitin tuo ammattilaisten k\u00e4ytt\u00e4m\u00e4n todistetun teknologian suoraan kotiisi tai kauppaasi.<\/p>\n","protected":false},"featured_media":108051,"template":"","meta":{"_themeisle_gutenberg_block_has_review":false},"product_brand":[],"product_cat":[467],"product_tag":[],"class_list":{"0":"post-108045","1":"product","2":"type-product","3":"status-publish","4":"has-post-thumbnail","6":"product_cat-veitsen-teroitus-veitsen-teroittimet","8":"first","9":"instock","10":"shipping-taxable","11":"purchasable","12":"product-type-simple"},"yoast_head":"<!-- This site is optimized with the Yoast SEO plugin v27.3 - https:\/\/yoast.com\/product\/yoast-seo-wordpress\/ -->\n<title>Ken Onion Edition -teroitin mk.2 - AAKnives<\/title>\n<meta name=\"description\" content=\"Koe tarkkuus ja nopeus Ken Onion Edition -veitsien ja ty\u00f6kalujen teroittimella Mk.2\u2122, joka on suunniteltu sek\u00e4 ter\u00e4v\u00e4k\u00e4rkisille ett\u00e4 veitsien ker\u00e4ilij\u00f6ille.\" \/>\n<meta name=\"robots\" content=\"index, follow, max-snippet:-1, max-image-preview:large, max-video-preview:-1\" \/>\n<link rel=\"canonical\" href=\"https:\/\/aaknives.eu\/fi\/product\/ken-onion-edition-teroitin-mk-2\/\" \/>\n<meta property=\"og:locale\" content=\"fi_FI\" \/>\n<meta property=\"og:type\" content=\"article\" \/>\n<meta property=\"og:title\" content=\"Ken Onion Edition -teroitin mk.2 - AAKnives\" \/>\n<meta property=\"og:description\" content=\"Koe tarkkuus ja nopeus Ken Onion Edition -veitsien ja ty\u00f6kalujen teroittimella Mk.2\u2122, joka on suunniteltu sek\u00e4 ter\u00e4v\u00e4k\u00e4rkisille ett\u00e4 veitsien ker\u00e4ilij\u00f6ille.\" \/>\n<meta property=\"og:url\" content=\"https:\/\/aaknives.eu\/fi\/product\/ken-onion-edition-teroitin-mk-2\/\" \/>\n<meta property=\"og:site_name\" content=\"AAKnives\" \/>\n<meta property=\"article:publisher\" content=\"https:\/\/www.facebook.com\/aaknives.eu\/\" \/>\n<meta property=\"article:modified_time\" content=\"2026-03-02T18:18:00+00:00\" \/>\n<meta property=\"og:image\" content=\"https:\/\/aaknives.eu\/wp-content\/uploads\/2026\/03\/aaknives-hand-forged-damascus-steel-blade-knife-handmade-custom-made-knife-handcrafted-knives-autinetools-northmen-1.jpg\" \/>\n\t<meta property=\"og:image:width\" content=\"600\" \/>\n\t<meta property=\"og:image:height\" content=\"599\" \/>\n\t<meta property=\"og:image:type\" content=\"image\/jpeg\" \/>\n<meta name=\"twitter:card\" content=\"summary_large_image\" \/>\n<meta name=\"twitter:label1\" content=\"Arvioitu lukuaika\" \/>\n\t<meta name=\"twitter:data1\" content=\"1 minuutti\" \/>\n<script type=\"application\/ld+json\" class=\"yoast-schema-graph\">{\"@context\":\"https:\\\/\\\/schema.org\",\"@graph\":[{\"@type\":\"WebPage\",\"@id\":\"https:\\\/\\\/aaknives.eu\\\/fi\\\/product\\\/ken-onion-edition-teroitin-mk-2\\\/\",\"url\":\"https:\\\/\\\/aaknives.eu\\\/fi\\\/product\\\/ken-onion-edition-teroitin-mk-2\\\/\",\"name\":\"Ken Onion Edition -teroitin mk.2 - AAKnives\",\"isPartOf\":{\"@id\":\"https:\\\/\\\/aaknives.eu\\\/fi\\\/#website\"},\"primaryImageOfPage\":{\"@id\":\"https:\\\/\\\/aaknives.eu\\\/fi\\\/product\\\/ken-onion-edition-teroitin-mk-2\\\/#primaryimage\"},\"image\":{\"@id\":\"https:\\\/\\\/aaknives.eu\\\/fi\\\/product\\\/ken-onion-edition-teroitin-mk-2\\\/#primaryimage\"},\"thumbnailUrl\":\"https:\\\/\\\/aaknives.eu\\\/wp-content\\\/uploads\\\/2026\\\/03\\\/aaknives-hand-forged-damascus-steel-blade-knife-handmade-custom-made-knife-handcrafted-knives-autinetools-northmen-1.jpg\",\"datePublished\":\"2026-03-02T18:12:15+00:00\",\"dateModified\":\"2026-03-02T18:18:00+00:00\",\"description\":\"Koe tarkkuus ja nopeus Ken Onion Edition -veitsien ja ty\u00f6kalujen teroittimella Mk.2\u2122, joka on suunniteltu sek\u00e4 ter\u00e4v\u00e4k\u00e4rkisille ett\u00e4 veitsien ker\u00e4ilij\u00f6ille.\",\"breadcrumb\":{\"@id\":\"https:\\\/\\\/aaknives.eu\\\/fi\\\/product\\\/ken-onion-edition-teroitin-mk-2\\\/#breadcrumb\"},\"inLanguage\":\"fi\",\"potentialAction\":[{\"@type\":\"ReadAction\",\"target\":[\"https:\\\/\\\/aaknives.eu\\\/fi\\\/product\\\/ken-onion-edition-teroitin-mk-2\\\/\"]}]},{\"@type\":\"ImageObject\",\"inLanguage\":\"fi\",\"@id\":\"https:\\\/\\\/aaknives.eu\\\/fi\\\/product\\\/ken-onion-edition-teroitin-mk-2\\\/#primaryimage\",\"url\":\"https:\\\/\\\/aaknives.eu\\\/wp-content\\\/uploads\\\/2026\\\/03\\\/aaknives-hand-forged-damascus-steel-blade-knife-handmade-custom-made-knife-handcrafted-knives-autinetools-northmen-1.jpg\",\"contentUrl\":\"https:\\\/\\\/aaknives.eu\\\/wp-content\\\/uploads\\\/2026\\\/03\\\/aaknives-hand-forged-damascus-steel-blade-knife-handmade-custom-made-knife-handcrafted-knives-autinetools-northmen-1.jpg\",\"width\":600,\"height\":599},{\"@type\":\"BreadcrumbList\",\"@id\":\"https:\\\/\\\/aaknives.eu\\\/fi\\\/product\\\/ken-onion-edition-teroitin-mk-2\\\/#breadcrumb\",\"itemListElement\":[{\"@type\":\"ListItem\",\"position\":1,\"name\":\"Home\",\"item\":\"https:\\\/\\\/aaknives.eu\\\/fi\\\/\"},{\"@type\":\"ListItem\",\"position\":2,\"name\":\"Kauppa\",\"item\":\"https:\\\/\\\/aaknives.eu\\\/kauppa\\\/\"},{\"@type\":\"ListItem\",\"position\":3,\"name\":\"Ken Onion Edition -teroitin mk.2\"}]},{\"@type\":\"WebSite\",\"@id\":\"https:\\\/\\\/aaknives.eu\\\/fi\\\/#website\",\"url\":\"https:\\\/\\\/aaknives.eu\\\/fi\\\/\",\"name\":\"AAKnives\",\"description\":\"Handmade knives\",\"publisher\":{\"@id\":\"https:\\\/\\\/aaknives.eu\\\/fi\\\/#organization\"},\"potentialAction\":[{\"@type\":\"SearchAction\",\"target\":{\"@type\":\"EntryPoint\",\"urlTemplate\":\"https:\\\/\\\/aaknives.eu\\\/fi\\\/?s={search_term_string}\"},\"query-input\":{\"@type\":\"PropertyValueSpecification\",\"valueRequired\":true,\"valueName\":\"search_term_string\"}}],\"inLanguage\":\"fi\"},{\"@type\":\"Organization\",\"@id\":\"https:\\\/\\\/aaknives.eu\\\/fi\\\/#organization\",\"name\":\"AAKnives\",\"url\":\"https:\\\/\\\/aaknives.eu\\\/fi\\\/\",\"logo\":{\"@type\":\"ImageObject\",\"inLanguage\":\"fi\",\"@id\":\"https:\\\/\\\/aaknives.eu\\\/fi\\\/#\\\/schema\\\/logo\\\/image\\\/\",\"url\":\"https:\\\/\\\/aaknives.eu\\\/wp-content\\\/uploads\\\/2021\\\/10\\\/AAknives_Logo_Green.png\",\"contentUrl\":\"https:\\\/\\\/aaknives.eu\\\/wp-content\\\/uploads\\\/2021\\\/10\\\/AAknives_Logo_Green.png\",\"width\":1768,\"height\":1768,\"caption\":\"AAKnives\"},\"image\":{\"@id\":\"https:\\\/\\\/aaknives.eu\\\/fi\\\/#\\\/schema\\\/logo\\\/image\\\/\"},\"sameAs\":[\"https:\\\/\\\/www.facebook.com\\\/aaknives.eu\\\/\",\"https:\\\/\\\/www.instagram.com\\\/aaknives\\\/\",\"https:\\\/\\\/www.pinterest.com\\\/aa_knives\\\/\",\"https:\\\/\\\/www.youtube.com\\\/channel\\\/UCHOQFjrOkgT6s4FIw9LDKyw\\\/featured\"]}]}<\/script>\n<!-- \/ Yoast SEO plugin. -->","yoast_head_json":{"title":"Ken Onion Edition -teroitin mk.2 - AAKnives","description":"Koe tarkkuus ja nopeus Ken Onion Edition -veitsien ja ty\u00f6kalujen teroittimella Mk.2\u2122, joka on suunniteltu sek\u00e4 ter\u00e4v\u00e4k\u00e4rkisille ett\u00e4 veitsien ker\u00e4ilij\u00f6ille.","robots":{"index":"index","follow":"follow","max-snippet":"max-snippet:-1","max-image-preview":"max-image-preview:large","max-video-preview":"max-video-preview:-1"},"canonical":"https:\/\/aaknives.eu\/fi\/product\/ken-onion-edition-teroitin-mk-2\/","og_locale":"fi_FI","og_type":"article","og_title":"Ken Onion Edition -teroitin mk.2 - AAKnives","og_description":"Koe tarkkuus ja nopeus Ken Onion Edition -veitsien ja ty\u00f6kalujen teroittimella Mk.2\u2122, joka on suunniteltu sek\u00e4 ter\u00e4v\u00e4k\u00e4rkisille ett\u00e4 veitsien ker\u00e4ilij\u00f6ille.","og_url":"https:\/\/aaknives.eu\/fi\/product\/ken-onion-edition-teroitin-mk-2\/","og_site_name":"AAKnives","article_publisher":"https:\/\/www.facebook.com\/aaknives.eu\/","article_modified_time":"2026-03-02T18:18:00+00:00","og_image":[{"width":600,"height":599,"url":"https:\/\/aaknives.eu\/wp-content\/uploads\/2026\/03\/aaknives-hand-forged-damascus-steel-blade-knife-handmade-custom-made-knife-handcrafted-knives-autinetools-northmen-1.jpg","type":"image\/jpeg"}],"twitter_card":"summary_large_image","twitter_misc":{"Arvioitu lukuaika":"1 minuutti"},"schema":{"@context":"https:\/\/schema.org","@graph":[{"@type":"WebPage","@id":"https:\/\/aaknives.eu\/fi\/product\/ken-onion-edition-teroitin-mk-2\/","url":"https:\/\/aaknives.eu\/fi\/product\/ken-onion-edition-teroitin-mk-2\/","name":"Ken Onion Edition -teroitin mk.2 - AAKnives","isPartOf":{"@id":"https:\/\/aaknives.eu\/fi\/#website"},"primaryImageOfPage":{"@id":"https:\/\/aaknives.eu\/fi\/product\/ken-onion-edition-teroitin-mk-2\/#primaryimage"},"image":{"@id":"https:\/\/aaknives.eu\/fi\/product\/ken-onion-edition-teroitin-mk-2\/#primaryimage"},"thumbnailUrl":"https:\/\/aaknives.eu\/wp-content\/uploads\/2026\/03\/aaknives-hand-forged-damascus-steel-blade-knife-handmade-custom-made-knife-handcrafted-knives-autinetools-northmen-1.jpg","datePublished":"2026-03-02T18:12:15+00:00","dateModified":"2026-03-02T18:18:00+00:00","description":"Koe tarkkuus ja nopeus Ken Onion Edition -veitsien ja ty\u00f6kalujen teroittimella Mk.2\u2122, joka on suunniteltu sek\u00e4 ter\u00e4v\u00e4k\u00e4rkisille ett\u00e4 veitsien ker\u00e4ilij\u00f6ille.","breadcrumb":{"@id":"https:\/\/aaknives.eu\/fi\/product\/ken-onion-edition-teroitin-mk-2\/#breadcrumb"},"inLanguage":"fi","potentialAction":[{"@type":"ReadAction","target":["https:\/\/aaknives.eu\/fi\/product\/ken-onion-edition-teroitin-mk-2\/"]}]},{"@type":"ImageObject","inLanguage":"fi","@id":"https:\/\/aaknives.eu\/fi\/product\/ken-onion-edition-teroitin-mk-2\/#primaryimage","url":"https:\/\/aaknives.eu\/wp-content\/uploads\/2026\/03\/aaknives-hand-forged-damascus-steel-blade-knife-handmade-custom-made-knife-handcrafted-knives-autinetools-northmen-1.jpg","contentUrl":"https:\/\/aaknives.eu\/wp-content\/uploads\/2026\/03\/aaknives-hand-forged-damascus-steel-blade-knife-handmade-custom-made-knife-handcrafted-knives-autinetools-northmen-1.jpg","width":600,"height":599},{"@type":"BreadcrumbList","@id":"https:\/\/aaknives.eu\/fi\/product\/ken-onion-edition-teroitin-mk-2\/#breadcrumb","itemListElement":[{"@type":"ListItem","position":1,"name":"Home","item":"https:\/\/aaknives.eu\/fi\/"},{"@type":"ListItem","position":2,"name":"Kauppa","item":"https:\/\/aaknives.eu\/kauppa\/"},{"@type":"ListItem","position":3,"name":"Ken Onion Edition -teroitin mk.2"}]},{"@type":"WebSite","@id":"https:\/\/aaknives.eu\/fi\/#website","url":"https:\/\/aaknives.eu\/fi\/","name":"AAKnives","description":"Handmade knives","publisher":{"@id":"https:\/\/aaknives.eu\/fi\/#organization"},"potentialAction":[{"@type":"SearchAction","target":{"@type":"EntryPoint","urlTemplate":"https:\/\/aaknives.eu\/fi\/?s={search_term_string}"},"query-input":{"@type":"PropertyValueSpecification","valueRequired":true,"valueName":"search_term_string"}}],"inLanguage":"fi"},{"@type":"Organization","@id":"https:\/\/aaknives.eu\/fi\/#organization","name":"AAKnives","url":"https:\/\/aaknives.eu\/fi\/","logo":{"@type":"ImageObject","inLanguage":"fi","@id":"https:\/\/aaknives.eu\/fi\/#\/schema\/logo\/image\/","url":"https:\/\/aaknives.eu\/wp-content\/uploads\/2021\/10\/AAknives_Logo_Green.png","contentUrl":"https:\/\/aaknives.eu\/wp-content\/uploads\/2021\/10\/AAknives_Logo_Green.png","width":1768,"height":1768,"caption":"AAKnives"},"image":{"@id":"https:\/\/aaknives.eu\/fi\/#\/schema\/logo\/image\/"},"sameAs":["https:\/\/www.facebook.com\/aaknives.eu\/","https:\/\/www.instagram.com\/aaknives\/","https:\/\/www.pinterest.com\/aa_knives\/","https:\/\/www.youtube.com\/channel\/UCHOQFjrOkgT6s4FIw9LDKyw\/featured"]}]}},"_links":{"self":[{"href":"https:\/\/aaknives.eu\/fi\/wp-json\/wp\/v2\/product\/108045","targetHints":{"allow":["GET"]}}],"collection":[{"href":"https:\/\/aaknives.eu\/fi\/wp-json\/wp\/v2\/product"}],"about":[{"href":"https:\/\/aaknives.eu\/fi\/wp-json\/wp\/v2\/types\/product"}],"wp:featuredmedia":[{"embeddable":true,"href":"https:\/\/aaknives.eu\/fi\/wp-json\/wp\/v2\/media\/108051"}],"wp:attachment":[{"href":"https:\/\/aaknives.eu\/fi\/wp-json\/wp\/v2\/media?parent=108045"}],"wp:term":[{"taxonomy":"product_brand","embeddable":true,"href":"https:\/\/aaknives.eu\/fi\/wp-json\/wp\/v2\/product_brand?post=108045"},{"taxonomy":"product_cat","embeddable":true,"href":"https:\/\/aaknives.eu\/fi\/wp-json\/wp\/v2\/product_cat?post=108045"},{"taxonomy":"product_tag","embeddable":true,"href":"https:\/\/aaknives.eu\/fi\/wp-json\/wp\/v2\/product_tag?post=108045"}],"curies":[{"name":"wp","href":"https:\/\/api.w.org\/{rel}","templated":true}]}}