{"id":108094,"date":"2026-03-02T18:23:37","date_gmt":"2026-03-02T18:23:37","guid":{"rendered":"https:\/\/aaknives.eu\/?post_type=product&#038;p=108094"},"modified":"2026-03-02T18:26:44","modified_gmt":"2026-03-02T18:26:44","slug":"lapiveitsen-teroitin","status":"publish","type":"product","link":"https:\/\/aaknives.eu\/fi\/product\/lapiveitsen-teroitin\/","title":{"rendered":"L\u00e4piveitsen teroitin"},"content":{"rendered":"<p>L\u00e4pivet\u00e4v\u00e4 keitti\u00f6n teroitin tarjoaa uskomattoman ter\u00e4v\u00e4t tulokset mihin tahansa keitti\u00f6veitsiin kahdessa helpossa vaiheessa. Niille, jotka haluavat nopean, helpon ja tehokkaan tavan teroittaa keitti\u00f6veitset, t\u00e4m\u00e4 on oikea valinta.<\/p>\n<p>Timanttipy\u00f6r\u00e4t teroittavat ter\u00e4n nopeasti ja hell\u00e4varaisesti 20\u00b0:een, kun taas keraamiset py\u00f6r\u00e4t teroittavat ter\u00e4n takaisin alkuper\u00e4iseen ter\u00e4vyyteen.<\/p>\n<p>Uudelleen teroitus on viel\u00e4 helpompaa, k\u00e4yt\u00e4 vain keraamista teroituster\u00e4\u00e4 ja palaa leikkuulaudalle.<\/p>\n<p>Lis\u00e4ksi timanttilevy palauttaa saksiesi ter\u00e4v\u00e4t reunat. Ergonominen kumikahva ja pohja tarjoavat turvallisen ja mukavan teroituskokemuksen. Vanhan suosikkiveitsen korjaamisesta p\u00e4ivitt\u00e4isen kokkiveitsesi ter\u00e4v\u00e4n ter\u00e4vyyden hiomiseen, t\u00e4m\u00e4 teroitin on valmis teht\u00e4v\u00e4\u00e4n. Kompakti muotoilu sopii helposti keitti\u00f6n laatikkoon tai grilliv\u00e4lineist\u00f6si kanssa, joten ei ole mit\u00e4\u00e4n syyt\u00e4 siet\u00e4\u00e4 tyls\u00e4\u00e4 veist\u00e4 en\u00e4\u00e4 koskaan.<\/p>\n<p>Teroi 320 karkeuden timanttiveitsell\u00e4, teroita keraamisella<br \/>\nKompakti, ergonominen muotoilu<br \/>\nSis\u00e4lt\u00e4\u00e4 saksien teroittimen<\/p>\n","protected":false},"excerpt":{"rendered":"<p>L\u00e4pivet\u00e4v\u00e4 keitti\u00f6n teroitin tarjoaa uskomattoman ter\u00e4v\u00e4t tulokset mihin tahansa keitti\u00f6veitsiin kahdessa helpossa vaiheessa. Niille, jotka haluavat nopean, helpon ja tehokkaan tavan teroittaa keitti\u00f6veitset, t\u00e4m\u00e4 on oikea valinta. Timanttipy\u00f6r\u00e4t teroittavat ter\u00e4n nopeasti ja hell\u00e4varaisesti 20\u00b0:een, kun taas keraamiset py\u00f6r\u00e4t teroittavat ter\u00e4n takaisin alkuper\u00e4iseen ter\u00e4vyyteen. Uudelleen teroitus on viel\u00e4 helpompaa, k\u00e4yt\u00e4 vain keraamista teroituster\u00e4\u00e4 ja palaa leikkuulaudalle. Lis\u00e4ksi timanttilevy palauttaa saksiesi ter\u00e4v\u00e4t reunat. Ergonominen kumikahva ja pohja tarjoavat turvallisen ja mukavan teroituskokemuksen. Vanhan suosikkiveitsen korjaamisesta p\u00e4ivitt\u00e4isen kokkiveitsesi ter\u00e4v\u00e4n ter\u00e4vyyden hiomiseen, t\u00e4m\u00e4 teroitin on valmis teht\u00e4v\u00e4\u00e4n. Kompakti muotoilu sopii helposti keitti\u00f6n laatikkoon tai grilliv\u00e4lineist\u00f6si kanssa, joten ei ole mit\u00e4\u00e4n syyt\u00e4 siet\u00e4\u00e4 tyls\u00e4\u00e4 veist\u00e4&hellip;<\/p>\n","protected":false},"featured_media":108101,"template":"","meta":{"_themeisle_gutenberg_block_has_review":false},"product_brand":[],"product_cat":[467],"product_tag":[],"class_list":{"0":"post-108094","1":"product","2":"type-product","3":"status-publish","4":"has-post-thumbnail","6":"product_cat-veitsen-teroitus-veitsen-teroittimet","8":"first","9":"instock","10":"shipping-taxable","11":"purchasable","12":"product-type-simple"},"yoast_head":"<!-- This site is optimized with the Yoast SEO plugin v27.3 - https:\/\/yoast.com\/product\/yoast-seo-wordpress\/ -->\n<title>L\u00e4piveitsen teroitin - AAKnives<\/title>\n<meta name=\"description\" content=\"L\u00e4pivet\u00e4v\u00e4 keitti\u00f6n teroitin tarjoaa uskomattoman ter\u00e4v\u00e4t tulokset mihin tahansa keitti\u00f6veitsiin kahdessa helpossa vaiheessa.\" \/>\n<meta name=\"robots\" content=\"index, follow, max-snippet:-1, max-image-preview:large, max-video-preview:-1\" \/>\n<link rel=\"canonical\" href=\"https:\/\/aaknives.eu\/fi\/product\/lapiveitsen-teroitin\/\" \/>\n<meta property=\"og:locale\" content=\"fi_FI\" \/>\n<meta property=\"og:type\" content=\"article\" \/>\n<meta property=\"og:title\" content=\"L\u00e4piveitsen teroitin - AAKnives\" \/>\n<meta property=\"og:description\" content=\"L\u00e4pivet\u00e4v\u00e4 keitti\u00f6n teroitin tarjoaa uskomattoman ter\u00e4v\u00e4t tulokset mihin tahansa keitti\u00f6veitsiin kahdessa helpossa vaiheessa.\" \/>\n<meta property=\"og:url\" content=\"https:\/\/aaknives.eu\/fi\/product\/lapiveitsen-teroitin\/\" \/>\n<meta property=\"og:site_name\" content=\"AAKnives\" \/>\n<meta property=\"article:publisher\" content=\"https:\/\/www.facebook.com\/aaknives.eu\/\" \/>\n<meta property=\"article:modified_time\" content=\"2026-03-02T18:26:44+00:00\" \/>\n<meta property=\"og:image\" content=\"https:\/\/aaknives.eu\/wp-content\/uploads\/2026\/03\/aaknives-hand-forged-damascus-steel-blade-knife-handmade-custom-made-knife-handcrafted-knives-autinetools-northmen-7.jpg\" \/>\n\t<meta property=\"og:image:width\" content=\"600\" \/>\n\t<meta property=\"og:image:height\" content=\"600\" \/>\n\t<meta property=\"og:image:type\" content=\"image\/jpeg\" \/>\n<meta name=\"twitter:card\" content=\"summary_large_image\" \/>\n<meta name=\"twitter:label1\" content=\"Arvioitu lukuaika\" \/>\n\t<meta name=\"twitter:data1\" content=\"1 minuutti\" \/>\n<script type=\"application\/ld+json\" class=\"yoast-schema-graph\">{\"@context\":\"https:\\\/\\\/schema.org\",\"@graph\":[{\"@type\":\"WebPage\",\"@id\":\"https:\\\/\\\/aaknives.eu\\\/fi\\\/product\\\/lapiveitsen-teroitin\\\/\",\"url\":\"https:\\\/\\\/aaknives.eu\\\/fi\\\/product\\\/lapiveitsen-teroitin\\\/\",\"name\":\"L\u00e4piveitsen teroitin - AAKnives\",\"isPartOf\":{\"@id\":\"https:\\\/\\\/aaknives.eu\\\/fi\\\/#website\"},\"primaryImageOfPage\":{\"@id\":\"https:\\\/\\\/aaknives.eu\\\/fi\\\/product\\\/lapiveitsen-teroitin\\\/#primaryimage\"},\"image\":{\"@id\":\"https:\\\/\\\/aaknives.eu\\\/fi\\\/product\\\/lapiveitsen-teroitin\\\/#primaryimage\"},\"thumbnailUrl\":\"https:\\\/\\\/aaknives.eu\\\/wp-content\\\/uploads\\\/2026\\\/03\\\/aaknives-hand-forged-damascus-steel-blade-knife-handmade-custom-made-knife-handcrafted-knives-autinetools-northmen-7.jpg\",\"datePublished\":\"2026-03-02T18:23:37+00:00\",\"dateModified\":\"2026-03-02T18:26:44+00:00\",\"description\":\"L\u00e4pivet\u00e4v\u00e4 keitti\u00f6n teroitin tarjoaa uskomattoman ter\u00e4v\u00e4t tulokset mihin tahansa keitti\u00f6veitsiin kahdessa helpossa vaiheessa.\",\"breadcrumb\":{\"@id\":\"https:\\\/\\\/aaknives.eu\\\/fi\\\/product\\\/lapiveitsen-teroitin\\\/#breadcrumb\"},\"inLanguage\":\"fi\",\"potentialAction\":[{\"@type\":\"ReadAction\",\"target\":[\"https:\\\/\\\/aaknives.eu\\\/fi\\\/product\\\/lapiveitsen-teroitin\\\/\"]}]},{\"@type\":\"ImageObject\",\"inLanguage\":\"fi\",\"@id\":\"https:\\\/\\\/aaknives.eu\\\/fi\\\/product\\\/lapiveitsen-teroitin\\\/#primaryimage\",\"url\":\"https:\\\/\\\/aaknives.eu\\\/wp-content\\\/uploads\\\/2026\\\/03\\\/aaknives-hand-forged-damascus-steel-blade-knife-handmade-custom-made-knife-handcrafted-knives-autinetools-northmen-7.jpg\",\"contentUrl\":\"https:\\\/\\\/aaknives.eu\\\/wp-content\\\/uploads\\\/2026\\\/03\\\/aaknives-hand-forged-damascus-steel-blade-knife-handmade-custom-made-knife-handcrafted-knives-autinetools-northmen-7.jpg\",\"width\":600,\"height\":600},{\"@type\":\"BreadcrumbList\",\"@id\":\"https:\\\/\\\/aaknives.eu\\\/fi\\\/product\\\/lapiveitsen-teroitin\\\/#breadcrumb\",\"itemListElement\":[{\"@type\":\"ListItem\",\"position\":1,\"name\":\"Home\",\"item\":\"https:\\\/\\\/aaknives.eu\\\/fi\\\/\"},{\"@type\":\"ListItem\",\"position\":2,\"name\":\"Kauppa\",\"item\":\"https:\\\/\\\/aaknives.eu\\\/kauppa\\\/\"},{\"@type\":\"ListItem\",\"position\":3,\"name\":\"L\u00e4piveitsen teroitin\"}]},{\"@type\":\"WebSite\",\"@id\":\"https:\\\/\\\/aaknives.eu\\\/fi\\\/#website\",\"url\":\"https:\\\/\\\/aaknives.eu\\\/fi\\\/\",\"name\":\"AAKnives\",\"description\":\"Handmade knives\",\"publisher\":{\"@id\":\"https:\\\/\\\/aaknives.eu\\\/fi\\\/#organization\"},\"potentialAction\":[{\"@type\":\"SearchAction\",\"target\":{\"@type\":\"EntryPoint\",\"urlTemplate\":\"https:\\\/\\\/aaknives.eu\\\/fi\\\/?s={search_term_string}\"},\"query-input\":{\"@type\":\"PropertyValueSpecification\",\"valueRequired\":true,\"valueName\":\"search_term_string\"}}],\"inLanguage\":\"fi\"},{\"@type\":\"Organization\",\"@id\":\"https:\\\/\\\/aaknives.eu\\\/fi\\\/#organization\",\"name\":\"AAKnives\",\"url\":\"https:\\\/\\\/aaknives.eu\\\/fi\\\/\",\"logo\":{\"@type\":\"ImageObject\",\"inLanguage\":\"fi\",\"@id\":\"https:\\\/\\\/aaknives.eu\\\/fi\\\/#\\\/schema\\\/logo\\\/image\\\/\",\"url\":\"https:\\\/\\\/aaknives.eu\\\/wp-content\\\/uploads\\\/2021\\\/10\\\/AAknives_Logo_Green.png\",\"contentUrl\":\"https:\\\/\\\/aaknives.eu\\\/wp-content\\\/uploads\\\/2021\\\/10\\\/AAknives_Logo_Green.png\",\"width\":1768,\"height\":1768,\"caption\":\"AAKnives\"},\"image\":{\"@id\":\"https:\\\/\\\/aaknives.eu\\\/fi\\\/#\\\/schema\\\/logo\\\/image\\\/\"},\"sameAs\":[\"https:\\\/\\\/www.facebook.com\\\/aaknives.eu\\\/\",\"https:\\\/\\\/www.instagram.com\\\/aaknives\\\/\",\"https:\\\/\\\/www.pinterest.com\\\/aa_knives\\\/\",\"https:\\\/\\\/www.youtube.com\\\/channel\\\/UCHOQFjrOkgT6s4FIw9LDKyw\\\/featured\"]}]}<\/script>\n<!-- \/ Yoast SEO plugin. -->","yoast_head_json":{"title":"L\u00e4piveitsen teroitin - AAKnives","description":"L\u00e4pivet\u00e4v\u00e4 keitti\u00f6n teroitin tarjoaa uskomattoman ter\u00e4v\u00e4t tulokset mihin tahansa keitti\u00f6veitsiin kahdessa helpossa vaiheessa.","robots":{"index":"index","follow":"follow","max-snippet":"max-snippet:-1","max-image-preview":"max-image-preview:large","max-video-preview":"max-video-preview:-1"},"canonical":"https:\/\/aaknives.eu\/fi\/product\/lapiveitsen-teroitin\/","og_locale":"fi_FI","og_type":"article","og_title":"L\u00e4piveitsen teroitin - AAKnives","og_description":"L\u00e4pivet\u00e4v\u00e4 keitti\u00f6n teroitin tarjoaa uskomattoman ter\u00e4v\u00e4t tulokset mihin tahansa keitti\u00f6veitsiin kahdessa helpossa vaiheessa.","og_url":"https:\/\/aaknives.eu\/fi\/product\/lapiveitsen-teroitin\/","og_site_name":"AAKnives","article_publisher":"https:\/\/www.facebook.com\/aaknives.eu\/","article_modified_time":"2026-03-02T18:26:44+00:00","og_image":[{"width":600,"height":600,"url":"https:\/\/aaknives.eu\/wp-content\/uploads\/2026\/03\/aaknives-hand-forged-damascus-steel-blade-knife-handmade-custom-made-knife-handcrafted-knives-autinetools-northmen-7.jpg","type":"image\/jpeg"}],"twitter_card":"summary_large_image","twitter_misc":{"Arvioitu lukuaika":"1 minuutti"},"schema":{"@context":"https:\/\/schema.org","@graph":[{"@type":"WebPage","@id":"https:\/\/aaknives.eu\/fi\/product\/lapiveitsen-teroitin\/","url":"https:\/\/aaknives.eu\/fi\/product\/lapiveitsen-teroitin\/","name":"L\u00e4piveitsen teroitin - AAKnives","isPartOf":{"@id":"https:\/\/aaknives.eu\/fi\/#website"},"primaryImageOfPage":{"@id":"https:\/\/aaknives.eu\/fi\/product\/lapiveitsen-teroitin\/#primaryimage"},"image":{"@id":"https:\/\/aaknives.eu\/fi\/product\/lapiveitsen-teroitin\/#primaryimage"},"thumbnailUrl":"https:\/\/aaknives.eu\/wp-content\/uploads\/2026\/03\/aaknives-hand-forged-damascus-steel-blade-knife-handmade-custom-made-knife-handcrafted-knives-autinetools-northmen-7.jpg","datePublished":"2026-03-02T18:23:37+00:00","dateModified":"2026-03-02T18:26:44+00:00","description":"L\u00e4pivet\u00e4v\u00e4 keitti\u00f6n teroitin tarjoaa uskomattoman ter\u00e4v\u00e4t tulokset mihin tahansa keitti\u00f6veitsiin kahdessa helpossa vaiheessa.","breadcrumb":{"@id":"https:\/\/aaknives.eu\/fi\/product\/lapiveitsen-teroitin\/#breadcrumb"},"inLanguage":"fi","potentialAction":[{"@type":"ReadAction","target":["https:\/\/aaknives.eu\/fi\/product\/lapiveitsen-teroitin\/"]}]},{"@type":"ImageObject","inLanguage":"fi","@id":"https:\/\/aaknives.eu\/fi\/product\/lapiveitsen-teroitin\/#primaryimage","url":"https:\/\/aaknives.eu\/wp-content\/uploads\/2026\/03\/aaknives-hand-forged-damascus-steel-blade-knife-handmade-custom-made-knife-handcrafted-knives-autinetools-northmen-7.jpg","contentUrl":"https:\/\/aaknives.eu\/wp-content\/uploads\/2026\/03\/aaknives-hand-forged-damascus-steel-blade-knife-handmade-custom-made-knife-handcrafted-knives-autinetools-northmen-7.jpg","width":600,"height":600},{"@type":"BreadcrumbList","@id":"https:\/\/aaknives.eu\/fi\/product\/lapiveitsen-teroitin\/#breadcrumb","itemListElement":[{"@type":"ListItem","position":1,"name":"Home","item":"https:\/\/aaknives.eu\/fi\/"},{"@type":"ListItem","position":2,"name":"Kauppa","item":"https:\/\/aaknives.eu\/kauppa\/"},{"@type":"ListItem","position":3,"name":"L\u00e4piveitsen teroitin"}]},{"@type":"WebSite","@id":"https:\/\/aaknives.eu\/fi\/#website","url":"https:\/\/aaknives.eu\/fi\/","name":"AAKnives","description":"Handmade knives","publisher":{"@id":"https:\/\/aaknives.eu\/fi\/#organization"},"potentialAction":[{"@type":"SearchAction","target":{"@type":"EntryPoint","urlTemplate":"https:\/\/aaknives.eu\/fi\/?s={search_term_string}"},"query-input":{"@type":"PropertyValueSpecification","valueRequired":true,"valueName":"search_term_string"}}],"inLanguage":"fi"},{"@type":"Organization","@id":"https:\/\/aaknives.eu\/fi\/#organization","name":"AAKnives","url":"https:\/\/aaknives.eu\/fi\/","logo":{"@type":"ImageObject","inLanguage":"fi","@id":"https:\/\/aaknives.eu\/fi\/#\/schema\/logo\/image\/","url":"https:\/\/aaknives.eu\/wp-content\/uploads\/2021\/10\/AAknives_Logo_Green.png","contentUrl":"https:\/\/aaknives.eu\/wp-content\/uploads\/2021\/10\/AAknives_Logo_Green.png","width":1768,"height":1768,"caption":"AAKnives"},"image":{"@id":"https:\/\/aaknives.eu\/fi\/#\/schema\/logo\/image\/"},"sameAs":["https:\/\/www.facebook.com\/aaknives.eu\/","https:\/\/www.instagram.com\/aaknives\/","https:\/\/www.pinterest.com\/aa_knives\/","https:\/\/www.youtube.com\/channel\/UCHOQFjrOkgT6s4FIw9LDKyw\/featured"]}]}},"_links":{"self":[{"href":"https:\/\/aaknives.eu\/fi\/wp-json\/wp\/v2\/product\/108094","targetHints":{"allow":["GET"]}}],"collection":[{"href":"https:\/\/aaknives.eu\/fi\/wp-json\/wp\/v2\/product"}],"about":[{"href":"https:\/\/aaknives.eu\/fi\/wp-json\/wp\/v2\/types\/product"}],"wp:featuredmedia":[{"embeddable":true,"href":"https:\/\/aaknives.eu\/fi\/wp-json\/wp\/v2\/media\/108101"}],"wp:attachment":[{"href":"https:\/\/aaknives.eu\/fi\/wp-json\/wp\/v2\/media?parent=108094"}],"wp:term":[{"taxonomy":"product_brand","embeddable":true,"href":"https:\/\/aaknives.eu\/fi\/wp-json\/wp\/v2\/product_brand?post=108094"},{"taxonomy":"product_cat","embeddable":true,"href":"https:\/\/aaknives.eu\/fi\/wp-json\/wp\/v2\/product_cat?post=108094"},{"taxonomy":"product_tag","embeddable":true,"href":"https:\/\/aaknives.eu\/fi\/wp-json\/wp\/v2\/product_tag?post=108094"}],"curies":[{"name":"wp","href":"https:\/\/api.w.org\/{rel}","templated":true}]}}