{"id":108122,"date":"2026-03-02T18:31:49","date_gmt":"2026-03-02T18:31:49","guid":{"rendered":"https:\/\/aaknives.eu\/?post_type=product&#038;p=108122"},"modified":"2026-03-02T18:36:41","modified_gmt":"2026-03-02T18:36:41","slug":"keittioveitsen-teroitin","status":"publish","type":"product","link":"https:\/\/aaknives.eu\/fi\/product\/keittioveitsen-teroitin\/","title":{"rendered":"Keitti\u00f6veitsen teroitin"},"content":{"rendered":"<p>Keitti\u00f6veitsiesi kumppani mukavaan ja turvalliseen teroitukseen. Kompaktin kokonsa ansiosta se on helppo s\u00e4ilytt\u00e4\u00e4 tai pakata, joten se on aina k\u00e4den ulottuvilla. \u00c4l\u00e4 tyydy tylsiin teriin aterioita valmistaessasi. T\u00e4m\u00e4 k\u00e4tev\u00e4 ja helppok\u00e4ytt\u00f6inen huoltoty\u00f6kalu varmistaa ter\u00e4vyyden kaikilla budjeteilla ja teroittaa keitti\u00f6veitset vaivattomasti vain kahdella helpolla vaiheella. Teroittaa kaikenlaisia \u200b\u200bkeitti\u00f6veitsi\u00e4, mukaan lukien kokkiveitset, viipalointiveitset, kuorimaveitset ja jopa sahalaitaiset leip\u00e4veitset. Olipa teroitus keitti\u00f6n laatikossa, retkeilyvarusteissa tai grilliv\u00e4lineiss\u00e4, se on valmiina aina tarvittaessa ja varmistaa, ett\u00e4 kulinaariset luomuksesi loistavat.<\/p>\n","protected":false},"excerpt":{"rendered":"<p>Keitti\u00f6veitsiesi kumppani mukavaan ja turvalliseen teroitukseen. Kompaktin kokonsa ansiosta se on helppo s\u00e4ilytt\u00e4\u00e4 tai pakata, joten se on aina k\u00e4den ulottuvilla. \u00c4l\u00e4 tyydy tylsiin teriin aterioita valmistaessasi. T\u00e4m\u00e4 k\u00e4tev\u00e4 ja helppok\u00e4ytt\u00f6inen huoltoty\u00f6kalu varmistaa ter\u00e4vyyden kaikilla budjeteilla ja teroittaa keitti\u00f6veitset vaivattomasti vain kahdella helpolla vaiheella. Teroittaa kaikenlaisia \u200b\u200bkeitti\u00f6veitsi\u00e4, mukaan lukien kokkiveitset, viipalointiveitset, kuorimaveitset ja jopa sahalaitaiset leip\u00e4veitset. Olipa teroitus keitti\u00f6n laatikossa, retkeilyvarusteissa tai grilliv\u00e4lineiss\u00e4, se on valmiina aina tarvittaessa ja varmistaa, ett\u00e4 kulinaariset luomuksesi loistavat.<\/p>\n","protected":false},"featured_media":108129,"template":"","meta":{"_themeisle_gutenberg_block_has_review":false},"product_brand":[],"product_cat":[467],"product_tag":[],"class_list":{"0":"post-108122","1":"product","2":"type-product","3":"status-publish","4":"has-post-thumbnail","6":"product_cat-veitsen-teroitus-veitsen-teroittimet","8":"first","9":"instock","10":"shipping-taxable","11":"purchasable","12":"product-type-simple"},"yoast_head":"<!-- This site is optimized with the Yoast SEO plugin v27.3 - https:\/\/yoast.com\/product\/yoast-seo-wordpress\/ -->\n<title>Keitti\u00f6veitsen teroitin - AAKnives<\/title>\n<meta name=\"description\" content=\"Keitti\u00f6veitsiesi kumppani mukavaan ja turvalliseen teroitukseen. Kompaktin kokonsa ansiosta se on helppo s\u00e4ilytt\u00e4\u00e4 tai pakata, joten se on aina k\u00e4den ulottuvilla.\" \/>\n<meta name=\"robots\" content=\"index, follow, max-snippet:-1, max-image-preview:large, max-video-preview:-1\" \/>\n<link rel=\"canonical\" href=\"https:\/\/aaknives.eu\/fi\/product\/keittioveitsen-teroitin\/\" \/>\n<meta property=\"og:locale\" content=\"fi_FI\" \/>\n<meta property=\"og:type\" content=\"article\" \/>\n<meta property=\"og:title\" content=\"Keitti\u00f6veitsen teroitin - AAKnives\" \/>\n<meta property=\"og:description\" content=\"Keitti\u00f6veitsiesi kumppani mukavaan ja turvalliseen teroitukseen. Kompaktin kokonsa ansiosta se on helppo s\u00e4ilytt\u00e4\u00e4 tai pakata, joten se on aina k\u00e4den ulottuvilla.\" \/>\n<meta property=\"og:url\" content=\"https:\/\/aaknives.eu\/fi\/product\/keittioveitsen-teroitin\/\" \/>\n<meta property=\"og:site_name\" content=\"AAKnives\" \/>\n<meta property=\"article:publisher\" content=\"https:\/\/www.facebook.com\/aaknives.eu\/\" \/>\n<meta property=\"article:modified_time\" content=\"2026-03-02T18:36:41+00:00\" \/>\n<meta property=\"og:image\" content=\"https:\/\/aaknives.eu\/wp-content\/uploads\/2026\/03\/aaknives-hand-forged-damascus-steel-blade-knife-handmade-custom-made-knife-handcrafted-knives-autinetools-northmen-10.jpg\" \/>\n\t<meta property=\"og:image:width\" content=\"600\" \/>\n\t<meta property=\"og:image:height\" content=\"599\" \/>\n\t<meta property=\"og:image:type\" content=\"image\/jpeg\" \/>\n<meta name=\"twitter:card\" content=\"summary_large_image\" \/>\n<script type=\"application\/ld+json\" class=\"yoast-schema-graph\">{\"@context\":\"https:\\\/\\\/schema.org\",\"@graph\":[{\"@type\":\"WebPage\",\"@id\":\"https:\\\/\\\/aaknives.eu\\\/fi\\\/product\\\/keittioveitsen-teroitin\\\/\",\"url\":\"https:\\\/\\\/aaknives.eu\\\/fi\\\/product\\\/keittioveitsen-teroitin\\\/\",\"name\":\"Keitti\u00f6veitsen teroitin - AAKnives\",\"isPartOf\":{\"@id\":\"https:\\\/\\\/aaknives.eu\\\/fi\\\/#website\"},\"primaryImageOfPage\":{\"@id\":\"https:\\\/\\\/aaknives.eu\\\/fi\\\/product\\\/keittioveitsen-teroitin\\\/#primaryimage\"},\"image\":{\"@id\":\"https:\\\/\\\/aaknives.eu\\\/fi\\\/product\\\/keittioveitsen-teroitin\\\/#primaryimage\"},\"thumbnailUrl\":\"https:\\\/\\\/aaknives.eu\\\/wp-content\\\/uploads\\\/2026\\\/03\\\/aaknives-hand-forged-damascus-steel-blade-knife-handmade-custom-made-knife-handcrafted-knives-autinetools-northmen-10.jpg\",\"datePublished\":\"2026-03-02T18:31:49+00:00\",\"dateModified\":\"2026-03-02T18:36:41+00:00\",\"description\":\"Keitti\u00f6veitsiesi kumppani mukavaan ja turvalliseen teroitukseen. Kompaktin kokonsa ansiosta se on helppo s\u00e4ilytt\u00e4\u00e4 tai pakata, joten se on aina k\u00e4den ulottuvilla.\",\"breadcrumb\":{\"@id\":\"https:\\\/\\\/aaknives.eu\\\/fi\\\/product\\\/keittioveitsen-teroitin\\\/#breadcrumb\"},\"inLanguage\":\"fi\",\"potentialAction\":[{\"@type\":\"ReadAction\",\"target\":[\"https:\\\/\\\/aaknives.eu\\\/fi\\\/product\\\/keittioveitsen-teroitin\\\/\"]}]},{\"@type\":\"ImageObject\",\"inLanguage\":\"fi\",\"@id\":\"https:\\\/\\\/aaknives.eu\\\/fi\\\/product\\\/keittioveitsen-teroitin\\\/#primaryimage\",\"url\":\"https:\\\/\\\/aaknives.eu\\\/wp-content\\\/uploads\\\/2026\\\/03\\\/aaknives-hand-forged-damascus-steel-blade-knife-handmade-custom-made-knife-handcrafted-knives-autinetools-northmen-10.jpg\",\"contentUrl\":\"https:\\\/\\\/aaknives.eu\\\/wp-content\\\/uploads\\\/2026\\\/03\\\/aaknives-hand-forged-damascus-steel-blade-knife-handmade-custom-made-knife-handcrafted-knives-autinetools-northmen-10.jpg\",\"width\":600,\"height\":599},{\"@type\":\"BreadcrumbList\",\"@id\":\"https:\\\/\\\/aaknives.eu\\\/fi\\\/product\\\/keittioveitsen-teroitin\\\/#breadcrumb\",\"itemListElement\":[{\"@type\":\"ListItem\",\"position\":1,\"name\":\"Home\",\"item\":\"https:\\\/\\\/aaknives.eu\\\/fi\\\/\"},{\"@type\":\"ListItem\",\"position\":2,\"name\":\"Kauppa\",\"item\":\"https:\\\/\\\/aaknives.eu\\\/kauppa\\\/\"},{\"@type\":\"ListItem\",\"position\":3,\"name\":\"Keitti\u00f6veitsen teroitin\"}]},{\"@type\":\"WebSite\",\"@id\":\"https:\\\/\\\/aaknives.eu\\\/fi\\\/#website\",\"url\":\"https:\\\/\\\/aaknives.eu\\\/fi\\\/\",\"name\":\"AAKnives\",\"description\":\"Handmade knives\",\"publisher\":{\"@id\":\"https:\\\/\\\/aaknives.eu\\\/fi\\\/#organization\"},\"potentialAction\":[{\"@type\":\"SearchAction\",\"target\":{\"@type\":\"EntryPoint\",\"urlTemplate\":\"https:\\\/\\\/aaknives.eu\\\/fi\\\/?s={search_term_string}\"},\"query-input\":{\"@type\":\"PropertyValueSpecification\",\"valueRequired\":true,\"valueName\":\"search_term_string\"}}],\"inLanguage\":\"fi\"},{\"@type\":\"Organization\",\"@id\":\"https:\\\/\\\/aaknives.eu\\\/fi\\\/#organization\",\"name\":\"AAKnives\",\"url\":\"https:\\\/\\\/aaknives.eu\\\/fi\\\/\",\"logo\":{\"@type\":\"ImageObject\",\"inLanguage\":\"fi\",\"@id\":\"https:\\\/\\\/aaknives.eu\\\/fi\\\/#\\\/schema\\\/logo\\\/image\\\/\",\"url\":\"https:\\\/\\\/aaknives.eu\\\/wp-content\\\/uploads\\\/2021\\\/10\\\/AAknives_Logo_Green.png\",\"contentUrl\":\"https:\\\/\\\/aaknives.eu\\\/wp-content\\\/uploads\\\/2021\\\/10\\\/AAknives_Logo_Green.png\",\"width\":1768,\"height\":1768,\"caption\":\"AAKnives\"},\"image\":{\"@id\":\"https:\\\/\\\/aaknives.eu\\\/fi\\\/#\\\/schema\\\/logo\\\/image\\\/\"},\"sameAs\":[\"https:\\\/\\\/www.facebook.com\\\/aaknives.eu\\\/\",\"https:\\\/\\\/www.instagram.com\\\/aaknives\\\/\",\"https:\\\/\\\/www.pinterest.com\\\/aa_knives\\\/\",\"https:\\\/\\\/www.youtube.com\\\/channel\\\/UCHOQFjrOkgT6s4FIw9LDKyw\\\/featured\"]}]}<\/script>\n<!-- \/ Yoast SEO plugin. -->","yoast_head_json":{"title":"Keitti\u00f6veitsen teroitin - AAKnives","description":"Keitti\u00f6veitsiesi kumppani mukavaan ja turvalliseen teroitukseen. Kompaktin kokonsa ansiosta se on helppo s\u00e4ilytt\u00e4\u00e4 tai pakata, joten se on aina k\u00e4den ulottuvilla.","robots":{"index":"index","follow":"follow","max-snippet":"max-snippet:-1","max-image-preview":"max-image-preview:large","max-video-preview":"max-video-preview:-1"},"canonical":"https:\/\/aaknives.eu\/fi\/product\/keittioveitsen-teroitin\/","og_locale":"fi_FI","og_type":"article","og_title":"Keitti\u00f6veitsen teroitin - AAKnives","og_description":"Keitti\u00f6veitsiesi kumppani mukavaan ja turvalliseen teroitukseen. Kompaktin kokonsa ansiosta se on helppo s\u00e4ilytt\u00e4\u00e4 tai pakata, joten se on aina k\u00e4den ulottuvilla.","og_url":"https:\/\/aaknives.eu\/fi\/product\/keittioveitsen-teroitin\/","og_site_name":"AAKnives","article_publisher":"https:\/\/www.facebook.com\/aaknives.eu\/","article_modified_time":"2026-03-02T18:36:41+00:00","og_image":[{"width":600,"height":599,"url":"https:\/\/aaknives.eu\/wp-content\/uploads\/2026\/03\/aaknives-hand-forged-damascus-steel-blade-knife-handmade-custom-made-knife-handcrafted-knives-autinetools-northmen-10.jpg","type":"image\/jpeg"}],"twitter_card":"summary_large_image","schema":{"@context":"https:\/\/schema.org","@graph":[{"@type":"WebPage","@id":"https:\/\/aaknives.eu\/fi\/product\/keittioveitsen-teroitin\/","url":"https:\/\/aaknives.eu\/fi\/product\/keittioveitsen-teroitin\/","name":"Keitti\u00f6veitsen teroitin - AAKnives","isPartOf":{"@id":"https:\/\/aaknives.eu\/fi\/#website"},"primaryImageOfPage":{"@id":"https:\/\/aaknives.eu\/fi\/product\/keittioveitsen-teroitin\/#primaryimage"},"image":{"@id":"https:\/\/aaknives.eu\/fi\/product\/keittioveitsen-teroitin\/#primaryimage"},"thumbnailUrl":"https:\/\/aaknives.eu\/wp-content\/uploads\/2026\/03\/aaknives-hand-forged-damascus-steel-blade-knife-handmade-custom-made-knife-handcrafted-knives-autinetools-northmen-10.jpg","datePublished":"2026-03-02T18:31:49+00:00","dateModified":"2026-03-02T18:36:41+00:00","description":"Keitti\u00f6veitsiesi kumppani mukavaan ja turvalliseen teroitukseen. Kompaktin kokonsa ansiosta se on helppo s\u00e4ilytt\u00e4\u00e4 tai pakata, joten se on aina k\u00e4den ulottuvilla.","breadcrumb":{"@id":"https:\/\/aaknives.eu\/fi\/product\/keittioveitsen-teroitin\/#breadcrumb"},"inLanguage":"fi","potentialAction":[{"@type":"ReadAction","target":["https:\/\/aaknives.eu\/fi\/product\/keittioveitsen-teroitin\/"]}]},{"@type":"ImageObject","inLanguage":"fi","@id":"https:\/\/aaknives.eu\/fi\/product\/keittioveitsen-teroitin\/#primaryimage","url":"https:\/\/aaknives.eu\/wp-content\/uploads\/2026\/03\/aaknives-hand-forged-damascus-steel-blade-knife-handmade-custom-made-knife-handcrafted-knives-autinetools-northmen-10.jpg","contentUrl":"https:\/\/aaknives.eu\/wp-content\/uploads\/2026\/03\/aaknives-hand-forged-damascus-steel-blade-knife-handmade-custom-made-knife-handcrafted-knives-autinetools-northmen-10.jpg","width":600,"height":599},{"@type":"BreadcrumbList","@id":"https:\/\/aaknives.eu\/fi\/product\/keittioveitsen-teroitin\/#breadcrumb","itemListElement":[{"@type":"ListItem","position":1,"name":"Home","item":"https:\/\/aaknives.eu\/fi\/"},{"@type":"ListItem","position":2,"name":"Kauppa","item":"https:\/\/aaknives.eu\/kauppa\/"},{"@type":"ListItem","position":3,"name":"Keitti\u00f6veitsen teroitin"}]},{"@type":"WebSite","@id":"https:\/\/aaknives.eu\/fi\/#website","url":"https:\/\/aaknives.eu\/fi\/","name":"AAKnives","description":"Handmade knives","publisher":{"@id":"https:\/\/aaknives.eu\/fi\/#organization"},"potentialAction":[{"@type":"SearchAction","target":{"@type":"EntryPoint","urlTemplate":"https:\/\/aaknives.eu\/fi\/?s={search_term_string}"},"query-input":{"@type":"PropertyValueSpecification","valueRequired":true,"valueName":"search_term_string"}}],"inLanguage":"fi"},{"@type":"Organization","@id":"https:\/\/aaknives.eu\/fi\/#organization","name":"AAKnives","url":"https:\/\/aaknives.eu\/fi\/","logo":{"@type":"ImageObject","inLanguage":"fi","@id":"https:\/\/aaknives.eu\/fi\/#\/schema\/logo\/image\/","url":"https:\/\/aaknives.eu\/wp-content\/uploads\/2021\/10\/AAknives_Logo_Green.png","contentUrl":"https:\/\/aaknives.eu\/wp-content\/uploads\/2021\/10\/AAknives_Logo_Green.png","width":1768,"height":1768,"caption":"AAKnives"},"image":{"@id":"https:\/\/aaknives.eu\/fi\/#\/schema\/logo\/image\/"},"sameAs":["https:\/\/www.facebook.com\/aaknives.eu\/","https:\/\/www.instagram.com\/aaknives\/","https:\/\/www.pinterest.com\/aa_knives\/","https:\/\/www.youtube.com\/channel\/UCHOQFjrOkgT6s4FIw9LDKyw\/featured"]}]}},"_links":{"self":[{"href":"https:\/\/aaknives.eu\/fi\/wp-json\/wp\/v2\/product\/108122","targetHints":{"allow":["GET"]}}],"collection":[{"href":"https:\/\/aaknives.eu\/fi\/wp-json\/wp\/v2\/product"}],"about":[{"href":"https:\/\/aaknives.eu\/fi\/wp-json\/wp\/v2\/types\/product"}],"wp:featuredmedia":[{"embeddable":true,"href":"https:\/\/aaknives.eu\/fi\/wp-json\/wp\/v2\/media\/108129"}],"wp:attachment":[{"href":"https:\/\/aaknives.eu\/fi\/wp-json\/wp\/v2\/media?parent=108122"}],"wp:term":[{"taxonomy":"product_brand","embeddable":true,"href":"https:\/\/aaknives.eu\/fi\/wp-json\/wp\/v2\/product_brand?post=108122"},{"taxonomy":"product_cat","embeddable":true,"href":"https:\/\/aaknives.eu\/fi\/wp-json\/wp\/v2\/product_cat?post=108122"},{"taxonomy":"product_tag","embeddable":true,"href":"https:\/\/aaknives.eu\/fi\/wp-json\/wp\/v2\/product_tag?post=108122"}],"curies":[{"name":"wp","href":"https:\/\/api.w.org\/{rel}","templated":true}]}}